{"id":1729,"date":"2024-06-28T17:07:41","date_gmt":"2024-06-28T09:07:41","guid":{"rendered":"http:\/\/qingdaohf.com\/?post_type=product&#038;p=1729"},"modified":"2025-11-13T09:03:14","modified_gmt":"2025-11-13T01:03:14","slug":"turnbuckle-form-aligner","status":"publish","type":"product","link":"https:\/\/qingdaohf.com\/sv\/produkt\/formriktare-for-vantskruv\/","title":{"rendered":"Justerbart betongformst\u00f6d Vridbock Formriktare"},"content":{"rendered":"<h3>Introduktion till Turnbuckle Form Aligner<\/h3>\n<p>Turnbuckle Form Aligner \u00e4r ett viktigt verktyg i byggbranschen, utformat f\u00f6r att s\u00e4kerst\u00e4lla exakt uppriktning av betongformar. Denna produkt finns i tv\u00e5 huvudvarianter: Platt platta och b\u00f6jd platta. Varje variant tj\u00e4nar specifika syften och tillgodoser olika byggbehov. Att f\u00f6rst\u00e5 de vanligaste storlekarna och anv\u00e4ndningsomr\u00e5dena f\u00f6r Turnbuckle Form Aligner \u00e4r avg\u00f6rande f\u00f6r att optimera dess anv\u00e4ndning i betongprojekt.<\/p>\n<div class=\"ast-oembed-container\" style=\"height: 100%;\"><iframe title=\"Formriktare f\u00f6r betongskruvbockar\" width=\"500\" height=\"281\" src=\"https:\/\/www.youtube.com\/embed\/1guP_DQRF1o?feature=oembed\" frameborder=\"0\" allow=\"accelerometer; autoplay; clipboard-write; encrypted-media; gyroscope; picture-in-picture; web-share\" referrerpolicy=\"strict-origin-when-cross-origin\" allowfullscreen><\/iframe><\/div>\n<h3>Vanliga storlekar p\u00e5 vantskruv Form Aligner<\/h3>\n<p>Turnbuckle Form Aligners finns i en rad olika storlekar f\u00f6r att tillgodose olika formkrav.<\/p>\n<p>Den <strong>Platt platta<\/strong> variant finns vanligtvis i l\u00e4ngder fr\u00e5n 24 tum till 72 tum, vilket ger flexibilitet f\u00f6r olika projektskalor.<\/p>\n<p><img decoding=\"async\" class=\"alignnone size-full wp-image-5675\" src=\"http:\/\/qingdaohf.com\/wp-content\/uploads\/2023\/01\/turnbuckle-form-aligner-1.webp\" alt=\"Platt Platt vantskruv\" width=\"345\" height=\"62\" srcset=\"https:\/\/qingdaohf.com\/wp-content\/uploads\/2023\/01\/turnbuckle-form-aligner-1.webp 345w, https:\/\/qingdaohf.com\/wp-content\/uploads\/2023\/01\/turnbuckle-form-aligner-1-300x54.webp 300w\" sizes=\"(max-width: 345px) 100vw, 345px\" \/><\/p>\n<p>Den <strong>B\u00f6jd platta<\/strong> variant, som \u00e4r utformad f\u00f6r mer komplexa uppriktningar, finns ocks\u00e5 i liknande storlekar men inkluderar vinklar och kurvor f\u00f6r att passa specifika arkitektoniska utformningar. Dessa variationer s\u00e4kerst\u00e4ller att byggproffs kan hitta r\u00e4tt uppriktare f\u00f6r sina specifika behov, vilket f\u00f6rb\u00e4ttrar effektiviteten och precisionen i deras arbete.<\/p>\n<p><img decoding=\"async\" class=\"alignnone size-full wp-image-5676\" src=\"http:\/\/qingdaohf.com\/wp-content\/uploads\/2023\/01\/turnbuckle-form-aligner-2.webp\" alt=\"Vridbock med b\u00f6jd platta\" width=\"347\" height=\"51\" srcset=\"https:\/\/qingdaohf.com\/wp-content\/uploads\/2023\/01\/turnbuckle-form-aligner-2.webp 347w, https:\/\/qingdaohf.com\/wp-content\/uploads\/2023\/01\/turnbuckle-form-aligner-2-300x44.webp 300w\" sizes=\"(max-width: 347px) 100vw, 347px\" \/><\/p>\n<h4>Till\u00e4mpning inom betongkonstruktion<\/h4>\n<p>Den prim\u00e4ra till\u00e4mpningen av Turnbuckle Form Aligner \u00e4r inom betongkonstruktion, d\u00e4r den spelar en central roll f\u00f6r att rikta upp och stabilisera formar. Korrekt uppriktning \u00e4r avg\u00f6rande f\u00f6r att s\u00e4kerst\u00e4lla betongformarnas strukturella integritet, vilket i sin tur p\u00e5verkar den slutliga konstruktionens kvalitet och s\u00e4kerhet. Turnbuckle Form Aligner hj\u00e4lper till att h\u00e5lla formarna i r\u00e4tt l\u00e4ge under gjutning och gjutning av betong, f\u00f6rhindrar f\u00f6rskjutningar och s\u00e4kerst\u00e4ller att formarna h\u00e5ller \u00f6nskad form. Denna precision \u00e4r s\u00e4rskilt viktig i storskaliga projekt, d\u00e4r \u00e4ven mindre avvikelser kan leda till betydande strukturella problem.<\/p>\n<p>Turnbuckle Form Aligners anv\u00e4nds inom betongkonstruktion f\u00f6r olika typer av projekt, inklusive kommersiella byggnader, bostadsomr\u00e5den och infrastrukturprojekt. Genom att s\u00e4kerst\u00e4lla korrekt formuppriktning bidrar dessa verktyg till konstruktionens \u00f6vergripande h\u00e5llbarhet och estetiska kvalitet, vilket g\u00f6r dem oumb\u00e4rliga i branschen.<\/p>\n<p><img fetchpriority=\"high\" decoding=\"async\" class=\"alignnone size-full wp-image-6097\" src=\"http:\/\/qingdaohf.com\/wp-content\/uploads\/2023\/11\/turnbuckle-form-aligner.webp\" alt=\"Formriktare f\u00f6r vantskruv\" width=\"1000\" height=\"1000\" srcset=\"https:\/\/qingdaohf.com\/wp-content\/uploads\/2023\/11\/turnbuckle-form-aligner.webp 1000w, https:\/\/qingdaohf.com\/wp-content\/uploads\/2023\/11\/turnbuckle-form-aligner-300x300.webp 300w, https:\/\/qingdaohf.com\/wp-content\/uploads\/2023\/11\/turnbuckle-form-aligner-150x150.webp 150w, https:\/\/qingdaohf.com\/wp-content\/uploads\/2023\/11\/turnbuckle-form-aligner-768x768.webp 768w, https:\/\/qingdaohf.com\/wp-content\/uploads\/2023\/11\/turnbuckle-form-aligner-500x500.webp 500w, https:\/\/qingdaohf.com\/wp-content\/uploads\/2023\/11\/turnbuckle-form-aligner-100x100.webp 100w\" sizes=\"(max-width: 1000px) 100vw, 1000px\" \/><\/p>\n<h3>Transport och f\u00f6rpackning<\/h3>\n<p>Som ett B2B-handelsf\u00f6retag f\u00f6rst\u00e5r vi vikten av tillf\u00f6rlitlig transport och s\u00e4ker f\u00f6rpackning f\u00f6r byggverktyg som Turnbuckle Form Aligner. V\u00e5ra produkter \u00e4r noggrant f\u00f6rpackade f\u00f6r att f\u00f6rhindra skador under transporten och s\u00e4kerst\u00e4lla att de anl\u00e4nder i perfekt skick. Varje riktare f\u00f6rpackas i skyddande material och placeras i robusta l\u00e5dor, som sedan f\u00f6rseglas och m\u00e4rks f\u00f6r enkel identifiering.<\/p>\n<p>Vi erbjuder olika fraktalternativ f\u00f6r att tillgodose v\u00e5ra kunders behov, fr\u00e5n vanlig markfrakt till expressleverans. V\u00e5rt logistikteam har ett n\u00e4ra samarbete med p\u00e5litliga transport\u00f6rer f\u00f6r att s\u00e4kerst\u00e4lla snabb och effektiv leverans, oavsett destination. Genom att prioritera s\u00e4ker och snabb transport av v\u00e5ra produkter hj\u00e4lper vi v\u00e5ra kunder att h\u00e5lla tidsplanen f\u00f6r sina byggprojekt.<\/p>\n<p><img loading=\"lazy\" decoding=\"async\" class=\"alignnone size-full wp-image-7540\" src=\"http:\/\/qingdaohf.com\/wp-content\/uploads\/2024\/06\/concrete-turnbuckle.webp\" alt=\"vantskruv i betong\" width=\"1707\" height=\"1280\" srcset=\"https:\/\/qingdaohf.com\/wp-content\/uploads\/2024\/06\/concrete-turnbuckle.webp 1707w, https:\/\/qingdaohf.com\/wp-content\/uploads\/2024\/06\/concrete-turnbuckle-300x225.webp 300w, https:\/\/qingdaohf.com\/wp-content\/uploads\/2024\/06\/concrete-turnbuckle-1024x768.webp 1024w, https:\/\/qingdaohf.com\/wp-content\/uploads\/2024\/06\/concrete-turnbuckle-768x576.webp 768w, https:\/\/qingdaohf.com\/wp-content\/uploads\/2024\/06\/concrete-turnbuckle-1536x1152.webp 1536w, https:\/\/qingdaohf.com\/wp-content\/uploads\/2024\/06\/concrete-turnbuckle-16x12.webp 16w, https:\/\/qingdaohf.com\/wp-content\/uploads\/2024\/06\/concrete-turnbuckle-1000x750.webp 1000w\" sizes=\"(max-width: 1707px) 100vw, 1707px\" \/><\/p>\n<h3>Slutsats<\/h3>\n<p>Turnbuckle Form Aligner \u00e4r ett viktigt verktyg i byggbranschen och finns i b\u00e5de Flat Plate- och Bent Plate-varianter. Med sin avg\u00f6rande roll n\u00e4r det g\u00e4ller att rikta in och stabilisera betongformer s\u00e4kerst\u00e4ller detta verktyg precision och stabilitet i olika byggprojekt. V\u00e5rt B2B-handelsf\u00f6retag erbjuder en rad olika storlekar f\u00f6r att m\u00f6ta olika behov, tillsammans med p\u00e5litlig transport och s\u00e4ker f\u00f6rpackning f\u00f6r att st\u00f6dja din aff\u00e4rsverksamhet. V\u00e4lj v\u00e5ra Turnbuckle Form Aligners f\u00f6r ditt n\u00e4sta projekt och upplev f\u00f6rdelarna med f\u00f6rb\u00e4ttrad noggrannhet och effektivitet i betongkonstruktion.<\/p>","protected":false},"excerpt":{"rendered":"<p>Vridst\u00e5ngsdelen av justeraren har en sj\u00e4lvreng\u00f6rande spolg\u00e4nga med en diameter p\u00e5 1\u2033 f\u00f6r snabba justeringar. Den totala l\u00e4ngden p\u00e5 justeraren \u00e4r 35\u2033 som minst och 39\u2033 som mest, vilket ger 4\u2033 effektiv justering.<\/p>\n<p>Turnbuckle Form Aligner har en b\u00f6jd spikplatta utrustad med spikh\u00e5l f\u00f6r spikning i formar och ett 15\/16\u2033 h\u00e5l f\u00f6r att acceptera 3\/4\u2033 eller 7\/8\u2033 runda st\u00e5lpinnar n\u00e4r man anv\u00e4nder f\u00e4stet fr\u00e5n grunden.  Aligner kan anv\u00e4ndas upprepade g\u00e5nger n\u00e4r den reng\u00f6rs fr\u00e5n betong efter anv\u00e4ndning. Den s\u00e4kra arbetsbelastningen f\u00f6r inriktarna begr\u00e4nsas av timmer-, spiknings- och \/ eller stakningsmetoderna.<\/p>","protected":false},"featured_media":4401,"comment_status":"open","ping_status":"closed","template":"","meta":{"site-sidebar-layout":"default","site-content-layout":"default","ast-site-content-layout":"default","site-content-style":"default","site-sidebar-style":"default","ast-global-header-display":"","ast-banner-title-visibility":"","ast-main-header-display":"","ast-hfb-above-header-display":"","ast-hfb-below-header-display":"","ast-hfb-mobile-header-display":"","site-post-title":"","ast-breadcrumbs-content":"","ast-featured-img":"","footer-sml-layout":"","theme-transparent-header-meta":"default","adv-header-id-meta":"","stick-header-meta":"default","header-above-stick-meta":"","header-main-stick-meta":"","header-below-stick-meta":"","astra-migrate-meta-layouts":"set","ast-page-background-enabled":"default","ast-page-background-meta":{"desktop":{"background-color":"","background-image":"","background-repeat":"repeat","background-position":"center center","background-size":"auto","background-attachment":"scroll","background-type":"","background-media":"","overlay-type":"","overlay-color":"","overlay-opacity":"","overlay-gradient":""},"tablet":{"background-color":"","background-image":"","background-repeat":"repeat","background-position":"center center","background-size":"auto","background-attachment":"scroll","background-type":"","background-media":"","overlay-type":"","overlay-color":"","overlay-opacity":"","overlay-gradient":""},"mobile":{"background-color":"","background-image":"","background-repeat":"repeat","background-position":"center center","background-size":"auto","background-attachment":"scroll","background-type":"","background-media":"","overlay-type":"","overlay-color":"","overlay-opacity":"","overlay-gradient":""}},"ast-content-background-meta":{"desktop":{"background-color":"var(--ast-global-color-5)","background-image":"","background-repeat":"repeat","background-position":"center center","background-size":"auto","background-attachment":"scroll","background-type":"","background-media":"","overlay-type":"","overlay-color":"","overlay-opacity":"","overlay-gradient":""},"tablet":{"background-color":"var(--ast-global-color-5)","background-image":"","background-repeat":"repeat","background-position":"center center","background-size":"auto","background-attachment":"scroll","background-type":"","background-media":"","overlay-type":"","overlay-color":"","overlay-opacity":"","overlay-gradient":""},"mobile":{"background-color":"var(--ast-global-color-5)","background-image":"","background-repeat":"repeat","background-position":"center center","background-size":"auto","background-attachment":"scroll","background-type":"","background-media":"","overlay-type":"","overlay-color":"","overlay-opacity":"","overlay-gradient":""}}},"product_brand":[],"product_cat":[28],"product_tag":[],"class_list":{"0":"post-1729","1":"product","2":"type-product","3":"status-publish","4":"has-post-thumbnail","6":"product_cat-concrete-forming","7":"desktop-align-left","8":"tablet-align-left","9":"mobile-align-left","10":"ast-product-gallery-layout-horizontal-slider","11":"ast-product-tabs-layout-horizontal","13":"first","14":"instock","15":"featured","16":"shipping-taxable","17":"purchasable","18":"product-type-simple"},"yoast_head":"<!-- This site is optimized with the Yoast SEO plugin v25.2 - https:\/\/yoast.com\/wordpress\/plugins\/seo\/ -->\n<title>Concrete Form Brace Turnbuckle Form Aligner<\/title>\n<meta name=\"description\" content=\"Flat Plate &amp; Bent Plate Turnbuckle Form Aligner.It is an innovative product designed to assist in aligning and securing concrete forms during construction projects.\" \/>\n<meta name=\"robots\" content=\"index, follow, max-snippet:-1, max-image-preview:large, max-video-preview:-1\" \/>\n<link rel=\"canonical\" href=\"https:\/\/qingdaohf.com\/sv\/produkt\/formriktare-for-vantskruv\/\" \/>\n<meta property=\"og:locale\" content=\"sv_SE\" \/>\n<meta property=\"og:type\" content=\"article\" \/>\n<meta property=\"og:title\" content=\"Concrete Form Brace Turnbuckle\" \/>\n<meta property=\"og:description\" content=\"Flat Plate, Bent Plate Turnbuckle Form Aligner Brace.It is an innovative product designed to assist in aligning and securing concrete forms during construction projects. With its unique features and functionality, this form aligner offers several benefits for construction professionals and contractors.\" \/>\n<meta property=\"og:url\" content=\"https:\/\/qingdaohf.com\/sv\/produkt\/formriktare-for-vantskruv\/\" \/>\n<meta property=\"og:site_name\" content=\"Concrete Form &amp; Rigging Hardware Supplier\" \/>\n<meta property=\"article:publisher\" content=\"https:\/\/www.facebook.com\/qingdaohf\" \/>\n<meta property=\"article:modified_time\" content=\"2025-11-13T01:03:14+00:00\" \/>\n<meta property=\"og:image\" content=\"https:\/\/qingdaohf.com\/wp-content\/uploads\/2023\/01\/concrete-form-turnbuckles-1-1.jpg\" \/>\n\t<meta property=\"og:image:width\" content=\"800\" \/>\n\t<meta property=\"og:image:height\" content=\"800\" \/>\n\t<meta property=\"og:image:type\" content=\"image\/jpeg\" \/>\n<meta name=\"twitter:card\" content=\"summary_large_image\" \/>\n<meta name=\"twitter:label1\" content=\"Ber\u00e4knad l\u00e4stid\" \/>\n\t<meta name=\"twitter:data1\" content=\"4 minuter\" \/>\n<script type=\"application\/ld+json\" class=\"yoast-schema-graph\">{\"@context\":\"https:\/\/schema.org\",\"@graph\":[{\"@type\":\"WebPage\",\"@id\":\"https:\/\/qingdaohf.com\/product\/turnbuckle-form-aligner\/\",\"url\":\"https:\/\/qingdaohf.com\/product\/turnbuckle-form-aligner\/\",\"name\":\"Concrete Form Brace Turnbuckle Form Aligner\",\"isPartOf\":{\"@id\":\"https:\/\/qingdaohf.com\/bg\/#website\"},\"primaryImageOfPage\":{\"@id\":\"https:\/\/qingdaohf.com\/product\/turnbuckle-form-aligner\/#primaryimage\"},\"image\":{\"@id\":\"https:\/\/qingdaohf.com\/product\/turnbuckle-form-aligner\/#primaryimage\"},\"thumbnailUrl\":\"https:\/\/qingdaohf.com\/wp-content\/uploads\/2023\/01\/concrete-form-turnbuckles-1-1.jpg\",\"datePublished\":\"2024-06-28T09:07:41+00:00\",\"dateModified\":\"2025-11-13T01:03:14+00:00\",\"description\":\"Flat Plate & Bent Plate Turnbuckle Form Aligner.It is an innovative product designed to assist in aligning and securing concrete forms during construction projects.\",\"breadcrumb\":{\"@id\":\"https:\/\/qingdaohf.com\/product\/turnbuckle-form-aligner\/#breadcrumb\"},\"inLanguage\":\"sv-SE\",\"potentialAction\":[{\"@type\":\"ReadAction\",\"target\":[\"https:\/\/qingdaohf.com\/product\/turnbuckle-form-aligner\/\"]}]},{\"@type\":\"ImageObject\",\"inLanguage\":\"sv-SE\",\"@id\":\"https:\/\/qingdaohf.com\/product\/turnbuckle-form-aligner\/#primaryimage\",\"url\":\"https:\/\/qingdaohf.com\/wp-content\/uploads\/2023\/01\/concrete-form-turnbuckles-1-1.jpg\",\"contentUrl\":\"https:\/\/qingdaohf.com\/wp-content\/uploads\/2023\/01\/concrete-form-turnbuckles-1-1.jpg\",\"width\":800,\"height\":800,\"caption\":\"concrete form turnbuckles\"},{\"@type\":\"BreadcrumbList\",\"@id\":\"https:\/\/qingdaohf.com\/product\/turnbuckle-form-aligner\/#breadcrumb\",\"itemListElement\":[{\"@type\":\"ListItem\",\"position\":1,\"name\":\"Home\",\"item\":\"https:\/\/qingdaohf.com\/\"},{\"@type\":\"ListItem\",\"position\":2,\"name\":\"Concrete Forming Accessories and Rigging Hardware\",\"item\":\"https:\/\/qingdaohf.com\/bg\/?page_id=944\"},{\"@type\":\"ListItem\",\"position\":3,\"name\":\"Adjustable Concrete Form Brace Turnbuckle Form Aligner\"}]},{\"@type\":\"WebSite\",\"@id\":\"https:\/\/qingdaohf.com\/bg\/#website\",\"url\":\"https:\/\/qingdaohf.com\/bg\/\",\"name\":\"Concrete Form & Rigging Hardware Supplier\",\"description\":\"\",\"publisher\":{\"@id\":\"https:\/\/qingdaohf.com\/bg\/#organization\"},\"potentialAction\":[{\"@type\":\"SearchAction\",\"target\":{\"@type\":\"EntryPoint\",\"urlTemplate\":\"https:\/\/qingdaohf.com\/bg\/?s={search_term_string}\"},\"query-input\":{\"@type\":\"PropertyValueSpecification\",\"valueRequired\":true,\"valueName\":\"search_term_string\"}}],\"inLanguage\":\"sv-SE\"},{\"@type\":\"Organization\",\"@id\":\"https:\/\/qingdaohf.com\/bg\/#organization\",\"name\":\"Qingdao H&F\",\"url\":\"https:\/\/qingdaohf.com\/bg\/\",\"logo\":{\"@type\":\"ImageObject\",\"inLanguage\":\"sv-SE\",\"@id\":\"https:\/\/qingdaohf.com\/bg\/#\/schema\/logo\/image\/\",\"url\":\"https:\/\/qingdaohf.com\/wp-content\/uploads\/2022\/12\/cropped-HF-LOGO.png\",\"contentUrl\":\"https:\/\/qingdaohf.com\/wp-content\/uploads\/2022\/12\/cropped-HF-LOGO.png\",\"width\":391,\"height\":249,\"caption\":\"Qingdao H&F\"},\"image\":{\"@id\":\"https:\/\/qingdaohf.com\/bg\/#\/schema\/logo\/image\/\"},\"sameAs\":[\"https:\/\/www.facebook.com\/qingdaohf\"]}]}<\/script>\n<!-- \/ Yoast SEO plugin. -->","yoast_head_json":{"title":"Concrete Form Brace Turnbuckle Form Aligner","description":"Flat Plate & Bent Plate Turnbuckle Form Aligner.It is an innovative product designed to assist in aligning and securing concrete forms during construction projects.","robots":{"index":"index","follow":"follow","max-snippet":"max-snippet:-1","max-image-preview":"max-image-preview:large","max-video-preview":"max-video-preview:-1"},"canonical":"https:\/\/qingdaohf.com\/sv\/produkt\/formriktare-for-vantskruv\/","og_locale":"sv_SE","og_type":"article","og_title":"Concrete Form Brace Turnbuckle","og_description":"Flat Plate, Bent Plate Turnbuckle Form Aligner Brace.It is an innovative product designed to assist in aligning and securing concrete forms during construction projects. With its unique features and functionality, this form aligner offers several benefits for construction professionals and contractors.","og_url":"https:\/\/qingdaohf.com\/sv\/produkt\/formriktare-for-vantskruv\/","og_site_name":"Concrete Form &amp; Rigging Hardware Supplier","article_publisher":"https:\/\/www.facebook.com\/qingdaohf","article_modified_time":"2025-11-13T01:03:14+00:00","og_image":[{"width":800,"height":800,"url":"https:\/\/qingdaohf.com\/wp-content\/uploads\/2023\/01\/concrete-form-turnbuckles-1-1.jpg","type":"image\/jpeg"}],"twitter_card":"summary_large_image","twitter_misc":{"Ber\u00e4knad l\u00e4stid":"4 minuter"},"schema":{"@context":"https:\/\/schema.org","@graph":[{"@type":"WebPage","@id":"https:\/\/qingdaohf.com\/product\/turnbuckle-form-aligner\/","url":"https:\/\/qingdaohf.com\/product\/turnbuckle-form-aligner\/","name":"Concrete Form Brace Turnbuckle Form Aligner","isPartOf":{"@id":"https:\/\/qingdaohf.com\/bg\/#website"},"primaryImageOfPage":{"@id":"https:\/\/qingdaohf.com\/product\/turnbuckle-form-aligner\/#primaryimage"},"image":{"@id":"https:\/\/qingdaohf.com\/product\/turnbuckle-form-aligner\/#primaryimage"},"thumbnailUrl":"https:\/\/qingdaohf.com\/wp-content\/uploads\/2023\/01\/concrete-form-turnbuckles-1-1.jpg","datePublished":"2024-06-28T09:07:41+00:00","dateModified":"2025-11-13T01:03:14+00:00","description":"Flat Plate & Bent Plate Turnbuckle Form Aligner.It is an innovative product designed to assist in aligning and securing concrete forms during construction projects.","breadcrumb":{"@id":"https:\/\/qingdaohf.com\/product\/turnbuckle-form-aligner\/#breadcrumb"},"inLanguage":"sv-SE","potentialAction":[{"@type":"ReadAction","target":["https:\/\/qingdaohf.com\/product\/turnbuckle-form-aligner\/"]}]},{"@type":"ImageObject","inLanguage":"sv-SE","@id":"https:\/\/qingdaohf.com\/product\/turnbuckle-form-aligner\/#primaryimage","url":"https:\/\/qingdaohf.com\/wp-content\/uploads\/2023\/01\/concrete-form-turnbuckles-1-1.jpg","contentUrl":"https:\/\/qingdaohf.com\/wp-content\/uploads\/2023\/01\/concrete-form-turnbuckles-1-1.jpg","width":800,"height":800,"caption":"concrete form turnbuckles"},{"@type":"BreadcrumbList","@id":"https:\/\/qingdaohf.com\/product\/turnbuckle-form-aligner\/#breadcrumb","itemListElement":[{"@type":"ListItem","position":1,"name":"Home","item":"https:\/\/qingdaohf.com\/"},{"@type":"ListItem","position":2,"name":"Concrete Forming Accessories and Rigging Hardware","item":"https:\/\/qingdaohf.com\/bg\/?page_id=944"},{"@type":"ListItem","position":3,"name":"Adjustable Concrete Form Brace Turnbuckle Form Aligner"}]},{"@type":"WebSite","@id":"https:\/\/qingdaohf.com\/bg\/#website","url":"https:\/\/qingdaohf.com\/bg\/","name":"Concrete Form & Rigging Hardware Supplier","description":"","publisher":{"@id":"https:\/\/qingdaohf.com\/bg\/#organization"},"potentialAction":[{"@type":"SearchAction","target":{"@type":"EntryPoint","urlTemplate":"https:\/\/qingdaohf.com\/bg\/?s={search_term_string}"},"query-input":{"@type":"PropertyValueSpecification","valueRequired":true,"valueName":"search_term_string"}}],"inLanguage":"sv-SE"},{"@type":"Organization","@id":"https:\/\/qingdaohf.com\/bg\/#organization","name":"Qingdao H&F","url":"https:\/\/qingdaohf.com\/bg\/","logo":{"@type":"ImageObject","inLanguage":"sv-SE","@id":"https:\/\/qingdaohf.com\/bg\/#\/schema\/logo\/image\/","url":"https:\/\/qingdaohf.com\/wp-content\/uploads\/2022\/12\/cropped-HF-LOGO.png","contentUrl":"https:\/\/qingdaohf.com\/wp-content\/uploads\/2022\/12\/cropped-HF-LOGO.png","width":391,"height":249,"caption":"Qingdao H&F"},"image":{"@id":"https:\/\/qingdaohf.com\/bg\/#\/schema\/logo\/image\/"},"sameAs":["https:\/\/www.facebook.com\/qingdaohf"]}]}},"_links":{"self":[{"href":"https:\/\/qingdaohf.com\/sv\/wp-json\/wp\/v2\/product\/1729","targetHints":{"allow":["GET"]}}],"collection":[{"href":"https:\/\/qingdaohf.com\/sv\/wp-json\/wp\/v2\/product"}],"about":[{"href":"https:\/\/qingdaohf.com\/sv\/wp-json\/wp\/v2\/types\/product"}],"replies":[{"embeddable":true,"href":"https:\/\/qingdaohf.com\/sv\/wp-json\/wp\/v2\/comments?post=1729"}],"version-history":[{"count":31,"href":"https:\/\/qingdaohf.com\/sv\/wp-json\/wp\/v2\/product\/1729\/revisions"}],"predecessor-version":[{"id":5668,"href":"https:\/\/qingdaohf.com\/sv\/wp-json\/wp\/v2\/product\/1729\/revisions\/5668"}],"wp:featuredmedia":[{"embeddable":true,"href":"https:\/\/qingdaohf.com\/sv\/wp-json\/wp\/v2\/media\/4401"}],"wp:attachment":[{"href":"https:\/\/qingdaohf.com\/sv\/wp-json\/wp\/v2\/media?parent=1729"}],"wp:term":[{"taxonomy":"product_brand","embeddable":true,"href":"https:\/\/qingdaohf.com\/sv\/wp-json\/wp\/v2\/product_brand?post=1729"},{"taxonomy":"product_cat","embeddable":true,"href":"https:\/\/qingdaohf.com\/sv\/wp-json\/wp\/v2\/product_cat?post=1729"},{"taxonomy":"product_tag","embeddable":true,"href":"https:\/\/qingdaohf.com\/sv\/wp-json\/wp\/v2\/product_tag?post=1729"}],"curies":[{"name":"wp","href":"https:\/\/api.w.org\/{rel}","templated":true}]}}