{"id":1731,"date":"2024-06-24T14:06:56","date_gmt":"2024-06-24T06:06:56","guid":{"rendered":"http:\/\/qingdaohf.com\/?post_type=product&#038;p=1731"},"modified":"2025-11-13T09:03:15","modified_gmt":"2025-11-13T01:03:15","slug":"spreader-cleats","status":"publish","type":"product","link":"https:\/\/qingdaohf.com\/sv\/produkt\/plywooddistans\/","title":{"rendered":"Betong Ply Spacer Spreader Cleats"},"content":{"rendered":"<h2 data-pm-slice=\"1 1 []\">Betydelsen av betongplattor med distansspridare i byggbranschen<\/h2>\n<p>I den kr\u00e4vande v\u00e4rld som betongkonstruktioner utg\u00f6r \u00e4r precision och stabilitet avg\u00f6rande f\u00f6r att uppn\u00e5 h\u00f6gkvalitativa resultat. Concrete Ply Spacer Spreader Cleats spelar en avg\u00f6rande roll f\u00f6r att uppr\u00e4tth\u00e5lla ett enhetligt avst\u00e5nd mellan formv\u00e4ggarna och s\u00e4kerst\u00e4lla att den slutliga strukturen uppfyller de n\u00f6dv\u00e4ndiga dimensionerna och h\u00e5llfasthetsstandarderna. Dessa klossar ger viktigt st\u00f6d genom att s\u00e4kra plywoodformningen p\u00e5 plats, f\u00f6rhindra deformation och m\u00f6jligg\u00f6ra en j\u00e4mn betonggjutning. Oavsett om de anv\u00e4nds i storskaliga infrastrukturprojekt eller mindre bostadsbyggen kan r\u00e4tt spridarkl\u00e4mmor avsev\u00e4rt f\u00f6rb\u00e4ttra betongytornas h\u00e5llbarhet och finish.<\/p>\n<p>P\u00e5 Qingdao H&amp;F f\u00f6rst\u00e5r vi de utmaningar som yrkesverksamma inom byggbranschen st\u00e5r inf\u00f6r, och det \u00e4r d\u00e4rf\u00f6r vi erbjuder ett sortiment av h\u00f6gpresterande spridarklossar som \u00e4r utformade f\u00f6r att uppfylla de tuffaste projektkraven. Med v\u00e5rt engagemang f\u00f6r kvalitet, snabba leveranscykler och dedikerad kundservice erbjuder vi en oslagbar kombination av tillf\u00f6rlitlighet och effektivitet f\u00f6r dina byggbehov.<\/p>\n<p><img fetchpriority=\"high\" decoding=\"async\" class=\"alignnone wp-image-1732 size-full\" src=\"http:\/\/qingdaohf.com\/wp-content\/uploads\/2023\/01\/PLY-SPACER.png\" alt=\"PLY SPACER\" width=\"650\" height=\"458\" srcset=\"https:\/\/qingdaohf.com\/wp-content\/uploads\/2023\/01\/PLY-SPACER.png 650w, https:\/\/qingdaohf.com\/wp-content\/uploads\/2023\/01\/PLY-SPACER-300x211.png 300w, https:\/\/qingdaohf.com\/wp-content\/uploads\/2023\/01\/PLY-SPACER-600x423.png 600w\" sizes=\"(max-width: 650px) 100vw, 650px\" \/><\/p>\n<h2>Egenskaper och f\u00f6rdelar med betongspridare Spacer Spreader Cleats<\/h2>\n<p>Att v\u00e4lja r\u00e4tt spridarklossar \u00e4r avg\u00f6rande f\u00f6r att optimera forms\u00e4ttningens effektivitet och s\u00e4kerst\u00e4lla en felfri betongfinish. V\u00e5ra spridarklossar f\u00f6r betongplattor har en m\u00e4ngd olika funktioner som g\u00f6r dem oumb\u00e4rliga f\u00f6r moderna byggprojekt.<\/p>\n<p>H\u00e5llbarhet \u00e4r en av de viktigaste egenskaperna hos v\u00e5ra klossar. De \u00e4r tillverkade av h\u00f6gh\u00e5llfasta material som galvaniserat st\u00e5l eller armerad plast och \u00e4r motst\u00e5ndskraftiga mot korrosion, deformation och de tuffa f\u00f6rh\u00e5llandena vid betongarbeten. Detta s\u00e4kerst\u00e4ller l\u00e5ng livsl\u00e4ngd och konsekvent prestanda \u00f6ver flera anv\u00e4ndningsomr\u00e5den, vilket g\u00f6r dem till en kostnadseffektiv l\u00f6sning f\u00f6r entrepren\u00f6rer.<\/p>\n<p>En annan stor f\u00f6rdel \u00e4r det exakta avst\u00e5nd som de ger. Oj\u00e4mn eller felriktad formning kan leda till strukturella svagheter och d\u00e5lig estetik i den f\u00e4rdiga betongen. V\u00e5ra spridarklossar garanterar ett j\u00e4mnt avst\u00e5nd mellan forms\u00e4ttningselementen, vilket eliminerar variationer och ger sl\u00e4ta, enhetliga ytor.<\/p>\n<p>Enkel installation \u00e4r ocks\u00e5 en anm\u00e4rkningsv\u00e4rd f\u00f6rdel. V\u00e5ra klossar \u00e4r utformade f\u00f6r snabb och problemfri applicering och g\u00f6r det m\u00f6jligt f\u00f6r arbetare att s\u00e4tta upp formar med minimal anstr\u00e4ngning, vilket minskar arbetstiden och kostnaderna. Den anv\u00e4ndarv\u00e4nliga designen s\u00e4kerst\u00e4ller att \u00e4ven mindre erfarna arbetare kan uppn\u00e5 professionella resultat utan behov av specialverktyg eller utrustning.<\/p>\n<h2>Att v\u00e4lja r\u00e4tt spridarkl\u00e4mmor f\u00f6r ditt projekt<\/h2>\n<p>Det finns olika storlekar och material att v\u00e4lja mellan, s\u00e5 valet av l\u00e4mpliga spridarklossar beror p\u00e5 de specifika kraven i ditt projekt. F\u00f6r tunga till\u00e4mpningar, t.ex. bro- eller h\u00f6ghusbyggen, \u00e4r st\u00e5lkl\u00e4mmor ofta det b\u00e4sta valet p\u00e5 grund av deras exceptionella b\u00e4rf\u00f6rm\u00e5ga och slitstyrka. \u00c5 andra sidan erbjuder plastkl\u00e4mmor ett l\u00e4tt och kostnadseffektivt alternativ f\u00f6r projekt som inte kr\u00e4ver extrem styrka.<\/p>\n<p>Specifikationer f\u00f6r tjocklek och bredd \u00e4r ocks\u00e5 viktiga faktorer att ta h\u00e4nsyn till. V\u00e5ra spridarkl\u00e4mmor finns i olika dimensioner f\u00f6r att passa olika formupps\u00e4ttningar, vilket s\u00e4kerst\u00e4ller kompatibilitet med olika plywoodtyper och betongtjocklekar. V\u00e5rt team p\u00e5 Qingdao H&amp;F ger expertv\u00e4gledning f\u00f6r att hj\u00e4lpa dig att best\u00e4mma de b\u00e4sta klossarna f\u00f6r dina unika byggbehov.<\/p>\n<p>Dessutom \u00e4r efterlevnad av industristandarder en kritisk faktor. Alla v\u00e5ra Concrete Ply Spacer Spreader Cleats genomg\u00e5r rigor\u00f6sa kvalitetstester och levereras med detaljerade inspektionsrapporter. Detta s\u00e4kerst\u00e4ller att du f\u00e5r produkter som uppfyller s\u00e4kerhetsbest\u00e4mmelserna och ger konsekvent prestanda, vilket minskar risken f\u00f6r formfel och byggf\u00f6rseningar.<\/p>\n<h2>Varf\u00f6r v\u00e4lja Qingdao H&amp;F f\u00f6r dina tillbeh\u00f6r till betongformar?<\/h2>\n<p>P\u00e5 Qingdao H&amp;F g\u00e5r vi l\u00e4ngre \u00e4n att bara leverera byggmaterial - vi \u00e4r dedikerade till att tillhandah\u00e5lla l\u00f6sningar som ger merv\u00e4rde till dina projekt. V\u00e5r personliga kundtj\u00e4nst ser till att du f\u00e5r personlig hj\u00e4lp under hela ink\u00f6psprocessen, fr\u00e5n produktval till kundservice. Till skillnad fr\u00e5n andra leverant\u00f6rer som kanske prioriterar volym framf\u00f6r kvalitet, fokuserar vi p\u00e5 att leverera produkter som uppfyller str\u00e4nga kvalitetsstandarder.<\/p>\n<p>Snabbhet \u00e4r en annan f\u00f6rdel vi erbjuder. Vi f\u00f6rst\u00e5r att tid \u00e4r en kritisk faktor i byggbranschen och att f\u00f6rseningar kan leda till \u00f6kade kostnader. Det \u00e4r d\u00e4rf\u00f6r vi garanterar snabba leveranscykler, vilket s\u00e4kerst\u00e4ller att du f\u00e5r dina spridarkl\u00e4mmor exakt n\u00e4r du beh\u00f6ver dem. V\u00e5rt p\u00e5litliga logistikn\u00e4tverk g\u00f6r det m\u00f6jligt f\u00f6r oss att utf\u00f6ra best\u00e4llningar effektivt, minimera stillest\u00e5ndstiden och h\u00e5lla dina projekt enligt schemat.<\/p>\n<p>Dessutom skiljer vi oss fr\u00e5n m\u00e4ngden genom v\u00e5rt engagemang f\u00f6r transparens och f\u00f6rtroende. Varje sats av Concrete Ply Spacer Spreader Cleats \u00e5tf\u00f6ljs av omfattande kvalitetsinspektionsrapporter, vilket ger dig fullt f\u00f6rtroende f\u00f6r de material du anv\u00e4nder. Denna niv\u00e5 av ansvarsskyldighet s\u00e4kerst\u00e4ller att du kan uppfylla projektspecifikationer utan att beh\u00f6va oroa dig f\u00f6r produktens prestanda.<\/p>\n<h2>Slutsats<\/h2>\n<p>Spridare f\u00f6r betongplattor \u00e4r oumb\u00e4rliga komponenter f\u00f6r att uppn\u00e5 precision och stabilitet i betongformar. De f\u00f6rb\u00e4ttrar projektens strukturella integritet genom att uppr\u00e4tth\u00e5lla enhetligt avst\u00e5nd, f\u00f6rhindra formdeformation och underl\u00e4tta en smidig betonggjutning. Att v\u00e4lja h\u00f6gkvalitativa spridarklossar fr\u00e5n Qingdao H&amp;F inneb\u00e4r att man drar nytta av h\u00e5llbarhet, enkel installation och bransch\u00f6verensst\u00e4mmelse.<\/p>\n<p>V\u00e5rt engagemang f\u00f6r kvalitet, snabba leveranser och personlig service g\u00f6r oss till den perfekta partnern f\u00f6r dina behov av byggmaterial. Oavsett om du beh\u00f6ver standardstorlekar eller anpassade specifikationer har vi den expertis och de resurser som kr\u00e4vs f\u00f6r att uppfylla dina krav. Kontakta oss idag f\u00f6r att l\u00e4ra dig mer om v\u00e5rt sortiment av betongplattor och hur de kan \u00f6ka effektiviteten och tillf\u00f6rlitligheten i dina byggprojekt.<\/p>\n<div class=\"ast-oembed-container\" style=\"height: 100%;\"><iframe title=\"HF v\u00e4ggankare f\u00f6r betong\" width=\"500\" height=\"281\" src=\"https:\/\/www.youtube.com\/embed\/KNe3GjndsAs?feature=oembed\" frameborder=\"0\" allow=\"accelerometer; autoplay; clipboard-write; encrypted-media; gyroscope; picture-in-picture; web-share\" referrerpolicy=\"strict-origin-when-cross-origin\" allowfullscreen><\/iframe><\/div>\n<p>&nbsp;<\/p>","protected":false},"excerpt":{"rendered":"<p>Concrete Ply Spacer Spreader Cleats spelar en viktig roll f\u00f6r att fr\u00e4mja korrekt inriktning och stabilitet inom formsystem, s\u00e4rskilt i betongbyggnadsprojekt. Klamrarna \u00e4r effektiva distanser som hindrar plywood fr\u00e5n att vrida sig eller r\u00f6ra sig under gjutningen, vilket leder till strukturellt solida och j\u00e4mna betongytor. P\u00e5 Qingdao H&amp;F levererar vi h\u00f6gkvalitativa spridarkl\u00e4mmor i olika material och dimensioner f\u00f6r att passa olika projektspecifikationer. V\u00e5r personliga kundservice, r\u00e4ttvisa priser och ledtids\u00e5taganden garanterar dig den b\u00e4sta l\u00f6sningen som passar dina behov. Vi tillhandah\u00e5ller ocks\u00e5 en grundlig kvalitetsinspektionsrapport f\u00f6r v\u00e5ra varor, vilket ger dig f\u00f6rtroende f\u00f6r varje f\u00f6rs\u00e4ndelse.<\/p>","protected":false},"featured_media":2918,"comment_status":"open","ping_status":"closed","template":"","meta":{"site-sidebar-layout":"default","site-content-layout":"default","ast-site-content-layout":"default","site-content-style":"default","site-sidebar-style":"default","ast-global-header-display":"","ast-banner-title-visibility":"","ast-main-header-display":"","ast-hfb-above-header-display":"","ast-hfb-below-header-display":"","ast-hfb-mobile-header-display":"","site-post-title":"","ast-breadcrumbs-content":"","ast-featured-img":"","footer-sml-layout":"","theme-transparent-header-meta":"default","adv-header-id-meta":"","stick-header-meta":"default","header-above-stick-meta":"","header-main-stick-meta":"","header-below-stick-meta":"","astra-migrate-meta-layouts":"set","ast-page-background-enabled":"default","ast-page-background-meta":{"desktop":{"background-color":"","background-image":"","background-repeat":"repeat","background-position":"center center","background-size":"auto","background-attachment":"scroll","background-type":"","background-media":"","overlay-type":"","overlay-color":"","overlay-opacity":"","overlay-gradient":""},"tablet":{"background-color":"","background-image":"","background-repeat":"repeat","background-position":"center center","background-size":"auto","background-attachment":"scroll","background-type":"","background-media":"","overlay-type":"","overlay-color":"","overlay-opacity":"","overlay-gradient":""},"mobile":{"background-color":"","background-image":"","background-repeat":"repeat","background-position":"center center","background-size":"auto","background-attachment":"scroll","background-type":"","background-media":"","overlay-type":"","overlay-color":"","overlay-opacity":"","overlay-gradient":""}},"ast-content-background-meta":{"desktop":{"background-color":"var(--ast-global-color-5)","background-image":"","background-repeat":"repeat","background-position":"center center","background-size":"auto","background-attachment":"scroll","background-type":"","background-media":"","overlay-type":"","overlay-color":"","overlay-opacity":"","overlay-gradient":""},"tablet":{"background-color":"var(--ast-global-color-5)","background-image":"","background-repeat":"repeat","background-position":"center center","background-size":"auto","background-attachment":"scroll","background-type":"","background-media":"","overlay-type":"","overlay-color":"","overlay-opacity":"","overlay-gradient":""},"mobile":{"background-color":"var(--ast-global-color-5)","background-image":"","background-repeat":"repeat","background-position":"center center","background-size":"auto","background-attachment":"scroll","background-type":"","background-media":"","overlay-type":"","overlay-color":"","overlay-opacity":"","overlay-gradient":""}}},"product_brand":[],"product_cat":[28],"product_tag":[],"class_list":{"0":"post-1731","1":"product","2":"type-product","3":"status-publish","4":"has-post-thumbnail","6":"product_cat-concrete-forming","7":"desktop-align-left","8":"tablet-align-left","9":"mobile-align-left","10":"ast-product-gallery-layout-horizontal-slider","11":"ast-product-tabs-layout-horizontal","13":"first","14":"instock","15":"shipping-taxable","16":"purchasable","17":"product-type-simple"},"yoast_head":"<!-- This site is optimized with the Yoast SEO plugin v25.2 - https:\/\/yoast.com\/wordpress\/plugins\/seo\/ -->\n<title>Concrete Ply Spacer Spreader Cleats<\/title>\n<meta name=\"description\" content=\"Plywood form concrete ply spacer.3\/4&quot; ply spacer,1-1\/8&quot; ply spacer.\" \/>\n<meta name=\"robots\" content=\"index, follow, max-snippet:-1, max-image-preview:large, max-video-preview:-1\" \/>\n<link rel=\"canonical\" href=\"https:\/\/qingdaohf.com\/sv\/produkt\/plywooddistans\/\" \/>\n<meta property=\"og:locale\" content=\"sv_SE\" \/>\n<meta property=\"og:type\" content=\"article\" \/>\n<meta property=\"og:title\" content=\"Concrete Ply Spacer Spreader Cleats\" \/>\n<meta property=\"og:description\" content=\"Plywood form concrete ply spacer.3\/4&quot; ply spacer,1-1\/8&quot; ply spacer.\" \/>\n<meta property=\"og:url\" content=\"https:\/\/qingdaohf.com\/sv\/produkt\/plywooddistans\/\" \/>\n<meta property=\"og:site_name\" content=\"Concrete Form &amp; Rigging Hardware Supplier\" \/>\n<meta property=\"article:publisher\" content=\"https:\/\/www.facebook.com\/qingdaohf\" \/>\n<meta property=\"article:modified_time\" content=\"2025-11-13T01:03:15+00:00\" \/>\n<meta property=\"og:image\" content=\"https:\/\/qingdaohf.com\/wp-content\/uploads\/2023\/01\/PLY-SPACER-3.jpg\" \/>\n\t<meta property=\"og:image:width\" content=\"1000\" \/>\n\t<meta property=\"og:image:height\" content=\"1000\" \/>\n\t<meta property=\"og:image:type\" content=\"image\/jpeg\" \/>\n<meta name=\"twitter:card\" content=\"summary_large_image\" \/>\n<meta name=\"twitter:label1\" content=\"Ber\u00e4knad l\u00e4stid\" \/>\n\t<meta name=\"twitter:data1\" content=\"4 minuter\" \/>\n<script type=\"application\/ld+json\" class=\"yoast-schema-graph\">{\"@context\":\"https:\/\/schema.org\",\"@graph\":[{\"@type\":\"WebPage\",\"@id\":\"https:\/\/qingdaohf.com\/product\/spreader-cleats\/\",\"url\":\"https:\/\/qingdaohf.com\/product\/spreader-cleats\/\",\"name\":\"Concrete Ply Spacer Spreader Cleats\",\"isPartOf\":{\"@id\":\"https:\/\/qingdaohf.com\/bg\/#website\"},\"primaryImageOfPage\":{\"@id\":\"https:\/\/qingdaohf.com\/product\/spreader-cleats\/#primaryimage\"},\"image\":{\"@id\":\"https:\/\/qingdaohf.com\/product\/spreader-cleats\/#primaryimage\"},\"thumbnailUrl\":\"https:\/\/qingdaohf.com\/wp-content\/uploads\/2023\/01\/PLY-SPACER-3.jpg\",\"datePublished\":\"2024-06-24T06:06:56+00:00\",\"dateModified\":\"2025-11-13T01:03:15+00:00\",\"description\":\"Plywood form concrete ply spacer.3\/4\\\" ply spacer,1-1\/8\\\" ply spacer.\",\"breadcrumb\":{\"@id\":\"https:\/\/qingdaohf.com\/product\/spreader-cleats\/#breadcrumb\"},\"inLanguage\":\"sv-SE\",\"potentialAction\":[{\"@type\":\"ReadAction\",\"target\":[\"https:\/\/qingdaohf.com\/product\/spreader-cleats\/\"]}]},{\"@type\":\"ImageObject\",\"inLanguage\":\"sv-SE\",\"@id\":\"https:\/\/qingdaohf.com\/product\/spreader-cleats\/#primaryimage\",\"url\":\"https:\/\/qingdaohf.com\/wp-content\/uploads\/2023\/01\/PLY-SPACER-3.jpg\",\"contentUrl\":\"https:\/\/qingdaohf.com\/wp-content\/uploads\/2023\/01\/PLY-SPACER-3.jpg\",\"width\":1000,\"height\":1000,\"caption\":\"PLY SPACER\"},{\"@type\":\"BreadcrumbList\",\"@id\":\"https:\/\/qingdaohf.com\/product\/spreader-cleats\/#breadcrumb\",\"itemListElement\":[{\"@type\":\"ListItem\",\"position\":1,\"name\":\"Home\",\"item\":\"https:\/\/qingdaohf.com\/\"},{\"@type\":\"ListItem\",\"position\":2,\"name\":\"Concrete Forming Accessories and Rigging Hardware\",\"item\":\"https:\/\/qingdaohf.com\/bg\/?page_id=944\"},{\"@type\":\"ListItem\",\"position\":3,\"name\":\"Concrete Ply Spacer Spreader Cleats\"}]},{\"@type\":\"WebSite\",\"@id\":\"https:\/\/qingdaohf.com\/bg\/#website\",\"url\":\"https:\/\/qingdaohf.com\/bg\/\",\"name\":\"Concrete Form & Rigging Hardware Supplier\",\"description\":\"\",\"publisher\":{\"@id\":\"https:\/\/qingdaohf.com\/bg\/#organization\"},\"potentialAction\":[{\"@type\":\"SearchAction\",\"target\":{\"@type\":\"EntryPoint\",\"urlTemplate\":\"https:\/\/qingdaohf.com\/bg\/?s={search_term_string}\"},\"query-input\":{\"@type\":\"PropertyValueSpecification\",\"valueRequired\":true,\"valueName\":\"search_term_string\"}}],\"inLanguage\":\"sv-SE\"},{\"@type\":\"Organization\",\"@id\":\"https:\/\/qingdaohf.com\/bg\/#organization\",\"name\":\"Qingdao H&F\",\"url\":\"https:\/\/qingdaohf.com\/bg\/\",\"logo\":{\"@type\":\"ImageObject\",\"inLanguage\":\"sv-SE\",\"@id\":\"https:\/\/qingdaohf.com\/bg\/#\/schema\/logo\/image\/\",\"url\":\"https:\/\/qingdaohf.com\/wp-content\/uploads\/2022\/12\/cropped-HF-LOGO.png\",\"contentUrl\":\"https:\/\/qingdaohf.com\/wp-content\/uploads\/2022\/12\/cropped-HF-LOGO.png\",\"width\":391,\"height\":249,\"caption\":\"Qingdao H&F\"},\"image\":{\"@id\":\"https:\/\/qingdaohf.com\/bg\/#\/schema\/logo\/image\/\"},\"sameAs\":[\"https:\/\/www.facebook.com\/qingdaohf\"]}]}<\/script>\n<!-- \/ Yoast SEO plugin. -->","yoast_head_json":{"title":"Concrete Ply Spacer Spreader Cleats","description":"Plywood form concrete ply spacer.3\/4\" ply spacer,1-1\/8\" ply spacer.","robots":{"index":"index","follow":"follow","max-snippet":"max-snippet:-1","max-image-preview":"max-image-preview:large","max-video-preview":"max-video-preview:-1"},"canonical":"https:\/\/qingdaohf.com\/sv\/produkt\/plywooddistans\/","og_locale":"sv_SE","og_type":"article","og_title":"Concrete Ply Spacer Spreader Cleats","og_description":"Plywood form concrete ply spacer.3\/4\" ply spacer,1-1\/8\" ply spacer.","og_url":"https:\/\/qingdaohf.com\/sv\/produkt\/plywooddistans\/","og_site_name":"Concrete Form &amp; Rigging Hardware Supplier","article_publisher":"https:\/\/www.facebook.com\/qingdaohf","article_modified_time":"2025-11-13T01:03:15+00:00","og_image":[{"width":1000,"height":1000,"url":"https:\/\/qingdaohf.com\/wp-content\/uploads\/2023\/01\/PLY-SPACER-3.jpg","type":"image\/jpeg"}],"twitter_card":"summary_large_image","twitter_misc":{"Ber\u00e4knad l\u00e4stid":"4 minuter"},"schema":{"@context":"https:\/\/schema.org","@graph":[{"@type":"WebPage","@id":"https:\/\/qingdaohf.com\/product\/spreader-cleats\/","url":"https:\/\/qingdaohf.com\/product\/spreader-cleats\/","name":"Concrete Ply Spacer Spreader Cleats","isPartOf":{"@id":"https:\/\/qingdaohf.com\/bg\/#website"},"primaryImageOfPage":{"@id":"https:\/\/qingdaohf.com\/product\/spreader-cleats\/#primaryimage"},"image":{"@id":"https:\/\/qingdaohf.com\/product\/spreader-cleats\/#primaryimage"},"thumbnailUrl":"https:\/\/qingdaohf.com\/wp-content\/uploads\/2023\/01\/PLY-SPACER-3.jpg","datePublished":"2024-06-24T06:06:56+00:00","dateModified":"2025-11-13T01:03:15+00:00","description":"Plywood form concrete ply spacer.3\/4\" ply spacer,1-1\/8\" ply spacer.","breadcrumb":{"@id":"https:\/\/qingdaohf.com\/product\/spreader-cleats\/#breadcrumb"},"inLanguage":"sv-SE","potentialAction":[{"@type":"ReadAction","target":["https:\/\/qingdaohf.com\/product\/spreader-cleats\/"]}]},{"@type":"ImageObject","inLanguage":"sv-SE","@id":"https:\/\/qingdaohf.com\/product\/spreader-cleats\/#primaryimage","url":"https:\/\/qingdaohf.com\/wp-content\/uploads\/2023\/01\/PLY-SPACER-3.jpg","contentUrl":"https:\/\/qingdaohf.com\/wp-content\/uploads\/2023\/01\/PLY-SPACER-3.jpg","width":1000,"height":1000,"caption":"PLY SPACER"},{"@type":"BreadcrumbList","@id":"https:\/\/qingdaohf.com\/product\/spreader-cleats\/#breadcrumb","itemListElement":[{"@type":"ListItem","position":1,"name":"Home","item":"https:\/\/qingdaohf.com\/"},{"@type":"ListItem","position":2,"name":"Concrete Forming Accessories and Rigging Hardware","item":"https:\/\/qingdaohf.com\/bg\/?page_id=944"},{"@type":"ListItem","position":3,"name":"Concrete Ply Spacer Spreader Cleats"}]},{"@type":"WebSite","@id":"https:\/\/qingdaohf.com\/bg\/#website","url":"https:\/\/qingdaohf.com\/bg\/","name":"Concrete Form & Rigging Hardware Supplier","description":"","publisher":{"@id":"https:\/\/qingdaohf.com\/bg\/#organization"},"potentialAction":[{"@type":"SearchAction","target":{"@type":"EntryPoint","urlTemplate":"https:\/\/qingdaohf.com\/bg\/?s={search_term_string}"},"query-input":{"@type":"PropertyValueSpecification","valueRequired":true,"valueName":"search_term_string"}}],"inLanguage":"sv-SE"},{"@type":"Organization","@id":"https:\/\/qingdaohf.com\/bg\/#organization","name":"Qingdao H&F","url":"https:\/\/qingdaohf.com\/bg\/","logo":{"@type":"ImageObject","inLanguage":"sv-SE","@id":"https:\/\/qingdaohf.com\/bg\/#\/schema\/logo\/image\/","url":"https:\/\/qingdaohf.com\/wp-content\/uploads\/2022\/12\/cropped-HF-LOGO.png","contentUrl":"https:\/\/qingdaohf.com\/wp-content\/uploads\/2022\/12\/cropped-HF-LOGO.png","width":391,"height":249,"caption":"Qingdao H&F"},"image":{"@id":"https:\/\/qingdaohf.com\/bg\/#\/schema\/logo\/image\/"},"sameAs":["https:\/\/www.facebook.com\/qingdaohf"]}]}},"_links":{"self":[{"href":"https:\/\/qingdaohf.com\/sv\/wp-json\/wp\/v2\/product\/1731","targetHints":{"allow":["GET"]}}],"collection":[{"href":"https:\/\/qingdaohf.com\/sv\/wp-json\/wp\/v2\/product"}],"about":[{"href":"https:\/\/qingdaohf.com\/sv\/wp-json\/wp\/v2\/types\/product"}],"replies":[{"embeddable":true,"href":"https:\/\/qingdaohf.com\/sv\/wp-json\/wp\/v2\/comments?post=1731"}],"version-history":[{"count":5,"href":"https:\/\/qingdaohf.com\/sv\/wp-json\/wp\/v2\/product\/1731\/revisions"}],"predecessor-version":[{"id":9012,"href":"https:\/\/qingdaohf.com\/sv\/wp-json\/wp\/v2\/product\/1731\/revisions\/9012"}],"wp:featuredmedia":[{"embeddable":true,"href":"https:\/\/qingdaohf.com\/sv\/wp-json\/wp\/v2\/media\/2918"}],"wp:attachment":[{"href":"https:\/\/qingdaohf.com\/sv\/wp-json\/wp\/v2\/media?parent=1731"}],"wp:term":[{"taxonomy":"product_brand","embeddable":true,"href":"https:\/\/qingdaohf.com\/sv\/wp-json\/wp\/v2\/product_brand?post=1731"},{"taxonomy":"product_cat","embeddable":true,"href":"https:\/\/qingdaohf.com\/sv\/wp-json\/wp\/v2\/product_cat?post=1731"},{"taxonomy":"product_tag","embeddable":true,"href":"https:\/\/qingdaohf.com\/sv\/wp-json\/wp\/v2\/product_tag?post=1731"}],"curies":[{"name":"wp","href":"https:\/\/api.w.org\/{rel}","templated":true}]}}