{"id":2218,"date":"2023-02-15T11:57:32","date_gmt":"2023-02-15T03:57:32","guid":{"rendered":"http:\/\/qingdaohf.com\/?post_type=product&#038;p=2218"},"modified":"2025-11-13T09:06:17","modified_gmt":"2025-11-13T01:06:17","slug":"tie-nut","status":"publish","type":"product","link":"https:\/\/qingdaohf.com\/sv\/produkt\/spannmutter\/","title":{"rendered":"F\u00e4stmutter f\u00f6r forms\u00e4ttning"},"content":{"rendered":"<div class=\"ast-oembed-container\" style=\"height: 100%;\"><iframe title=\"F\u00f6rankringsmutter och f\u00f6rankringsst\u00e5ng f\u00f6r betongformar\" width=\"500\" height=\"281\" src=\"https:\/\/www.youtube.com\/embed\/RQCaJFwWa88?feature=oembed\" frameborder=\"0\" allow=\"accelerometer; autoplay; clipboard-write; encrypted-media; gyroscope; picture-in-picture; web-share\" referrerpolicy=\"strict-origin-when-cross-origin\" allowfullscreen><\/iframe><\/div>\n<h4>Ryggraden i stabiliteten hos betongformar<\/h4>\n<p>I betongbyggandets kr\u00e4vande v\u00e4rld \u00e4r stabilitet och precision under formningsprocessen inte f\u00f6rhandlingsbart. I hj\u00e4rtat av denna process finns dragst\u00e5ngssystemet, en helt\u00e4ckande l\u00f6sning som omfattar dragst\u00e4nger, dragmuttrar, vattenstopp och vingmuttrar. Dragmuttrar spelar en avg\u00f6rande roll i denna montering genom att l\u00e5sa dragst\u00e4ngerna s\u00e4kert p\u00e5 plats och s\u00e4kerst\u00e4lla att formen f\u00f6rblir stabil under det enorma trycket fr\u00e5n v\u00e5t betong.<\/p>\n<p>Dessa till synes sm\u00e5 komponenter \u00e4r konstruerade f\u00f6r att klara tunga laster och hindrar formen fr\u00e5n att f\u00f6rskjutas eller deformeras under gjutnings- och h\u00e4rdningsfaserna. Utan tillf\u00f6rlitliga dragmuttrar kan hela systemet fallera, vilket \u00e4ventyrar b\u00e5de effektiviteten i byggprocessen och den strukturella integriteten hos slutprodukten.<\/p>\n<h4>Tie Rod-systemet: En sammanh\u00e4ngande l\u00f6sning<\/h4>\n<p><img fetchpriority=\"high\" decoding=\"async\" class=\"alignnone size-full wp-image-2990\" src=\"http:\/\/qingdaohf.com\/wp-content\/uploads\/2023\/02\/Tie-Nut.jpg\" alt=\"Sp\u00e4nnmutter\" width=\"1204\" height=\"1008\" srcset=\"https:\/\/qingdaohf.com\/wp-content\/uploads\/2023\/02\/Tie-Nut.jpg 1204w, https:\/\/qingdaohf.com\/wp-content\/uploads\/2023\/02\/Tie-Nut-300x251.jpg 300w, https:\/\/qingdaohf.com\/wp-content\/uploads\/2023\/02\/Tie-Nut-1024x857.jpg 1024w, https:\/\/qingdaohf.com\/wp-content\/uploads\/2023\/02\/Tie-Nut-768x643.jpg 768w, https:\/\/qingdaohf.com\/wp-content\/uploads\/2023\/02\/Tie-Nut-1000x837.jpg 1000w\" sizes=\"(max-width: 1204px) 100vw, 1204px\" \/><\/p>\n<p>Dragst\u00e5ngssystemet fungerar som en enhetlig enhet som \u00e4r utformad f\u00f6r att st\u00f6dja och stabilisera betongformar.<\/p>\n<ul>\n<li><strong>Dragst\u00e4nger:<\/strong> Dragst\u00e4ngerna \u00e4r den centrala komponenten i systemet och \u00e4r h\u00f6gh\u00e5llfasta st\u00e5lst\u00e4nger som absorberar och f\u00f6rdelar trycket fr\u00e5n nygjuten betong. De sp\u00e4nner \u00f6ver formen och ger den styvhet som kr\u00e4vs f\u00f6r att h\u00e5lla den p\u00e5 plats.<\/li>\n<li><strong>Vatten stannar:<\/strong> Vattenstopp \u00e4r ofta integrerade med dragst\u00e4nger och fungerar som kritiska barri\u00e4rer som hindrar vatten fr\u00e5n att sippra genom dragst\u00e5ngsh\u00e5len. Dessa element f\u00f6rb\u00e4ttrar konstruktionens h\u00e5llbarhet genom att minska risken f\u00f6r vattenskador och s\u00e4kerst\u00e4lla l\u00e5ngsiktig prestanda.<\/li>\n<li><strong>Sp\u00e4nnmuttrar:<\/strong> Dragmuttrarna \u00e4r placerade i vardera \u00e4nden av dragst\u00e5ngen och h\u00e5ller fast st\u00e4ngerna ordentligt i forms\u00e4ttningspanelerna. G\u00e4ngningen och h\u00e5llfastheten \u00e4r utformade f\u00f6r att klara de h\u00f6ga p\u00e5frestningar som uppst\u00e5r under byggtiden och bibeh\u00e5lla formens inriktning och stabilitet.<\/li>\n<li><strong>Vingmuttrar:<\/strong> Vingmuttrarna \u00e4r ett praktiskt komplement till systemet och m\u00f6jligg\u00f6r snabba och verktygsl\u00f6sa justeringar. De \u00e4r s\u00e4rskilt anv\u00e4ndbara i applikationer som kr\u00e4ver frekvent montering och demontering, vilket \u00f6kar effektiviteten utan att kompromissa med s\u00e4kerheten.<\/li>\n<\/ul>\n<p>Tillsammans bildar dessa komponenter ett robust och tillf\u00f6rlitligt ramverk som s\u00e4kerst\u00e4ller att betongkonstruktionsprojekt blir framg\u00e5ngsrika fr\u00e5n b\u00f6rjan till slut.<\/p>\n<h3>Hur dragst\u00e5ngssystemet f\u00f6rb\u00e4ttrar effektiviteten i byggbranschen<\/h3>\n<h4>F\u00f6rb\u00e4ttrad stabilitet och precision<\/h4>\n<p>Dragst\u00e5ngssystemet eliminerar problem med felinriktning eller instabilitet under formningsfasen. Genom att l\u00e5sa fast forms\u00e4ttningspanelerna med dragmuttrar garanterar systemet att konstruktionen beh\u00e5ller sin avsedda form under hela gjutnings- och h\u00e4rdningsprocessen.<\/p>\n<p>Dessutom ger integreringen av vattenstopp i monteringen ett extra lager av skydd. Dessa komponenter hindrar vatten fr\u00e5n att tr\u00e4nga in i dragst\u00e5ngsh\u00e5len, vilket skyddar betongens integritet och minskar sannolikheten f\u00f6r framtida problem som korrosion eller sprickor.<\/p>\n<h4>F\u00f6renklad montering och demontering<\/h4>\n<p>Genom att vingmuttrar ing\u00e5r i dragst\u00e5ngssystemet effektiviseras monteringsprocessen. De dras \u00e5t f\u00f6r hand, vilket eliminerar behovet av specialverktyg och g\u00f6r det m\u00f6jligt f\u00f6r byggnadsarbetare att montera och demontera formar snabbt och effektivt. Detta sparar inte bara tid utan minskar ocks\u00e5 arbetskostnaderna, vilket g\u00f6r systemet till ett f\u00f6rstahandsval f\u00f6r projekt av alla storlekar.<\/p>\n<h4>M\u00e5ngsidighet i olika applikationer<\/h4>\n<p>Dragst\u00e5ngssystemets anpassningsf\u00f6rm\u00e5ga g\u00f6r det l\u00e4mpligt f\u00f6r ett brett spektrum av betongkonstruktioner, fr\u00e5n enkla plattor till komplexa arkitektoniska konstruktioner. Dess komponenter kan justeras f\u00f6r att passa olika formstorlekar och konfigurationer, vilket ger den flexibilitet som kr\u00e4vs f\u00f6r att uppfylla olika projektkrav.<\/p>\n<h3>Den viktiga rollen f\u00f6r kvalitet i dragst\u00e5ngssystem<\/h3>\n<h4>H\u00f6gprecisionstillverkning f\u00f6r tillf\u00f6rlitlighet<\/h4>\n<p>Dragst\u00e4nger, dragmuttrar, vattenstopp och vingmuttrar m\u00e5ste uppfylla str\u00e4nga kvalitetsstandarder f\u00f6r att fungera effektivt. Eventuella avvikelser i m\u00e5tt eller g\u00e4ngning kan leda till felaktiga passningar, vilket \u00e4ventyrar formsystemets stabilitet. Tillverkning med h\u00f6g precision s\u00e4kerst\u00e4ller att varje komponent fungerar s\u00f6ml\u00f6st tillsammans och levererar konsekvent prestanda p\u00e5 plats.<\/p>\n<h4>V\u00e4rdet av h\u00e5llbarhet och styrka<\/h4>\n<p>I byggmilj\u00f6er uts\u00e4tts formsystem f\u00f6r extrema f\u00f6rh\u00e5llanden, fr\u00e5n tunga belastningar till exponering f\u00f6r vatten och andra element. H\u00e5llbarhet \u00e4r av st\u00f6rsta vikt, s\u00e4rskilt f\u00f6r dragmuttrar och st\u00e4nger, som uts\u00e4tts f\u00f6r det st\u00f6rsta trycket under gjutningsprocessen. Genom att v\u00e4lja komponenter tillverkade av h\u00f6gkvalitativa material kan man s\u00e4kerst\u00e4lla att systemet klarar dessa utmaningar utan att g\u00e5 s\u00f6nder.<\/p>\n<h4>F\u00f6rb\u00e4ttrad strukturell integritet p\u00e5 l\u00e5ng sikt<\/h4>\n<p>Inf\u00f6randet av vattenstopp i dragst\u00e5ngssystemet visar hur viktigt det \u00e4r med proaktiva \u00e5tg\u00e4rder i konstruktionen. Genom att f\u00f6rhindra vatteninfiltration bidrar dessa komponenter till konstruktionens l\u00e5ngsiktiga h\u00e5llbarhet, vilket minskar underh\u00e5llsbehovet och f\u00f6rl\u00e4nger dess livsl\u00e4ngd.<\/p>\n<h4><\/h4>\n<p>&nbsp;<\/p>\n<p>&nbsp;<\/p>\n<p>&nbsp;<\/p>\n<p>&nbsp;<\/p>","protected":false},"excerpt":{"rendered":"<p>Dragmuttrar f\u00f6r forms\u00e4ttning \u00e4r oumb\u00e4rliga vid betongkonstruktion och s\u00e4kerst\u00e4ller stabilitet och inriktning av forms\u00e4ttningssystem. Som ett handelsf\u00f6retag med 20 \u00e5rs expertis erbjuder Qingdao H&amp;F h\u00f6gkvalitativa dragmuttrar som \u00e4r kompatibla med olika dragst\u00e5ngssystem, inklusive vattenstopp och vingmuttrar. Vi tar itu med k\u00f6parens problem genom att tillhandah\u00e5lla en-till-en kundservice, snabba leveranscykler och detaljerade kvalitetsinspektionsrapporter f\u00f6r att s\u00e4kerst\u00e4lla att varje produkt uppfyller str\u00e4nga standarder.<\/p>","protected":false},"featured_media":3694,"comment_status":"open","ping_status":"closed","template":"","meta":{"site-sidebar-layout":"default","site-content-layout":"default","ast-site-content-layout":"default","site-content-style":"default","site-sidebar-style":"default","ast-global-header-display":"","ast-banner-title-visibility":"","ast-main-header-display":"","ast-hfb-above-header-display":"","ast-hfb-below-header-display":"","ast-hfb-mobile-header-display":"","site-post-title":"","ast-breadcrumbs-content":"","ast-featured-img":"","footer-sml-layout":"","theme-transparent-header-meta":"default","adv-header-id-meta":"","stick-header-meta":"default","header-above-stick-meta":"","header-main-stick-meta":"","header-below-stick-meta":"","astra-migrate-meta-layouts":"set","ast-page-background-enabled":"default","ast-page-background-meta":{"desktop":{"background-color":"","background-image":"","background-repeat":"repeat","background-position":"center center","background-size":"auto","background-attachment":"scroll","background-type":"","background-media":"","overlay-type":"","overlay-color":"","overlay-opacity":"","overlay-gradient":""},"tablet":{"background-color":"","background-image":"","background-repeat":"repeat","background-position":"center center","background-size":"auto","background-attachment":"scroll","background-type":"","background-media":"","overlay-type":"","overlay-color":"","overlay-opacity":"","overlay-gradient":""},"mobile":{"background-color":"","background-image":"","background-repeat":"repeat","background-position":"center center","background-size":"auto","background-attachment":"scroll","background-type":"","background-media":"","overlay-type":"","overlay-color":"","overlay-opacity":"","overlay-gradient":""}},"ast-content-background-meta":{"desktop":{"background-color":"var(--ast-global-color-5)","background-image":"","background-repeat":"repeat","background-position":"center center","background-size":"auto","background-attachment":"scroll","background-type":"","background-media":"","overlay-type":"","overlay-color":"","overlay-opacity":"","overlay-gradient":""},"tablet":{"background-color":"var(--ast-global-color-5)","background-image":"","background-repeat":"repeat","background-position":"center center","background-size":"auto","background-attachment":"scroll","background-type":"","background-media":"","overlay-type":"","overlay-color":"","overlay-opacity":"","overlay-gradient":""},"mobile":{"background-color":"var(--ast-global-color-5)","background-image":"","background-repeat":"repeat","background-position":"center center","background-size":"auto","background-attachment":"scroll","background-type":"","background-media":"","overlay-type":"","overlay-color":"","overlay-opacity":"","overlay-gradient":""}}},"product_brand":[],"product_cat":[79],"product_tag":[],"class_list":{"0":"post-2218","1":"product","2":"type-product","3":"status-publish","4":"has-post-thumbnail","6":"product_cat-tie-rod-system","7":"desktop-align-left","8":"tablet-align-left","9":"mobile-align-left","10":"ast-product-gallery-layout-horizontal-slider","11":"ast-product-tabs-layout-horizontal","13":"first","14":"instock","15":"shipping-taxable","16":"purchasable","17":"product-type-simple"},"yoast_head":"<!-- This site is optimized with the Yoast SEO plugin v25.2 - https:\/\/yoast.com\/wordpress\/plugins\/seo\/ -->\n<title>Formwork Tie Nut<\/title>\n<meta name=\"description\" content=\"Concrete Formwork Tie Nut is a component used in construction to secure concrete formwork\" \/>\n<meta name=\"robots\" content=\"index, follow, max-snippet:-1, max-image-preview:large, max-video-preview:-1\" \/>\n<link rel=\"canonical\" href=\"https:\/\/qingdaohf.com\/sv\/produkt\/spannmutter\/\" \/>\n<meta property=\"og:locale\" content=\"sv_SE\" \/>\n<meta property=\"og:type\" content=\"article\" \/>\n<meta property=\"og:title\" content=\"Formwork Tie Nut\" \/>\n<meta property=\"og:description\" content=\"Concrete Formwork Tie Nut is a component used in construction to secure concrete formwork\" \/>\n<meta property=\"og:url\" content=\"https:\/\/qingdaohf.com\/sv\/produkt\/spannmutter\/\" \/>\n<meta property=\"og:site_name\" content=\"Concrete Form &amp; Rigging Hardware Supplier\" \/>\n<meta property=\"article:publisher\" content=\"https:\/\/www.facebook.com\/qingdaohf\" \/>\n<meta property=\"article:modified_time\" content=\"2025-11-13T01:06:17+00:00\" \/>\n<meta property=\"og:image\" content=\"https:\/\/qingdaohf.com\/wp-content\/uploads\/2023\/02\/HF-tie-nut-7.jpg\" \/>\n\t<meta property=\"og:image:width\" content=\"1000\" \/>\n\t<meta property=\"og:image:height\" content=\"1000\" \/>\n\t<meta property=\"og:image:type\" content=\"image\/jpeg\" \/>\n<meta name=\"twitter:card\" content=\"summary_large_image\" \/>\n<meta name=\"twitter:label1\" content=\"Ber\u00e4knad l\u00e4stid\" \/>\n\t<meta name=\"twitter:data1\" content=\"4 minuter\" \/>\n<script type=\"application\/ld+json\" class=\"yoast-schema-graph\">{\"@context\":\"https:\/\/schema.org\",\"@graph\":[{\"@type\":\"WebPage\",\"@id\":\"https:\/\/qingdaohf.com\/product\/tie-nut\/\",\"url\":\"https:\/\/qingdaohf.com\/product\/tie-nut\/\",\"name\":\"Formwork Tie Nut\",\"isPartOf\":{\"@id\":\"https:\/\/qingdaohf.com\/bg\/#website\"},\"primaryImageOfPage\":{\"@id\":\"https:\/\/qingdaohf.com\/product\/tie-nut\/#primaryimage\"},\"image\":{\"@id\":\"https:\/\/qingdaohf.com\/product\/tie-nut\/#primaryimage\"},\"thumbnailUrl\":\"https:\/\/qingdaohf.com\/wp-content\/uploads\/2023\/02\/HF-tie-nut-7.jpg\",\"datePublished\":\"2023-02-15T03:57:32+00:00\",\"dateModified\":\"2025-11-13T01:06:17+00:00\",\"description\":\"Concrete Formwork Tie Nut is a component used in construction to secure concrete formwork\",\"breadcrumb\":{\"@id\":\"https:\/\/qingdaohf.com\/product\/tie-nut\/#breadcrumb\"},\"inLanguage\":\"sv-SE\",\"potentialAction\":[{\"@type\":\"ReadAction\",\"target\":[\"https:\/\/qingdaohf.com\/product\/tie-nut\/\"]}]},{\"@type\":\"ImageObject\",\"inLanguage\":\"sv-SE\",\"@id\":\"https:\/\/qingdaohf.com\/product\/tie-nut\/#primaryimage\",\"url\":\"https:\/\/qingdaohf.com\/wp-content\/uploads\/2023\/02\/HF-tie-nut-7.jpg\",\"contentUrl\":\"https:\/\/qingdaohf.com\/wp-content\/uploads\/2023\/02\/HF-tie-nut-7.jpg\",\"width\":1000,\"height\":1000,\"caption\":\"HF tie nut\"},{\"@type\":\"BreadcrumbList\",\"@id\":\"https:\/\/qingdaohf.com\/product\/tie-nut\/#breadcrumb\",\"itemListElement\":[{\"@type\":\"ListItem\",\"position\":1,\"name\":\"Home\",\"item\":\"https:\/\/qingdaohf.com\/\"},{\"@type\":\"ListItem\",\"position\":2,\"name\":\"Concrete Forming Accessories and Rigging Hardware\",\"item\":\"https:\/\/qingdaohf.com\/bg\/?page_id=944\"},{\"@type\":\"ListItem\",\"position\":3,\"name\":\"Formwork Tie Nut\"}]},{\"@type\":\"WebSite\",\"@id\":\"https:\/\/qingdaohf.com\/bg\/#website\",\"url\":\"https:\/\/qingdaohf.com\/bg\/\",\"name\":\"Concrete Form & Rigging Hardware Supplier\",\"description\":\"\",\"publisher\":{\"@id\":\"https:\/\/qingdaohf.com\/bg\/#organization\"},\"potentialAction\":[{\"@type\":\"SearchAction\",\"target\":{\"@type\":\"EntryPoint\",\"urlTemplate\":\"https:\/\/qingdaohf.com\/bg\/?s={search_term_string}\"},\"query-input\":{\"@type\":\"PropertyValueSpecification\",\"valueRequired\":true,\"valueName\":\"search_term_string\"}}],\"inLanguage\":\"sv-SE\"},{\"@type\":\"Organization\",\"@id\":\"https:\/\/qingdaohf.com\/bg\/#organization\",\"name\":\"Qingdao H&F\",\"url\":\"https:\/\/qingdaohf.com\/bg\/\",\"logo\":{\"@type\":\"ImageObject\",\"inLanguage\":\"sv-SE\",\"@id\":\"https:\/\/qingdaohf.com\/bg\/#\/schema\/logo\/image\/\",\"url\":\"https:\/\/qingdaohf.com\/wp-content\/uploads\/2022\/12\/cropped-HF-LOGO.png\",\"contentUrl\":\"https:\/\/qingdaohf.com\/wp-content\/uploads\/2022\/12\/cropped-HF-LOGO.png\",\"width\":391,\"height\":249,\"caption\":\"Qingdao H&F\"},\"image\":{\"@id\":\"https:\/\/qingdaohf.com\/bg\/#\/schema\/logo\/image\/\"},\"sameAs\":[\"https:\/\/www.facebook.com\/qingdaohf\"]}]}<\/script>\n<!-- \/ Yoast SEO plugin. -->","yoast_head_json":{"title":"Formwork Tie Nut","description":"Concrete Formwork Tie Nut is a component used in construction to secure concrete formwork","robots":{"index":"index","follow":"follow","max-snippet":"max-snippet:-1","max-image-preview":"max-image-preview:large","max-video-preview":"max-video-preview:-1"},"canonical":"https:\/\/qingdaohf.com\/sv\/produkt\/spannmutter\/","og_locale":"sv_SE","og_type":"article","og_title":"Formwork Tie Nut","og_description":"Concrete Formwork Tie Nut is a component used in construction to secure concrete formwork","og_url":"https:\/\/qingdaohf.com\/sv\/produkt\/spannmutter\/","og_site_name":"Concrete Form &amp; Rigging Hardware Supplier","article_publisher":"https:\/\/www.facebook.com\/qingdaohf","article_modified_time":"2025-11-13T01:06:17+00:00","og_image":[{"width":1000,"height":1000,"url":"https:\/\/qingdaohf.com\/wp-content\/uploads\/2023\/02\/HF-tie-nut-7.jpg","type":"image\/jpeg"}],"twitter_card":"summary_large_image","twitter_misc":{"Ber\u00e4knad l\u00e4stid":"4 minuter"},"schema":{"@context":"https:\/\/schema.org","@graph":[{"@type":"WebPage","@id":"https:\/\/qingdaohf.com\/product\/tie-nut\/","url":"https:\/\/qingdaohf.com\/product\/tie-nut\/","name":"Formwork Tie Nut","isPartOf":{"@id":"https:\/\/qingdaohf.com\/bg\/#website"},"primaryImageOfPage":{"@id":"https:\/\/qingdaohf.com\/product\/tie-nut\/#primaryimage"},"image":{"@id":"https:\/\/qingdaohf.com\/product\/tie-nut\/#primaryimage"},"thumbnailUrl":"https:\/\/qingdaohf.com\/wp-content\/uploads\/2023\/02\/HF-tie-nut-7.jpg","datePublished":"2023-02-15T03:57:32+00:00","dateModified":"2025-11-13T01:06:17+00:00","description":"Concrete Formwork Tie Nut is a component used in construction to secure concrete formwork","breadcrumb":{"@id":"https:\/\/qingdaohf.com\/product\/tie-nut\/#breadcrumb"},"inLanguage":"sv-SE","potentialAction":[{"@type":"ReadAction","target":["https:\/\/qingdaohf.com\/product\/tie-nut\/"]}]},{"@type":"ImageObject","inLanguage":"sv-SE","@id":"https:\/\/qingdaohf.com\/product\/tie-nut\/#primaryimage","url":"https:\/\/qingdaohf.com\/wp-content\/uploads\/2023\/02\/HF-tie-nut-7.jpg","contentUrl":"https:\/\/qingdaohf.com\/wp-content\/uploads\/2023\/02\/HF-tie-nut-7.jpg","width":1000,"height":1000,"caption":"HF tie nut"},{"@type":"BreadcrumbList","@id":"https:\/\/qingdaohf.com\/product\/tie-nut\/#breadcrumb","itemListElement":[{"@type":"ListItem","position":1,"name":"Home","item":"https:\/\/qingdaohf.com\/"},{"@type":"ListItem","position":2,"name":"Concrete Forming Accessories and Rigging Hardware","item":"https:\/\/qingdaohf.com\/bg\/?page_id=944"},{"@type":"ListItem","position":3,"name":"Formwork Tie Nut"}]},{"@type":"WebSite","@id":"https:\/\/qingdaohf.com\/bg\/#website","url":"https:\/\/qingdaohf.com\/bg\/","name":"Concrete Form & Rigging Hardware Supplier","description":"","publisher":{"@id":"https:\/\/qingdaohf.com\/bg\/#organization"},"potentialAction":[{"@type":"SearchAction","target":{"@type":"EntryPoint","urlTemplate":"https:\/\/qingdaohf.com\/bg\/?s={search_term_string}"},"query-input":{"@type":"PropertyValueSpecification","valueRequired":true,"valueName":"search_term_string"}}],"inLanguage":"sv-SE"},{"@type":"Organization","@id":"https:\/\/qingdaohf.com\/bg\/#organization","name":"Qingdao H&F","url":"https:\/\/qingdaohf.com\/bg\/","logo":{"@type":"ImageObject","inLanguage":"sv-SE","@id":"https:\/\/qingdaohf.com\/bg\/#\/schema\/logo\/image\/","url":"https:\/\/qingdaohf.com\/wp-content\/uploads\/2022\/12\/cropped-HF-LOGO.png","contentUrl":"https:\/\/qingdaohf.com\/wp-content\/uploads\/2022\/12\/cropped-HF-LOGO.png","width":391,"height":249,"caption":"Qingdao H&F"},"image":{"@id":"https:\/\/qingdaohf.com\/bg\/#\/schema\/logo\/image\/"},"sameAs":["https:\/\/www.facebook.com\/qingdaohf"]}]}},"_links":{"self":[{"href":"https:\/\/qingdaohf.com\/sv\/wp-json\/wp\/v2\/product\/2218","targetHints":{"allow":["GET"]}}],"collection":[{"href":"https:\/\/qingdaohf.com\/sv\/wp-json\/wp\/v2\/product"}],"about":[{"href":"https:\/\/qingdaohf.com\/sv\/wp-json\/wp\/v2\/types\/product"}],"replies":[{"embeddable":true,"href":"https:\/\/qingdaohf.com\/sv\/wp-json\/wp\/v2\/comments?post=2218"}],"version-history":[{"count":4,"href":"https:\/\/qingdaohf.com\/sv\/wp-json\/wp\/v2\/product\/2218\/revisions"}],"predecessor-version":[{"id":8606,"href":"https:\/\/qingdaohf.com\/sv\/wp-json\/wp\/v2\/product\/2218\/revisions\/8606"}],"wp:featuredmedia":[{"embeddable":true,"href":"https:\/\/qingdaohf.com\/sv\/wp-json\/wp\/v2\/media\/3694"}],"wp:attachment":[{"href":"https:\/\/qingdaohf.com\/sv\/wp-json\/wp\/v2\/media?parent=2218"}],"wp:term":[{"taxonomy":"product_brand","embeddable":true,"href":"https:\/\/qingdaohf.com\/sv\/wp-json\/wp\/v2\/product_brand?post=2218"},{"taxonomy":"product_cat","embeddable":true,"href":"https:\/\/qingdaohf.com\/sv\/wp-json\/wp\/v2\/product_cat?post=2218"},{"taxonomy":"product_tag","embeddable":true,"href":"https:\/\/qingdaohf.com\/sv\/wp-json\/wp\/v2\/product_tag?post=2218"}],"curies":[{"name":"wp","href":"https:\/\/api.w.org\/{rel}","templated":true}]}}