{"id":2316,"date":"2023-02-22T10:23:19","date_gmt":"2023-02-22T02:23:19","guid":{"rendered":"http:\/\/qingdaohf.com\/?post_type=product&#038;p=2316"},"modified":"2025-11-13T09:06:16","modified_gmt":"2025-11-13T01:06:16","slug":"lifting-clutch","status":"publish","type":"product","link":"https:\/\/qingdaohf.com\/sv\/produkt\/lyftkoppling\/","title":{"rendered":"Betonglyftkoppling | Ring f\u00f6r prefabricerad betong"},"content":{"rendered":"<div class=\"ast-oembed-container\" style=\"height: 100%;\"><iframe title=\"Lyftsystem Lyftkoppling Ringkoppling\" width=\"500\" height=\"375\" src=\"https:\/\/www.youtube.com\/embed\/2t3mD7-W5ng?feature=oembed\" frameborder=\"0\" allow=\"accelerometer; autoplay; clipboard-write; encrypted-media; gyroscope; picture-in-picture; web-share\" referrerpolicy=\"strict-origin-when-cross-origin\" allowfullscreen><\/iframe><\/div>\n<p>Lyftkopplingen \u00e4r utformad f\u00f6r att f\u00f6rdela lasten j\u00e4mnt \u00f6ver flera punkter, vilket minskar belastningen p\u00e5 en enskild punkt och minimerar risken f\u00f6r att lasten glider eller blir obalanserad under lyftet. Detta g\u00f6r den till ett viktigt verktyg f\u00f6r att lyfta tunga och skrymmande f\u00f6rem\u00e5l, t.ex. prefabricerade betongelement, st\u00e5lbalkar och maskiner.<\/p>\n<p>Lyftkopplingar finns i olika storlekar och viktkapaciteter f\u00f6r att tillgodose olika lastkrav. De \u00e4r ofta tillverkade av h\u00f6gh\u00e5llfast st\u00e5l f\u00f6r att klara p\u00e5frestningarna vid lyft av tunga laster och \u00e4r konstruerade f\u00f6r att uppfylla internationella s\u00e4kerhetsstandarder.<\/p>\n<h3 class=\"wp-block-heading has-medium-font-size\"><strong>Material och konstruktion:<\/strong><\/h3>\n<p>Prefabricerade lyftkopplingar \u00e4r vanligtvis tillverkade av h\u00f6gh\u00e5llfast st\u00e5l f\u00f6r att klara de p\u00e5frestningar som tunga laster inneb\u00e4r. St\u00e5lkonstruktionen s\u00e4kerst\u00e4ller h\u00e5llbarhet och tillf\u00f6rlitlighet, vilket g\u00f6r dem l\u00e4mpliga f\u00f6r anv\u00e4ndning i olika byggmilj\u00f6er. Kopplingarna \u00e4r konstruerade f\u00f6r att uppfylla specifika lastb\u00e4rande kapaciteter, vilket s\u00e4kerst\u00e4ller att de s\u00e4kert kan lyfta och transportera prefabricerade betongelement av olika storlekar och vikter.<\/p>\n<h3 class=\"wp-block-heading has-medium-font-size\"><strong>Design och funktionalitet:<\/strong><\/h3>\n<p>Utformningen av prefabricerade lyftkopplingar k\u00e4nnetecknas av en robust och kompakt struktur, med en krok- eller \u00f6glemekanism som s\u00e4kert f\u00e4ster vid lyftankare som \u00e4r inb\u00e4ddade i prefabricerade betongelement. Denna inf\u00e4stning s\u00e4kerst\u00e4ller en stabil anslutning mellan lyftkopplingen och betongelementet, vilket m\u00f6jligg\u00f6r s\u00e4ker lyftning och hantering.<\/p>\n<h3 class=\"wp-block-heading has-medium-font-size\"><strong>Till\u00e4mpningsscenarier:<\/strong><\/h3>\n<p>Prefabricerade lyftkopplingar anv\u00e4nds i stor utstr\u00e4ckning i en rad olika byggapplikationer, bland annat<\/p>\n<p><strong>Fabriker f\u00f6r tillverkning av prefabricerad betong:<\/strong>\u00a0Lyftkopplingar anv\u00e4nds under produktionsprocessen f\u00f6r att lyfta och transportera prefabricerade betongelement inom tillverkningsanl\u00e4ggningen.<\/p>\n<p><strong>Byggarbetsplatser:<\/strong>\u00a0Lyftkopplingar \u00e4r n\u00f6dv\u00e4ndiga f\u00f6r att lyfta och montera prefabricerade betongelement p\u00e5 byggarbetsplatser, t.ex. byggnader, broar, parkeringshus och infrastrukturprojekt.<\/p>\n<p><strong>Ombyggnads- och renoveringsprojekt:<\/strong>\u00a0Lyftkopplingar anv\u00e4nds ocks\u00e5 vid ombyggnads- och renoveringsprojekt d\u00e4r prefabricerade betongkomponenter monteras p\u00e5 befintliga konstruktioner.<\/p>\n<h3 class=\"wp-block-heading has-medium-font-size\"><strong>F\u00f6rdelar med att anv\u00e4nda prefabricerade lyftkopplingar:<\/strong><\/h3>\n<p><strong>S\u00e4kerhet:<\/strong>\u00a0Prefabricerade lyftkopplingar \u00e4r utformade f\u00f6r att s\u00e4kerst\u00e4lla s\u00e4ker fasts\u00e4ttning p\u00e5 prefabricerade betongelement, vilket minimerar risken f\u00f6r olyckor eller miss\u00f6den under lyftoperationer.<\/p>\n<p><strong>Effektivitet:<\/strong>\u00a0Anv\u00e4ndningen av lyftkopplingar effektiviserar lyft- och hanteringsprocessen, vilket m\u00f6jligg\u00f6r en snabbare och effektivare installation av prefabricerade betongelement.<\/p>\n<p><strong>M\u00e5ngsidighet:<\/strong>\u00a0Prefabricerade lyftkopplingar \u00e4r kompatibla med olika typer av lyftutrustning, inklusive kranar, lyftanordningar och gaffeltruckar, vilket g\u00f6r dem l\u00e4mpliga f\u00f6r ett brett spektrum av byggapplikationer.<\/p>\n<p><strong>Kostnadseffektivitet:<\/strong>\u00a0Genom att m\u00f6jligg\u00f6ra snabbare installationstider och minimera behovet av manuellt arbete bidrar prefabricerade lyftkopplingar till att minska de totala projektkostnaderna.<\/p>","protected":false},"excerpt":{"rendered":"<p>En lyftkoppling eller lyftring \u00e4r ett verktyg som anv\u00e4nds i lyftsystem f\u00f6r att f\u00e4sta och lyfta tunga laster p\u00e5 ett s\u00e4kert och effektivt s\u00e4tt. Det best\u00e5r av en metallring eller en upps\u00e4ttning krokar som kan f\u00e4stas p\u00e5 lasten och anslutas till lyftutrustningen, t.ex. en kran eller en lyftanordning.<\/p>","protected":false},"featured_media":3188,"comment_status":"open","ping_status":"closed","template":"","meta":{"site-sidebar-layout":"default","site-content-layout":"default","ast-site-content-layout":"default","site-content-style":"default","site-sidebar-style":"default","ast-global-header-display":"","ast-banner-title-visibility":"","ast-main-header-display":"","ast-hfb-above-header-display":"","ast-hfb-below-header-display":"","ast-hfb-mobile-header-display":"","site-post-title":"","ast-breadcrumbs-content":"","ast-featured-img":"","footer-sml-layout":"","theme-transparent-header-meta":"default","adv-header-id-meta":"","stick-header-meta":"default","header-above-stick-meta":"","header-main-stick-meta":"","header-below-stick-meta":"","astra-migrate-meta-layouts":"set","ast-page-background-enabled":"default","ast-page-background-meta":{"desktop":{"background-color":"","background-image":"","background-repeat":"repeat","background-position":"center center","background-size":"auto","background-attachment":"scroll","background-type":"","background-media":"","overlay-type":"","overlay-color":"","overlay-opacity":"","overlay-gradient":""},"tablet":{"background-color":"","background-image":"","background-repeat":"repeat","background-position":"center center","background-size":"auto","background-attachment":"scroll","background-type":"","background-media":"","overlay-type":"","overlay-color":"","overlay-opacity":"","overlay-gradient":""},"mobile":{"background-color":"","background-image":"","background-repeat":"repeat","background-position":"center center","background-size":"auto","background-attachment":"scroll","background-type":"","background-media":"","overlay-type":"","overlay-color":"","overlay-opacity":"","overlay-gradient":""}},"ast-content-background-meta":{"desktop":{"background-color":"var(--ast-global-color-5)","background-image":"","background-repeat":"repeat","background-position":"center center","background-size":"auto","background-attachment":"scroll","background-type":"","background-media":"","overlay-type":"","overlay-color":"","overlay-opacity":"","overlay-gradient":""},"tablet":{"background-color":"var(--ast-global-color-5)","background-image":"","background-repeat":"repeat","background-position":"center center","background-size":"auto","background-attachment":"scroll","background-type":"","background-media":"","overlay-type":"","overlay-color":"","overlay-opacity":"","overlay-gradient":""},"mobile":{"background-color":"var(--ast-global-color-5)","background-image":"","background-repeat":"repeat","background-position":"center center","background-size":"auto","background-attachment":"scroll","background-type":"","background-media":"","overlay-type":"","overlay-color":"","overlay-opacity":"","overlay-gradient":""}}},"product_brand":[],"product_cat":[30],"product_tag":[],"class_list":{"0":"post-2316","1":"product","2":"type-product","3":"status-publish","4":"has-post-thumbnail","6":"product_cat-lifting-anchor","7":"desktop-align-left","8":"tablet-align-left","9":"mobile-align-left","10":"ast-product-gallery-layout-horizontal-slider","11":"ast-product-tabs-layout-horizontal","13":"first","14":"instock","15":"shipping-taxable","16":"purchasable","17":"product-type-simple"},"yoast_head":"<!-- This site is optimized with the Yoast SEO plugin v25.2 - https:\/\/yoast.com\/wordpress\/plugins\/seo\/ -->\n<title>Concrete Lifting Clutch | Ring for Precast Concrete<\/title>\n<meta name=\"description\" content=\"A Lifting Clutch or Ring Lifting is a tool used in lifting systems to attach and lift heavy loads safely and efficiently.\" \/>\n<meta name=\"robots\" content=\"index, follow, max-snippet:-1, max-image-preview:large, max-video-preview:-1\" \/>\n<link rel=\"canonical\" href=\"https:\/\/qingdaohf.com\/sv\/produkt\/lyftkoppling\/\" \/>\n<meta property=\"og:locale\" content=\"sv_SE\" \/>\n<meta property=\"og:type\" content=\"article\" \/>\n<meta property=\"og:title\" content=\"Concrete Lifting Clutch | Ring for Precast Concrete\" \/>\n<meta property=\"og:description\" content=\"A Lifting Clutch or Ring Lifting is a tool used in lifting systems to attach and lift heavy loads safely and efficiently.\" \/>\n<meta property=\"og:url\" content=\"https:\/\/qingdaohf.com\/sv\/produkt\/lyftkoppling\/\" \/>\n<meta property=\"og:site_name\" content=\"Concrete Form &amp; Rigging Hardware Supplier\" \/>\n<meta property=\"article:publisher\" content=\"https:\/\/www.facebook.com\/qingdaohf\" \/>\n<meta property=\"article:modified_time\" content=\"2025-11-13T01:06:16+00:00\" \/>\n<meta property=\"og:image\" content=\"https:\/\/qingdaohf.com\/wp-content\/uploads\/2023\/02\/Lifting-clutchring-lifting-2.jpg\" \/>\n\t<meta property=\"og:image:width\" content=\"1000\" \/>\n\t<meta property=\"og:image:height\" content=\"1000\" \/>\n\t<meta property=\"og:image:type\" content=\"image\/jpeg\" \/>\n<meta name=\"twitter:card\" content=\"summary_large_image\" \/>\n<meta name=\"twitter:label1\" content=\"Ber\u00e4knad l\u00e4stid\" \/>\n\t<meta name=\"twitter:data1\" content=\"2 minuter\" \/>\n<script type=\"application\/ld+json\" class=\"yoast-schema-graph\">{\"@context\":\"https:\/\/schema.org\",\"@graph\":[{\"@type\":\"WebPage\",\"@id\":\"https:\/\/qingdaohf.com\/product\/lifting-clutch\/\",\"url\":\"https:\/\/qingdaohf.com\/product\/lifting-clutch\/\",\"name\":\"Concrete Lifting Clutch | Ring for Precast Concrete\",\"isPartOf\":{\"@id\":\"https:\/\/qingdaohf.com\/bg\/#website\"},\"primaryImageOfPage\":{\"@id\":\"https:\/\/qingdaohf.com\/product\/lifting-clutch\/#primaryimage\"},\"image\":{\"@id\":\"https:\/\/qingdaohf.com\/product\/lifting-clutch\/#primaryimage\"},\"thumbnailUrl\":\"https:\/\/qingdaohf.com\/wp-content\/uploads\/2023\/02\/Lifting-clutchring-lifting-2.jpg\",\"datePublished\":\"2023-02-22T02:23:19+00:00\",\"dateModified\":\"2025-11-13T01:06:16+00:00\",\"description\":\"A Lifting Clutch or Ring Lifting is a tool used in lifting systems to attach and lift heavy loads safely and efficiently.\",\"breadcrumb\":{\"@id\":\"https:\/\/qingdaohf.com\/product\/lifting-clutch\/#breadcrumb\"},\"inLanguage\":\"sv-SE\",\"potentialAction\":[{\"@type\":\"ReadAction\",\"target\":[\"https:\/\/qingdaohf.com\/product\/lifting-clutch\/\"]}]},{\"@type\":\"ImageObject\",\"inLanguage\":\"sv-SE\",\"@id\":\"https:\/\/qingdaohf.com\/product\/lifting-clutch\/#primaryimage\",\"url\":\"https:\/\/qingdaohf.com\/wp-content\/uploads\/2023\/02\/Lifting-clutchring-lifting-2.jpg\",\"contentUrl\":\"https:\/\/qingdaohf.com\/wp-content\/uploads\/2023\/02\/Lifting-clutchring-lifting-2.jpg\",\"width\":1000,\"height\":1000,\"caption\":\"Lifting Clutch \\\\Ring Lifting\"},{\"@type\":\"BreadcrumbList\",\"@id\":\"https:\/\/qingdaohf.com\/product\/lifting-clutch\/#breadcrumb\",\"itemListElement\":[{\"@type\":\"ListItem\",\"position\":1,\"name\":\"Home\",\"item\":\"https:\/\/qingdaohf.com\/\"},{\"@type\":\"ListItem\",\"position\":2,\"name\":\"Concrete Forming Accessories and Rigging Hardware\",\"item\":\"https:\/\/qingdaohf.com\/bg\/?page_id=944\"},{\"@type\":\"ListItem\",\"position\":3,\"name\":\"Concrete Lifting Clutch | Ring for Precast Concrete\"}]},{\"@type\":\"WebSite\",\"@id\":\"https:\/\/qingdaohf.com\/bg\/#website\",\"url\":\"https:\/\/qingdaohf.com\/bg\/\",\"name\":\"Concrete Form & Rigging Hardware Supplier\",\"description\":\"\",\"publisher\":{\"@id\":\"https:\/\/qingdaohf.com\/bg\/#organization\"},\"potentialAction\":[{\"@type\":\"SearchAction\",\"target\":{\"@type\":\"EntryPoint\",\"urlTemplate\":\"https:\/\/qingdaohf.com\/bg\/?s={search_term_string}\"},\"query-input\":{\"@type\":\"PropertyValueSpecification\",\"valueRequired\":true,\"valueName\":\"search_term_string\"}}],\"inLanguage\":\"sv-SE\"},{\"@type\":\"Organization\",\"@id\":\"https:\/\/qingdaohf.com\/bg\/#organization\",\"name\":\"Qingdao H&F\",\"url\":\"https:\/\/qingdaohf.com\/bg\/\",\"logo\":{\"@type\":\"ImageObject\",\"inLanguage\":\"sv-SE\",\"@id\":\"https:\/\/qingdaohf.com\/bg\/#\/schema\/logo\/image\/\",\"url\":\"https:\/\/qingdaohf.com\/wp-content\/uploads\/2022\/12\/cropped-HF-LOGO.png\",\"contentUrl\":\"https:\/\/qingdaohf.com\/wp-content\/uploads\/2022\/12\/cropped-HF-LOGO.png\",\"width\":391,\"height\":249,\"caption\":\"Qingdao H&F\"},\"image\":{\"@id\":\"https:\/\/qingdaohf.com\/bg\/#\/schema\/logo\/image\/\"},\"sameAs\":[\"https:\/\/www.facebook.com\/qingdaohf\"]}]}<\/script>\n<!-- \/ Yoast SEO plugin. -->","yoast_head_json":{"title":"Concrete Lifting Clutch | Ring for Precast Concrete","description":"A Lifting Clutch or Ring Lifting is a tool used in lifting systems to attach and lift heavy loads safely and efficiently.","robots":{"index":"index","follow":"follow","max-snippet":"max-snippet:-1","max-image-preview":"max-image-preview:large","max-video-preview":"max-video-preview:-1"},"canonical":"https:\/\/qingdaohf.com\/sv\/produkt\/lyftkoppling\/","og_locale":"sv_SE","og_type":"article","og_title":"Concrete Lifting Clutch | Ring for Precast Concrete","og_description":"A Lifting Clutch or Ring Lifting is a tool used in lifting systems to attach and lift heavy loads safely and efficiently.","og_url":"https:\/\/qingdaohf.com\/sv\/produkt\/lyftkoppling\/","og_site_name":"Concrete Form &amp; Rigging Hardware Supplier","article_publisher":"https:\/\/www.facebook.com\/qingdaohf","article_modified_time":"2025-11-13T01:06:16+00:00","og_image":[{"width":1000,"height":1000,"url":"https:\/\/qingdaohf.com\/wp-content\/uploads\/2023\/02\/Lifting-clutchring-lifting-2.jpg","type":"image\/jpeg"}],"twitter_card":"summary_large_image","twitter_misc":{"Ber\u00e4knad l\u00e4stid":"2 minuter"},"schema":{"@context":"https:\/\/schema.org","@graph":[{"@type":"WebPage","@id":"https:\/\/qingdaohf.com\/product\/lifting-clutch\/","url":"https:\/\/qingdaohf.com\/product\/lifting-clutch\/","name":"Concrete Lifting Clutch | Ring for Precast Concrete","isPartOf":{"@id":"https:\/\/qingdaohf.com\/bg\/#website"},"primaryImageOfPage":{"@id":"https:\/\/qingdaohf.com\/product\/lifting-clutch\/#primaryimage"},"image":{"@id":"https:\/\/qingdaohf.com\/product\/lifting-clutch\/#primaryimage"},"thumbnailUrl":"https:\/\/qingdaohf.com\/wp-content\/uploads\/2023\/02\/Lifting-clutchring-lifting-2.jpg","datePublished":"2023-02-22T02:23:19+00:00","dateModified":"2025-11-13T01:06:16+00:00","description":"A Lifting Clutch or Ring Lifting is a tool used in lifting systems to attach and lift heavy loads safely and efficiently.","breadcrumb":{"@id":"https:\/\/qingdaohf.com\/product\/lifting-clutch\/#breadcrumb"},"inLanguage":"sv-SE","potentialAction":[{"@type":"ReadAction","target":["https:\/\/qingdaohf.com\/product\/lifting-clutch\/"]}]},{"@type":"ImageObject","inLanguage":"sv-SE","@id":"https:\/\/qingdaohf.com\/product\/lifting-clutch\/#primaryimage","url":"https:\/\/qingdaohf.com\/wp-content\/uploads\/2023\/02\/Lifting-clutchring-lifting-2.jpg","contentUrl":"https:\/\/qingdaohf.com\/wp-content\/uploads\/2023\/02\/Lifting-clutchring-lifting-2.jpg","width":1000,"height":1000,"caption":"Lifting Clutch \\Ring Lifting"},{"@type":"BreadcrumbList","@id":"https:\/\/qingdaohf.com\/product\/lifting-clutch\/#breadcrumb","itemListElement":[{"@type":"ListItem","position":1,"name":"Home","item":"https:\/\/qingdaohf.com\/"},{"@type":"ListItem","position":2,"name":"Concrete Forming Accessories and Rigging Hardware","item":"https:\/\/qingdaohf.com\/bg\/?page_id=944"},{"@type":"ListItem","position":3,"name":"Concrete Lifting Clutch | Ring for Precast Concrete"}]},{"@type":"WebSite","@id":"https:\/\/qingdaohf.com\/bg\/#website","url":"https:\/\/qingdaohf.com\/bg\/","name":"Concrete Form & Rigging Hardware Supplier","description":"","publisher":{"@id":"https:\/\/qingdaohf.com\/bg\/#organization"},"potentialAction":[{"@type":"SearchAction","target":{"@type":"EntryPoint","urlTemplate":"https:\/\/qingdaohf.com\/bg\/?s={search_term_string}"},"query-input":{"@type":"PropertyValueSpecification","valueRequired":true,"valueName":"search_term_string"}}],"inLanguage":"sv-SE"},{"@type":"Organization","@id":"https:\/\/qingdaohf.com\/bg\/#organization","name":"Qingdao H&F","url":"https:\/\/qingdaohf.com\/bg\/","logo":{"@type":"ImageObject","inLanguage":"sv-SE","@id":"https:\/\/qingdaohf.com\/bg\/#\/schema\/logo\/image\/","url":"https:\/\/qingdaohf.com\/wp-content\/uploads\/2022\/12\/cropped-HF-LOGO.png","contentUrl":"https:\/\/qingdaohf.com\/wp-content\/uploads\/2022\/12\/cropped-HF-LOGO.png","width":391,"height":249,"caption":"Qingdao H&F"},"image":{"@id":"https:\/\/qingdaohf.com\/bg\/#\/schema\/logo\/image\/"},"sameAs":["https:\/\/www.facebook.com\/qingdaohf"]}]}},"_links":{"self":[{"href":"https:\/\/qingdaohf.com\/sv\/wp-json\/wp\/v2\/product\/2316","targetHints":{"allow":["GET"]}}],"collection":[{"href":"https:\/\/qingdaohf.com\/sv\/wp-json\/wp\/v2\/product"}],"about":[{"href":"https:\/\/qingdaohf.com\/sv\/wp-json\/wp\/v2\/types\/product"}],"replies":[{"embeddable":true,"href":"https:\/\/qingdaohf.com\/sv\/wp-json\/wp\/v2\/comments?post=2316"}],"version-history":[{"count":5,"href":"https:\/\/qingdaohf.com\/sv\/wp-json\/wp\/v2\/product\/2316\/revisions"}],"predecessor-version":[{"id":10255,"href":"https:\/\/qingdaohf.com\/sv\/wp-json\/wp\/v2\/product\/2316\/revisions\/10255"}],"wp:featuredmedia":[{"embeddable":true,"href":"https:\/\/qingdaohf.com\/sv\/wp-json\/wp\/v2\/media\/3188"}],"wp:attachment":[{"href":"https:\/\/qingdaohf.com\/sv\/wp-json\/wp\/v2\/media?parent=2316"}],"wp:term":[{"taxonomy":"product_brand","embeddable":true,"href":"https:\/\/qingdaohf.com\/sv\/wp-json\/wp\/v2\/product_brand?post=2316"},{"taxonomy":"product_cat","embeddable":true,"href":"https:\/\/qingdaohf.com\/sv\/wp-json\/wp\/v2\/product_cat?post=2316"},{"taxonomy":"product_tag","embeddable":true,"href":"https:\/\/qingdaohf.com\/sv\/wp-json\/wp\/v2\/product_tag?post=2316"}],"curies":[{"name":"wp","href":"https:\/\/api.w.org\/{rel}","templated":true}]}}