{"id":2646,"date":"2023-03-02T15:27:12","date_gmt":"2023-03-02T07:27:12","guid":{"rendered":"http:\/\/qingdaohf.com\/?post_type=product&#038;p=2646"},"modified":"2025-11-13T09:05:52","modified_gmt":"2025-11-13T01:05:52","slug":"elephant-foot-ferrule","status":"publish","type":"product","link":"https:\/\/qingdaohf.com\/sv\/produkt\/roud-ferrule-elefantfot-ferrule\/","title":{"rendered":"Ferrule f\u00f6r elefantfot"},"content":{"rendered":"<h2 class=\"text-2xl font-bold mt-1 text-text-200\">Vad \u00e4r Elephant Foot Ferrules och varf\u00f6r \u00e4r de viktiga?<\/h2>\n<p class=\"whitespace-pre-wrap break-words\">Har du n\u00e5gonsin undrat varf\u00f6r de kallas \"elefantfot\"-hylsor? Ta en titt p\u00e5 en s\u00e5 ser du det - dessa kritiska riggkomponenter har en distinkt utsv\u00e4ngd bas som speglar en elefantfot. Men deras unika form \u00e4r inte bara f\u00f6r syns skull. Dessa specialiserade hylsor \u00e4r riggv\u00e4rldens obesjungna hj\u00e4ltar, som skapar bergfasta anslutningar mellan vajrar och lyftsystem. Deras smarta design sprider trycket j\u00e4mnt \u00f6ver repstr\u00e4ngarna, h\u00e5ller fransning i schack och bibeh\u00e5ller kabelstyrkan n\u00e4r det \u00e4r som viktigast.<\/p>\n<p class=\"whitespace-pre-wrap break-words\">L\u00e5t oss vara \u00e4rliga - att v\u00e4lja r\u00e4tt hylsa \u00e4r inte n\u00e5got man ska ta l\u00e4tt p\u00e5. N\u00e4r du har att g\u00f6ra med tunga lyft, marint arbete eller n\u00e5gon annan riggtill\u00e4mpning d\u00e4r sp\u00e4nningen \u00e4r genom taket kan ditt val av hylsa g\u00f6ra eller f\u00f6rst\u00f6ra en operation - ibland bokstavligen. Det \u00e4r d\u00e4rf\u00f6r det inte bara \u00e4r bra att f\u00f6rst\u00e5 dessa komponenter inifr\u00e5n och ut - det \u00e4r avg\u00f6rande f\u00f6r alla i branschen.<\/p>\n<p><img fetchpriority=\"high\" decoding=\"async\" class=\"alignnone size-full wp-image-3403\" src=\"http:\/\/qingdaohf.com\/wp-content\/uploads\/2023\/03\/50-3.jpg\" alt=\"fliken\" width=\"1200\" height=\"412\" srcset=\"https:\/\/qingdaohf.com\/wp-content\/uploads\/2023\/03\/50-3.jpg 1200w, https:\/\/qingdaohf.com\/wp-content\/uploads\/2023\/03\/50-3-300x103.jpg 300w, https:\/\/qingdaohf.com\/wp-content\/uploads\/2023\/03\/50-3-1024x352.jpg 1024w, https:\/\/qingdaohf.com\/wp-content\/uploads\/2023\/03\/50-3-768x264.jpg 768w, https:\/\/qingdaohf.com\/wp-content\/uploads\/2023\/03\/50-3-1000x343.jpg 1000w\" sizes=\"(max-width: 1200px) 100vw, 1200px\" \/><\/p>\n<h2 class=\"text-2xl font-bold mt-1 text-text-200\">Varf\u00f6r v\u00e4lja Qingdao H&amp;F f\u00f6r dina elefantfot Ferrules?<\/h2>\n<p class=\"whitespace-pre-wrap break-words\">Vi p\u00e5 Qingdao H&amp;F f\u00f6rst\u00e5r det - n\u00e4r du k\u00f6per riggh\u00e5rdvara beh\u00f6ver du en partner som levererar mer \u00e4n bara delar. Med m\u00e5nga \u00e5rs erfarenhet av internationell handel har vi byggt upp v\u00e5rt rykte genom att tillverka premiumhylsor som h\u00e5ller m\u00e5ttet. Men vi vet att bra produkter bara \u00e4r en startpunkt.<\/p>\n<p class=\"whitespace-pre-wrap break-words\">Vad \u00e4r det som skiljer oss \u00e5t? Till att b\u00f6rja med kommer du att arbeta direkt med en dedikerad supportperson som kan sin sak. Inga telefontr\u00e4d, inga omv\u00e4gar - bara raka besked och l\u00f6sningar som \u00e4r skr\u00e4ddarsydda f\u00f6r ditt projekts krav. Beh\u00f6ver du anpassade specifikationer? Speciella certifieringar? Vi hj\u00e4lper dig med det. Och eftersom tid \u00e4r pengar har vi effektiviserat v\u00e5r leveransprocess f\u00f6r att h\u00e5lla din verksamhet i r\u00f6relse.<\/p>\n<p class=\"whitespace-pre-wrap break-words\">Kvalitet \u00e4r inte bara ett modeord h\u00e4r. Varje hylsa genomg\u00e5r omfattande tester - vi talar om materialstyrka, korrosionsbest\u00e4ndighet, m\u00e5ttnoggrannhet och mycket annat. Varje order, oavsett om det \u00e4r en enda eller tusen stycken, \u00e5tf\u00f6ljs av detaljerade inspektionsrapporter. F\u00f6r n\u00e4r s\u00e4kerheten st\u00e5r p\u00e5 spel \u00e4r \"tillr\u00e4ckligt bra\" helt enkelt inte det.<\/p>\n<h2 class=\"text-2xl font-bold mt-1 text-text-200\">F\u00f6rst\u00e5 design och till\u00e4mpning av elefantfotshylsor<\/h2>\n<p class=\"whitespace-pre-wrap break-words\">Det geniala med de h\u00e4r hylsorna \u00e4r deras distinkta form. Den bredare basen \u00e4r inte bara till f\u00f6r att se bra ut - den skapar en extra kompressionsyta som griper tag i st\u00e5llinan mer effektivt \u00e4n vad standardhylsor n\u00e5gonsin kan g\u00f6ra. N\u00e4r tryck appliceras sprids belastningen j\u00e4mnt \u00f6ver linans kardeler, vilket f\u00f6rhindrar sp\u00e4nningshotspots som kan leda till fel. Den h\u00e4r smarta konstruktionen minskar ocks\u00e5 friktionen d\u00e4r den beh\u00f6vs, vilket f\u00f6rl\u00e4nger livsl\u00e4ngden p\u00e5 b\u00e5de hylsan och linan.<\/p>\n<p class=\"whitespace-pre-wrap break-words\">Fr\u00e5n offshore-riggar till byggarbetsplatser, \u00f6verallt d\u00e4r det f\u00f6rekommer seri\u00f6sa lyftoperationer hittar du dessa hylsor i h\u00e5rt arbete. Deras verkliga styrka? Anpassningsf\u00f6rm\u00e5gan. Oavsett om du arbetar med rep i rostfritt st\u00e5l, galvaniserat st\u00e5l eller speciallegerade rep klarar elefantfothylsorna det. Denna m\u00e5ngsidighet g\u00f6r dem idealiska f\u00f6r b\u00e5de permanenta installationer och tillf\u00e4lliga installationer d\u00e4r tillf\u00f6rlitligheten inte f\u00e5r \u00e4ventyras.<\/p>\n<h2 class=\"text-2xl font-bold mt-1 text-text-200\">Hur elefantfotshylsor bidrar till s\u00e4kerhet och prestanda<\/h2>\n<p class=\"whitespace-pre-wrap break-words\">I en v\u00e4rld av tunga maskiner och lyftutrustning finns det inget som heter \"mindre\" komponenter. Varje del \u00e4r viktig och dessa hylsor spelar en avg\u00f6rande roll n\u00e4r det g\u00e4ller att f\u00f6rhindra mardr\u00f6msscenarier - rep som glider, fransar sig eller g\u00e5r s\u00f6nder p\u00e5 ett katastrofalt s\u00e4tt. N\u00e4r du lyfter laster som kan orsaka allvarliga skador eller personskador om n\u00e5got g\u00e5r fel, beh\u00f6ver du h\u00e5rdvara som du kan lita p\u00e5.<\/p>\n<p class=\"whitespace-pre-wrap break-words\">Det h\u00e4r \u00e4r inte n\u00e5gra vanliga hylsor. De \u00e4r byggda av f\u00f6rstklassiga material och tillverkade med precision och \u00e4r konstruerade f\u00f6r att klara stormen - bokstavligen. Fr\u00e5n korrosiva milj\u00f6er till extrema temperaturer och applikationer med h\u00f6g p\u00e5frestning, de forts\u00e4tter att prestera n\u00e4r mindre h\u00e5rdvara skulle misslyckas. Kombinera det med v\u00e5r rigor\u00f6sa kvalitetskontroll s\u00e5 f\u00e5r du en sinnesro du kan r\u00e4kna med.<\/p>\n<h2 class=\"text-2xl font-bold mt-1 text-text-200\">F\u00f6rdelen med Qingdao H&amp;F<\/h2>\n<p><img decoding=\"async\" class=\"alignnone wp-image-8732 size-full\" src=\"http:\/\/qingdaohf.com\/wp-content\/uploads\/2023\/03\/HF-packing-5-1.webp\" alt=\"HF-f\u00f6rpackning\" width=\"1920\" height=\"1080\" srcset=\"https:\/\/qingdaohf.com\/wp-content\/uploads\/2023\/03\/HF-packing-5-1.webp 1920w, https:\/\/qingdaohf.com\/wp-content\/uploads\/2023\/03\/HF-packing-5-1-300x169.webp 300w, https:\/\/qingdaohf.com\/wp-content\/uploads\/2023\/03\/HF-packing-5-1-1024x576.webp 1024w, https:\/\/qingdaohf.com\/wp-content\/uploads\/2023\/03\/HF-packing-5-1-768x432.webp 768w, https:\/\/qingdaohf.com\/wp-content\/uploads\/2023\/03\/HF-packing-5-1-1536x864.webp 1536w, https:\/\/qingdaohf.com\/wp-content\/uploads\/2023\/03\/HF-packing-5-1-18x10.webp 18w, https:\/\/qingdaohf.com\/wp-content\/uploads\/2023\/03\/HF-packing-5-1-1000x563.webp 1000w\" sizes=\"(max-width: 1920px) 100vw, 1920px\" \/><\/p>\n<p class=\"whitespace-pre-wrap break-words\">Att v\u00e4lja Qingdao H&amp;F inneb\u00e4r mer \u00e4n att bara k\u00f6pa hylsor - du f\u00e5r en partner som investerar i din framg\u00e5ng. V\u00e5rt team lever och andas riggindustrin, och vi \u00e4r h\u00e4r f\u00f6r att hj\u00e4lpa dig att klara b\u00e5de omedelbara utmaningar och l\u00e5ngsiktiga m\u00e5l.<\/p>\n<p class=\"whitespace-pre-wrap break-words\">Vi har f\u00f6rtj\u00e4nat v\u00e5rt rykte p\u00e5 det h\u00e5rda s\u00e4ttet - genom att konsekvent leverera kvalitetsprodukter, snabb leverans och support som du faktiskt kan r\u00e4kna med. Vill du testa innan du investerar? Vi skickar dig gratisprover p\u00e5 v\u00e5ra vajerprodukter. Detta praktiska tillv\u00e4gag\u00e5ngss\u00e4tt l\u00e5ter dig verifiera kompatibilitet och prestanda innan du fattar viktiga beslut.<\/p>\n<h2 class=\"text-2xl font-bold mt-1 text-text-200\">Slutsats<\/h2>\n<p class=\"whitespace-pre-wrap break-words\">N\u00e4r det g\u00e4ller lyftoperationer \u00e4r elefantfothylsor inte bara en annan del - de \u00e4r sinnesfrid gjord av metall. P\u00e5 Qingdao H&amp;F kombinerar vi premiumprodukter med den expertis och service du beh\u00f6ver f\u00f6r att h\u00e5lla saker och ting ig\u00e5ng smidigt. Oavsett om du arbetar med byggnation, marint arbete eller n\u00e5got annat omr\u00e5de som kr\u00e4ver skotts\u00e4kra riggkomponenter, levererar v\u00e5ra hylsor. Med omfattande tester, personlig support och snabba leveranstider \u00e4r vi redo att bli din partner f\u00f6r rigg- och lyftutrustning. \u00c4r du redo att l\u00e4ra dig mer? L\u00e5t oss prata om hur v\u00e5ra elefantfotshylsor kan lyfta ditt n\u00e4sta projekt.<\/p>","protected":false},"excerpt":{"rendered":"<p>Elephant Foot Ferrules \u00e4r av stor betydelse inom rigg- och lyftindustrin, d\u00e4r de tj\u00e4nar till att skapa en stark och s\u00e4ker anslutning mellan st\u00e5llinor f\u00f6r b\u00e4ttre prestanda n\u00e4r de uts\u00e4tts f\u00f6r tunga applikationer. Kvalitet, noggrannhet och kompatibilitet \u00e4r vanliga problem f\u00f6r alla k\u00f6pare; med Qingdao H&amp;Fs Elephant Foot Ferrules kan du vara s\u00e4ker p\u00e5 en h\u00f6gkvalitativ l\u00f6sning som kommer att uppfylla \u00e4ven de mest kr\u00e4vande kraven. Individuell kundservice, snabba leveranscykler och omfattande kvalitetsinspektionsrapporter \u00e4r bara n\u00e5gra av de f\u00f6rdelar som garanterar att du f\u00e5r den b\u00e4sta produkten, skr\u00e4ddarsydd efter dina behov, varje g\u00e5ng. Oavsett om det \u00e4r anpassade storlekar eller en snabb l\u00f6sning som du beh\u00f6ver kan vi hj\u00e4lpa dig med ditt projekt hela v\u00e4gen.<\/p>","protected":false},"featured_media":3398,"comment_status":"open","ping_status":"closed","template":"","meta":{"site-sidebar-layout":"default","site-content-layout":"default","ast-site-content-layout":"default","site-content-style":"default","site-sidebar-style":"default","ast-global-header-display":"","ast-banner-title-visibility":"","ast-main-header-display":"","ast-hfb-above-header-display":"","ast-hfb-below-header-display":"","ast-hfb-mobile-header-display":"","site-post-title":"","ast-breadcrumbs-content":"","ast-featured-img":"","footer-sml-layout":"","theme-transparent-header-meta":"default","adv-header-id-meta":"","stick-header-meta":"default","header-above-stick-meta":"","header-main-stick-meta":"","header-below-stick-meta":"","astra-migrate-meta-layouts":"set","ast-page-background-enabled":"default","ast-page-background-meta":{"desktop":{"background-color":"","background-image":"","background-repeat":"repeat","background-position":"center center","background-size":"auto","background-attachment":"scroll","background-type":"","background-media":"","overlay-type":"","overlay-color":"","overlay-opacity":"","overlay-gradient":""},"tablet":{"background-color":"","background-image":"","background-repeat":"repeat","background-position":"center center","background-size":"auto","background-attachment":"scroll","background-type":"","background-media":"","overlay-type":"","overlay-color":"","overlay-opacity":"","overlay-gradient":""},"mobile":{"background-color":"","background-image":"","background-repeat":"repeat","background-position":"center center","background-size":"auto","background-attachment":"scroll","background-type":"","background-media":"","overlay-type":"","overlay-color":"","overlay-opacity":"","overlay-gradient":""}},"ast-content-background-meta":{"desktop":{"background-color":"var(--ast-global-color-5)","background-image":"","background-repeat":"repeat","background-position":"center center","background-size":"auto","background-attachment":"scroll","background-type":"","background-media":"","overlay-type":"","overlay-color":"","overlay-opacity":"","overlay-gradient":""},"tablet":{"background-color":"var(--ast-global-color-5)","background-image":"","background-repeat":"repeat","background-position":"center center","background-size":"auto","background-attachment":"scroll","background-type":"","background-media":"","overlay-type":"","overlay-color":"","overlay-opacity":"","overlay-gradient":""},"mobile":{"background-color":"var(--ast-global-color-5)","background-image":"","background-repeat":"repeat","background-position":"center center","background-size":"auto","background-attachment":"scroll","background-type":"","background-media":"","overlay-type":"","overlay-color":"","overlay-opacity":"","overlay-gradient":""}}},"product_brand":[],"product_cat":[50,30],"product_tag":[],"class_list":{"0":"post-2646","1":"product","2":"type-product","3":"status-publish","4":"has-post-thumbnail","6":"product_cat-concrete-form-accessories","7":"product_cat-lifting-anchor","8":"desktop-align-left","9":"tablet-align-left","10":"mobile-align-left","11":"ast-product-gallery-layout-horizontal-slider","12":"ast-product-tabs-layout-horizontal","14":"first","15":"instock","16":"shipping-taxable","17":"purchasable","18":"product-type-simple"},"yoast_head":"<!-- This site is optimized with the Yoast SEO plugin v25.2 - https:\/\/yoast.com\/wordpress\/plugins\/seo\/ -->\n<title>Elephant Foot Ferrule<\/title>\n<meta name=\"description\" content=\"Roud Ferrule and Elephant Foot Ferrule it helps to ensure the integrity and longevity of the structures we build.\" \/>\n<meta name=\"robots\" content=\"index, follow, max-snippet:-1, max-image-preview:large, max-video-preview:-1\" \/>\n<link rel=\"canonical\" href=\"https:\/\/qingdaohf.com\/sv\/produkt\/roud-ferrule-elefantfot-ferrule\/\" \/>\n<meta property=\"og:locale\" content=\"sv_SE\" \/>\n<meta property=\"og:type\" content=\"article\" \/>\n<meta property=\"og:title\" content=\"Elephant Foot Ferrule\" \/>\n<meta property=\"og:description\" content=\"Roud Ferrule and Elephant Foot Ferrule it helps to ensure the integrity and longevity of the structures we build.\" \/>\n<meta property=\"og:url\" content=\"https:\/\/qingdaohf.com\/sv\/produkt\/roud-ferrule-elefantfot-ferrule\/\" \/>\n<meta property=\"og:site_name\" content=\"Concrete Form &amp; Rigging Hardware Supplier\" \/>\n<meta property=\"article:publisher\" content=\"https:\/\/www.facebook.com\/qingdaohf\" \/>\n<meta property=\"article:modified_time\" content=\"2025-11-13T01:05:52+00:00\" \/>\n<meta property=\"og:image\" content=\"https:\/\/qingdaohf.com\/wp-content\/uploads\/2023\/03\/roud-ferrule-elephant-foot-ferrule-4-1.jpg\" \/>\n\t<meta property=\"og:image:width\" content=\"1000\" \/>\n\t<meta property=\"og:image:height\" content=\"1000\" \/>\n\t<meta property=\"og:image:type\" content=\"image\/jpeg\" \/>\n<meta name=\"twitter:card\" content=\"summary_large_image\" \/>\n<meta name=\"twitter:label1\" content=\"Ber\u00e4knad l\u00e4stid\" \/>\n\t<meta name=\"twitter:data1\" content=\"4 minuter\" \/>\n<script type=\"application\/ld+json\" class=\"yoast-schema-graph\">{\"@context\":\"https:\/\/schema.org\",\"@graph\":[{\"@type\":\"WebPage\",\"@id\":\"https:\/\/qingdaohf.com\/product\/elephant-foot-ferrule\/\",\"url\":\"https:\/\/qingdaohf.com\/product\/elephant-foot-ferrule\/\",\"name\":\"Elephant Foot Ferrule\",\"isPartOf\":{\"@id\":\"https:\/\/qingdaohf.com\/bg\/#website\"},\"primaryImageOfPage\":{\"@id\":\"https:\/\/qingdaohf.com\/product\/elephant-foot-ferrule\/#primaryimage\"},\"image\":{\"@id\":\"https:\/\/qingdaohf.com\/product\/elephant-foot-ferrule\/#primaryimage\"},\"thumbnailUrl\":\"https:\/\/qingdaohf.com\/wp-content\/uploads\/2023\/03\/roud-ferrule-elephant-foot-ferrule-4-1.jpg\",\"datePublished\":\"2023-03-02T07:27:12+00:00\",\"dateModified\":\"2025-11-13T01:05:52+00:00\",\"description\":\"Roud Ferrule and Elephant Foot Ferrule it helps to ensure the integrity and longevity of the structures we build.\",\"breadcrumb\":{\"@id\":\"https:\/\/qingdaohf.com\/product\/elephant-foot-ferrule\/#breadcrumb\"},\"inLanguage\":\"sv-SE\",\"potentialAction\":[{\"@type\":\"ReadAction\",\"target\":[\"https:\/\/qingdaohf.com\/product\/elephant-foot-ferrule\/\"]}]},{\"@type\":\"ImageObject\",\"inLanguage\":\"sv-SE\",\"@id\":\"https:\/\/qingdaohf.com\/product\/elephant-foot-ferrule\/#primaryimage\",\"url\":\"https:\/\/qingdaohf.com\/wp-content\/uploads\/2023\/03\/roud-ferrule-elephant-foot-ferrule-4-1.jpg\",\"contentUrl\":\"https:\/\/qingdaohf.com\/wp-content\/uploads\/2023\/03\/roud-ferrule-elephant-foot-ferrule-4-1.jpg\",\"width\":1000,\"height\":1000,\"caption\":\"roud ferrule elephant foot ferrule\"},{\"@type\":\"BreadcrumbList\",\"@id\":\"https:\/\/qingdaohf.com\/product\/elephant-foot-ferrule\/#breadcrumb\",\"itemListElement\":[{\"@type\":\"ListItem\",\"position\":1,\"name\":\"Home\",\"item\":\"https:\/\/qingdaohf.com\/\"},{\"@type\":\"ListItem\",\"position\":2,\"name\":\"Concrete Forming Accessories and Rigging Hardware\",\"item\":\"https:\/\/qingdaohf.com\/bg\/?page_id=944\"},{\"@type\":\"ListItem\",\"position\":3,\"name\":\"Elephant Foot Ferrule\"}]},{\"@type\":\"WebSite\",\"@id\":\"https:\/\/qingdaohf.com\/bg\/#website\",\"url\":\"https:\/\/qingdaohf.com\/bg\/\",\"name\":\"Concrete Form & Rigging Hardware Supplier\",\"description\":\"\",\"publisher\":{\"@id\":\"https:\/\/qingdaohf.com\/bg\/#organization\"},\"potentialAction\":[{\"@type\":\"SearchAction\",\"target\":{\"@type\":\"EntryPoint\",\"urlTemplate\":\"https:\/\/qingdaohf.com\/bg\/?s={search_term_string}\"},\"query-input\":{\"@type\":\"PropertyValueSpecification\",\"valueRequired\":true,\"valueName\":\"search_term_string\"}}],\"inLanguage\":\"sv-SE\"},{\"@type\":\"Organization\",\"@id\":\"https:\/\/qingdaohf.com\/bg\/#organization\",\"name\":\"Qingdao H&F\",\"url\":\"https:\/\/qingdaohf.com\/bg\/\",\"logo\":{\"@type\":\"ImageObject\",\"inLanguage\":\"sv-SE\",\"@id\":\"https:\/\/qingdaohf.com\/bg\/#\/schema\/logo\/image\/\",\"url\":\"https:\/\/qingdaohf.com\/wp-content\/uploads\/2022\/12\/cropped-HF-LOGO.png\",\"contentUrl\":\"https:\/\/qingdaohf.com\/wp-content\/uploads\/2022\/12\/cropped-HF-LOGO.png\",\"width\":391,\"height\":249,\"caption\":\"Qingdao H&F\"},\"image\":{\"@id\":\"https:\/\/qingdaohf.com\/bg\/#\/schema\/logo\/image\/\"},\"sameAs\":[\"https:\/\/www.facebook.com\/qingdaohf\"]}]}<\/script>\n<!-- \/ Yoast SEO plugin. -->","yoast_head_json":{"title":"Elephant Foot Ferrule","description":"Roud Ferrule and Elephant Foot Ferrule it helps to ensure the integrity and longevity of the structures we build.","robots":{"index":"index","follow":"follow","max-snippet":"max-snippet:-1","max-image-preview":"max-image-preview:large","max-video-preview":"max-video-preview:-1"},"canonical":"https:\/\/qingdaohf.com\/sv\/produkt\/roud-ferrule-elefantfot-ferrule\/","og_locale":"sv_SE","og_type":"article","og_title":"Elephant Foot Ferrule","og_description":"Roud Ferrule and Elephant Foot Ferrule it helps to ensure the integrity and longevity of the structures we build.","og_url":"https:\/\/qingdaohf.com\/sv\/produkt\/roud-ferrule-elefantfot-ferrule\/","og_site_name":"Concrete Form &amp; Rigging Hardware Supplier","article_publisher":"https:\/\/www.facebook.com\/qingdaohf","article_modified_time":"2025-11-13T01:05:52+00:00","og_image":[{"width":1000,"height":1000,"url":"https:\/\/qingdaohf.com\/wp-content\/uploads\/2023\/03\/roud-ferrule-elephant-foot-ferrule-4-1.jpg","type":"image\/jpeg"}],"twitter_card":"summary_large_image","twitter_misc":{"Ber\u00e4knad l\u00e4stid":"4 minuter"},"schema":{"@context":"https:\/\/schema.org","@graph":[{"@type":"WebPage","@id":"https:\/\/qingdaohf.com\/product\/elephant-foot-ferrule\/","url":"https:\/\/qingdaohf.com\/product\/elephant-foot-ferrule\/","name":"Elephant Foot Ferrule","isPartOf":{"@id":"https:\/\/qingdaohf.com\/bg\/#website"},"primaryImageOfPage":{"@id":"https:\/\/qingdaohf.com\/product\/elephant-foot-ferrule\/#primaryimage"},"image":{"@id":"https:\/\/qingdaohf.com\/product\/elephant-foot-ferrule\/#primaryimage"},"thumbnailUrl":"https:\/\/qingdaohf.com\/wp-content\/uploads\/2023\/03\/roud-ferrule-elephant-foot-ferrule-4-1.jpg","datePublished":"2023-03-02T07:27:12+00:00","dateModified":"2025-11-13T01:05:52+00:00","description":"Roud Ferrule and Elephant Foot Ferrule it helps to ensure the integrity and longevity of the structures we build.","breadcrumb":{"@id":"https:\/\/qingdaohf.com\/product\/elephant-foot-ferrule\/#breadcrumb"},"inLanguage":"sv-SE","potentialAction":[{"@type":"ReadAction","target":["https:\/\/qingdaohf.com\/product\/elephant-foot-ferrule\/"]}]},{"@type":"ImageObject","inLanguage":"sv-SE","@id":"https:\/\/qingdaohf.com\/product\/elephant-foot-ferrule\/#primaryimage","url":"https:\/\/qingdaohf.com\/wp-content\/uploads\/2023\/03\/roud-ferrule-elephant-foot-ferrule-4-1.jpg","contentUrl":"https:\/\/qingdaohf.com\/wp-content\/uploads\/2023\/03\/roud-ferrule-elephant-foot-ferrule-4-1.jpg","width":1000,"height":1000,"caption":"roud ferrule elephant foot ferrule"},{"@type":"BreadcrumbList","@id":"https:\/\/qingdaohf.com\/product\/elephant-foot-ferrule\/#breadcrumb","itemListElement":[{"@type":"ListItem","position":1,"name":"Home","item":"https:\/\/qingdaohf.com\/"},{"@type":"ListItem","position":2,"name":"Concrete Forming Accessories and Rigging Hardware","item":"https:\/\/qingdaohf.com\/bg\/?page_id=944"},{"@type":"ListItem","position":3,"name":"Elephant Foot Ferrule"}]},{"@type":"WebSite","@id":"https:\/\/qingdaohf.com\/bg\/#website","url":"https:\/\/qingdaohf.com\/bg\/","name":"Concrete Form & Rigging Hardware Supplier","description":"","publisher":{"@id":"https:\/\/qingdaohf.com\/bg\/#organization"},"potentialAction":[{"@type":"SearchAction","target":{"@type":"EntryPoint","urlTemplate":"https:\/\/qingdaohf.com\/bg\/?s={search_term_string}"},"query-input":{"@type":"PropertyValueSpecification","valueRequired":true,"valueName":"search_term_string"}}],"inLanguage":"sv-SE"},{"@type":"Organization","@id":"https:\/\/qingdaohf.com\/bg\/#organization","name":"Qingdao H&F","url":"https:\/\/qingdaohf.com\/bg\/","logo":{"@type":"ImageObject","inLanguage":"sv-SE","@id":"https:\/\/qingdaohf.com\/bg\/#\/schema\/logo\/image\/","url":"https:\/\/qingdaohf.com\/wp-content\/uploads\/2022\/12\/cropped-HF-LOGO.png","contentUrl":"https:\/\/qingdaohf.com\/wp-content\/uploads\/2022\/12\/cropped-HF-LOGO.png","width":391,"height":249,"caption":"Qingdao H&F"},"image":{"@id":"https:\/\/qingdaohf.com\/bg\/#\/schema\/logo\/image\/"},"sameAs":["https:\/\/www.facebook.com\/qingdaohf"]}]}},"_links":{"self":[{"href":"https:\/\/qingdaohf.com\/sv\/wp-json\/wp\/v2\/product\/2646","targetHints":{"allow":["GET"]}}],"collection":[{"href":"https:\/\/qingdaohf.com\/sv\/wp-json\/wp\/v2\/product"}],"about":[{"href":"https:\/\/qingdaohf.com\/sv\/wp-json\/wp\/v2\/types\/product"}],"replies":[{"embeddable":true,"href":"https:\/\/qingdaohf.com\/sv\/wp-json\/wp\/v2\/comments?post=2646"}],"version-history":[{"count":4,"href":"https:\/\/qingdaohf.com\/sv\/wp-json\/wp\/v2\/product\/2646\/revisions"}],"predecessor-version":[{"id":8734,"href":"https:\/\/qingdaohf.com\/sv\/wp-json\/wp\/v2\/product\/2646\/revisions\/8734"}],"wp:featuredmedia":[{"embeddable":true,"href":"https:\/\/qingdaohf.com\/sv\/wp-json\/wp\/v2\/media\/3398"}],"wp:attachment":[{"href":"https:\/\/qingdaohf.com\/sv\/wp-json\/wp\/v2\/media?parent=2646"}],"wp:term":[{"taxonomy":"product_brand","embeddable":true,"href":"https:\/\/qingdaohf.com\/sv\/wp-json\/wp\/v2\/product_brand?post=2646"},{"taxonomy":"product_cat","embeddable":true,"href":"https:\/\/qingdaohf.com\/sv\/wp-json\/wp\/v2\/product_cat?post=2646"},{"taxonomy":"product_tag","embeddable":true,"href":"https:\/\/qingdaohf.com\/sv\/wp-json\/wp\/v2\/product_tag?post=2646"}],"curies":[{"name":"wp","href":"https:\/\/api.w.org\/{rel}","templated":true}]}}