{"id":2676,"date":"2023-03-03T14:23:19","date_gmt":"2023-03-03T06:23:19","guid":{"rendered":"http:\/\/qingdaohf.com\/?post_type=product&#038;p=2676"},"modified":"2025-11-13T09:05:33","modified_gmt":"2025-11-13T01:05:33","slug":"plastic-rebar-slab-bolster","status":"publish","type":"product","link":"https:\/\/qingdaohf.com\/sv\/produkt\/plast-armeringsjarn-slab-bolster\/","title":{"rendered":"Armeringsj\u00e4rn av plast Slab Bolster"},"content":{"rendered":"<p>Armeringsplattans plastbult utg\u00f6r ocks\u00e5 en skyddande barri\u00e4r mellan armeringsj\u00e4rnen och betongen, vilket f\u00f6rhindrar att de kommer i direkt kontakt med varandra. Detta bidrar till att f\u00f6rhindra korrosion av armeringsj\u00e4rnen, vilket kan f\u00f6rsvaga konstruktionen med tiden.<\/p>\n<div class=\"ast-oembed-container\" style=\"height: 100%;\"><iframe title=\"H&amp;F Plastplatta Bolster\" width=\"500\" height=\"281\" src=\"https:\/\/www.youtube.com\/embed\/W8h1N0U9r38?feature=oembed\" frameborder=\"0\" allow=\"accelerometer; autoplay; clipboard-write; encrypted-media; gyroscope; picture-in-picture; web-share\" referrerpolicy=\"strict-origin-when-cross-origin\" allowfullscreen><\/iframe><\/div>\n<p><img fetchpriority=\"high\" decoding=\"async\" class=\"alignnone size-full wp-image-3383\" src=\"http:\/\/qingdaohf.com\/wp-content\/uploads\/2023\/03\/61-2.jpg\" alt=\"Armeringsj\u00e4rn av plast Slab Bolster\" width=\"1200\" height=\"428\" srcset=\"https:\/\/qingdaohf.com\/wp-content\/uploads\/2023\/03\/61-2.jpg 1200w, https:\/\/qingdaohf.com\/wp-content\/uploads\/2023\/03\/61-2-300x107.jpg 300w, https:\/\/qingdaohf.com\/wp-content\/uploads\/2023\/03\/61-2-1024x365.jpg 1024w, https:\/\/qingdaohf.com\/wp-content\/uploads\/2023\/03\/61-2-768x274.jpg 768w, https:\/\/qingdaohf.com\/wp-content\/uploads\/2023\/03\/61-2-1000x357.jpg 1000w\" sizes=\"(max-width: 1200px) 100vw, 1200px\" \/><\/p>\n<p><img decoding=\"async\" class=\"alignnone size-full wp-image-5196\" src=\"http:\/\/qingdaohf.com\/wp-content\/uploads\/2023\/03\/plastic-slab-bolster-1.webp\" alt=\"plastplatta bolster\" width=\"1000\" height=\"562\" srcset=\"https:\/\/qingdaohf.com\/wp-content\/uploads\/2023\/03\/plastic-slab-bolster-1.webp 1000w, https:\/\/qingdaohf.com\/wp-content\/uploads\/2023\/03\/plastic-slab-bolster-1-300x169.webp 300w, https:\/\/qingdaohf.com\/wp-content\/uploads\/2023\/03\/plastic-slab-bolster-1-768x432.webp 768w\" sizes=\"(max-width: 1000px) 100vw, 1000px\" \/><\/p>","protected":false},"excerpt":{"rendered":"<p>Plastarmeringsplattor \u00e4r en typ av byggmaterial som anv\u00e4nds f\u00f6r att st\u00f6dja och f\u00f6rst\u00e4rka betongplattor. Det \u00e4r en plastst\u00e5ng som \u00e4r utformad f\u00f6r att placeras ovanp\u00e5 plattans forms\u00e4ttning innan betongen h\u00e4lls. Armeringsst\u00e5ngen fungerar som ett st\u00f6d f\u00f6r de armeringsj\u00e4rn (armeringsj\u00e4rn) som \u00e4r ingjutna i betongen<\/p>\n<p>Dessa plastplattor \u00e4r tillverkade av h\u00f6gdensitetspolyeten (HDPE) och \u00e4r utformade f\u00f6r att klara betongens vikt och belastningen fr\u00e5n armeringsj\u00e4rnen. De \u00e4r l\u00e4tta och enkla att hantera, vilket g\u00f6r dem idealiska f\u00f6r anv\u00e4ndning i byggprojekt d\u00e4r tid och arbete \u00e4r av h\u00f6gsta prioritet.<\/p>","protected":false},"featured_media":3379,"comment_status":"open","ping_status":"closed","template":"","meta":{"site-sidebar-layout":"default","site-content-layout":"default","ast-site-content-layout":"default","site-content-style":"default","site-sidebar-style":"default","ast-global-header-display":"","ast-banner-title-visibility":"","ast-main-header-display":"","ast-hfb-above-header-display":"","ast-hfb-below-header-display":"","ast-hfb-mobile-header-display":"","site-post-title":"","ast-breadcrumbs-content":"","ast-featured-img":"","footer-sml-layout":"","theme-transparent-header-meta":"default","adv-header-id-meta":"","stick-header-meta":"default","header-above-stick-meta":"","header-main-stick-meta":"","header-below-stick-meta":"","astra-migrate-meta-layouts":"set","ast-page-background-enabled":"default","ast-page-background-meta":{"desktop":{"background-color":"","background-image":"","background-repeat":"repeat","background-position":"center center","background-size":"auto","background-attachment":"scroll","background-type":"","background-media":"","overlay-type":"","overlay-color":"","overlay-opacity":"","overlay-gradient":""},"tablet":{"background-color":"","background-image":"","background-repeat":"repeat","background-position":"center center","background-size":"auto","background-attachment":"scroll","background-type":"","background-media":"","overlay-type":"","overlay-color":"","overlay-opacity":"","overlay-gradient":""},"mobile":{"background-color":"","background-image":"","background-repeat":"repeat","background-position":"center center","background-size":"auto","background-attachment":"scroll","background-type":"","background-media":"","overlay-type":"","overlay-color":"","overlay-opacity":"","overlay-gradient":""}},"ast-content-background-meta":{"desktop":{"background-color":"var(--ast-global-color-5)","background-image":"","background-repeat":"repeat","background-position":"center center","background-size":"auto","background-attachment":"scroll","background-type":"","background-media":"","overlay-type":"","overlay-color":"","overlay-opacity":"","overlay-gradient":""},"tablet":{"background-color":"var(--ast-global-color-5)","background-image":"","background-repeat":"repeat","background-position":"center center","background-size":"auto","background-attachment":"scroll","background-type":"","background-media":"","overlay-type":"","overlay-color":"","overlay-opacity":"","overlay-gradient":""},"mobile":{"background-color":"var(--ast-global-color-5)","background-image":"","background-repeat":"repeat","background-position":"center center","background-size":"auto","background-attachment":"scroll","background-type":"","background-media":"","overlay-type":"","overlay-color":"","overlay-opacity":"","overlay-gradient":""}}},"product_brand":[],"product_cat":[75],"product_tag":[],"class_list":{"0":"post-2676","1":"product","2":"type-product","3":"status-publish","4":"has-post-thumbnail","6":"product_cat-plastic-and-rubber-product","7":"desktop-align-left","8":"tablet-align-left","9":"mobile-align-left","10":"ast-product-gallery-layout-horizontal-slider","11":"ast-product-tabs-layout-horizontal","13":"first","14":"instock","15":"shipping-taxable","16":"purchasable","17":"product-type-simple"},"yoast_head":"<!-- This site is optimized with the Yoast SEO plugin v25.2 - https:\/\/yoast.com\/wordpress\/plugins\/seo\/ -->\n<title>Plastic Rebar Slab Bolster<\/title>\n<meta name=\"description\" content=\"Plastic rebar slab bolster is a type of construction material used to support and reinforce concrete slabs.\" \/>\n<meta name=\"robots\" content=\"index, follow, max-snippet:-1, max-image-preview:large, max-video-preview:-1\" \/>\n<link rel=\"canonical\" href=\"https:\/\/qingdaohf.com\/sv\/produkt\/plast-armeringsjarn-slab-bolster\/\" \/>\n<meta property=\"og:locale\" content=\"sv_SE\" \/>\n<meta property=\"og:type\" content=\"article\" \/>\n<meta property=\"og:title\" content=\"Plastic Rebar Slab Bolster\" \/>\n<meta property=\"og:description\" content=\"Plastic rebar slab bolster is a type of construction material used to support and reinforce concrete slabs.\" \/>\n<meta property=\"og:url\" content=\"https:\/\/qingdaohf.com\/sv\/produkt\/plast-armeringsjarn-slab-bolster\/\" \/>\n<meta property=\"og:site_name\" content=\"Concrete Form &amp; Rigging Hardware Supplier\" \/>\n<meta property=\"article:publisher\" content=\"https:\/\/www.facebook.com\/qingdaohf\" \/>\n<meta property=\"article:modified_time\" content=\"2025-11-13T01:05:33+00:00\" \/>\n<meta property=\"og:image\" content=\"https:\/\/qingdaohf.com\/wp-content\/uploads\/2023\/03\/plastic-slab-bolster-1.jpg\" \/>\n\t<meta property=\"og:image:width\" content=\"1000\" \/>\n\t<meta property=\"og:image:height\" content=\"1000\" \/>\n\t<meta property=\"og:image:type\" content=\"image\/jpeg\" \/>\n<meta name=\"twitter:card\" content=\"summary_large_image\" \/>\n<meta name=\"twitter:label1\" content=\"Ber\u00e4knad l\u00e4stid\" \/>\n\t<meta name=\"twitter:data1\" content=\"1 minut\" \/>\n<script type=\"application\/ld+json\" class=\"yoast-schema-graph\">{\"@context\":\"https:\/\/schema.org\",\"@graph\":[{\"@type\":\"WebPage\",\"@id\":\"https:\/\/qingdaohf.com\/product\/plastic-rebar-slab-bolster\/\",\"url\":\"https:\/\/qingdaohf.com\/product\/plastic-rebar-slab-bolster\/\",\"name\":\"Plastic Rebar Slab Bolster\",\"isPartOf\":{\"@id\":\"https:\/\/qingdaohf.com\/bg\/#website\"},\"primaryImageOfPage\":{\"@id\":\"https:\/\/qingdaohf.com\/product\/plastic-rebar-slab-bolster\/#primaryimage\"},\"image\":{\"@id\":\"https:\/\/qingdaohf.com\/product\/plastic-rebar-slab-bolster\/#primaryimage\"},\"thumbnailUrl\":\"https:\/\/qingdaohf.com\/wp-content\/uploads\/2023\/03\/plastic-slab-bolster-1.jpg\",\"datePublished\":\"2023-03-03T06:23:19+00:00\",\"dateModified\":\"2025-11-13T01:05:33+00:00\",\"description\":\"Plastic rebar slab bolster is a type of construction material used to support and reinforce concrete slabs.\",\"breadcrumb\":{\"@id\":\"https:\/\/qingdaohf.com\/product\/plastic-rebar-slab-bolster\/#breadcrumb\"},\"inLanguage\":\"sv-SE\",\"potentialAction\":[{\"@type\":\"ReadAction\",\"target\":[\"https:\/\/qingdaohf.com\/product\/plastic-rebar-slab-bolster\/\"]}]},{\"@type\":\"ImageObject\",\"inLanguage\":\"sv-SE\",\"@id\":\"https:\/\/qingdaohf.com\/product\/plastic-rebar-slab-bolster\/#primaryimage\",\"url\":\"https:\/\/qingdaohf.com\/wp-content\/uploads\/2023\/03\/plastic-slab-bolster-1.jpg\",\"contentUrl\":\"https:\/\/qingdaohf.com\/wp-content\/uploads\/2023\/03\/plastic-slab-bolster-1.jpg\",\"width\":1000,\"height\":1000,\"caption\":\"plastic slab bolster\"},{\"@type\":\"BreadcrumbList\",\"@id\":\"https:\/\/qingdaohf.com\/product\/plastic-rebar-slab-bolster\/#breadcrumb\",\"itemListElement\":[{\"@type\":\"ListItem\",\"position\":1,\"name\":\"Home\",\"item\":\"https:\/\/qingdaohf.com\/\"},{\"@type\":\"ListItem\",\"position\":2,\"name\":\"Concrete Forming Accessories and Rigging Hardware\",\"item\":\"https:\/\/qingdaohf.com\/bg\/?page_id=944\"},{\"@type\":\"ListItem\",\"position\":3,\"name\":\"Plastic Rebar Slab Bolster\"}]},{\"@type\":\"WebSite\",\"@id\":\"https:\/\/qingdaohf.com\/bg\/#website\",\"url\":\"https:\/\/qingdaohf.com\/bg\/\",\"name\":\"Concrete Form & Rigging Hardware Supplier\",\"description\":\"\",\"publisher\":{\"@id\":\"https:\/\/qingdaohf.com\/bg\/#organization\"},\"potentialAction\":[{\"@type\":\"SearchAction\",\"target\":{\"@type\":\"EntryPoint\",\"urlTemplate\":\"https:\/\/qingdaohf.com\/bg\/?s={search_term_string}\"},\"query-input\":{\"@type\":\"PropertyValueSpecification\",\"valueRequired\":true,\"valueName\":\"search_term_string\"}}],\"inLanguage\":\"sv-SE\"},{\"@type\":\"Organization\",\"@id\":\"https:\/\/qingdaohf.com\/bg\/#organization\",\"name\":\"Qingdao H&F\",\"url\":\"https:\/\/qingdaohf.com\/bg\/\",\"logo\":{\"@type\":\"ImageObject\",\"inLanguage\":\"sv-SE\",\"@id\":\"https:\/\/qingdaohf.com\/bg\/#\/schema\/logo\/image\/\",\"url\":\"https:\/\/qingdaohf.com\/wp-content\/uploads\/2022\/12\/cropped-HF-LOGO.png\",\"contentUrl\":\"https:\/\/qingdaohf.com\/wp-content\/uploads\/2022\/12\/cropped-HF-LOGO.png\",\"width\":391,\"height\":249,\"caption\":\"Qingdao H&F\"},\"image\":{\"@id\":\"https:\/\/qingdaohf.com\/bg\/#\/schema\/logo\/image\/\"},\"sameAs\":[\"https:\/\/www.facebook.com\/qingdaohf\"]}]}<\/script>\n<!-- \/ Yoast SEO plugin. -->","yoast_head_json":{"title":"Plastic Rebar Slab Bolster","description":"Plastic rebar slab bolster is a type of construction material used to support and reinforce concrete slabs.","robots":{"index":"index","follow":"follow","max-snippet":"max-snippet:-1","max-image-preview":"max-image-preview:large","max-video-preview":"max-video-preview:-1"},"canonical":"https:\/\/qingdaohf.com\/sv\/produkt\/plast-armeringsjarn-slab-bolster\/","og_locale":"sv_SE","og_type":"article","og_title":"Plastic Rebar Slab Bolster","og_description":"Plastic rebar slab bolster is a type of construction material used to support and reinforce concrete slabs.","og_url":"https:\/\/qingdaohf.com\/sv\/produkt\/plast-armeringsjarn-slab-bolster\/","og_site_name":"Concrete Form &amp; Rigging Hardware Supplier","article_publisher":"https:\/\/www.facebook.com\/qingdaohf","article_modified_time":"2025-11-13T01:05:33+00:00","og_image":[{"width":1000,"height":1000,"url":"https:\/\/qingdaohf.com\/wp-content\/uploads\/2023\/03\/plastic-slab-bolster-1.jpg","type":"image\/jpeg"}],"twitter_card":"summary_large_image","twitter_misc":{"Ber\u00e4knad l\u00e4stid":"1 minut"},"schema":{"@context":"https:\/\/schema.org","@graph":[{"@type":"WebPage","@id":"https:\/\/qingdaohf.com\/product\/plastic-rebar-slab-bolster\/","url":"https:\/\/qingdaohf.com\/product\/plastic-rebar-slab-bolster\/","name":"Plastic Rebar Slab Bolster","isPartOf":{"@id":"https:\/\/qingdaohf.com\/bg\/#website"},"primaryImageOfPage":{"@id":"https:\/\/qingdaohf.com\/product\/plastic-rebar-slab-bolster\/#primaryimage"},"image":{"@id":"https:\/\/qingdaohf.com\/product\/plastic-rebar-slab-bolster\/#primaryimage"},"thumbnailUrl":"https:\/\/qingdaohf.com\/wp-content\/uploads\/2023\/03\/plastic-slab-bolster-1.jpg","datePublished":"2023-03-03T06:23:19+00:00","dateModified":"2025-11-13T01:05:33+00:00","description":"Plastic rebar slab bolster is a type of construction material used to support and reinforce concrete slabs.","breadcrumb":{"@id":"https:\/\/qingdaohf.com\/product\/plastic-rebar-slab-bolster\/#breadcrumb"},"inLanguage":"sv-SE","potentialAction":[{"@type":"ReadAction","target":["https:\/\/qingdaohf.com\/product\/plastic-rebar-slab-bolster\/"]}]},{"@type":"ImageObject","inLanguage":"sv-SE","@id":"https:\/\/qingdaohf.com\/product\/plastic-rebar-slab-bolster\/#primaryimage","url":"https:\/\/qingdaohf.com\/wp-content\/uploads\/2023\/03\/plastic-slab-bolster-1.jpg","contentUrl":"https:\/\/qingdaohf.com\/wp-content\/uploads\/2023\/03\/plastic-slab-bolster-1.jpg","width":1000,"height":1000,"caption":"plastic slab bolster"},{"@type":"BreadcrumbList","@id":"https:\/\/qingdaohf.com\/product\/plastic-rebar-slab-bolster\/#breadcrumb","itemListElement":[{"@type":"ListItem","position":1,"name":"Home","item":"https:\/\/qingdaohf.com\/"},{"@type":"ListItem","position":2,"name":"Concrete Forming Accessories and Rigging Hardware","item":"https:\/\/qingdaohf.com\/bg\/?page_id=944"},{"@type":"ListItem","position":3,"name":"Plastic Rebar Slab Bolster"}]},{"@type":"WebSite","@id":"https:\/\/qingdaohf.com\/bg\/#website","url":"https:\/\/qingdaohf.com\/bg\/","name":"Concrete Form & Rigging Hardware Supplier","description":"","publisher":{"@id":"https:\/\/qingdaohf.com\/bg\/#organization"},"potentialAction":[{"@type":"SearchAction","target":{"@type":"EntryPoint","urlTemplate":"https:\/\/qingdaohf.com\/bg\/?s={search_term_string}"},"query-input":{"@type":"PropertyValueSpecification","valueRequired":true,"valueName":"search_term_string"}}],"inLanguage":"sv-SE"},{"@type":"Organization","@id":"https:\/\/qingdaohf.com\/bg\/#organization","name":"Qingdao H&F","url":"https:\/\/qingdaohf.com\/bg\/","logo":{"@type":"ImageObject","inLanguage":"sv-SE","@id":"https:\/\/qingdaohf.com\/bg\/#\/schema\/logo\/image\/","url":"https:\/\/qingdaohf.com\/wp-content\/uploads\/2022\/12\/cropped-HF-LOGO.png","contentUrl":"https:\/\/qingdaohf.com\/wp-content\/uploads\/2022\/12\/cropped-HF-LOGO.png","width":391,"height":249,"caption":"Qingdao H&F"},"image":{"@id":"https:\/\/qingdaohf.com\/bg\/#\/schema\/logo\/image\/"},"sameAs":["https:\/\/www.facebook.com\/qingdaohf"]}]}},"_links":{"self":[{"href":"https:\/\/qingdaohf.com\/sv\/wp-json\/wp\/v2\/product\/2676","targetHints":{"allow":["GET"]}}],"collection":[{"href":"https:\/\/qingdaohf.com\/sv\/wp-json\/wp\/v2\/product"}],"about":[{"href":"https:\/\/qingdaohf.com\/sv\/wp-json\/wp\/v2\/types\/product"}],"replies":[{"embeddable":true,"href":"https:\/\/qingdaohf.com\/sv\/wp-json\/wp\/v2\/comments?post=2676"}],"version-history":[{"count":3,"href":"https:\/\/qingdaohf.com\/sv\/wp-json\/wp\/v2\/product\/2676\/revisions"}],"predecessor-version":[{"id":3384,"href":"https:\/\/qingdaohf.com\/sv\/wp-json\/wp\/v2\/product\/2676\/revisions\/3384"}],"wp:featuredmedia":[{"embeddable":true,"href":"https:\/\/qingdaohf.com\/sv\/wp-json\/wp\/v2\/media\/3379"}],"wp:attachment":[{"href":"https:\/\/qingdaohf.com\/sv\/wp-json\/wp\/v2\/media?parent=2676"}],"wp:term":[{"taxonomy":"product_brand","embeddable":true,"href":"https:\/\/qingdaohf.com\/sv\/wp-json\/wp\/v2\/product_brand?post=2676"},{"taxonomy":"product_cat","embeddable":true,"href":"https:\/\/qingdaohf.com\/sv\/wp-json\/wp\/v2\/product_cat?post=2676"},{"taxonomy":"product_tag","embeddable":true,"href":"https:\/\/qingdaohf.com\/sv\/wp-json\/wp\/v2\/product_tag?post=2676"}],"curies":[{"name":"wp","href":"https:\/\/api.w.org\/{rel}","templated":true}]}}