{"id":2874,"date":"2023-03-14T17:33:05","date_gmt":"2023-03-14T09:33:05","guid":{"rendered":"http:\/\/qingdaohf.com\/?post_type=product&#038;p=2874"},"modified":"2025-11-13T09:05:31","modified_gmt":"2025-11-13T01:05:31","slug":"rebar-tie-wire","status":"publish","type":"product","link":"https:\/\/qingdaohf.com\/sv\/produkt\/armeringsjarn-bindningstrad\/","title":{"rendered":"Armeringsj\u00e4rn Tie Wire"},"content":{"rendered":"<div data-test-render-count=\"5\">\n<div class=\"mb-1 mt-1\">\n<div class=\"group relative inline-flex gap-2 bg-gradient-to-b from-bg-300 from-50% to-bg-400 rounded-xl ml-px pl-2.5 py-2.5 break-words text-text-200 transition-all max-w-[75ch] flex-col shadow-[0_2px_16px_rgba(0,0,0,0.025)] pr-6\">\n<div class=\"flex flex-row gap-2\">\n<div class=\"font-user-message grid grid-cols-1 gap-2 py-0.5 text-[0.9375rem] leading-6\" data-testid=\"user-message\"><strong style=\"font-size: 1.5em;\">F\u00f6rst\u00e5 armeringstr\u00e5d och dess viktiga roll i byggbranschen<\/strong><\/div>\n<\/div>\n<\/div>\n<\/div>\n<\/div>\n<div data-test-render-count=\"1\">\n<div class=\"group relative pt-3.5 pb-[1.125rem] px-4 relative rounded-2xl -tracking-[0.015em] bg-[linear-gradient(to_bottom,_hsla(var(--bg-000)\/0.75)_0%,_hsla(var(--bg-000)_\/_0)_90%)] before:absolute before:inset-0 before:bg-[radial-gradient(ellipse_at_left_top,_hsla(var(--bg-000)\/0.5)_0%,_hsla(var(--bg-000)\/0.3)_60%)] before:rounded-2xl before:border-[0.5px] before:border-[hsla(var(--border-100)\/0.15)] before:shadow-[0_4px_24px_rgba(0,0,0,0.015)] before:[transition:opacity_150ms_ease-out,_transform_250ms_cubic-bezier(0.695,0.555,0.655,1.650)] before:z-0 before:data-[is-streaming=&quot;true&quot;]:opacity-0 before:data-[is-streaming=&quot;true&quot;]:scale-[0.995] before:data-[is-streaming=&quot;false&quot;]:pointer-events-none\" data-is-streaming=\"false\">\n<div class=\"font-claude-message pr-4 md:pr-9 relative leading-[1.65rem] [&amp;_pre&gt;div]:bg-bg-300 [&amp;_.ignore-pre-bg&gt;div]:bg-transparent [&amp;_pre]:-mr-4 md:[&amp;_pre]:-mr-9\">\n<div class=\"grid-cols-1 grid gap-2.5 [&amp;_&gt;_*]:min-w-0\">\n<p class=\"whitespace-pre-wrap break-words\">Armeringsj\u00e4rnstr\u00e5d \u00e4r en viktig komponent i armerad betongkonstruktion, d\u00e4r den spelar en avg\u00f6rande roll f\u00f6r att binda och s\u00e4kra armeringsj\u00e4rn. Detta till synes enkla men \u00e4nd\u00e5 oumb\u00e4rliga material s\u00e4kerst\u00e4ller strukturell stabilitet i projekt som str\u00e4cker sig fr\u00e5n husgrunder till stora infrastrukturarbeten. Tr\u00e5dens konstruktion av kvalitetsst\u00e5l ger den perfekta balansen mellan bearbetbarhet och styrka som beh\u00f6vs f\u00f6r att s\u00e4kra armeringsj\u00e4rnens sk\u00e4rningspunkter p\u00e5 ett effektivt s\u00e4tt. N\u00e4r den anv\u00e4nds p\u00e5 r\u00e4tt s\u00e4tt bidrar den till att skapa det robusta ramverk som kr\u00e4vs f\u00f6r h\u00e5llbara betongkonstruktioner.<\/p>\n<p class=\"whitespace-pre-wrap break-words\">M\u00e5ngsidigheten hos armeringstr\u00e5d framg\u00e5r tydligt av dess olika ytbehandlingar. Varje typ - oavsett om det \u00e4r galvaniserat, gl\u00f6dgat eller rostfritt st\u00e5l - tj\u00e4nar specifika syften i olika milj\u00f6er. Till exempel drar kustprojekt nytta av korrosionsbest\u00e4ndiga varianter, medan standardkonstruktion kan anv\u00e4nda grundl\u00e4ggande gl\u00f6dgad tr\u00e5d. Denna anpassningsf\u00f6rm\u00e5ga g\u00f6r tr\u00e5den l\u00e4mplig f\u00f6r n\u00e4stan alla byggscenarier.<\/p>\n<\/div>\n<\/div>\n<\/div>\n<\/div>\n<table style=\"border-collapse: collapse; width: 1325px; height: 617px;\" border=\"0\" width=\"798\" cellspacing=\"0\" cellpadding=\"0\">\n<tbody>\n<tr style=\"height: 39.00pt;\">\n<td class=\"et3\" style=\"height: 39.00pt; width: 32.25pt;\" width=\"43\" height=\"52\"><span class=\"font1\">M\u00e4tare<\/span><\/td>\n<td class=\"et3\" style=\"width: 42.75pt;\" width=\"57\"><span class=\"font1\">Diameter (tum)<\/span><\/td>\n<td class=\"et3\" style=\"width: 42.75pt;\" width=\"57\"><span class=\"font1\">Diameter (mm)<\/span><\/td>\n<td class=\"et3\" style=\"width: 49.50pt;\" width=\"66\"><span class=\"font1\">L\u00e4ngd (tum)<\/span><\/td>\n<td class=\"et3\" style=\"width: 33.00pt;\" width=\"44\"><span class=\"font1\">L\u00e4ngd (mm)<\/span><\/td>\n<td class=\"et3\" style=\"width: 52.50pt;\" width=\"70\"><span class=\"font1\">Rullens l\u00e4ngd (ft)<\/span><\/td>\n<td class=\"et3\" style=\"width: 49.50pt;\" width=\"66\"><span class=\"font1\">Material<\/span><\/td>\n<td class=\"et3\" style=\"width: 54.00pt;\" width=\"72\"><span class=\"font1\">Bel\u00e4ggning<\/span><\/td>\n<td class=\"et3\" style=\"width: 40.50pt;\" width=\"54\"><span class=\"font1\">Dragh\u00e5llfasthet (lbs)<\/span><\/td>\n<td class=\"et3\" style=\"width: 201.75pt;\" width=\"269\"><span class=\"font1\">Till\u00e4mpning<\/span><\/td>\n<\/tr>\n<tr style=\"height: 39.00pt;\">\n<td class=\"et3\" style=\"height: 39.00pt; width: 32.25pt;\" width=\"43\" height=\"52\">16<\/td>\n<td class=\"et3\" style=\"width: 42.75pt;\" width=\"57\">0.0508<\/td>\n<td class=\"et3\" style=\"width: 42.75pt;\" width=\"57\">1.291<\/td>\n<td class=\"et3\" style=\"width: 49.50pt;\" width=\"66\">3<\/td>\n<td class=\"et3\" style=\"width: 33.00pt;\" width=\"44\">76.2<\/td>\n<td class=\"et3\" style=\"width: 52.50pt;\" width=\"70\"><span class=\"font1\">100, 200, 400<\/span><\/td>\n<td class=\"et3\" style=\"width: 49.50pt;\" width=\"66\"><span class=\"font1\">Mild\/Stainless<\/span><\/td>\n<td class=\"et3\" style=\"width: 54.00pt;\" width=\"72\"><span class=\"font1\">Galvaniserad, svart, PVC<\/span><\/td>\n<td class=\"et3\" style=\"width: 40.50pt;\" width=\"54\"><span class=\"font1\">Varierande<\/span><\/td>\n<td class=\"et4\"><span class=\"font1\">Allm\u00e4n konstruktion, armering<\/span><\/td>\n<\/tr>\n<tr style=\"height: 39.00pt;\">\n<td class=\"et3\" style=\"height: 39.00pt; width: 32.25pt;\" width=\"43\" height=\"52\">16.5<\/td>\n<td class=\"et3\" style=\"width: 42.75pt;\" width=\"57\">0.0453<\/td>\n<td class=\"et3\" style=\"width: 42.75pt;\" width=\"57\">1.154<\/td>\n<td class=\"et3\" style=\"width: 49.50pt;\" width=\"66\">3<\/td>\n<td class=\"et3\" style=\"width: 33.00pt;\" width=\"44\">76.2<\/td>\n<td class=\"et3\" style=\"width: 52.50pt;\" width=\"70\"><span class=\"font1\">100, 200, 400<\/span><\/td>\n<td class=\"et3\" style=\"width: 49.50pt;\" width=\"66\"><span class=\"font1\">Mild\/Stainless<\/span><\/td>\n<td class=\"et3\" style=\"width: 54.00pt;\" width=\"72\"><span class=\"font1\">Galvaniserad, svart, PVC<\/span><\/td>\n<td class=\"et3\" style=\"width: 40.50pt;\" width=\"54\"><span class=\"font1\">Varierande<\/span><\/td>\n<td class=\"et4\"><span class=\"font1\">Allm\u00e4n konstruktion, armering<\/span><\/td>\n<\/tr>\n<tr style=\"height: 39.00pt;\">\n<td class=\"et3\" style=\"height: 39.00pt; width: 32.25pt;\" width=\"43\" height=\"52\">17<\/td>\n<td class=\"et3\" style=\"width: 42.75pt;\" width=\"57\">0.042<\/td>\n<td class=\"et3\" style=\"width: 42.75pt;\" width=\"57\">1.066<\/td>\n<td class=\"et3\" style=\"width: 49.50pt;\" width=\"66\">3<\/td>\n<td class=\"et3\" style=\"width: 33.00pt;\" width=\"44\">76.2<\/td>\n<td class=\"et3\" style=\"width: 52.50pt;\" width=\"70\"><span class=\"font1\">100, 200, 400<\/span><\/td>\n<td class=\"et3\" style=\"width: 49.50pt;\" width=\"66\"><span class=\"font1\">Mild\/Stainless<\/span><\/td>\n<td class=\"et3\" style=\"width: 54.00pt;\" width=\"72\"><span class=\"font1\">Galvaniserad, svart, PVC<\/span><\/td>\n<td class=\"et3\" style=\"width: 40.50pt;\" width=\"54\"><span class=\"font1\">Varierande<\/span><\/td>\n<td class=\"et4\"><span class=\"font1\">L\u00e4tt konstruktion, tillf\u00e4lliga l\u00f6sningar<\/span><\/td>\n<\/tr>\n<tr style=\"height: 39.00pt;\">\n<td class=\"et3\" style=\"height: 39.00pt; width: 32.25pt;\" width=\"43\" height=\"52\">18<\/td>\n<td class=\"et3\" style=\"width: 42.75pt;\" width=\"57\">0.04<\/td>\n<td class=\"et3\" style=\"width: 42.75pt;\" width=\"57\">1.016<\/td>\n<td class=\"et3\" style=\"width: 49.50pt;\" width=\"66\">3<\/td>\n<td class=\"et3\" style=\"width: 33.00pt;\" width=\"44\">76.2<\/td>\n<td class=\"et3\" style=\"width: 52.50pt;\" width=\"70\"><span class=\"font1\">100, 200, 400<\/span><\/td>\n<td class=\"et3\" style=\"width: 49.50pt;\" width=\"66\"><span class=\"font1\">Mild\/Stainless<\/span><\/td>\n<td class=\"et3\" style=\"width: 54.00pt;\" width=\"72\"><span class=\"font1\">Galvaniserad, svart, PVC<\/span><\/td>\n<td class=\"et3\" style=\"width: 40.50pt;\" width=\"54\"><span class=\"font1\">Varierande<\/span><\/td>\n<td class=\"et4\"><span class=\"font1\">L\u00e4tt konstruktion, tillf\u00e4lliga l\u00f6sningar<\/span><\/td>\n<\/tr>\n<tr style=\"height: 13.50pt;\">\n<td class=\"et2\" style=\"height: 13.50pt;\" colspan=\"10\" height=\"18\">Alla v\u00e5ra produkter st\u00f6der kundanpassning<\/td>\n<\/tr>\n<\/tbody>\n<\/table>\n<h3 class=\"whitespace-pre-wrap break-words\"><strong>Viktiga fr\u00e5gor fr\u00e5n k\u00f6parna hanteras med expertis och precision<\/strong><\/h3>\n<p class=\"whitespace-pre-wrap break-words\">Byggpersonal fokuserar ofta p\u00e5 flera kritiska faktorer n\u00e4r de v\u00e4ljer bindtr\u00e5d, bland annat dess h\u00e5llfasthetsegenskaper, tr\u00e5dtjocklek och hanteringsegenskaper. Det kan vara sv\u00e5rt att hitta tr\u00e5d som b\u00e5de \u00e4r tillr\u00e4ckligt stark f\u00f6r tunga armeringsj\u00e4rn och tillr\u00e4ckligt flexibel f\u00f6r att vara l\u00e4tt att binda. P\u00e5 Qingdao H&amp;F hanterar vi dessa problem genom omfattande kvalitetstester, vilket s\u00e4kerst\u00e4ller att v\u00e5r tr\u00e5d uppfyller exakta specifikationer och fungerar tillf\u00f6rlitligt p\u00e5 f\u00e4ltet.<\/p>\n<p class=\"whitespace-pre-wrap break-words\">Snabb tillg\u00e5ng till material kan vara avg\u00f6rande f\u00f6r byggtiderna. Vi \u00e4r medvetna om detta och arbetar med effektiv logistik och lagerverksamhet som g\u00f6r att projekten g\u00e5r fram\u00e5t. V\u00e5r kvalitetsdokumentation f\u00f6ljer med varje leverans och ger entrepren\u00f6rerna tydliga bevis p\u00e5 materialspecifikationer och prestanda innan installationen p\u00e5b\u00f6rjas.<\/p>\n<div class=\"ast-oembed-container\" style=\"height: 100%;\"><iframe title=\"H&amp;F armeringstr\u00e5d\" width=\"500\" height=\"281\" src=\"https:\/\/www.youtube.com\/embed\/hCPByYFUWfs?feature=oembed\" frameborder=\"0\" allow=\"accelerometer; autoplay; clipboard-write; encrypted-media; gyroscope; picture-in-picture; web-share\" referrerpolicy=\"strict-origin-when-cross-origin\" allowfullscreen><\/iframe><\/div>\n<h3 class=\"whitespace-pre-wrap break-words\"><strong>Qingdao H&amp;F:s engagemang f\u00f6r excellens inom leverans av armeringstr\u00e5d<\/strong><\/h3>\n<p class=\"whitespace-pre-wrap break-words\">Qingdao H&amp;F tillhandah\u00e5ller inte bara material, utan samarbetar med kunderna f\u00f6r att st\u00f6dja deras byggm\u00e5l. Vi har ett omfattande lager av tr\u00e5dtyper och tr\u00e5dstorlekar, vilket g\u00f6r att vi kan uppfylla de specifika kraven f\u00f6r varje projekt, oavsett om det handlar om k\u00e4nsliga bostadsbyggen eller stora kommersiella projekt.<\/p>\n<p class=\"whitespace-pre-wrap break-words\">Personlig uppm\u00e4rksamhet utm\u00e4rker v\u00e5rt s\u00e4tt att arbeta med kundservice. Varje kund arbetar med dedikerade teammedlemmar som f\u00f6rst\u00e5r deras specifika behov och kan rekommendera l\u00e4mpliga l\u00f6sningar. Detta relationsbaserade arbetss\u00e4tt bidrar till att skapa varaktiga partnerskap som bygger p\u00e5 f\u00f6rtroende och bepr\u00f6vad erfarenhet.<\/p>\n<p class=\"whitespace-pre-wrap break-words\">Kvalitetss\u00e4kring f\u00f6rblir k\u00e4rnan i v\u00e5r verksamhet. Varje parti av bindtr\u00e5d genomg\u00e5r rigor\u00f6sa tester f\u00f6r viktiga prestandam\u00e5tt, inklusive dragh\u00e5llfasthet, t\u00f6jningsegenskaper och korrosionsbest\u00e4ndighet. Dessa utv\u00e4rderingar bekr\u00e4ftar att v\u00e5ra produkter kommer att prestera som f\u00f6rv\u00e4ntat under verkliga f\u00f6rh\u00e5llanden.<\/p>\n<p class=\"whitespace-pre-wrap break-words\">Betydelsen av korrekt dragtr\u00e5d i betongkonstruktioner kan inte \u00f6verskattas - den hj\u00e4lper bokstavligen till att h\u00e5lla ihop strukturer. P\u00e5 Qingdao H&amp;F kombinerar vi \u00f6verl\u00e4gsna produkter med enast\u00e5ende service f\u00f6r att st\u00f6dja v\u00e5ra kunders framg\u00e5ng. Fr\u00e5n noggrant materialval till lyh\u00f6rd kundsupport arbetar vi f\u00f6r att beh\u00e5lla v\u00e5r position som en ledande leverant\u00f6r av tillf\u00f6rlitliga dragvajerl\u00f6sningar.<\/p>","protected":false},"excerpt":{"rendered":"<p>Armeringsj\u00e4rnstr\u00e5d \u00e4r en av de viktigaste tillbeh\u00f6ren i byggprojekt; den ger styrka och flexibilitet f\u00f6r att s\u00e4kert binda armeringsj\u00e4rn. De flesta k\u00f6pare bryr sig om produktkvalitet, styrka och korrosionsbest\u00e4ndighet, tillsammans med god leverans och ett transparent kvalitetss\u00e4kringssystem. Qingdao H&amp;F utm\u00e4rker sig f\u00f6r att tillgodose dessa behov genom att tillhandah\u00e5lla personlig kundservice, snabba leveranscykler och en fullst\u00e4ndig kvalitetsinspektionsrapport f\u00f6r varje leverans. V\u00e5rt engagemang f\u00f6r excellens s\u00e4kerst\u00e4ller att k\u00f6parna f\u00e5r tillf\u00f6rlitliga produkter f\u00f6r sina individuella projektbehov.<\/p>","protected":false},"featured_media":2884,"comment_status":"open","ping_status":"closed","template":"","meta":{"site-sidebar-layout":"default","site-content-layout":"default","ast-site-content-layout":"default","site-content-style":"default","site-sidebar-style":"default","ast-global-header-display":"","ast-banner-title-visibility":"","ast-main-header-display":"","ast-hfb-above-header-display":"","ast-hfb-below-header-display":"","ast-hfb-mobile-header-display":"","site-post-title":"","ast-breadcrumbs-content":"","ast-featured-img":"","footer-sml-layout":"","theme-transparent-header-meta":"default","adv-header-id-meta":"","stick-header-meta":"default","header-above-stick-meta":"","header-main-stick-meta":"","header-below-stick-meta":"","astra-migrate-meta-layouts":"set","ast-page-background-enabled":"default","ast-page-background-meta":{"desktop":{"background-color":"","background-image":"","background-repeat":"repeat","background-position":"center center","background-size":"auto","background-attachment":"scroll","background-type":"","background-media":"","overlay-type":"","overlay-color":"","overlay-opacity":"","overlay-gradient":""},"tablet":{"background-color":"","background-image":"","background-repeat":"repeat","background-position":"center center","background-size":"auto","background-attachment":"scroll","background-type":"","background-media":"","overlay-type":"","overlay-color":"","overlay-opacity":"","overlay-gradient":""},"mobile":{"background-color":"","background-image":"","background-repeat":"repeat","background-position":"center center","background-size":"auto","background-attachment":"scroll","background-type":"","background-media":"","overlay-type":"","overlay-color":"","overlay-opacity":"","overlay-gradient":""}},"ast-content-background-meta":{"desktop":{"background-color":"var(--ast-global-color-5)","background-image":"","background-repeat":"repeat","background-position":"center center","background-size":"auto","background-attachment":"scroll","background-type":"","background-media":"","overlay-type":"","overlay-color":"","overlay-opacity":"","overlay-gradient":""},"tablet":{"background-color":"var(--ast-global-color-5)","background-image":"","background-repeat":"repeat","background-position":"center center","background-size":"auto","background-attachment":"scroll","background-type":"","background-media":"","overlay-type":"","overlay-color":"","overlay-opacity":"","overlay-gradient":""},"mobile":{"background-color":"var(--ast-global-color-5)","background-image":"","background-repeat":"repeat","background-position":"center center","background-size":"auto","background-attachment":"scroll","background-type":"","background-media":"","overlay-type":"","overlay-color":"","overlay-opacity":"","overlay-gradient":""}}},"product_brand":[],"product_cat":[36],"product_tag":[],"class_list":{"0":"post-2874","1":"product","2":"type-product","3":"status-publish","4":"has-post-thumbnail","6":"product_cat-tie-wire","7":"desktop-align-left","8":"tablet-align-left","9":"mobile-align-left","10":"ast-product-gallery-layout-horizontal-slider","11":"ast-product-tabs-layout-horizontal","13":"first","14":"instock","15":"shipping-taxable","16":"purchasable","17":"product-type-simple"},"yoast_head":"<!-- This site is optimized with the Yoast SEO plugin v25.2 - https:\/\/yoast.com\/wordpress\/plugins\/seo\/ -->\n<title>Rebar Tie Wire<\/title>\n<meta name=\"description\" content=\"Rebar tie wire is a type of wire that is commonly used in concrete forming and construction projects.\" \/>\n<meta name=\"robots\" content=\"index, follow, max-snippet:-1, max-image-preview:large, max-video-preview:-1\" \/>\n<link rel=\"canonical\" href=\"https:\/\/qingdaohf.com\/sv\/produkt\/armeringsjarn-bindningstrad\/\" \/>\n<meta property=\"og:locale\" content=\"sv_SE\" \/>\n<meta property=\"og:type\" content=\"article\" \/>\n<meta property=\"og:title\" content=\"Rebar Tie Wire\" \/>\n<meta property=\"og:description\" content=\"Rebar tie wire is a type of wire that is commonly used in concrete forming and construction projects.\" \/>\n<meta property=\"og:url\" content=\"https:\/\/qingdaohf.com\/sv\/produkt\/armeringsjarn-bindningstrad\/\" \/>\n<meta property=\"og:site_name\" content=\"Concrete Form &amp; Rigging Hardware Supplier\" \/>\n<meta property=\"article:publisher\" content=\"https:\/\/www.facebook.com\/qingdaohf\" \/>\n<meta property=\"article:modified_time\" content=\"2025-11-13T01:05:31+00:00\" \/>\n<meta property=\"og:image\" content=\"https:\/\/qingdaohf.com\/wp-content\/uploads\/2023\/03\/rebar-Tie-Wire-6.jpg\" \/>\n\t<meta property=\"og:image:width\" content=\"1000\" \/>\n\t<meta property=\"og:image:height\" content=\"1000\" \/>\n\t<meta property=\"og:image:type\" content=\"image\/jpeg\" \/>\n<meta name=\"twitter:card\" content=\"summary_large_image\" \/>\n<meta name=\"twitter:label1\" content=\"Ber\u00e4knad l\u00e4stid\" \/>\n\t<meta name=\"twitter:data1\" content=\"3 minuter\" \/>\n<script type=\"application\/ld+json\" class=\"yoast-schema-graph\">{\"@context\":\"https:\/\/schema.org\",\"@graph\":[{\"@type\":\"WebPage\",\"@id\":\"https:\/\/qingdaohf.com\/product\/rebar-tie-wire\/\",\"url\":\"https:\/\/qingdaohf.com\/product\/rebar-tie-wire\/\",\"name\":\"Rebar Tie Wire\",\"isPartOf\":{\"@id\":\"https:\/\/qingdaohf.com\/bg\/#website\"},\"primaryImageOfPage\":{\"@id\":\"https:\/\/qingdaohf.com\/product\/rebar-tie-wire\/#primaryimage\"},\"image\":{\"@id\":\"https:\/\/qingdaohf.com\/product\/rebar-tie-wire\/#primaryimage\"},\"thumbnailUrl\":\"https:\/\/qingdaohf.com\/wp-content\/uploads\/2023\/03\/rebar-Tie-Wire-6.jpg\",\"datePublished\":\"2023-03-14T09:33:05+00:00\",\"dateModified\":\"2025-11-13T01:05:31+00:00\",\"description\":\"Rebar tie wire is a type of wire that is commonly used in concrete forming and construction projects.\",\"breadcrumb\":{\"@id\":\"https:\/\/qingdaohf.com\/product\/rebar-tie-wire\/#breadcrumb\"},\"inLanguage\":\"sv-SE\",\"potentialAction\":[{\"@type\":\"ReadAction\",\"target\":[\"https:\/\/qingdaohf.com\/product\/rebar-tie-wire\/\"]}]},{\"@type\":\"ImageObject\",\"inLanguage\":\"sv-SE\",\"@id\":\"https:\/\/qingdaohf.com\/product\/rebar-tie-wire\/#primaryimage\",\"url\":\"https:\/\/qingdaohf.com\/wp-content\/uploads\/2023\/03\/rebar-Tie-Wire-6.jpg\",\"contentUrl\":\"https:\/\/qingdaohf.com\/wp-content\/uploads\/2023\/03\/rebar-Tie-Wire-6.jpg\",\"width\":1000,\"height\":1000,\"caption\":\"rebar Tie Wire\"},{\"@type\":\"BreadcrumbList\",\"@id\":\"https:\/\/qingdaohf.com\/product\/rebar-tie-wire\/#breadcrumb\",\"itemListElement\":[{\"@type\":\"ListItem\",\"position\":1,\"name\":\"Home\",\"item\":\"https:\/\/qingdaohf.com\/\"},{\"@type\":\"ListItem\",\"position\":2,\"name\":\"Concrete Forming Accessories and Rigging Hardware\",\"item\":\"https:\/\/qingdaohf.com\/bg\/?page_id=944\"},{\"@type\":\"ListItem\",\"position\":3,\"name\":\"Rebar Tie Wire\"}]},{\"@type\":\"WebSite\",\"@id\":\"https:\/\/qingdaohf.com\/bg\/#website\",\"url\":\"https:\/\/qingdaohf.com\/bg\/\",\"name\":\"Concrete Form & Rigging Hardware Supplier\",\"description\":\"\",\"publisher\":{\"@id\":\"https:\/\/qingdaohf.com\/bg\/#organization\"},\"potentialAction\":[{\"@type\":\"SearchAction\",\"target\":{\"@type\":\"EntryPoint\",\"urlTemplate\":\"https:\/\/qingdaohf.com\/bg\/?s={search_term_string}\"},\"query-input\":{\"@type\":\"PropertyValueSpecification\",\"valueRequired\":true,\"valueName\":\"search_term_string\"}}],\"inLanguage\":\"sv-SE\"},{\"@type\":\"Organization\",\"@id\":\"https:\/\/qingdaohf.com\/bg\/#organization\",\"name\":\"Qingdao H&F\",\"url\":\"https:\/\/qingdaohf.com\/bg\/\",\"logo\":{\"@type\":\"ImageObject\",\"inLanguage\":\"sv-SE\",\"@id\":\"https:\/\/qingdaohf.com\/bg\/#\/schema\/logo\/image\/\",\"url\":\"https:\/\/qingdaohf.com\/wp-content\/uploads\/2022\/12\/cropped-HF-LOGO.png\",\"contentUrl\":\"https:\/\/qingdaohf.com\/wp-content\/uploads\/2022\/12\/cropped-HF-LOGO.png\",\"width\":391,\"height\":249,\"caption\":\"Qingdao H&F\"},\"image\":{\"@id\":\"https:\/\/qingdaohf.com\/bg\/#\/schema\/logo\/image\/\"},\"sameAs\":[\"https:\/\/www.facebook.com\/qingdaohf\"]}]}<\/script>\n<!-- \/ Yoast SEO plugin. -->","yoast_head_json":{"title":"Rebar Tie Wire","description":"Rebar tie wire is a type of wire that is commonly used in concrete forming and construction projects.","robots":{"index":"index","follow":"follow","max-snippet":"max-snippet:-1","max-image-preview":"max-image-preview:large","max-video-preview":"max-video-preview:-1"},"canonical":"https:\/\/qingdaohf.com\/sv\/produkt\/armeringsjarn-bindningstrad\/","og_locale":"sv_SE","og_type":"article","og_title":"Rebar Tie Wire","og_description":"Rebar tie wire is a type of wire that is commonly used in concrete forming and construction projects.","og_url":"https:\/\/qingdaohf.com\/sv\/produkt\/armeringsjarn-bindningstrad\/","og_site_name":"Concrete Form &amp; Rigging Hardware Supplier","article_publisher":"https:\/\/www.facebook.com\/qingdaohf","article_modified_time":"2025-11-13T01:05:31+00:00","og_image":[{"width":1000,"height":1000,"url":"https:\/\/qingdaohf.com\/wp-content\/uploads\/2023\/03\/rebar-Tie-Wire-6.jpg","type":"image\/jpeg"}],"twitter_card":"summary_large_image","twitter_misc":{"Ber\u00e4knad l\u00e4stid":"3 minuter"},"schema":{"@context":"https:\/\/schema.org","@graph":[{"@type":"WebPage","@id":"https:\/\/qingdaohf.com\/product\/rebar-tie-wire\/","url":"https:\/\/qingdaohf.com\/product\/rebar-tie-wire\/","name":"Rebar Tie Wire","isPartOf":{"@id":"https:\/\/qingdaohf.com\/bg\/#website"},"primaryImageOfPage":{"@id":"https:\/\/qingdaohf.com\/product\/rebar-tie-wire\/#primaryimage"},"image":{"@id":"https:\/\/qingdaohf.com\/product\/rebar-tie-wire\/#primaryimage"},"thumbnailUrl":"https:\/\/qingdaohf.com\/wp-content\/uploads\/2023\/03\/rebar-Tie-Wire-6.jpg","datePublished":"2023-03-14T09:33:05+00:00","dateModified":"2025-11-13T01:05:31+00:00","description":"Rebar tie wire is a type of wire that is commonly used in concrete forming and construction projects.","breadcrumb":{"@id":"https:\/\/qingdaohf.com\/product\/rebar-tie-wire\/#breadcrumb"},"inLanguage":"sv-SE","potentialAction":[{"@type":"ReadAction","target":["https:\/\/qingdaohf.com\/product\/rebar-tie-wire\/"]}]},{"@type":"ImageObject","inLanguage":"sv-SE","@id":"https:\/\/qingdaohf.com\/product\/rebar-tie-wire\/#primaryimage","url":"https:\/\/qingdaohf.com\/wp-content\/uploads\/2023\/03\/rebar-Tie-Wire-6.jpg","contentUrl":"https:\/\/qingdaohf.com\/wp-content\/uploads\/2023\/03\/rebar-Tie-Wire-6.jpg","width":1000,"height":1000,"caption":"rebar Tie Wire"},{"@type":"BreadcrumbList","@id":"https:\/\/qingdaohf.com\/product\/rebar-tie-wire\/#breadcrumb","itemListElement":[{"@type":"ListItem","position":1,"name":"Home","item":"https:\/\/qingdaohf.com\/"},{"@type":"ListItem","position":2,"name":"Concrete Forming Accessories and Rigging Hardware","item":"https:\/\/qingdaohf.com\/bg\/?page_id=944"},{"@type":"ListItem","position":3,"name":"Rebar Tie Wire"}]},{"@type":"WebSite","@id":"https:\/\/qingdaohf.com\/bg\/#website","url":"https:\/\/qingdaohf.com\/bg\/","name":"Concrete Form & Rigging Hardware Supplier","description":"","publisher":{"@id":"https:\/\/qingdaohf.com\/bg\/#organization"},"potentialAction":[{"@type":"SearchAction","target":{"@type":"EntryPoint","urlTemplate":"https:\/\/qingdaohf.com\/bg\/?s={search_term_string}"},"query-input":{"@type":"PropertyValueSpecification","valueRequired":true,"valueName":"search_term_string"}}],"inLanguage":"sv-SE"},{"@type":"Organization","@id":"https:\/\/qingdaohf.com\/bg\/#organization","name":"Qingdao H&F","url":"https:\/\/qingdaohf.com\/bg\/","logo":{"@type":"ImageObject","inLanguage":"sv-SE","@id":"https:\/\/qingdaohf.com\/bg\/#\/schema\/logo\/image\/","url":"https:\/\/qingdaohf.com\/wp-content\/uploads\/2022\/12\/cropped-HF-LOGO.png","contentUrl":"https:\/\/qingdaohf.com\/wp-content\/uploads\/2022\/12\/cropped-HF-LOGO.png","width":391,"height":249,"caption":"Qingdao H&F"},"image":{"@id":"https:\/\/qingdaohf.com\/bg\/#\/schema\/logo\/image\/"},"sameAs":["https:\/\/www.facebook.com\/qingdaohf"]}]}},"_links":{"self":[{"href":"https:\/\/qingdaohf.com\/sv\/wp-json\/wp\/v2\/product\/2874","targetHints":{"allow":["GET"]}}],"collection":[{"href":"https:\/\/qingdaohf.com\/sv\/wp-json\/wp\/v2\/product"}],"about":[{"href":"https:\/\/qingdaohf.com\/sv\/wp-json\/wp\/v2\/types\/product"}],"replies":[{"embeddable":true,"href":"https:\/\/qingdaohf.com\/sv\/wp-json\/wp\/v2\/comments?post=2874"}],"version-history":[{"count":10,"href":"https:\/\/qingdaohf.com\/sv\/wp-json\/wp\/v2\/product\/2874\/revisions"}],"predecessor-version":[{"id":2885,"href":"https:\/\/qingdaohf.com\/sv\/wp-json\/wp\/v2\/product\/2874\/revisions\/2885"}],"wp:featuredmedia":[{"embeddable":true,"href":"https:\/\/qingdaohf.com\/sv\/wp-json\/wp\/v2\/media\/2884"}],"wp:attachment":[{"href":"https:\/\/qingdaohf.com\/sv\/wp-json\/wp\/v2\/media?parent=2874"}],"wp:term":[{"taxonomy":"product_brand","embeddable":true,"href":"https:\/\/qingdaohf.com\/sv\/wp-json\/wp\/v2\/product_brand?post=2874"},{"taxonomy":"product_cat","embeddable":true,"href":"https:\/\/qingdaohf.com\/sv\/wp-json\/wp\/v2\/product_cat?post=2874"},{"taxonomy":"product_tag","embeddable":true,"href":"https:\/\/qingdaohf.com\/sv\/wp-json\/wp\/v2\/product_tag?post=2874"}],"curies":[{"name":"wp","href":"https:\/\/api.w.org\/{rel}","templated":true}]}}