{"id":3565,"date":"2023-04-10T19:01:37","date_gmt":"2023-04-10T11:01:37","guid":{"rendered":"http:\/\/qingdaohf.com\/?post_type=product&#038;p=3565"},"modified":"2025-11-13T09:05:12","modified_gmt":"2025-11-13T01:05:12","slug":"thimble","status":"publish","type":"product","link":"https:\/\/qingdaohf.com\/sv\/produkt\/fingerborg\/","title":{"rendered":"St\u00e5lwirekardborre St\u00e5lkabelkardborre"},"content":{"rendered":"<p><img fetchpriority=\"high\" decoding=\"async\" class=\"alignnone wp-image-9487 size-full\" src=\"http:\/\/qingdaohf.com\/wp-content\/uploads\/2025\/04\/wire-rope-description-7.webp\" alt=\"hylsa\" width=\"600\" height=\"774\" srcset=\"https:\/\/qingdaohf.com\/wp-content\/uploads\/2025\/04\/wire-rope-description-7.webp 600w, https:\/\/qingdaohf.com\/wp-content\/uploads\/2025\/04\/wire-rope-description-7-233x300.webp 233w, https:\/\/qingdaohf.com\/wp-content\/uploads\/2025\/04\/wire-rope-description-7-9x12.webp 9w\" sizes=\"(max-width: 600px) 100vw, 600px\" \/><\/p>\n<p>Fingerborgarna \u00e4r vanligtvis tillverkade av h\u00e5llbara material som rostfritt st\u00e5l eller galvaniserat st\u00e5l f\u00f6r att ge styrka och motst\u00e5ndskraft mot korrosion. Den har en cylindrisk eller oval form med en \u00f6ppning i ena \u00e4nden, s\u00e5 att vajern kan passera igenom. Fingerborgens andra \u00e4nde \u00e4r vanligtvis st\u00e4ngd och bildar en s\u00e4ker f\u00e4stpunkt.<\/p>\n<p>Det prim\u00e4ra syftet med en kaus \u00e4r att f\u00f6rhindra skador p\u00e5 st\u00e5llinan som orsakas av direktkontakt med kontaktdon eller beslag. N\u00e4r en \u00f6gla bildas i en st\u00e5llina s\u00e4tts kausen in f\u00f6r att st\u00f6dja och skydda linan mot slitage och deformation, s\u00e4rskilt under tung belastning eller repetitiva r\u00f6relser. Den hj\u00e4lper till att f\u00f6rdela belastningen j\u00e4mnt \u00f6ver linan och minimerar sp\u00e4nningskoncentrationer, vilket f\u00f6rl\u00e4nger linans livsl\u00e4ngd.<\/p>\n<p>Kauser spelar ocks\u00e5 en avg\u00f6rande roll f\u00f6r att uppr\u00e4tth\u00e5lla integriteten hos vajersling och monteringar. Genom att montera en fingerborg i \u00f6glan p\u00e5 en vajersling f\u00f6rhindrar man att slinget krossas eller kl\u00e4ms n\u00e4r det anv\u00e4nds med krokar, schacklar eller andra lyftredskap. Detta \u00f6kar s\u00e4kerheten och tillf\u00f6rlitligheten vid lyftoperationer och bevarar st\u00e5llinans strukturella integritet.<\/p>\n<div class=\"ast-oembed-container\" style=\"height: 100%;\"><iframe title=\"Kaus f\u00f6r vajer\" width=\"500\" height=\"281\" src=\"https:\/\/www.youtube.com\/embed\/Kj-AQ0vnLeM?feature=oembed\" frameborder=\"0\" allow=\"accelerometer; autoplay; clipboard-write; encrypted-media; gyroscope; picture-in-picture; web-share\" referrerpolicy=\"strict-origin-when-cross-origin\" allowfullscreen><\/iframe><\/div>\n<p><img decoding=\"async\" class=\"alignnone size-full wp-image-3567\" src=\"http:\/\/qingdaohf.com\/wp-content\/uploads\/2023\/04\/1-10.jpg\" alt=\"Fingerborg\" width=\"1080\" height=\"1398\" srcset=\"https:\/\/qingdaohf.com\/wp-content\/uploads\/2023\/04\/1-10.jpg 1080w, https:\/\/qingdaohf.com\/wp-content\/uploads\/2023\/04\/1-10-232x300.jpg 232w, https:\/\/qingdaohf.com\/wp-content\/uploads\/2023\/04\/1-10-791x1024.jpg 791w, https:\/\/qingdaohf.com\/wp-content\/uploads\/2023\/04\/1-10-768x994.jpg 768w, https:\/\/qingdaohf.com\/wp-content\/uploads\/2023\/04\/1-10-1000x1294.jpg 1000w\" sizes=\"(max-width: 1080px) 100vw, 1080px\" \/><\/p>","protected":false},"excerpt":{"rendered":"<p>Wire rope thimble \u00e4r en liten metallanordning som \u00e4r utformad f\u00f6r att skydda och f\u00f6rst\u00e4rka en \u00f6gla eller \u00f6gla som bildas i en vajer. Den anv\u00e4nds ofta i olika branscher och till\u00e4mpningar d\u00e4r st\u00e5llinor anv\u00e4nds, t.ex. inom marin, bygg och rigg.<\/p>","protected":false},"featured_media":6180,"comment_status":"open","ping_status":"closed","template":"","meta":{"site-sidebar-layout":"default","site-content-layout":"default","ast-site-content-layout":"default","site-content-style":"default","site-sidebar-style":"default","ast-global-header-display":"","ast-banner-title-visibility":"","ast-main-header-display":"","ast-hfb-above-header-display":"","ast-hfb-below-header-display":"","ast-hfb-mobile-header-display":"","site-post-title":"","ast-breadcrumbs-content":"","ast-featured-img":"","footer-sml-layout":"","theme-transparent-header-meta":"default","adv-header-id-meta":"","stick-header-meta":"default","header-above-stick-meta":"","header-main-stick-meta":"","header-below-stick-meta":"","astra-migrate-meta-layouts":"set","ast-page-background-enabled":"default","ast-page-background-meta":{"desktop":{"background-color":"","background-image":"","background-repeat":"repeat","background-position":"center center","background-size":"auto","background-attachment":"scroll","background-type":"","background-media":"","overlay-type":"","overlay-color":"","overlay-opacity":"","overlay-gradient":""},"tablet":{"background-color":"","background-image":"","background-repeat":"repeat","background-position":"center center","background-size":"auto","background-attachment":"scroll","background-type":"","background-media":"","overlay-type":"","overlay-color":"","overlay-opacity":"","overlay-gradient":""},"mobile":{"background-color":"","background-image":"","background-repeat":"repeat","background-position":"center center","background-size":"auto","background-attachment":"scroll","background-type":"","background-media":"","overlay-type":"","overlay-color":"","overlay-opacity":"","overlay-gradient":""}},"ast-content-background-meta":{"desktop":{"background-color":"var(--ast-global-color-5)","background-image":"","background-repeat":"repeat","background-position":"center center","background-size":"auto","background-attachment":"scroll","background-type":"","background-media":"","overlay-type":"","overlay-color":"","overlay-opacity":"","overlay-gradient":""},"tablet":{"background-color":"var(--ast-global-color-5)","background-image":"","background-repeat":"repeat","background-position":"center center","background-size":"auto","background-attachment":"scroll","background-type":"","background-media":"","overlay-type":"","overlay-color":"","overlay-opacity":"","overlay-gradient":""},"mobile":{"background-color":"var(--ast-global-color-5)","background-image":"","background-repeat":"repeat","background-position":"center center","background-size":"auto","background-attachment":"scroll","background-type":"","background-media":"","overlay-type":"","overlay-color":"","overlay-opacity":"","overlay-gradient":""}}},"product_brand":[],"product_cat":[37,44],"product_tag":[],"class_list":{"0":"post-3565","1":"product","2":"type-product","3":"status-publish","4":"has-post-thumbnail","6":"product_cat-wire-rope","7":"product_cat-stainless-steel-poduct","8":"desktop-align-left","9":"tablet-align-left","10":"mobile-align-left","11":"ast-product-gallery-layout-horizontal-slider","12":"ast-product-tabs-layout-horizontal","14":"first","15":"instock","16":"shipping-taxable","17":"purchasable","18":"product-type-simple"},"yoast_head":"<!-- This site is optimized with the Yoast SEO plugin v25.2 - https:\/\/yoast.com\/wordpress\/plugins\/seo\/ -->\n<title>Wire Rope Thimble Steel Cable Thimble<\/title>\n<meta name=\"description\" content=\"A wire rope thimble is a small metal device designed to protect and reinforce a loop or eyelet formed in a wire rope. It is commonly used in various industries and applications where wire ropes are used, such as marine, construction, and rigging.\" \/>\n<meta name=\"robots\" content=\"index, follow, max-snippet:-1, max-image-preview:large, max-video-preview:-1\" \/>\n<link rel=\"canonical\" href=\"https:\/\/qingdaohf.com\/sv\/produkt\/fingerborg\/\" \/>\n<meta property=\"og:locale\" content=\"sv_SE\" \/>\n<meta property=\"og:type\" content=\"article\" \/>\n<meta property=\"og:title\" content=\"Wire Rope Thimble Steel Cable Thimble\" \/>\n<meta property=\"og:description\" content=\"A wire rope thimble is a small metal device designed to protect and reinforce a loop or eyelet formed in a wire rope. It is commonly used in various industries and applications where wire ropes are used, such as marine, construction, and rigging.\" \/>\n<meta property=\"og:url\" content=\"https:\/\/qingdaohf.com\/sv\/produkt\/fingerborg\/\" \/>\n<meta property=\"og:site_name\" content=\"Concrete Form &amp; Rigging Hardware Supplier\" \/>\n<meta property=\"article:publisher\" content=\"https:\/\/www.facebook.com\/qingdaohf\" \/>\n<meta property=\"article:modified_time\" content=\"2025-11-13T01:05:12+00:00\" \/>\n<meta property=\"og:image\" content=\"https:\/\/qingdaohf.com\/wp-content\/uploads\/2023\/04\/Thimble-1.jpg\" \/>\n\t<meta property=\"og:image:width\" content=\"800\" \/>\n\t<meta property=\"og:image:height\" content=\"800\" \/>\n\t<meta property=\"og:image:type\" content=\"image\/jpeg\" \/>\n<meta name=\"twitter:card\" content=\"summary_large_image\" \/>\n<meta name=\"twitter:label1\" content=\"Ber\u00e4knad l\u00e4stid\" \/>\n\t<meta name=\"twitter:data1\" content=\"2 minuter\" \/>\n<script type=\"application\/ld+json\" class=\"yoast-schema-graph\">{\"@context\":\"https:\/\/schema.org\",\"@graph\":[{\"@type\":\"WebPage\",\"@id\":\"https:\/\/qingdaohf.com\/product\/thimble\/\",\"url\":\"https:\/\/qingdaohf.com\/product\/thimble\/\",\"name\":\"Wire Rope Thimble Steel Cable Thimble\",\"isPartOf\":{\"@id\":\"https:\/\/qingdaohf.com\/bg\/#website\"},\"primaryImageOfPage\":{\"@id\":\"https:\/\/qingdaohf.com\/product\/thimble\/#primaryimage\"},\"image\":{\"@id\":\"https:\/\/qingdaohf.com\/product\/thimble\/#primaryimage\"},\"thumbnailUrl\":\"https:\/\/qingdaohf.com\/wp-content\/uploads\/2023\/12\/wire-rope-thimble.jpg\",\"datePublished\":\"2023-04-10T11:01:37+00:00\",\"dateModified\":\"2025-11-13T01:05:12+00:00\",\"description\":\"A wire rope thimble is a small metal device designed to protect and reinforce a loop or eyelet formed in a wire rope. It is commonly used in various industries and applications where wire ropes are used, such as marine, construction, and rigging.\",\"breadcrumb\":{\"@id\":\"https:\/\/qingdaohf.com\/product\/thimble\/#breadcrumb\"},\"inLanguage\":\"sv-SE\",\"potentialAction\":[{\"@type\":\"ReadAction\",\"target\":[\"https:\/\/qingdaohf.com\/product\/thimble\/\"]}]},{\"@type\":\"ImageObject\",\"inLanguage\":\"sv-SE\",\"@id\":\"https:\/\/qingdaohf.com\/product\/thimble\/#primaryimage\",\"url\":\"https:\/\/qingdaohf.com\/wp-content\/uploads\/2023\/12\/wire-rope-thimble.jpg\",\"contentUrl\":\"https:\/\/qingdaohf.com\/wp-content\/uploads\/2023\/12\/wire-rope-thimble.jpg\",\"width\":1000,\"height\":1000,\"caption\":\"wire rope thimble\"},{\"@type\":\"BreadcrumbList\",\"@id\":\"https:\/\/qingdaohf.com\/product\/thimble\/#breadcrumb\",\"itemListElement\":[{\"@type\":\"ListItem\",\"position\":1,\"name\":\"Home\",\"item\":\"https:\/\/qingdaohf.com\/\"},{\"@type\":\"ListItem\",\"position\":2,\"name\":\"Concrete Forming Accessories and Rigging Hardware\",\"item\":\"https:\/\/qingdaohf.com\/bg\/?page_id=944\"},{\"@type\":\"ListItem\",\"position\":3,\"name\":\"Wire Rope Thimble Steel Cable Thimble\"}]},{\"@type\":\"WebSite\",\"@id\":\"https:\/\/qingdaohf.com\/bg\/#website\",\"url\":\"https:\/\/qingdaohf.com\/bg\/\",\"name\":\"Concrete Form & Rigging Hardware Supplier\",\"description\":\"\",\"publisher\":{\"@id\":\"https:\/\/qingdaohf.com\/bg\/#organization\"},\"potentialAction\":[{\"@type\":\"SearchAction\",\"target\":{\"@type\":\"EntryPoint\",\"urlTemplate\":\"https:\/\/qingdaohf.com\/bg\/?s={search_term_string}\"},\"query-input\":{\"@type\":\"PropertyValueSpecification\",\"valueRequired\":true,\"valueName\":\"search_term_string\"}}],\"inLanguage\":\"sv-SE\"},{\"@type\":\"Organization\",\"@id\":\"https:\/\/qingdaohf.com\/bg\/#organization\",\"name\":\"Qingdao H&F\",\"url\":\"https:\/\/qingdaohf.com\/bg\/\",\"logo\":{\"@type\":\"ImageObject\",\"inLanguage\":\"sv-SE\",\"@id\":\"https:\/\/qingdaohf.com\/bg\/#\/schema\/logo\/image\/\",\"url\":\"https:\/\/qingdaohf.com\/wp-content\/uploads\/2022\/12\/cropped-HF-LOGO.png\",\"contentUrl\":\"https:\/\/qingdaohf.com\/wp-content\/uploads\/2022\/12\/cropped-HF-LOGO.png\",\"width\":391,\"height\":249,\"caption\":\"Qingdao H&F\"},\"image\":{\"@id\":\"https:\/\/qingdaohf.com\/bg\/#\/schema\/logo\/image\/\"},\"sameAs\":[\"https:\/\/www.facebook.com\/qingdaohf\"]}]}<\/script>\n<!-- \/ Yoast SEO plugin. -->","yoast_head_json":{"title":"Wire Rope Thimble Steel Cable Thimble","description":"A wire rope thimble is a small metal device designed to protect and reinforce a loop or eyelet formed in a wire rope. It is commonly used in various industries and applications where wire ropes are used, such as marine, construction, and rigging.","robots":{"index":"index","follow":"follow","max-snippet":"max-snippet:-1","max-image-preview":"max-image-preview:large","max-video-preview":"max-video-preview:-1"},"canonical":"https:\/\/qingdaohf.com\/sv\/produkt\/fingerborg\/","og_locale":"sv_SE","og_type":"article","og_title":"Wire Rope Thimble Steel Cable Thimble","og_description":"A wire rope thimble is a small metal device designed to protect and reinforce a loop or eyelet formed in a wire rope. It is commonly used in various industries and applications where wire ropes are used, such as marine, construction, and rigging.","og_url":"https:\/\/qingdaohf.com\/sv\/produkt\/fingerborg\/","og_site_name":"Concrete Form &amp; Rigging Hardware Supplier","article_publisher":"https:\/\/www.facebook.com\/qingdaohf","article_modified_time":"2025-11-13T01:05:12+00:00","og_image":[{"width":800,"height":800,"url":"https:\/\/qingdaohf.com\/wp-content\/uploads\/2023\/04\/Thimble-1.jpg","type":"image\/jpeg"}],"twitter_card":"summary_large_image","twitter_misc":{"Ber\u00e4knad l\u00e4stid":"2 minuter"},"schema":{"@context":"https:\/\/schema.org","@graph":[{"@type":"WebPage","@id":"https:\/\/qingdaohf.com\/product\/thimble\/","url":"https:\/\/qingdaohf.com\/product\/thimble\/","name":"Wire Rope Thimble Steel Cable Thimble","isPartOf":{"@id":"https:\/\/qingdaohf.com\/bg\/#website"},"primaryImageOfPage":{"@id":"https:\/\/qingdaohf.com\/product\/thimble\/#primaryimage"},"image":{"@id":"https:\/\/qingdaohf.com\/product\/thimble\/#primaryimage"},"thumbnailUrl":"https:\/\/qingdaohf.com\/wp-content\/uploads\/2023\/12\/wire-rope-thimble.jpg","datePublished":"2023-04-10T11:01:37+00:00","dateModified":"2025-11-13T01:05:12+00:00","description":"A wire rope thimble is a small metal device designed to protect and reinforce a loop or eyelet formed in a wire rope. It is commonly used in various industries and applications where wire ropes are used, such as marine, construction, and rigging.","breadcrumb":{"@id":"https:\/\/qingdaohf.com\/product\/thimble\/#breadcrumb"},"inLanguage":"sv-SE","potentialAction":[{"@type":"ReadAction","target":["https:\/\/qingdaohf.com\/product\/thimble\/"]}]},{"@type":"ImageObject","inLanguage":"sv-SE","@id":"https:\/\/qingdaohf.com\/product\/thimble\/#primaryimage","url":"https:\/\/qingdaohf.com\/wp-content\/uploads\/2023\/12\/wire-rope-thimble.jpg","contentUrl":"https:\/\/qingdaohf.com\/wp-content\/uploads\/2023\/12\/wire-rope-thimble.jpg","width":1000,"height":1000,"caption":"wire rope thimble"},{"@type":"BreadcrumbList","@id":"https:\/\/qingdaohf.com\/product\/thimble\/#breadcrumb","itemListElement":[{"@type":"ListItem","position":1,"name":"Home","item":"https:\/\/qingdaohf.com\/"},{"@type":"ListItem","position":2,"name":"Concrete Forming Accessories and Rigging Hardware","item":"https:\/\/qingdaohf.com\/bg\/?page_id=944"},{"@type":"ListItem","position":3,"name":"Wire Rope Thimble Steel Cable Thimble"}]},{"@type":"WebSite","@id":"https:\/\/qingdaohf.com\/bg\/#website","url":"https:\/\/qingdaohf.com\/bg\/","name":"Concrete Form & Rigging Hardware Supplier","description":"","publisher":{"@id":"https:\/\/qingdaohf.com\/bg\/#organization"},"potentialAction":[{"@type":"SearchAction","target":{"@type":"EntryPoint","urlTemplate":"https:\/\/qingdaohf.com\/bg\/?s={search_term_string}"},"query-input":{"@type":"PropertyValueSpecification","valueRequired":true,"valueName":"search_term_string"}}],"inLanguage":"sv-SE"},{"@type":"Organization","@id":"https:\/\/qingdaohf.com\/bg\/#organization","name":"Qingdao H&F","url":"https:\/\/qingdaohf.com\/bg\/","logo":{"@type":"ImageObject","inLanguage":"sv-SE","@id":"https:\/\/qingdaohf.com\/bg\/#\/schema\/logo\/image\/","url":"https:\/\/qingdaohf.com\/wp-content\/uploads\/2022\/12\/cropped-HF-LOGO.png","contentUrl":"https:\/\/qingdaohf.com\/wp-content\/uploads\/2022\/12\/cropped-HF-LOGO.png","width":391,"height":249,"caption":"Qingdao H&F"},"image":{"@id":"https:\/\/qingdaohf.com\/bg\/#\/schema\/logo\/image\/"},"sameAs":["https:\/\/www.facebook.com\/qingdaohf"]}]}},"_links":{"self":[{"href":"https:\/\/qingdaohf.com\/sv\/wp-json\/wp\/v2\/product\/3565","targetHints":{"allow":["GET"]}}],"collection":[{"href":"https:\/\/qingdaohf.com\/sv\/wp-json\/wp\/v2\/product"}],"about":[{"href":"https:\/\/qingdaohf.com\/sv\/wp-json\/wp\/v2\/types\/product"}],"replies":[{"embeddable":true,"href":"https:\/\/qingdaohf.com\/sv\/wp-json\/wp\/v2\/comments?post=3565"}],"version-history":[{"count":3,"href":"https:\/\/qingdaohf.com\/sv\/wp-json\/wp\/v2\/product\/3565\/revisions"}],"predecessor-version":[{"id":9493,"href":"https:\/\/qingdaohf.com\/sv\/wp-json\/wp\/v2\/product\/3565\/revisions\/9493"}],"wp:featuredmedia":[{"embeddable":true,"href":"https:\/\/qingdaohf.com\/sv\/wp-json\/wp\/v2\/media\/6180"}],"wp:attachment":[{"href":"https:\/\/qingdaohf.com\/sv\/wp-json\/wp\/v2\/media?parent=3565"}],"wp:term":[{"taxonomy":"product_brand","embeddable":true,"href":"https:\/\/qingdaohf.com\/sv\/wp-json\/wp\/v2\/product_brand?post=3565"},{"taxonomy":"product_cat","embeddable":true,"href":"https:\/\/qingdaohf.com\/sv\/wp-json\/wp\/v2\/product_cat?post=3565"},{"taxonomy":"product_tag","embeddable":true,"href":"https:\/\/qingdaohf.com\/sv\/wp-json\/wp\/v2\/product_tag?post=3565"}],"curies":[{"name":"wp","href":"https:\/\/api.w.org\/{rel}","templated":true}]}}