{"id":4005,"date":"2023-05-25T17:04:40","date_gmt":"2023-05-25T09:04:40","guid":{"rendered":"http:\/\/qingdaohf.com\/?post_type=product&#038;p=4005"},"modified":"2025-11-13T09:04:44","modified_gmt":"2025-11-13T01:04:44","slug":"wire-rope-clip","status":"publish","type":"product","link":"https:\/\/qingdaohf.com\/sv\/produkt\/vajerklamma\/","title":{"rendered":"Wire Rope Clip St\u00e5lkabelkl\u00e4mmor"},"content":{"rendered":"<p><img fetchpriority=\"high\" decoding=\"async\" class=\"alignnone wp-image-9488 size-full\" src=\"http:\/\/qingdaohf.com\/wp-content\/uploads\/2025\/04\/Wire-Rope-Clips-2.jpg\" alt=\"Wire-rep-kl\u00e4mmor\" width=\"700\" height=\"364\" srcset=\"https:\/\/qingdaohf.com\/wp-content\/uploads\/2025\/04\/Wire-Rope-Clips-2.jpg 700w, https:\/\/qingdaohf.com\/wp-content\/uploads\/2025\/04\/Wire-Rope-Clips-2-300x156.jpg 300w, https:\/\/qingdaohf.com\/wp-content\/uploads\/2025\/04\/Wire-Rope-Clips-2-18x9.jpg 18w\" sizes=\"(max-width: 700px) 100vw, 700px\" \/><\/p>\n<div class=\"ast-oembed-container\" style=\"height: 100%;\"><iframe title=\"Kl\u00e4mma f\u00f6r vajerrep\" width=\"500\" height=\"281\" src=\"https:\/\/www.youtube.com\/embed\/ddJITaY1-Fc?feature=oembed\" frameborder=\"0\" allow=\"accelerometer; autoplay; clipboard-write; encrypted-media; gyroscope; picture-in-picture; web-share\" referrerpolicy=\"strict-origin-when-cross-origin\" allowfullscreen><\/iframe><\/div>\n<h3 data-sourcepos=\"7:1-7:61\"><strong>Kompromissl\u00f6s kvalitet f\u00f6r o\u00f6vertr\u00e4ffade industriella utmaningar:<\/strong><\/h3>\n<ul data-sourcepos=\"7:1-10:0\">\n<li data-sourcepos=\"7:1-7:249\"><strong>Galvaniserad Styrka:<\/strong>\u00a0V\u00e5ra galvaniserade clips ger robust korrosionsbest\u00e4ndighet f\u00f6r allm\u00e4n utomhusanv\u00e4ndning och \u00e4r idealiska f\u00f6r lyft-, rigg- och s\u00e4kringstill\u00e4mpningar. De \u00e4r kostnadseffektiva och m\u00e5ngsidiga och ger ett exceptionellt v\u00e4rde f\u00f6r den dagliga verksamheten.<\/li>\n<li data-sourcepos=\"8:1-8:322\"><strong>Rostfritt st\u00e5l \u00c5ngfasthet:<\/strong> F\u00f6r milj\u00f6er med starka kemikalier, saltvattenexponering eller h\u00f6ga s\u00e4kerhetskrav erbjuder H&amp;F:s rostfria clips o\u00f6vertr\u00e4ffad korrosionsbest\u00e4ndighet och orubblig styrka. De \u00e4r byggda f\u00f6r att klara de mest kr\u00e4vande industriella milj\u00f6er och garanterar l\u00e5ngvarig tillf\u00f6rlitlighet.<\/li>\n<li data-sourcepos=\"9:1-10:0\"><strong><a class=\"row-title\" href=\"http:\/\/qingdaohf.com\/wp-admin\/post.php?post=4018&amp;action=edit\">Duplex-kl\u00e4mma f\u00f6r vajer<\/a>:<\/strong> N\u00e4r \u00f6verl\u00e4gsen h\u00e5llfasthet och utmattningsh\u00e5llfasthet \u00e4r av st\u00f6rsta vikt klarar H&amp;F duplexa vajerkl\u00e4mmor utmaningen. Deras dubbelbultskonstruktion ger ett exceptionellt grepp, vilket g\u00f6r dem idealiska f\u00f6r kritiska lyftuppgifter, dynamiska belastningar och applikationer som kr\u00e4ver extra s\u00e4kerhet.<\/li>\n<\/ul>\n<h3>Parametrar f\u00f6r vajerkl\u00e4mmor<\/h3>\n<p><img decoding=\"async\" class=\"alignnone size-full wp-image-4016\" src=\"http:\/\/qingdaohf.com\/wp-content\/uploads\/2023\/05\/wire-rope-clip-1.webp\" alt=\"vajerkl\u00e4mma\" width=\"982\" height=\"368\" srcset=\"https:\/\/qingdaohf.com\/wp-content\/uploads\/2023\/05\/wire-rope-clip-1.webp 982w, https:\/\/qingdaohf.com\/wp-content\/uploads\/2023\/05\/wire-rope-clip-1-300x112.webp 300w, https:\/\/qingdaohf.com\/wp-content\/uploads\/2023\/05\/wire-rope-clip-1-768x288.webp 768w\" sizes=\"(max-width: 982px) 100vw, 982px\" \/>\u00a0<img decoding=\"async\" class=\"alignnone size-full wp-image-4017\" src=\"http:\/\/qingdaohf.com\/wp-content\/uploads\/2023\/05\/wire-rope-clip-1.jpg\" alt=\"vajerkl\u00e4mma\" width=\"1000\" height=\"1082\" srcset=\"https:\/\/qingdaohf.com\/wp-content\/uploads\/2023\/05\/wire-rope-clip-1.jpg 1000w, https:\/\/qingdaohf.com\/wp-content\/uploads\/2023\/05\/wire-rope-clip-1-277x300.jpg 277w, https:\/\/qingdaohf.com\/wp-content\/uploads\/2023\/05\/wire-rope-clip-1-946x1024.jpg 946w, https:\/\/qingdaohf.com\/wp-content\/uploads\/2023\/05\/wire-rope-clip-1-768x831.jpg 768w\" sizes=\"(max-width: 1000px) 100vw, 1000px\" \/> <img loading=\"lazy\" decoding=\"async\" class=\"alignnone size-full wp-image-4014\" src=\"http:\/\/qingdaohf.com\/wp-content\/uploads\/2023\/05\/wire-rope-clip-2.jpg\" alt=\"vajerkl\u00e4mma\" width=\"1000\" height=\"817\" srcset=\"https:\/\/qingdaohf.com\/wp-content\/uploads\/2023\/05\/wire-rope-clip-2.jpg 1000w, https:\/\/qingdaohf.com\/wp-content\/uploads\/2023\/05\/wire-rope-clip-2-300x245.jpg 300w, https:\/\/qingdaohf.com\/wp-content\/uploads\/2023\/05\/wire-rope-clip-2-768x627.jpg 768w\" sizes=\"(max-width: 1000px) 100vw, 1000px\" \/><\/p>\n<h3>Varf\u00f6r v\u00e4lja oss?<\/h3>\n<p>Premium kvalitet: V\u00e5ra vajerkl\u00e4mmor \u00e4r noggrant utformade med de finaste materialen, vilket garanterar h\u00e5llbarhet, tillf\u00f6rlitlighet och s\u00e4kerhet. Vi f\u00f6ljer strikta standarder f\u00f6r kvalitetskontroll, vilket garanterar att varje produkt uppfyller eller \u00f6vertr\u00e4ffar branschreglerna.<\/p>\n<p>M\u00e5ngsidiga till\u00e4mpningar: Oavsett om det g\u00e4ller bygg-, sj\u00f6farts-, flyg- eller industritill\u00e4mpningar \u00e4r v\u00e5ra vajerkl\u00e4mmor utformade f\u00f6r att klara ett brett spektrum av uppgifter, vilket ger s\u00e4kra och effektiva riggl\u00f6sningar.<\/p>\n<p>P\u00e5litligt rykte: Under \u00e5rens lopp har vi vunnit f\u00f6rtroende och lojalitet hos otaliga kunder som f\u00f6rlitar sig p\u00e5 v\u00e5ra vajerkl\u00e4mmor f\u00f6r sina kritiska applikationer. V\u00e5rt rykte s\u00e4ger mycket om kvaliteten och tillf\u00f6rlitligheten hos v\u00e5ra produkter.<\/p>\n<p>S\u00e4kerheten f\u00f6rst: S\u00e4kerheten \u00e4r v\u00e5r h\u00f6gsta prioritet. V\u00e5ra vajerkl\u00e4mmor genomg\u00e5r rigor\u00f6sa tester och uppfyller branschens s\u00e4kerhetsstandarder f\u00f6r att ge v\u00e5ra kunder sinnesfrid.<\/p>\n<p>Skr\u00e4ddarsydda l\u00f6sningar: Vi f\u00f6rst\u00e5r att varje projekt har unika krav. V\u00e5rt team arbetar n\u00e4ra dig f\u00f6r att tillhandah\u00e5lla skr\u00e4ddarsydda l\u00f6sningar som b\u00e4st passar din specifika applikation och s\u00e4kerst\u00e4ller optimala resultat.<\/p>\n<p>Kundcentrerat f\u00f6rh\u00e5llningss\u00e4tt: V\u00e5ra kunder \u00e4r k\u00e4rnan i allt vi g\u00f6r. Vi \u00e4r stolta \u00f6ver v\u00e5r exceptionella kundservice, v\u00e5r transparenta kommunikation och v\u00e5r vilja att g\u00f6ra det lilla extra f\u00f6r att uppfylla dina behov.<\/p>","protected":false},"excerpt":{"rendered":"<p>Wire rope clip och clamp \u00e4r en vanligt f\u00f6rekommande h\u00e5rdvaruenhet f\u00f6r att s\u00e4kra \u00e4ndarna p\u00e5 vajrar eller kablar. Det ger en stark och p\u00e5litlig anslutning som f\u00f6rhindrar att vajern glider eller lossnar.<\/p>\n<p data-sourcepos=\"5:1-5:289\">H&amp;F \u00e4r din p\u00e5litliga partner f\u00f6r h\u00f6gpresterande vajerkl\u00e4mmor som garanterar s\u00e4kra och tillf\u00f6rlitliga anslutningar i kr\u00e4vande industriella applikationer. Vi erbjuder ett omfattande sortiment av galvaniserade och rostfria kl\u00e4mmor som \u00e4r noggrant konstruerade f\u00f6r att uppfylla de olika behoven inom B2B-sektorn.<\/p>","protected":false},"featured_media":4006,"comment_status":"open","ping_status":"closed","template":"","meta":{"site-sidebar-layout":"default","site-content-layout":"default","ast-site-content-layout":"default","site-content-style":"default","site-sidebar-style":"default","ast-global-header-display":"","ast-banner-title-visibility":"","ast-main-header-display":"","ast-hfb-above-header-display":"","ast-hfb-below-header-display":"","ast-hfb-mobile-header-display":"","site-post-title":"","ast-breadcrumbs-content":"","ast-featured-img":"","footer-sml-layout":"","theme-transparent-header-meta":"default","adv-header-id-meta":"","stick-header-meta":"default","header-above-stick-meta":"","header-main-stick-meta":"","header-below-stick-meta":"","astra-migrate-meta-layouts":"set","ast-page-background-enabled":"default","ast-page-background-meta":{"desktop":{"background-color":"","background-image":"","background-repeat":"repeat","background-position":"center center","background-size":"auto","background-attachment":"scroll","background-type":"","background-media":"","overlay-type":"","overlay-color":"","overlay-opacity":"","overlay-gradient":""},"tablet":{"background-color":"","background-image":"","background-repeat":"repeat","background-position":"center center","background-size":"auto","background-attachment":"scroll","background-type":"","background-media":"","overlay-type":"","overlay-color":"","overlay-opacity":"","overlay-gradient":""},"mobile":{"background-color":"","background-image":"","background-repeat":"repeat","background-position":"center center","background-size":"auto","background-attachment":"scroll","background-type":"","background-media":"","overlay-type":"","overlay-color":"","overlay-opacity":"","overlay-gradient":""}},"ast-content-background-meta":{"desktop":{"background-color":"var(--ast-global-color-5)","background-image":"","background-repeat":"repeat","background-position":"center center","background-size":"auto","background-attachment":"scroll","background-type":"","background-media":"","overlay-type":"","overlay-color":"","overlay-opacity":"","overlay-gradient":""},"tablet":{"background-color":"var(--ast-global-color-5)","background-image":"","background-repeat":"repeat","background-position":"center center","background-size":"auto","background-attachment":"scroll","background-type":"","background-media":"","overlay-type":"","overlay-color":"","overlay-opacity":"","overlay-gradient":""},"mobile":{"background-color":"var(--ast-global-color-5)","background-image":"","background-repeat":"repeat","background-position":"center center","background-size":"auto","background-attachment":"scroll","background-type":"","background-media":"","overlay-type":"","overlay-color":"","overlay-opacity":"","overlay-gradient":""}}},"product_brand":[],"product_cat":[37,43],"product_tag":[],"class_list":{"0":"post-4005","1":"product","2":"type-product","3":"status-publish","4":"has-post-thumbnail","6":"product_cat-wire-rope","7":"product_cat-rigging-hardware","8":"desktop-align-left","9":"tablet-align-left","10":"mobile-align-left","11":"ast-product-gallery-layout-horizontal-slider","12":"ast-product-tabs-layout-horizontal","14":"first","15":"instock","16":"shipping-taxable","17":"purchasable","18":"product-type-simple"},"yoast_head":"<!-- This site is optimized with the Yoast SEO plugin v25.2 - https:\/\/yoast.com\/wordpress\/plugins\/seo\/ -->\n<title>Wire Rope Clip Steel Cable Clamps<\/title>\n<meta name=\"description\" content=\"A wire rope clip, also known as a cable clamp or wire rope clamp, is a commonly used hardware device for securing the ends of wire ropes or cables.\" \/>\n<meta name=\"robots\" content=\"index, follow, max-snippet:-1, max-image-preview:large, max-video-preview:-1\" \/>\n<link rel=\"canonical\" href=\"https:\/\/qingdaohf.com\/sv\/produkt\/vajerklamma\/\" \/>\n<meta property=\"og:locale\" content=\"sv_SE\" \/>\n<meta property=\"og:type\" content=\"article\" \/>\n<meta property=\"og:title\" content=\"Wire Rope Clip Steel Cable Clamps\" \/>\n<meta property=\"og:description\" content=\"A wire rope clip, also known as a cable clamp or wire rope clamp, is a commonly used hardware device for securing the ends of wire ropes or cables.\" \/>\n<meta property=\"og:url\" content=\"https:\/\/qingdaohf.com\/sv\/produkt\/vajerklamma\/\" \/>\n<meta property=\"og:site_name\" content=\"Concrete Form &amp; Rigging Hardware Supplier\" \/>\n<meta property=\"article:publisher\" content=\"https:\/\/www.facebook.com\/qingdaohf\" \/>\n<meta property=\"article:modified_time\" content=\"2025-11-13T01:04:44+00:00\" \/>\n<meta property=\"og:image\" content=\"https:\/\/qingdaohf.com\/wp-content\/uploads\/2023\/05\/wire-rope-clip-7.jpg\" \/>\n\t<meta property=\"og:image:width\" content=\"1000\" \/>\n\t<meta property=\"og:image:height\" content=\"1000\" \/>\n\t<meta property=\"og:image:type\" content=\"image\/jpeg\" \/>\n<meta name=\"twitter:card\" content=\"summary_large_image\" \/>\n<meta name=\"twitter:label1\" content=\"Ber\u00e4knad l\u00e4stid\" \/>\n\t<meta name=\"twitter:data1\" content=\"3 minuter\" \/>\n<script type=\"application\/ld+json\" class=\"yoast-schema-graph\">{\"@context\":\"https:\/\/schema.org\",\"@graph\":[{\"@type\":\"WebPage\",\"@id\":\"https:\/\/qingdaohf.com\/product\/wire-rope-clip\/\",\"url\":\"https:\/\/qingdaohf.com\/product\/wire-rope-clip\/\",\"name\":\"Wire Rope Clip Steel Cable Clamps\",\"isPartOf\":{\"@id\":\"https:\/\/qingdaohf.com\/bg\/#website\"},\"primaryImageOfPage\":{\"@id\":\"https:\/\/qingdaohf.com\/product\/wire-rope-clip\/#primaryimage\"},\"image\":{\"@id\":\"https:\/\/qingdaohf.com\/product\/wire-rope-clip\/#primaryimage\"},\"thumbnailUrl\":\"https:\/\/qingdaohf.com\/wp-content\/uploads\/2023\/05\/wire-rope-clip-7.jpg\",\"datePublished\":\"2023-05-25T09:04:40+00:00\",\"dateModified\":\"2025-11-13T01:04:44+00:00\",\"description\":\"A wire rope clip, also known as a cable clamp or wire rope clamp, is a commonly used hardware device for securing the ends of wire ropes or cables.\",\"breadcrumb\":{\"@id\":\"https:\/\/qingdaohf.com\/product\/wire-rope-clip\/#breadcrumb\"},\"inLanguage\":\"sv-SE\",\"potentialAction\":[{\"@type\":\"ReadAction\",\"target\":[\"https:\/\/qingdaohf.com\/product\/wire-rope-clip\/\"]}]},{\"@type\":\"ImageObject\",\"inLanguage\":\"sv-SE\",\"@id\":\"https:\/\/qingdaohf.com\/product\/wire-rope-clip\/#primaryimage\",\"url\":\"https:\/\/qingdaohf.com\/wp-content\/uploads\/2023\/05\/wire-rope-clip-7.jpg\",\"contentUrl\":\"https:\/\/qingdaohf.com\/wp-content\/uploads\/2023\/05\/wire-rope-clip-7.jpg\",\"width\":1000,\"height\":1000,\"caption\":\"wire rope clip\"},{\"@type\":\"BreadcrumbList\",\"@id\":\"https:\/\/qingdaohf.com\/product\/wire-rope-clip\/#breadcrumb\",\"itemListElement\":[{\"@type\":\"ListItem\",\"position\":1,\"name\":\"Home\",\"item\":\"https:\/\/qingdaohf.com\/\"},{\"@type\":\"ListItem\",\"position\":2,\"name\":\"Concrete Forming Accessories and Rigging Hardware\",\"item\":\"https:\/\/qingdaohf.com\/bg\/?page_id=944\"},{\"@type\":\"ListItem\",\"position\":3,\"name\":\"Wire Rope Clip Steel Cable Clamps\"}]},{\"@type\":\"WebSite\",\"@id\":\"https:\/\/qingdaohf.com\/bg\/#website\",\"url\":\"https:\/\/qingdaohf.com\/bg\/\",\"name\":\"Concrete Form & Rigging Hardware Supplier\",\"description\":\"\",\"publisher\":{\"@id\":\"https:\/\/qingdaohf.com\/bg\/#organization\"},\"potentialAction\":[{\"@type\":\"SearchAction\",\"target\":{\"@type\":\"EntryPoint\",\"urlTemplate\":\"https:\/\/qingdaohf.com\/bg\/?s={search_term_string}\"},\"query-input\":{\"@type\":\"PropertyValueSpecification\",\"valueRequired\":true,\"valueName\":\"search_term_string\"}}],\"inLanguage\":\"sv-SE\"},{\"@type\":\"Organization\",\"@id\":\"https:\/\/qingdaohf.com\/bg\/#organization\",\"name\":\"Qingdao H&F\",\"url\":\"https:\/\/qingdaohf.com\/bg\/\",\"logo\":{\"@type\":\"ImageObject\",\"inLanguage\":\"sv-SE\",\"@id\":\"https:\/\/qingdaohf.com\/bg\/#\/schema\/logo\/image\/\",\"url\":\"https:\/\/qingdaohf.com\/wp-content\/uploads\/2022\/12\/cropped-HF-LOGO.png\",\"contentUrl\":\"https:\/\/qingdaohf.com\/wp-content\/uploads\/2022\/12\/cropped-HF-LOGO.png\",\"width\":391,\"height\":249,\"caption\":\"Qingdao H&F\"},\"image\":{\"@id\":\"https:\/\/qingdaohf.com\/bg\/#\/schema\/logo\/image\/\"},\"sameAs\":[\"https:\/\/www.facebook.com\/qingdaohf\"]}]}<\/script>\n<!-- \/ Yoast SEO plugin. -->","yoast_head_json":{"title":"Wire Rope Clip Steel Cable Clamps","description":"A wire rope clip, also known as a cable clamp or wire rope clamp, is a commonly used hardware device for securing the ends of wire ropes or cables.","robots":{"index":"index","follow":"follow","max-snippet":"max-snippet:-1","max-image-preview":"max-image-preview:large","max-video-preview":"max-video-preview:-1"},"canonical":"https:\/\/qingdaohf.com\/sv\/produkt\/vajerklamma\/","og_locale":"sv_SE","og_type":"article","og_title":"Wire Rope Clip Steel Cable Clamps","og_description":"A wire rope clip, also known as a cable clamp or wire rope clamp, is a commonly used hardware device for securing the ends of wire ropes or cables.","og_url":"https:\/\/qingdaohf.com\/sv\/produkt\/vajerklamma\/","og_site_name":"Concrete Form &amp; Rigging Hardware Supplier","article_publisher":"https:\/\/www.facebook.com\/qingdaohf","article_modified_time":"2025-11-13T01:04:44+00:00","og_image":[{"width":1000,"height":1000,"url":"https:\/\/qingdaohf.com\/wp-content\/uploads\/2023\/05\/wire-rope-clip-7.jpg","type":"image\/jpeg"}],"twitter_card":"summary_large_image","twitter_misc":{"Ber\u00e4knad l\u00e4stid":"3 minuter"},"schema":{"@context":"https:\/\/schema.org","@graph":[{"@type":"WebPage","@id":"https:\/\/qingdaohf.com\/product\/wire-rope-clip\/","url":"https:\/\/qingdaohf.com\/product\/wire-rope-clip\/","name":"Wire Rope Clip Steel Cable Clamps","isPartOf":{"@id":"https:\/\/qingdaohf.com\/bg\/#website"},"primaryImageOfPage":{"@id":"https:\/\/qingdaohf.com\/product\/wire-rope-clip\/#primaryimage"},"image":{"@id":"https:\/\/qingdaohf.com\/product\/wire-rope-clip\/#primaryimage"},"thumbnailUrl":"https:\/\/qingdaohf.com\/wp-content\/uploads\/2023\/05\/wire-rope-clip-7.jpg","datePublished":"2023-05-25T09:04:40+00:00","dateModified":"2025-11-13T01:04:44+00:00","description":"A wire rope clip, also known as a cable clamp or wire rope clamp, is a commonly used hardware device for securing the ends of wire ropes or cables.","breadcrumb":{"@id":"https:\/\/qingdaohf.com\/product\/wire-rope-clip\/#breadcrumb"},"inLanguage":"sv-SE","potentialAction":[{"@type":"ReadAction","target":["https:\/\/qingdaohf.com\/product\/wire-rope-clip\/"]}]},{"@type":"ImageObject","inLanguage":"sv-SE","@id":"https:\/\/qingdaohf.com\/product\/wire-rope-clip\/#primaryimage","url":"https:\/\/qingdaohf.com\/wp-content\/uploads\/2023\/05\/wire-rope-clip-7.jpg","contentUrl":"https:\/\/qingdaohf.com\/wp-content\/uploads\/2023\/05\/wire-rope-clip-7.jpg","width":1000,"height":1000,"caption":"wire rope clip"},{"@type":"BreadcrumbList","@id":"https:\/\/qingdaohf.com\/product\/wire-rope-clip\/#breadcrumb","itemListElement":[{"@type":"ListItem","position":1,"name":"Home","item":"https:\/\/qingdaohf.com\/"},{"@type":"ListItem","position":2,"name":"Concrete Forming Accessories and Rigging Hardware","item":"https:\/\/qingdaohf.com\/bg\/?page_id=944"},{"@type":"ListItem","position":3,"name":"Wire Rope Clip Steel Cable Clamps"}]},{"@type":"WebSite","@id":"https:\/\/qingdaohf.com\/bg\/#website","url":"https:\/\/qingdaohf.com\/bg\/","name":"Concrete Form & Rigging Hardware Supplier","description":"","publisher":{"@id":"https:\/\/qingdaohf.com\/bg\/#organization"},"potentialAction":[{"@type":"SearchAction","target":{"@type":"EntryPoint","urlTemplate":"https:\/\/qingdaohf.com\/bg\/?s={search_term_string}"},"query-input":{"@type":"PropertyValueSpecification","valueRequired":true,"valueName":"search_term_string"}}],"inLanguage":"sv-SE"},{"@type":"Organization","@id":"https:\/\/qingdaohf.com\/bg\/#organization","name":"Qingdao H&F","url":"https:\/\/qingdaohf.com\/bg\/","logo":{"@type":"ImageObject","inLanguage":"sv-SE","@id":"https:\/\/qingdaohf.com\/bg\/#\/schema\/logo\/image\/","url":"https:\/\/qingdaohf.com\/wp-content\/uploads\/2022\/12\/cropped-HF-LOGO.png","contentUrl":"https:\/\/qingdaohf.com\/wp-content\/uploads\/2022\/12\/cropped-HF-LOGO.png","width":391,"height":249,"caption":"Qingdao H&F"},"image":{"@id":"https:\/\/qingdaohf.com\/bg\/#\/schema\/logo\/image\/"},"sameAs":["https:\/\/www.facebook.com\/qingdaohf"]}]}},"_links":{"self":[{"href":"https:\/\/qingdaohf.com\/sv\/wp-json\/wp\/v2\/product\/4005","targetHints":{"allow":["GET"]}}],"collection":[{"href":"https:\/\/qingdaohf.com\/sv\/wp-json\/wp\/v2\/product"}],"about":[{"href":"https:\/\/qingdaohf.com\/sv\/wp-json\/wp\/v2\/types\/product"}],"replies":[{"embeddable":true,"href":"https:\/\/qingdaohf.com\/sv\/wp-json\/wp\/v2\/comments?post=4005"}],"version-history":[{"count":10,"href":"https:\/\/qingdaohf.com\/sv\/wp-json\/wp\/v2\/product\/4005\/revisions"}],"predecessor-version":[{"id":9490,"href":"https:\/\/qingdaohf.com\/sv\/wp-json\/wp\/v2\/product\/4005\/revisions\/9490"}],"wp:featuredmedia":[{"embeddable":true,"href":"https:\/\/qingdaohf.com\/sv\/wp-json\/wp\/v2\/media\/4006"}],"wp:attachment":[{"href":"https:\/\/qingdaohf.com\/sv\/wp-json\/wp\/v2\/media?parent=4005"}],"wp:term":[{"taxonomy":"product_brand","embeddable":true,"href":"https:\/\/qingdaohf.com\/sv\/wp-json\/wp\/v2\/product_brand?post=4005"},{"taxonomy":"product_cat","embeddable":true,"href":"https:\/\/qingdaohf.com\/sv\/wp-json\/wp\/v2\/product_cat?post=4005"},{"taxonomy":"product_tag","embeddable":true,"href":"https:\/\/qingdaohf.com\/sv\/wp-json\/wp\/v2\/product_tag?post=4005"}],"curies":[{"name":"wp","href":"https:\/\/api.w.org\/{rel}","templated":true}]}}