{"id":4271,"date":"2023-06-01T17:48:40","date_gmt":"2023-06-01T09:48:40","guid":{"rendered":"http:\/\/qingdaohf.com\/?post_type=product&#038;p=4271"},"modified":"2025-11-13T09:04:21","modified_gmt":"2025-11-13T01:04:21","slug":"stainless-steel-coil-nail","status":"publish","type":"product","link":"https:\/\/qingdaohf.com\/sv\/produkt\/spik-av-rostfritt-stal\/","title":{"rendered":"Spik i rostfritt st\u00e5l"},"content":{"rendered":"<ol>\n<li>Material: Coilspik i rostfritt st\u00e5l tillverkas av rostfritt st\u00e5l av h\u00f6g kvalitet. Rostfritt st\u00e5l v\u00e4ljs f\u00f6r sin korrosionsbest\u00e4ndighet, styrka och l\u00e5nga livsl\u00e4ngd. Det \u00e4r ett idealiskt material f\u00f6r applikationer d\u00e4r spikar kan uts\u00e4ttas f\u00f6r fukt eller korrosiva milj\u00f6er.<\/li>\n<li>Spolformad: Till skillnad fr\u00e5n traditionella bulkspikar eller stickspikar \u00e4r coilspikar i rostfritt st\u00e5l formade i en coilform. Denna spikdesign ger st\u00f6rre spikkapacitet, vilket g\u00f6r att ett st\u00f6rre antal spikar kan laddas i en spikpistol, vilket f\u00f6rb\u00e4ttrar effektiviteten och minskar behovet av frekventa omladdningar.<\/li>\n<li>Spets och skaft: Coilspikar i rostfritt st\u00e5l har vanligtvis en vass diamantspets som g\u00f6r det l\u00e4ttare att f\u00f6ra in spiken i olika material. Spikens skaft (kropp) \u00e4r ofta ring- eller spiralg\u00e4ngad, vilket ger b\u00e4ttre grepp och motst\u00e5nd mot utdragskrafter.<\/li>\n<li>Storlekar och anv\u00e4ndningsomr\u00e5den: Spikar i rostfritt st\u00e5l finns i olika l\u00e4ngder, diametrar och tjocklekar f\u00f6r att passa olika anv\u00e4ndningsomr\u00e5den. De anv\u00e4nds ofta inom byggbranschen f\u00f6r inramning, trall, takl\u00e4ggning, sidosp\u00e5r, st\u00e4ngsel och andra konstruktionsarbeten. Dessutom \u00e4r de anv\u00e4ndbara i tr\u00e4bearbetningsprojekt som m\u00f6belmontering, sk\u00e5pmontering och inredningsarbeten.<\/li>\n<li>Motst\u00e5ndskraft mot korrosion: En av de fr\u00e4msta f\u00f6rdelarna med rostfria spikar \u00e4r deras korrosionsbest\u00e4ndighet. Rostfritt st\u00e5l inneh\u00e5ller krom, som bildar ett skyddande oxidskikt p\u00e5 ytan, vilket skyddar spiken mot rost och korrosion som orsakas av exponering f\u00f6r fukt, kemikalier eller v\u00e4derf\u00f6rh\u00e5llanden.<\/li>\n<li>H\u00f6g h\u00e5llfasthet: Coilspik i rostfritt st\u00e5l har utm\u00e4rkt h\u00e5llfasthet och h\u00e5llbarhet. De \u00e4r konstruerade f\u00f6r att motst\u00e5 h\u00f6g sp\u00e4nning och sidokrafter, vilket ger tillf\u00f6rlitlig h\u00e5llkraft och minskar risken f\u00f6r spikbrott eller utdragning.<\/li>\n<li>Kompatibilitet: Coilspik i rostfritt st\u00e5l \u00e4r kompatibel med coilspikpistoler som \u00e4r s\u00e4rskilt utformade f\u00f6r coilspik. Dessa spikpistoler anv\u00e4nder tryckluft eller gas f\u00f6r att driva in spikarna snabbt och effektivt i materialet.<\/li>\n<\/ol>\n<div class=\"ast-oembed-container\" style=\"height: 100%;\"><iframe title=\"QINGDAO HF-spiralspik\" width=\"500\" height=\"375\" src=\"https:\/\/www.youtube.com\/embed\/d7FHshG3YyY?feature=oembed\" frameborder=\"0\" allow=\"accelerometer; autoplay; clipboard-write; encrypted-media; gyroscope; picture-in-picture; web-share\" referrerpolicy=\"strict-origin-when-cross-origin\" allowfullscreen><\/iframe><\/div>","protected":false},"excerpt":{"rendered":"<p>Coilspik i rostfritt st\u00e5l \u00e4r ett p\u00e5litligt val f\u00f6r kr\u00e4vande applikationer som kr\u00e4ver starka, h\u00e5llbara f\u00e4stelement med korrosionsbest\u00e4ndighet. Den unika spiralformen, den h\u00f6ga h\u00e5llfastheten och kompatibiliteten med spikpistoler g\u00f6r dem till ett popul\u00e4rt val bland yrkesverksamma inom bygg- och tr\u00e4bearbetningsindustrin.<\/p>","protected":false},"featured_media":4272,"comment_status":"open","ping_status":"closed","template":"","meta":{"site-sidebar-layout":"default","site-content-layout":"default","ast-site-content-layout":"","site-content-style":"default","site-sidebar-style":"default","ast-global-header-display":"","ast-banner-title-visibility":"","ast-main-header-display":"","ast-hfb-above-header-display":"","ast-hfb-below-header-display":"","ast-hfb-mobile-header-display":"","site-post-title":"","ast-breadcrumbs-content":"","ast-featured-img":"","footer-sml-layout":"","theme-transparent-header-meta":"default","adv-header-id-meta":"","stick-header-meta":"default","header-above-stick-meta":"","header-main-stick-meta":"","header-below-stick-meta":"","astra-migrate-meta-layouts":"default","ast-page-background-enabled":"default","ast-page-background-meta":{"desktop":{"background-color":"","background-image":"","background-repeat":"repeat","background-position":"center center","background-size":"auto","background-attachment":"scroll","background-type":"","background-media":"","overlay-type":"","overlay-color":"","overlay-opacity":"","overlay-gradient":""},"tablet":{"background-color":"","background-image":"","background-repeat":"repeat","background-position":"center center","background-size":"auto","background-attachment":"scroll","background-type":"","background-media":"","overlay-type":"","overlay-color":"","overlay-opacity":"","overlay-gradient":""},"mobile":{"background-color":"","background-image":"","background-repeat":"repeat","background-position":"center center","background-size":"auto","background-attachment":"scroll","background-type":"","background-media":"","overlay-type":"","overlay-color":"","overlay-opacity":"","overlay-gradient":""}},"ast-content-background-meta":{"desktop":{"background-color":"var(--ast-global-color-5)","background-image":"","background-repeat":"repeat","background-position":"center center","background-size":"auto","background-attachment":"scroll","background-type":"","background-media":"","overlay-type":"","overlay-color":"","overlay-opacity":"","overlay-gradient":""},"tablet":{"background-color":"var(--ast-global-color-5)","background-image":"","background-repeat":"repeat","background-position":"center center","background-size":"auto","background-attachment":"scroll","background-type":"","background-media":"","overlay-type":"","overlay-color":"","overlay-opacity":"","overlay-gradient":""},"mobile":{"background-color":"var(--ast-global-color-5)","background-image":"","background-repeat":"repeat","background-position":"center center","background-size":"auto","background-attachment":"scroll","background-type":"","background-media":"","overlay-type":"","overlay-color":"","overlay-opacity":"","overlay-gradient":""}}},"product_brand":[],"product_cat":[34,43],"product_tag":[],"class_list":{"0":"post-4271","1":"product","2":"type-product","3":"status-publish","4":"has-post-thumbnail","6":"product_cat-nail","7":"product_cat-rigging-hardware","8":"desktop-align-left","9":"tablet-align-left","10":"mobile-align-left","11":"ast-product-gallery-layout-horizontal-slider","12":"ast-product-tabs-layout-horizontal","14":"first","15":"instock","16":"shipping-taxable","17":"purchasable","18":"product-type-simple"},"yoast_head":"<!-- This site is optimized with the Yoast SEO plugin v25.2 - https:\/\/yoast.com\/wordpress\/plugins\/seo\/ -->\n<title>Stainless Steel Coil Nail<\/title>\n<meta name=\"description\" content=\"Stainless steel coil nails are a reliable choice for demanding applications that require strong, long-lasting fasteners with corrosion resistance.\" \/>\n<meta name=\"robots\" content=\"index, follow, max-snippet:-1, max-image-preview:large, max-video-preview:-1\" \/>\n<link rel=\"canonical\" href=\"https:\/\/qingdaohf.com\/sv\/produkt\/spik-av-rostfritt-stal\/\" \/>\n<meta property=\"og:locale\" content=\"sv_SE\" \/>\n<meta property=\"og:type\" content=\"article\" \/>\n<meta property=\"og:title\" content=\"Stainless Steel Coil Nail\" \/>\n<meta property=\"og:description\" content=\"Stainless steel coil nails are a reliable choice for demanding applications that require strong, long-lasting fasteners with corrosion resistance.\" \/>\n<meta property=\"og:url\" content=\"https:\/\/qingdaohf.com\/sv\/produkt\/spik-av-rostfritt-stal\/\" \/>\n<meta property=\"og:site_name\" content=\"Concrete Form &amp; Rigging Hardware Supplier\" \/>\n<meta property=\"article:publisher\" content=\"https:\/\/www.facebook.com\/qingdaohf\" \/>\n<meta property=\"article:modified_time\" content=\"2025-11-13T01:04:21+00:00\" \/>\n<meta property=\"og:image\" content=\"https:\/\/qingdaohf.com\/wp-content\/uploads\/2023\/06\/coil-nail-1.jpg\" \/>\n\t<meta property=\"og:image:width\" content=\"1000\" \/>\n\t<meta property=\"og:image:height\" content=\"1000\" \/>\n\t<meta property=\"og:image:type\" content=\"image\/jpeg\" \/>\n<meta name=\"twitter:card\" content=\"summary_large_image\" \/>\n<meta name=\"twitter:label1\" content=\"Ber\u00e4knad l\u00e4stid\" \/>\n\t<meta name=\"twitter:data1\" content=\"2 minuter\" \/>\n<script type=\"application\/ld+json\" class=\"yoast-schema-graph\">{\"@context\":\"https:\/\/schema.org\",\"@graph\":[{\"@type\":\"WebPage\",\"@id\":\"https:\/\/qingdaohf.com\/product\/stainless-steel-coil-nail\/\",\"url\":\"https:\/\/qingdaohf.com\/product\/stainless-steel-coil-nail\/\",\"name\":\"Stainless Steel Coil Nail\",\"isPartOf\":{\"@id\":\"https:\/\/qingdaohf.com\/bg\/#website\"},\"primaryImageOfPage\":{\"@id\":\"https:\/\/qingdaohf.com\/product\/stainless-steel-coil-nail\/#primaryimage\"},\"image\":{\"@id\":\"https:\/\/qingdaohf.com\/product\/stainless-steel-coil-nail\/#primaryimage\"},\"thumbnailUrl\":\"https:\/\/qingdaohf.com\/wp-content\/uploads\/2023\/06\/coil-nail-1.jpg\",\"datePublished\":\"2023-06-01T09:48:40+00:00\",\"dateModified\":\"2025-11-13T01:04:21+00:00\",\"description\":\"Stainless steel coil nails are a reliable choice for demanding applications that require strong, long-lasting fasteners with corrosion resistance.\",\"breadcrumb\":{\"@id\":\"https:\/\/qingdaohf.com\/product\/stainless-steel-coil-nail\/#breadcrumb\"},\"inLanguage\":\"sv-SE\",\"potentialAction\":[{\"@type\":\"ReadAction\",\"target\":[\"https:\/\/qingdaohf.com\/product\/stainless-steel-coil-nail\/\"]}]},{\"@type\":\"ImageObject\",\"inLanguage\":\"sv-SE\",\"@id\":\"https:\/\/qingdaohf.com\/product\/stainless-steel-coil-nail\/#primaryimage\",\"url\":\"https:\/\/qingdaohf.com\/wp-content\/uploads\/2023\/06\/coil-nail-1.jpg\",\"contentUrl\":\"https:\/\/qingdaohf.com\/wp-content\/uploads\/2023\/06\/coil-nail-1.jpg\",\"width\":1000,\"height\":1000,\"caption\":\"coil nail\"},{\"@type\":\"BreadcrumbList\",\"@id\":\"https:\/\/qingdaohf.com\/product\/stainless-steel-coil-nail\/#breadcrumb\",\"itemListElement\":[{\"@type\":\"ListItem\",\"position\":1,\"name\":\"Home\",\"item\":\"https:\/\/qingdaohf.com\/\"},{\"@type\":\"ListItem\",\"position\":2,\"name\":\"Concrete Forming Accessories and Rigging Hardware\",\"item\":\"https:\/\/qingdaohf.com\/bg\/?page_id=944\"},{\"@type\":\"ListItem\",\"position\":3,\"name\":\"Stainless Steel Coil Nail\"}]},{\"@type\":\"WebSite\",\"@id\":\"https:\/\/qingdaohf.com\/bg\/#website\",\"url\":\"https:\/\/qingdaohf.com\/bg\/\",\"name\":\"Concrete Form & Rigging Hardware Supplier\",\"description\":\"\",\"publisher\":{\"@id\":\"https:\/\/qingdaohf.com\/bg\/#organization\"},\"potentialAction\":[{\"@type\":\"SearchAction\",\"target\":{\"@type\":\"EntryPoint\",\"urlTemplate\":\"https:\/\/qingdaohf.com\/bg\/?s={search_term_string}\"},\"query-input\":{\"@type\":\"PropertyValueSpecification\",\"valueRequired\":true,\"valueName\":\"search_term_string\"}}],\"inLanguage\":\"sv-SE\"},{\"@type\":\"Organization\",\"@id\":\"https:\/\/qingdaohf.com\/bg\/#organization\",\"name\":\"Qingdao H&F\",\"url\":\"https:\/\/qingdaohf.com\/bg\/\",\"logo\":{\"@type\":\"ImageObject\",\"inLanguage\":\"sv-SE\",\"@id\":\"https:\/\/qingdaohf.com\/bg\/#\/schema\/logo\/image\/\",\"url\":\"https:\/\/qingdaohf.com\/wp-content\/uploads\/2022\/12\/cropped-HF-LOGO.png\",\"contentUrl\":\"https:\/\/qingdaohf.com\/wp-content\/uploads\/2022\/12\/cropped-HF-LOGO.png\",\"width\":391,\"height\":249,\"caption\":\"Qingdao H&F\"},\"image\":{\"@id\":\"https:\/\/qingdaohf.com\/bg\/#\/schema\/logo\/image\/\"},\"sameAs\":[\"https:\/\/www.facebook.com\/qingdaohf\"]}]}<\/script>\n<!-- \/ Yoast SEO plugin. -->","yoast_head_json":{"title":"Stainless Steel Coil Nail","description":"Stainless steel coil nails are a reliable choice for demanding applications that require strong, long-lasting fasteners with corrosion resistance.","robots":{"index":"index","follow":"follow","max-snippet":"max-snippet:-1","max-image-preview":"max-image-preview:large","max-video-preview":"max-video-preview:-1"},"canonical":"https:\/\/qingdaohf.com\/sv\/produkt\/spik-av-rostfritt-stal\/","og_locale":"sv_SE","og_type":"article","og_title":"Stainless Steel Coil Nail","og_description":"Stainless steel coil nails are a reliable choice for demanding applications that require strong, long-lasting fasteners with corrosion resistance.","og_url":"https:\/\/qingdaohf.com\/sv\/produkt\/spik-av-rostfritt-stal\/","og_site_name":"Concrete Form &amp; Rigging Hardware Supplier","article_publisher":"https:\/\/www.facebook.com\/qingdaohf","article_modified_time":"2025-11-13T01:04:21+00:00","og_image":[{"width":1000,"height":1000,"url":"https:\/\/qingdaohf.com\/wp-content\/uploads\/2023\/06\/coil-nail-1.jpg","type":"image\/jpeg"}],"twitter_card":"summary_large_image","twitter_misc":{"Ber\u00e4knad l\u00e4stid":"2 minuter"},"schema":{"@context":"https:\/\/schema.org","@graph":[{"@type":"WebPage","@id":"https:\/\/qingdaohf.com\/product\/stainless-steel-coil-nail\/","url":"https:\/\/qingdaohf.com\/product\/stainless-steel-coil-nail\/","name":"Stainless Steel Coil Nail","isPartOf":{"@id":"https:\/\/qingdaohf.com\/bg\/#website"},"primaryImageOfPage":{"@id":"https:\/\/qingdaohf.com\/product\/stainless-steel-coil-nail\/#primaryimage"},"image":{"@id":"https:\/\/qingdaohf.com\/product\/stainless-steel-coil-nail\/#primaryimage"},"thumbnailUrl":"https:\/\/qingdaohf.com\/wp-content\/uploads\/2023\/06\/coil-nail-1.jpg","datePublished":"2023-06-01T09:48:40+00:00","dateModified":"2025-11-13T01:04:21+00:00","description":"Stainless steel coil nails are a reliable choice for demanding applications that require strong, long-lasting fasteners with corrosion resistance.","breadcrumb":{"@id":"https:\/\/qingdaohf.com\/product\/stainless-steel-coil-nail\/#breadcrumb"},"inLanguage":"sv-SE","potentialAction":[{"@type":"ReadAction","target":["https:\/\/qingdaohf.com\/product\/stainless-steel-coil-nail\/"]}]},{"@type":"ImageObject","inLanguage":"sv-SE","@id":"https:\/\/qingdaohf.com\/product\/stainless-steel-coil-nail\/#primaryimage","url":"https:\/\/qingdaohf.com\/wp-content\/uploads\/2023\/06\/coil-nail-1.jpg","contentUrl":"https:\/\/qingdaohf.com\/wp-content\/uploads\/2023\/06\/coil-nail-1.jpg","width":1000,"height":1000,"caption":"coil nail"},{"@type":"BreadcrumbList","@id":"https:\/\/qingdaohf.com\/product\/stainless-steel-coil-nail\/#breadcrumb","itemListElement":[{"@type":"ListItem","position":1,"name":"Home","item":"https:\/\/qingdaohf.com\/"},{"@type":"ListItem","position":2,"name":"Concrete Forming Accessories and Rigging Hardware","item":"https:\/\/qingdaohf.com\/bg\/?page_id=944"},{"@type":"ListItem","position":3,"name":"Stainless Steel Coil Nail"}]},{"@type":"WebSite","@id":"https:\/\/qingdaohf.com\/bg\/#website","url":"https:\/\/qingdaohf.com\/bg\/","name":"Concrete Form & Rigging Hardware Supplier","description":"","publisher":{"@id":"https:\/\/qingdaohf.com\/bg\/#organization"},"potentialAction":[{"@type":"SearchAction","target":{"@type":"EntryPoint","urlTemplate":"https:\/\/qingdaohf.com\/bg\/?s={search_term_string}"},"query-input":{"@type":"PropertyValueSpecification","valueRequired":true,"valueName":"search_term_string"}}],"inLanguage":"sv-SE"},{"@type":"Organization","@id":"https:\/\/qingdaohf.com\/bg\/#organization","name":"Qingdao H&F","url":"https:\/\/qingdaohf.com\/bg\/","logo":{"@type":"ImageObject","inLanguage":"sv-SE","@id":"https:\/\/qingdaohf.com\/bg\/#\/schema\/logo\/image\/","url":"https:\/\/qingdaohf.com\/wp-content\/uploads\/2022\/12\/cropped-HF-LOGO.png","contentUrl":"https:\/\/qingdaohf.com\/wp-content\/uploads\/2022\/12\/cropped-HF-LOGO.png","width":391,"height":249,"caption":"Qingdao H&F"},"image":{"@id":"https:\/\/qingdaohf.com\/bg\/#\/schema\/logo\/image\/"},"sameAs":["https:\/\/www.facebook.com\/qingdaohf"]}]}},"_links":{"self":[{"href":"https:\/\/qingdaohf.com\/sv\/wp-json\/wp\/v2\/product\/4271","targetHints":{"allow":["GET"]}}],"collection":[{"href":"https:\/\/qingdaohf.com\/sv\/wp-json\/wp\/v2\/product"}],"about":[{"href":"https:\/\/qingdaohf.com\/sv\/wp-json\/wp\/v2\/types\/product"}],"replies":[{"embeddable":true,"href":"https:\/\/qingdaohf.com\/sv\/wp-json\/wp\/v2\/comments?post=4271"}],"version-history":[{"count":1,"href":"https:\/\/qingdaohf.com\/sv\/wp-json\/wp\/v2\/product\/4271\/revisions"}],"predecessor-version":[{"id":10418,"href":"https:\/\/qingdaohf.com\/sv\/wp-json\/wp\/v2\/product\/4271\/revisions\/10418"}],"wp:featuredmedia":[{"embeddable":true,"href":"https:\/\/qingdaohf.com\/sv\/wp-json\/wp\/v2\/media\/4272"}],"wp:attachment":[{"href":"https:\/\/qingdaohf.com\/sv\/wp-json\/wp\/v2\/media?parent=4271"}],"wp:term":[{"taxonomy":"product_brand","embeddable":true,"href":"https:\/\/qingdaohf.com\/sv\/wp-json\/wp\/v2\/product_brand?post=4271"},{"taxonomy":"product_cat","embeddable":true,"href":"https:\/\/qingdaohf.com\/sv\/wp-json\/wp\/v2\/product_cat?post=4271"},{"taxonomy":"product_tag","embeddable":true,"href":"https:\/\/qingdaohf.com\/sv\/wp-json\/wp\/v2\/product_tag?post=4271"}],"curies":[{"name":"wp","href":"https:\/\/api.w.org\/{rel}","templated":true}]}}