{"id":4551,"date":"2023-06-25T17:55:26","date_gmt":"2023-06-25T09:55:26","guid":{"rendered":"http:\/\/qingdaohf.com\/?post_type=product&#038;p=4551"},"modified":"2025-11-13T09:04:03","modified_gmt":"2025-11-13T01:04:03","slug":"closed-body-turnbuckle","status":"publish","type":"product","link":"https:\/\/qingdaohf.com\/sv\/produkt\/turnbuckle-med-sluten-kropp\/","title":{"rendered":"Skruvbock med st\u00e4ngd kropp"},"content":{"rendered":"<h2 class=\"text-2xl font-bold mt-1 text-text-200\">Introduktion till vantskruv med sluten kropp<\/h2>\n<p class=\"whitespace-pre-wrap break-words\">L\u00e5t oss tala om vantskruvar - dessa viktiga mekaniska anordningar som du hittar \u00f6verallt d\u00e4r sp\u00e4nningen beh\u00f6ver justeras exakt. T\u00e4nk p\u00e5 dem som de obesjungna hj\u00e4ltarna i kabel- och vajersystem. Till skillnad fr\u00e5n sina enklare kusiner har dessa vantskruvar en helt sluten konstruktion som skyddar deras arbetsdelar fr\u00e5n v\u00e4der och vind, vilket g\u00f6r dem otroligt tillf\u00f6rlitliga f\u00f6r allt fr\u00e5n byggarbetsplatser till segelfartyg.<\/p>\n<p class=\"whitespace-pre-wrap break-words\">Genialiteten ligger i den enkla men effektiva designen: tv\u00e5 g\u00e4ngade \u00e4ndar som \u00e4r f\u00f6rbundna med en skyddad inre mekanism. Med den h\u00e4r l\u00f6sningen kan du st\u00e4lla in exakt r\u00e4tt sp\u00e4nning samtidigt som alla vitala komponenter skyddas mot v\u00e4der och slitage. F\u00f6r proffs som inte har r\u00e5d med utrustningsfel \u00e4r detta extra skydd inte bara trevligt att ha - det \u00e4r n\u00f6dv\u00e4ndigt.<\/p>\n<h2 class=\"text-xl font-bold text-text-200 mt-1 -mb-0.5\">F\u00f6rdelar med att anv\u00e4nda ett vantskruv med sluten kropp<\/h2>\n<p class=\"whitespace-pre-wrap break-words\">Du kanske undrar varf\u00f6r slutna vantskruvar har blivit det sj\u00e4lvklara valet i kr\u00e4vande applikationer. F\u00f6r det f\u00f6rsta \u00e4r de byggda som stridsvagnar. De \u00e4r tillverkade av robusta material som rostfritt st\u00e5l eller kolst\u00e5l och klarar tuffa v\u00e4derf\u00f6rh\u00e5llanden och tunga laster. De \u00e4r den typ av verktyg som forts\u00e4tter att fungera l\u00e5ngt efter att andra har gett upp.<\/p>\n<p class=\"whitespace-pre-wrap break-words\">Det som verkligen skiljer dem \u00e5t \u00e4r hur anv\u00e4ndarv\u00e4nliga de \u00e4r. Beh\u00f6ver du justera sp\u00e4nningen? Det \u00e4r s\u00e5 enkelt som att vrida p\u00e5 kroppen tills du hittar den r\u00e4tta punkten. Detta \u00e4r oerh\u00f6rt viktigt n\u00e4r du har att g\u00f6ra med n\u00e5got som en segelb\u00e5ts rigg, d\u00e4r sp\u00e4nningsjusteringar kan beh\u00f6va ske i farten.<\/p>\n<p class=\"whitespace-pre-wrap break-words\">Den slutna konstruktionen \u00e4r inte heller bara f\u00f6r syns skull. Genom att h\u00e5lla g\u00e4ngorna skyddade f\u00f6rl\u00e4nger du i princip livsl\u00e4ngden p\u00e5 vantskruven med flera \u00e5r. N\u00e4r du j\u00e4mf\u00f6r dem med \u00f6ppna versioner \u00e4r det som att v\u00e4lja mellan en vattent\u00e4t klocka och en vanlig klocka - visst, b\u00e5da visar tiden, men du vet vilken du hellre vill ha i en storm.<\/p>\n<h2 class=\"text-xl font-bold text-text-200 mt-1 -mb-0.5\">Anv\u00e4ndningsomr\u00e5den f\u00f6r vantskruvar med sluten kropp<\/h2>\n<p class=\"whitespace-pre-wrap break-words\">Dessa m\u00e5ngsidiga verktyg har hittat sin v\u00e4g in i n\u00e4stan alla branscher d\u00e4r sp\u00e4nning \u00e4r viktigt. Byggnadsarbetare f\u00f6rlitar sig p\u00e5 dem f\u00f6r att uppr\u00e4tth\u00e5lla kabelsp\u00e4nningen i broar och torn, vilket s\u00e4kerst\u00e4ller att dessa massiva strukturer f\u00f6rblir bergfasta. Ute p\u00e5 vattnet f\u00f6rlitar sig seglare p\u00e5 att de h\u00e5ller riggen sp\u00e4nd och lyh\u00f6rd och anpassar den efter v\u00e4derf\u00f6rh\u00e5llandena.<\/p>\n<p class=\"whitespace-pre-wrap break-words\">\u00c4ven inom h\u00f6gteknologiska omr\u00e5den som fordons- och flygplanstillverkning spelar slutna vantskruvar en avg\u00f6rande roll. De \u00e4r n\u00f6dv\u00e4ndiga f\u00f6r att s\u00e4kra komponenter och uppr\u00e4tth\u00e5lla exakt sp\u00e4nning i olika mekaniska system.<\/p>\n<p class=\"whitespace-pre-wrap break-words\">G\u00f6r-det-sj\u00e4lv-folket har ocks\u00e5 tagit dem till sig. Oavsett om du s\u00e4tter upp en tr\u00e5dbalustrad f\u00f6r din altan eller installerar ett spalj\u00e9system i tr\u00e4dg\u00e5rden, ger dessa vantskruvar den professionella tillf\u00f6rlitlighet som s\u00e4kerst\u00e4ller att ditt projekt klarar tidens tand.<\/p>\n<h2 class=\"text-xl font-bold text-text-200 mt-1 -mb-0.5\">Varf\u00f6r v\u00e4lja oss<\/h2>\n<p class=\"whitespace-pre-wrap break-words\">Vi har byggt upp v\u00e5rt rykte genom att tillhandah\u00e5lla vantskruvar som konsekvent \u00f6vertr\u00e4ffar f\u00f6rv\u00e4ntningarna. V\u00e5rt produktsortiment t\u00e4cker alla t\u00e4nkbara specifikationer, vilket s\u00e4kerst\u00e4ller att du hittar exakt vad ditt projekt kr\u00e4ver. Det som verkligen skiljer oss \u00e5t \u00e4r dock v\u00e5r praktiska inst\u00e4llning till kundservice.<\/p>\n<p class=\"whitespace-pre-wrap break-words\">N\u00e4r du arbetar med oss f\u00e5r du mer \u00e4n bara h\u00f6gkvalitativa vantskruvar. Du f\u00e5r en partner som f\u00f6rst\u00e5r dina behov och som svarar snabbt p\u00e5 dina f\u00f6rfr\u00e5gningar. Vi vet att v\u00e4ntan p\u00e5 reservdelar kan f\u00e5 ett projekt att stanna upp, s\u00e5 vi har optimerat v\u00e5rt leveranssystem f\u00f6r att du ska f\u00e5 det du beh\u00f6ver, n\u00e4r du beh\u00f6ver det.<\/p>\n<p class=\"whitespace-pre-wrap break-words\">Varje vantskruv som vi levererar omfattas av omfattande kvalitetsinspektionsrapporter. Vi l\u00e5ter v\u00e5ra produkter genomg\u00e5 rigor\u00f6sa tester eftersom vi f\u00f6rst\u00e5r att i ditt yrke \u00e4r misslyckande inte ett alternativ.<\/p>\n<h2 class=\"text-2xl font-bold mt-1 text-text-200\">Slutsats<\/h2>\n<p class=\"whitespace-pre-wrap break-words\">Att v\u00e4lja r\u00e4tt vantskruv kan vara avg\u00f6rande f\u00f6r ett projekt. Den slutna konstruktionen ger en extra niv\u00e5 av skydd och tillf\u00f6rlitlighet som g\u00f6r det v\u00e4rt investeringen. Oavsett om du ska resa en byggnad eller rigga en segelb\u00e5t beh\u00f6ver du utrustning som du kan r\u00e4kna med. Samarbeta med oss s\u00e5 f\u00e5r du inte bara \u00f6verl\u00e4gsna produkter, utan \u00e4ven st\u00f6d och service som matchar. Kompromissa inte med kvaliteten - v\u00e4lj vantskruvar som \u00e4r byggda f\u00f6r att leverera.<\/p>","protected":false},"excerpt":{"rendered":"<p>Closed Body Turnbuckle \u00e4r en stark och anpassningsbar utrustning som anv\u00e4nds f\u00f6r sp\u00e4nningsjustering i kablar, rep eller riggkonfigurationer. Denna vantskruv \u00e4r konstruerad f\u00f6r styrka och precision och kan anv\u00e4ndas f\u00f6r m\u00e5nga olika \u00e4ndam\u00e5l, allt fr\u00e5n g\u00f6r-det-sj\u00e4lv till industriella till\u00e4mpningar. V\u00e5r organisation erbjuder en o\u00f6vertr\u00e4ffad f\u00f6rdel med personlig kundservice, snabba leveranscykler och detaljerade kvalitetsinspektionsrapporter f\u00f6r att garantera att varje produkt \u00e4r av h\u00f6gsta m\u00f6jliga kvalitet. Lita p\u00e5 oss f\u00f6r p\u00e5litliga l\u00f6sningar p\u00e5 dina krav p\u00e5 vantskruvar med o\u00f6vertr\u00e4ffad effektivitet och kvalitet.<\/p>","protected":false},"featured_media":4552,"comment_status":"open","ping_status":"closed","template":"","meta":{"site-sidebar-layout":"default","site-content-layout":"default","ast-site-content-layout":"default","site-content-style":"default","site-sidebar-style":"default","ast-global-header-display":"","ast-banner-title-visibility":"","ast-main-header-display":"","ast-hfb-above-header-display":"","ast-hfb-below-header-display":"","ast-hfb-mobile-header-display":"","site-post-title":"","ast-breadcrumbs-content":"","ast-featured-img":"","footer-sml-layout":"","theme-transparent-header-meta":"default","adv-header-id-meta":"","stick-header-meta":"default","header-above-stick-meta":"","header-main-stick-meta":"","header-below-stick-meta":"","astra-migrate-meta-layouts":"set","ast-page-background-enabled":"default","ast-page-background-meta":{"desktop":{"background-color":"","background-image":"","background-repeat":"repeat","background-position":"center center","background-size":"auto","background-attachment":"scroll","background-type":"","background-media":"","overlay-type":"","overlay-color":"","overlay-opacity":"","overlay-gradient":""},"tablet":{"background-color":"","background-image":"","background-repeat":"repeat","background-position":"center center","background-size":"auto","background-attachment":"scroll","background-type":"","background-media":"","overlay-type":"","overlay-color":"","overlay-opacity":"","overlay-gradient":""},"mobile":{"background-color":"","background-image":"","background-repeat":"repeat","background-position":"center center","background-size":"auto","background-attachment":"scroll","background-type":"","background-media":"","overlay-type":"","overlay-color":"","overlay-opacity":"","overlay-gradient":""}},"ast-content-background-meta":{"desktop":{"background-color":"var(--ast-global-color-5)","background-image":"","background-repeat":"repeat","background-position":"center center","background-size":"auto","background-attachment":"scroll","background-type":"","background-media":"","overlay-type":"","overlay-color":"","overlay-opacity":"","overlay-gradient":""},"tablet":{"background-color":"var(--ast-global-color-5)","background-image":"","background-repeat":"repeat","background-position":"center center","background-size":"auto","background-attachment":"scroll","background-type":"","background-media":"","overlay-type":"","overlay-color":"","overlay-opacity":"","overlay-gradient":""},"mobile":{"background-color":"var(--ast-global-color-5)","background-image":"","background-repeat":"repeat","background-position":"center center","background-size":"auto","background-attachment":"scroll","background-type":"","background-media":"","overlay-type":"","overlay-color":"","overlay-opacity":"","overlay-gradient":""}}},"product_brand":[],"product_cat":[56,43,44],"product_tag":[],"class_list":{"0":"post-4551","1":"product","2":"type-product","3":"status-publish","4":"has-post-thumbnail","6":"product_cat-turnbuckle","7":"product_cat-rigging-hardware","8":"product_cat-stainless-steel-poduct","9":"desktop-align-left","10":"tablet-align-left","11":"mobile-align-left","12":"ast-product-gallery-layout-horizontal-slider","13":"ast-product-tabs-layout-horizontal","15":"first","16":"instock","17":"shipping-taxable","18":"purchasable","19":"product-type-simple"},"yoast_head":"<!-- This site is optimized with the Yoast SEO plugin v25.2 - https:\/\/yoast.com\/wordpress\/plugins\/seo\/ -->\n<title>Closed Body Turnbuckle<\/title>\n<meta name=\"description\" content=\"A closed body turnbuckle is a mechanical device used to adjust tension or length in a system by utilizing the principle of a screw mechanism.\" \/>\n<meta name=\"robots\" content=\"index, follow, max-snippet:-1, max-image-preview:large, max-video-preview:-1\" \/>\n<link rel=\"canonical\" href=\"https:\/\/qingdaohf.com\/sv\/produkt\/turnbuckle-med-sluten-kropp\/\" \/>\n<meta property=\"og:locale\" content=\"sv_SE\" \/>\n<meta property=\"og:type\" content=\"article\" \/>\n<meta property=\"og:title\" content=\"Closed Body Turnbuckle\" \/>\n<meta property=\"og:description\" content=\"A closed body turnbuckle is a mechanical device used to adjust tension or length in a system by utilizing the principle of a screw mechanism.\" \/>\n<meta property=\"og:url\" content=\"https:\/\/qingdaohf.com\/sv\/produkt\/turnbuckle-med-sluten-kropp\/\" \/>\n<meta property=\"og:site_name\" content=\"Concrete Form &amp; Rigging Hardware Supplier\" \/>\n<meta property=\"article:publisher\" content=\"https:\/\/www.facebook.com\/qingdaohf\" \/>\n<meta property=\"article:modified_time\" content=\"2025-11-13T01:04:03+00:00\" \/>\n<meta property=\"og:image\" content=\"https:\/\/qingdaohf.com\/wp-content\/uploads\/2023\/06\/turnbuckle-9.jpg\" \/>\n\t<meta property=\"og:image:width\" content=\"1000\" \/>\n\t<meta property=\"og:image:height\" content=\"1000\" \/>\n\t<meta property=\"og:image:type\" content=\"image\/jpeg\" \/>\n<meta name=\"twitter:card\" content=\"summary_large_image\" \/>\n<meta name=\"twitter:label1\" content=\"Ber\u00e4knad l\u00e4stid\" \/>\n\t<meta name=\"twitter:data1\" content=\"3 minuter\" \/>\n<script type=\"application\/ld+json\" class=\"yoast-schema-graph\">{\"@context\":\"https:\/\/schema.org\",\"@graph\":[{\"@type\":\"WebPage\",\"@id\":\"https:\/\/qingdaohf.com\/product\/closed-body-turnbuckle\/\",\"url\":\"https:\/\/qingdaohf.com\/product\/closed-body-turnbuckle\/\",\"name\":\"Closed Body Turnbuckle\",\"isPartOf\":{\"@id\":\"https:\/\/qingdaohf.com\/bg\/#website\"},\"primaryImageOfPage\":{\"@id\":\"https:\/\/qingdaohf.com\/product\/closed-body-turnbuckle\/#primaryimage\"},\"image\":{\"@id\":\"https:\/\/qingdaohf.com\/product\/closed-body-turnbuckle\/#primaryimage\"},\"thumbnailUrl\":\"https:\/\/qingdaohf.com\/wp-content\/uploads\/2023\/06\/turnbuckle-9.jpg\",\"datePublished\":\"2023-06-25T09:55:26+00:00\",\"dateModified\":\"2025-11-13T01:04:03+00:00\",\"description\":\"A closed body turnbuckle is a mechanical device used to adjust tension or length in a system by utilizing the principle of a screw mechanism.\",\"breadcrumb\":{\"@id\":\"https:\/\/qingdaohf.com\/product\/closed-body-turnbuckle\/#breadcrumb\"},\"inLanguage\":\"sv-SE\",\"potentialAction\":[{\"@type\":\"ReadAction\",\"target\":[\"https:\/\/qingdaohf.com\/product\/closed-body-turnbuckle\/\"]}]},{\"@type\":\"ImageObject\",\"inLanguage\":\"sv-SE\",\"@id\":\"https:\/\/qingdaohf.com\/product\/closed-body-turnbuckle\/#primaryimage\",\"url\":\"https:\/\/qingdaohf.com\/wp-content\/uploads\/2023\/06\/turnbuckle-9.jpg\",\"contentUrl\":\"https:\/\/qingdaohf.com\/wp-content\/uploads\/2023\/06\/turnbuckle-9.jpg\",\"width\":1000,\"height\":1000,\"caption\":\"turnbuckle\"},{\"@type\":\"BreadcrumbList\",\"@id\":\"https:\/\/qingdaohf.com\/product\/closed-body-turnbuckle\/#breadcrumb\",\"itemListElement\":[{\"@type\":\"ListItem\",\"position\":1,\"name\":\"Home\",\"item\":\"https:\/\/qingdaohf.com\/\"},{\"@type\":\"ListItem\",\"position\":2,\"name\":\"Concrete Forming Accessories and Rigging Hardware\",\"item\":\"https:\/\/qingdaohf.com\/bg\/?page_id=944\"},{\"@type\":\"ListItem\",\"position\":3,\"name\":\"Closed Body Turnbuckle\"}]},{\"@type\":\"WebSite\",\"@id\":\"https:\/\/qingdaohf.com\/bg\/#website\",\"url\":\"https:\/\/qingdaohf.com\/bg\/\",\"name\":\"Concrete Form & Rigging Hardware Supplier\",\"description\":\"\",\"publisher\":{\"@id\":\"https:\/\/qingdaohf.com\/bg\/#organization\"},\"potentialAction\":[{\"@type\":\"SearchAction\",\"target\":{\"@type\":\"EntryPoint\",\"urlTemplate\":\"https:\/\/qingdaohf.com\/bg\/?s={search_term_string}\"},\"query-input\":{\"@type\":\"PropertyValueSpecification\",\"valueRequired\":true,\"valueName\":\"search_term_string\"}}],\"inLanguage\":\"sv-SE\"},{\"@type\":\"Organization\",\"@id\":\"https:\/\/qingdaohf.com\/bg\/#organization\",\"name\":\"Qingdao H&F\",\"url\":\"https:\/\/qingdaohf.com\/bg\/\",\"logo\":{\"@type\":\"ImageObject\",\"inLanguage\":\"sv-SE\",\"@id\":\"https:\/\/qingdaohf.com\/bg\/#\/schema\/logo\/image\/\",\"url\":\"https:\/\/qingdaohf.com\/wp-content\/uploads\/2022\/12\/cropped-HF-LOGO.png\",\"contentUrl\":\"https:\/\/qingdaohf.com\/wp-content\/uploads\/2022\/12\/cropped-HF-LOGO.png\",\"width\":391,\"height\":249,\"caption\":\"Qingdao H&F\"},\"image\":{\"@id\":\"https:\/\/qingdaohf.com\/bg\/#\/schema\/logo\/image\/\"},\"sameAs\":[\"https:\/\/www.facebook.com\/qingdaohf\"]}]}<\/script>\n<!-- \/ Yoast SEO plugin. -->","yoast_head_json":{"title":"Closed Body Turnbuckle","description":"A closed body turnbuckle is a mechanical device used to adjust tension or length in a system by utilizing the principle of a screw mechanism.","robots":{"index":"index","follow":"follow","max-snippet":"max-snippet:-1","max-image-preview":"max-image-preview:large","max-video-preview":"max-video-preview:-1"},"canonical":"https:\/\/qingdaohf.com\/sv\/produkt\/turnbuckle-med-sluten-kropp\/","og_locale":"sv_SE","og_type":"article","og_title":"Closed Body Turnbuckle","og_description":"A closed body turnbuckle is a mechanical device used to adjust tension or length in a system by utilizing the principle of a screw mechanism.","og_url":"https:\/\/qingdaohf.com\/sv\/produkt\/turnbuckle-med-sluten-kropp\/","og_site_name":"Concrete Form &amp; Rigging Hardware Supplier","article_publisher":"https:\/\/www.facebook.com\/qingdaohf","article_modified_time":"2025-11-13T01:04:03+00:00","og_image":[{"width":1000,"height":1000,"url":"https:\/\/qingdaohf.com\/wp-content\/uploads\/2023\/06\/turnbuckle-9.jpg","type":"image\/jpeg"}],"twitter_card":"summary_large_image","twitter_misc":{"Ber\u00e4knad l\u00e4stid":"3 minuter"},"schema":{"@context":"https:\/\/schema.org","@graph":[{"@type":"WebPage","@id":"https:\/\/qingdaohf.com\/product\/closed-body-turnbuckle\/","url":"https:\/\/qingdaohf.com\/product\/closed-body-turnbuckle\/","name":"Closed Body Turnbuckle","isPartOf":{"@id":"https:\/\/qingdaohf.com\/bg\/#website"},"primaryImageOfPage":{"@id":"https:\/\/qingdaohf.com\/product\/closed-body-turnbuckle\/#primaryimage"},"image":{"@id":"https:\/\/qingdaohf.com\/product\/closed-body-turnbuckle\/#primaryimage"},"thumbnailUrl":"https:\/\/qingdaohf.com\/wp-content\/uploads\/2023\/06\/turnbuckle-9.jpg","datePublished":"2023-06-25T09:55:26+00:00","dateModified":"2025-11-13T01:04:03+00:00","description":"A closed body turnbuckle is a mechanical device used to adjust tension or length in a system by utilizing the principle of a screw mechanism.","breadcrumb":{"@id":"https:\/\/qingdaohf.com\/product\/closed-body-turnbuckle\/#breadcrumb"},"inLanguage":"sv-SE","potentialAction":[{"@type":"ReadAction","target":["https:\/\/qingdaohf.com\/product\/closed-body-turnbuckle\/"]}]},{"@type":"ImageObject","inLanguage":"sv-SE","@id":"https:\/\/qingdaohf.com\/product\/closed-body-turnbuckle\/#primaryimage","url":"https:\/\/qingdaohf.com\/wp-content\/uploads\/2023\/06\/turnbuckle-9.jpg","contentUrl":"https:\/\/qingdaohf.com\/wp-content\/uploads\/2023\/06\/turnbuckle-9.jpg","width":1000,"height":1000,"caption":"turnbuckle"},{"@type":"BreadcrumbList","@id":"https:\/\/qingdaohf.com\/product\/closed-body-turnbuckle\/#breadcrumb","itemListElement":[{"@type":"ListItem","position":1,"name":"Home","item":"https:\/\/qingdaohf.com\/"},{"@type":"ListItem","position":2,"name":"Concrete Forming Accessories and Rigging Hardware","item":"https:\/\/qingdaohf.com\/bg\/?page_id=944"},{"@type":"ListItem","position":3,"name":"Closed Body Turnbuckle"}]},{"@type":"WebSite","@id":"https:\/\/qingdaohf.com\/bg\/#website","url":"https:\/\/qingdaohf.com\/bg\/","name":"Concrete Form & Rigging Hardware Supplier","description":"","publisher":{"@id":"https:\/\/qingdaohf.com\/bg\/#organization"},"potentialAction":[{"@type":"SearchAction","target":{"@type":"EntryPoint","urlTemplate":"https:\/\/qingdaohf.com\/bg\/?s={search_term_string}"},"query-input":{"@type":"PropertyValueSpecification","valueRequired":true,"valueName":"search_term_string"}}],"inLanguage":"sv-SE"},{"@type":"Organization","@id":"https:\/\/qingdaohf.com\/bg\/#organization","name":"Qingdao H&F","url":"https:\/\/qingdaohf.com\/bg\/","logo":{"@type":"ImageObject","inLanguage":"sv-SE","@id":"https:\/\/qingdaohf.com\/bg\/#\/schema\/logo\/image\/","url":"https:\/\/qingdaohf.com\/wp-content\/uploads\/2022\/12\/cropped-HF-LOGO.png","contentUrl":"https:\/\/qingdaohf.com\/wp-content\/uploads\/2022\/12\/cropped-HF-LOGO.png","width":391,"height":249,"caption":"Qingdao H&F"},"image":{"@id":"https:\/\/qingdaohf.com\/bg\/#\/schema\/logo\/image\/"},"sameAs":["https:\/\/www.facebook.com\/qingdaohf"]}]}},"_links":{"self":[{"href":"https:\/\/qingdaohf.com\/sv\/wp-json\/wp\/v2\/product\/4551","targetHints":{"allow":["GET"]}}],"collection":[{"href":"https:\/\/qingdaohf.com\/sv\/wp-json\/wp\/v2\/product"}],"about":[{"href":"https:\/\/qingdaohf.com\/sv\/wp-json\/wp\/v2\/types\/product"}],"replies":[{"embeddable":true,"href":"https:\/\/qingdaohf.com\/sv\/wp-json\/wp\/v2\/comments?post=4551"}],"version-history":[{"count":4,"href":"https:\/\/qingdaohf.com\/sv\/wp-json\/wp\/v2\/product\/4551\/revisions"}],"predecessor-version":[{"id":8981,"href":"https:\/\/qingdaohf.com\/sv\/wp-json\/wp\/v2\/product\/4551\/revisions\/8981"}],"wp:featuredmedia":[{"embeddable":true,"href":"https:\/\/qingdaohf.com\/sv\/wp-json\/wp\/v2\/media\/4552"}],"wp:attachment":[{"href":"https:\/\/qingdaohf.com\/sv\/wp-json\/wp\/v2\/media?parent=4551"}],"wp:term":[{"taxonomy":"product_brand","embeddable":true,"href":"https:\/\/qingdaohf.com\/sv\/wp-json\/wp\/v2\/product_brand?post=4551"},{"taxonomy":"product_cat","embeddable":true,"href":"https:\/\/qingdaohf.com\/sv\/wp-json\/wp\/v2\/product_cat?post=4551"},{"taxonomy":"product_tag","embeddable":true,"href":"https:\/\/qingdaohf.com\/sv\/wp-json\/wp\/v2\/product_tag?post=4551"}],"curies":[{"name":"wp","href":"https:\/\/api.w.org\/{rel}","templated":true}]}}