{"id":5799,"date":"2023-11-23T11:35:43","date_gmt":"2023-11-23T03:35:43","guid":{"rendered":"http:\/\/qingdaohf.com\/?post_type=product&#038;p=5799"},"modified":"2025-11-13T09:04:01","modified_gmt":"2025-11-13T01:04:01","slug":"towing-shackle","status":"publish","type":"product","link":"https:\/\/qingdaohf.com\/sv\/produkt\/bogseringsschackel\/","title":{"rendered":"Bogseringsschackel"},"content":{"rendered":"<h2>F\u00f6rdelar med v\u00e5ra bogseringsschacklar:<\/h2>\n<h3>H\u00f6g dragh\u00e5llfasthet:<\/h3>\n<p>V\u00e5ra bogseringsschacklar har \u00f6verl\u00e4gsen dragh\u00e5llfasthet, vilket s\u00e4kerst\u00e4ller tillf\u00f6rlitlig prestanda under tunga laster. Dina kunder kr\u00e4ver kvalitet, och vi levererar.<\/p>\n<h3>Motst\u00e5ndskraft mot korrosion:<\/h3>\n<p>En utm\u00e4rkande egenskap hos v\u00e5ra schacklar \u00e4r deras exceptionella korrosionsbest\u00e4ndighet. Genom innovativa material och ytbel\u00e4ggningar s\u00e4kerst\u00e4ller vi en l\u00e5ng livsl\u00e4ngd, vilket g\u00f6r dem idealiska f\u00f6r olika milj\u00f6er, fr\u00e5n marina applikationer till tuffa industriella milj\u00f6er.<\/p>\n<h3>Precisionsteknik:<\/h3>\n<p>Varje schackel \u00e4r noggrant konstruerad f\u00f6r precision. Detta s\u00e4kerst\u00e4ller en perfekt passform, minskar slitage och f\u00f6rb\u00e4ttrar den \u00f6vergripande s\u00e4kerheten vid bogsering.<\/p>\n<h3>M\u00e5ngsidiga anv\u00e4ndningsomr\u00e5den:<\/h3>\n<p>V\u00e5ra bogseringsschacklar \u00e4r utformade med m\u00e5ngsidighet i \u00e5tanke. Oavsett om det g\u00e4ller tung kommersiell bogsering eller specialiserade industriella till\u00e4mpningar tillgodoser v\u00e5ra produkter ett brett spektrum av behov, vilket g\u00f6r dem till en sj\u00e4lvklar l\u00f6sning f\u00f6r olika sektorer.<\/p>\n<h3>\u00d6verensst\u00e4mmelse med branschstandarder:<\/h3>\n<p>Vi \u00e4r stolta \u00f6ver att \u00f6vertr\u00e4ffa industristandarderna. V\u00e5ra bogseringsschacklar \u00e4r inte bara kompatibla; de g\u00e5r ut\u00f6ver det vanliga och uppfyller eller \u00f6vertr\u00e4ffar reglerna f\u00f6r att s\u00e4kerst\u00e4lla h\u00f6gsta m\u00f6jliga s\u00e4kerhet och tillf\u00f6rlitlighet.<\/p>\n<h2>Dina bekymmer, v\u00e5ra l\u00f6sningar:<\/h2>\n<h3>Kvalitetss\u00e4kring av produkter:<\/h3>\n<p>V\u00e5ra bogseringsschacklar genomg\u00e5r rigor\u00f6sa kvalitetsinspektioner och uppfyller och \u00f6vertr\u00e4ffar branschstandarder. Den h\u00f6ga dragh\u00e5llfastheten och korrosionsbest\u00e4ndigheten \u00e4r viktiga faktorer som g\u00f6r att v\u00e5ra produkter skiljer sig fr\u00e5n m\u00e4ngden.<\/p>\n<h3>Trov\u00e4rdighet f\u00f6r leverant\u00f6ren:<\/h3>\n<p>Med 20 \u00e5rs erfarenhet har vi blivit ett p\u00e5litligt utrikeshandelsf\u00f6retag med egen fabrik. Precisionstekniken i v\u00e5ra schacklar \u00e5terspeglar v\u00e5rt engagemang f\u00f6r tillf\u00f6rlitlighet och excellens.<\/p>\n<h3>Konkurrenskraftiga priser:<\/h3>\n<p>Vi erbjuder konkurrenskraftiga priser utan att kompromissa med kvaliteten p\u00e5 v\u00e5ra bogseringsschacklar. Det v\u00e4rde de ger, s\u00e4rskilt med sin m\u00e5ngsidighet och \u00f6verensst\u00e4mmelse med branschstandarder, s\u00e4kerst\u00e4ller att du f\u00e5r ut mesta m\u00f6jliga av din investering.<\/p>\n<h3>Frakt och leverans:<\/h3>\n<p>V\u00e5r effektiva logistik s\u00e4kerst\u00e4ller snabba leveranser och de korrosionsbest\u00e4ndiga egenskaperna hos v\u00e5ra schacklar garanterar att de kommer fram i toppskick.<\/p>\n<h3>Anpassningsalternativ:<\/h3>\n<p>V\u00e5ra bogseringsschacklar kan anpassas f\u00f6r att uppfylla dina specifika behov. Oavsett om det handlar om att justera dragh\u00e5llfasthet eller andra specifikationer m\u00f6jligg\u00f6r v\u00e5r precisionsteknik skr\u00e4ddarsydda l\u00f6sningar.<\/p>\n<h3>Betalningsvillkor:<\/h3>\n<p>F\u00f6rhandla om betalningsvillkor som \u00e4r i linje med dina ekonomiska m\u00f6jligheter. V\u00e5rt engagemang f\u00f6r kvalitet och efterlevnad f\u00f6rs\u00e4krar dig om att din investering \u00e4r s\u00e4ker.<\/p>\n<h3>Kommunikation och lyh\u00f6rdhet:<\/h3>\n<p>V\u00e5r dedikerade kundtj\u00e4nst s\u00e4kerst\u00e4ller snabb och effektiv kommunikation under hela ink\u00f6psprocessen. Alla f\u00f6rfr\u00e5gningar eller problem hanteras med samma precision som v\u00e5r produktutveckling.<\/p>\n<h3>Support efter f\u00f6rs\u00e4ljning:<\/h3>\n<p>Fr\u00e5ga om leverant\u00f6rens policy f\u00f6r support efter f\u00f6rs\u00e4ljning och garanti. V\u00e5r filosofi om st\u00e4ndiga f\u00f6rb\u00e4ttringar s\u00e4kerst\u00e4ller l\u00f6pande support tills varorna har levererats och uppfyller eller \u00f6vertr\u00e4ffar dina f\u00f6rv\u00e4ntningar.<\/p>\n<p>H\u00f6j ditt B2B-spel med H&amp;F. Kvalitet, tillf\u00f6rlitlighet och s\u00f6ml\u00f6sa transaktioner \u00e4r vad vi tar med oss till bordet. Kontakta oss f\u00f6r en offert eller f\u00f6r att diskutera dina behov av bulkbogseringsschacklar. L\u00e5t oss bygga ett partnerskap som varar!<\/p>","protected":false},"excerpt":{"rendered":"<p>Du \u00e4r nu en ink\u00f6pare med 20 \u00e5rs arbetslivserfarenhet. Specialiserad p\u00e5 att k\u00f6pa bogseringsschackel. Nu \u00e4r du redo att k\u00f6pa produkter p\u00e5 Google.<br \/>\nL\u00e5t oss tala om de fr\u00e5gor som k\u00f6parna \u00e4r mest bekymrade \u00f6ver.<br \/>\nSom svar p\u00e5 ovanst\u00e5ende problem tillhandah\u00e5ller vi de mest rimliga l\u00f6sningarna s\u00e5 att k\u00f6pare kan skicka f\u00f6rfr\u00e5gningar med f\u00f6rtroende.<\/p>","protected":false},"featured_media":5806,"comment_status":"open","ping_status":"closed","template":"","meta":{"site-sidebar-layout":"default","site-content-layout":"","ast-site-content-layout":"default","site-content-style":"default","site-sidebar-style":"default","ast-global-header-display":"","ast-banner-title-visibility":"","ast-main-header-display":"","ast-hfb-above-header-display":"","ast-hfb-below-header-display":"","ast-hfb-mobile-header-display":"","site-post-title":"","ast-breadcrumbs-content":"","ast-featured-img":"","footer-sml-layout":"","theme-transparent-header-meta":"default","adv-header-id-meta":"","stick-header-meta":"default","header-above-stick-meta":"","header-main-stick-meta":"","header-below-stick-meta":"","astra-migrate-meta-layouts":"set","ast-page-background-enabled":"default","ast-page-background-meta":{"desktop":{"background-color":"","background-image":"","background-repeat":"repeat","background-position":"center center","background-size":"auto","background-attachment":"scroll","background-type":"","background-media":"","overlay-type":"","overlay-color":"","overlay-opacity":"","overlay-gradient":""},"tablet":{"background-color":"","background-image":"","background-repeat":"repeat","background-position":"center center","background-size":"auto","background-attachment":"scroll","background-type":"","background-media":"","overlay-type":"","overlay-color":"","overlay-opacity":"","overlay-gradient":""},"mobile":{"background-color":"","background-image":"","background-repeat":"repeat","background-position":"center center","background-size":"auto","background-attachment":"scroll","background-type":"","background-media":"","overlay-type":"","overlay-color":"","overlay-opacity":"","overlay-gradient":""}},"ast-content-background-meta":{"desktop":{"background-color":"var(--ast-global-color-5)","background-image":"","background-repeat":"repeat","background-position":"center center","background-size":"auto","background-attachment":"scroll","background-type":"","background-media":"","overlay-type":"","overlay-color":"","overlay-opacity":"","overlay-gradient":""},"tablet":{"background-color":"var(--ast-global-color-5)","background-image":"","background-repeat":"repeat","background-position":"center center","background-size":"auto","background-attachment":"scroll","background-type":"","background-media":"","overlay-type":"","overlay-color":"","overlay-opacity":"","overlay-gradient":""},"mobile":{"background-color":"var(--ast-global-color-5)","background-image":"","background-repeat":"repeat","background-position":"center center","background-size":"auto","background-attachment":"scroll","background-type":"","background-media":"","overlay-type":"","overlay-color":"","overlay-opacity":"","overlay-gradient":""}}},"product_brand":[],"product_cat":[51,54],"product_tag":[],"class_list":{"0":"post-5799","1":"product","2":"type-product","3":"status-publish","4":"has-post-thumbnail","6":"product_cat-riggging-hardware","7":"product_cat-shackle","8":"desktop-align-left","9":"tablet-align-left","10":"mobile-align-left","11":"ast-product-gallery-layout-horizontal-slider","12":"ast-product-tabs-layout-horizontal","14":"first","15":"instock","16":"shipping-taxable","17":"purchasable","18":"product-type-simple"},"yoast_head":"<!-- This site is optimized with the Yoast SEO plugin v25.2 - https:\/\/yoast.com\/wordpress\/plugins\/seo\/ -->\n<title>Towing Shackle<\/title>\n<meta name=\"description\" content=\"Our Towing Shackles boast superior tensile strength, ensuring reliable performance under heavy loads. Your clients demand quality, and we deliver\" \/>\n<meta name=\"robots\" content=\"index, follow, max-snippet:-1, max-image-preview:large, max-video-preview:-1\" \/>\n<link rel=\"canonical\" href=\"https:\/\/qingdaohf.com\/sv\/produkt\/bogseringsschackel\/\" \/>\n<meta property=\"og:locale\" content=\"sv_SE\" \/>\n<meta property=\"og:type\" content=\"article\" \/>\n<meta property=\"og:title\" content=\"Towing Shackle\" \/>\n<meta property=\"og:description\" content=\"Our Towing Shackles boast superior tensile strength, ensuring reliable performance under heavy loads. Your clients demand quality, and we deliver\" \/>\n<meta property=\"og:url\" content=\"https:\/\/qingdaohf.com\/sv\/produkt\/bogseringsschackel\/\" \/>\n<meta property=\"og:site_name\" content=\"Concrete Form &amp; Rigging Hardware Supplier\" \/>\n<meta property=\"article:publisher\" content=\"https:\/\/www.facebook.com\/qingdaohf\" \/>\n<meta property=\"article:modified_time\" content=\"2025-11-13T01:04:01+00:00\" \/>\n<meta property=\"og:image\" content=\"https:\/\/qingdaohf.com\/wp-content\/uploads\/2023\/11\/Towing-shackle-9.jpg\" \/>\n\t<meta property=\"og:image:width\" content=\"800\" \/>\n\t<meta property=\"og:image:height\" content=\"800\" \/>\n\t<meta property=\"og:image:type\" content=\"image\/jpeg\" \/>\n<meta name=\"twitter:card\" content=\"summary_large_image\" \/>\n<meta name=\"twitter:label1\" content=\"Ber\u00e4knad l\u00e4stid\" \/>\n\t<meta name=\"twitter:data1\" content=\"2 minuter\" \/>\n<script type=\"application\/ld+json\" class=\"yoast-schema-graph\">{\"@context\":\"https:\/\/schema.org\",\"@graph\":[{\"@type\":\"WebPage\",\"@id\":\"https:\/\/qingdaohf.com\/product\/towing-shackle\/\",\"url\":\"https:\/\/qingdaohf.com\/product\/towing-shackle\/\",\"name\":\"Towing Shackle\",\"isPartOf\":{\"@id\":\"https:\/\/qingdaohf.com\/bg\/#website\"},\"primaryImageOfPage\":{\"@id\":\"https:\/\/qingdaohf.com\/product\/towing-shackle\/#primaryimage\"},\"image\":{\"@id\":\"https:\/\/qingdaohf.com\/product\/towing-shackle\/#primaryimage\"},\"thumbnailUrl\":\"https:\/\/qingdaohf.com\/wp-content\/uploads\/2023\/11\/Towing-shackle-9.jpg\",\"datePublished\":\"2023-11-23T03:35:43+00:00\",\"dateModified\":\"2025-11-13T01:04:01+00:00\",\"description\":\"Our Towing Shackles boast superior tensile strength, ensuring reliable performance under heavy loads. Your clients demand quality, and we deliver\",\"breadcrumb\":{\"@id\":\"https:\/\/qingdaohf.com\/product\/towing-shackle\/#breadcrumb\"},\"inLanguage\":\"sv-SE\",\"potentialAction\":[{\"@type\":\"ReadAction\",\"target\":[\"https:\/\/qingdaohf.com\/product\/towing-shackle\/\"]}]},{\"@type\":\"ImageObject\",\"inLanguage\":\"sv-SE\",\"@id\":\"https:\/\/qingdaohf.com\/product\/towing-shackle\/#primaryimage\",\"url\":\"https:\/\/qingdaohf.com\/wp-content\/uploads\/2023\/11\/Towing-shackle-9.jpg\",\"contentUrl\":\"https:\/\/qingdaohf.com\/wp-content\/uploads\/2023\/11\/Towing-shackle-9.jpg\",\"width\":800,\"height\":800,\"caption\":\"Towing shackle\"},{\"@type\":\"BreadcrumbList\",\"@id\":\"https:\/\/qingdaohf.com\/product\/towing-shackle\/#breadcrumb\",\"itemListElement\":[{\"@type\":\"ListItem\",\"position\":1,\"name\":\"Home\",\"item\":\"https:\/\/qingdaohf.com\/\"},{\"@type\":\"ListItem\",\"position\":2,\"name\":\"Concrete Forming Accessories and Rigging Hardware\",\"item\":\"https:\/\/qingdaohf.com\/bg\/?page_id=944\"},{\"@type\":\"ListItem\",\"position\":3,\"name\":\"Towing Shackle\"}]},{\"@type\":\"WebSite\",\"@id\":\"https:\/\/qingdaohf.com\/bg\/#website\",\"url\":\"https:\/\/qingdaohf.com\/bg\/\",\"name\":\"Concrete Form & Rigging Hardware Supplier\",\"description\":\"\",\"publisher\":{\"@id\":\"https:\/\/qingdaohf.com\/bg\/#organization\"},\"potentialAction\":[{\"@type\":\"SearchAction\",\"target\":{\"@type\":\"EntryPoint\",\"urlTemplate\":\"https:\/\/qingdaohf.com\/bg\/?s={search_term_string}\"},\"query-input\":{\"@type\":\"PropertyValueSpecification\",\"valueRequired\":true,\"valueName\":\"search_term_string\"}}],\"inLanguage\":\"sv-SE\"},{\"@type\":\"Organization\",\"@id\":\"https:\/\/qingdaohf.com\/bg\/#organization\",\"name\":\"Qingdao H&F\",\"url\":\"https:\/\/qingdaohf.com\/bg\/\",\"logo\":{\"@type\":\"ImageObject\",\"inLanguage\":\"sv-SE\",\"@id\":\"https:\/\/qingdaohf.com\/bg\/#\/schema\/logo\/image\/\",\"url\":\"https:\/\/qingdaohf.com\/wp-content\/uploads\/2022\/12\/cropped-HF-LOGO.png\",\"contentUrl\":\"https:\/\/qingdaohf.com\/wp-content\/uploads\/2022\/12\/cropped-HF-LOGO.png\",\"width\":391,\"height\":249,\"caption\":\"Qingdao H&F\"},\"image\":{\"@id\":\"https:\/\/qingdaohf.com\/bg\/#\/schema\/logo\/image\/\"},\"sameAs\":[\"https:\/\/www.facebook.com\/qingdaohf\"]}]}<\/script>\n<!-- \/ Yoast SEO plugin. -->","yoast_head_json":{"title":"Towing Shackle","description":"Our Towing Shackles boast superior tensile strength, ensuring reliable performance under heavy loads. Your clients demand quality, and we deliver","robots":{"index":"index","follow":"follow","max-snippet":"max-snippet:-1","max-image-preview":"max-image-preview:large","max-video-preview":"max-video-preview:-1"},"canonical":"https:\/\/qingdaohf.com\/sv\/produkt\/bogseringsschackel\/","og_locale":"sv_SE","og_type":"article","og_title":"Towing Shackle","og_description":"Our Towing Shackles boast superior tensile strength, ensuring reliable performance under heavy loads. Your clients demand quality, and we deliver","og_url":"https:\/\/qingdaohf.com\/sv\/produkt\/bogseringsschackel\/","og_site_name":"Concrete Form &amp; Rigging Hardware Supplier","article_publisher":"https:\/\/www.facebook.com\/qingdaohf","article_modified_time":"2025-11-13T01:04:01+00:00","og_image":[{"width":800,"height":800,"url":"https:\/\/qingdaohf.com\/wp-content\/uploads\/2023\/11\/Towing-shackle-9.jpg","type":"image\/jpeg"}],"twitter_card":"summary_large_image","twitter_misc":{"Ber\u00e4knad l\u00e4stid":"2 minuter"},"schema":{"@context":"https:\/\/schema.org","@graph":[{"@type":"WebPage","@id":"https:\/\/qingdaohf.com\/product\/towing-shackle\/","url":"https:\/\/qingdaohf.com\/product\/towing-shackle\/","name":"Towing Shackle","isPartOf":{"@id":"https:\/\/qingdaohf.com\/bg\/#website"},"primaryImageOfPage":{"@id":"https:\/\/qingdaohf.com\/product\/towing-shackle\/#primaryimage"},"image":{"@id":"https:\/\/qingdaohf.com\/product\/towing-shackle\/#primaryimage"},"thumbnailUrl":"https:\/\/qingdaohf.com\/wp-content\/uploads\/2023\/11\/Towing-shackle-9.jpg","datePublished":"2023-11-23T03:35:43+00:00","dateModified":"2025-11-13T01:04:01+00:00","description":"Our Towing Shackles boast superior tensile strength, ensuring reliable performance under heavy loads. Your clients demand quality, and we deliver","breadcrumb":{"@id":"https:\/\/qingdaohf.com\/product\/towing-shackle\/#breadcrumb"},"inLanguage":"sv-SE","potentialAction":[{"@type":"ReadAction","target":["https:\/\/qingdaohf.com\/product\/towing-shackle\/"]}]},{"@type":"ImageObject","inLanguage":"sv-SE","@id":"https:\/\/qingdaohf.com\/product\/towing-shackle\/#primaryimage","url":"https:\/\/qingdaohf.com\/wp-content\/uploads\/2023\/11\/Towing-shackle-9.jpg","contentUrl":"https:\/\/qingdaohf.com\/wp-content\/uploads\/2023\/11\/Towing-shackle-9.jpg","width":800,"height":800,"caption":"Towing shackle"},{"@type":"BreadcrumbList","@id":"https:\/\/qingdaohf.com\/product\/towing-shackle\/#breadcrumb","itemListElement":[{"@type":"ListItem","position":1,"name":"Home","item":"https:\/\/qingdaohf.com\/"},{"@type":"ListItem","position":2,"name":"Concrete Forming Accessories and Rigging Hardware","item":"https:\/\/qingdaohf.com\/bg\/?page_id=944"},{"@type":"ListItem","position":3,"name":"Towing Shackle"}]},{"@type":"WebSite","@id":"https:\/\/qingdaohf.com\/bg\/#website","url":"https:\/\/qingdaohf.com\/bg\/","name":"Concrete Form & Rigging Hardware Supplier","description":"","publisher":{"@id":"https:\/\/qingdaohf.com\/bg\/#organization"},"potentialAction":[{"@type":"SearchAction","target":{"@type":"EntryPoint","urlTemplate":"https:\/\/qingdaohf.com\/bg\/?s={search_term_string}"},"query-input":{"@type":"PropertyValueSpecification","valueRequired":true,"valueName":"search_term_string"}}],"inLanguage":"sv-SE"},{"@type":"Organization","@id":"https:\/\/qingdaohf.com\/bg\/#organization","name":"Qingdao H&F","url":"https:\/\/qingdaohf.com\/bg\/","logo":{"@type":"ImageObject","inLanguage":"sv-SE","@id":"https:\/\/qingdaohf.com\/bg\/#\/schema\/logo\/image\/","url":"https:\/\/qingdaohf.com\/wp-content\/uploads\/2022\/12\/cropped-HF-LOGO.png","contentUrl":"https:\/\/qingdaohf.com\/wp-content\/uploads\/2022\/12\/cropped-HF-LOGO.png","width":391,"height":249,"caption":"Qingdao H&F"},"image":{"@id":"https:\/\/qingdaohf.com\/bg\/#\/schema\/logo\/image\/"},"sameAs":["https:\/\/www.facebook.com\/qingdaohf"]}]}},"_links":{"self":[{"href":"https:\/\/qingdaohf.com\/sv\/wp-json\/wp\/v2\/product\/5799","targetHints":{"allow":["GET"]}}],"collection":[{"href":"https:\/\/qingdaohf.com\/sv\/wp-json\/wp\/v2\/product"}],"about":[{"href":"https:\/\/qingdaohf.com\/sv\/wp-json\/wp\/v2\/types\/product"}],"replies":[{"embeddable":true,"href":"https:\/\/qingdaohf.com\/sv\/wp-json\/wp\/v2\/comments?post=5799"}],"version-history":[{"count":3,"href":"https:\/\/qingdaohf.com\/sv\/wp-json\/wp\/v2\/product\/5799\/revisions"}],"predecessor-version":[{"id":5824,"href":"https:\/\/qingdaohf.com\/sv\/wp-json\/wp\/v2\/product\/5799\/revisions\/5824"}],"wp:featuredmedia":[{"embeddable":true,"href":"https:\/\/qingdaohf.com\/sv\/wp-json\/wp\/v2\/media\/5806"}],"wp:attachment":[{"href":"https:\/\/qingdaohf.com\/sv\/wp-json\/wp\/v2\/media?parent=5799"}],"wp:term":[{"taxonomy":"product_brand","embeddable":true,"href":"https:\/\/qingdaohf.com\/sv\/wp-json\/wp\/v2\/product_brand?post=5799"},{"taxonomy":"product_cat","embeddable":true,"href":"https:\/\/qingdaohf.com\/sv\/wp-json\/wp\/v2\/product_cat?post=5799"},{"taxonomy":"product_tag","embeddable":true,"href":"https:\/\/qingdaohf.com\/sv\/wp-json\/wp\/v2\/product_tag?post=5799"}],"curies":[{"name":"wp","href":"https:\/\/api.w.org\/{rel}","templated":true}]}}