{"id":6443,"date":"2024-02-02T14:30:53","date_gmt":"2024-02-02T06:30:53","guid":{"rendered":"http:\/\/qingdaohf.com\/?post_type=product&#038;p=6443"},"modified":"2025-11-13T09:03:39","modified_gmt":"2025-11-13T01:03:39","slug":"wholesale-d-shackle-chain-shackle-for-lifting","status":"publish","type":"product","link":"https:\/\/qingdaohf.com\/sv\/produkt\/grossist-d-schackel-kedja-schackel-for-lyft\/","title":{"rendered":"Partihandel D-schackel Kedjesjackel f\u00f6r lyft"},"content":{"rendered":"<p>D-schacklar \u00e4r kritiska komponenter i rigg- och lyftindustrin, uppskattade f\u00f6r sin stabilitet och styrka i applikationer med h\u00f6g belastning. Med sin distinkta U-form och s\u00e4kra stiftst\u00e4ngning ger D-schacklar en tillf\u00f6rlitlig anslutning f\u00f6r ett brett spektrum av lyft-, hiss- och bogseringsuppgifter. Qingdao H&amp;Fs D-schacklar G210 och G2150 \u00e4r n\u00e5gra av de mest popul\u00e4ra modellerna p\u00e5 marknaden och anv\u00e4nds av yrkesfolk inom alla branscher f\u00f6r sin styrka, h\u00e5llbarhet och anpassningsf\u00f6rm\u00e5ga.<\/p>\n<p>Modellerna G210 och G2150 \u00e4r konstruerade f\u00f6r att klara tunga laster och samtidigt uppr\u00e4tth\u00e5lla en h\u00f6g niv\u00e5 av s\u00e4kerhet och stabilitet. G210-modellen, som \u00e4r k\u00e4nd f\u00f6r sin m\u00e5ngsidighet och rundade design, anv\u00e4nds ofta i uppst\u00e4llningar som kr\u00e4ver flexibilitet. G2150, med sin extra kraftiga konstruktion, \u00e4r d\u00e4remot utformad f\u00f6r att klara mer extrema applikationer och erbjuder f\u00f6rb\u00e4ttrad lastb\u00e4rande kapacitet f\u00f6r h\u00f6gre arbetsbelastningsgr\u00e4nser (WLL). Varje modell tillverkas enligt exakta specifikationer, vilket s\u00e4kerst\u00e4ller kompatibilitet med olika riggsystem och en h\u00f6g prestandaniv\u00e5 under tryck.<\/p>\n<p>Som en betrodd D-schackelgrossist har Qingdao H&amp;F \u00e5tagit sig att tillhandah\u00e5lla h\u00f6gkvalitativa produkter som uppfyller de str\u00e4nga kraven fr\u00e5n lyft- och riggproffs. Med en m\u00e4ngd olika storlekar och WLL, fr\u00e5n 0,33 ton till 150 ton och storlekar fr\u00e5n 1\/4 tum till 3 tum, \u00e4r v\u00e5rt lager utformat f\u00f6r att betj\u00e4na k\u00f6pare som s\u00f6ker tillf\u00f6rlitliga l\u00f6sningar f\u00f6r projekt i alla skalor.<\/p>\n<h3>F\u00f6rdelar med att v\u00e4lja Qingdao H&amp;F: Skr\u00e4ddarsydd service och effektiv leverans<\/h3>\n<p>P\u00e5 Qingdao H&amp;F f\u00f6rst\u00e5r vi vikten av en s\u00f6ml\u00f6s och effektiv ink\u00f6psupplevelse. K\u00f6pare prioriterar kvalitet, snabbhet och f\u00f6rtroende f\u00f6r sina leverant\u00f6rer, vilket \u00e4r anledningen till att vi har byggt en kundcentrerad inst\u00e4llning till service. Varje kund drar nytta av v\u00e5r personliga kundservice, d\u00e4r dedikerad support ser till att de hittar den l\u00e4mpligaste schackelmodellen f\u00f6r sina specifika behov. Vi arbetar n\u00e4ra ink\u00f6parna f\u00f6r att f\u00f6rst\u00e5 deras projektkrav och hj\u00e4lper dem att v\u00e4lja mellan den m\u00e5ngsidiga G210 eller den tunga G2150, som b\u00e5da \u00e4r allm\u00e4nt erk\u00e4nda f\u00f6r sin tillf\u00f6rlitlighet i utmanande milj\u00f6er.<\/p>\n<p>Ut\u00f6ver produktkvalitet betonar v\u00e5r servicemodell snabba leveranscykler och fullst\u00e4ndig transparens, vilket inneb\u00e4r att vi tillhandah\u00e5ller kvalitetsinspektionsrapporter med varje leverans. Dessa rapporter beskriver specifikationerna, prestandan och s\u00e4kerhetsstandarderna f\u00f6r v\u00e5ra schacklar, s\u00e5 att k\u00f6parna kan k\u00e4nna sig trygga i sitt k\u00f6p och f\u00f6rs\u00e4kra sig om att produkten \u00e4r redo f\u00f6r omedelbar anv\u00e4ndning. Genom att s\u00e4kerst\u00e4lla effektiv logistik och en str\u00f6mlinjeformad serviceprocess minimerar Qingdao H&amp;F f\u00f6rseningar och hj\u00e4lper kunderna att h\u00e5lla fart p\u00e5 sina projekt.<\/p>\n<p>V\u00e5ra kunders f\u00f6rtroende bygger p\u00e5 v\u00e5rt engagemang f\u00f6r att leverera h\u00f6gkvalitativa produkter, med st\u00f6d av ett lyh\u00f6rt team som f\u00f6rst\u00e5r vad som st\u00e5r p\u00e5 spel i tunga lyftapplikationer. Med Qingdao H&amp;F upplever k\u00f6parna ett proaktivt f\u00f6rh\u00e5llningss\u00e4tt till riggl\u00f6sningar, med fokus p\u00e5 effektivitet, kvalitet och tillf\u00f6rlitlighet.<\/p>\n<h3>G210 och G2150 D-schacklar: Ett brett utbud av arbetsbelastningsgr\u00e4nser och storlekar<\/h3>\n<p>Olika projektbehov kr\u00e4ver ett brett urval av storlekar och arbetsbelastningsgr\u00e4nser (WLL), och v\u00e5ra schacklar G210 och G2150 erbjuder just denna flexibilitet. Varje modell finns tillg\u00e4nglig med WLL fr\u00e5n 0,33 ton upp till 150 ton, vilket g\u00f6r att k\u00f6parna kan v\u00e4lja schacklar som b\u00e4st matchar de specifika kraven i deras applikationer. Detta omfattande sortiment g\u00f6r v\u00e5ra schacklar idealiska f\u00f6r b\u00e5de l\u00e4ttare riggningsuppgifter och de mest kr\u00e4vande lastb\u00e4rande applikationerna, vilket s\u00e4kerst\u00e4ller anpassningsf\u00f6rm\u00e5ga utan att kompromissa med prestanda.<\/p>\n<p>V\u00e5ra schacklar G210 och G2150 finns ocks\u00e5 i en m\u00e4ngd olika storlekar, fr\u00e5n 1\/4 tum till 3 tum. G210-modellen, som k\u00e4nnetecknas av en mer kompakt design, \u00e4r l\u00e4mplig f\u00f6r m\u00e5ttliga lyftuppgifter d\u00e4r flexibilitet kr\u00e4vs. G2150-modellen \u00e4r konstruerad f\u00f6r applikationer med h\u00f6gre h\u00e5llfasthet och extra h\u00e5llbarhet f\u00f6r att klara de mest intensiva lyftf\u00f6rh\u00e5llandena. Varje schackelstorlek genomg\u00e5r en noggrann kalibreringsprocess f\u00f6r att s\u00e4kerst\u00e4lla enhetlig kvalitet och prestanda, s\u00e5 att k\u00f6parna kan lita p\u00e5 konsekventa resultat oavsett projektkrav.<\/p>\n<p>Med G210 och G2150 f\u00e5r k\u00f6parna tillg\u00e5ng till schacklar som kan hantera olika riggutmaningar och ge tillf\u00f6rlitligt st\u00f6d f\u00f6r komplexa projekt. Dessa modeller har f\u00e5tt ett rykte om sig att leverera enast\u00e5ende prestanda, vilket g\u00f6r dem till f\u00f6rstahandsvalet f\u00f6r riggproffs.<\/p>\n<p><strong>G210 schackel<\/strong><\/p>\n<p><img fetchpriority=\"high\" decoding=\"async\" class=\"alignnone size-full wp-image-3813\" src=\"http:\/\/qingdaohf.com\/wp-content\/uploads\/2023\/05\/G209-G210-shackle.jpg\" alt=\"G209 G210 schackel\" width=\"1000\" height=\"1296\" srcset=\"https:\/\/qingdaohf.com\/wp-content\/uploads\/2023\/05\/G209-G210-shackle.jpg 1000w, https:\/\/qingdaohf.com\/wp-content\/uploads\/2023\/05\/G209-G210-shackle-231x300.jpg 231w, https:\/\/qingdaohf.com\/wp-content\/uploads\/2023\/05\/G209-G210-shackle-790x1024.jpg 790w, https:\/\/qingdaohf.com\/wp-content\/uploads\/2023\/05\/G209-G210-shackle-768x995.jpg 768w\" sizes=\"(max-width: 1000px) 100vw, 1000px\" \/><\/p>\n<p><strong>G2150 schackel<\/strong><\/p>\n<p>&nbsp;<\/p>\n<p><img decoding=\"async\" class=\"alignnone size-full wp-image-3817\" src=\"http:\/\/qingdaohf.com\/wp-content\/uploads\/2023\/05\/2150.jpg\" alt=\"2150 schackel\" width=\"1000\" height=\"950\" srcset=\"https:\/\/qingdaohf.com\/wp-content\/uploads\/2023\/05\/2150.jpg 1000w, https:\/\/qingdaohf.com\/wp-content\/uploads\/2023\/05\/2150-300x285.jpg 300w, https:\/\/qingdaohf.com\/wp-content\/uploads\/2023\/05\/2150-768x730.jpg 768w\" sizes=\"(max-width: 1000px) 100vw, 1000px\" \/><\/p>\n<h3>Kvalitets- och s\u00e4kerhetsstandarder: Rigor\u00f6sa tester f\u00f6r tillf\u00f6rlitlig prestanda<\/h3>\n<p>S\u00e4kerhet och kvalitet \u00e4r grundl\u00e4ggande aspekter i v\u00e5r tillverkningsprocess p\u00e5 Qingdao H&amp;F. Varje G210 och G2150 D-schackel genomg\u00e5r rigor\u00f6s kvalitetskontroll f\u00f6r att s\u00e4kerst\u00e4lla att de uppfyller internationella s\u00e4kerhetsstandarder. Vi vet att D-schacklar spelar en avg\u00f6rande roll i lastb\u00e4rande operationer, och d\u00e4rf\u00f6r testas v\u00e5ra produkter f\u00f6r att ge konsekvent prestanda under tryck. Fr\u00e5n den inledande produktionen till slutinspektionen till\u00e4mpar vi en noggrann kvalitetss\u00e4kring, vilket resulterar i produkter som k\u00f6parna kan lita p\u00e5.<\/p>\n<p>V\u00e5ra D-schacklar \u00e4r byggda f\u00f6r att motst\u00e5 slitage, korrosion och andra faktorer som kan f\u00f6rs\u00e4mra prestandan i tuffa milj\u00f6er. Oavsett om de anv\u00e4nds inom byggbranschen, f\u00f6r industriella lyft eller till sj\u00f6ss \u00e4r v\u00e5ra G210- och G2150-modeller konstruerade f\u00f6r att h\u00e5lla och ger tillf\u00f6rlitlig styrka under l\u00e5ngvarig anv\u00e4ndning. V\u00e5rt kvalitetsengagemang str\u00e4cker sig bortom sj\u00e4lva produkten, eftersom vi erbjuder detaljerade kvalitetsinspektionsrapporter med varje leverans, vilket ger k\u00f6parna full insyn i specifikationerna och s\u00e4kerhetsstandarderna f\u00f6r varje schackel de k\u00f6per.<\/p>\n<p>Genom att uppr\u00e4tth\u00e5lla en h\u00f6g standard i hela produktionsprocessen och erbjuda tydlig och l\u00e4ttillg\u00e4nglig produktinformation forts\u00e4tter Qingdao H&amp;F att s\u00e4tta en h\u00f6g standard f\u00f6r kvalitet och s\u00e4kerhet inom rigghantverksindustrin.<\/p>\n<h3>Slutsats om D-schackel<\/h3>\n<p>Qingdao H&amp;F:s schacklar G210 och G2150 D erbjuder k\u00f6parna robusta l\u00f6sningar f\u00f6r deras lyft- och riggningsbehov. Dessa modeller \u00e4r utformade med m\u00e5ngsidighet och styrka och uppfyller kraven fr\u00e5n olika branscher, fr\u00e5n bygg till sj\u00f6fart. K\u00f6pare litar p\u00e5 att v\u00e5ra D-schacklar levererar konsekvent prestanda, med st\u00f6d av v\u00e5rt engagemang f\u00f6r kundfokuserad service, snabb leverans och transparent kvalitetsrapportering. Med Qingdao H&amp;F investerar k\u00f6parna inte bara i h\u00e5llbar, h\u00f6gpresterande h\u00e5rdvara utan ocks\u00e5 i ett partnerskap som bygger p\u00e5 f\u00f6rtroende, expertis och en h\u00e4ngivenhet f\u00f6r kundens framg\u00e5ng. Vi inbjuder k\u00f6pare att uppt\u00e4cka skillnaden som v\u00e5ra produkter och tj\u00e4nster kan g\u00f6ra f\u00f6r att uppn\u00e5 s\u00e4kra och tillf\u00f6rlitliga riggoperationer.<\/p>","protected":false},"excerpt":{"rendered":"<p>V\u00e5ra D-schacklar finns med en rad olika arbetsbelastningsgr\u00e4nser (WLL) fr\u00e5n 0,33 till 150 ton och storlekar fr\u00e5n 1\/4 tum till 3 tum, vilket g\u00f6r dem l\u00e4mpliga f\u00f6r applikationer inom bygg-, sj\u00f6farts- och industrimilj\u00f6er. Vi \u00e4r medvetna om k\u00f6parnas viktigaste fr\u00e5gor och s\u00e4kerst\u00e4ller en smidig k\u00f6pupplevelse med personlig kundservice, en snabb leveranscykel och detaljerade kvalitetsinspektionsrapporter f\u00f6r varje produkt. V\u00e5rt \u00e5tagande \u00e4r att st\u00f6dja ink\u00f6pare med de tillf\u00f6rlitliga och h\u00f6gpresterande produkter de beh\u00f6ver f\u00f6r kr\u00e4vande milj\u00f6er.<\/p>","protected":false},"featured_media":6470,"comment_status":"open","ping_status":"closed","template":"","meta":{"site-sidebar-layout":"default","site-content-layout":"","ast-site-content-layout":"default","site-content-style":"default","site-sidebar-style":"default","ast-global-header-display":"","ast-banner-title-visibility":"","ast-main-header-display":"","ast-hfb-above-header-display":"","ast-hfb-below-header-display":"","ast-hfb-mobile-header-display":"","site-post-title":"","ast-breadcrumbs-content":"","ast-featured-img":"","footer-sml-layout":"","theme-transparent-header-meta":"default","adv-header-id-meta":"","stick-header-meta":"default","header-above-stick-meta":"","header-main-stick-meta":"","header-below-stick-meta":"","astra-migrate-meta-layouts":"set","ast-page-background-enabled":"default","ast-page-background-meta":{"desktop":{"background-color":"","background-image":"","background-repeat":"repeat","background-position":"center center","background-size":"auto","background-attachment":"scroll","background-type":"","background-media":"","overlay-type":"","overlay-color":"","overlay-opacity":"","overlay-gradient":""},"tablet":{"background-color":"","background-image":"","background-repeat":"repeat","background-position":"center center","background-size":"auto","background-attachment":"scroll","background-type":"","background-media":"","overlay-type":"","overlay-color":"","overlay-opacity":"","overlay-gradient":""},"mobile":{"background-color":"","background-image":"","background-repeat":"repeat","background-position":"center center","background-size":"auto","background-attachment":"scroll","background-type":"","background-media":"","overlay-type":"","overlay-color":"","overlay-opacity":"","overlay-gradient":""}},"ast-content-background-meta":{"desktop":{"background-color":"var(--ast-global-color-5)","background-image":"","background-repeat":"repeat","background-position":"center center","background-size":"auto","background-attachment":"scroll","background-type":"","background-media":"","overlay-type":"","overlay-color":"","overlay-opacity":"","overlay-gradient":""},"tablet":{"background-color":"var(--ast-global-color-5)","background-image":"","background-repeat":"repeat","background-position":"center center","background-size":"auto","background-attachment":"scroll","background-type":"","background-media":"","overlay-type":"","overlay-color":"","overlay-opacity":"","overlay-gradient":""},"mobile":{"background-color":"var(--ast-global-color-5)","background-image":"","background-repeat":"repeat","background-position":"center center","background-size":"auto","background-attachment":"scroll","background-type":"","background-media":"","overlay-type":"","overlay-color":"","overlay-opacity":"","overlay-gradient":""}}},"product_brand":[],"product_cat":[51,54],"product_tag":[],"class_list":{"0":"post-6443","1":"product","2":"type-product","3":"status-publish","4":"has-post-thumbnail","6":"product_cat-riggging-hardware","7":"product_cat-shackle","8":"desktop-align-left","9":"tablet-align-left","10":"mobile-align-left","11":"ast-product-gallery-layout-horizontal-slider","12":"ast-product-tabs-layout-horizontal","14":"first","15":"instock","16":"shipping-taxable","17":"purchasable","18":"product-type-simple"},"yoast_head":"<!-- This site is optimized with the Yoast SEO plugin v25.2 - https:\/\/yoast.com\/wordpress\/plugins\/seo\/ -->\n<title>Wholesale D Shackle Chain Shackle for Lifting<\/title>\n<meta name=\"description\" content=\"Dee shackles, are engineered for durability and strength, ensuring dependable performance in diverse environments.\" \/>\n<meta name=\"robots\" content=\"index, follow, max-snippet:-1, max-image-preview:large, max-video-preview:-1\" \/>\n<link rel=\"canonical\" href=\"https:\/\/qingdaohf.com\/sv\/produkt\/grossist-d-schackel-kedja-schackel-for-lyft\/\" \/>\n<meta property=\"og:locale\" content=\"sv_SE\" \/>\n<meta property=\"og:type\" content=\"article\" \/>\n<meta property=\"og:title\" content=\"Wholesale D Shackle Chain Shackle for Lifting\" \/>\n<meta property=\"og:description\" content=\"Dee shackles, are engineered for durability and strength, ensuring dependable performance in diverse environments.\" \/>\n<meta property=\"og:url\" content=\"https:\/\/qingdaohf.com\/sv\/produkt\/grossist-d-schackel-kedja-schackel-for-lyft\/\" \/>\n<meta property=\"og:site_name\" content=\"Concrete Form &amp; Rigging Hardware Supplier\" \/>\n<meta property=\"article:publisher\" content=\"https:\/\/www.facebook.com\/qingdaohf\" \/>\n<meta property=\"article:modified_time\" content=\"2025-11-13T01:03:39+00:00\" \/>\n<meta property=\"og:image\" content=\"https:\/\/qingdaohf.com\/wp-content\/uploads\/2024\/02\/HF-SHACKLE-6.jpg\" \/>\n\t<meta property=\"og:image:width\" content=\"1000\" \/>\n\t<meta property=\"og:image:height\" content=\"1000\" \/>\n\t<meta property=\"og:image:type\" content=\"image\/jpeg\" \/>\n<meta name=\"twitter:card\" content=\"summary_large_image\" \/>\n<meta name=\"twitter:label1\" content=\"Ber\u00e4knad l\u00e4stid\" \/>\n\t<meta name=\"twitter:data1\" content=\"5 minuter\" \/>\n<script type=\"application\/ld+json\" class=\"yoast-schema-graph\">{\"@context\":\"https:\/\/schema.org\",\"@graph\":[{\"@type\":\"WebPage\",\"@id\":\"https:\/\/qingdaohf.com\/product\/wholesale-d-shackle-chain-shackle-for-lifting\/\",\"url\":\"https:\/\/qingdaohf.com\/product\/wholesale-d-shackle-chain-shackle-for-lifting\/\",\"name\":\"Wholesale D Shackle Chain Shackle for Lifting\",\"isPartOf\":{\"@id\":\"https:\/\/qingdaohf.com\/bg\/#website\"},\"primaryImageOfPage\":{\"@id\":\"https:\/\/qingdaohf.com\/product\/wholesale-d-shackle-chain-shackle-for-lifting\/#primaryimage\"},\"image\":{\"@id\":\"https:\/\/qingdaohf.com\/product\/wholesale-d-shackle-chain-shackle-for-lifting\/#primaryimage\"},\"thumbnailUrl\":\"https:\/\/qingdaohf.com\/wp-content\/uploads\/2024\/02\/HF-SHACKLE-6.jpg\",\"datePublished\":\"2024-02-02T06:30:53+00:00\",\"dateModified\":\"2025-11-13T01:03:39+00:00\",\"description\":\"Dee shackles, are engineered for durability and strength, ensuring dependable performance in diverse environments.\",\"breadcrumb\":{\"@id\":\"https:\/\/qingdaohf.com\/product\/wholesale-d-shackle-chain-shackle-for-lifting\/#breadcrumb\"},\"inLanguage\":\"sv-SE\",\"potentialAction\":[{\"@type\":\"ReadAction\",\"target\":[\"https:\/\/qingdaohf.com\/product\/wholesale-d-shackle-chain-shackle-for-lifting\/\"]}]},{\"@type\":\"ImageObject\",\"inLanguage\":\"sv-SE\",\"@id\":\"https:\/\/qingdaohf.com\/product\/wholesale-d-shackle-chain-shackle-for-lifting\/#primaryimage\",\"url\":\"https:\/\/qingdaohf.com\/wp-content\/uploads\/2024\/02\/HF-SHACKLE-6.jpg\",\"contentUrl\":\"https:\/\/qingdaohf.com\/wp-content\/uploads\/2024\/02\/HF-SHACKLE-6.jpg\",\"width\":1000,\"height\":1000,\"caption\":\"D SHACKLE\"},{\"@type\":\"BreadcrumbList\",\"@id\":\"https:\/\/qingdaohf.com\/product\/wholesale-d-shackle-chain-shackle-for-lifting\/#breadcrumb\",\"itemListElement\":[{\"@type\":\"ListItem\",\"position\":1,\"name\":\"Home\",\"item\":\"https:\/\/qingdaohf.com\/\"},{\"@type\":\"ListItem\",\"position\":2,\"name\":\"Concrete Forming Accessories and Rigging Hardware\",\"item\":\"https:\/\/qingdaohf.com\/bg\/?page_id=944\"},{\"@type\":\"ListItem\",\"position\":3,\"name\":\"Wholesale D Shackle Chain Shackle for Lifting\"}]},{\"@type\":\"WebSite\",\"@id\":\"https:\/\/qingdaohf.com\/bg\/#website\",\"url\":\"https:\/\/qingdaohf.com\/bg\/\",\"name\":\"Concrete Form & Rigging Hardware Supplier\",\"description\":\"\",\"publisher\":{\"@id\":\"https:\/\/qingdaohf.com\/bg\/#organization\"},\"potentialAction\":[{\"@type\":\"SearchAction\",\"target\":{\"@type\":\"EntryPoint\",\"urlTemplate\":\"https:\/\/qingdaohf.com\/bg\/?s={search_term_string}\"},\"query-input\":{\"@type\":\"PropertyValueSpecification\",\"valueRequired\":true,\"valueName\":\"search_term_string\"}}],\"inLanguage\":\"sv-SE\"},{\"@type\":\"Organization\",\"@id\":\"https:\/\/qingdaohf.com\/bg\/#organization\",\"name\":\"Qingdao H&F\",\"url\":\"https:\/\/qingdaohf.com\/bg\/\",\"logo\":{\"@type\":\"ImageObject\",\"inLanguage\":\"sv-SE\",\"@id\":\"https:\/\/qingdaohf.com\/bg\/#\/schema\/logo\/image\/\",\"url\":\"https:\/\/qingdaohf.com\/wp-content\/uploads\/2022\/12\/cropped-HF-LOGO.png\",\"contentUrl\":\"https:\/\/qingdaohf.com\/wp-content\/uploads\/2022\/12\/cropped-HF-LOGO.png\",\"width\":391,\"height\":249,\"caption\":\"Qingdao H&F\"},\"image\":{\"@id\":\"https:\/\/qingdaohf.com\/bg\/#\/schema\/logo\/image\/\"},\"sameAs\":[\"https:\/\/www.facebook.com\/qingdaohf\"]}]}<\/script>\n<!-- \/ Yoast SEO plugin. -->","yoast_head_json":{"title":"Wholesale D Shackle Chain Shackle for Lifting","description":"Dee shackles, are engineered for durability and strength, ensuring dependable performance in diverse environments.","robots":{"index":"index","follow":"follow","max-snippet":"max-snippet:-1","max-image-preview":"max-image-preview:large","max-video-preview":"max-video-preview:-1"},"canonical":"https:\/\/qingdaohf.com\/sv\/produkt\/grossist-d-schackel-kedja-schackel-for-lyft\/","og_locale":"sv_SE","og_type":"article","og_title":"Wholesale D Shackle Chain Shackle for Lifting","og_description":"Dee shackles, are engineered for durability and strength, ensuring dependable performance in diverse environments.","og_url":"https:\/\/qingdaohf.com\/sv\/produkt\/grossist-d-schackel-kedja-schackel-for-lyft\/","og_site_name":"Concrete Form &amp; Rigging Hardware Supplier","article_publisher":"https:\/\/www.facebook.com\/qingdaohf","article_modified_time":"2025-11-13T01:03:39+00:00","og_image":[{"width":1000,"height":1000,"url":"https:\/\/qingdaohf.com\/wp-content\/uploads\/2024\/02\/HF-SHACKLE-6.jpg","type":"image\/jpeg"}],"twitter_card":"summary_large_image","twitter_misc":{"Ber\u00e4knad l\u00e4stid":"5 minuter"},"schema":{"@context":"https:\/\/schema.org","@graph":[{"@type":"WebPage","@id":"https:\/\/qingdaohf.com\/product\/wholesale-d-shackle-chain-shackle-for-lifting\/","url":"https:\/\/qingdaohf.com\/product\/wholesale-d-shackle-chain-shackle-for-lifting\/","name":"Wholesale D Shackle Chain Shackle for Lifting","isPartOf":{"@id":"https:\/\/qingdaohf.com\/bg\/#website"},"primaryImageOfPage":{"@id":"https:\/\/qingdaohf.com\/product\/wholesale-d-shackle-chain-shackle-for-lifting\/#primaryimage"},"image":{"@id":"https:\/\/qingdaohf.com\/product\/wholesale-d-shackle-chain-shackle-for-lifting\/#primaryimage"},"thumbnailUrl":"https:\/\/qingdaohf.com\/wp-content\/uploads\/2024\/02\/HF-SHACKLE-6.jpg","datePublished":"2024-02-02T06:30:53+00:00","dateModified":"2025-11-13T01:03:39+00:00","description":"Dee shackles, are engineered for durability and strength, ensuring dependable performance in diverse environments.","breadcrumb":{"@id":"https:\/\/qingdaohf.com\/product\/wholesale-d-shackle-chain-shackle-for-lifting\/#breadcrumb"},"inLanguage":"sv-SE","potentialAction":[{"@type":"ReadAction","target":["https:\/\/qingdaohf.com\/product\/wholesale-d-shackle-chain-shackle-for-lifting\/"]}]},{"@type":"ImageObject","inLanguage":"sv-SE","@id":"https:\/\/qingdaohf.com\/product\/wholesale-d-shackle-chain-shackle-for-lifting\/#primaryimage","url":"https:\/\/qingdaohf.com\/wp-content\/uploads\/2024\/02\/HF-SHACKLE-6.jpg","contentUrl":"https:\/\/qingdaohf.com\/wp-content\/uploads\/2024\/02\/HF-SHACKLE-6.jpg","width":1000,"height":1000,"caption":"D SHACKLE"},{"@type":"BreadcrumbList","@id":"https:\/\/qingdaohf.com\/product\/wholesale-d-shackle-chain-shackle-for-lifting\/#breadcrumb","itemListElement":[{"@type":"ListItem","position":1,"name":"Home","item":"https:\/\/qingdaohf.com\/"},{"@type":"ListItem","position":2,"name":"Concrete Forming Accessories and Rigging Hardware","item":"https:\/\/qingdaohf.com\/bg\/?page_id=944"},{"@type":"ListItem","position":3,"name":"Wholesale D Shackle Chain Shackle for Lifting"}]},{"@type":"WebSite","@id":"https:\/\/qingdaohf.com\/bg\/#website","url":"https:\/\/qingdaohf.com\/bg\/","name":"Concrete Form & Rigging Hardware Supplier","description":"","publisher":{"@id":"https:\/\/qingdaohf.com\/bg\/#organization"},"potentialAction":[{"@type":"SearchAction","target":{"@type":"EntryPoint","urlTemplate":"https:\/\/qingdaohf.com\/bg\/?s={search_term_string}"},"query-input":{"@type":"PropertyValueSpecification","valueRequired":true,"valueName":"search_term_string"}}],"inLanguage":"sv-SE"},{"@type":"Organization","@id":"https:\/\/qingdaohf.com\/bg\/#organization","name":"Qingdao H&F","url":"https:\/\/qingdaohf.com\/bg\/","logo":{"@type":"ImageObject","inLanguage":"sv-SE","@id":"https:\/\/qingdaohf.com\/bg\/#\/schema\/logo\/image\/","url":"https:\/\/qingdaohf.com\/wp-content\/uploads\/2022\/12\/cropped-HF-LOGO.png","contentUrl":"https:\/\/qingdaohf.com\/wp-content\/uploads\/2022\/12\/cropped-HF-LOGO.png","width":391,"height":249,"caption":"Qingdao H&F"},"image":{"@id":"https:\/\/qingdaohf.com\/bg\/#\/schema\/logo\/image\/"},"sameAs":["https:\/\/www.facebook.com\/qingdaohf"]}]}},"_links":{"self":[{"href":"https:\/\/qingdaohf.com\/sv\/wp-json\/wp\/v2\/product\/6443","targetHints":{"allow":["GET"]}}],"collection":[{"href":"https:\/\/qingdaohf.com\/sv\/wp-json\/wp\/v2\/product"}],"about":[{"href":"https:\/\/qingdaohf.com\/sv\/wp-json\/wp\/v2\/types\/product"}],"replies":[{"embeddable":true,"href":"https:\/\/qingdaohf.com\/sv\/wp-json\/wp\/v2\/comments?post=6443"}],"version-history":[{"count":10,"href":"https:\/\/qingdaohf.com\/sv\/wp-json\/wp\/v2\/product\/6443\/revisions"}],"predecessor-version":[{"id":8212,"href":"https:\/\/qingdaohf.com\/sv\/wp-json\/wp\/v2\/product\/6443\/revisions\/8212"}],"wp:featuredmedia":[{"embeddable":true,"href":"https:\/\/qingdaohf.com\/sv\/wp-json\/wp\/v2\/media\/6470"}],"wp:attachment":[{"href":"https:\/\/qingdaohf.com\/sv\/wp-json\/wp\/v2\/media?parent=6443"}],"wp:term":[{"taxonomy":"product_brand","embeddable":true,"href":"https:\/\/qingdaohf.com\/sv\/wp-json\/wp\/v2\/product_brand?post=6443"},{"taxonomy":"product_cat","embeddable":true,"href":"https:\/\/qingdaohf.com\/sv\/wp-json\/wp\/v2\/product_cat?post=6443"},{"taxonomy":"product_tag","embeddable":true,"href":"https:\/\/qingdaohf.com\/sv\/wp-json\/wp\/v2\/product_tag?post=6443"}],"curies":[{"name":"wp","href":"https:\/\/api.w.org\/{rel}","templated":true}]}}