{"id":6447,"date":"2024-02-01T17:45:13","date_gmt":"2024-02-01T09:45:13","guid":{"rendered":"http:\/\/qingdaohf.com\/?post_type=product&#038;p=6447"},"modified":"2025-11-13T09:03:39","modified_gmt":"2025-11-13T01:03:39","slug":"bow-shackle-anchor-shackle-for-lifting","status":"publish","type":"product","link":"https:\/\/qingdaohf.com\/sv\/produkt\/bogschackel-ankarschackel-for-lyft\/","title":{"rendered":"Kraftigt bogschackel | Ankarschackel f\u00f6r lyft"},"content":{"rendered":"<p>V\u00e4lkommen till H&amp;F, din fr\u00e4msta destination f\u00f6r h\u00f6gkvalitativa galvaniserade bog- och ankarschacklar som \u00e4r utformade f\u00f6r att uppfylla alla dina krav p\u00e5 lyft, bogsering och riggning. Som en ledande schackelleverant\u00f6r som specialiserar sig p\u00e5 grossistdistribution \u00e4r vi stolta \u00f6ver att erbjuda ett omfattande utbud av b\u00e5g- och ankarschacklar tillverkade av premiummaterial f\u00f6r att s\u00e4kerst\u00e4lla \u00f6verl\u00e4gsen prestanda och h\u00e5llbarhet i alla applikationer.<\/p>\n<ol>\n<li>Galvaniserat material av h\u00f6gsta kvalitet: V\u00e5ra bog- och ankarschacklar \u00e4r noggrant tillverkade av h\u00f6gkvalitativt galvaniserat st\u00e5l, vilket garanterar exceptionell korrosionsbest\u00e4ndighet och l\u00e5ngvarig h\u00e5llbarhet, \u00e4ven i de mest kr\u00e4vande milj\u00f6erna.<\/li>\n<li>M\u00e5ngsidiga till\u00e4mpningar: Oavsett om du ska lyfta tunga laster, bogsera utrustning eller rigga olika komponenter \u00e4r v\u00e5ra bog- och ankarschacklar konstruerade f\u00f6r att ge tillf\u00f6rlitlig prestanda i ett brett spektrum av applikationer.<\/li>\n<li>Brett utbud av modeller: V\u00e4lj bland v\u00e5rt omfattande urval av bog- och ankarschacklar, inklusive popul\u00e4ra modeller som G209, G213, G2140, G2160 och G2169. Alla \u00e4r utformade f\u00f6r att uppfylla specifika branschstandarder och krav.<\/li>\n<li>Priss\u00e4ttning i grossistledet: Som grossistleverant\u00f6r av schacklar erbjuder vi konkurrenskraftiga priser p\u00e5 bulkbest\u00e4llningar, s\u00e5 att du kan maximera kostnadsbesparingarna samtidigt som du s\u00e4kerst\u00e4ller produkter av h\u00f6gsta kvalitet f\u00f6r dina aff\u00e4rsbehov.<\/li>\n<\/ol>\n<p>L\u00f6sningar p\u00e5 vanliga k\u00f6parfr\u00e5gor:<\/p>\n<ol>\n<li>Kvalitetss\u00e4kring: Vi f\u00f6rst\u00e5r att k\u00f6pare som k\u00f6per schacklar i stora m\u00e4ngder \u00e4r bekymrade \u00f6ver produktkvaliteten. Var s\u00e4ker p\u00e5 att v\u00e5ra b\u00e5g- och ankarschacklar genomg\u00e5r str\u00e4nga kvalitetskontroll\u00e5tg\u00e4rder i varje produktionssteg f\u00f6r att s\u00e4kerst\u00e4lla att de uppfyller eller \u00f6vertr\u00e4ffar industristandarder f\u00f6r tillf\u00f6rlitlighet och prestanda.<\/li>\n<li>Kompatibilitet och montering: Med ett brett utbud av tillg\u00e4ngliga modeller tillhandah\u00e5ller vi detaljerade specifikationer och kompatibilitetsinformation f\u00f6r varje bog- och ankarschackel, vilket g\u00f6r det enkelt f\u00f6r k\u00f6pare att v\u00e4lja r\u00e4tt produkt f\u00f6r sin specifika applikation.<\/li>\n<li>Bulkpriss\u00e4ttning och rabatter: Vi erbjuder konkurrenskraftiga grossistpriser och attraktiva rabatter p\u00e5 bulkbest\u00e4llningar, vilket g\u00f6r det m\u00f6jligt f\u00f6r k\u00f6pare att optimera sina upphandlingskostnader utan att kompromissa med kvaliteten.<\/li>\n<li>Leverans i r\u00e4tt tid: V\u00e5r effektiva hantering av leveranskedjan s\u00e4kerst\u00e4ller leverans av bulkorder i r\u00e4tt tid, vilket minimerar stillest\u00e5ndstiden och s\u00e4kerst\u00e4ller oavbruten drift f\u00f6r v\u00e5ra kunder.<\/li>\n<li>Dedikerad kundsupport: V\u00e5rt team av erfarna medarbetare \u00e4r dedikerade till att tillhandah\u00e5lla enast\u00e5ende kundsupport, hj\u00e4lpa k\u00f6pare med produktval, anpassningsalternativ och hantera eventuella fr\u00e5gor eller problem snabbt och effektivt.<\/li>\n<\/ol>\n<p>Vanliga arbetsbelastningsgr\u00e4nser (WLL) och storlekar p\u00e5 bogschacklar:<\/p>\n<p><strong>WLLs<\/strong>: 0,33 ton, 0,5 ton, 0,75 ton, 1 ton, 1,5 ton, 2 ton, 3,25 ton, 4,75 ton, 6,5 ton, 8,5 ton, 9,5 ton, 12 ton, 13,5 ton, 17 ton, 25 ton, 35 ton, 55 ton, 85 ton, 120 ton, 150 ton<\/p>\n<p><strong>Storlekar<\/strong>: 1\/4 tum, 3\/8 tum, 1\/2 tum, 5\/8 tum, 3\/4 tum, 7\/8 tum, 1 tum, 1-1\/4 tum, 1-1\/2 tum, 1-3\/4 tum, 2 tum, 2-1\/2 tum, 3 tum<\/p>\n<p><img fetchpriority=\"high\" decoding=\"async\" class=\"alignnone size-full wp-image-6475\" src=\"http:\/\/qingdaohf.com\/wp-content\/uploads\/2024\/02\/shackle-collection-4.jpg\" alt=\"kraftiga schacklar\" width=\"1000\" height=\"559\" srcset=\"https:\/\/qingdaohf.com\/wp-content\/uploads\/2024\/02\/shackle-collection-4.jpg 1000w, https:\/\/qingdaohf.com\/wp-content\/uploads\/2024\/02\/shackle-collection-4-300x168.jpg 300w, https:\/\/qingdaohf.com\/wp-content\/uploads\/2024\/02\/shackle-collection-4-768x429.jpg 768w\" sizes=\"(max-width: 1000px) 100vw, 1000px\" \/><\/p>","protected":false},"excerpt":{"rendered":"<p>V\u00e5ra bogankarschacklar har en robust, rundad design som s\u00e4kerst\u00e4ller optimal lastf\u00f6rdelning och minskad p\u00e5frestning, vilket g\u00f6r dem idealiska f\u00f6r olika till\u00e4mpningar i olika branscher. Dessa schacklar \u00e4r konstruerade med h\u00f6gkvalitativa material och precisionstillverkning och ger exceptionell h\u00e5llbarhet och prestanda \u00e4ven i de mest kr\u00e4vande milj\u00f6er. Lita p\u00e5 v\u00e5ra bogankarschacklar f\u00f6r att f\u00f6rb\u00e4ttra effektiviteten, s\u00e4kerheten och produktiviteten i din verksamhet.<\/p>","protected":false},"featured_media":6465,"comment_status":"open","ping_status":"closed","template":"","meta":{"site-sidebar-layout":"default","site-content-layout":"","ast-site-content-layout":"default","site-content-style":"default","site-sidebar-style":"default","ast-global-header-display":"","ast-banner-title-visibility":"","ast-main-header-display":"","ast-hfb-above-header-display":"","ast-hfb-below-header-display":"","ast-hfb-mobile-header-display":"","site-post-title":"","ast-breadcrumbs-content":"","ast-featured-img":"","footer-sml-layout":"","theme-transparent-header-meta":"default","adv-header-id-meta":"","stick-header-meta":"default","header-above-stick-meta":"","header-main-stick-meta":"","header-below-stick-meta":"","astra-migrate-meta-layouts":"set","ast-page-background-enabled":"default","ast-page-background-meta":{"desktop":{"background-color":"","background-image":"","background-repeat":"repeat","background-position":"center center","background-size":"auto","background-attachment":"scroll","background-type":"","background-media":"","overlay-type":"","overlay-color":"","overlay-opacity":"","overlay-gradient":""},"tablet":{"background-color":"","background-image":"","background-repeat":"repeat","background-position":"center center","background-size":"auto","background-attachment":"scroll","background-type":"","background-media":"","overlay-type":"","overlay-color":"","overlay-opacity":"","overlay-gradient":""},"mobile":{"background-color":"","background-image":"","background-repeat":"repeat","background-position":"center center","background-size":"auto","background-attachment":"scroll","background-type":"","background-media":"","overlay-type":"","overlay-color":"","overlay-opacity":"","overlay-gradient":""}},"ast-content-background-meta":{"desktop":{"background-color":"var(--ast-global-color-5)","background-image":"","background-repeat":"repeat","background-position":"center center","background-size":"auto","background-attachment":"scroll","background-type":"","background-media":"","overlay-type":"","overlay-color":"","overlay-opacity":"","overlay-gradient":""},"tablet":{"background-color":"var(--ast-global-color-5)","background-image":"","background-repeat":"repeat","background-position":"center center","background-size":"auto","background-attachment":"scroll","background-type":"","background-media":"","overlay-type":"","overlay-color":"","overlay-opacity":"","overlay-gradient":""},"mobile":{"background-color":"var(--ast-global-color-5)","background-image":"","background-repeat":"repeat","background-position":"center center","background-size":"auto","background-attachment":"scroll","background-type":"","background-media":"","overlay-type":"","overlay-color":"","overlay-opacity":"","overlay-gradient":""}}},"product_brand":[],"product_cat":[51,54],"product_tag":[],"class_list":{"0":"post-6447","1":"product","2":"type-product","3":"status-publish","4":"has-post-thumbnail","6":"product_cat-riggging-hardware","7":"product_cat-shackle","8":"desktop-align-left","9":"tablet-align-left","10":"mobile-align-left","11":"ast-product-gallery-layout-horizontal-slider","12":"ast-product-tabs-layout-horizontal","14":"first","15":"instock","16":"shipping-taxable","17":"purchasable","18":"product-type-simple"},"yoast_head":"<!-- This site is optimized with the Yoast SEO plugin v25.2 - https:\/\/yoast.com\/wordpress\/plugins\/seo\/ -->\n<title>Heavy Duty Bow Shackle | Anchor Shackle for Lifting<\/title>\n<meta name=\"description\" content=\"Bow shackles feature a robust, rounded design that ensures optimal load distribution and reduced stress, making them ideal for various applications across industries.\" \/>\n<meta name=\"robots\" content=\"index, follow, max-snippet:-1, max-image-preview:large, max-video-preview:-1\" \/>\n<link rel=\"canonical\" href=\"https:\/\/qingdaohf.com\/sv\/produkt\/bogschackel-ankarschackel-for-lyft\/\" \/>\n<meta property=\"og:locale\" content=\"sv_SE\" \/>\n<meta property=\"og:type\" content=\"article\" \/>\n<meta property=\"og:title\" content=\"Heavy Duty Bow Shackle | Anchor Shackle for Lifting\" \/>\n<meta property=\"og:description\" content=\"Bow shackles feature a robust, rounded design that ensures optimal load distribution and reduced stress, making them ideal for various applications across industries.\" \/>\n<meta property=\"og:url\" content=\"https:\/\/qingdaohf.com\/sv\/produkt\/bogschackel-ankarschackel-for-lyft\/\" \/>\n<meta property=\"og:site_name\" content=\"Concrete Form &amp; Rigging Hardware Supplier\" \/>\n<meta property=\"article:publisher\" content=\"https:\/\/www.facebook.com\/qingdaohf\" \/>\n<meta property=\"article:modified_time\" content=\"2025-11-13T01:03:39+00:00\" \/>\n<meta property=\"og:image\" content=\"https:\/\/qingdaohf.com\/wp-content\/uploads\/2024\/02\/HF-SHACKLE-1.jpg\" \/>\n\t<meta property=\"og:image:width\" content=\"1000\" \/>\n\t<meta property=\"og:image:height\" content=\"1000\" \/>\n\t<meta property=\"og:image:type\" content=\"image\/jpeg\" \/>\n<meta name=\"twitter:card\" content=\"summary_large_image\" \/>\n<meta name=\"twitter:label1\" content=\"Ber\u00e4knad l\u00e4stid\" \/>\n\t<meta name=\"twitter:data1\" content=\"3 minuter\" \/>\n<script type=\"application\/ld+json\" class=\"yoast-schema-graph\">{\"@context\":\"https:\/\/schema.org\",\"@graph\":[{\"@type\":\"WebPage\",\"@id\":\"https:\/\/qingdaohf.com\/product\/bow-shackle-anchor-shackle-for-lifting\/\",\"url\":\"https:\/\/qingdaohf.com\/product\/bow-shackle-anchor-shackle-for-lifting\/\",\"name\":\"Heavy Duty Bow Shackle | Anchor Shackle for Lifting\",\"isPartOf\":{\"@id\":\"https:\/\/qingdaohf.com\/bg\/#website\"},\"primaryImageOfPage\":{\"@id\":\"https:\/\/qingdaohf.com\/product\/bow-shackle-anchor-shackle-for-lifting\/#primaryimage\"},\"image\":{\"@id\":\"https:\/\/qingdaohf.com\/product\/bow-shackle-anchor-shackle-for-lifting\/#primaryimage\"},\"thumbnailUrl\":\"https:\/\/qingdaohf.com\/wp-content\/uploads\/2024\/02\/HF-SHACKLE-1.jpg\",\"datePublished\":\"2024-02-01T09:45:13+00:00\",\"dateModified\":\"2025-11-13T01:03:39+00:00\",\"description\":\"Bow shackles feature a robust, rounded design that ensures optimal load distribution and reduced stress, making them ideal for various applications across industries.\",\"breadcrumb\":{\"@id\":\"https:\/\/qingdaohf.com\/product\/bow-shackle-anchor-shackle-for-lifting\/#breadcrumb\"},\"inLanguage\":\"sv-SE\",\"potentialAction\":[{\"@type\":\"ReadAction\",\"target\":[\"https:\/\/qingdaohf.com\/product\/bow-shackle-anchor-shackle-for-lifting\/\"]}]},{\"@type\":\"ImageObject\",\"inLanguage\":\"sv-SE\",\"@id\":\"https:\/\/qingdaohf.com\/product\/bow-shackle-anchor-shackle-for-lifting\/#primaryimage\",\"url\":\"https:\/\/qingdaohf.com\/wp-content\/uploads\/2024\/02\/HF-SHACKLE-1.jpg\",\"contentUrl\":\"https:\/\/qingdaohf.com\/wp-content\/uploads\/2024\/02\/HF-SHACKLE-1.jpg\",\"width\":1000,\"height\":1000,\"caption\":\"Anchor SHACKLE\"},{\"@type\":\"BreadcrumbList\",\"@id\":\"https:\/\/qingdaohf.com\/product\/bow-shackle-anchor-shackle-for-lifting\/#breadcrumb\",\"itemListElement\":[{\"@type\":\"ListItem\",\"position\":1,\"name\":\"Home\",\"item\":\"https:\/\/qingdaohf.com\/\"},{\"@type\":\"ListItem\",\"position\":2,\"name\":\"Concrete Forming Accessories and Rigging Hardware\",\"item\":\"https:\/\/qingdaohf.com\/bg\/?page_id=944\"},{\"@type\":\"ListItem\",\"position\":3,\"name\":\"Heavy Duty Bow Shackle | Anchor Shackle for Lifting\"}]},{\"@type\":\"WebSite\",\"@id\":\"https:\/\/qingdaohf.com\/bg\/#website\",\"url\":\"https:\/\/qingdaohf.com\/bg\/\",\"name\":\"Concrete Form & Rigging Hardware Supplier\",\"description\":\"\",\"publisher\":{\"@id\":\"https:\/\/qingdaohf.com\/bg\/#organization\"},\"potentialAction\":[{\"@type\":\"SearchAction\",\"target\":{\"@type\":\"EntryPoint\",\"urlTemplate\":\"https:\/\/qingdaohf.com\/bg\/?s={search_term_string}\"},\"query-input\":{\"@type\":\"PropertyValueSpecification\",\"valueRequired\":true,\"valueName\":\"search_term_string\"}}],\"inLanguage\":\"sv-SE\"},{\"@type\":\"Organization\",\"@id\":\"https:\/\/qingdaohf.com\/bg\/#organization\",\"name\":\"Qingdao H&F\",\"url\":\"https:\/\/qingdaohf.com\/bg\/\",\"logo\":{\"@type\":\"ImageObject\",\"inLanguage\":\"sv-SE\",\"@id\":\"https:\/\/qingdaohf.com\/bg\/#\/schema\/logo\/image\/\",\"url\":\"https:\/\/qingdaohf.com\/wp-content\/uploads\/2022\/12\/cropped-HF-LOGO.png\",\"contentUrl\":\"https:\/\/qingdaohf.com\/wp-content\/uploads\/2022\/12\/cropped-HF-LOGO.png\",\"width\":391,\"height\":249,\"caption\":\"Qingdao H&F\"},\"image\":{\"@id\":\"https:\/\/qingdaohf.com\/bg\/#\/schema\/logo\/image\/\"},\"sameAs\":[\"https:\/\/www.facebook.com\/qingdaohf\"]}]}<\/script>\n<!-- \/ Yoast SEO plugin. -->","yoast_head_json":{"title":"Heavy Duty Bow Shackle | Anchor Shackle for Lifting","description":"Bow shackles feature a robust, rounded design that ensures optimal load distribution and reduced stress, making them ideal for various applications across industries.","robots":{"index":"index","follow":"follow","max-snippet":"max-snippet:-1","max-image-preview":"max-image-preview:large","max-video-preview":"max-video-preview:-1"},"canonical":"https:\/\/qingdaohf.com\/sv\/produkt\/bogschackel-ankarschackel-for-lyft\/","og_locale":"sv_SE","og_type":"article","og_title":"Heavy Duty Bow Shackle | Anchor Shackle for Lifting","og_description":"Bow shackles feature a robust, rounded design that ensures optimal load distribution and reduced stress, making them ideal for various applications across industries.","og_url":"https:\/\/qingdaohf.com\/sv\/produkt\/bogschackel-ankarschackel-for-lyft\/","og_site_name":"Concrete Form &amp; Rigging Hardware Supplier","article_publisher":"https:\/\/www.facebook.com\/qingdaohf","article_modified_time":"2025-11-13T01:03:39+00:00","og_image":[{"width":1000,"height":1000,"url":"https:\/\/qingdaohf.com\/wp-content\/uploads\/2024\/02\/HF-SHACKLE-1.jpg","type":"image\/jpeg"}],"twitter_card":"summary_large_image","twitter_misc":{"Ber\u00e4knad l\u00e4stid":"3 minuter"},"schema":{"@context":"https:\/\/schema.org","@graph":[{"@type":"WebPage","@id":"https:\/\/qingdaohf.com\/product\/bow-shackle-anchor-shackle-for-lifting\/","url":"https:\/\/qingdaohf.com\/product\/bow-shackle-anchor-shackle-for-lifting\/","name":"Heavy Duty Bow Shackle | Anchor Shackle for Lifting","isPartOf":{"@id":"https:\/\/qingdaohf.com\/bg\/#website"},"primaryImageOfPage":{"@id":"https:\/\/qingdaohf.com\/product\/bow-shackle-anchor-shackle-for-lifting\/#primaryimage"},"image":{"@id":"https:\/\/qingdaohf.com\/product\/bow-shackle-anchor-shackle-for-lifting\/#primaryimage"},"thumbnailUrl":"https:\/\/qingdaohf.com\/wp-content\/uploads\/2024\/02\/HF-SHACKLE-1.jpg","datePublished":"2024-02-01T09:45:13+00:00","dateModified":"2025-11-13T01:03:39+00:00","description":"Bow shackles feature a robust, rounded design that ensures optimal load distribution and reduced stress, making them ideal for various applications across industries.","breadcrumb":{"@id":"https:\/\/qingdaohf.com\/product\/bow-shackle-anchor-shackle-for-lifting\/#breadcrumb"},"inLanguage":"sv-SE","potentialAction":[{"@type":"ReadAction","target":["https:\/\/qingdaohf.com\/product\/bow-shackle-anchor-shackle-for-lifting\/"]}]},{"@type":"ImageObject","inLanguage":"sv-SE","@id":"https:\/\/qingdaohf.com\/product\/bow-shackle-anchor-shackle-for-lifting\/#primaryimage","url":"https:\/\/qingdaohf.com\/wp-content\/uploads\/2024\/02\/HF-SHACKLE-1.jpg","contentUrl":"https:\/\/qingdaohf.com\/wp-content\/uploads\/2024\/02\/HF-SHACKLE-1.jpg","width":1000,"height":1000,"caption":"Anchor SHACKLE"},{"@type":"BreadcrumbList","@id":"https:\/\/qingdaohf.com\/product\/bow-shackle-anchor-shackle-for-lifting\/#breadcrumb","itemListElement":[{"@type":"ListItem","position":1,"name":"Home","item":"https:\/\/qingdaohf.com\/"},{"@type":"ListItem","position":2,"name":"Concrete Forming Accessories and Rigging Hardware","item":"https:\/\/qingdaohf.com\/bg\/?page_id=944"},{"@type":"ListItem","position":3,"name":"Heavy Duty Bow Shackle | Anchor Shackle for Lifting"}]},{"@type":"WebSite","@id":"https:\/\/qingdaohf.com\/bg\/#website","url":"https:\/\/qingdaohf.com\/bg\/","name":"Concrete Form & Rigging Hardware Supplier","description":"","publisher":{"@id":"https:\/\/qingdaohf.com\/bg\/#organization"},"potentialAction":[{"@type":"SearchAction","target":{"@type":"EntryPoint","urlTemplate":"https:\/\/qingdaohf.com\/bg\/?s={search_term_string}"},"query-input":{"@type":"PropertyValueSpecification","valueRequired":true,"valueName":"search_term_string"}}],"inLanguage":"sv-SE"},{"@type":"Organization","@id":"https:\/\/qingdaohf.com\/bg\/#organization","name":"Qingdao H&F","url":"https:\/\/qingdaohf.com\/bg\/","logo":{"@type":"ImageObject","inLanguage":"sv-SE","@id":"https:\/\/qingdaohf.com\/bg\/#\/schema\/logo\/image\/","url":"https:\/\/qingdaohf.com\/wp-content\/uploads\/2022\/12\/cropped-HF-LOGO.png","contentUrl":"https:\/\/qingdaohf.com\/wp-content\/uploads\/2022\/12\/cropped-HF-LOGO.png","width":391,"height":249,"caption":"Qingdao H&F"},"image":{"@id":"https:\/\/qingdaohf.com\/bg\/#\/schema\/logo\/image\/"},"sameAs":["https:\/\/www.facebook.com\/qingdaohf"]}]}},"_links":{"self":[{"href":"https:\/\/qingdaohf.com\/sv\/wp-json\/wp\/v2\/product\/6447","targetHints":{"allow":["GET"]}}],"collection":[{"href":"https:\/\/qingdaohf.com\/sv\/wp-json\/wp\/v2\/product"}],"about":[{"href":"https:\/\/qingdaohf.com\/sv\/wp-json\/wp\/v2\/types\/product"}],"replies":[{"embeddable":true,"href":"https:\/\/qingdaohf.com\/sv\/wp-json\/wp\/v2\/comments?post=6447"}],"version-history":[{"count":6,"href":"https:\/\/qingdaohf.com\/sv\/wp-json\/wp\/v2\/product\/6447\/revisions"}],"predecessor-version":[{"id":6486,"href":"https:\/\/qingdaohf.com\/sv\/wp-json\/wp\/v2\/product\/6447\/revisions\/6486"}],"wp:featuredmedia":[{"embeddable":true,"href":"https:\/\/qingdaohf.com\/sv\/wp-json\/wp\/v2\/media\/6465"}],"wp:attachment":[{"href":"https:\/\/qingdaohf.com\/sv\/wp-json\/wp\/v2\/media?parent=6447"}],"wp:term":[{"taxonomy":"product_brand","embeddable":true,"href":"https:\/\/qingdaohf.com\/sv\/wp-json\/wp\/v2\/product_brand?post=6447"},{"taxonomy":"product_cat","embeddable":true,"href":"https:\/\/qingdaohf.com\/sv\/wp-json\/wp\/v2\/product_cat?post=6447"},{"taxonomy":"product_tag","embeddable":true,"href":"https:\/\/qingdaohf.com\/sv\/wp-json\/wp\/v2\/product_tag?post=6447"}],"curies":[{"name":"wp","href":"https:\/\/api.w.org\/{rel}","templated":true}]}}