{"id":6496,"date":"2024-02-02T16:55:13","date_gmt":"2024-02-02T08:55:13","guid":{"rendered":"http:\/\/qingdaohf.com\/?post_type=product&#038;p=6496"},"modified":"2025-11-13T09:03:38","modified_gmt":"2025-11-13T01:03:38","slug":"round-pin-shackle","status":"publish","type":"product","link":"https:\/\/qingdaohf.com\/sv\/produkt\/schackel-med-rund-stift\/","title":{"rendered":"Sj\u00e4kel med rund stift"},"content":{"rendered":"<p>V\u00e4lkommen till v\u00e5r grossistleverant\u00f6r av schacklar, din ultimata destination f\u00f6r h\u00f6gkvalitativa schacklar med runda stift tillverkade av galvaniserat och rostfritt st\u00e5l av h\u00f6gsta kvalitet. Som branschledare \u00e4r vi specialiserade p\u00e5 att tillhandah\u00e5lla h\u00e5llbara schacklar utformade f\u00f6r lyft-, bogserings- och riggtill\u00e4mpningar.<\/p>\n<p>V\u00e5ra schacklar med runda stift \u00e4r omsorgsfullt tillverkade f\u00f6r att uppfylla str\u00e4nga kvalitetsstandarder, vilket garanterar tillf\u00f6rlitlighet och s\u00e4kerhet vid varje anv\u00e4ndning. Oavsett om du arbetar inom bygg-, marin- eller industrimilj\u00f6er erbjuder v\u00e5ra schacklar den styrka och h\u00e5llbarhet som kr\u00e4vs f\u00f6r kr\u00e4vande uppgifter.<\/p>\n<p>Ett vanligt problem som k\u00f6pare st\u00e4lls inf\u00f6r \u00e4r att s\u00e4kerst\u00e4lla att schackelns material och konstruktion uppfyller deras specifika behov. Med v\u00e5ra alternativ i galvaniserat och rostfritt st\u00e5l kan du lita p\u00e5 att v\u00e5ra schacklar \u00e4r korrosionsbest\u00e4ndiga och byggda f\u00f6r att klara tuffa milj\u00f6er, vilket ger l\u00e5ngvarig prestanda.<\/p>\n<p>Dessutom \u00e4r det avg\u00f6rande f\u00f6r s\u00e4ker drift att best\u00e4mma l\u00e4mplig storlek och arbetsbelastningsgr\u00e4ns (WLL). V\u00e5rt expertteam hj\u00e4lper dig att v\u00e4lja r\u00e4tt storlek p\u00e5 schackel och WLL f\u00f6r att matcha dina lyft- och riggkrav, vilket s\u00e4kerst\u00e4ller optimal prestanda och s\u00e4kerhet p\u00e5 jobbet.<\/p>\n<p>De vanligaste arbetsbelastningsgr\u00e4nserna (WLL) och storlekarna p\u00e5 schacklar med runda stift:<\/p>\n<p><strong>WLLs<\/strong>: 0,33 ton, 0,5 ton, 0,75 ton, 1 ton, 1,5 ton, 2 ton, 3,25 ton, 4,75 ton, 6,5 ton, 8,5 ton, 9,5 ton, 12 ton, 13,5 ton, 17 ton, 25 ton, 35 ton, 55 ton, 85 ton, 120 ton, 150 ton<\/p>\n<p><strong>Storlekar<\/strong>: 1\/4 tum, 3\/8 tum, 1\/2 tum, 5\/8 tum, 3\/4 tum, 7\/8 tum, 1 tum, 1-1\/4 tum, 1-1\/2 tum, 1-3\/4 tum, 2 tum, 2-1\/2 tum, 3 tum<\/p>\n<p>Samarbeta med oss f\u00f6r alla dina grossistschackelbehov och upplev o\u00f6vertr\u00e4ffad kvalitet, tillf\u00f6rlitlighet och kundservice. Bl\u00e4ddra igenom v\u00e5rt omfattande urval idag och lyft dina lyft-, bogserings- och riggningsoperationer med tillf\u00f6rsikt.<\/p>\n<p>Modell: <a href=\"http:\/\/qingdaohf.com\/sv\/product\/g213-g215-galvanized-shackle\/\">G213<\/a> <a href=\"http:\/\/qingdaohf.com\/sv\/product\/g213-g215-galvanized-shackle\/\">G215<\/a><\/p>","protected":false},"excerpt":{"rendered":"<p>En schackel med runt stift \u00e4r en h\u00e5rdvarukomponent som anv\u00e4nds f\u00f6r att koppla ihop kedjor, vajrar, rep och andra riggmaterial. Den best\u00e5r av en U-formad kropp med tv\u00e5 \u00f6glor i \u00e4ndarna och ett runt stift som passerar genom b\u00e5da \u00f6gonen. Stiften s\u00e4kras med en splint eller en g\u00e4ngad plugg.<\/p>\n<p>Schacklar med runda stift finns i en m\u00e4ngd olika storlekar och material, med arbetsbelastningsgr\u00e4nser fr\u00e5n n\u00e5gra hundra pund till hundratals ton.<\/p>","protected":false},"featured_media":6497,"comment_status":"open","ping_status":"closed","template":"","meta":{"site-sidebar-layout":"default","site-content-layout":"","ast-site-content-layout":"default","site-content-style":"default","site-sidebar-style":"default","ast-global-header-display":"","ast-banner-title-visibility":"","ast-main-header-display":"","ast-hfb-above-header-display":"","ast-hfb-below-header-display":"","ast-hfb-mobile-header-display":"","site-post-title":"","ast-breadcrumbs-content":"","ast-featured-img":"","footer-sml-layout":"","theme-transparent-header-meta":"default","adv-header-id-meta":"","stick-header-meta":"default","header-above-stick-meta":"","header-main-stick-meta":"","header-below-stick-meta":"","astra-migrate-meta-layouts":"set","ast-page-background-enabled":"default","ast-page-background-meta":{"desktop":{"background-color":"","background-image":"","background-repeat":"repeat","background-position":"center center","background-size":"auto","background-attachment":"scroll","background-type":"","background-media":"","overlay-type":"","overlay-color":"","overlay-opacity":"","overlay-gradient":""},"tablet":{"background-color":"","background-image":"","background-repeat":"repeat","background-position":"center center","background-size":"auto","background-attachment":"scroll","background-type":"","background-media":"","overlay-type":"","overlay-color":"","overlay-opacity":"","overlay-gradient":""},"mobile":{"background-color":"","background-image":"","background-repeat":"repeat","background-position":"center center","background-size":"auto","background-attachment":"scroll","background-type":"","background-media":"","overlay-type":"","overlay-color":"","overlay-opacity":"","overlay-gradient":""}},"ast-content-background-meta":{"desktop":{"background-color":"var(--ast-global-color-5)","background-image":"","background-repeat":"repeat","background-position":"center center","background-size":"auto","background-attachment":"scroll","background-type":"","background-media":"","overlay-type":"","overlay-color":"","overlay-opacity":"","overlay-gradient":""},"tablet":{"background-color":"var(--ast-global-color-5)","background-image":"","background-repeat":"repeat","background-position":"center center","background-size":"auto","background-attachment":"scroll","background-type":"","background-media":"","overlay-type":"","overlay-color":"","overlay-opacity":"","overlay-gradient":""},"mobile":{"background-color":"var(--ast-global-color-5)","background-image":"","background-repeat":"repeat","background-position":"center center","background-size":"auto","background-attachment":"scroll","background-type":"","background-media":"","overlay-type":"","overlay-color":"","overlay-opacity":"","overlay-gradient":""}}},"product_brand":[],"product_cat":[51,54],"product_tag":[],"class_list":{"0":"post-6496","1":"product","2":"type-product","3":"status-publish","4":"has-post-thumbnail","6":"product_cat-riggging-hardware","7":"product_cat-shackle","8":"desktop-align-left","9":"tablet-align-left","10":"mobile-align-left","11":"ast-product-gallery-layout-horizontal-slider","12":"ast-product-tabs-layout-horizontal","14":"first","15":"instock","16":"shipping-taxable","17":"purchasable","18":"product-type-simple"},"yoast_head":"<!-- This site is optimized with the Yoast SEO plugin v25.2 - https:\/\/yoast.com\/wordpress\/plugins\/seo\/ -->\n<title>Round Pin Shackle<\/title>\n<meta name=\"description\" content=\"Round pin shackles are available in a variety of sizes and materials, with working load limits ranging from a few hundred pounds to hundreds of tons.\" \/>\n<meta name=\"robots\" content=\"index, follow, max-snippet:-1, max-image-preview:large, max-video-preview:-1\" \/>\n<link rel=\"canonical\" href=\"https:\/\/qingdaohf.com\/sv\/produkt\/schackel-med-rund-stift\/\" \/>\n<meta property=\"og:locale\" content=\"sv_SE\" \/>\n<meta property=\"og:type\" content=\"article\" \/>\n<meta property=\"og:title\" content=\"Round Pin Shackle\" \/>\n<meta property=\"og:description\" content=\"Round pin shackles are available in a variety of sizes and materials, with working load limits ranging from a few hundred pounds to hundreds of tons.\" \/>\n<meta property=\"og:url\" content=\"https:\/\/qingdaohf.com\/sv\/produkt\/schackel-med-rund-stift\/\" \/>\n<meta property=\"og:site_name\" content=\"Concrete Form &amp; Rigging Hardware Supplier\" \/>\n<meta property=\"article:publisher\" content=\"https:\/\/www.facebook.com\/qingdaohf\" \/>\n<meta property=\"article:modified_time\" content=\"2025-11-13T01:03:38+00:00\" \/>\n<meta property=\"og:image\" content=\"https:\/\/qingdaohf.com\/wp-content\/uploads\/2024\/02\/Round-Pin-Shackle.jpg\" \/>\n\t<meta property=\"og:image:width\" content=\"1000\" \/>\n\t<meta property=\"og:image:height\" content=\"1000\" \/>\n\t<meta property=\"og:image:type\" content=\"image\/jpeg\" \/>\n<meta name=\"twitter:card\" content=\"summary_large_image\" \/>\n<meta name=\"twitter:label1\" content=\"Ber\u00e4knad l\u00e4stid\" \/>\n\t<meta name=\"twitter:data1\" content=\"2 minuter\" \/>\n<script type=\"application\/ld+json\" class=\"yoast-schema-graph\">{\"@context\":\"https:\/\/schema.org\",\"@graph\":[{\"@type\":\"WebPage\",\"@id\":\"https:\/\/qingdaohf.com\/product\/round-pin-shackle\/\",\"url\":\"https:\/\/qingdaohf.com\/product\/round-pin-shackle\/\",\"name\":\"Round Pin Shackle\",\"isPartOf\":{\"@id\":\"https:\/\/qingdaohf.com\/bg\/#website\"},\"primaryImageOfPage\":{\"@id\":\"https:\/\/qingdaohf.com\/product\/round-pin-shackle\/#primaryimage\"},\"image\":{\"@id\":\"https:\/\/qingdaohf.com\/product\/round-pin-shackle\/#primaryimage\"},\"thumbnailUrl\":\"https:\/\/qingdaohf.com\/wp-content\/uploads\/2024\/02\/Round-Pin-Shackle.jpg\",\"datePublished\":\"2024-02-02T08:55:13+00:00\",\"dateModified\":\"2025-11-13T01:03:38+00:00\",\"description\":\"Round pin shackles are available in a variety of sizes and materials, with working load limits ranging from a few hundred pounds to hundreds of tons.\",\"breadcrumb\":{\"@id\":\"https:\/\/qingdaohf.com\/product\/round-pin-shackle\/#breadcrumb\"},\"inLanguage\":\"sv-SE\",\"potentialAction\":[{\"@type\":\"ReadAction\",\"target\":[\"https:\/\/qingdaohf.com\/product\/round-pin-shackle\/\"]}]},{\"@type\":\"ImageObject\",\"inLanguage\":\"sv-SE\",\"@id\":\"https:\/\/qingdaohf.com\/product\/round-pin-shackle\/#primaryimage\",\"url\":\"https:\/\/qingdaohf.com\/wp-content\/uploads\/2024\/02\/Round-Pin-Shackle.jpg\",\"contentUrl\":\"https:\/\/qingdaohf.com\/wp-content\/uploads\/2024\/02\/Round-Pin-Shackle.jpg\",\"width\":1000,\"height\":1000,\"caption\":\"Round Pin Shackle\"},{\"@type\":\"BreadcrumbList\",\"@id\":\"https:\/\/qingdaohf.com\/product\/round-pin-shackle\/#breadcrumb\",\"itemListElement\":[{\"@type\":\"ListItem\",\"position\":1,\"name\":\"Home\",\"item\":\"https:\/\/qingdaohf.com\/\"},{\"@type\":\"ListItem\",\"position\":2,\"name\":\"Concrete Forming Accessories and Rigging Hardware\",\"item\":\"https:\/\/qingdaohf.com\/bg\/?page_id=944\"},{\"@type\":\"ListItem\",\"position\":3,\"name\":\"Round Pin Shackle\"}]},{\"@type\":\"WebSite\",\"@id\":\"https:\/\/qingdaohf.com\/bg\/#website\",\"url\":\"https:\/\/qingdaohf.com\/bg\/\",\"name\":\"Concrete Form & Rigging Hardware Supplier\",\"description\":\"\",\"publisher\":{\"@id\":\"https:\/\/qingdaohf.com\/bg\/#organization\"},\"potentialAction\":[{\"@type\":\"SearchAction\",\"target\":{\"@type\":\"EntryPoint\",\"urlTemplate\":\"https:\/\/qingdaohf.com\/bg\/?s={search_term_string}\"},\"query-input\":{\"@type\":\"PropertyValueSpecification\",\"valueRequired\":true,\"valueName\":\"search_term_string\"}}],\"inLanguage\":\"sv-SE\"},{\"@type\":\"Organization\",\"@id\":\"https:\/\/qingdaohf.com\/bg\/#organization\",\"name\":\"Qingdao H&F\",\"url\":\"https:\/\/qingdaohf.com\/bg\/\",\"logo\":{\"@type\":\"ImageObject\",\"inLanguage\":\"sv-SE\",\"@id\":\"https:\/\/qingdaohf.com\/bg\/#\/schema\/logo\/image\/\",\"url\":\"https:\/\/qingdaohf.com\/wp-content\/uploads\/2022\/12\/cropped-HF-LOGO.png\",\"contentUrl\":\"https:\/\/qingdaohf.com\/wp-content\/uploads\/2022\/12\/cropped-HF-LOGO.png\",\"width\":391,\"height\":249,\"caption\":\"Qingdao H&F\"},\"image\":{\"@id\":\"https:\/\/qingdaohf.com\/bg\/#\/schema\/logo\/image\/\"},\"sameAs\":[\"https:\/\/www.facebook.com\/qingdaohf\"]}]}<\/script>\n<!-- \/ Yoast SEO plugin. -->","yoast_head_json":{"title":"Round Pin Shackle","description":"Round pin shackles are available in a variety of sizes and materials, with working load limits ranging from a few hundred pounds to hundreds of tons.","robots":{"index":"index","follow":"follow","max-snippet":"max-snippet:-1","max-image-preview":"max-image-preview:large","max-video-preview":"max-video-preview:-1"},"canonical":"https:\/\/qingdaohf.com\/sv\/produkt\/schackel-med-rund-stift\/","og_locale":"sv_SE","og_type":"article","og_title":"Round Pin Shackle","og_description":"Round pin shackles are available in a variety of sizes and materials, with working load limits ranging from a few hundred pounds to hundreds of tons.","og_url":"https:\/\/qingdaohf.com\/sv\/produkt\/schackel-med-rund-stift\/","og_site_name":"Concrete Form &amp; Rigging Hardware Supplier","article_publisher":"https:\/\/www.facebook.com\/qingdaohf","article_modified_time":"2025-11-13T01:03:38+00:00","og_image":[{"width":1000,"height":1000,"url":"https:\/\/qingdaohf.com\/wp-content\/uploads\/2024\/02\/Round-Pin-Shackle.jpg","type":"image\/jpeg"}],"twitter_card":"summary_large_image","twitter_misc":{"Ber\u00e4knad l\u00e4stid":"2 minuter"},"schema":{"@context":"https:\/\/schema.org","@graph":[{"@type":"WebPage","@id":"https:\/\/qingdaohf.com\/product\/round-pin-shackle\/","url":"https:\/\/qingdaohf.com\/product\/round-pin-shackle\/","name":"Round Pin Shackle","isPartOf":{"@id":"https:\/\/qingdaohf.com\/bg\/#website"},"primaryImageOfPage":{"@id":"https:\/\/qingdaohf.com\/product\/round-pin-shackle\/#primaryimage"},"image":{"@id":"https:\/\/qingdaohf.com\/product\/round-pin-shackle\/#primaryimage"},"thumbnailUrl":"https:\/\/qingdaohf.com\/wp-content\/uploads\/2024\/02\/Round-Pin-Shackle.jpg","datePublished":"2024-02-02T08:55:13+00:00","dateModified":"2025-11-13T01:03:38+00:00","description":"Round pin shackles are available in a variety of sizes and materials, with working load limits ranging from a few hundred pounds to hundreds of tons.","breadcrumb":{"@id":"https:\/\/qingdaohf.com\/product\/round-pin-shackle\/#breadcrumb"},"inLanguage":"sv-SE","potentialAction":[{"@type":"ReadAction","target":["https:\/\/qingdaohf.com\/product\/round-pin-shackle\/"]}]},{"@type":"ImageObject","inLanguage":"sv-SE","@id":"https:\/\/qingdaohf.com\/product\/round-pin-shackle\/#primaryimage","url":"https:\/\/qingdaohf.com\/wp-content\/uploads\/2024\/02\/Round-Pin-Shackle.jpg","contentUrl":"https:\/\/qingdaohf.com\/wp-content\/uploads\/2024\/02\/Round-Pin-Shackle.jpg","width":1000,"height":1000,"caption":"Round Pin Shackle"},{"@type":"BreadcrumbList","@id":"https:\/\/qingdaohf.com\/product\/round-pin-shackle\/#breadcrumb","itemListElement":[{"@type":"ListItem","position":1,"name":"Home","item":"https:\/\/qingdaohf.com\/"},{"@type":"ListItem","position":2,"name":"Concrete Forming Accessories and Rigging Hardware","item":"https:\/\/qingdaohf.com\/bg\/?page_id=944"},{"@type":"ListItem","position":3,"name":"Round Pin Shackle"}]},{"@type":"WebSite","@id":"https:\/\/qingdaohf.com\/bg\/#website","url":"https:\/\/qingdaohf.com\/bg\/","name":"Concrete Form & Rigging Hardware Supplier","description":"","publisher":{"@id":"https:\/\/qingdaohf.com\/bg\/#organization"},"potentialAction":[{"@type":"SearchAction","target":{"@type":"EntryPoint","urlTemplate":"https:\/\/qingdaohf.com\/bg\/?s={search_term_string}"},"query-input":{"@type":"PropertyValueSpecification","valueRequired":true,"valueName":"search_term_string"}}],"inLanguage":"sv-SE"},{"@type":"Organization","@id":"https:\/\/qingdaohf.com\/bg\/#organization","name":"Qingdao H&F","url":"https:\/\/qingdaohf.com\/bg\/","logo":{"@type":"ImageObject","inLanguage":"sv-SE","@id":"https:\/\/qingdaohf.com\/bg\/#\/schema\/logo\/image\/","url":"https:\/\/qingdaohf.com\/wp-content\/uploads\/2022\/12\/cropped-HF-LOGO.png","contentUrl":"https:\/\/qingdaohf.com\/wp-content\/uploads\/2022\/12\/cropped-HF-LOGO.png","width":391,"height":249,"caption":"Qingdao H&F"},"image":{"@id":"https:\/\/qingdaohf.com\/bg\/#\/schema\/logo\/image\/"},"sameAs":["https:\/\/www.facebook.com\/qingdaohf"]}]}},"_links":{"self":[{"href":"https:\/\/qingdaohf.com\/sv\/wp-json\/wp\/v2\/product\/6496","targetHints":{"allow":["GET"]}}],"collection":[{"href":"https:\/\/qingdaohf.com\/sv\/wp-json\/wp\/v2\/product"}],"about":[{"href":"https:\/\/qingdaohf.com\/sv\/wp-json\/wp\/v2\/types\/product"}],"replies":[{"embeddable":true,"href":"https:\/\/qingdaohf.com\/sv\/wp-json\/wp\/v2\/comments?post=6496"}],"version-history":[{"count":3,"href":"https:\/\/qingdaohf.com\/sv\/wp-json\/wp\/v2\/product\/6496\/revisions"}],"predecessor-version":[{"id":6500,"href":"https:\/\/qingdaohf.com\/sv\/wp-json\/wp\/v2\/product\/6496\/revisions\/6500"}],"wp:featuredmedia":[{"embeddable":true,"href":"https:\/\/qingdaohf.com\/sv\/wp-json\/wp\/v2\/media\/6497"}],"wp:attachment":[{"href":"https:\/\/qingdaohf.com\/sv\/wp-json\/wp\/v2\/media?parent=6496"}],"wp:term":[{"taxonomy":"product_brand","embeddable":true,"href":"https:\/\/qingdaohf.com\/sv\/wp-json\/wp\/v2\/product_brand?post=6496"},{"taxonomy":"product_cat","embeddable":true,"href":"https:\/\/qingdaohf.com\/sv\/wp-json\/wp\/v2\/product_cat?post=6496"},{"taxonomy":"product_tag","embeddable":true,"href":"https:\/\/qingdaohf.com\/sv\/wp-json\/wp\/v2\/product_tag?post=6496"}],"curies":[{"name":"wp","href":"https:\/\/api.w.org\/{rel}","templated":true}]}}