{"id":7163,"date":"2024-05-20T13:42:36","date_gmt":"2024-05-20T05:42:36","guid":{"rendered":"http:\/\/qingdaohf.com\/?post_type=product&#038;p=7163"},"modified":"2025-11-13T09:03:16","modified_gmt":"2025-11-13T01:03:16","slug":"aluminum-form-wall-ties","status":"publish","type":"product","link":"https:\/\/qingdaohf.com\/sv\/produkt\/vaggband-i-aluminiumform\/","title":{"rendered":"V\u00e4ggband i aluminiumform"},"content":{"rendered":"<p>Formband i aluminium spelar en viktig roll vid konstruktion av betongformar, s\u00e4rskilt n\u00e4r precision och h\u00e5llbarhet \u00e4r av st\u00f6rsta vikt. Dessa band h\u00e5ller formen p\u00e5 plats under betonggjutningsprocessen och ser till att formen beh\u00e5ller sin avsedda form och inriktning. P\u00e5 s\u00e5 s\u00e4tt bidrar de till att garantera strukturell integritet och enhetlighet i betongv\u00e4ggar och pelare. Formbanden kan variera i material, men aluminium sticker ut p\u00e5 grund av sin kombination av styrka, l\u00e5g vikt och korrosionsbest\u00e4ndighet. P\u00e5 Qingdao H&amp;F tillhandah\u00e5ller vi h\u00f6gkvalitativa aluminiumformband som \u00e4r skr\u00e4ddarsydda f\u00f6r byggbranschens behov, vilket s\u00e4kerst\u00e4ller att dina projekt slutf\u00f6rs effektivt och s\u00e4kert.<\/p>\n<h3><strong>Varf\u00f6r aluminium f\u00f6r formf\u00f6rband?<\/strong><\/h3>\n<p>Anv\u00e4ndningen av aluminium i formf\u00f6rband har \u00f6kat kraftigt p\u00e5 grund av dess unika egenskaper som g\u00f6r det v\u00e4l l\u00e4mpat f\u00f6r kr\u00e4vande byggmilj\u00f6er. Aluminium \u00e4r l\u00e4tt men \u00e4nd\u00e5 starkt, vilket g\u00f6r det enkelt att hantera p\u00e5 plats utan att kompromissa med prestandan. Detta \u00e4r s\u00e4rskilt f\u00f6rdelaktigt n\u00e4r det kr\u00e4vs stora volymer av band eller n\u00e4r arbetarna m\u00e5ste hantera tunga arbetsbelastningar. I motsats till andra material som st\u00e5l minskar aluminiumets l\u00e4tthet p\u00e5frestningarna under hantering och installation.<\/p>\n<p>Korrosionsbest\u00e4ndighet \u00e4r en annan viktig f\u00f6rdel. Formbanden uts\u00e4tts f\u00f6r fukt och olika kemikalier i betongblandningen. Aluminium \u00e4r naturligt motst\u00e5ndskraftigt mot rost och andra former av korrosion, vilket f\u00f6rl\u00e4nger livsl\u00e4ngden och minskar behovet av frekventa byten. Denna h\u00e5llbarhet inneb\u00e4r l\u00e5ngsiktiga kostnadsbesparingar f\u00f6r f\u00f6retag, s\u00e4rskilt i storskaliga projekt d\u00e4r det \u00e4r viktigt att minimera stillest\u00e5ndstid och underh\u00e5ll.<\/p>\n<h3><strong>Effektivitet och kostnadseffektivitet i byggbranschen<\/strong><\/h3>\n<p>Effektivitet \u00e4r h\u00f6rnstenen i framg\u00e5ngsrika byggprojekt, och formf\u00f6rankring bidrar till detta m\u00e5l genom att s\u00e4kerst\u00e4lla att formen h\u00e5lls p\u00e5 plats och f\u00f6rhindra kostsamma misstag. D\u00e5ligt inriktade eller svagt h\u00e5llna formar kan leda till strukturella problem i betongen, vilket leder till f\u00f6rseningar, sl\u00f6seri med material och potentiellt os\u00e4kra resultat. Formband i aluminium garanterar inte bara en s\u00e4ker formning utan f\u00f6renklar ocks\u00e5 monterings- och demonteringsprocesserna.<\/p>\n<p>Eftersom aluminiumformband \u00e4r \u00e5teranv\u00e4ndbara ger de betydande kostnadsbesparingar \u00f6ver tid. Entrepren\u00f6rer st\u00e5r ofta inf\u00f6r dilemmat att balansera kortsiktiga kostnader med l\u00e5ngsiktiga f\u00f6rdelar, och att investera i h\u00e5llbara, \u00e5teranv\u00e4ndbara formslipsar kan minska behovet av frekventa utbyten och s\u00e4nka de totala projektkostnaderna. Eftersom aluminiumband \u00e4r l\u00e4ttare och enklare att transportera minskar de dessutom logistikkostnaderna och g\u00f6r arbetet p\u00e5 plats mer effektivt.<\/p>\n<div class=\"ast-oembed-container\" style=\"height: 100%;\"><iframe title=\"Tillbeh\u00f6r f\u00f6r betongformning B\u00f6jd kil och rak kil\" width=\"500\" height=\"281\" src=\"https:\/\/www.youtube.com\/embed\/_He4pUDjl1U?feature=oembed\" frameborder=\"0\" allow=\"accelerometer; autoplay; clipboard-write; encrypted-media; gyroscope; picture-in-picture; web-share\" referrerpolicy=\"strict-origin-when-cross-origin\" allowfullscreen><\/iframe><\/div>\n<h3><strong>H\u00e5llbarhet och milj\u00f6p\u00e5verkan<\/strong><\/h3>\n<p>I den moderna byggbranschen blir h\u00e5llbarhet allt viktigare, och aluminiumformband \u00e4r i linje med milj\u00f6v\u00e4nliga metoder. Aluminium \u00e4r mycket \u00e5tervinningsbart och m\u00e5nga aluminiumprodukter tillverkas av \u00e5tervunna material. Detta minskar efterfr\u00e5gan p\u00e5 nya r\u00e5varor och minimerar milj\u00f6p\u00e5verkan. I slutet av sin livscykel kan aluminiumformband sm\u00e4ltas ned och \u00e5teranv\u00e4ndas utan att f\u00f6rlora sina inneboende egenskaper, vilket g\u00f6r dem till ett h\u00e5llbart val f\u00f6r byggproffs som fokuserar p\u00e5 att minska sitt koldioxidavtryck.<\/p>\n<p>Genom att anv\u00e4nda h\u00e5llbara, \u00e5teranv\u00e4ndbara material som aluminium minskar dessutom avfallet p\u00e5 byggarbetsplatsen. Entrepren\u00f6rer kan \u00e5teranv\u00e4nda aluminiumformband i flera projekt, vilket avsev\u00e4rt minskar m\u00e4ngden kasserat material som annars skulle hamna p\u00e5 deponier. Detta hj\u00e4lper byggf\u00f6retag att anpassa sig till globala h\u00e5llbarhetsm\u00e5l och tilltala kunder som prioriterar milj\u00f6ansvariga metoder.<\/p>\n<h3><strong>Qingdao H&amp;F:s engagemang f\u00f6r kvalitet och service<\/strong><\/h3>\n<p>P\u00e5 Qingdao H&amp;F f\u00f6rst\u00e5r vi att byggnadsarbetare beh\u00f6ver tillf\u00f6rlitliga material och exceptionell service f\u00f6r att slutf\u00f6ra sina projekt i tid och inom budget. V\u00e5ra aluminiumformband tillverkas med strikta standarder f\u00f6r kvalitetskontroll, vilket s\u00e4kerst\u00e4ller konsekvent prestanda och h\u00e5llbarhet. Vi \u00e4r stolta \u00f6ver att inte bara erbjuda h\u00f6gkvalitativa produkter utan ocks\u00e5 konkurrenskraftiga priser, s\u00e5 att v\u00e5ra kunder kan dra nytta av b\u00e5de \u00f6verkomliga priser och excellens.<\/p>\n<p>Vi \u00e4r medvetna om att varje projekt \u00e4r unikt och v\u00e5rt team erbjuder personlig kundservice f\u00f6r att s\u00e4kerst\u00e4lla att du f\u00e5r de b\u00e4sta produkterna f\u00f6r dina specifika behov. Fr\u00e5n att hj\u00e4lpa dig att v\u00e4lja r\u00e4tt typ av aluminiumformband till att ge l\u00f6pande support under hela ditt projekt, \u00e4r vi engagerade i att g\u00f6ra din k\u00f6pupplevelse smidig och effektiv. Med en 20-\u00e5rig historia av att betj\u00e4na byggbranschen har Qingdao H&amp;F f\u00e5tt ett rykte om tillf\u00f6rlitlighet, p\u00e5litlighet och kundn\u00f6jdhet.<\/p>\n<h3><strong>Slutsats: Varf\u00f6r aluminiumformade slipsar fr\u00e5n Qingdao H&amp;F?<\/strong><\/h3>\n<p>Att v\u00e4lja r\u00e4tt formband \u00e4r viktigt f\u00f6r att s\u00e4kerst\u00e4lla framg\u00e5ngen f\u00f6r dina byggprojekt, och formband i aluminium erbjuder en kombination av styrka, h\u00e5llbarhet och kostnadseffektivitet som f\u00e5 andra material kan matcha. P\u00e5 Qingdao H&amp;F tillhandah\u00e5ller vi f\u00f6rstklassiga aluminiumformband som uppfyller behoven hos modern konstruktion, vilket s\u00e4kerst\u00e4ller att dina projekt \u00e4r byggda f\u00f6r att h\u00e5lla. Med v\u00e5rt fokus p\u00e5 kvalitet, konkurrenskraftiga priser och o\u00f6vertr\u00e4ffad kundservice st\u00e5r vi som din p\u00e5litliga partner f\u00f6r att uppn\u00e5 byggkvalitet. Oavsett om du arbetar med ett sm\u00e5skaligt projekt eller en stor infrastrukturutveckling kommer v\u00e5ra aluminiumformband att hj\u00e4lpa dig att uppn\u00e5 optimala resultat, varje g\u00e5ng.<\/p>","protected":false},"excerpt":{"rendered":"<p><strong>Uppn\u00e5 exakta betongv\u00e4ggsdimensioner och s\u00e4kerst\u00e4lla strukturell integritet<\/strong> med Aluminium Form Wall Ties, en viktig komponent i aluminiumformningssystem. Dessa band fungerar tillsammans med aluminiumformstift och aluminiumformkilar f\u00f6r att skapa ett robust och effektivt v\u00e4ggformningssystem.aluminiumformband finns i en rad olika <strong>V\u00e4ggtjocklek Storlekar<\/strong> f\u00f6r att passa olika utformningar av betongv\u00e4ggar. Vanliga storlekar inkluderar <strong>6\" - 24\"<\/strong>vilket g\u00f6r att du enkelt kan bygga v\u00e4ggar med olika tjocklek.<\/p>","protected":false},"featured_media":7168,"comment_status":"open","ping_status":"closed","template":"","meta":{"site-sidebar-layout":"default","site-content-layout":"","ast-site-content-layout":"default","site-content-style":"default","site-sidebar-style":"default","ast-global-header-display":"","ast-banner-title-visibility":"","ast-main-header-display":"","ast-hfb-above-header-display":"","ast-hfb-below-header-display":"","ast-hfb-mobile-header-display":"","site-post-title":"","ast-breadcrumbs-content":"","ast-featured-img":"","footer-sml-layout":"","theme-transparent-header-meta":"default","adv-header-id-meta":"","stick-header-meta":"default","header-above-stick-meta":"","header-main-stick-meta":"","header-below-stick-meta":"","astra-migrate-meta-layouts":"set","ast-page-background-enabled":"default","ast-page-background-meta":{"desktop":{"background-color":"","background-image":"","background-repeat":"repeat","background-position":"center center","background-size":"auto","background-attachment":"scroll","background-type":"","background-media":"","overlay-type":"","overlay-color":"","overlay-opacity":"","overlay-gradient":""},"tablet":{"background-color":"","background-image":"","background-repeat":"repeat","background-position":"center center","background-size":"auto","background-attachment":"scroll","background-type":"","background-media":"","overlay-type":"","overlay-color":"","overlay-opacity":"","overlay-gradient":""},"mobile":{"background-color":"","background-image":"","background-repeat":"repeat","background-position":"center center","background-size":"auto","background-attachment":"scroll","background-type":"","background-media":"","overlay-type":"","overlay-color":"","overlay-opacity":"","overlay-gradient":""}},"ast-content-background-meta":{"desktop":{"background-color":"var(--ast-global-color-5)","background-image":"","background-repeat":"repeat","background-position":"center center","background-size":"auto","background-attachment":"scroll","background-type":"","background-media":"","overlay-type":"","overlay-color":"","overlay-opacity":"","overlay-gradient":""},"tablet":{"background-color":"var(--ast-global-color-5)","background-image":"","background-repeat":"repeat","background-position":"center center","background-size":"auto","background-attachment":"scroll","background-type":"","background-media":"","overlay-type":"","overlay-color":"","overlay-opacity":"","overlay-gradient":""},"mobile":{"background-color":"var(--ast-global-color-5)","background-image":"","background-repeat":"repeat","background-position":"center center","background-size":"auto","background-attachment":"scroll","background-type":"","background-media":"","overlay-type":"","overlay-color":"","overlay-opacity":"","overlay-gradient":""}}},"product_brand":[],"product_cat":[65],"product_tag":[],"class_list":{"0":"post-7163","1":"product","2":"type-product","3":"status-publish","4":"has-post-thumbnail","6":"product_cat-aluminum-form-tie","7":"desktop-align-left","8":"tablet-align-left","9":"mobile-align-left","10":"ast-product-gallery-layout-horizontal-slider","11":"ast-product-tabs-layout-horizontal","13":"first","14":"instock","15":"shipping-taxable","16":"purchasable","17":"product-type-simple"},"yoast_head":"<!-- This site is optimized with the Yoast SEO plugin v25.2 - https:\/\/yoast.com\/wordpress\/plugins\/seo\/ -->\n<title>Aluminum Form Wall Ties<\/title>\n<meta name=\"description\" content=\"Aluminum Form Wall Ties are available in a range of Wall Thickness Sizes to accommodate various concrete wall designs. Common sizes include 6\u201d - 24\u201d.\" \/>\n<meta name=\"robots\" content=\"index, follow, max-snippet:-1, max-image-preview:large, max-video-preview:-1\" \/>\n<link rel=\"canonical\" href=\"https:\/\/qingdaohf.com\/sv\/produkt\/vaggband-i-aluminiumform\/\" \/>\n<meta property=\"og:locale\" content=\"sv_SE\" \/>\n<meta property=\"og:type\" content=\"article\" \/>\n<meta property=\"og:title\" content=\"Aluminum Form Wall Ties\" \/>\n<meta property=\"og:description\" content=\"Aluminum Form Wall Ties are available in a range of Wall Thickness Sizes to accommodate various concrete wall designs. Common sizes include 6\u201d - 24\u201d.\" \/>\n<meta property=\"og:url\" content=\"https:\/\/qingdaohf.com\/sv\/produkt\/vaggband-i-aluminiumform\/\" \/>\n<meta property=\"og:site_name\" content=\"Concrete Form &amp; Rigging Hardware Supplier\" \/>\n<meta property=\"article:publisher\" content=\"https:\/\/www.facebook.com\/qingdaohf\" \/>\n<meta property=\"article:modified_time\" content=\"2025-11-13T01:03:16+00:00\" \/>\n<meta property=\"og:image\" content=\"https:\/\/qingdaohf.com\/wp-content\/uploads\/2024\/05\/Aluminum-Form-Wall-Ties-1.jpg\" \/>\n\t<meta property=\"og:image:width\" content=\"1000\" \/>\n\t<meta property=\"og:image:height\" content=\"1000\" \/>\n\t<meta property=\"og:image:type\" content=\"image\/jpeg\" \/>\n<meta name=\"twitter:card\" content=\"summary_large_image\" \/>\n<meta name=\"twitter:label1\" content=\"Ber\u00e4knad l\u00e4stid\" \/>\n\t<meta name=\"twitter:data1\" content=\"4 minuter\" \/>\n<script type=\"application\/ld+json\" class=\"yoast-schema-graph\">{\"@context\":\"https:\/\/schema.org\",\"@graph\":[{\"@type\":\"WebPage\",\"@id\":\"https:\/\/qingdaohf.com\/product\/aluminum-form-wall-ties\/\",\"url\":\"https:\/\/qingdaohf.com\/product\/aluminum-form-wall-ties\/\",\"name\":\"Aluminum Form Wall Ties\",\"isPartOf\":{\"@id\":\"https:\/\/qingdaohf.com\/bg\/#website\"},\"primaryImageOfPage\":{\"@id\":\"https:\/\/qingdaohf.com\/product\/aluminum-form-wall-ties\/#primaryimage\"},\"image\":{\"@id\":\"https:\/\/qingdaohf.com\/product\/aluminum-form-wall-ties\/#primaryimage\"},\"thumbnailUrl\":\"https:\/\/qingdaohf.com\/wp-content\/uploads\/2024\/05\/Aluminum-Form-Wall-Ties-1.jpg\",\"datePublished\":\"2024-05-20T05:42:36+00:00\",\"dateModified\":\"2025-11-13T01:03:16+00:00\",\"description\":\"Aluminum Form Wall Ties are available in a range of Wall Thickness Sizes to accommodate various concrete wall designs. Common sizes include 6\u201d - 24\u201d.\",\"breadcrumb\":{\"@id\":\"https:\/\/qingdaohf.com\/product\/aluminum-form-wall-ties\/#breadcrumb\"},\"inLanguage\":\"sv-SE\",\"potentialAction\":[{\"@type\":\"ReadAction\",\"target\":[\"https:\/\/qingdaohf.com\/product\/aluminum-form-wall-ties\/\"]}]},{\"@type\":\"ImageObject\",\"inLanguage\":\"sv-SE\",\"@id\":\"https:\/\/qingdaohf.com\/product\/aluminum-form-wall-ties\/#primaryimage\",\"url\":\"https:\/\/qingdaohf.com\/wp-content\/uploads\/2024\/05\/Aluminum-Form-Wall-Ties-1.jpg\",\"contentUrl\":\"https:\/\/qingdaohf.com\/wp-content\/uploads\/2024\/05\/Aluminum-Form-Wall-Ties-1.jpg\",\"width\":1000,\"height\":1000,\"caption\":\"Aluminum Form Wall Ties\"},{\"@type\":\"BreadcrumbList\",\"@id\":\"https:\/\/qingdaohf.com\/product\/aluminum-form-wall-ties\/#breadcrumb\",\"itemListElement\":[{\"@type\":\"ListItem\",\"position\":1,\"name\":\"Home\",\"item\":\"https:\/\/qingdaohf.com\/\"},{\"@type\":\"ListItem\",\"position\":2,\"name\":\"Concrete Forming Accessories and Rigging Hardware\",\"item\":\"https:\/\/qingdaohf.com\/bg\/?page_id=944\"},{\"@type\":\"ListItem\",\"position\":3,\"name\":\"Aluminum Form Wall Ties\"}]},{\"@type\":\"WebSite\",\"@id\":\"https:\/\/qingdaohf.com\/bg\/#website\",\"url\":\"https:\/\/qingdaohf.com\/bg\/\",\"name\":\"Concrete Form & Rigging Hardware Supplier\",\"description\":\"\",\"publisher\":{\"@id\":\"https:\/\/qingdaohf.com\/bg\/#organization\"},\"potentialAction\":[{\"@type\":\"SearchAction\",\"target\":{\"@type\":\"EntryPoint\",\"urlTemplate\":\"https:\/\/qingdaohf.com\/bg\/?s={search_term_string}\"},\"query-input\":{\"@type\":\"PropertyValueSpecification\",\"valueRequired\":true,\"valueName\":\"search_term_string\"}}],\"inLanguage\":\"sv-SE\"},{\"@type\":\"Organization\",\"@id\":\"https:\/\/qingdaohf.com\/bg\/#organization\",\"name\":\"Qingdao H&F\",\"url\":\"https:\/\/qingdaohf.com\/bg\/\",\"logo\":{\"@type\":\"ImageObject\",\"inLanguage\":\"sv-SE\",\"@id\":\"https:\/\/qingdaohf.com\/bg\/#\/schema\/logo\/image\/\",\"url\":\"https:\/\/qingdaohf.com\/wp-content\/uploads\/2022\/12\/cropped-HF-LOGO.png\",\"contentUrl\":\"https:\/\/qingdaohf.com\/wp-content\/uploads\/2022\/12\/cropped-HF-LOGO.png\",\"width\":391,\"height\":249,\"caption\":\"Qingdao H&F\"},\"image\":{\"@id\":\"https:\/\/qingdaohf.com\/bg\/#\/schema\/logo\/image\/\"},\"sameAs\":[\"https:\/\/www.facebook.com\/qingdaohf\"]}]}<\/script>\n<!-- \/ Yoast SEO plugin. -->","yoast_head_json":{"title":"Aluminum Form Wall Ties","description":"Aluminum Form Wall Ties are available in a range of Wall Thickness Sizes to accommodate various concrete wall designs. Common sizes include 6\u201d - 24\u201d.","robots":{"index":"index","follow":"follow","max-snippet":"max-snippet:-1","max-image-preview":"max-image-preview:large","max-video-preview":"max-video-preview:-1"},"canonical":"https:\/\/qingdaohf.com\/sv\/produkt\/vaggband-i-aluminiumform\/","og_locale":"sv_SE","og_type":"article","og_title":"Aluminum Form Wall Ties","og_description":"Aluminum Form Wall Ties are available in a range of Wall Thickness Sizes to accommodate various concrete wall designs. Common sizes include 6\u201d - 24\u201d.","og_url":"https:\/\/qingdaohf.com\/sv\/produkt\/vaggband-i-aluminiumform\/","og_site_name":"Concrete Form &amp; Rigging Hardware Supplier","article_publisher":"https:\/\/www.facebook.com\/qingdaohf","article_modified_time":"2025-11-13T01:03:16+00:00","og_image":[{"width":1000,"height":1000,"url":"https:\/\/qingdaohf.com\/wp-content\/uploads\/2024\/05\/Aluminum-Form-Wall-Ties-1.jpg","type":"image\/jpeg"}],"twitter_card":"summary_large_image","twitter_misc":{"Ber\u00e4knad l\u00e4stid":"4 minuter"},"schema":{"@context":"https:\/\/schema.org","@graph":[{"@type":"WebPage","@id":"https:\/\/qingdaohf.com\/product\/aluminum-form-wall-ties\/","url":"https:\/\/qingdaohf.com\/product\/aluminum-form-wall-ties\/","name":"Aluminum Form Wall Ties","isPartOf":{"@id":"https:\/\/qingdaohf.com\/bg\/#website"},"primaryImageOfPage":{"@id":"https:\/\/qingdaohf.com\/product\/aluminum-form-wall-ties\/#primaryimage"},"image":{"@id":"https:\/\/qingdaohf.com\/product\/aluminum-form-wall-ties\/#primaryimage"},"thumbnailUrl":"https:\/\/qingdaohf.com\/wp-content\/uploads\/2024\/05\/Aluminum-Form-Wall-Ties-1.jpg","datePublished":"2024-05-20T05:42:36+00:00","dateModified":"2025-11-13T01:03:16+00:00","description":"Aluminum Form Wall Ties are available in a range of Wall Thickness Sizes to accommodate various concrete wall designs. Common sizes include 6\u201d - 24\u201d.","breadcrumb":{"@id":"https:\/\/qingdaohf.com\/product\/aluminum-form-wall-ties\/#breadcrumb"},"inLanguage":"sv-SE","potentialAction":[{"@type":"ReadAction","target":["https:\/\/qingdaohf.com\/product\/aluminum-form-wall-ties\/"]}]},{"@type":"ImageObject","inLanguage":"sv-SE","@id":"https:\/\/qingdaohf.com\/product\/aluminum-form-wall-ties\/#primaryimage","url":"https:\/\/qingdaohf.com\/wp-content\/uploads\/2024\/05\/Aluminum-Form-Wall-Ties-1.jpg","contentUrl":"https:\/\/qingdaohf.com\/wp-content\/uploads\/2024\/05\/Aluminum-Form-Wall-Ties-1.jpg","width":1000,"height":1000,"caption":"Aluminum Form Wall Ties"},{"@type":"BreadcrumbList","@id":"https:\/\/qingdaohf.com\/product\/aluminum-form-wall-ties\/#breadcrumb","itemListElement":[{"@type":"ListItem","position":1,"name":"Home","item":"https:\/\/qingdaohf.com\/"},{"@type":"ListItem","position":2,"name":"Concrete Forming Accessories and Rigging Hardware","item":"https:\/\/qingdaohf.com\/bg\/?page_id=944"},{"@type":"ListItem","position":3,"name":"Aluminum Form Wall Ties"}]},{"@type":"WebSite","@id":"https:\/\/qingdaohf.com\/bg\/#website","url":"https:\/\/qingdaohf.com\/bg\/","name":"Concrete Form & Rigging Hardware Supplier","description":"","publisher":{"@id":"https:\/\/qingdaohf.com\/bg\/#organization"},"potentialAction":[{"@type":"SearchAction","target":{"@type":"EntryPoint","urlTemplate":"https:\/\/qingdaohf.com\/bg\/?s={search_term_string}"},"query-input":{"@type":"PropertyValueSpecification","valueRequired":true,"valueName":"search_term_string"}}],"inLanguage":"sv-SE"},{"@type":"Organization","@id":"https:\/\/qingdaohf.com\/bg\/#organization","name":"Qingdao H&F","url":"https:\/\/qingdaohf.com\/bg\/","logo":{"@type":"ImageObject","inLanguage":"sv-SE","@id":"https:\/\/qingdaohf.com\/bg\/#\/schema\/logo\/image\/","url":"https:\/\/qingdaohf.com\/wp-content\/uploads\/2022\/12\/cropped-HF-LOGO.png","contentUrl":"https:\/\/qingdaohf.com\/wp-content\/uploads\/2022\/12\/cropped-HF-LOGO.png","width":391,"height":249,"caption":"Qingdao H&F"},"image":{"@id":"https:\/\/qingdaohf.com\/bg\/#\/schema\/logo\/image\/"},"sameAs":["https:\/\/www.facebook.com\/qingdaohf"]}]}},"_links":{"self":[{"href":"https:\/\/qingdaohf.com\/sv\/wp-json\/wp\/v2\/product\/7163","targetHints":{"allow":["GET"]}}],"collection":[{"href":"https:\/\/qingdaohf.com\/sv\/wp-json\/wp\/v2\/product"}],"about":[{"href":"https:\/\/qingdaohf.com\/sv\/wp-json\/wp\/v2\/types\/product"}],"replies":[{"embeddable":true,"href":"https:\/\/qingdaohf.com\/sv\/wp-json\/wp\/v2\/comments?post=7163"}],"version-history":[{"count":3,"href":"https:\/\/qingdaohf.com\/sv\/wp-json\/wp\/v2\/product\/7163\/revisions"}],"predecessor-version":[{"id":8094,"href":"https:\/\/qingdaohf.com\/sv\/wp-json\/wp\/v2\/product\/7163\/revisions\/8094"}],"wp:featuredmedia":[{"embeddable":true,"href":"https:\/\/qingdaohf.com\/sv\/wp-json\/wp\/v2\/media\/7168"}],"wp:attachment":[{"href":"https:\/\/qingdaohf.com\/sv\/wp-json\/wp\/v2\/media?parent=7163"}],"wp:term":[{"taxonomy":"product_brand","embeddable":true,"href":"https:\/\/qingdaohf.com\/sv\/wp-json\/wp\/v2\/product_brand?post=7163"},{"taxonomy":"product_cat","embeddable":true,"href":"https:\/\/qingdaohf.com\/sv\/wp-json\/wp\/v2\/product_cat?post=7163"},{"taxonomy":"product_tag","embeddable":true,"href":"https:\/\/qingdaohf.com\/sv\/wp-json\/wp\/v2\/product_tag?post=7163"}],"curies":[{"name":"wp","href":"https:\/\/api.w.org\/{rel}","templated":true}]}}