{"id":7201,"date":"2024-05-21T15:26:46","date_gmt":"2024-05-21T07:26:46","guid":{"rendered":"http:\/\/qingdaohf.com\/?post_type=product&#038;p=7201"},"modified":"2025-11-13T09:03:16","modified_gmt":"2025-11-13T01:03:16","slug":"one-piece-waler-bracket","status":"publish","type":"product","link":"https:\/\/qingdaohf.com\/sv\/produkt\/walerfaste-i-ett-stycke\/","title":{"rendered":"Waler-f\u00e4ste i ett stycke"},"content":{"rendered":"<p>Introduktion av <strong>Waler-f\u00e4ste i ett stycke (Waler-kl\u00e4mma i ett stycke)<\/strong>\u00a0 - den ultimata l\u00f6sningen f\u00f6r att s\u00e4kra formsystem med precision och tillf\u00f6rlitlighet. Det h\u00e4r robusta walerf\u00e4stet \u00e4r tillverkat av h\u00f6gkvalitativa material och ger stadigt st\u00f6d och uppriktning av dina betongformar, vilket effektiviserar dina byggprocesser och f\u00f6rb\u00e4ttrar den \u00f6vergripande kvaliteten p\u00e5 dina projekt.<\/p>\n<p><strong>Viktiga egenskaper:<\/strong><\/p>\n<ul>\n<li><strong>Slitstark konstruktion:<\/strong> V\u00e5rt walerf\u00e4ste \u00e4r tillverkat av premiumst\u00e5l och \u00e4r byggt f\u00f6r att motst\u00e5 h\u00f6g belastning och tuffa f\u00f6rh\u00e5llanden, vilket ger l\u00e5ngvarig prestanda.<\/li>\n<li><strong>M\u00e5ngsidig anv\u00e4ndning:<\/strong> Utformad f\u00f6r att vara kompatibel med olika formsystem, vilket g\u00f6r den idealisk f\u00f6r en m\u00e4ngd olika byggprojekt.<\/li>\n<li><strong>Enkel installation:<\/strong> F\u00f6renklar monteringsprocessen och minskar arbetstiden och kostnaderna med sin enkla design.<\/li>\n<li><strong>Precisionsuppriktning:<\/strong> S\u00e4kerst\u00e4ller korrekt positionering och stabilitet av formen, vilket \u00e4r avg\u00f6rande f\u00f6r att uppn\u00e5 sl\u00e4ta och j\u00e4mna betongytor.<\/li>\n<li><strong>F\u00f6rb\u00e4ttrad s\u00e4kerhet:<\/strong> Ger s\u00e4ker fastsp\u00e4nning f\u00f6r att minimera risken f\u00f6r formbrott, vilket ger en s\u00e4krare arbetsmilj\u00f6.<\/li>\n<\/ul>\n<p><strong>Applikationer:<\/strong><\/p>\n<p>Walerf\u00e4stet i ett stycke \u00e4r viktigt vid formbyggnad, s\u00e4rskilt n\u00e4r det anv\u00e4nds tillsammans med sn\u00e4ppband. Sn\u00e4ppband, som ofta anv\u00e4nds tillsammans med walerf\u00e4sten, \u00e4r ett effektivt s\u00e4tt att bibeh\u00e5lla avst\u00e5nd och inriktning mellan forms\u00e4ttningspaneler. Denna kombination \u00e4r avg\u00f6rande i:<\/p>\n<ul>\n<li><strong>V\u00e4ggkonstruktion av betong:<\/strong> Se till att v\u00e4ggarna \u00e4r raka och korrekt inriktade.<\/li>\n<li><strong>Bygga grunden:<\/strong> Uppr\u00e4tth\u00e5lla integriteten och precisionen hos grundl\u00e4ggningsformar.<\/li>\n<li><strong>Kommersiella projekt och bostadsprojekt:<\/strong> Den \u00e4r tillr\u00e4ckligt m\u00e5ngsidig f\u00f6r att kunna anv\u00e4ndas i olika typer av byggprojekt, fr\u00e5n stora kommersiella anl\u00e4ggningar till mindre bostadsbyggen.<\/li>\n<\/ul>\n<p>Genom att integrera One Piece Waler Bracket i dina formsystem kan du uppn\u00e5 \u00f6kad noggrannhet, stabilitet och s\u00e4kerhet i dina byggprojekt.<\/p>\n<p><strong>Varf\u00f6r v\u00e4lja H&amp;F:<\/strong><\/p>\n<p>H&amp;F har \u00e5tagit sig att tillhandah\u00e5lla byggbeslag av h\u00f6gsta kvalitet som uppfyller internationella standarder. V\u00e5rt One Piece Waler Bracket \u00e4r ett bevis p\u00e5 v\u00e5rt engagemang f\u00f6r excellens och erbjuder p\u00e5litlig prestanda och h\u00e5llbarhet.<\/p>","protected":false},"excerpt":{"rendered":"<p>S\u00e4kra och stabilisera din forms\u00e4ttning med v\u00e5rt h\u00e5llbara, l\u00e4ttinstallerade st\u00f6d. Det \u00e4r perfekt f\u00f6r betongv\u00e4ggar och grundkonstruktioner och garanterar exakt uppriktning och s\u00e4kerhet. Perfekt komplement till sn\u00e4ppband f\u00f6r effektiv och tillf\u00f6rlitlig montering av formar. F\u00f6rb\u00e4ttra dina byggprojekt med H&amp;F:s h\u00e5rdvara av h\u00f6gsta kvalitet.<\/p>","protected":false},"featured_media":7202,"comment_status":"open","ping_status":"closed","template":"","meta":{"site-sidebar-layout":"default","site-content-layout":"","ast-site-content-layout":"default","site-content-style":"default","site-sidebar-style":"default","ast-global-header-display":"","ast-banner-title-visibility":"","ast-main-header-display":"","ast-hfb-above-header-display":"","ast-hfb-below-header-display":"","ast-hfb-mobile-header-display":"","site-post-title":"","ast-breadcrumbs-content":"","ast-featured-img":"","footer-sml-layout":"","theme-transparent-header-meta":"default","adv-header-id-meta":"","stick-header-meta":"default","header-above-stick-meta":"","header-main-stick-meta":"","header-below-stick-meta":"","astra-migrate-meta-layouts":"set","ast-page-background-enabled":"default","ast-page-background-meta":{"desktop":{"background-color":"","background-image":"","background-repeat":"repeat","background-position":"center center","background-size":"auto","background-attachment":"scroll","background-type":"","background-media":"","overlay-type":"","overlay-color":"","overlay-opacity":"","overlay-gradient":""},"tablet":{"background-color":"","background-image":"","background-repeat":"repeat","background-position":"center center","background-size":"auto","background-attachment":"scroll","background-type":"","background-media":"","overlay-type":"","overlay-color":"","overlay-opacity":"","overlay-gradient":""},"mobile":{"background-color":"","background-image":"","background-repeat":"repeat","background-position":"center center","background-size":"auto","background-attachment":"scroll","background-type":"","background-media":"","overlay-type":"","overlay-color":"","overlay-opacity":"","overlay-gradient":""}},"ast-content-background-meta":{"desktop":{"background-color":"var(--ast-global-color-5)","background-image":"","background-repeat":"repeat","background-position":"center center","background-size":"auto","background-attachment":"scroll","background-type":"","background-media":"","overlay-type":"","overlay-color":"","overlay-opacity":"","overlay-gradient":""},"tablet":{"background-color":"var(--ast-global-color-5)","background-image":"","background-repeat":"repeat","background-position":"center center","background-size":"auto","background-attachment":"scroll","background-type":"","background-media":"","overlay-type":"","overlay-color":"","overlay-opacity":"","overlay-gradient":""},"mobile":{"background-color":"var(--ast-global-color-5)","background-image":"","background-repeat":"repeat","background-position":"center center","background-size":"auto","background-attachment":"scroll","background-type":"","background-media":"","overlay-type":"","overlay-color":"","overlay-opacity":"","overlay-gradient":""}}},"product_brand":[],"product_cat":[28],"product_tag":[],"class_list":{"0":"post-7201","1":"product","2":"type-product","3":"status-publish","4":"has-post-thumbnail","6":"product_cat-concrete-forming","7":"desktop-align-left","8":"tablet-align-left","9":"mobile-align-left","10":"ast-product-gallery-layout-horizontal-slider","11":"ast-product-tabs-layout-horizontal","13":"first","14":"instock","15":"featured","16":"shipping-taxable","17":"purchasable","18":"product-type-simple"},"yoast_head":"<!-- This site is optimized with the Yoast SEO plugin v25.2 - https:\/\/yoast.com\/wordpress\/plugins\/seo\/ -->\n<title>One Piece Waler Bracket<\/title>\n<meta name=\"description\" content=\"Secure and stabilize your formwork with our durable, easy-to-install waler bracket. Ideal for concrete wall and foundation construction, it ensures precise alignment and safety.\" \/>\n<meta name=\"robots\" content=\"index, follow, max-snippet:-1, max-image-preview:large, max-video-preview:-1\" \/>\n<link rel=\"canonical\" href=\"https:\/\/qingdaohf.com\/sv\/produkt\/walerfaste-i-ett-stycke\/\" \/>\n<meta property=\"og:locale\" content=\"sv_SE\" \/>\n<meta property=\"og:type\" content=\"article\" \/>\n<meta property=\"og:title\" content=\"One Piece Waler Bracket\" \/>\n<meta property=\"og:description\" content=\"Secure and stabilize your formwork with our durable, easy-to-install waler bracket. Ideal for concrete wall and foundation construction, it ensures precise alignment and safety.\" \/>\n<meta property=\"og:url\" content=\"https:\/\/qingdaohf.com\/sv\/produkt\/walerfaste-i-ett-stycke\/\" \/>\n<meta property=\"og:site_name\" content=\"Concrete Form &amp; Rigging Hardware Supplier\" \/>\n<meta property=\"article:publisher\" content=\"https:\/\/www.facebook.com\/qingdaohf\" \/>\n<meta property=\"article:modified_time\" content=\"2025-11-13T01:03:16+00:00\" \/>\n<meta property=\"og:image\" content=\"https:\/\/qingdaohf.com\/wp-content\/uploads\/2024\/05\/heavy-one-piece-waler-bracket-1.jpg\" \/>\n\t<meta property=\"og:image:width\" content=\"1000\" \/>\n\t<meta property=\"og:image:height\" content=\"1000\" \/>\n\t<meta property=\"og:image:type\" content=\"image\/jpeg\" \/>\n<meta name=\"twitter:card\" content=\"summary_large_image\" \/>\n<meta name=\"twitter:label1\" content=\"Ber\u00e4knad l\u00e4stid\" \/>\n\t<meta name=\"twitter:data1\" content=\"2 minuter\" \/>\n<script type=\"application\/ld+json\" class=\"yoast-schema-graph\">{\"@context\":\"https:\/\/schema.org\",\"@graph\":[{\"@type\":\"WebPage\",\"@id\":\"https:\/\/qingdaohf.com\/product\/one-piece-waler-bracket\/\",\"url\":\"https:\/\/qingdaohf.com\/product\/one-piece-waler-bracket\/\",\"name\":\"One Piece Waler Bracket\",\"isPartOf\":{\"@id\":\"https:\/\/qingdaohf.com\/bg\/#website\"},\"primaryImageOfPage\":{\"@id\":\"https:\/\/qingdaohf.com\/product\/one-piece-waler-bracket\/#primaryimage\"},\"image\":{\"@id\":\"https:\/\/qingdaohf.com\/product\/one-piece-waler-bracket\/#primaryimage\"},\"thumbnailUrl\":\"https:\/\/qingdaohf.com\/wp-content\/uploads\/2024\/05\/heavy-one-piece-waler-bracket-1.jpg\",\"datePublished\":\"2024-05-21T07:26:46+00:00\",\"dateModified\":\"2025-11-13T01:03:16+00:00\",\"description\":\"Secure and stabilize your formwork with our durable, easy-to-install waler bracket. Ideal for concrete wall and foundation construction, it ensures precise alignment and safety.\",\"breadcrumb\":{\"@id\":\"https:\/\/qingdaohf.com\/product\/one-piece-waler-bracket\/#breadcrumb\"},\"inLanguage\":\"sv-SE\",\"potentialAction\":[{\"@type\":\"ReadAction\",\"target\":[\"https:\/\/qingdaohf.com\/product\/one-piece-waler-bracket\/\"]}]},{\"@type\":\"ImageObject\",\"inLanguage\":\"sv-SE\",\"@id\":\"https:\/\/qingdaohf.com\/product\/one-piece-waler-bracket\/#primaryimage\",\"url\":\"https:\/\/qingdaohf.com\/wp-content\/uploads\/2024\/05\/heavy-one-piece-waler-bracket-1.jpg\",\"contentUrl\":\"https:\/\/qingdaohf.com\/wp-content\/uploads\/2024\/05\/heavy-one-piece-waler-bracket-1.jpg\",\"width\":1000,\"height\":1000,\"caption\":\"heavy one piece waler bracket\"},{\"@type\":\"BreadcrumbList\",\"@id\":\"https:\/\/qingdaohf.com\/product\/one-piece-waler-bracket\/#breadcrumb\",\"itemListElement\":[{\"@type\":\"ListItem\",\"position\":1,\"name\":\"Home\",\"item\":\"https:\/\/qingdaohf.com\/\"},{\"@type\":\"ListItem\",\"position\":2,\"name\":\"Concrete Forming Accessories and Rigging Hardware\",\"item\":\"https:\/\/qingdaohf.com\/bg\/?page_id=944\"},{\"@type\":\"ListItem\",\"position\":3,\"name\":\"One Piece Waler Bracket\"}]},{\"@type\":\"WebSite\",\"@id\":\"https:\/\/qingdaohf.com\/bg\/#website\",\"url\":\"https:\/\/qingdaohf.com\/bg\/\",\"name\":\"Concrete Form & Rigging Hardware Supplier\",\"description\":\"\",\"publisher\":{\"@id\":\"https:\/\/qingdaohf.com\/bg\/#organization\"},\"potentialAction\":[{\"@type\":\"SearchAction\",\"target\":{\"@type\":\"EntryPoint\",\"urlTemplate\":\"https:\/\/qingdaohf.com\/bg\/?s={search_term_string}\"},\"query-input\":{\"@type\":\"PropertyValueSpecification\",\"valueRequired\":true,\"valueName\":\"search_term_string\"}}],\"inLanguage\":\"sv-SE\"},{\"@type\":\"Organization\",\"@id\":\"https:\/\/qingdaohf.com\/bg\/#organization\",\"name\":\"Qingdao H&F\",\"url\":\"https:\/\/qingdaohf.com\/bg\/\",\"logo\":{\"@type\":\"ImageObject\",\"inLanguage\":\"sv-SE\",\"@id\":\"https:\/\/qingdaohf.com\/bg\/#\/schema\/logo\/image\/\",\"url\":\"https:\/\/qingdaohf.com\/wp-content\/uploads\/2022\/12\/cropped-HF-LOGO.png\",\"contentUrl\":\"https:\/\/qingdaohf.com\/wp-content\/uploads\/2022\/12\/cropped-HF-LOGO.png\",\"width\":391,\"height\":249,\"caption\":\"Qingdao H&F\"},\"image\":{\"@id\":\"https:\/\/qingdaohf.com\/bg\/#\/schema\/logo\/image\/\"},\"sameAs\":[\"https:\/\/www.facebook.com\/qingdaohf\"]}]}<\/script>\n<!-- \/ Yoast SEO plugin. -->","yoast_head_json":{"title":"One Piece Waler Bracket","description":"Secure and stabilize your formwork with our durable, easy-to-install waler bracket. Ideal for concrete wall and foundation construction, it ensures precise alignment and safety.","robots":{"index":"index","follow":"follow","max-snippet":"max-snippet:-1","max-image-preview":"max-image-preview:large","max-video-preview":"max-video-preview:-1"},"canonical":"https:\/\/qingdaohf.com\/sv\/produkt\/walerfaste-i-ett-stycke\/","og_locale":"sv_SE","og_type":"article","og_title":"One Piece Waler Bracket","og_description":"Secure and stabilize your formwork with our durable, easy-to-install waler bracket. Ideal for concrete wall and foundation construction, it ensures precise alignment and safety.","og_url":"https:\/\/qingdaohf.com\/sv\/produkt\/walerfaste-i-ett-stycke\/","og_site_name":"Concrete Form &amp; Rigging Hardware Supplier","article_publisher":"https:\/\/www.facebook.com\/qingdaohf","article_modified_time":"2025-11-13T01:03:16+00:00","og_image":[{"width":1000,"height":1000,"url":"https:\/\/qingdaohf.com\/wp-content\/uploads\/2024\/05\/heavy-one-piece-waler-bracket-1.jpg","type":"image\/jpeg"}],"twitter_card":"summary_large_image","twitter_misc":{"Ber\u00e4knad l\u00e4stid":"2 minuter"},"schema":{"@context":"https:\/\/schema.org","@graph":[{"@type":"WebPage","@id":"https:\/\/qingdaohf.com\/product\/one-piece-waler-bracket\/","url":"https:\/\/qingdaohf.com\/product\/one-piece-waler-bracket\/","name":"One Piece Waler Bracket","isPartOf":{"@id":"https:\/\/qingdaohf.com\/bg\/#website"},"primaryImageOfPage":{"@id":"https:\/\/qingdaohf.com\/product\/one-piece-waler-bracket\/#primaryimage"},"image":{"@id":"https:\/\/qingdaohf.com\/product\/one-piece-waler-bracket\/#primaryimage"},"thumbnailUrl":"https:\/\/qingdaohf.com\/wp-content\/uploads\/2024\/05\/heavy-one-piece-waler-bracket-1.jpg","datePublished":"2024-05-21T07:26:46+00:00","dateModified":"2025-11-13T01:03:16+00:00","description":"Secure and stabilize your formwork with our durable, easy-to-install waler bracket. Ideal for concrete wall and foundation construction, it ensures precise alignment and safety.","breadcrumb":{"@id":"https:\/\/qingdaohf.com\/product\/one-piece-waler-bracket\/#breadcrumb"},"inLanguage":"sv-SE","potentialAction":[{"@type":"ReadAction","target":["https:\/\/qingdaohf.com\/product\/one-piece-waler-bracket\/"]}]},{"@type":"ImageObject","inLanguage":"sv-SE","@id":"https:\/\/qingdaohf.com\/product\/one-piece-waler-bracket\/#primaryimage","url":"https:\/\/qingdaohf.com\/wp-content\/uploads\/2024\/05\/heavy-one-piece-waler-bracket-1.jpg","contentUrl":"https:\/\/qingdaohf.com\/wp-content\/uploads\/2024\/05\/heavy-one-piece-waler-bracket-1.jpg","width":1000,"height":1000,"caption":"heavy one piece waler bracket"},{"@type":"BreadcrumbList","@id":"https:\/\/qingdaohf.com\/product\/one-piece-waler-bracket\/#breadcrumb","itemListElement":[{"@type":"ListItem","position":1,"name":"Home","item":"https:\/\/qingdaohf.com\/"},{"@type":"ListItem","position":2,"name":"Concrete Forming Accessories and Rigging Hardware","item":"https:\/\/qingdaohf.com\/bg\/?page_id=944"},{"@type":"ListItem","position":3,"name":"One Piece Waler Bracket"}]},{"@type":"WebSite","@id":"https:\/\/qingdaohf.com\/bg\/#website","url":"https:\/\/qingdaohf.com\/bg\/","name":"Concrete Form & Rigging Hardware Supplier","description":"","publisher":{"@id":"https:\/\/qingdaohf.com\/bg\/#organization"},"potentialAction":[{"@type":"SearchAction","target":{"@type":"EntryPoint","urlTemplate":"https:\/\/qingdaohf.com\/bg\/?s={search_term_string}"},"query-input":{"@type":"PropertyValueSpecification","valueRequired":true,"valueName":"search_term_string"}}],"inLanguage":"sv-SE"},{"@type":"Organization","@id":"https:\/\/qingdaohf.com\/bg\/#organization","name":"Qingdao H&F","url":"https:\/\/qingdaohf.com\/bg\/","logo":{"@type":"ImageObject","inLanguage":"sv-SE","@id":"https:\/\/qingdaohf.com\/bg\/#\/schema\/logo\/image\/","url":"https:\/\/qingdaohf.com\/wp-content\/uploads\/2022\/12\/cropped-HF-LOGO.png","contentUrl":"https:\/\/qingdaohf.com\/wp-content\/uploads\/2022\/12\/cropped-HF-LOGO.png","width":391,"height":249,"caption":"Qingdao H&F"},"image":{"@id":"https:\/\/qingdaohf.com\/bg\/#\/schema\/logo\/image\/"},"sameAs":["https:\/\/www.facebook.com\/qingdaohf"]}]}},"_links":{"self":[{"href":"https:\/\/qingdaohf.com\/sv\/wp-json\/wp\/v2\/product\/7201","targetHints":{"allow":["GET"]}}],"collection":[{"href":"https:\/\/qingdaohf.com\/sv\/wp-json\/wp\/v2\/product"}],"about":[{"href":"https:\/\/qingdaohf.com\/sv\/wp-json\/wp\/v2\/types\/product"}],"replies":[{"embeddable":true,"href":"https:\/\/qingdaohf.com\/sv\/wp-json\/wp\/v2\/comments?post=7201"}],"version-history":[{"count":4,"href":"https:\/\/qingdaohf.com\/sv\/wp-json\/wp\/v2\/product\/7201\/revisions"}],"predecessor-version":[{"id":8389,"href":"https:\/\/qingdaohf.com\/sv\/wp-json\/wp\/v2\/product\/7201\/revisions\/8389"}],"wp:featuredmedia":[{"embeddable":true,"href":"https:\/\/qingdaohf.com\/sv\/wp-json\/wp\/v2\/media\/7202"}],"wp:attachment":[{"href":"https:\/\/qingdaohf.com\/sv\/wp-json\/wp\/v2\/media?parent=7201"}],"wp:term":[{"taxonomy":"product_brand","embeddable":true,"href":"https:\/\/qingdaohf.com\/sv\/wp-json\/wp\/v2\/product_brand?post=7201"},{"taxonomy":"product_cat","embeddable":true,"href":"https:\/\/qingdaohf.com\/sv\/wp-json\/wp\/v2\/product_cat?post=7201"},{"taxonomy":"product_tag","embeddable":true,"href":"https:\/\/qingdaohf.com\/sv\/wp-json\/wp\/v2\/product_tag?post=7201"}],"curies":[{"name":"wp","href":"https:\/\/api.w.org\/{rel}","templated":true}]}}