{"id":7352,"date":"2024-05-27T11:44:05","date_gmt":"2024-05-27T03:44:05","guid":{"rendered":"http:\/\/qingdaohf.com\/?post_type=product&#038;p=7352"},"modified":"2025-11-13T09:03:16","modified_gmt":"2025-11-13T01:03:16","slug":"concrete-forming-stake","status":"publish","type":"product","link":"https:\/\/qingdaohf.com\/sv\/produkt\/betongformningsinsats\/","title":{"rendered":"Betongformningsspett Rund st\u00e5lspett"},"content":{"rendered":"<h2>Typer av betongformning Stake<\/h2>\n<p>Betongformningsspett finns i olika former och material, vart och ett utformat f\u00f6r att uppfylla specifika byggbehov. De viktigaste typerna av betongformningsp\u00e5lar inkluderar runda st\u00e5lp\u00e5lar, fyrkantiga st\u00e5lp\u00e5lar, platta I-balkp\u00e5lar och platta st\u00e5lp\u00e5lar. Varje typ har unika egenskaper som g\u00f6r den l\u00e4mplig f\u00f6r s\u00e4rskilda anv\u00e4ndningsomr\u00e5den.<\/p>\n<h3>Rund st\u00e5lp\u00e5le<\/h3>\n<p>Runda st\u00e5lp\u00e5lar \u00e4r den vanligaste typen av betongp\u00e5lar som anv\u00e4nds i byggbranschen. De \u00e4r k\u00e4nda f\u00f6r sin styrka och h\u00e5llbarhet och \u00e4r idealiska f\u00f6r tunga applikationer. Tillverkarna tillverkar vanligtvis dessa p\u00e5lar av h\u00f6gkvalitativt st\u00e5l, vilket ger utm\u00e4rkt motst\u00e5ndskraft mot b\u00f6jning och brytning under tryck.<\/p>\n<h3>Fyrkantig st\u00e5lpinne<\/h3>\n<p>Fyrkantiga st\u00e5lp\u00e5lar \u00e4r ett alternativ till runda st\u00e5lp\u00e5lar och erbjuder en annan form som kan vara f\u00f6rdelaktig i vissa situationer. Den kvadratiska formen ger extra yta f\u00f6r b\u00e4ttre grepp och stabilitet i marken. Detta g\u00f6r dem s\u00e4rskilt anv\u00e4ndbara i mjukare mark d\u00e4r extra h\u00e5llkraft beh\u00f6vs.<\/p>\n<h3>Platt I-balk Stake<\/h3>\n<p>Platta I-balkar, \u00e4ven k\u00e4nda som I-balkar, \u00e4r konstruerade f\u00f6r att ge maximal styrka och stabilitet. Deras unika I-balkform g\u00f6r att de kan hantera h\u00f6gre belastningar och motst\u00e5 b\u00f6jning. Storskaliga byggprojekt anv\u00e4nder ofta dessa p\u00e5lar d\u00e4r stabilitet och styrka \u00e4r avg\u00f6rande.<\/p>\n<h3>Plattst\u00e5lsp\u00e5le<\/h3>\n<p>Platta st\u00e5lp\u00e5lar \u00e4r ett annat popul\u00e4rt val f\u00f6r betongformning. Den platta designen g\u00f6r dem l\u00e4tta att sl\u00e5 ner i marken och ger en bred yta f\u00f6r att h\u00e5lla formen p\u00e5 plats. Dessa p\u00e5lar \u00e4r m\u00e5ngsidiga och kan anv\u00e4ndas i en m\u00e4ngd olika byggtill\u00e4mpningar, vilket g\u00f6r dem till en stapelvara i m\u00e5nga byggverktygsl\u00e5dor.<\/p>\n<h2>Vanliga storlekar p\u00e5 betongformar<\/h2>\n<p>Betongformningsp\u00e5lar finns i olika storlekar f\u00f6r att tillgodose olika byggbehov. De vanligaste storlekarna \u00e4r 18 tum, 24 tum och 36 tum. Varje storlek tj\u00e4nar specifika syften och ger olika niv\u00e5er av st\u00f6d f\u00f6r formning.<\/p>\n<h3>18-tums p\u00e5lar<\/h3>\n<p>18-tums p\u00e5lar anv\u00e4nds vanligtvis f\u00f6r mindre projekt eller i situationer d\u00e4r formen inte beh\u00f6ver f\u00e4stas djupt ner i marken. De \u00e4r l\u00e4tta att hantera och installera, vilket g\u00f6r dem idealiska f\u00f6r snabba och enkla betonggjutningar. Trots sin mindre storlek erbjuder de fortfarande betydande h\u00e5llkraft f\u00f6r de flesta l\u00e4tta applikationer.<\/p>\n<h3>24-tums p\u00e5lar<\/h3>\n<p>24-tums p\u00e5lar \u00e4r ett m\u00e5ngsidigt alternativ som kan anv\u00e4ndas i en m\u00e4ngd olika byggprojekt. De ger en bra balans mellan anv\u00e4ndarv\u00e4nlighet och h\u00e5llkraft, vilket g\u00f6r dem l\u00e4mpliga f\u00f6r medelstora gjutningar och allm\u00e4nna byggnadsarbeten. Entrepren\u00f6rer f\u00f6redrar ofta dessa p\u00e5lar f\u00f6r deras anpassningsf\u00f6rm\u00e5ga och effektivitet i olika markf\u00f6rh\u00e5llanden.<\/p>\n<h3>36-tums p\u00e5lar<\/h3>\n<p>36-tums p\u00e5lar \u00e4r konstruerade f\u00f6r tunga till\u00e4mpningar d\u00e4r det kr\u00e4vs djupa ingrepp i marken. De h\u00e4r p\u00e5larna ger maximal stabilitet och st\u00f6d f\u00f6r storskaliga formar och betonggjutningar. De \u00e4r idealiska f\u00f6r anv\u00e4ndning i utmanande markf\u00f6rh\u00e5llanden eller n\u00e4r man arbetar med betonggjutningar med stora volymer som kr\u00e4ver extra f\u00f6rst\u00e4rkning.<\/p>\n<h2>Till\u00e4mpningar av betongformningsinsats<\/h2>\n<p>Betongformningsp\u00e5lar spelar en avg\u00f6rande roll i olika byggtill\u00e4mpningar. Deras prim\u00e4ra funktion \u00e4r att h\u00e5lla formen p\u00e5 plats och se till att betongen stelnar korrekt och beh\u00e5ller sin \u00f6nskade form. H\u00e4r \u00e4r n\u00e5gra vanliga anv\u00e4ndningsomr\u00e5den f\u00f6r betongformningsp\u00e5lar:<\/p>\n<h3>Grundl\u00e4ggande arbete<\/h3>\n<p>Betongformsp\u00e5lar \u00e4r n\u00f6dv\u00e4ndiga vid grundl\u00e4ggningsarbeten, d\u00e4r exakt och stabil formning \u00e4r avg\u00f6rande. De s\u00e4krar de tr\u00e4- eller metallformar som formar betongfundamenten till byggnader och ser till att fundamenten \u00e4r j\u00e4mna och korrekt inriktade.<\/p>\n<h3>Uppfarter och trottoarer<\/h3>\n<p>I bostads- och kommersiella projekt anv\u00e4nds betongformar f\u00f6r att skapa sl\u00e4ta och h\u00e5llbara uppfarter och trottoarer. Genom att h\u00e5lla formen p\u00e5 plats hj\u00e4lper dessa p\u00e5lar till att s\u00e4kerst\u00e4lla att betongen gjuts i r\u00e4tt dimensioner och att den f\u00e4rdiga ytan \u00e4r j\u00e4mn och ordentligt graderad.<\/p>\n<h3>St\u00f6dmurar<\/h3>\n<p>St\u00f6dmurar kr\u00e4ver en stark och stabil forms\u00e4ttning f\u00f6r att h\u00e5lla betongen p\u00e5 plats n\u00e4r den h\u00e4rdar. Betongformningsstolpar ger det n\u00f6dv\u00e4ndiga st\u00f6det f\u00f6r att f\u00f6rhindra att formen f\u00f6rskjuts eller kollapsar, vilket resulterar i en solid och stabil st\u00f6dmur som kan motst\u00e5 trycket fr\u00e5n marken bakom den.<\/p>\n<h3>Plattor och golv<\/h3>\n<p>Vid gjutning av betongplattor och golv s\u00e4kerst\u00e4ller en exakt och stabil forms\u00e4ttning en j\u00e4mn yta. Betongformningsp\u00e5lar hj\u00e4lper till att h\u00e5lla formen i r\u00e4tt l\u00e4ge och f\u00f6rhindrar r\u00f6relser som kan leda till oj\u00e4mn eller felaktigt h\u00e4rdad betong.<\/p>\n<h3>Kantstenar och takr\u00e4nnor<\/h3>\n<p>Betongformningsp\u00e5lar anv\u00e4nds ocks\u00e5 vid konstruktion av kantstenar och r\u00e4nnor, d\u00e4r exakt formning kr\u00e4vs f\u00f6r att skapa \u00f6nskade former och vinklar. Genom att s\u00e4kra formen bidrar dessa insatser till att s\u00e4kerst\u00e4lla att betongen h\u00e4rdar korrekt och att den f\u00e4rdiga produkten \u00e4r b\u00e5de funktionell och estetiskt tilltalande.<\/p>\n<h3>Broar och \u00f6verfarter<\/h3>\n<p>Stora infrastrukturprojekt, som broar och viadukter, kr\u00e4ver robusta formar f\u00f6r att hantera den stora vikten och volymen av betong. Betongformningsstolpar ger det st\u00f6d som beh\u00f6vs f\u00f6r att h\u00e5lla formen p\u00e5 plats, vilket s\u00e4kerst\u00e4ller att betongen h\u00e4rdar ordentligt och att den f\u00e4rdiga konstruktionen \u00e4r stark och stabil.<\/p>\n<h3>Pelare och balkar<\/h3>\n<p>Vid byggandet av pelare och balkar s\u00e4krar betongformst\u00e4nger den vertikala och horisontella formen som formar dessa konstruktionselement. Genom att h\u00e5lla formen i r\u00e4tt l\u00e4ge bidrar pinnarna till att s\u00e4kerst\u00e4lla att betongen h\u00e4rdar korrekt och att pelarna och balkarna \u00e4r starka och r\u00e4tt inriktade.<\/p>\n<h3>Dekorativa betongarbeten<\/h3>\n<p>Betongformningsp\u00e5lar anv\u00e4nds ocks\u00e5 vid dekorativa betongarbeten, t.ex. st\u00e4mplade eller f\u00e4rgade betongytor. Genom att s\u00e4kra formen hj\u00e4lper dessa stakar till att s\u00e4kerst\u00e4lla att de dekorativa elementen formas exakt och att den f\u00e4rdiga ytan uppfyller \u00f6nskade estetiska standarder.<\/p>\n<h2>Slutsats<\/h2>\n<p>Betongp\u00e5lar \u00e4r oumb\u00e4rliga verktyg i byggbranschen och ger n\u00f6dv\u00e4ndigt st\u00f6d och stabilitet f\u00f6r forms\u00e4ttning inom en rad olika anv\u00e4ndningsomr\u00e5den. Oavsett om du arbetar med ett litet bostadsprojekt eller en stor kommersiell infrastruktur kan r\u00e4tt typ och storlek p\u00e5 formstagen g\u00f6ra en betydande skillnad f\u00f6r kvaliteten och stabiliteten hos dina betongkonstruktioner. Att f\u00f6rst\u00e5 de olika typerna av p\u00e5lar och deras anv\u00e4ndningsomr\u00e5den hj\u00e4lper dig att v\u00e4lja de b\u00e4sta alternativen f\u00f6r dina specifika byggbehov.<\/p>","protected":false},"excerpt":{"rendered":"<p>Betongformningsp\u00e5lar \u00e4r viktiga verktyg i byggbranschen och anv\u00e4nds f\u00f6r att s\u00e4kra och stabilisera formar f\u00f6r betonggjutning. Dessa p\u00e5lar s\u00e4kerst\u00e4ller att betongen stelnar korrekt och ger den n\u00f6dv\u00e4ndiga formen och st\u00f6det f\u00f6r olika byggprojekt. I den h\u00e4r guiden g\u00e5r vi igenom de olika typerna av betongformar, deras vanliga storlekar och deras olika anv\u00e4ndningsomr\u00e5den inom byggbranschen.<\/p>","protected":false},"featured_media":7353,"comment_status":"open","ping_status":"closed","template":"","meta":{"site-sidebar-layout":"default","site-content-layout":"","ast-site-content-layout":"default","site-content-style":"default","site-sidebar-style":"default","ast-global-header-display":"","ast-banner-title-visibility":"","ast-main-header-display":"","ast-hfb-above-header-display":"","ast-hfb-below-header-display":"","ast-hfb-mobile-header-display":"","site-post-title":"","ast-breadcrumbs-content":"","ast-featured-img":"","footer-sml-layout":"","theme-transparent-header-meta":"default","adv-header-id-meta":"","stick-header-meta":"default","header-above-stick-meta":"","header-main-stick-meta":"","header-below-stick-meta":"","astra-migrate-meta-layouts":"set","ast-page-background-enabled":"default","ast-page-background-meta":{"desktop":{"background-color":"","background-image":"","background-repeat":"repeat","background-position":"center center","background-size":"auto","background-attachment":"scroll","background-type":"","background-media":"","overlay-type":"","overlay-color":"","overlay-opacity":"","overlay-gradient":""},"tablet":{"background-color":"","background-image":"","background-repeat":"repeat","background-position":"center center","background-size":"auto","background-attachment":"scroll","background-type":"","background-media":"","overlay-type":"","overlay-color":"","overlay-opacity":"","overlay-gradient":""},"mobile":{"background-color":"","background-image":"","background-repeat":"repeat","background-position":"center center","background-size":"auto","background-attachment":"scroll","background-type":"","background-media":"","overlay-type":"","overlay-color":"","overlay-opacity":"","overlay-gradient":""}},"ast-content-background-meta":{"desktop":{"background-color":"var(--ast-global-color-5)","background-image":"","background-repeat":"repeat","background-position":"center center","background-size":"auto","background-attachment":"scroll","background-type":"","background-media":"","overlay-type":"","overlay-color":"","overlay-opacity":"","overlay-gradient":""},"tablet":{"background-color":"var(--ast-global-color-5)","background-image":"","background-repeat":"repeat","background-position":"center center","background-size":"auto","background-attachment":"scroll","background-type":"","background-media":"","overlay-type":"","overlay-color":"","overlay-opacity":"","overlay-gradient":""},"mobile":{"background-color":"var(--ast-global-color-5)","background-image":"","background-repeat":"repeat","background-position":"center center","background-size":"auto","background-attachment":"scroll","background-type":"","background-media":"","overlay-type":"","overlay-color":"","overlay-opacity":"","overlay-gradient":""}}},"product_brand":[],"product_cat":[53],"product_tag":[],"class_list":{"0":"post-7352","1":"product","2":"type-product","3":"status-publish","4":"has-post-thumbnail","6":"product_cat-steel-stake","7":"desktop-align-left","8":"tablet-align-left","9":"mobile-align-left","10":"ast-product-gallery-layout-horizontal-slider","11":"ast-product-tabs-layout-horizontal","13":"first","14":"instock","15":"featured","16":"shipping-taxable","17":"purchasable","18":"product-type-simple"},"yoast_head":"<!-- This site is optimized with the Yoast SEO plugin v25.2 - https:\/\/yoast.com\/wordpress\/plugins\/seo\/ -->\n<title>Concrete Forming Stake Round Steel Stake<\/title>\n<meta name=\"description\" content=\"Concrete forming stakes are essential tools in the construction industry, used to secure and stabilize formwork for concrete pours.\" \/>\n<meta name=\"robots\" content=\"index, follow, max-snippet:-1, max-image-preview:large, max-video-preview:-1\" \/>\n<link rel=\"canonical\" href=\"https:\/\/qingdaohf.com\/sv\/produkt\/betongformningsinsats\/\" \/>\n<meta property=\"og:locale\" content=\"sv_SE\" \/>\n<meta property=\"og:type\" content=\"article\" \/>\n<meta property=\"og:title\" content=\"Concrete Forming Stake Round Steel Stake\" \/>\n<meta property=\"og:description\" content=\"Concrete forming stakes are essential tools in the construction industry, used to secure and stabilize formwork for concrete pours.\" \/>\n<meta property=\"og:url\" content=\"https:\/\/qingdaohf.com\/sv\/produkt\/betongformningsinsats\/\" \/>\n<meta property=\"og:site_name\" content=\"Concrete Form &amp; Rigging Hardware Supplier\" \/>\n<meta property=\"article:publisher\" content=\"https:\/\/www.facebook.com\/qingdaohf\" \/>\n<meta property=\"article:modified_time\" content=\"2025-11-13T01:03:16+00:00\" \/>\n<meta property=\"og:image\" content=\"https:\/\/qingdaohf.com\/wp-content\/uploads\/2024\/05\/Concrete-Forming-Stake.jpg\" \/>\n\t<meta property=\"og:image:width\" content=\"1000\" \/>\n\t<meta property=\"og:image:height\" content=\"1000\" \/>\n\t<meta property=\"og:image:type\" content=\"image\/jpeg\" \/>\n<meta name=\"twitter:card\" content=\"summary_large_image\" \/>\n<meta name=\"twitter:label1\" content=\"Ber\u00e4knad l\u00e4stid\" \/>\n\t<meta name=\"twitter:data1\" content=\"5 minuter\" \/>\n<script type=\"application\/ld+json\" class=\"yoast-schema-graph\">{\"@context\":\"https:\/\/schema.org\",\"@graph\":[{\"@type\":\"WebPage\",\"@id\":\"https:\/\/qingdaohf.com\/product\/concrete-forming-stake\/\",\"url\":\"https:\/\/qingdaohf.com\/product\/concrete-forming-stake\/\",\"name\":\"Concrete Forming Stake Round Steel Stake\",\"isPartOf\":{\"@id\":\"https:\/\/qingdaohf.com\/bg\/#website\"},\"primaryImageOfPage\":{\"@id\":\"https:\/\/qingdaohf.com\/product\/concrete-forming-stake\/#primaryimage\"},\"image\":{\"@id\":\"https:\/\/qingdaohf.com\/product\/concrete-forming-stake\/#primaryimage\"},\"thumbnailUrl\":\"https:\/\/qingdaohf.com\/wp-content\/uploads\/2024\/05\/Concrete-Forming-Stake.jpg\",\"datePublished\":\"2024-05-27T03:44:05+00:00\",\"dateModified\":\"2025-11-13T01:03:16+00:00\",\"description\":\"Concrete forming stakes are essential tools in the construction industry, used to secure and stabilize formwork for concrete pours.\",\"breadcrumb\":{\"@id\":\"https:\/\/qingdaohf.com\/product\/concrete-forming-stake\/#breadcrumb\"},\"inLanguage\":\"sv-SE\",\"potentialAction\":[{\"@type\":\"ReadAction\",\"target\":[\"https:\/\/qingdaohf.com\/product\/concrete-forming-stake\/\"]}]},{\"@type\":\"ImageObject\",\"inLanguage\":\"sv-SE\",\"@id\":\"https:\/\/qingdaohf.com\/product\/concrete-forming-stake\/#primaryimage\",\"url\":\"https:\/\/qingdaohf.com\/wp-content\/uploads\/2024\/05\/Concrete-Forming-Stake.jpg\",\"contentUrl\":\"https:\/\/qingdaohf.com\/wp-content\/uploads\/2024\/05\/Concrete-Forming-Stake.jpg\",\"width\":1000,\"height\":1000},{\"@type\":\"BreadcrumbList\",\"@id\":\"https:\/\/qingdaohf.com\/product\/concrete-forming-stake\/#breadcrumb\",\"itemListElement\":[{\"@type\":\"ListItem\",\"position\":1,\"name\":\"Home\",\"item\":\"https:\/\/qingdaohf.com\/\"},{\"@type\":\"ListItem\",\"position\":2,\"name\":\"Concrete Forming Accessories and Rigging Hardware\",\"item\":\"https:\/\/qingdaohf.com\/bg\/?page_id=944\"},{\"@type\":\"ListItem\",\"position\":3,\"name\":\"Concrete Forming Stake Round Steel Stake\"}]},{\"@type\":\"WebSite\",\"@id\":\"https:\/\/qingdaohf.com\/bg\/#website\",\"url\":\"https:\/\/qingdaohf.com\/bg\/\",\"name\":\"Concrete Form & Rigging Hardware Supplier\",\"description\":\"\",\"publisher\":{\"@id\":\"https:\/\/qingdaohf.com\/bg\/#organization\"},\"potentialAction\":[{\"@type\":\"SearchAction\",\"target\":{\"@type\":\"EntryPoint\",\"urlTemplate\":\"https:\/\/qingdaohf.com\/bg\/?s={search_term_string}\"},\"query-input\":{\"@type\":\"PropertyValueSpecification\",\"valueRequired\":true,\"valueName\":\"search_term_string\"}}],\"inLanguage\":\"sv-SE\"},{\"@type\":\"Organization\",\"@id\":\"https:\/\/qingdaohf.com\/bg\/#organization\",\"name\":\"Qingdao H&F\",\"url\":\"https:\/\/qingdaohf.com\/bg\/\",\"logo\":{\"@type\":\"ImageObject\",\"inLanguage\":\"sv-SE\",\"@id\":\"https:\/\/qingdaohf.com\/bg\/#\/schema\/logo\/image\/\",\"url\":\"https:\/\/qingdaohf.com\/wp-content\/uploads\/2022\/12\/cropped-HF-LOGO.png\",\"contentUrl\":\"https:\/\/qingdaohf.com\/wp-content\/uploads\/2022\/12\/cropped-HF-LOGO.png\",\"width\":391,\"height\":249,\"caption\":\"Qingdao H&F\"},\"image\":{\"@id\":\"https:\/\/qingdaohf.com\/bg\/#\/schema\/logo\/image\/\"},\"sameAs\":[\"https:\/\/www.facebook.com\/qingdaohf\"]}]}<\/script>\n<!-- \/ Yoast SEO plugin. -->","yoast_head_json":{"title":"Concrete Forming Stake Round Steel Stake","description":"Concrete forming stakes are essential tools in the construction industry, used to secure and stabilize formwork for concrete pours.","robots":{"index":"index","follow":"follow","max-snippet":"max-snippet:-1","max-image-preview":"max-image-preview:large","max-video-preview":"max-video-preview:-1"},"canonical":"https:\/\/qingdaohf.com\/sv\/produkt\/betongformningsinsats\/","og_locale":"sv_SE","og_type":"article","og_title":"Concrete Forming Stake Round Steel Stake","og_description":"Concrete forming stakes are essential tools in the construction industry, used to secure and stabilize formwork for concrete pours.","og_url":"https:\/\/qingdaohf.com\/sv\/produkt\/betongformningsinsats\/","og_site_name":"Concrete Form &amp; Rigging Hardware Supplier","article_publisher":"https:\/\/www.facebook.com\/qingdaohf","article_modified_time":"2025-11-13T01:03:16+00:00","og_image":[{"width":1000,"height":1000,"url":"https:\/\/qingdaohf.com\/wp-content\/uploads\/2024\/05\/Concrete-Forming-Stake.jpg","type":"image\/jpeg"}],"twitter_card":"summary_large_image","twitter_misc":{"Ber\u00e4knad l\u00e4stid":"5 minuter"},"schema":{"@context":"https:\/\/schema.org","@graph":[{"@type":"WebPage","@id":"https:\/\/qingdaohf.com\/product\/concrete-forming-stake\/","url":"https:\/\/qingdaohf.com\/product\/concrete-forming-stake\/","name":"Concrete Forming Stake Round Steel Stake","isPartOf":{"@id":"https:\/\/qingdaohf.com\/bg\/#website"},"primaryImageOfPage":{"@id":"https:\/\/qingdaohf.com\/product\/concrete-forming-stake\/#primaryimage"},"image":{"@id":"https:\/\/qingdaohf.com\/product\/concrete-forming-stake\/#primaryimage"},"thumbnailUrl":"https:\/\/qingdaohf.com\/wp-content\/uploads\/2024\/05\/Concrete-Forming-Stake.jpg","datePublished":"2024-05-27T03:44:05+00:00","dateModified":"2025-11-13T01:03:16+00:00","description":"Concrete forming stakes are essential tools in the construction industry, used to secure and stabilize formwork for concrete pours.","breadcrumb":{"@id":"https:\/\/qingdaohf.com\/product\/concrete-forming-stake\/#breadcrumb"},"inLanguage":"sv-SE","potentialAction":[{"@type":"ReadAction","target":["https:\/\/qingdaohf.com\/product\/concrete-forming-stake\/"]}]},{"@type":"ImageObject","inLanguage":"sv-SE","@id":"https:\/\/qingdaohf.com\/product\/concrete-forming-stake\/#primaryimage","url":"https:\/\/qingdaohf.com\/wp-content\/uploads\/2024\/05\/Concrete-Forming-Stake.jpg","contentUrl":"https:\/\/qingdaohf.com\/wp-content\/uploads\/2024\/05\/Concrete-Forming-Stake.jpg","width":1000,"height":1000},{"@type":"BreadcrumbList","@id":"https:\/\/qingdaohf.com\/product\/concrete-forming-stake\/#breadcrumb","itemListElement":[{"@type":"ListItem","position":1,"name":"Home","item":"https:\/\/qingdaohf.com\/"},{"@type":"ListItem","position":2,"name":"Concrete Forming Accessories and Rigging Hardware","item":"https:\/\/qingdaohf.com\/bg\/?page_id=944"},{"@type":"ListItem","position":3,"name":"Concrete Forming Stake Round Steel Stake"}]},{"@type":"WebSite","@id":"https:\/\/qingdaohf.com\/bg\/#website","url":"https:\/\/qingdaohf.com\/bg\/","name":"Concrete Form & Rigging Hardware Supplier","description":"","publisher":{"@id":"https:\/\/qingdaohf.com\/bg\/#organization"},"potentialAction":[{"@type":"SearchAction","target":{"@type":"EntryPoint","urlTemplate":"https:\/\/qingdaohf.com\/bg\/?s={search_term_string}"},"query-input":{"@type":"PropertyValueSpecification","valueRequired":true,"valueName":"search_term_string"}}],"inLanguage":"sv-SE"},{"@type":"Organization","@id":"https:\/\/qingdaohf.com\/bg\/#organization","name":"Qingdao H&F","url":"https:\/\/qingdaohf.com\/bg\/","logo":{"@type":"ImageObject","inLanguage":"sv-SE","@id":"https:\/\/qingdaohf.com\/bg\/#\/schema\/logo\/image\/","url":"https:\/\/qingdaohf.com\/wp-content\/uploads\/2022\/12\/cropped-HF-LOGO.png","contentUrl":"https:\/\/qingdaohf.com\/wp-content\/uploads\/2022\/12\/cropped-HF-LOGO.png","width":391,"height":249,"caption":"Qingdao H&F"},"image":{"@id":"https:\/\/qingdaohf.com\/bg\/#\/schema\/logo\/image\/"},"sameAs":["https:\/\/www.facebook.com\/qingdaohf"]}]}},"_links":{"self":[{"href":"https:\/\/qingdaohf.com\/sv\/wp-json\/wp\/v2\/product\/7352","targetHints":{"allow":["GET"]}}],"collection":[{"href":"https:\/\/qingdaohf.com\/sv\/wp-json\/wp\/v2\/product"}],"about":[{"href":"https:\/\/qingdaohf.com\/sv\/wp-json\/wp\/v2\/types\/product"}],"replies":[{"embeddable":true,"href":"https:\/\/qingdaohf.com\/sv\/wp-json\/wp\/v2\/comments?post=7352"}],"version-history":[{"count":6,"href":"https:\/\/qingdaohf.com\/sv\/wp-json\/wp\/v2\/product\/7352\/revisions"}],"predecessor-version":[{"id":10342,"href":"https:\/\/qingdaohf.com\/sv\/wp-json\/wp\/v2\/product\/7352\/revisions\/10342"}],"wp:featuredmedia":[{"embeddable":true,"href":"https:\/\/qingdaohf.com\/sv\/wp-json\/wp\/v2\/media\/7353"}],"wp:attachment":[{"href":"https:\/\/qingdaohf.com\/sv\/wp-json\/wp\/v2\/media?parent=7352"}],"wp:term":[{"taxonomy":"product_brand","embeddable":true,"href":"https:\/\/qingdaohf.com\/sv\/wp-json\/wp\/v2\/product_brand?post=7352"},{"taxonomy":"product_cat","embeddable":true,"href":"https:\/\/qingdaohf.com\/sv\/wp-json\/wp\/v2\/product_cat?post=7352"},{"taxonomy":"product_tag","embeddable":true,"href":"https:\/\/qingdaohf.com\/sv\/wp-json\/wp\/v2\/product_tag?post=7352"}],"curies":[{"name":"wp","href":"https:\/\/api.w.org\/{rel}","templated":true}]}}