{"id":7381,"date":"2024-05-28T18:22:19","date_gmt":"2024-05-28T10:22:19","guid":{"rendered":"http:\/\/qingdaohf.com\/?post_type=product&#038;p=7381"},"modified":"2025-11-13T09:03:16","modified_gmt":"2025-11-13T01:03:16","slug":"concrete-wall-snap-ties","status":"publish","type":"product","link":"https:\/\/qingdaohf.com\/sv\/produkt\/snappforband-for-betongvagg\/","title":{"rendered":"Sn\u00e4ppf\u00e4sten f\u00f6r betongv\u00e4ggar"},"content":{"rendered":"<p>Sn\u00e4ppband f\u00f6r betongv\u00e4ggar \u00e4r viktiga komponenter vid formning av betongv\u00e4ggar och ger n\u00f6dv\u00e4ndigt st\u00f6d och stabilitet under gjutnings- och s\u00e4ttningsprocessen. V\u00e5ra sn\u00e4ppband \u00e4r konstruerade f\u00f6r tillf\u00f6rlitlighet och anv\u00e4ndarv\u00e4nlighet, vilket s\u00e4kerst\u00e4ller att dina byggprojekt slutf\u00f6rs effektivt och enligt h\u00f6gsta standard.<\/p>\n<h4>Produktvariationer<\/h4>\n<p>V\u00e5ra sn\u00e4ppf\u00e4sten f\u00f6r betongv\u00e4ggar kategoriseras utifr\u00e5n l\u00e4ngd och typ:<\/p>\n<p><strong>4-3\/4\u2033 kort \u00e4nde<\/strong><\/p>\n<p><strong>8-1\/4\u2033 l\u00e5ng \u00e4nde<\/strong><\/p>\n<p>Dessutom finns de tillg\u00e4ngliga i tv\u00e5 konfigurationer:<\/p>\n<p><strong>Sn\u00e4ppband med bricka<\/strong><\/p>\n<p>&nbsp;<\/p>\n<p><strong>Sn\u00e4ppband med plastkona<\/strong><\/p>\n<p><img fetchpriority=\"high\" decoding=\"async\" class=\"alignnone size-full wp-image-1676\" src=\"http:\/\/qingdaohf.com\/wp-content\/uploads\/2023\/01\/snap-tie-4.webp\" alt=\"sn\u00e4ppl\u00e5s\" width=\"800\" height=\"800\" srcset=\"https:\/\/qingdaohf.com\/wp-content\/uploads\/2023\/01\/snap-tie-4.webp 800w, https:\/\/qingdaohf.com\/wp-content\/uploads\/2023\/01\/snap-tie-4-500x500.webp 500w, https:\/\/qingdaohf.com\/wp-content\/uploads\/2023\/01\/snap-tie-4-100x100.webp 100w, https:\/\/qingdaohf.com\/wp-content\/uploads\/2023\/01\/snap-tie-4-300x300.webp 300w, https:\/\/qingdaohf.com\/wp-content\/uploads\/2023\/01\/snap-tie-4-150x150.webp 150w, https:\/\/qingdaohf.com\/wp-content\/uploads\/2023\/01\/snap-tie-4-768x768.webp 768w, https:\/\/qingdaohf.com\/wp-content\/uploads\/2023\/01\/snap-tie-4-600x600.webp 600w, https:\/\/qingdaohf.com\/wp-content\/uploads\/2023\/01\/snap-tie-4-50x50.webp 50w\" sizes=\"(max-width: 800px) 100vw, 800px\" \/><\/p>\n<h4>Viktiga funktioner<\/h4>\n<p><strong>H\u00e5llbarhet<\/strong>: V\u00e5ra sn\u00e4ppband \u00e4r tillverkade av h\u00f6gkvalitativt st\u00e5l och \u00e4r utformade f\u00f6r att motst\u00e5 betydande tryck, vilket s\u00e4kerst\u00e4ller integriteten hos dina betongv\u00e4ggar.<\/p>\n<p><strong>M\u00e5ngsidighet<\/strong>: L\u00e4mplig f\u00f6r olika v\u00e4ggtjocklekar och konstruktionskrav, vilket ger flexibilitet i anv\u00e4ndningen.<\/p>\n<p><strong>Anv\u00e4ndarv\u00e4nlighet<\/strong>: Snap tie-designen f\u00f6renklar formningsprocessen, vilket g\u00f6r det snabbare och effektivare att s\u00e4tta upp och ta ned.<\/p>\n<p><strong>S\u00e4ker passform<\/strong>: B\u00e5de brickor och plastkonor ger en s\u00e4ker passform, f\u00f6rhindrar betongl\u00e4ckage och ger en j\u00e4mn finish.<\/p>\n<h4>Detaljerade beskrivningar<\/h4>\n<p><strong>4-3\/4\u2033 sn\u00e4ppf\u00e4sten med kort \u00e4nde<\/strong> Dessa band \u00e4r idealiska f\u00f6r projekt som kr\u00e4ver kortare sp\u00e4nnvidder. Den korta \u00e4nden \u00e4r perfekt f\u00f6r att skapa t\u00e4ta, kompakta v\u00e4ggar, s\u00e4kerst\u00e4lla en t\u00e4t passform och minimera risken f\u00f6r r\u00f6relse under h\u00e4rdningsprocessen.<\/p>\n<p><strong>8-1\/4\u2033 sn\u00e4ppf\u00e4sten med l\u00e5ng \u00e4nde<\/strong> De l\u00e5nga \u00e4ndarna \u00e4r avsedda f\u00f6r st\u00f6rre projekt och ger \u00f6kad r\u00e4ckvidd och st\u00f6d f\u00f6r tjockare v\u00e4ggar. Denna variant \u00e4r perfekt f\u00f6r stora konstruktioner och ger den n\u00f6dv\u00e4ndiga l\u00e4ngden f\u00f6r att bibeh\u00e5lla formstabiliteten \u00f6ver bredare sektioner.<\/p>\n<p><strong>Sn\u00e4ppband med bricka<\/strong> Konfigurationen med brickor ger ett extra lager av stabilitet och st\u00f6d, vilket s\u00e4kerst\u00e4ller att sn\u00e4ppf\u00e4stet sitter stadigt p\u00e5 plats under gjutningsprocessen. Detta alternativ \u00e4r s\u00e4rskilt anv\u00e4ndbart i h\u00f6gtrycksmilj\u00f6er d\u00e4r ytterligare f\u00f6rst\u00e4rkning \u00e4r n\u00f6dv\u00e4ndig.<\/p>\n<p><strong>Sn\u00e4ppband med plastkona<\/strong> Plastkonan \u00e4r ett effektivt och \u00e5teranv\u00e4ndbart alternativ som g\u00f6r det enkelt att ta bort den efter att betongen har h\u00e4rdat. Konen bidrar till att skapa ett snyggt, f\u00e4rdigt utseende, vilket minskar behovet av ytterligare efterarbete.<\/p>\n<h4>Till\u00e4mpningar<\/h4>\n<p>Snap Ties f\u00f6r betongv\u00e4ggar anv\u00e4nds i en m\u00e4ngd olika byggprojekt, bland annat:<\/p>\n<p>Grundl\u00e4ggning av bost\u00e4der<\/p>\n<p>V\u00e4ggar i kommersiella byggnader<\/p>\n<p>St\u00f6dmurar<\/p>\n<p>K\u00e4llare<\/p>\n<p>Konstruktion av broar<\/p>\n<p>De \u00e4r ett viktigt verktyg f\u00f6r entrepren\u00f6rer och byggare som vill \u00e5stadkomma exakta och stabila betongkonstruktioner.<\/p>\n<h4>F\u00f6rdelar<\/h4>\n<p><strong>Tidseffektivitet<\/strong>: Effektivisera byggprocessen med sn\u00e4ppband som \u00e4r snabba att installera och ta bort, vilket minskar arbetskostnaderna och projektens tidsramar.<\/p>\n<p><strong>Kostnadseffektivt<\/strong>: Dessa \u00e5teranv\u00e4ndbara och h\u00e5llbara sn\u00e4ppband \u00e4r en kostnadseffektiv l\u00f6sning f\u00f6r flera projekt.<\/p>\n<p><strong>H\u00f6g prestanda<\/strong>: S\u00e4kerst\u00e4ll h\u00f6gsta kvalitet p\u00e5 betongv\u00e4ggar med sn\u00e4ppf\u00f6rband som ger konsekvent st\u00f6d och tillf\u00f6rlitlighet.<\/p>\n<h4>Installationsguide<\/h4>\n<p><strong>F\u00f6rbereda forms\u00e4ttning<\/strong>: St\u00e4ll upp formen i enlighet med projektspecifikationerna.<\/p>\n<p><strong>Infoga sn\u00e4ppband<\/strong>: Placera sn\u00e4ppbanden genom formen med erforderliga intervall.<\/p>\n<p><strong>S\u00e4kra band<\/strong>: S\u00e4kra banden med brickor eller plastkoner, beroende p\u00e5 variant.<\/p>\n<p><strong>H\u00e4ll betong<\/strong>: H\u00e4ll f\u00f6rsiktigt i betongen och se till att den flyter j\u00e4mnt runt sn\u00e4ppbanden.<\/p>\n<p><strong>Till\u00e5t att st\u00e4lla in<\/strong>: L\u00e5t betongen h\u00e4rda i enlighet med projektets riktlinjer.<\/p>\n<p><strong>Ta bort forms\u00e4ttning<\/strong>: N\u00e4r betongen har h\u00e4rdat tar du bort formen och kn\u00e4pper av de synliga \u00e4ndarna p\u00e5 banden.<\/p>\n<h4>Underh\u00e5ll och f\u00f6rvaring<\/h4>\n<p><strong>Reng\u00f6ring<\/strong>: Reng\u00f6r f\u00e4stanordningarna efter varje anv\u00e4ndning f\u00f6r att avl\u00e4gsna eventuella betongrester.<\/p>\n<p><strong>Inspektion<\/strong>: Kontrollera regelbundet om det finns tecken p\u00e5 slitage eller skador p\u00e5 f\u00e4stanordningarna.<\/p>\n<p><strong>F\u00f6rvaring<\/strong>: F\u00f6rvara p\u00e5 en torr och sval plats f\u00f6r att f\u00f6rhindra rost och f\u00f6rl\u00e4nga livsl\u00e4ngden.<\/p>\n<h4>Varf\u00f6r v\u00e4lja v\u00e5ra sn\u00e4ppband?<\/h4>\n<p>V\u00e5ra sn\u00e4ppf\u00e4sten f\u00f6r betongv\u00e4ggar \u00e4r konstruerade med precision och tillverkade enligt h\u00f6gsta standard. Med fokus p\u00e5 h\u00e5llbarhet, effektivitet och prestanda \u00e4r v\u00e5ra sn\u00e4ppband f\u00f6rstahandsvalet f\u00f6r professionella byggare och entrepren\u00f6rer. Lita p\u00e5 v\u00e5r expertis och v\u00e5rt engagemang f\u00f6r kvalitet f\u00f6r ditt n\u00e4sta byggprojekt.<\/p>","protected":false},"excerpt":{"rendered":"<p>F\u00f6rb\u00e4ttra styrkan och stabiliteten hos dina betongv\u00e4ggar med v\u00e5ra premium Concrete Wall Snap Ties. Dessa sn\u00e4ppband finns i 4-3\/4\u2033 kort \u00e4nde och 8-1\/4\u2033 l\u00e5ng \u00e4nde och finns i tv\u00e5 konfigurationer: med brickor och med plastkoner, vilket s\u00e4kerst\u00e4ller en s\u00e4ker och effektiv byggprocess.<\/p>","protected":false},"featured_media":2947,"comment_status":"open","ping_status":"closed","template":"","meta":{"site-sidebar-layout":"default","site-content-layout":"","ast-site-content-layout":"default","site-content-style":"default","site-sidebar-style":"default","ast-global-header-display":"","ast-banner-title-visibility":"","ast-main-header-display":"","ast-hfb-above-header-display":"","ast-hfb-below-header-display":"","ast-hfb-mobile-header-display":"","site-post-title":"","ast-breadcrumbs-content":"","ast-featured-img":"","footer-sml-layout":"","theme-transparent-header-meta":"default","adv-header-id-meta":"","stick-header-meta":"default","header-above-stick-meta":"","header-main-stick-meta":"","header-below-stick-meta":"","astra-migrate-meta-layouts":"set","ast-page-background-enabled":"default","ast-page-background-meta":{"desktop":{"background-color":"","background-image":"","background-repeat":"repeat","background-position":"center center","background-size":"auto","background-attachment":"scroll","background-type":"","background-media":"","overlay-type":"","overlay-color":"","overlay-opacity":"","overlay-gradient":""},"tablet":{"background-color":"","background-image":"","background-repeat":"repeat","background-position":"center center","background-size":"auto","background-attachment":"scroll","background-type":"","background-media":"","overlay-type":"","overlay-color":"","overlay-opacity":"","overlay-gradient":""},"mobile":{"background-color":"","background-image":"","background-repeat":"repeat","background-position":"center center","background-size":"auto","background-attachment":"scroll","background-type":"","background-media":"","overlay-type":"","overlay-color":"","overlay-opacity":"","overlay-gradient":""}},"ast-content-background-meta":{"desktop":{"background-color":"var(--ast-global-color-5)","background-image":"","background-repeat":"repeat","background-position":"center center","background-size":"auto","background-attachment":"scroll","background-type":"","background-media":"","overlay-type":"","overlay-color":"","overlay-opacity":"","overlay-gradient":""},"tablet":{"background-color":"var(--ast-global-color-5)","background-image":"","background-repeat":"repeat","background-position":"center center","background-size":"auto","background-attachment":"scroll","background-type":"","background-media":"","overlay-type":"","overlay-color":"","overlay-opacity":"","overlay-gradient":""},"mobile":{"background-color":"var(--ast-global-color-5)","background-image":"","background-repeat":"repeat","background-position":"center center","background-size":"auto","background-attachment":"scroll","background-type":"","background-media":"","overlay-type":"","overlay-color":"","overlay-opacity":"","overlay-gradient":""}}},"product_brand":[],"product_cat":[63],"product_tag":[],"class_list":{"0":"post-7381","1":"product","2":"type-product","3":"status-publish","4":"has-post-thumbnail","6":"product_cat-concrete-snap-tie","7":"desktop-align-left","8":"tablet-align-left","9":"mobile-align-left","10":"ast-product-gallery-layout-horizontal-slider","11":"ast-product-tabs-layout-horizontal","13":"first","14":"instock","15":"shipping-taxable","16":"purchasable","17":"product-type-simple"},"yoast_head":"<!-- This site is optimized with the Yoast SEO plugin v25.2 - https:\/\/yoast.com\/wordpress\/plugins\/seo\/ -->\n<title>Concrete Wall Snap Ties<\/title>\n<meta name=\"description\" content=\"Enhance the strength and stability of your concrete walls with our premium Concrete Wall Snap Ties. Available in 4-3\/4&quot; short end and 8-1\/4&quot; long end.\" \/>\n<meta name=\"robots\" content=\"index, follow, max-snippet:-1, max-image-preview:large, max-video-preview:-1\" \/>\n<link rel=\"canonical\" href=\"https:\/\/qingdaohf.com\/sv\/produkt\/snappforband-for-betongvagg\/\" \/>\n<meta property=\"og:locale\" content=\"sv_SE\" \/>\n<meta property=\"og:type\" content=\"article\" \/>\n<meta property=\"og:title\" content=\"Concrete Wall Snap Ties\" \/>\n<meta property=\"og:description\" content=\"Enhance the strength and stability of your concrete walls with our premium Concrete Wall Snap Ties. Available in 4-3\/4&quot; short end and 8-1\/4&quot; long end.\" \/>\n<meta property=\"og:url\" content=\"https:\/\/qingdaohf.com\/sv\/produkt\/snappforband-for-betongvagg\/\" \/>\n<meta property=\"og:site_name\" content=\"Concrete Form &amp; Rigging Hardware Supplier\" \/>\n<meta property=\"article:publisher\" content=\"https:\/\/www.facebook.com\/qingdaohf\" \/>\n<meta property=\"article:modified_time\" content=\"2025-11-13T01:03:16+00:00\" \/>\n<meta property=\"og:image\" content=\"https:\/\/qingdaohf.com\/wp-content\/uploads\/2023\/01\/snap-tie-8.jpg\" \/>\n\t<meta property=\"og:image:width\" content=\"1000\" \/>\n\t<meta property=\"og:image:height\" content=\"1000\" \/>\n\t<meta property=\"og:image:type\" content=\"image\/jpeg\" \/>\n<meta name=\"twitter:card\" content=\"summary_large_image\" \/>\n<meta name=\"twitter:label1\" content=\"Ber\u00e4knad l\u00e4stid\" \/>\n\t<meta name=\"twitter:data1\" content=\"4 minuter\" \/>\n<script type=\"application\/ld+json\" class=\"yoast-schema-graph\">{\"@context\":\"https:\/\/schema.org\",\"@graph\":[{\"@type\":\"WebPage\",\"@id\":\"https:\/\/qingdaohf.com\/product\/concrete-wall-snap-ties\/\",\"url\":\"https:\/\/qingdaohf.com\/product\/concrete-wall-snap-ties\/\",\"name\":\"Concrete Wall Snap Ties\",\"isPartOf\":{\"@id\":\"https:\/\/qingdaohf.com\/bg\/#website\"},\"primaryImageOfPage\":{\"@id\":\"https:\/\/qingdaohf.com\/product\/concrete-wall-snap-ties\/#primaryimage\"},\"image\":{\"@id\":\"https:\/\/qingdaohf.com\/product\/concrete-wall-snap-ties\/#primaryimage\"},\"thumbnailUrl\":\"https:\/\/qingdaohf.com\/wp-content\/uploads\/2023\/01\/snap-tie-8.jpg\",\"datePublished\":\"2024-05-28T10:22:19+00:00\",\"dateModified\":\"2025-11-13T01:03:16+00:00\",\"description\":\"Enhance the strength and stability of your concrete walls with our premium Concrete Wall Snap Ties. Available in 4-3\/4\\\" short end and 8-1\/4\\\" long end.\",\"breadcrumb\":{\"@id\":\"https:\/\/qingdaohf.com\/product\/concrete-wall-snap-ties\/#breadcrumb\"},\"inLanguage\":\"sv-SE\",\"potentialAction\":[{\"@type\":\"ReadAction\",\"target\":[\"https:\/\/qingdaohf.com\/product\/concrete-wall-snap-ties\/\"]}]},{\"@type\":\"ImageObject\",\"inLanguage\":\"sv-SE\",\"@id\":\"https:\/\/qingdaohf.com\/product\/concrete-wall-snap-ties\/#primaryimage\",\"url\":\"https:\/\/qingdaohf.com\/wp-content\/uploads\/2023\/01\/snap-tie-8.jpg\",\"contentUrl\":\"https:\/\/qingdaohf.com\/wp-content\/uploads\/2023\/01\/snap-tie-8.jpg\",\"width\":1000,\"height\":1000,\"caption\":\"concrete wall snap tie\"},{\"@type\":\"BreadcrumbList\",\"@id\":\"https:\/\/qingdaohf.com\/product\/concrete-wall-snap-ties\/#breadcrumb\",\"itemListElement\":[{\"@type\":\"ListItem\",\"position\":1,\"name\":\"Home\",\"item\":\"https:\/\/qingdaohf.com\/\"},{\"@type\":\"ListItem\",\"position\":2,\"name\":\"Concrete Forming Accessories and Rigging Hardware\",\"item\":\"https:\/\/qingdaohf.com\/bg\/?page_id=944\"},{\"@type\":\"ListItem\",\"position\":3,\"name\":\"Concrete Wall Snap Ties\"}]},{\"@type\":\"WebSite\",\"@id\":\"https:\/\/qingdaohf.com\/bg\/#website\",\"url\":\"https:\/\/qingdaohf.com\/bg\/\",\"name\":\"Concrete Form & Rigging Hardware Supplier\",\"description\":\"\",\"publisher\":{\"@id\":\"https:\/\/qingdaohf.com\/bg\/#organization\"},\"potentialAction\":[{\"@type\":\"SearchAction\",\"target\":{\"@type\":\"EntryPoint\",\"urlTemplate\":\"https:\/\/qingdaohf.com\/bg\/?s={search_term_string}\"},\"query-input\":{\"@type\":\"PropertyValueSpecification\",\"valueRequired\":true,\"valueName\":\"search_term_string\"}}],\"inLanguage\":\"sv-SE\"},{\"@type\":\"Organization\",\"@id\":\"https:\/\/qingdaohf.com\/bg\/#organization\",\"name\":\"Qingdao H&F\",\"url\":\"https:\/\/qingdaohf.com\/bg\/\",\"logo\":{\"@type\":\"ImageObject\",\"inLanguage\":\"sv-SE\",\"@id\":\"https:\/\/qingdaohf.com\/bg\/#\/schema\/logo\/image\/\",\"url\":\"https:\/\/qingdaohf.com\/wp-content\/uploads\/2022\/12\/cropped-HF-LOGO.png\",\"contentUrl\":\"https:\/\/qingdaohf.com\/wp-content\/uploads\/2022\/12\/cropped-HF-LOGO.png\",\"width\":391,\"height\":249,\"caption\":\"Qingdao H&F\"},\"image\":{\"@id\":\"https:\/\/qingdaohf.com\/bg\/#\/schema\/logo\/image\/\"},\"sameAs\":[\"https:\/\/www.facebook.com\/qingdaohf\"]}]}<\/script>\n<!-- \/ Yoast SEO plugin. -->","yoast_head_json":{"title":"Concrete Wall Snap Ties","description":"Enhance the strength and stability of your concrete walls with our premium Concrete Wall Snap Ties. Available in 4-3\/4\" short end and 8-1\/4\" long end.","robots":{"index":"index","follow":"follow","max-snippet":"max-snippet:-1","max-image-preview":"max-image-preview:large","max-video-preview":"max-video-preview:-1"},"canonical":"https:\/\/qingdaohf.com\/sv\/produkt\/snappforband-for-betongvagg\/","og_locale":"sv_SE","og_type":"article","og_title":"Concrete Wall Snap Ties","og_description":"Enhance the strength and stability of your concrete walls with our premium Concrete Wall Snap Ties. Available in 4-3\/4\" short end and 8-1\/4\" long end.","og_url":"https:\/\/qingdaohf.com\/sv\/produkt\/snappforband-for-betongvagg\/","og_site_name":"Concrete Form &amp; Rigging Hardware Supplier","article_publisher":"https:\/\/www.facebook.com\/qingdaohf","article_modified_time":"2025-11-13T01:03:16+00:00","og_image":[{"width":1000,"height":1000,"url":"https:\/\/qingdaohf.com\/wp-content\/uploads\/2023\/01\/snap-tie-8.jpg","type":"image\/jpeg"}],"twitter_card":"summary_large_image","twitter_misc":{"Ber\u00e4knad l\u00e4stid":"4 minuter"},"schema":{"@context":"https:\/\/schema.org","@graph":[{"@type":"WebPage","@id":"https:\/\/qingdaohf.com\/product\/concrete-wall-snap-ties\/","url":"https:\/\/qingdaohf.com\/product\/concrete-wall-snap-ties\/","name":"Concrete Wall Snap Ties","isPartOf":{"@id":"https:\/\/qingdaohf.com\/bg\/#website"},"primaryImageOfPage":{"@id":"https:\/\/qingdaohf.com\/product\/concrete-wall-snap-ties\/#primaryimage"},"image":{"@id":"https:\/\/qingdaohf.com\/product\/concrete-wall-snap-ties\/#primaryimage"},"thumbnailUrl":"https:\/\/qingdaohf.com\/wp-content\/uploads\/2023\/01\/snap-tie-8.jpg","datePublished":"2024-05-28T10:22:19+00:00","dateModified":"2025-11-13T01:03:16+00:00","description":"Enhance the strength and stability of your concrete walls with our premium Concrete Wall Snap Ties. Available in 4-3\/4\" short end and 8-1\/4\" long end.","breadcrumb":{"@id":"https:\/\/qingdaohf.com\/product\/concrete-wall-snap-ties\/#breadcrumb"},"inLanguage":"sv-SE","potentialAction":[{"@type":"ReadAction","target":["https:\/\/qingdaohf.com\/product\/concrete-wall-snap-ties\/"]}]},{"@type":"ImageObject","inLanguage":"sv-SE","@id":"https:\/\/qingdaohf.com\/product\/concrete-wall-snap-ties\/#primaryimage","url":"https:\/\/qingdaohf.com\/wp-content\/uploads\/2023\/01\/snap-tie-8.jpg","contentUrl":"https:\/\/qingdaohf.com\/wp-content\/uploads\/2023\/01\/snap-tie-8.jpg","width":1000,"height":1000,"caption":"concrete wall snap tie"},{"@type":"BreadcrumbList","@id":"https:\/\/qingdaohf.com\/product\/concrete-wall-snap-ties\/#breadcrumb","itemListElement":[{"@type":"ListItem","position":1,"name":"Home","item":"https:\/\/qingdaohf.com\/"},{"@type":"ListItem","position":2,"name":"Concrete Forming Accessories and Rigging Hardware","item":"https:\/\/qingdaohf.com\/bg\/?page_id=944"},{"@type":"ListItem","position":3,"name":"Concrete Wall Snap Ties"}]},{"@type":"WebSite","@id":"https:\/\/qingdaohf.com\/bg\/#website","url":"https:\/\/qingdaohf.com\/bg\/","name":"Concrete Form & Rigging Hardware Supplier","description":"","publisher":{"@id":"https:\/\/qingdaohf.com\/bg\/#organization"},"potentialAction":[{"@type":"SearchAction","target":{"@type":"EntryPoint","urlTemplate":"https:\/\/qingdaohf.com\/bg\/?s={search_term_string}"},"query-input":{"@type":"PropertyValueSpecification","valueRequired":true,"valueName":"search_term_string"}}],"inLanguage":"sv-SE"},{"@type":"Organization","@id":"https:\/\/qingdaohf.com\/bg\/#organization","name":"Qingdao H&F","url":"https:\/\/qingdaohf.com\/bg\/","logo":{"@type":"ImageObject","inLanguage":"sv-SE","@id":"https:\/\/qingdaohf.com\/bg\/#\/schema\/logo\/image\/","url":"https:\/\/qingdaohf.com\/wp-content\/uploads\/2022\/12\/cropped-HF-LOGO.png","contentUrl":"https:\/\/qingdaohf.com\/wp-content\/uploads\/2022\/12\/cropped-HF-LOGO.png","width":391,"height":249,"caption":"Qingdao H&F"},"image":{"@id":"https:\/\/qingdaohf.com\/bg\/#\/schema\/logo\/image\/"},"sameAs":["https:\/\/www.facebook.com\/qingdaohf"]}]}},"_links":{"self":[{"href":"https:\/\/qingdaohf.com\/sv\/wp-json\/wp\/v2\/product\/7381","targetHints":{"allow":["GET"]}}],"collection":[{"href":"https:\/\/qingdaohf.com\/sv\/wp-json\/wp\/v2\/product"}],"about":[{"href":"https:\/\/qingdaohf.com\/sv\/wp-json\/wp\/v2\/types\/product"}],"replies":[{"embeddable":true,"href":"https:\/\/qingdaohf.com\/sv\/wp-json\/wp\/v2\/comments?post=7381"}],"version-history":[{"count":6,"href":"https:\/\/qingdaohf.com\/sv\/wp-json\/wp\/v2\/product\/7381\/revisions"}],"predecessor-version":[{"id":10239,"href":"https:\/\/qingdaohf.com\/sv\/wp-json\/wp\/v2\/product\/7381\/revisions\/10239"}],"wp:featuredmedia":[{"embeddable":true,"href":"https:\/\/qingdaohf.com\/sv\/wp-json\/wp\/v2\/media\/2947"}],"wp:attachment":[{"href":"https:\/\/qingdaohf.com\/sv\/wp-json\/wp\/v2\/media?parent=7381"}],"wp:term":[{"taxonomy":"product_brand","embeddable":true,"href":"https:\/\/qingdaohf.com\/sv\/wp-json\/wp\/v2\/product_brand?post=7381"},{"taxonomy":"product_cat","embeddable":true,"href":"https:\/\/qingdaohf.com\/sv\/wp-json\/wp\/v2\/product_cat?post=7381"},{"taxonomy":"product_tag","embeddable":true,"href":"https:\/\/qingdaohf.com\/sv\/wp-json\/wp\/v2\/product_tag?post=7381"}],"curies":[{"name":"wp","href":"https:\/\/api.w.org\/{rel}","templated":true}]}}