{"id":7512,"date":"2024-06-27T14:28:56","date_gmt":"2024-06-27T06:28:56","guid":{"rendered":"http:\/\/qingdaohf.com\/?post_type=product&#038;p=7512"},"modified":"2025-11-13T09:03:15","modified_gmt":"2025-11-13T01:03:15","slug":"l-bolts-for-concrete","status":"publish","type":"product","link":"https:\/\/qingdaohf.com\/sv\/produkt\/l-bultar-for-betong\/","title":{"rendered":"Ankarbultar f\u00f6r fundament L Bultar f\u00f6r betong"},"content":{"rendered":"<h3>Introduktion till L-bultar f\u00f6r betong<\/h3>\n<p>L-bultar, \u00e4ven k\u00e4nda som L-formade ankarbultar, \u00e4r oumb\u00e4rliga komponenter i byggbranschen. Dessa bultar \u00e4r s\u00e4rskilt utformade f\u00f6r f\u00f6rankring av betongkonstruktioner, vilket ger en tillf\u00f6rlitlig och robust grund f\u00f6r olika typer av byggnader och infrastrukturprojekt. Deras L-form ger exceptionell h\u00e5llkraft, vilket g\u00f6r dem till ett idealiskt val f\u00f6r att s\u00e4kra tunga laster och s\u00e4kerst\u00e4lla strukturell integritet.<\/p>\n<h3>Betydelsen av L-bultar inom byggbranschen<\/h3>\n<p>I alla byggprojekt \u00e4r grunden den mest kritiska aspekten. Den st\u00f6der hela strukturen och s\u00e4kerst\u00e4ller dess stabilitet. L-bultar f\u00f6r betong spelar en avg\u00f6rande roll i detta avseende. De \u00e4r inb\u00e4ddade i betongfundamentet, med den g\u00e4ngade \u00e4nden utskjutande f\u00f6r att f\u00e4sta konstruktionselement. Denna design ger en stark och s\u00e4ker anslutning som kan motst\u00e5 betydande stress och belastning.<\/p>\n<p>L-bultar anv\u00e4nds ofta i en m\u00e4ngd olika applikationer, inklusive bostadshus, kommersiella strukturer, broar och industrianl\u00e4ggningar. Deras f\u00f6rm\u00e5ga att tillhandah\u00e5lla en stabil f\u00f6rankringspunkt g\u00f6r dem viktiga f\u00f6r att s\u00e4kerst\u00e4lla s\u00e4kerheten och livsl\u00e4ngden f\u00f6r dessa konstruktioner. Genom att anv\u00e4nda L-bultar kan byggnadsarbetare vara s\u00e4kra p\u00e5 att deras projekt \u00e4r tillf\u00f6rlitliga och h\u00e5llbara.<\/p>\n<h3>Typer och storlekar av L-bultar<\/h3>\n<p>L-bultar finns i olika storlekar och material f\u00f6r att uppfylla de olika behoven i olika byggprojekt. V\u00e5ra L-bultar f\u00f6r betong finns i f\u00f6ljande storlekar: 5\/8, 3\/8, 1\/2 och 1\/4 tum. Varje storlek \u00e4r utformad f\u00f6r att hantera specifika belastningar och applikationer, vilket s\u00e4kerst\u00e4ller optimal prestanda i olika byggscenarier.<\/p>\n<p>Dessutom erbjuder vi L-bultar i b\u00e5de galvaniserat och rostfritt st\u00e5l. Galvaniserade L-bultar \u00e4r belagda med ett lager zink, vilket ger utm\u00e4rkt korrosionsbest\u00e4ndighet och f\u00f6rl\u00e4nger bultarnas livsl\u00e4ngd. Detta g\u00f6r dem l\u00e4mpliga f\u00f6r utomhusbruk och utsatta milj\u00f6er d\u00e4r de uts\u00e4tts f\u00f6r h\u00e5rda v\u00e4derf\u00f6rh\u00e5llanden. L-bultar i rostfritt st\u00e5l erbjuder \u00e5 andra sidan \u00f6verl\u00e4gsen styrka och motst\u00e5ndskraft mot rost och korrosion, vilket g\u00f6r dem idealiska f\u00f6r projekt som kr\u00e4ver h\u00f6gsta niv\u00e5 av h\u00e5llbarhet och prestanda.<\/p>\n<h3>Till\u00e4mpningar av L-bultar inom byggsektorn<\/h3>\n<p>L-bultarnas m\u00e5ngsidighet g\u00f6r dem l\u00e4mpliga f\u00f6r ett brett spektrum av till\u00e4mpningar inom byggbranschen. De anv\u00e4nds vanligen f\u00f6r att f\u00e4sta strukturella pelare, balkar och st\u00f6d i betongfundament. Detta s\u00e4kerst\u00e4ller att konstruktionselementen \u00e4r fast f\u00f6rankrade och f\u00f6rhindrar r\u00f6relser eller f\u00f6rskjutningar som kan \u00e4ventyra byggnadens integritet.<\/p>\n<p>F\u00f6rutom strukturella till\u00e4mpningar anv\u00e4nds L-bultar ocks\u00e5 i olika andra konstruktionsuppgifter. De anv\u00e4nds t.ex. ofta vid installation av tunga maskiner och utrustning, d\u00e4r en s\u00e4ker f\u00f6rankringspunkt \u00e4r avg\u00f6rande f\u00f6r att f\u00f6rhindra potentiella faror. L-bultar anv\u00e4nds ocks\u00e5 vid byggandet av st\u00f6dmurar, d\u00e4r de ger det st\u00f6d som kr\u00e4vs f\u00f6r att motst\u00e5 trycket fr\u00e5n marken.<\/p>\n<p>L-bultar anv\u00e4nds dessutom i stor utstr\u00e4ckning i infrastrukturprojekt som broar och tunnlar. Dessa projekt kr\u00e4ver robusta och tillf\u00f6rlitliga f\u00f6rankringspunkter f\u00f6r att s\u00e4kerst\u00e4lla konstruktionernas stabilitet och s\u00e4kerhet. Genom att anv\u00e4nda L-bultar kan ingenj\u00f6rer skapa starka anslutningar som kan motst\u00e5 de dynamiska belastningar och p\u00e5frestningar som \u00e4r f\u00f6rknippade med dessa storskaliga konstruktioner.<\/p>\n<h3>Installation och underh\u00e5ll av L-bultar<\/h3>\n<p>Korrekt installation och underh\u00e5ll av L-bultar \u00e4r avg\u00f6rande f\u00f6r att s\u00e4kerst\u00e4lla deras prestanda och livsl\u00e4ngd. Under installationen \u00e4r det viktigt att se till att bultarna \u00e4r korrekt placerade och s\u00e4kert ingjutna i betongen. Detta kr\u00e4ver exakta m\u00e4tningar och uppriktning f\u00f6r att s\u00e4kerst\u00e4lla att bultarna ger det st\u00f6d som kr\u00e4vs.<\/p>\n<p>N\u00e4r L-bultarna har installerats \u00e4r det viktigt med regelbundet underh\u00e5ll f\u00f6r att s\u00e4kerst\u00e4lla att de forts\u00e4tter att fungera. Detta inkluderar periodiska inspektioner f\u00f6r att kontrollera eventuella tecken p\u00e5 korrosion, slitage eller skador. N\u00e4r det g\u00e4ller galvaniserade L-bultar \u00e4r det viktigt att se till att zinkbel\u00e4ggningen f\u00f6rblir intakt f\u00f6r att ge effektiv korrosionsbest\u00e4ndighet. F\u00f6r L-bultar i rostfritt st\u00e5l \u00e4r regelbunden reng\u00f6ring och inspektion n\u00f6dv\u00e4ndig f\u00f6r att bibeh\u00e5lla utseende och funktion.<\/p>\n<h3>Slutsats<\/h3>\n<p>L-bultar f\u00f6r betong \u00e4r en viktig komponent i byggbranschen och ger tillf\u00f6rlitliga och robusta f\u00f6rankringsl\u00f6sningar f\u00f6r olika till\u00e4mpningar. Deras L-formade design ger enast\u00e5ende h\u00e5llfasthet, vilket g\u00f6r dem idealiska f\u00f6r att s\u00e4kra tunga laster och garantera stabiliteten i konstruktioner. Dessa bultar finns i olika storlekar och material, inklusive galvaniserat och rostfritt st\u00e5l, och erbjuder h\u00e5llbarhet och korrosionsbest\u00e4ndighet f\u00f6r en m\u00e4ngd olika byggprojekt.<\/p>\n<p>Genom att f\u00f6rst\u00e5 vikten av L-bultar och f\u00f6lja korrekta installations- och underh\u00e5llsmetoder kan byggpersonal s\u00e4kerst\u00e4lla s\u00e4kerheten, stabiliteten och livsl\u00e4ngden f\u00f6r sina projekt. Oavsett om det g\u00e4ller bostadshus, kommersiella strukturer eller storskaliga infrastrukturprojekt \u00e4r L-bultar f\u00f6r betong ett viktigt verktyg f\u00f6r att uppn\u00e5 tillf\u00f6rlitliga och h\u00e5llbara byggresultat.<\/p>\n<div class=\"ast-oembed-container\" style=\"height: 100%;\"><iframe title=\"Fundamentbultar J-bult\" width=\"500\" height=\"281\" src=\"https:\/\/www.youtube.com\/embed\/F2jfo40uEQM?feature=oembed\" frameborder=\"0\" allow=\"accelerometer; autoplay; clipboard-write; encrypted-media; gyroscope; picture-in-picture; web-share\" referrerpolicy=\"strict-origin-when-cross-origin\" allowfullscreen><\/iframe><\/div>","protected":false},"excerpt":{"rendered":"<p>V\u00e5ra h\u00f6gkvalitativa L-bultar f\u00f6r betong \u00e4r viktiga f\u00f6r s\u00e4ker f\u00f6rankring av fundament. Dessa L-formade f\u00f6rankringsbultar finns i storlekarna 5\/8, 3\/8, 1\/2 och 1\/4 och finns i galvaniserat och rostfritt st\u00e5l. Dessa bultar \u00e4r perfekta f\u00f6r olika byggprojekt och s\u00e4kerst\u00e4ller h\u00e5llbarhet och stabilitet.<\/p>","protected":false},"featured_media":6996,"comment_status":"open","ping_status":"closed","template":"","meta":{"site-sidebar-layout":"default","site-content-layout":"","ast-site-content-layout":"default","site-content-style":"default","site-sidebar-style":"default","ast-global-header-display":"","ast-banner-title-visibility":"","ast-main-header-display":"","ast-hfb-above-header-display":"","ast-hfb-below-header-display":"","ast-hfb-mobile-header-display":"","site-post-title":"","ast-breadcrumbs-content":"","ast-featured-img":"","footer-sml-layout":"","theme-transparent-header-meta":"default","adv-header-id-meta":"","stick-header-meta":"default","header-above-stick-meta":"","header-main-stick-meta":"","header-below-stick-meta":"","astra-migrate-meta-layouts":"set","ast-page-background-enabled":"default","ast-page-background-meta":{"desktop":{"background-color":"","background-image":"","background-repeat":"repeat","background-position":"center center","background-size":"auto","background-attachment":"scroll","background-type":"","background-media":"","overlay-type":"","overlay-color":"","overlay-opacity":"","overlay-gradient":""},"tablet":{"background-color":"","background-image":"","background-repeat":"repeat","background-position":"center center","background-size":"auto","background-attachment":"scroll","background-type":"","background-media":"","overlay-type":"","overlay-color":"","overlay-opacity":"","overlay-gradient":""},"mobile":{"background-color":"","background-image":"","background-repeat":"repeat","background-position":"center center","background-size":"auto","background-attachment":"scroll","background-type":"","background-media":"","overlay-type":"","overlay-color":"","overlay-opacity":"","overlay-gradient":""}},"ast-content-background-meta":{"desktop":{"background-color":"var(--ast-global-color-5)","background-image":"","background-repeat":"repeat","background-position":"center center","background-size":"auto","background-attachment":"scroll","background-type":"","background-media":"","overlay-type":"","overlay-color":"","overlay-opacity":"","overlay-gradient":""},"tablet":{"background-color":"var(--ast-global-color-5)","background-image":"","background-repeat":"repeat","background-position":"center center","background-size":"auto","background-attachment":"scroll","background-type":"","background-media":"","overlay-type":"","overlay-color":"","overlay-opacity":"","overlay-gradient":""},"mobile":{"background-color":"var(--ast-global-color-5)","background-image":"","background-repeat":"repeat","background-position":"center center","background-size":"auto","background-attachment":"scroll","background-type":"","background-media":"","overlay-type":"","overlay-color":"","overlay-opacity":"","overlay-gradient":""}}},"product_brand":[],"product_cat":[28],"product_tag":[],"class_list":{"0":"post-7512","1":"product","2":"type-product","3":"status-publish","4":"has-post-thumbnail","6":"product_cat-concrete-forming","7":"desktop-align-left","8":"tablet-align-left","9":"mobile-align-left","10":"ast-product-gallery-layout-horizontal-slider","11":"ast-product-tabs-layout-horizontal","13":"first","14":"instock","15":"featured","16":"shipping-taxable","17":"purchasable","18":"product-type-simple"},"yoast_head":"<!-- This site is optimized with the Yoast SEO plugin v25.2 - https:\/\/yoast.com\/wordpress\/plugins\/seo\/ -->\n<title>Foundation Anchor Bolts L Bolts for Concrete<\/title>\n<meta name=\"description\" content=\"L bolts for concrete are essential for secure foundation anchoring. Available in 5\/8, 3\/8, 1\/2, and 1\/4 sizes.\" \/>\n<meta name=\"robots\" content=\"index, follow, max-snippet:-1, max-image-preview:large, max-video-preview:-1\" \/>\n<link rel=\"canonical\" href=\"https:\/\/qingdaohf.com\/sv\/produkt\/l-bultar-for-betong\/\" \/>\n<meta property=\"og:locale\" content=\"sv_SE\" \/>\n<meta property=\"og:type\" content=\"article\" \/>\n<meta property=\"og:title\" content=\"Foundation Anchor Bolts L Bolts for Concrete\" \/>\n<meta property=\"og:description\" content=\"L bolts for concrete are essential for secure foundation anchoring. Available in 5\/8, 3\/8, 1\/2, and 1\/4 sizes.\" \/>\n<meta property=\"og:url\" content=\"https:\/\/qingdaohf.com\/sv\/produkt\/l-bultar-for-betong\/\" \/>\n<meta property=\"og:site_name\" content=\"Concrete Form &amp; Rigging Hardware Supplier\" \/>\n<meta property=\"article:publisher\" content=\"https:\/\/www.facebook.com\/qingdaohf\" \/>\n<meta property=\"article:modified_time\" content=\"2025-11-13T01:03:15+00:00\" \/>\n<meta property=\"og:image\" content=\"https:\/\/qingdaohf.com\/wp-content\/uploads\/2024\/05\/J-bolt-2.jpg\" \/>\n\t<meta property=\"og:image:width\" content=\"1000\" \/>\n\t<meta property=\"og:image:height\" content=\"1000\" \/>\n\t<meta property=\"og:image:type\" content=\"image\/jpeg\" \/>\n<meta name=\"twitter:card\" content=\"summary_large_image\" \/>\n<meta name=\"twitter:label1\" content=\"Ber\u00e4knad l\u00e4stid\" \/>\n\t<meta name=\"twitter:data1\" content=\"4 minuter\" \/>\n<script type=\"application\/ld+json\" class=\"yoast-schema-graph\">{\"@context\":\"https:\/\/schema.org\",\"@graph\":[{\"@type\":\"WebPage\",\"@id\":\"https:\/\/qingdaohf.com\/product\/l-bolts-for-concrete\/\",\"url\":\"https:\/\/qingdaohf.com\/product\/l-bolts-for-concrete\/\",\"name\":\"Foundation Anchor Bolts L Bolts for Concrete\",\"isPartOf\":{\"@id\":\"https:\/\/qingdaohf.com\/bg\/#website\"},\"primaryImageOfPage\":{\"@id\":\"https:\/\/qingdaohf.com\/product\/l-bolts-for-concrete\/#primaryimage\"},\"image\":{\"@id\":\"https:\/\/qingdaohf.com\/product\/l-bolts-for-concrete\/#primaryimage\"},\"thumbnailUrl\":\"https:\/\/qingdaohf.com\/wp-content\/uploads\/2024\/05\/J-bolt-2.jpg\",\"datePublished\":\"2024-06-27T06:28:56+00:00\",\"dateModified\":\"2025-11-13T01:03:15+00:00\",\"description\":\"L bolts for concrete are essential for secure foundation anchoring. Available in 5\/8, 3\/8, 1\/2, and 1\/4 sizes.\",\"breadcrumb\":{\"@id\":\"https:\/\/qingdaohf.com\/product\/l-bolts-for-concrete\/#breadcrumb\"},\"inLanguage\":\"sv-SE\",\"potentialAction\":[{\"@type\":\"ReadAction\",\"target\":[\"https:\/\/qingdaohf.com\/product\/l-bolts-for-concrete\/\"]}]},{\"@type\":\"ImageObject\",\"inLanguage\":\"sv-SE\",\"@id\":\"https:\/\/qingdaohf.com\/product\/l-bolts-for-concrete\/#primaryimage\",\"url\":\"https:\/\/qingdaohf.com\/wp-content\/uploads\/2024\/05\/J-bolt-2.jpg\",\"contentUrl\":\"https:\/\/qingdaohf.com\/wp-content\/uploads\/2024\/05\/J-bolt-2.jpg\",\"width\":1000,\"height\":1000,\"caption\":\"l bolts for concrete\"},{\"@type\":\"BreadcrumbList\",\"@id\":\"https:\/\/qingdaohf.com\/product\/l-bolts-for-concrete\/#breadcrumb\",\"itemListElement\":[{\"@type\":\"ListItem\",\"position\":1,\"name\":\"Home\",\"item\":\"https:\/\/qingdaohf.com\/\"},{\"@type\":\"ListItem\",\"position\":2,\"name\":\"Concrete Forming Accessories and Rigging Hardware\",\"item\":\"https:\/\/qingdaohf.com\/bg\/?page_id=944\"},{\"@type\":\"ListItem\",\"position\":3,\"name\":\"Foundation Anchor Bolts L Bolts for Concrete\"}]},{\"@type\":\"WebSite\",\"@id\":\"https:\/\/qingdaohf.com\/bg\/#website\",\"url\":\"https:\/\/qingdaohf.com\/bg\/\",\"name\":\"Concrete Form & Rigging Hardware Supplier\",\"description\":\"\",\"publisher\":{\"@id\":\"https:\/\/qingdaohf.com\/bg\/#organization\"},\"potentialAction\":[{\"@type\":\"SearchAction\",\"target\":{\"@type\":\"EntryPoint\",\"urlTemplate\":\"https:\/\/qingdaohf.com\/bg\/?s={search_term_string}\"},\"query-input\":{\"@type\":\"PropertyValueSpecification\",\"valueRequired\":true,\"valueName\":\"search_term_string\"}}],\"inLanguage\":\"sv-SE\"},{\"@type\":\"Organization\",\"@id\":\"https:\/\/qingdaohf.com\/bg\/#organization\",\"name\":\"Qingdao H&F\",\"url\":\"https:\/\/qingdaohf.com\/bg\/\",\"logo\":{\"@type\":\"ImageObject\",\"inLanguage\":\"sv-SE\",\"@id\":\"https:\/\/qingdaohf.com\/bg\/#\/schema\/logo\/image\/\",\"url\":\"https:\/\/qingdaohf.com\/wp-content\/uploads\/2022\/12\/cropped-HF-LOGO.png\",\"contentUrl\":\"https:\/\/qingdaohf.com\/wp-content\/uploads\/2022\/12\/cropped-HF-LOGO.png\",\"width\":391,\"height\":249,\"caption\":\"Qingdao H&F\"},\"image\":{\"@id\":\"https:\/\/qingdaohf.com\/bg\/#\/schema\/logo\/image\/\"},\"sameAs\":[\"https:\/\/www.facebook.com\/qingdaohf\"]}]}<\/script>\n<!-- \/ Yoast SEO plugin. -->","yoast_head_json":{"title":"Foundation Anchor Bolts L Bolts for Concrete","description":"L bolts for concrete are essential for secure foundation anchoring. Available in 5\/8, 3\/8, 1\/2, and 1\/4 sizes.","robots":{"index":"index","follow":"follow","max-snippet":"max-snippet:-1","max-image-preview":"max-image-preview:large","max-video-preview":"max-video-preview:-1"},"canonical":"https:\/\/qingdaohf.com\/sv\/produkt\/l-bultar-for-betong\/","og_locale":"sv_SE","og_type":"article","og_title":"Foundation Anchor Bolts L Bolts for Concrete","og_description":"L bolts for concrete are essential for secure foundation anchoring. Available in 5\/8, 3\/8, 1\/2, and 1\/4 sizes.","og_url":"https:\/\/qingdaohf.com\/sv\/produkt\/l-bultar-for-betong\/","og_site_name":"Concrete Form &amp; Rigging Hardware Supplier","article_publisher":"https:\/\/www.facebook.com\/qingdaohf","article_modified_time":"2025-11-13T01:03:15+00:00","og_image":[{"width":1000,"height":1000,"url":"https:\/\/qingdaohf.com\/wp-content\/uploads\/2024\/05\/J-bolt-2.jpg","type":"image\/jpeg"}],"twitter_card":"summary_large_image","twitter_misc":{"Ber\u00e4knad l\u00e4stid":"4 minuter"},"schema":{"@context":"https:\/\/schema.org","@graph":[{"@type":"WebPage","@id":"https:\/\/qingdaohf.com\/product\/l-bolts-for-concrete\/","url":"https:\/\/qingdaohf.com\/product\/l-bolts-for-concrete\/","name":"Foundation Anchor Bolts L Bolts for Concrete","isPartOf":{"@id":"https:\/\/qingdaohf.com\/bg\/#website"},"primaryImageOfPage":{"@id":"https:\/\/qingdaohf.com\/product\/l-bolts-for-concrete\/#primaryimage"},"image":{"@id":"https:\/\/qingdaohf.com\/product\/l-bolts-for-concrete\/#primaryimage"},"thumbnailUrl":"https:\/\/qingdaohf.com\/wp-content\/uploads\/2024\/05\/J-bolt-2.jpg","datePublished":"2024-06-27T06:28:56+00:00","dateModified":"2025-11-13T01:03:15+00:00","description":"L bolts for concrete are essential for secure foundation anchoring. Available in 5\/8, 3\/8, 1\/2, and 1\/4 sizes.","breadcrumb":{"@id":"https:\/\/qingdaohf.com\/product\/l-bolts-for-concrete\/#breadcrumb"},"inLanguage":"sv-SE","potentialAction":[{"@type":"ReadAction","target":["https:\/\/qingdaohf.com\/product\/l-bolts-for-concrete\/"]}]},{"@type":"ImageObject","inLanguage":"sv-SE","@id":"https:\/\/qingdaohf.com\/product\/l-bolts-for-concrete\/#primaryimage","url":"https:\/\/qingdaohf.com\/wp-content\/uploads\/2024\/05\/J-bolt-2.jpg","contentUrl":"https:\/\/qingdaohf.com\/wp-content\/uploads\/2024\/05\/J-bolt-2.jpg","width":1000,"height":1000,"caption":"l bolts for concrete"},{"@type":"BreadcrumbList","@id":"https:\/\/qingdaohf.com\/product\/l-bolts-for-concrete\/#breadcrumb","itemListElement":[{"@type":"ListItem","position":1,"name":"Home","item":"https:\/\/qingdaohf.com\/"},{"@type":"ListItem","position":2,"name":"Concrete Forming Accessories and Rigging Hardware","item":"https:\/\/qingdaohf.com\/bg\/?page_id=944"},{"@type":"ListItem","position":3,"name":"Foundation Anchor Bolts L Bolts for Concrete"}]},{"@type":"WebSite","@id":"https:\/\/qingdaohf.com\/bg\/#website","url":"https:\/\/qingdaohf.com\/bg\/","name":"Concrete Form & Rigging Hardware Supplier","description":"","publisher":{"@id":"https:\/\/qingdaohf.com\/bg\/#organization"},"potentialAction":[{"@type":"SearchAction","target":{"@type":"EntryPoint","urlTemplate":"https:\/\/qingdaohf.com\/bg\/?s={search_term_string}"},"query-input":{"@type":"PropertyValueSpecification","valueRequired":true,"valueName":"search_term_string"}}],"inLanguage":"sv-SE"},{"@type":"Organization","@id":"https:\/\/qingdaohf.com\/bg\/#organization","name":"Qingdao H&F","url":"https:\/\/qingdaohf.com\/bg\/","logo":{"@type":"ImageObject","inLanguage":"sv-SE","@id":"https:\/\/qingdaohf.com\/bg\/#\/schema\/logo\/image\/","url":"https:\/\/qingdaohf.com\/wp-content\/uploads\/2022\/12\/cropped-HF-LOGO.png","contentUrl":"https:\/\/qingdaohf.com\/wp-content\/uploads\/2022\/12\/cropped-HF-LOGO.png","width":391,"height":249,"caption":"Qingdao H&F"},"image":{"@id":"https:\/\/qingdaohf.com\/bg\/#\/schema\/logo\/image\/"},"sameAs":["https:\/\/www.facebook.com\/qingdaohf"]}]}},"_links":{"self":[{"href":"https:\/\/qingdaohf.com\/sv\/wp-json\/wp\/v2\/product\/7512","targetHints":{"allow":["GET"]}}],"collection":[{"href":"https:\/\/qingdaohf.com\/sv\/wp-json\/wp\/v2\/product"}],"about":[{"href":"https:\/\/qingdaohf.com\/sv\/wp-json\/wp\/v2\/types\/product"}],"replies":[{"embeddable":true,"href":"https:\/\/qingdaohf.com\/sv\/wp-json\/wp\/v2\/comments?post=7512"}],"version-history":[{"count":3,"href":"https:\/\/qingdaohf.com\/sv\/wp-json\/wp\/v2\/product\/7512\/revisions"}],"predecessor-version":[{"id":7552,"href":"https:\/\/qingdaohf.com\/sv\/wp-json\/wp\/v2\/product\/7512\/revisions\/7552"}],"wp:featuredmedia":[{"embeddable":true,"href":"https:\/\/qingdaohf.com\/sv\/wp-json\/wp\/v2\/media\/6996"}],"wp:attachment":[{"href":"https:\/\/qingdaohf.com\/sv\/wp-json\/wp\/v2\/media?parent=7512"}],"wp:term":[{"taxonomy":"product_brand","embeddable":true,"href":"https:\/\/qingdaohf.com\/sv\/wp-json\/wp\/v2\/product_brand?post=7512"},{"taxonomy":"product_cat","embeddable":true,"href":"https:\/\/qingdaohf.com\/sv\/wp-json\/wp\/v2\/product_cat?post=7512"},{"taxonomy":"product_tag","embeddable":true,"href":"https:\/\/qingdaohf.com\/sv\/wp-json\/wp\/v2\/product_tag?post=7512"}],"curies":[{"name":"wp","href":"https:\/\/api.w.org\/{rel}","templated":true}]}}