{"id":7781,"date":"2024-09-12T10:21:48","date_gmt":"2024-09-12T02:21:48","guid":{"rendered":"http:\/\/qingdaohf.com\/?post_type=product&#038;p=7781"},"modified":"2025-11-13T09:03:14","modified_gmt":"2025-11-13T01:03:14","slug":"heavy-duty-stub-end-k2-b-thimble","status":"publish","type":"product","link":"https:\/\/qingdaohf.com\/sv\/produkt\/kraftig-stubbande-k2-b-fingerborg\/","title":{"rendered":"Kraftig stubb\u00e4nde K2-B fingerborg"},"content":{"rendered":"<p>Heavy Duty Stub-End K2-B Thimble erbjuder exceptionell prestanda och tillf\u00f6rlitlighet f\u00f6r att s\u00e4kra vajerslingor i kr\u00e4vande milj\u00f6er. Oavsett om det handlar om h\u00f6gsp\u00e4nningssituationer, industriella lyft eller marina till\u00e4mpningar \u00e4r denna fingerborg konstruerad f\u00f6r att klara tuffa f\u00f6rh\u00e5llanden och samtidigt skydda dina vajrar. Den robusta konstruktionen och designen g\u00f6r den till en sj\u00e4lvklar l\u00f6sning f\u00f6r yrkesfolk som s\u00f6ker h\u00e5llbarhet och skydd vid varje anv\u00e4ndningstillf\u00e4lle.<\/p>\n<h4>F\u00f6rdelar med att anv\u00e4nda K2-B fingerborg i industriella milj\u00f6er<\/h4>\n<p>En av de utm\u00e4rkande egenskaperna hos Heavy Duty Stub-End K2-B Thimble \u00e4r dess f\u00f6rm\u00e5ga att hantera extrem stress och tryck, vilket g\u00f6r den idealisk f\u00f6r branscher d\u00e4r s\u00e4kerhet och h\u00e5llbarhet \u00e4r av st\u00f6rsta vikt. I bygg-, rigg- och marina till\u00e4mpningar uts\u00e4tts st\u00e5llinor f\u00f6r st\u00e4ndiga p\u00e5frestningar, och den h\u00e4r kausen fungerar som ett skydd mot slitage och fransning. Utformningen med stubb\u00e4ndar \u00f6kar stabiliteten i repslingan, vilket ger \u00f6kad s\u00e4kerhet vid arbete med tunga laster eller i tuffa milj\u00f6er.<\/p>\n<p>K2-B-fingrets kompatibilitet med ett brett utbud av vajerstorlekar g\u00f6r den m\u00e5ngsidig i m\u00e5nga olika branscher. Den robusta konstruktionen s\u00e4kerst\u00e4ller l\u00e5ngvarig anv\u00e4ndning utan frekventa byten, vilket bidrar till att minska underh\u00e5llskostnaderna. Genom att minimera slitaget p\u00e5 linorna bidrar fingerborgen till att bibeh\u00e5lla styrkan och integriteten hos st\u00e5llinorna, vilket g\u00f6r den till ett oumb\u00e4rligt verktyg f\u00f6r yrkesfolk.<\/p>\n<h4>Varf\u00f6r v\u00e4lja Stub-End-design f\u00f6r tunga laster<\/h4>\n<p>Utformningen av stubb\u00e4nden p\u00e5 K2-B-kausen \u00e4r en viktig egenskap som skiljer den fr\u00e5n vanliga kauser. Den h\u00e4r konstruktionen ger extra f\u00f6rst\u00e4rkning vid den punkt d\u00e4r vajern bildar en \u00f6gla, vilket minskar risken f\u00f6r glidning och f\u00f6rl\u00e4nger vajerns livsl\u00e4ngd. I h\u00f6gsp\u00e4nningsapplikationer kan \u00e4ven mindre glidningar leda till farliga situationer, s\u00e5 en p\u00e5litlig kaus \u00e4r avg\u00f6rande f\u00f6r att garantera s\u00e4kerheten.<\/p>\n<p>Heavy Duty Stub-End K2-B Thimble minskar ocks\u00e5 b\u00f6jningssp\u00e4nningen p\u00e5 linan, vilket \u00e4r avg\u00f6rande i applikationer med h\u00f6g belastning. Den sl\u00e4ta insidan av kausen f\u00f6rhindrar n\u00f6tning, ett vanligt problem n\u00e4r metall kommer i kontakt med vajer under belastning. Detta f\u00f6rl\u00e4nger inte bara linans livsl\u00e4ngd utan ger ocks\u00e5 en j\u00e4mnare och mer tillf\u00f6rlitlig prestanda vid lyft, bogsering och andra industriella anv\u00e4ndningsomr\u00e5den.<\/p>\n<h4>H\u00e5llbarhet och material hos Heavy Duty K2-B fingerborg<\/h4>\n<p>N\u00e4r det g\u00e4ller h\u00e5llbarhet \u00e4r Heavy Duty Stub-End K2-B Thimble o\u00f6vertr\u00e4ffad. Den \u00e4r tillverkad av h\u00f6gv\u00e4rdigt st\u00e5l eller andra kraftiga material och \u00e4r utformad f\u00f6r att motst\u00e5 korrosion och v\u00e4der och vind. Det g\u00f6r den idealisk f\u00f6r utomhusbruk, s\u00e4rskilt i marina milj\u00f6er d\u00e4r exponering f\u00f6r saltvatten kan leda till snabb f\u00f6rs\u00e4mring av standardutrustning.<\/p>\n<p>Fingerborgens korrosionsbest\u00e4ndiga egenskaper s\u00e4kerst\u00e4ller att den beh\u00e5ller sin strukturella integritet \u00e4ven efter l\u00e5ngvarig exponering f\u00f6r tuffa milj\u00f6er. Det g\u00f6r den till ett p\u00e5litligt val f\u00f6r l\u00e5ngsiktiga projekt och industrier som kr\u00e4ver kontinuerliga tunga lyft eller sp\u00e4nningsapplikationer. Den robusta konstruktionen f\u00f6rl\u00e4nger inte bara kausens livsl\u00e4ngd utan skyddar \u00e4ven vajern fr\u00e5n skador som orsakas av friktion eller slitage fr\u00e5n omgivningen.<\/p>\n<h4>Slutsats: Det viktigaste verktyget f\u00f6r industriella till\u00e4mpningar<\/h4>\n<p>Sammanfattningsvis \u00e4r Heavy Duty Stub-End K2-B Thimble ett viktigt verktyg f\u00f6r alla yrkesm\u00e4n som arbetar med tunga laster, h\u00f6gsp\u00e4nningsapplikationer eller beh\u00f6ver ett h\u00e5llbart skydd f\u00f6r vajrar. Dess robusta design, h\u00f6gkvalitativa material och f\u00f6rm\u00e5ga att hantera extrema f\u00f6rh\u00e5llanden g\u00f6r den till ett utm\u00e4rkt val f\u00f6r branscher som str\u00e4cker sig fr\u00e5n byggande till marint arbete.<\/p>\n<p>Genom att v\u00e4lja K2-B kaus s\u00e4kerst\u00e4ller du att dina st\u00e5llinor h\u00e5ller l\u00e4ngre, presterar b\u00e4ttre och ger den s\u00e4kerhetsniv\u00e5 som kr\u00e4vs i kr\u00e4vande milj\u00f6er. Att investera i kvalitetsprodukter som denna sparar inte bara tid och pengar i det l\u00e5nga loppet utan garanterar ocks\u00e5 h\u00f6gsta m\u00f6jliga prestanda i varje jobb.<\/p>","protected":false},"excerpt":{"rendered":"<p>Heavy Duty Stub-End K2-B Thimble \u00e4r utformad f\u00f6r att ge \u00f6verl\u00e4gsen f\u00f6rst\u00e4rkning och skydd till vajer- och kabelslingor, vilket garanterar maximal h\u00e5llbarhet under kr\u00e4vande f\u00f6rh\u00e5llanden. Den h\u00e4r fingerskivan \u00e4r tillverkad av h\u00f6gkvalitativa material och konstruerad f\u00f6r tung anv\u00e4ndning, vilket g\u00f6r den idealisk f\u00f6r industriella till\u00e4mpningar. Dess stubb\u00e4ndedesign ger en s\u00e4ker passform, vilket minskar slitaget och f\u00f6rl\u00e4nger utrustningens livsl\u00e4ngd.<\/p>","protected":false},"featured_media":7808,"comment_status":"open","ping_status":"closed","template":"","meta":{"site-sidebar-layout":"default","site-content-layout":"","ast-site-content-layout":"default","site-content-style":"default","site-sidebar-style":"default","ast-global-header-display":"","ast-banner-title-visibility":"","ast-main-header-display":"","ast-hfb-above-header-display":"","ast-hfb-below-header-display":"","ast-hfb-mobile-header-display":"","site-post-title":"","ast-breadcrumbs-content":"","ast-featured-img":"","footer-sml-layout":"","theme-transparent-header-meta":"default","adv-header-id-meta":"","stick-header-meta":"default","header-above-stick-meta":"","header-main-stick-meta":"","header-below-stick-meta":"","astra-migrate-meta-layouts":"set","ast-page-background-enabled":"default","ast-page-background-meta":{"desktop":{"background-color":"","background-image":"","background-repeat":"repeat","background-position":"center center","background-size":"auto","background-attachment":"scroll","background-type":"","background-media":"","overlay-type":"","overlay-color":"","overlay-opacity":"","overlay-gradient":""},"tablet":{"background-color":"","background-image":"","background-repeat":"repeat","background-position":"center center","background-size":"auto","background-attachment":"scroll","background-type":"","background-media":"","overlay-type":"","overlay-color":"","overlay-opacity":"","overlay-gradient":""},"mobile":{"background-color":"","background-image":"","background-repeat":"repeat","background-position":"center center","background-size":"auto","background-attachment":"scroll","background-type":"","background-media":"","overlay-type":"","overlay-color":"","overlay-opacity":"","overlay-gradient":""}},"ast-content-background-meta":{"desktop":{"background-color":"var(--ast-global-color-5)","background-image":"","background-repeat":"repeat","background-position":"center center","background-size":"auto","background-attachment":"scroll","background-type":"","background-media":"","overlay-type":"","overlay-color":"","overlay-opacity":"","overlay-gradient":""},"tablet":{"background-color":"var(--ast-global-color-5)","background-image":"","background-repeat":"repeat","background-position":"center center","background-size":"auto","background-attachment":"scroll","background-type":"","background-media":"","overlay-type":"","overlay-color":"","overlay-opacity":"","overlay-gradient":""},"mobile":{"background-color":"var(--ast-global-color-5)","background-image":"","background-repeat":"repeat","background-position":"center center","background-size":"auto","background-attachment":"scroll","background-type":"","background-media":"","overlay-type":"","overlay-color":"","overlay-opacity":"","overlay-gradient":""}}},"product_brand":[],"product_cat":[37],"product_tag":[],"class_list":{"0":"post-7781","1":"product","2":"type-product","3":"status-publish","4":"has-post-thumbnail","6":"product_cat-wire-rope","7":"desktop-align-left","8":"tablet-align-left","9":"mobile-align-left","10":"ast-product-gallery-layout-horizontal-slider","11":"ast-product-tabs-layout-horizontal","13":"first","14":"instock","15":"shipping-taxable","16":"purchasable","17":"product-type-simple"},"yoast_head":"<!-- This site is optimized with the Yoast SEO plugin v25.2 - https:\/\/yoast.com\/wordpress\/plugins\/seo\/ -->\n<title>Heavy Duty Stub-End K2-B Thimble<\/title>\n<meta name=\"robots\" content=\"index, follow, max-snippet:-1, max-image-preview:large, max-video-preview:-1\" \/>\n<link rel=\"canonical\" href=\"https:\/\/qingdaohf.com\/sv\/produkt\/kraftig-stubbande-k2-b-fingerborg\/\" \/>\n<meta property=\"og:locale\" content=\"sv_SE\" \/>\n<meta property=\"og:type\" content=\"article\" \/>\n<meta property=\"og:title\" content=\"Heavy Duty Stub-End K2-B Thimble\" \/>\n<meta property=\"og:description\" content=\"The Heavy Duty Stub-End K2-B Thimble is designed to provide superior reinforcement and protection to wire rope and cable loops, ensuring maximum durability in demanding conditions. This thimble is crafted from high-quality materials and engineered for heavy-duty use, making it ideal for industrial applications. Its stub-end design allows for a secure fit, reducing wear and tear while extending the life of your equipment.\" \/>\n<meta property=\"og:url\" content=\"https:\/\/qingdaohf.com\/sv\/produkt\/kraftig-stubbande-k2-b-fingerborg\/\" \/>\n<meta property=\"og:site_name\" content=\"Concrete Form &amp; Rigging Hardware Supplier\" \/>\n<meta property=\"article:publisher\" content=\"https:\/\/www.facebook.com\/qingdaohf\" \/>\n<meta property=\"article:modified_time\" content=\"2025-11-13T01:03:14+00:00\" \/>\n<meta property=\"og:image\" content=\"https:\/\/qingdaohf.com\/wp-content\/uploads\/2024\/09\/Heavy-Duty-Stub-End-K2-B-Thimble.jpg\" \/>\n\t<meta property=\"og:image:width\" content=\"1000\" \/>\n\t<meta property=\"og:image:height\" content=\"1000\" \/>\n\t<meta property=\"og:image:type\" content=\"image\/jpeg\" \/>\n<meta name=\"twitter:card\" content=\"summary_large_image\" \/>\n<meta name=\"twitter:label1\" content=\"Ber\u00e4knad l\u00e4stid\" \/>\n\t<meta name=\"twitter:data1\" content=\"3 minuter\" \/>\n<script type=\"application\/ld+json\" class=\"yoast-schema-graph\">{\"@context\":\"https:\/\/schema.org\",\"@graph\":[{\"@type\":\"WebPage\",\"@id\":\"https:\/\/qingdaohf.com\/product\/heavy-duty-stub-end-k2-b-thimble\/\",\"url\":\"https:\/\/qingdaohf.com\/product\/heavy-duty-stub-end-k2-b-thimble\/\",\"name\":\"Heavy Duty Stub-End K2-B Thimble\",\"isPartOf\":{\"@id\":\"https:\/\/qingdaohf.com\/bg\/#website\"},\"primaryImageOfPage\":{\"@id\":\"https:\/\/qingdaohf.com\/product\/heavy-duty-stub-end-k2-b-thimble\/#primaryimage\"},\"image\":{\"@id\":\"https:\/\/qingdaohf.com\/product\/heavy-duty-stub-end-k2-b-thimble\/#primaryimage\"},\"thumbnailUrl\":\"https:\/\/qingdaohf.com\/wp-content\/uploads\/2024\/09\/Heavy-Duty-Stub-End-K2-B-Thimble.jpg\",\"datePublished\":\"2024-09-12T02:21:48+00:00\",\"dateModified\":\"2025-11-13T01:03:14+00:00\",\"breadcrumb\":{\"@id\":\"https:\/\/qingdaohf.com\/product\/heavy-duty-stub-end-k2-b-thimble\/#breadcrumb\"},\"inLanguage\":\"sv-SE\",\"potentialAction\":[{\"@type\":\"ReadAction\",\"target\":[\"https:\/\/qingdaohf.com\/product\/heavy-duty-stub-end-k2-b-thimble\/\"]}]},{\"@type\":\"ImageObject\",\"inLanguage\":\"sv-SE\",\"@id\":\"https:\/\/qingdaohf.com\/product\/heavy-duty-stub-end-k2-b-thimble\/#primaryimage\",\"url\":\"https:\/\/qingdaohf.com\/wp-content\/uploads\/2024\/09\/Heavy-Duty-Stub-End-K2-B-Thimble.jpg\",\"contentUrl\":\"https:\/\/qingdaohf.com\/wp-content\/uploads\/2024\/09\/Heavy-Duty-Stub-End-K2-B-Thimble.jpg\",\"width\":1000,\"height\":1000,\"caption\":\"Heavy Duty Stub-End K2-B Thimble\"},{\"@type\":\"BreadcrumbList\",\"@id\":\"https:\/\/qingdaohf.com\/product\/heavy-duty-stub-end-k2-b-thimble\/#breadcrumb\",\"itemListElement\":[{\"@type\":\"ListItem\",\"position\":1,\"name\":\"Home\",\"item\":\"https:\/\/qingdaohf.com\/\"},{\"@type\":\"ListItem\",\"position\":2,\"name\":\"Concrete Forming Accessories and Rigging Hardware\",\"item\":\"https:\/\/qingdaohf.com\/bg\/?page_id=944\"},{\"@type\":\"ListItem\",\"position\":3,\"name\":\"Heavy Duty Stub-End K2-B Thimble\"}]},{\"@type\":\"WebSite\",\"@id\":\"https:\/\/qingdaohf.com\/bg\/#website\",\"url\":\"https:\/\/qingdaohf.com\/bg\/\",\"name\":\"Concrete Form & Rigging Hardware Supplier\",\"description\":\"\",\"publisher\":{\"@id\":\"https:\/\/qingdaohf.com\/bg\/#organization\"},\"potentialAction\":[{\"@type\":\"SearchAction\",\"target\":{\"@type\":\"EntryPoint\",\"urlTemplate\":\"https:\/\/qingdaohf.com\/bg\/?s={search_term_string}\"},\"query-input\":{\"@type\":\"PropertyValueSpecification\",\"valueRequired\":true,\"valueName\":\"search_term_string\"}}],\"inLanguage\":\"sv-SE\"},{\"@type\":\"Organization\",\"@id\":\"https:\/\/qingdaohf.com\/bg\/#organization\",\"name\":\"Qingdao H&F\",\"url\":\"https:\/\/qingdaohf.com\/bg\/\",\"logo\":{\"@type\":\"ImageObject\",\"inLanguage\":\"sv-SE\",\"@id\":\"https:\/\/qingdaohf.com\/bg\/#\/schema\/logo\/image\/\",\"url\":\"https:\/\/qingdaohf.com\/wp-content\/uploads\/2022\/12\/cropped-HF-LOGO.png\",\"contentUrl\":\"https:\/\/qingdaohf.com\/wp-content\/uploads\/2022\/12\/cropped-HF-LOGO.png\",\"width\":391,\"height\":249,\"caption\":\"Qingdao H&F\"},\"image\":{\"@id\":\"https:\/\/qingdaohf.com\/bg\/#\/schema\/logo\/image\/\"},\"sameAs\":[\"https:\/\/www.facebook.com\/qingdaohf\"]}]}<\/script>\n<!-- \/ Yoast SEO plugin. -->","yoast_head_json":{"title":"Heavy Duty Stub-End K2-B Thimble","robots":{"index":"index","follow":"follow","max-snippet":"max-snippet:-1","max-image-preview":"max-image-preview:large","max-video-preview":"max-video-preview:-1"},"canonical":"https:\/\/qingdaohf.com\/sv\/produkt\/kraftig-stubbande-k2-b-fingerborg\/","og_locale":"sv_SE","og_type":"article","og_title":"Heavy Duty Stub-End K2-B Thimble","og_description":"The Heavy Duty Stub-End K2-B Thimble is designed to provide superior reinforcement and protection to wire rope and cable loops, ensuring maximum durability in demanding conditions. This thimble is crafted from high-quality materials and engineered for heavy-duty use, making it ideal for industrial applications. Its stub-end design allows for a secure fit, reducing wear and tear while extending the life of your equipment.","og_url":"https:\/\/qingdaohf.com\/sv\/produkt\/kraftig-stubbande-k2-b-fingerborg\/","og_site_name":"Concrete Form &amp; Rigging Hardware Supplier","article_publisher":"https:\/\/www.facebook.com\/qingdaohf","article_modified_time":"2025-11-13T01:03:14+00:00","og_image":[{"width":1000,"height":1000,"url":"https:\/\/qingdaohf.com\/wp-content\/uploads\/2024\/09\/Heavy-Duty-Stub-End-K2-B-Thimble.jpg","type":"image\/jpeg"}],"twitter_card":"summary_large_image","twitter_misc":{"Ber\u00e4knad l\u00e4stid":"3 minuter"},"schema":{"@context":"https:\/\/schema.org","@graph":[{"@type":"WebPage","@id":"https:\/\/qingdaohf.com\/product\/heavy-duty-stub-end-k2-b-thimble\/","url":"https:\/\/qingdaohf.com\/product\/heavy-duty-stub-end-k2-b-thimble\/","name":"Heavy Duty Stub-End K2-B Thimble","isPartOf":{"@id":"https:\/\/qingdaohf.com\/bg\/#website"},"primaryImageOfPage":{"@id":"https:\/\/qingdaohf.com\/product\/heavy-duty-stub-end-k2-b-thimble\/#primaryimage"},"image":{"@id":"https:\/\/qingdaohf.com\/product\/heavy-duty-stub-end-k2-b-thimble\/#primaryimage"},"thumbnailUrl":"https:\/\/qingdaohf.com\/wp-content\/uploads\/2024\/09\/Heavy-Duty-Stub-End-K2-B-Thimble.jpg","datePublished":"2024-09-12T02:21:48+00:00","dateModified":"2025-11-13T01:03:14+00:00","breadcrumb":{"@id":"https:\/\/qingdaohf.com\/product\/heavy-duty-stub-end-k2-b-thimble\/#breadcrumb"},"inLanguage":"sv-SE","potentialAction":[{"@type":"ReadAction","target":["https:\/\/qingdaohf.com\/product\/heavy-duty-stub-end-k2-b-thimble\/"]}]},{"@type":"ImageObject","inLanguage":"sv-SE","@id":"https:\/\/qingdaohf.com\/product\/heavy-duty-stub-end-k2-b-thimble\/#primaryimage","url":"https:\/\/qingdaohf.com\/wp-content\/uploads\/2024\/09\/Heavy-Duty-Stub-End-K2-B-Thimble.jpg","contentUrl":"https:\/\/qingdaohf.com\/wp-content\/uploads\/2024\/09\/Heavy-Duty-Stub-End-K2-B-Thimble.jpg","width":1000,"height":1000,"caption":"Heavy Duty Stub-End K2-B Thimble"},{"@type":"BreadcrumbList","@id":"https:\/\/qingdaohf.com\/product\/heavy-duty-stub-end-k2-b-thimble\/#breadcrumb","itemListElement":[{"@type":"ListItem","position":1,"name":"Home","item":"https:\/\/qingdaohf.com\/"},{"@type":"ListItem","position":2,"name":"Concrete Forming Accessories and Rigging Hardware","item":"https:\/\/qingdaohf.com\/bg\/?page_id=944"},{"@type":"ListItem","position":3,"name":"Heavy Duty Stub-End K2-B Thimble"}]},{"@type":"WebSite","@id":"https:\/\/qingdaohf.com\/bg\/#website","url":"https:\/\/qingdaohf.com\/bg\/","name":"Concrete Form & Rigging Hardware Supplier","description":"","publisher":{"@id":"https:\/\/qingdaohf.com\/bg\/#organization"},"potentialAction":[{"@type":"SearchAction","target":{"@type":"EntryPoint","urlTemplate":"https:\/\/qingdaohf.com\/bg\/?s={search_term_string}"},"query-input":{"@type":"PropertyValueSpecification","valueRequired":true,"valueName":"search_term_string"}}],"inLanguage":"sv-SE"},{"@type":"Organization","@id":"https:\/\/qingdaohf.com\/bg\/#organization","name":"Qingdao H&F","url":"https:\/\/qingdaohf.com\/bg\/","logo":{"@type":"ImageObject","inLanguage":"sv-SE","@id":"https:\/\/qingdaohf.com\/bg\/#\/schema\/logo\/image\/","url":"https:\/\/qingdaohf.com\/wp-content\/uploads\/2022\/12\/cropped-HF-LOGO.png","contentUrl":"https:\/\/qingdaohf.com\/wp-content\/uploads\/2022\/12\/cropped-HF-LOGO.png","width":391,"height":249,"caption":"Qingdao H&F"},"image":{"@id":"https:\/\/qingdaohf.com\/bg\/#\/schema\/logo\/image\/"},"sameAs":["https:\/\/www.facebook.com\/qingdaohf"]}]}},"_links":{"self":[{"href":"https:\/\/qingdaohf.com\/sv\/wp-json\/wp\/v2\/product\/7781","targetHints":{"allow":["GET"]}}],"collection":[{"href":"https:\/\/qingdaohf.com\/sv\/wp-json\/wp\/v2\/product"}],"about":[{"href":"https:\/\/qingdaohf.com\/sv\/wp-json\/wp\/v2\/types\/product"}],"replies":[{"embeddable":true,"href":"https:\/\/qingdaohf.com\/sv\/wp-json\/wp\/v2\/comments?post=7781"}],"version-history":[{"count":1,"href":"https:\/\/qingdaohf.com\/sv\/wp-json\/wp\/v2\/product\/7781\/revisions"}],"predecessor-version":[{"id":7786,"href":"https:\/\/qingdaohf.com\/sv\/wp-json\/wp\/v2\/product\/7781\/revisions\/7786"}],"wp:featuredmedia":[{"embeddable":true,"href":"https:\/\/qingdaohf.com\/sv\/wp-json\/wp\/v2\/media\/7808"}],"wp:attachment":[{"href":"https:\/\/qingdaohf.com\/sv\/wp-json\/wp\/v2\/media?parent=7781"}],"wp:term":[{"taxonomy":"product_brand","embeddable":true,"href":"https:\/\/qingdaohf.com\/sv\/wp-json\/wp\/v2\/product_brand?post=7781"},{"taxonomy":"product_cat","embeddable":true,"href":"https:\/\/qingdaohf.com\/sv\/wp-json\/wp\/v2\/product_cat?post=7781"},{"taxonomy":"product_tag","embeddable":true,"href":"https:\/\/qingdaohf.com\/sv\/wp-json\/wp\/v2\/product_tag?post=7781"}],"curies":[{"name":"wp","href":"https:\/\/api.w.org\/{rel}","templated":true}]}}