{"id":8178,"date":"2024-10-29T16:45:43","date_gmt":"2024-10-29T08:45:43","guid":{"rendered":"http:\/\/qingdaohf.com\/?post_type=product&#038;p=8178"},"modified":"2025-11-13T09:02:54","modified_gmt":"2025-11-13T01:02:54","slug":"studless-anchor-chain","status":"publish","type":"product","link":"https:\/\/qingdaohf.com\/sv\/produkt\/dubbfri-ankarkatting\/","title":{"rendered":"Ankar kedja utan tapp"},"content":{"rendered":"<h3>De viktigaste egenskaperna hos dubbfria ankarkedjor: Byggda f\u00f6r styrka och uth\u00e5llighet<\/h3>\n<p><img fetchpriority=\"high\" decoding=\"async\" class=\"alignnone size-full wp-image-8169\" src=\"http:\/\/qingdaohf.com\/wp-content\/uploads\/2024\/10\/studless-anchor-chain_2.webp\" alt=\"dubbfri ankark\u00e4tting\" width=\"831\" height=\"1087\" srcset=\"https:\/\/qingdaohf.com\/wp-content\/uploads\/2024\/10\/studless-anchor-chain_2.webp 831w, https:\/\/qingdaohf.com\/wp-content\/uploads\/2024\/10\/studless-anchor-chain_2-229x300.webp 229w, https:\/\/qingdaohf.com\/wp-content\/uploads\/2024\/10\/studless-anchor-chain_2-783x1024.webp 783w, https:\/\/qingdaohf.com\/wp-content\/uploads\/2024\/10\/studless-anchor-chain_2-768x1005.webp 768w, https:\/\/qingdaohf.com\/wp-content\/uploads\/2024\/10\/studless-anchor-chain_2-9x12.webp 9w\" sizes=\"(max-width: 831px) 100vw, 831px\" \/><\/p>\n<p>Dubbfria ankark\u00e4ttingar \u00e4r en integrerad del av marinindustrin, d\u00e4r de har den kritiska rollen att s\u00e4kra fartyg i en m\u00e4ngd olika milj\u00f6er. Deras design prioriterar h\u00e5llbarhet och funktionalitet, vilket s\u00e4kerst\u00e4ller att de klarar de rigor\u00f6sa krav som st\u00e4lls vid f\u00f6rt\u00f6jning p\u00e5 \u00f6ppet hav. Dubbfria kedjor har, till skillnad fr\u00e5n sina dubbade motsvarigheter, kedjel\u00e4nkar utan inv\u00e4ndiga dubbar, vilket g\u00f6r dem l\u00e4ttare och ofta mer flexibla. Denna egenskap \u00e4r s\u00e4rskilt v\u00e4rdefull f\u00f6r applikationer d\u00e4r minskad vikt och \u00f6kad flexibilitet \u00e4r \u00f6nskv\u00e4rt. Trots sin l\u00e4ttare konstruktion \u00e4r dessa kedjor fortfarande exceptionellt starka, och varje l\u00e4nk \u00e4r utformad f\u00f6r att t\u00e5la enorma belastningar och h\u00f6ga sp\u00e4nningskrafter som \u00e4r typiska f\u00f6r marin f\u00f6rankring.<\/p>\n<p>De dubbfria kedjornas m\u00e5ngsidighet g\u00f6r dem l\u00e4mpliga f\u00f6r olika marina anv\u00e4ndningsomr\u00e5den, fr\u00e5n f\u00f6rt\u00f6jning av sm\u00e5b\u00e5tar till tunga industriella applikationer. Dessa kedjor testas noggrant f\u00f6r att uppfylla internationella standarder, eftersom deras tillf\u00f6rlitlighet \u00e4r av st\u00f6rsta vikt f\u00f6r att garantera s\u00e4kerheten f\u00f6r b\u00e5de fartyg och bes\u00e4ttning. Tack vare sin konstruktion erbjuder de ocks\u00e5 en imponerande grad av motst\u00e5ndskraft mot korrosion och slitage, vilket \u00e4r viktigt i saltvatten och andra tuffa milj\u00f6er. Konstruktionen minskar dessutom risken f\u00f6r att k\u00e4ttingen hakar upp sig, eftersom den enhetliga konstruktionen minimerar svaga punkter. Denna kvalitet har lett till en \u00f6kad preferens f\u00f6r dubbfria kedjor bland mariningenj\u00f6rer och fartygsoperat\u00f6rer som s\u00f6ker h\u00e5llbarhet och tillf\u00f6rlitlighet i situationer med h\u00f6ga p\u00e5frestningar.<\/p>\n<h3>F\u00f6rdelarna med att v\u00e4lja dubbfria ankarkedjor fr\u00e5n Qingdao H&amp;F<\/h3>\n<p>P\u00e5 Qingdao H&amp;F har vi \u00e5tagit oss att f\u00f6rse v\u00e5ra kunder med h\u00f6gkvalitativa dubbfria ankark\u00e4ttingar som uppfyller strikta standarder f\u00f6r s\u00e4kerhet, styrka och h\u00e5llbarhet. V\u00e5ra kedjor genomg\u00e5r str\u00e4nga kvalitetstester f\u00f6r att s\u00e4kerst\u00e4lla att de levererar optimal prestanda under olika f\u00f6rh\u00e5llanden. Processen omfattar provbelastningstestning, vilket \u00e4r viktigt f\u00f6r att bekr\u00e4fta att varje kedja kan hantera den maximala belastning som f\u00f6rv\u00e4ntas under anv\u00e4ndning. K\u00f6parna l\u00e4gger allt st\u00f6rre vikt vid provbelastningen eftersom den har en direkt inverkan p\u00e5 kedjans tillf\u00f6rlitlighet, s\u00e4rskilt i utmanande f\u00f6rt\u00f6jningssituationer.<\/p>\n<p>Det som skiljer Qingdao H&amp;F fr\u00e5n m\u00e4ngden \u00e4r v\u00e5rt engagemang f\u00f6r kundn\u00f6jdhet och tillf\u00f6rlitlighet. Med \u00f6ver 20 \u00e5rs expertis inom B2B-handelssektorn erbjuder v\u00e5rt team personlig kundservice som \u00e4r skr\u00e4ddarsydd f\u00f6r varje kunds unika behov. V\u00e5ra erfarna medarbetare guidar kunderna genom varje steg i ink\u00f6psprocessen och ser till att de hittar de perfekta kedjespecifikationerna f\u00f6r att matcha projektets krav. Vi f\u00f6rst\u00e5r att snabb leverans \u00e4r avg\u00f6rande i den h\u00e4r branschen, s\u00e5 vi betonar logistik i r\u00e4tt tid f\u00f6r att uppfylla v\u00e5ra kunders schemal\u00e4ggningsbehov utan kompromisser.<\/p>\n<p>F\u00f6rutom v\u00e5r starka leveranskapacitet backas v\u00e5ra produkter upp av omfattande kvalitetsinspektionsrapporter. Dessa rapporter ger transparens och s\u00e4kerhet, vilket hj\u00e4lper kunderna att fatta v\u00e4lgrundade k\u00f6pbeslut. I inspektionsprocessen utv\u00e4rderas faktorer som materialsammans\u00e4ttning, dragh\u00e5llfasthet och korrosionsbest\u00e4ndighet, vilka alla p\u00e5verkar kedjans livsl\u00e4ngd och prestanda. Genom att f\u00f6rse v\u00e5ra kunder med detaljerade inspektionsrapporter g\u00f6r vi det m\u00f6jligt f\u00f6r dem att tryggt investera i produkter som uppfyller deras h\u00f6gt st\u00e4llda krav.<\/p>\n<h3>Att v\u00e4lja r\u00e4tt specifikationer: Varf\u00f6r kedjans diameter och provbelastning \u00e4r viktiga<\/h3>\n<p>Vid val av dubbfria ankark\u00e4ttingar \u00e4r tv\u00e5 specifikationer s\u00e4rskilt viktiga: diameter och provbelastning. Diametern p\u00e5 varje kedjel\u00e4nk, m\u00e4tt i tum, p\u00e5verkar b\u00e5de kedjans vikt och dess lastb\u00e4rande kapacitet. Det \u00e4r viktigt att v\u00e4lja r\u00e4tt diameter, eftersom det direkt p\u00e5verkar kedjans prestanda i f\u00f6rt\u00f6jningstill\u00e4mpningar. Till exempel kan en diameter p\u00e5 1\/2 tum vara l\u00e4mplig f\u00f6r l\u00e4tta fartyg, medan tunga industriella applikationer kan kr\u00e4va k\u00e4ttingar med diametrar p\u00e5 3\/4 tum eller st\u00f6rre.<\/p>\n<p>Provbelastning \u00e4r en annan kritisk faktor som representerar den maximala belastning som kedjan kan uth\u00e4rda utan permanent deformation. Detta m\u00e5tt \u00e4r avg\u00f6rande f\u00f6r kunderna eftersom det ger ett tydligt m\u00e5tt p\u00e5 kedjans kapacitet att hantera tunga belastningar under verkliga f\u00f6rh\u00e5llanden. P\u00e5 Qingdao H&amp;F erbjuder vi kedjor som testats f\u00f6r att \u00f6verskrida industristandardiserade provbelastningar, vilket ger v\u00e5ra kunder \u00f6kat f\u00f6rtroende f\u00f6r deras prestanda. Provbelastningstestning \u00e4r ocks\u00e5 ett v\u00e4rdefullt m\u00e5tt p\u00e5 en kedjas s\u00e4kerhet, eftersom det s\u00e4kerst\u00e4ller att kedjan kommer att beh\u00e5lla sin integritet \u00e4ven under pl\u00f6tslig, intensiv belastning.<\/p>\n<p>Genom att v\u00e4lja en dubbfri ankark\u00e4tting med l\u00e4mplig diameter och provbelastning kan k\u00f6parna s\u00e4kerst\u00e4lla optimal prestanda f\u00f6r sina specifika f\u00f6rt\u00f6jningsbehov. V\u00e5rt team p\u00e5 Qingdao H&amp;F \u00e4r utrustat f\u00f6r att v\u00e4gleda kunderna i valet av de perfekta specifikationerna, med hj\u00e4lp av v\u00e5r djupg\u00e5ende kunskap om branschstandarder och materialegenskaper f\u00f6r att rekommendera produkter som \u00f6verensst\u00e4mmer med varje kunds operativa krav.<\/p>\n<h3>Lita p\u00e5 en bepr\u00f6vad partner: Varf\u00f6r Qingdao H&amp;F \u00e4r det b\u00e4sta valet<\/h3>\n<p>F\u00f6r dem som s\u00f6ker dubbfria ankark\u00e4ttingar \u00e4r tillf\u00f6rlitlighet och leverant\u00f6rserfarenhet av st\u00f6rsta vikt. Qingdao H&amp;F har tv\u00e5 decenniers erfarenhet av B2B-sektorn och f\u00f6rst\u00e5r de komplexa behoven hos marina och industriella kunder. V\u00e5r dedikerade kundservice inneb\u00e4r att varje kund f\u00e5r personlig support och hj\u00e4lp att hitta de b\u00e4sta l\u00f6sningarna f\u00f6r sina f\u00f6rt\u00f6jnings- och f\u00f6rankringskrav. Dessutom s\u00e4kerst\u00e4ller v\u00e5ra rigor\u00f6sa testprotokoll att varje produkt uppfyller eller \u00f6vertr\u00e4ffar industristandarder f\u00f6r kvalitet och h\u00e5llbarhet.<\/p>\n<p>Engagemanget f\u00f6r kvalitet slutar inte med f\u00f6rs\u00e4ljningen. Qingdao H&amp;F erbjuder support efter f\u00f6rs\u00e4ljning och snabba svar p\u00e5 kundfr\u00e5gor, vilket ytterligare f\u00f6rb\u00e4ttrar v\u00e5ra kunders upplevelse. Vi \u00e4r stolta \u00f6ver v\u00e5r f\u00f6rm\u00e5ga att bygga l\u00e5ngsiktiga relationer och tillhandah\u00e5lla en p\u00e5litlig k\u00e4lla till h\u00f6gkvalitativa dubbfria ankarkedjor som kunderna kan lita p\u00e5. Genom v\u00e5r transparenta kvalitetsinspektionsprocess och v\u00e5rt engagemang f\u00f6r snabb leverans har vi etablerat ett rykte om excellens inom branschen.<\/p>\n<p>Genom att v\u00e4lja Qingdao H&amp;F drar kunderna inte bara nytta av \u00f6verl\u00e4gsen produktkvalitet utan ocks\u00e5 av den f\u00f6rs\u00e4kran som kommer med v\u00e5ra omfattande inspektionsrapporter och expertv\u00e4gledning. N\u00e4r vi ser p\u00e5 framtiden ligger v\u00e5rt fokus fortfarande p\u00e5 att hj\u00e4lpa kunderna att n\u00e5 framg\u00e5ng genom att tillhandah\u00e5lla h\u00f6gkvalitativa dubbfria ankarkedjor som ger b\u00e5de prestanda och sinnesfrid.<\/p>","protected":false},"excerpt":{"rendered":"<p>Dubbfria ankark\u00e4ttingar \u00e4r ett p\u00e5litligt val f\u00f6r kraftig f\u00f6rt\u00f6jning och f\u00f6rankring, k\u00e4nda f\u00f6r sin robusta struktur och slitstyrka i kr\u00e4vande marina f\u00f6rh\u00e5llanden. K\u00f6pare fokuserar vanligtvis p\u00e5 faktorer som h\u00e5llbarhet, bevisbelastning och kedjans f\u00f6rm\u00e5ga att motst\u00e5 h\u00f6gsp\u00e4nningsf\u00f6rh\u00e5llanden \u00f6ver tid. Som ett B2B-handelsf\u00f6retag med 20 \u00e5rs expertis \u00e4r Qingdao H&amp;F stolt \u00f6ver att erbjuda konkurrenskraftiga priser, en snabb leveranscykel och omfattande kvalitetsinspektionsrapporter. V\u00e5r personliga kundservice s\u00e4kerst\u00e4ller en skr\u00e4ddarsydd k\u00f6pupplevelse, vilket g\u00f6r oss till en p\u00e5litlig partner f\u00f6r att leverera h\u00f6gkvalitativa dubbfria ankarkedjor som uppfyller strikta industristandarder.<\/p>","protected":false},"featured_media":8171,"comment_status":"open","ping_status":"closed","template":"","meta":{"site-sidebar-layout":"default","site-content-layout":"","ast-site-content-layout":"default","site-content-style":"default","site-sidebar-style":"default","ast-global-header-display":"","ast-banner-title-visibility":"","ast-main-header-display":"","ast-hfb-above-header-display":"","ast-hfb-below-header-display":"","ast-hfb-mobile-header-display":"","site-post-title":"","ast-breadcrumbs-content":"","ast-featured-img":"","footer-sml-layout":"","theme-transparent-header-meta":"default","adv-header-id-meta":"","stick-header-meta":"default","header-above-stick-meta":"","header-main-stick-meta":"","header-below-stick-meta":"","astra-migrate-meta-layouts":"set","ast-page-background-enabled":"default","ast-page-background-meta":{"desktop":{"background-color":"","background-image":"","background-repeat":"repeat","background-position":"center center","background-size":"auto","background-attachment":"scroll","background-type":"","background-media":"","overlay-type":"","overlay-color":"","overlay-opacity":"","overlay-gradient":""},"tablet":{"background-color":"","background-image":"","background-repeat":"repeat","background-position":"center center","background-size":"auto","background-attachment":"scroll","background-type":"","background-media":"","overlay-type":"","overlay-color":"","overlay-opacity":"","overlay-gradient":""},"mobile":{"background-color":"","background-image":"","background-repeat":"repeat","background-position":"center center","background-size":"auto","background-attachment":"scroll","background-type":"","background-media":"","overlay-type":"","overlay-color":"","overlay-opacity":"","overlay-gradient":""}},"ast-content-background-meta":{"desktop":{"background-color":"var(--ast-global-color-5)","background-image":"","background-repeat":"repeat","background-position":"center center","background-size":"auto","background-attachment":"scroll","background-type":"","background-media":"","overlay-type":"","overlay-color":"","overlay-opacity":"","overlay-gradient":""},"tablet":{"background-color":"var(--ast-global-color-5)","background-image":"","background-repeat":"repeat","background-position":"center center","background-size":"auto","background-attachment":"scroll","background-type":"","background-media":"","overlay-type":"","overlay-color":"","overlay-opacity":"","overlay-gradient":""},"mobile":{"background-color":"var(--ast-global-color-5)","background-image":"","background-repeat":"repeat","background-position":"center center","background-size":"auto","background-attachment":"scroll","background-type":"","background-media":"","overlay-type":"","overlay-color":"","overlay-opacity":"","overlay-gradient":""}}},"product_brand":[],"product_cat":[38],"product_tag":[],"class_list":{"0":"post-8178","1":"product","2":"type-product","3":"status-publish","4":"has-post-thumbnail","6":"product_cat-chain","7":"desktop-align-left","8":"tablet-align-left","9":"mobile-align-left","10":"ast-product-gallery-layout-horizontal-slider","11":"ast-product-tabs-layout-horizontal","13":"first","14":"instock","15":"shipping-taxable","16":"purchasable","17":"product-type-simple"},"yoast_head":"<!-- This site is optimized with the Yoast SEO plugin v25.2 - https:\/\/yoast.com\/wordpress\/plugins\/seo\/ -->\n<title>Studless Anchor Chain<\/title>\n<meta name=\"description\" content=\"Studless anchor chains are a dependable choice for heavy-duty mooring and anchoring, known for their robust structure and resistance to wear in demanding marine conditions.\" \/>\n<meta name=\"robots\" content=\"index, follow, max-snippet:-1, max-image-preview:large, max-video-preview:-1\" \/>\n<link rel=\"canonical\" href=\"https:\/\/qingdaohf.com\/sv\/produkt\/dubbfri-ankarkatting\/\" \/>\n<meta property=\"og:locale\" content=\"sv_SE\" \/>\n<meta property=\"og:type\" content=\"article\" \/>\n<meta property=\"og:title\" content=\"Studless Anchor Chain\" \/>\n<meta property=\"og:description\" content=\"Studless anchor chains are a dependable choice for heavy-duty mooring and anchoring, known for their robust structure and resistance to wear in demanding marine conditions.\" \/>\n<meta property=\"og:url\" content=\"https:\/\/qingdaohf.com\/sv\/produkt\/dubbfri-ankarkatting\/\" \/>\n<meta property=\"og:site_name\" content=\"Concrete Form &amp; Rigging Hardware Supplier\" \/>\n<meta property=\"article:publisher\" content=\"https:\/\/www.facebook.com\/qingdaohf\" \/>\n<meta property=\"article:modified_time\" content=\"2025-11-13T01:02:54+00:00\" \/>\n<meta property=\"og:image\" content=\"https:\/\/qingdaohf.com\/wp-content\/uploads\/2024\/10\/marine-studless-chain_\u526f\u672c.jpg\" \/>\n\t<meta property=\"og:image:width\" content=\"1000\" \/>\n\t<meta property=\"og:image:height\" content=\"1000\" \/>\n\t<meta property=\"og:image:type\" content=\"image\/jpeg\" \/>\n<meta name=\"twitter:card\" content=\"summary_large_image\" \/>\n<meta name=\"twitter:label1\" content=\"Ber\u00e4knad l\u00e4stid\" \/>\n\t<meta name=\"twitter:data1\" content=\"5 minuter\" \/>\n<script type=\"application\/ld+json\" class=\"yoast-schema-graph\">{\"@context\":\"https:\/\/schema.org\",\"@graph\":[{\"@type\":\"WebPage\",\"@id\":\"https:\/\/qingdaohf.com\/product\/studless-anchor-chain\/\",\"url\":\"https:\/\/qingdaohf.com\/product\/studless-anchor-chain\/\",\"name\":\"Studless Anchor Chain\",\"isPartOf\":{\"@id\":\"https:\/\/qingdaohf.com\/bg\/#website\"},\"primaryImageOfPage\":{\"@id\":\"https:\/\/qingdaohf.com\/product\/studless-anchor-chain\/#primaryimage\"},\"image\":{\"@id\":\"https:\/\/qingdaohf.com\/product\/studless-anchor-chain\/#primaryimage\"},\"thumbnailUrl\":\"https:\/\/qingdaohf.com\/wp-content\/uploads\/2024\/10\/marine-studless-chain_\u526f\u672c.jpg\",\"datePublished\":\"2024-10-29T08:45:43+00:00\",\"dateModified\":\"2025-11-13T01:02:54+00:00\",\"description\":\"Studless anchor chains are a dependable choice for heavy-duty mooring and anchoring, known for their robust structure and resistance to wear in demanding marine conditions.\",\"breadcrumb\":{\"@id\":\"https:\/\/qingdaohf.com\/product\/studless-anchor-chain\/#breadcrumb\"},\"inLanguage\":\"sv-SE\",\"potentialAction\":[{\"@type\":\"ReadAction\",\"target\":[\"https:\/\/qingdaohf.com\/product\/studless-anchor-chain\/\"]}]},{\"@type\":\"ImageObject\",\"inLanguage\":\"sv-SE\",\"@id\":\"https:\/\/qingdaohf.com\/product\/studless-anchor-chain\/#primaryimage\",\"url\":\"https:\/\/qingdaohf.com\/wp-content\/uploads\/2024\/10\/marine-studless-chain_\u526f\u672c.jpg\",\"contentUrl\":\"https:\/\/qingdaohf.com\/wp-content\/uploads\/2024\/10\/marine-studless-chain_\u526f\u672c.jpg\",\"width\":1000,\"height\":1000,\"caption\":\"studless chain\"},{\"@type\":\"BreadcrumbList\",\"@id\":\"https:\/\/qingdaohf.com\/product\/studless-anchor-chain\/#breadcrumb\",\"itemListElement\":[{\"@type\":\"ListItem\",\"position\":1,\"name\":\"Home\",\"item\":\"https:\/\/qingdaohf.com\/\"},{\"@type\":\"ListItem\",\"position\":2,\"name\":\"Concrete Forming Accessories and Rigging Hardware\",\"item\":\"https:\/\/qingdaohf.com\/bg\/?page_id=944\"},{\"@type\":\"ListItem\",\"position\":3,\"name\":\"Studless Anchor Chain\"}]},{\"@type\":\"WebSite\",\"@id\":\"https:\/\/qingdaohf.com\/bg\/#website\",\"url\":\"https:\/\/qingdaohf.com\/bg\/\",\"name\":\"Concrete Form & Rigging Hardware Supplier\",\"description\":\"\",\"publisher\":{\"@id\":\"https:\/\/qingdaohf.com\/bg\/#organization\"},\"potentialAction\":[{\"@type\":\"SearchAction\",\"target\":{\"@type\":\"EntryPoint\",\"urlTemplate\":\"https:\/\/qingdaohf.com\/bg\/?s={search_term_string}\"},\"query-input\":{\"@type\":\"PropertyValueSpecification\",\"valueRequired\":true,\"valueName\":\"search_term_string\"}}],\"inLanguage\":\"sv-SE\"},{\"@type\":\"Organization\",\"@id\":\"https:\/\/qingdaohf.com\/bg\/#organization\",\"name\":\"Qingdao H&F\",\"url\":\"https:\/\/qingdaohf.com\/bg\/\",\"logo\":{\"@type\":\"ImageObject\",\"inLanguage\":\"sv-SE\",\"@id\":\"https:\/\/qingdaohf.com\/bg\/#\/schema\/logo\/image\/\",\"url\":\"https:\/\/qingdaohf.com\/wp-content\/uploads\/2022\/12\/cropped-HF-LOGO.png\",\"contentUrl\":\"https:\/\/qingdaohf.com\/wp-content\/uploads\/2022\/12\/cropped-HF-LOGO.png\",\"width\":391,\"height\":249,\"caption\":\"Qingdao H&F\"},\"image\":{\"@id\":\"https:\/\/qingdaohf.com\/bg\/#\/schema\/logo\/image\/\"},\"sameAs\":[\"https:\/\/www.facebook.com\/qingdaohf\"]}]}<\/script>\n<!-- \/ Yoast SEO plugin. -->","yoast_head_json":{"title":"Studless Anchor Chain","description":"Studless anchor chains are a dependable choice for heavy-duty mooring and anchoring, known for their robust structure and resistance to wear in demanding marine conditions.","robots":{"index":"index","follow":"follow","max-snippet":"max-snippet:-1","max-image-preview":"max-image-preview:large","max-video-preview":"max-video-preview:-1"},"canonical":"https:\/\/qingdaohf.com\/sv\/produkt\/dubbfri-ankarkatting\/","og_locale":"sv_SE","og_type":"article","og_title":"Studless Anchor Chain","og_description":"Studless anchor chains are a dependable choice for heavy-duty mooring and anchoring, known for their robust structure and resistance to wear in demanding marine conditions.","og_url":"https:\/\/qingdaohf.com\/sv\/produkt\/dubbfri-ankarkatting\/","og_site_name":"Concrete Form &amp; Rigging Hardware Supplier","article_publisher":"https:\/\/www.facebook.com\/qingdaohf","article_modified_time":"2025-11-13T01:02:54+00:00","og_image":[{"width":1000,"height":1000,"url":"https:\/\/qingdaohf.com\/wp-content\/uploads\/2024\/10\/marine-studless-chain_\u526f\u672c.jpg","type":"image\/jpeg"}],"twitter_card":"summary_large_image","twitter_misc":{"Ber\u00e4knad l\u00e4stid":"5 minuter"},"schema":{"@context":"https:\/\/schema.org","@graph":[{"@type":"WebPage","@id":"https:\/\/qingdaohf.com\/product\/studless-anchor-chain\/","url":"https:\/\/qingdaohf.com\/product\/studless-anchor-chain\/","name":"Studless Anchor Chain","isPartOf":{"@id":"https:\/\/qingdaohf.com\/bg\/#website"},"primaryImageOfPage":{"@id":"https:\/\/qingdaohf.com\/product\/studless-anchor-chain\/#primaryimage"},"image":{"@id":"https:\/\/qingdaohf.com\/product\/studless-anchor-chain\/#primaryimage"},"thumbnailUrl":"https:\/\/qingdaohf.com\/wp-content\/uploads\/2024\/10\/marine-studless-chain_\u526f\u672c.jpg","datePublished":"2024-10-29T08:45:43+00:00","dateModified":"2025-11-13T01:02:54+00:00","description":"Studless anchor chains are a dependable choice for heavy-duty mooring and anchoring, known for their robust structure and resistance to wear in demanding marine conditions.","breadcrumb":{"@id":"https:\/\/qingdaohf.com\/product\/studless-anchor-chain\/#breadcrumb"},"inLanguage":"sv-SE","potentialAction":[{"@type":"ReadAction","target":["https:\/\/qingdaohf.com\/product\/studless-anchor-chain\/"]}]},{"@type":"ImageObject","inLanguage":"sv-SE","@id":"https:\/\/qingdaohf.com\/product\/studless-anchor-chain\/#primaryimage","url":"https:\/\/qingdaohf.com\/wp-content\/uploads\/2024\/10\/marine-studless-chain_\u526f\u672c.jpg","contentUrl":"https:\/\/qingdaohf.com\/wp-content\/uploads\/2024\/10\/marine-studless-chain_\u526f\u672c.jpg","width":1000,"height":1000,"caption":"studless chain"},{"@type":"BreadcrumbList","@id":"https:\/\/qingdaohf.com\/product\/studless-anchor-chain\/#breadcrumb","itemListElement":[{"@type":"ListItem","position":1,"name":"Home","item":"https:\/\/qingdaohf.com\/"},{"@type":"ListItem","position":2,"name":"Concrete Forming Accessories and Rigging Hardware","item":"https:\/\/qingdaohf.com\/bg\/?page_id=944"},{"@type":"ListItem","position":3,"name":"Studless Anchor Chain"}]},{"@type":"WebSite","@id":"https:\/\/qingdaohf.com\/bg\/#website","url":"https:\/\/qingdaohf.com\/bg\/","name":"Concrete Form & Rigging Hardware Supplier","description":"","publisher":{"@id":"https:\/\/qingdaohf.com\/bg\/#organization"},"potentialAction":[{"@type":"SearchAction","target":{"@type":"EntryPoint","urlTemplate":"https:\/\/qingdaohf.com\/bg\/?s={search_term_string}"},"query-input":{"@type":"PropertyValueSpecification","valueRequired":true,"valueName":"search_term_string"}}],"inLanguage":"sv-SE"},{"@type":"Organization","@id":"https:\/\/qingdaohf.com\/bg\/#organization","name":"Qingdao H&F","url":"https:\/\/qingdaohf.com\/bg\/","logo":{"@type":"ImageObject","inLanguage":"sv-SE","@id":"https:\/\/qingdaohf.com\/bg\/#\/schema\/logo\/image\/","url":"https:\/\/qingdaohf.com\/wp-content\/uploads\/2022\/12\/cropped-HF-LOGO.png","contentUrl":"https:\/\/qingdaohf.com\/wp-content\/uploads\/2022\/12\/cropped-HF-LOGO.png","width":391,"height":249,"caption":"Qingdao H&F"},"image":{"@id":"https:\/\/qingdaohf.com\/bg\/#\/schema\/logo\/image\/"},"sameAs":["https:\/\/www.facebook.com\/qingdaohf"]}]}},"_links":{"self":[{"href":"https:\/\/qingdaohf.com\/sv\/wp-json\/wp\/v2\/product\/8178","targetHints":{"allow":["GET"]}}],"collection":[{"href":"https:\/\/qingdaohf.com\/sv\/wp-json\/wp\/v2\/product"}],"about":[{"href":"https:\/\/qingdaohf.com\/sv\/wp-json\/wp\/v2\/types\/product"}],"replies":[{"embeddable":true,"href":"https:\/\/qingdaohf.com\/sv\/wp-json\/wp\/v2\/comments?post=8178"}],"version-history":[{"count":1,"href":"https:\/\/qingdaohf.com\/sv\/wp-json\/wp\/v2\/product\/8178\/revisions"}],"predecessor-version":[{"id":8180,"href":"https:\/\/qingdaohf.com\/sv\/wp-json\/wp\/v2\/product\/8178\/revisions\/8180"}],"wp:featuredmedia":[{"embeddable":true,"href":"https:\/\/qingdaohf.com\/sv\/wp-json\/wp\/v2\/media\/8171"}],"wp:attachment":[{"href":"https:\/\/qingdaohf.com\/sv\/wp-json\/wp\/v2\/media?parent=8178"}],"wp:term":[{"taxonomy":"product_brand","embeddable":true,"href":"https:\/\/qingdaohf.com\/sv\/wp-json\/wp\/v2\/product_brand?post=8178"},{"taxonomy":"product_cat","embeddable":true,"href":"https:\/\/qingdaohf.com\/sv\/wp-json\/wp\/v2\/product_cat?post=8178"},{"taxonomy":"product_tag","embeddable":true,"href":"https:\/\/qingdaohf.com\/sv\/wp-json\/wp\/v2\/product_tag?post=8178"}],"curies":[{"name":"wp","href":"https:\/\/api.w.org\/{rel}","templated":true}]}}