{"id":8181,"date":"2024-10-29T16:52:37","date_gmt":"2024-10-29T08:52:37","guid":{"rendered":"http:\/\/qingdaohf.com\/?post_type=product&#038;p=8181"},"modified":"2025-11-13T09:02:54","modified_gmt":"2025-11-13T01:02:54","slug":"stud-link-chain","status":"publish","type":"product","link":"https:\/\/qingdaohf.com\/sv\/produkt\/kedja-med-studslank\/","title":{"rendered":"Stud Link ankark\u00e4tting"},"content":{"rendered":"<p><img fetchpriority=\"high\" decoding=\"async\" class=\"alignnone size-full wp-image-8170\" src=\"http:\/\/qingdaohf.com\/wp-content\/uploads\/2024\/10\/stud-link-anchor-chain_2.webp\" alt=\"studsl\u00e4nk ankark\u00e4tting\" width=\"842\" height=\"1091\" srcset=\"https:\/\/qingdaohf.com\/wp-content\/uploads\/2024\/10\/stud-link-anchor-chain_2.webp 842w, https:\/\/qingdaohf.com\/wp-content\/uploads\/2024\/10\/stud-link-anchor-chain_2-232x300.webp 232w, https:\/\/qingdaohf.com\/wp-content\/uploads\/2024\/10\/stud-link-anchor-chain_2-790x1024.webp 790w, https:\/\/qingdaohf.com\/wp-content\/uploads\/2024\/10\/stud-link-anchor-chain_2-768x995.webp 768w, https:\/\/qingdaohf.com\/wp-content\/uploads\/2024\/10\/stud-link-anchor-chain_2-9x12.webp 9w\" sizes=\"(max-width: 842px) 100vw, 842px\" \/><\/p>\n<p>I industri-, sj\u00f6farts- och offshoremilj\u00f6er \u00e4r Stud Link Chains betrodda f\u00f6r sin h\u00e5llbarhet och lasthanteringsf\u00f6rm\u00e5ga, vilket g\u00f6r dem idealiska f\u00f6r f\u00f6rankring, f\u00f6rt\u00f6jning och olika tunga lyftapplikationer. Dessa kedjor best\u00e5r av sammankopplade l\u00e4nkar med dubbar placerade \u00f6ver varje l\u00e4nks insida, vilket ger strukturell stabilitet som hj\u00e4lper till att f\u00f6rhindra deformation under betydande belastning. Vid val av kedja m\u00e5ste k\u00f6paren fokusera p\u00e5 specifikationer som diameter, provbelastning och \u00f6vergripande materialkvalitet, eftersom dessa faktorer direkt p\u00e5verkar s\u00e4kerhet och prestanda.<\/p>\n<p>Det \u00e4r inte bara viktigt att v\u00e4lja r\u00e4tt kedja, utan varje kedjas specifikationer m\u00e5ste \u00f6verensst\u00e4mma med branschens krav och f\u00f6rv\u00e4ntade belastningsf\u00f6rh\u00e5llanden. Exempelvis spelar kedjel\u00e4nkarnas diameter, som vanligen finns i tumstorlek, en avg\u00f6rande roll f\u00f6r att best\u00e4mma kedjans styrka och l\u00e4mplighet f\u00f6r olika anv\u00e4ndningsomr\u00e5den. Kedjor som uppfyller internationella standarder, som ISO 1704 och IACS-regler, ger k\u00f6parna en f\u00f6rs\u00e4kran om att dessa produkter har genomg\u00e5tt rigor\u00f6sa tester f\u00f6r kvalitet och motst\u00e5ndskraft. P\u00e5 Qingdao H&amp;F inser vi behovet av b\u00e5de h\u00f6gpresterande produkter och p\u00e5litlig service, vilket \u00e4r anledningen till att vi f\u00f6ljer med varje kedja med detaljerade kvalitetsinspektionsrapporter, inklusive provbelastning, brottbelastning och materialsammans\u00e4ttning. Genom att fokusera p\u00e5 s\u00e4kerhet och effektivitet ger v\u00e5ra Stud Link-kedjor det f\u00f6rtroende som beh\u00f6vs f\u00f6r drifts\u00e4kerhet i utmanande milj\u00f6er.<\/p>\n<h3><strong>Styrka och h\u00e5llbarhet hos studsl\u00e4nkade kedjor<\/strong><\/h3>\n<p>Stud Link Chains \u00e4r tillverkade av h\u00f6gkvalitativt st\u00e5l, vilket ger dem exceptionell dragh\u00e5llfasthet och korrosionsbest\u00e4ndighet - tv\u00e5 kritiska egenskaper i maritima och tunga industriella applikationer. Dubben som finns i varje l\u00e4nk f\u00f6rhindrar kedjedeformation genom att bibeh\u00e5lla kedjans \u00f6vergripande form, \u00e4ven under tunga laster. Denna designfunktion bidrar ocks\u00e5 till att minska b\u00f6jningssp\u00e4nningen, ett vanligt problem i applikationer med h\u00f6g belastning, vilket f\u00f6rl\u00e4nger kedjans livsl\u00e4ngd.<\/p>\n<p>Varje l\u00e4nk \u00e4r noggrant konstruerad f\u00f6r att klara belastningar utan att ge efter f\u00f6r deformation eller utmattning, vilket g\u00f6r Stud Link Chains s\u00e4rskilt v\u00e4rdefulla i offshore-till\u00e4mpningar d\u00e4r stabilitet och styrka \u00e4r avg\u00f6rande. Kedjor med st\u00f6rre diameter har st\u00f6rre h\u00e5llfasthet, vilket inneb\u00e4r att de kan b\u00e4ra betydande vikt utan att ge efter, vilket g\u00f6r dem idealiska f\u00f6r f\u00f6rt\u00f6jningssystem och ankark\u00e4ttingar.<\/p>\n<p>Qingdao H&amp;F:s kvalitetsarbete omfattar en rigor\u00f6s testprocess d\u00e4r kedjorna uts\u00e4tts f\u00f6r provbelastning och dragh\u00e5llfasthetsutv\u00e4rderingar f\u00f6re leverans. Detta f\u00f6rfarande s\u00e4kerst\u00e4ller att varje produkt uppfyller kraven och klarar de utmanande f\u00f6rh\u00e5llandena vid industriell anv\u00e4ndning. V\u00e5r personliga kundservice inneb\u00e4r ocks\u00e5 att k\u00f6parna f\u00e5r experthj\u00e4lp med att v\u00e4lja l\u00e4mplig kedjestorlek och specifikationer utifr\u00e5n specifika behov, vilket s\u00e4kerst\u00e4ller att varje k\u00f6p \u00e4r ett v\u00e4lgrundat k\u00f6p.<\/p>\n<h3><strong>Till\u00e4mpningar och k\u00f6par\u00f6verv\u00e4ganden f\u00f6r studsl\u00e4nkade kedjor<\/strong><\/h3>\n<p>Stud Link-kedjor anv\u00e4nds oftast i maritima applikationer, s\u00e4rskilt som ankar- och f\u00f6rt\u00f6jningskedjor, p\u00e5 grund av deras f\u00f6rm\u00e5ga att motst\u00e5 l\u00e5ngvarig exponering f\u00f6r havsvatten och grov hantering. F\u00f6rutom inom sj\u00f6farten anv\u00e4nds dessa kedjor \u00e4ven inom bygg-, gruv- och industrimaskiner d\u00e4r tunga laster m\u00e5ste s\u00e4kras och hanteras p\u00e5 ett mycket tillf\u00f6rlitligt s\u00e4tt. Valet av kedjediameter, tappkonstruktion och material blir dock avg\u00f6rande f\u00f6r att uppfylla varje branschs specifika krav.<\/p>\n<p>Vid val av stud link-kedjor prioriterar k\u00f6parna flera prestandarelaterade egenskaper. Det f\u00f6rsta \u00e4r materialets h\u00e5llfasthet: H\u00f6gh\u00e5llfast st\u00e5l ger den h\u00e5llbarhet som kr\u00e4vs f\u00f6r marina till\u00e4mpningar, medan legerat st\u00e5l kan vara att f\u00f6redra f\u00f6r sitt f\u00f6rb\u00e4ttrade f\u00f6rh\u00e5llande mellan styrka och vikt i konstruktionen. F\u00f6r det andra \u00e4r korrosionsbest\u00e4ndigheten avg\u00f6rande i saltvattenmilj\u00f6er, eftersom varje kompromiss i materialkvaliteten kan leda till tidig nedbrytning av kedjan och s\u00e4kerhetsrisker. K\u00f6parna b\u00f6r ocks\u00e5 ta h\u00e4nsyn till kedjans provbelastningsgrad f\u00f6r att s\u00e4kerst\u00e4lla att den klarar de specifika viktbelastningar som f\u00f6rv\u00e4ntas i deras verksamhet.<\/p>\n<p>P\u00e5 Qingdao H&amp;F g\u00f6r v\u00e5ra snabba leveranscykler det m\u00f6jligt f\u00f6r f\u00f6retag att uppr\u00e4tth\u00e5lla oavbruten verksamhet utan \u00f6verdriven stillest\u00e5ndstid. Dessutom erbjuder vi detaljerade inspektionsrapporter, vilket ger v\u00e5ra kunder en tydlig bild av varje kedjas kvalitetsparametrar f\u00f6re leverans. Med denna niv\u00e5 av transparens kan k\u00f6parna lita p\u00e5 att v\u00e5ra kedjor inte bara uppfyller industristandarderna utan ocks\u00e5 de unika kraven f\u00f6r varje applikation, oavsett om det g\u00e4ller offshore-riggar, industriella lyft eller hamnverksamhet.<\/p>\n<h3><strong>Slutsats: Varf\u00f6r v\u00e4lja Qingdao H&amp;F: s Stud Link-kedjor<\/strong><\/h3>\n<p>Att v\u00e4lja en kedja \u00e4r ett beslut som grundar sig p\u00e5 s\u00e4kerhet och funktionalitet, eftersom dessa kedjor m\u00e5ste t\u00e5la extrema belastningar och utmanande milj\u00f6er. P\u00e5 Qingdao H&amp;F g\u00e5r vi l\u00e4ngre \u00e4n att bara leverera h\u00f6gkvalitativa kedjor genom att erbjuda en omfattande serviceupplevelse som inkluderar expertr\u00e5dgivning, snabb leverans och produkttransparens genom inspektionsrapporter. Var och en av v\u00e5ra kedjor uppfyller rigor\u00f6sa teststandarder, vilket f\u00f6rs\u00e4krar v\u00e5ra k\u00f6pare om kvalitet och h\u00e5llbarhet vid varje k\u00f6p.<\/p>\n<p>V\u00e5rt engagemang f\u00f6r en-till-en-kundservice inneb\u00e4r att vi st\u00f6der kunderna i varje steg, fr\u00e5n produktval till f\u00f6rfr\u00e5gningar efter f\u00f6rs\u00e4ljning, vilket s\u00e4kerst\u00e4ller b\u00e4sta m\u00f6jliga k\u00f6pupplevelse. Oavsett om de anv\u00e4nds i maritima milj\u00f6er, industriella lyft eller andra milj\u00f6er med h\u00f6g belastning, levererar Qingdao H&amp;Fs Stud Link-kedjor inte bara kvalitet utan ocks\u00e5 den tillf\u00f6rlitlighet och support som varje f\u00f6retag beh\u00f6ver f\u00f6r att lyckas.<\/p>","protected":false},"excerpt":{"rendered":"<p>En stud link-kedja erbjuder robust styrka och stabilitet, perfekt f\u00f6r tunga applikationer d\u00e4r h\u00e5llbarhet och tillf\u00f6rlitlighet \u00e4r av st\u00f6rsta vikt. K\u00f6pare prioriterar ofta faktorer som materialkvalitet, b\u00e4rf\u00f6rm\u00e5ga och motst\u00e5ndskraft mot tuffa milj\u00f6er n\u00e4r de v\u00e4ljer en Stud Link Chain. P\u00e5 Qingdao H&amp;F prioriterar vi dessa behov genom att se till att varje kedja uppfyller str\u00e4nga kvalitetsstandarder och tillhandah\u00e5ller detaljerade inspektionsrapporter, inklusive provbelastning och dragh\u00e5llfasthetsdata. Med v\u00e5r personliga kundservice och effektiva leveranscykel levererar vi inte bara produkter utan \u00e4ven tillf\u00f6rlitliga l\u00f6sningar som m\u00f6jligg\u00f6r en smidigare och s\u00e4krare verksamhet f\u00f6r ditt f\u00f6retag.<\/p>","protected":false},"featured_media":4678,"comment_status":"open","ping_status":"closed","template":"","meta":{"site-sidebar-layout":"default","site-content-layout":"","ast-site-content-layout":"default","site-content-style":"default","site-sidebar-style":"default","ast-global-header-display":"","ast-banner-title-visibility":"","ast-main-header-display":"","ast-hfb-above-header-display":"","ast-hfb-below-header-display":"","ast-hfb-mobile-header-display":"","site-post-title":"","ast-breadcrumbs-content":"","ast-featured-img":"","footer-sml-layout":"","theme-transparent-header-meta":"default","adv-header-id-meta":"","stick-header-meta":"default","header-above-stick-meta":"","header-main-stick-meta":"","header-below-stick-meta":"","astra-migrate-meta-layouts":"set","ast-page-background-enabled":"default","ast-page-background-meta":{"desktop":{"background-color":"","background-image":"","background-repeat":"repeat","background-position":"center center","background-size":"auto","background-attachment":"scroll","background-type":"","background-media":"","overlay-type":"","overlay-color":"","overlay-opacity":"","overlay-gradient":""},"tablet":{"background-color":"","background-image":"","background-repeat":"repeat","background-position":"center center","background-size":"auto","background-attachment":"scroll","background-type":"","background-media":"","overlay-type":"","overlay-color":"","overlay-opacity":"","overlay-gradient":""},"mobile":{"background-color":"","background-image":"","background-repeat":"repeat","background-position":"center center","background-size":"auto","background-attachment":"scroll","background-type":"","background-media":"","overlay-type":"","overlay-color":"","overlay-opacity":"","overlay-gradient":""}},"ast-content-background-meta":{"desktop":{"background-color":"var(--ast-global-color-5)","background-image":"","background-repeat":"repeat","background-position":"center center","background-size":"auto","background-attachment":"scroll","background-type":"","background-media":"","overlay-type":"","overlay-color":"","overlay-opacity":"","overlay-gradient":""},"tablet":{"background-color":"var(--ast-global-color-5)","background-image":"","background-repeat":"repeat","background-position":"center center","background-size":"auto","background-attachment":"scroll","background-type":"","background-media":"","overlay-type":"","overlay-color":"","overlay-opacity":"","overlay-gradient":""},"mobile":{"background-color":"var(--ast-global-color-5)","background-image":"","background-repeat":"repeat","background-position":"center center","background-size":"auto","background-attachment":"scroll","background-type":"","background-media":"","overlay-type":"","overlay-color":"","overlay-opacity":"","overlay-gradient":""}}},"product_brand":[],"product_cat":[38],"product_tag":[],"class_list":{"0":"post-8181","1":"product","2":"type-product","3":"status-publish","4":"has-post-thumbnail","6":"product_cat-chain","7":"desktop-align-left","8":"tablet-align-left","9":"mobile-align-left","10":"ast-product-gallery-layout-horizontal-slider","11":"ast-product-tabs-layout-horizontal","13":"first","14":"instock","15":"shipping-taxable","16":"purchasable","17":"product-type-simple"},"yoast_head":"<!-- This site is optimized with the Yoast SEO plugin v25.2 - https:\/\/yoast.com\/wordpress\/plugins\/seo\/ -->\n<title>Stud Link Anchor Chain<\/title>\n<meta name=\"robots\" content=\"index, follow, max-snippet:-1, max-image-preview:large, max-video-preview:-1\" \/>\n<link rel=\"canonical\" href=\"https:\/\/qingdaohf.com\/sv\/produkt\/kedja-med-studslank\/\" \/>\n<meta property=\"og:locale\" content=\"sv_SE\" \/>\n<meta property=\"og:type\" content=\"article\" \/>\n<meta property=\"og:title\" content=\"Stud Link Anchor Chain\" \/>\n<meta property=\"og:description\" content=\"A Stud Link Chain offers robust strength and stability, ideal for heavy-duty applications where durability and reliability are paramount. Buyers often prioritize factors like material quality, load-bearing capacity, and resistance to harsh environments when selecting a Stud Link Chain. At Qingdao H&amp;F, we prioritize these needs by ensuring every chain meets stringent quality standards and providing detailed inspection reports, including proof load and tensile strength data. With our one-on-one customer service approach and efficient delivery cycle, we deliver not just products but reliable solutions that enable smoother, safer operations for your business.\" \/>\n<meta property=\"og:url\" content=\"https:\/\/qingdaohf.com\/sv\/produkt\/kedja-med-studslank\/\" \/>\n<meta property=\"og:site_name\" content=\"Concrete Form &amp; Rigging Hardware Supplier\" \/>\n<meta property=\"article:publisher\" content=\"https:\/\/www.facebook.com\/qingdaohf\" \/>\n<meta property=\"article:modified_time\" content=\"2025-11-13T01:02:54+00:00\" \/>\n<meta property=\"og:image\" content=\"https:\/\/qingdaohf.com\/wp-content\/uploads\/2023\/04\/Marine-anchor-chain.jpg\" \/>\n\t<meta property=\"og:image:width\" content=\"1000\" \/>\n\t<meta property=\"og:image:height\" content=\"1000\" \/>\n\t<meta property=\"og:image:type\" content=\"image\/jpeg\" \/>\n<meta name=\"twitter:card\" content=\"summary_large_image\" \/>\n<meta name=\"twitter:label1\" content=\"Ber\u00e4knad l\u00e4stid\" \/>\n\t<meta name=\"twitter:data1\" content=\"4 minuter\" \/>\n<script type=\"application\/ld+json\" class=\"yoast-schema-graph\">{\"@context\":\"https:\/\/schema.org\",\"@graph\":[{\"@type\":\"WebPage\",\"@id\":\"https:\/\/qingdaohf.com\/product\/stud-link-chain\/\",\"url\":\"https:\/\/qingdaohf.com\/product\/stud-link-chain\/\",\"name\":\"Stud Link Anchor Chain\",\"isPartOf\":{\"@id\":\"https:\/\/qingdaohf.com\/bg\/#website\"},\"primaryImageOfPage\":{\"@id\":\"https:\/\/qingdaohf.com\/product\/stud-link-chain\/#primaryimage\"},\"image\":{\"@id\":\"https:\/\/qingdaohf.com\/product\/stud-link-chain\/#primaryimage\"},\"thumbnailUrl\":\"https:\/\/qingdaohf.com\/wp-content\/uploads\/2023\/04\/Marine-anchor-chain.jpg\",\"datePublished\":\"2024-10-29T08:52:37+00:00\",\"dateModified\":\"2025-11-13T01:02:54+00:00\",\"breadcrumb\":{\"@id\":\"https:\/\/qingdaohf.com\/product\/stud-link-chain\/#breadcrumb\"},\"inLanguage\":\"sv-SE\",\"potentialAction\":[{\"@type\":\"ReadAction\",\"target\":[\"https:\/\/qingdaohf.com\/product\/stud-link-chain\/\"]}]},{\"@type\":\"ImageObject\",\"inLanguage\":\"sv-SE\",\"@id\":\"https:\/\/qingdaohf.com\/product\/stud-link-chain\/#primaryimage\",\"url\":\"https:\/\/qingdaohf.com\/wp-content\/uploads\/2023\/04\/Marine-anchor-chain.jpg\",\"contentUrl\":\"https:\/\/qingdaohf.com\/wp-content\/uploads\/2023\/04\/Marine-anchor-chain.jpg\",\"width\":1000,\"height\":1000,\"caption\":\"Marine anchor chain\"},{\"@type\":\"BreadcrumbList\",\"@id\":\"https:\/\/qingdaohf.com\/product\/stud-link-chain\/#breadcrumb\",\"itemListElement\":[{\"@type\":\"ListItem\",\"position\":1,\"name\":\"Home\",\"item\":\"https:\/\/qingdaohf.com\/\"},{\"@type\":\"ListItem\",\"position\":2,\"name\":\"Concrete Forming Accessories and Rigging Hardware\",\"item\":\"https:\/\/qingdaohf.com\/bg\/?page_id=944\"},{\"@type\":\"ListItem\",\"position\":3,\"name\":\"Stud Link Anchor Chain\"}]},{\"@type\":\"WebSite\",\"@id\":\"https:\/\/qingdaohf.com\/bg\/#website\",\"url\":\"https:\/\/qingdaohf.com\/bg\/\",\"name\":\"Concrete Form & Rigging Hardware Supplier\",\"description\":\"\",\"publisher\":{\"@id\":\"https:\/\/qingdaohf.com\/bg\/#organization\"},\"potentialAction\":[{\"@type\":\"SearchAction\",\"target\":{\"@type\":\"EntryPoint\",\"urlTemplate\":\"https:\/\/qingdaohf.com\/bg\/?s={search_term_string}\"},\"query-input\":{\"@type\":\"PropertyValueSpecification\",\"valueRequired\":true,\"valueName\":\"search_term_string\"}}],\"inLanguage\":\"sv-SE\"},{\"@type\":\"Organization\",\"@id\":\"https:\/\/qingdaohf.com\/bg\/#organization\",\"name\":\"Qingdao H&F\",\"url\":\"https:\/\/qingdaohf.com\/bg\/\",\"logo\":{\"@type\":\"ImageObject\",\"inLanguage\":\"sv-SE\",\"@id\":\"https:\/\/qingdaohf.com\/bg\/#\/schema\/logo\/image\/\",\"url\":\"https:\/\/qingdaohf.com\/wp-content\/uploads\/2022\/12\/cropped-HF-LOGO.png\",\"contentUrl\":\"https:\/\/qingdaohf.com\/wp-content\/uploads\/2022\/12\/cropped-HF-LOGO.png\",\"width\":391,\"height\":249,\"caption\":\"Qingdao H&F\"},\"image\":{\"@id\":\"https:\/\/qingdaohf.com\/bg\/#\/schema\/logo\/image\/\"},\"sameAs\":[\"https:\/\/www.facebook.com\/qingdaohf\"]}]}<\/script>\n<!-- \/ Yoast SEO plugin. -->","yoast_head_json":{"title":"Stud Link Anchor Chain","robots":{"index":"index","follow":"follow","max-snippet":"max-snippet:-1","max-image-preview":"max-image-preview:large","max-video-preview":"max-video-preview:-1"},"canonical":"https:\/\/qingdaohf.com\/sv\/produkt\/kedja-med-studslank\/","og_locale":"sv_SE","og_type":"article","og_title":"Stud Link Anchor Chain","og_description":"A Stud Link Chain offers robust strength and stability, ideal for heavy-duty applications where durability and reliability are paramount. Buyers often prioritize factors like material quality, load-bearing capacity, and resistance to harsh environments when selecting a Stud Link Chain. At Qingdao H&amp;F, we prioritize these needs by ensuring every chain meets stringent quality standards and providing detailed inspection reports, including proof load and tensile strength data. With our one-on-one customer service approach and efficient delivery cycle, we deliver not just products but reliable solutions that enable smoother, safer operations for your business.","og_url":"https:\/\/qingdaohf.com\/sv\/produkt\/kedja-med-studslank\/","og_site_name":"Concrete Form &amp; Rigging Hardware Supplier","article_publisher":"https:\/\/www.facebook.com\/qingdaohf","article_modified_time":"2025-11-13T01:02:54+00:00","og_image":[{"width":1000,"height":1000,"url":"https:\/\/qingdaohf.com\/wp-content\/uploads\/2023\/04\/Marine-anchor-chain.jpg","type":"image\/jpeg"}],"twitter_card":"summary_large_image","twitter_misc":{"Ber\u00e4knad l\u00e4stid":"4 minuter"},"schema":{"@context":"https:\/\/schema.org","@graph":[{"@type":"WebPage","@id":"https:\/\/qingdaohf.com\/product\/stud-link-chain\/","url":"https:\/\/qingdaohf.com\/product\/stud-link-chain\/","name":"Stud Link Anchor Chain","isPartOf":{"@id":"https:\/\/qingdaohf.com\/bg\/#website"},"primaryImageOfPage":{"@id":"https:\/\/qingdaohf.com\/product\/stud-link-chain\/#primaryimage"},"image":{"@id":"https:\/\/qingdaohf.com\/product\/stud-link-chain\/#primaryimage"},"thumbnailUrl":"https:\/\/qingdaohf.com\/wp-content\/uploads\/2023\/04\/Marine-anchor-chain.jpg","datePublished":"2024-10-29T08:52:37+00:00","dateModified":"2025-11-13T01:02:54+00:00","breadcrumb":{"@id":"https:\/\/qingdaohf.com\/product\/stud-link-chain\/#breadcrumb"},"inLanguage":"sv-SE","potentialAction":[{"@type":"ReadAction","target":["https:\/\/qingdaohf.com\/product\/stud-link-chain\/"]}]},{"@type":"ImageObject","inLanguage":"sv-SE","@id":"https:\/\/qingdaohf.com\/product\/stud-link-chain\/#primaryimage","url":"https:\/\/qingdaohf.com\/wp-content\/uploads\/2023\/04\/Marine-anchor-chain.jpg","contentUrl":"https:\/\/qingdaohf.com\/wp-content\/uploads\/2023\/04\/Marine-anchor-chain.jpg","width":1000,"height":1000,"caption":"Marine anchor chain"},{"@type":"BreadcrumbList","@id":"https:\/\/qingdaohf.com\/product\/stud-link-chain\/#breadcrumb","itemListElement":[{"@type":"ListItem","position":1,"name":"Home","item":"https:\/\/qingdaohf.com\/"},{"@type":"ListItem","position":2,"name":"Concrete Forming Accessories and Rigging Hardware","item":"https:\/\/qingdaohf.com\/bg\/?page_id=944"},{"@type":"ListItem","position":3,"name":"Stud Link Anchor Chain"}]},{"@type":"WebSite","@id":"https:\/\/qingdaohf.com\/bg\/#website","url":"https:\/\/qingdaohf.com\/bg\/","name":"Concrete Form & Rigging Hardware Supplier","description":"","publisher":{"@id":"https:\/\/qingdaohf.com\/bg\/#organization"},"potentialAction":[{"@type":"SearchAction","target":{"@type":"EntryPoint","urlTemplate":"https:\/\/qingdaohf.com\/bg\/?s={search_term_string}"},"query-input":{"@type":"PropertyValueSpecification","valueRequired":true,"valueName":"search_term_string"}}],"inLanguage":"sv-SE"},{"@type":"Organization","@id":"https:\/\/qingdaohf.com\/bg\/#organization","name":"Qingdao H&F","url":"https:\/\/qingdaohf.com\/bg\/","logo":{"@type":"ImageObject","inLanguage":"sv-SE","@id":"https:\/\/qingdaohf.com\/bg\/#\/schema\/logo\/image\/","url":"https:\/\/qingdaohf.com\/wp-content\/uploads\/2022\/12\/cropped-HF-LOGO.png","contentUrl":"https:\/\/qingdaohf.com\/wp-content\/uploads\/2022\/12\/cropped-HF-LOGO.png","width":391,"height":249,"caption":"Qingdao H&F"},"image":{"@id":"https:\/\/qingdaohf.com\/bg\/#\/schema\/logo\/image\/"},"sameAs":["https:\/\/www.facebook.com\/qingdaohf"]}]}},"_links":{"self":[{"href":"https:\/\/qingdaohf.com\/sv\/wp-json\/wp\/v2\/product\/8181","targetHints":{"allow":["GET"]}}],"collection":[{"href":"https:\/\/qingdaohf.com\/sv\/wp-json\/wp\/v2\/product"}],"about":[{"href":"https:\/\/qingdaohf.com\/sv\/wp-json\/wp\/v2\/types\/product"}],"replies":[{"embeddable":true,"href":"https:\/\/qingdaohf.com\/sv\/wp-json\/wp\/v2\/comments?post=8181"}],"version-history":[{"count":2,"href":"https:\/\/qingdaohf.com\/sv\/wp-json\/wp\/v2\/product\/8181\/revisions"}],"predecessor-version":[{"id":8341,"href":"https:\/\/qingdaohf.com\/sv\/wp-json\/wp\/v2\/product\/8181\/revisions\/8341"}],"wp:featuredmedia":[{"embeddable":true,"href":"https:\/\/qingdaohf.com\/sv\/wp-json\/wp\/v2\/media\/4678"}],"wp:attachment":[{"href":"https:\/\/qingdaohf.com\/sv\/wp-json\/wp\/v2\/media?parent=8181"}],"wp:term":[{"taxonomy":"product_brand","embeddable":true,"href":"https:\/\/qingdaohf.com\/sv\/wp-json\/wp\/v2\/product_brand?post=8181"},{"taxonomy":"product_cat","embeddable":true,"href":"https:\/\/qingdaohf.com\/sv\/wp-json\/wp\/v2\/product_cat?post=8181"},{"taxonomy":"product_tag","embeddable":true,"href":"https:\/\/qingdaohf.com\/sv\/wp-json\/wp\/v2\/product_tag?post=8181"}],"curies":[{"name":"wp","href":"https:\/\/api.w.org\/{rel}","templated":true}]}}