{"id":8189,"date":"2024-11-05T13:59:31","date_gmt":"2024-11-05T05:59:31","guid":{"rendered":"http:\/\/qingdaohf.com\/?post_type=product&#038;p=8189"},"modified":"2025-11-13T09:02:54","modified_gmt":"2025-11-13T01:02:54","slug":"webbing-sling-1-ton","status":"publish","type":"product","link":"https:\/\/qingdaohf.com\/sv\/produkt\/bandstropp-1-ton\/","title":{"rendered":"Flat Webbing Sling 1 Ton Polyester Dubbel Duplex"},"content":{"rendered":"<h3><strong>Tillf\u00f6rlitlig och m\u00e5ngsidig 1-tons lyftsele med v\u00e4vband f\u00f6r s\u00e4kra och effektiva lyft<\/strong><\/h3>\n<p>Bandstroppar \u00e4r oumb\u00e4rliga i industrier som f\u00f6rlitar sig p\u00e5 lyft och materialhantering. Bland dessa \u00e4r 1-tons bandslinget mycket uppskattat f\u00f6r sin kapacitet att hantera m\u00e5ttliga laster p\u00e5 ett s\u00e4kert och effektivt s\u00e4tt. Konstruerad med h\u00f6gkvalitativa syntetiska fibrer, \u00e4r denna typ av sling s\u00e4rskilt uppskattad f\u00f6r sin kombination av styrka, h\u00e5llbarhet och anpassningsf\u00f6rm\u00e5ga. Fr\u00e5n byggarbetsplatser till lagerinst\u00e4llningar uppfyller 1-tons bandslinget en m\u00e4ngd olika lyftkrav med l\u00e4tthet och tillf\u00f6rlitlighet.<\/p>\n<p>Konstruktionen av en 1-tons bandslinga \u00e4r s\u00e4rskilt optimerad f\u00f6r att balansera lastb\u00e4rande styrka med flexibilitet. Denna balans g\u00f6r det m\u00f6jligt att s\u00e4kra laster p\u00e5 ett s\u00e4kert s\u00e4tt, \u00e4ven under utmanande f\u00f6rh\u00e5llanden. Viktiga faktorer som brotth\u00e5llfasthet, t\u00f6jning under belastning och UV-best\u00e4ndighet \u00e4r integrerade i tillverkningen av dessa lyftselar och tillgodoser b\u00e5de den prestanda och livsl\u00e4ngd som k\u00f6parna s\u00f6ker i lyftutrustning. Materialen \u00e4r dessutom utvalda f\u00f6r att motst\u00e5 slitage och n\u00f6tning, vilket \u00e4r viktigt f\u00f6r upprepad anv\u00e4ndning och s\u00e4kerhet.<\/p>\n<p>Qingdao H&amp;F erbjuder unika f\u00f6rdelar som ytterligare f\u00f6rb\u00e4ttrar upplevelsen av att f\u00f6rv\u00e4rva bandsling. Varje sling genomg\u00e5r rigor\u00f6s kvalitetskontroll, uppbackad av omfattande inspektionsrapporter, vilket garanterar tillf\u00f6rlitlig prestanda vid leverans. Dessutom s\u00e4kerst\u00e4ller v\u00e5r personliga kundtj\u00e4nst att varje kund f\u00e5r personlig support, oavsett om det g\u00e4ller att v\u00e4lja r\u00e4tt produkt eller fr\u00e5ga om underh\u00e5llstips. Med en snabb leveranscykel s\u00e4kerst\u00e4ller Qingdao H&amp;F att dessa h\u00f6gkvalitativa bandslingor finns tillg\u00e4ngliga exakt n\u00e4r de beh\u00f6vs, vilket bidrar till s\u00f6ml\u00f6sa projekttidslinjer.<\/p>\n<h3><strong>Konstruktion och material av h\u00f6g kvalitet<\/strong><\/h3>\n<p>De material som anv\u00e4nds i v\u00e5ra 1-tons bandsling \u00e4r utvalda f\u00f6r sin h\u00e5llbarhet och flexibilitet, egenskaper som bidrar direkt till b\u00e5de s\u00e4kerhet och enkel hantering. Vanligtvis \u00e4r dessa sling konstruerade av syntetiska fibrer som polyester eller nylon, vilket ger flera f\u00f6rdelar. Polyester har t.ex. h\u00f6g motst\u00e5ndskraft mot kemikalier och UV-str\u00e5lar, vilket g\u00f6r den l\u00e4mplig f\u00f6r utomhusbruk. Nylonsling har \u00e5 andra sidan en \u00f6verl\u00e4gsen t\u00f6jbarhet, en egenskap som kan vara s\u00e4rskilt f\u00f6rdelaktig vid hantering av vissa typer av laster.<\/p>\n<p>Vid tillverkningen f\u00e4sts stor vikt vid v\u00e4ven och tygets densitet f\u00f6r att s\u00e4kerst\u00e4lla en j\u00e4mn lastb\u00e4rande prestanda. Brottstyrkan hos dessa lyftsling testas noggrant, vilket s\u00e4kerst\u00e4ller att varje enhet s\u00e4kert kan hantera laster p\u00e5 upp till 1 ton utan kompromisser. Denna kvalitetsmedvetenhet ligger i linje med k\u00f6parnas prim\u00e4ra \u00f6nskem\u00e5l, som f\u00f6rlitar sig p\u00e5 att dessa lyftselar ska uppr\u00e4tth\u00e5lla lastens stabilitet och garantera operat\u00f6rens s\u00e4kerhet. Genom att investera i h\u00e5llbara material och strikta produktionsstandarder tillhandah\u00e5ller Qingdao H&amp;F bandsling som \u00e4r konstruerade f\u00f6r att \u00f6vertr\u00e4ffa industrins f\u00f6rv\u00e4ntningar och st\u00f6dja l\u00e5ngsiktig, tillf\u00f6rlitlig anv\u00e4ndning.<\/p>\n<h3><strong>Till\u00e4mpningar och f\u00f6rdelar inom olika branscher<\/strong><\/h3>\n<p>Anpassningsf\u00f6rm\u00e5gan hos en 1-tons bandslinga g\u00f6r den till ett f\u00f6rstahandsval inom m\u00e5nga sektorer, inklusive bygg, sj\u00f6fart, tillverkning och lagerh\u00e5llning. Till skillnad fr\u00e5n kedjor eller vajrar \u00e4r bandsling l\u00e4ttare och l\u00e4ttare att man\u00f6vrera, vilket ger st\u00f6rre precision och minskad tr\u00f6tthet f\u00f6r f\u00f6raren. Inom byggbranschen underl\u00e4ttar dessa lyftsling lyft och positionering av material, vilket g\u00f6r dem viktiga f\u00f6r projekt som kr\u00e4ver tillf\u00f6rlitliga lyftl\u00f6sningar utan metallalternativens bulk. Det syntetiska tyg som anv\u00e4nds i bandsling minskar ocks\u00e5 risken f\u00f6r repor eller skador p\u00e5 \u00f6mt\u00e5liga eller m\u00e5lade ytor, vilket \u00e4r en f\u00f6rdel i branscher d\u00e4r det \u00e4r viktigt att bevara materialet.<\/p>\n<p>Qingdao H&amp;F:s engagemang f\u00f6r kvalitet och prestanda \u00e5terspeglas i v\u00e5rt sortiment av bandsling, som tillgodoser olika lyftbehov. V\u00e5r 1-tons sling \u00e4r utformad med funktioner som f\u00f6rb\u00e4ttrar anv\u00e4ndarv\u00e4nligheten och s\u00e4kerheten, till exempel f\u00e4rgkodade kapacitetsindikatorer och f\u00f6rst\u00e4rkta \u00f6glor f\u00f6r att f\u00f6rhindra slitage vid viktiga belastningspunkter. Dessutom \u00e5tf\u00f6ljs varje sling av en kvalitetsinspektionsrapport, vilket ger f\u00f6rtroende f\u00f6r att produkten kommer att fungera tillf\u00f6rlitligt under f\u00f6rv\u00e4ntade f\u00f6rh\u00e5llanden. V\u00e5ra kunder drar nytta av att veta att deras ink\u00f6p uppfyller str\u00e4nga kvalitetsstandarder, vilket st\u00f6der b\u00e5de s\u00e4kerhetsefterlevnad och effektivt projektgenomf\u00f6rande.<\/p>\n<h3><strong>Qingdao H&amp;F:s l\u00f6fte: Service, snabbhet och s\u00e4kerhet<\/strong><\/h3>\n<p>F\u00f6rutom en h\u00f6gkvalitativ produkt garanterar Qingdao H&amp;F en exceptionell k\u00f6pupplevelse. Vi vet att k\u00f6pare inte bara prioriterar produktkvalitet utan ocks\u00e5 den \u00f6vergripande tillf\u00f6rlitligheten hos sin leverant\u00f6r. D\u00e4rf\u00f6r fokuserar vi p\u00e5 att leverera mer \u00e4n sj\u00e4lva produkten, med tj\u00e4nster som tillgodoser kundernas individuella behov och problem. Genom att erbjuda personlig kundservice ser vi till att varje fr\u00e5ga eller krav besvaras snabbt och effektivt, vilket skapar f\u00f6rtroende och tillfredsst\u00e4llelse redan fr\u00e5n f\u00f6rsta kontaktpunkten.<\/p>\n<p>V\u00e5rt engagemang f\u00f6r snabbhet \u00e5terspeglas i v\u00e5ra snabba leveranscykler. Vi f\u00f6rst\u00e5r att timing \u00e4r avg\u00f6rande och att varje f\u00f6rsening kan p\u00e5verka produktivitet och scheman. Av denna anledning arbetar vi n\u00e4ra v\u00e5ra logistikpartners f\u00f6r att uppr\u00e4tth\u00e5lla effektiva leveransprocesser, vilket ger v\u00e5ra kunder en f\u00f6rs\u00e4kran om att deras bandslingor kommer fram n\u00e4r de beh\u00f6vs. Dessutom s\u00e4kerst\u00e4ller v\u00e5r noggranna kvalitetsinspektionsprocess att varje sling \u00e4r redo f\u00f6r omedelbar anv\u00e4ndning, med st\u00f6d av rapporter som beskriver produktens \u00f6verensst\u00e4mmelse med branschstandarder. Detta \u00e5tagande f\u00f6r kvalitet och service g\u00f6r Qingdao H&amp;F till en f\u00f6redragen partner f\u00f6r f\u00f6retag som letar efter p\u00e5litliga lyftl\u00f6sningar.<\/p>\n<p>V\u00e5r 1-tons bandslinga representerar en blandning av prestanda, s\u00e4kerhet och bekv\u00e4mlighet, utformad f\u00f6r att m\u00f6ta de rigor\u00f6sa kraven i modern industri. Genom att v\u00e4lja Qingdao H&amp;F investerar k\u00f6parna i ett partnerskap som v\u00e4rdes\u00e4tter deras prioriteringar, fr\u00e5n produktintegritet till snabb och uppm\u00e4rksam service. Vi \u00e4r stolta \u00f6ver att inte bara leverera en produkt, utan en komplett l\u00f6sning som \u00e4r anpassad till v\u00e5ra kunders operativa behov och kvalitetsstandarder.<\/p>","protected":false},"excerpt":{"rendered":"<p>V\u00e5r 1-tons bandsling kombinerar styrka och m\u00e5ngsidighet f\u00f6r lyft- och hissuppgifter inom olika branscher. K\u00f6pare prioriterar ofta h\u00e5llbarhet, s\u00e4kerhet och enkel hantering, vilket alla v\u00e5ra bandsling levererar. Dessa sling \u00e4r gjorda f\u00f6r att t\u00e5la tung anv\u00e4ndning och s\u00e4kerst\u00e4ller s\u00e4kra lyft samtidigt som de bibeh\u00e5ller flexibiliteten f\u00f6r olika applikationer. Som handelsf\u00f6retag erbjuder Qingdao H&amp;F tydliga f\u00f6rdelar, inklusive personlig kundservice, en snabb leveranscykel och omfattande kvalitetsinspektionsrapporter, vilket s\u00e4kerst\u00e4ller att varje k\u00f6p uppfyller strikta s\u00e4kerhets- och kvalitetsstandarder.<\/p>","protected":false},"featured_media":8190,"comment_status":"open","ping_status":"closed","template":"","meta":{"site-sidebar-layout":"default","site-content-layout":"","ast-site-content-layout":"default","site-content-style":"default","site-sidebar-style":"default","ast-global-header-display":"","ast-banner-title-visibility":"","ast-main-header-display":"","ast-hfb-above-header-display":"","ast-hfb-below-header-display":"","ast-hfb-mobile-header-display":"","site-post-title":"","ast-breadcrumbs-content":"","ast-featured-img":"","footer-sml-layout":"","theme-transparent-header-meta":"default","adv-header-id-meta":"","stick-header-meta":"default","header-above-stick-meta":"","header-main-stick-meta":"","header-below-stick-meta":"","astra-migrate-meta-layouts":"set","ast-page-background-enabled":"default","ast-page-background-meta":{"desktop":{"background-color":"","background-image":"","background-repeat":"repeat","background-position":"center center","background-size":"auto","background-attachment":"scroll","background-type":"","background-media":"","overlay-type":"","overlay-color":"","overlay-opacity":"","overlay-gradient":""},"tablet":{"background-color":"","background-image":"","background-repeat":"repeat","background-position":"center center","background-size":"auto","background-attachment":"scroll","background-type":"","background-media":"","overlay-type":"","overlay-color":"","overlay-opacity":"","overlay-gradient":""},"mobile":{"background-color":"","background-image":"","background-repeat":"repeat","background-position":"center center","background-size":"auto","background-attachment":"scroll","background-type":"","background-media":"","overlay-type":"","overlay-color":"","overlay-opacity":"","overlay-gradient":""}},"ast-content-background-meta":{"desktop":{"background-color":"var(--ast-global-color-5)","background-image":"","background-repeat":"repeat","background-position":"center center","background-size":"auto","background-attachment":"scroll","background-type":"","background-media":"","overlay-type":"","overlay-color":"","overlay-opacity":"","overlay-gradient":""},"tablet":{"background-color":"var(--ast-global-color-5)","background-image":"","background-repeat":"repeat","background-position":"center center","background-size":"auto","background-attachment":"scroll","background-type":"","background-media":"","overlay-type":"","overlay-color":"","overlay-opacity":"","overlay-gradient":""},"mobile":{"background-color":"var(--ast-global-color-5)","background-image":"","background-repeat":"repeat","background-position":"center center","background-size":"auto","background-attachment":"scroll","background-type":"","background-media":"","overlay-type":"","overlay-color":"","overlay-opacity":"","overlay-gradient":""}}},"product_brand":[],"product_cat":[39],"product_tag":[],"class_list":{"0":"post-8189","1":"product","2":"type-product","3":"status-publish","4":"has-post-thumbnail","6":"product_cat-webbing-sling","7":"desktop-align-left","8":"tablet-align-left","9":"mobile-align-left","10":"ast-product-gallery-layout-horizontal-slider","11":"ast-product-gallery-with-no-image","12":"ast-product-tabs-layout-horizontal","14":"first","15":"instock","16":"shipping-taxable","17":"purchasable","18":"product-type-simple"},"yoast_head":"<!-- This site is optimized with the Yoast SEO plugin v25.2 - https:\/\/yoast.com\/wordpress\/plugins\/seo\/ -->\n<title>Flat Webbing Sling 1 Ton Polyester Double Duplex<\/title>\n<meta name=\"robots\" content=\"index, follow, max-snippet:-1, max-image-preview:large, max-video-preview:-1\" \/>\n<link rel=\"canonical\" href=\"https:\/\/qingdaohf.com\/sv\/produkt\/bandstropp-1-ton\/\" \/>\n<meta property=\"og:locale\" content=\"sv_SE\" \/>\n<meta property=\"og:type\" content=\"article\" \/>\n<meta property=\"og:title\" content=\"Flat Webbing Sling 1 Ton Polyester Double Duplex\" \/>\n<meta property=\"og:description\" content=\"Our 1-ton webbing sling combines strength and versatility for lifting and hoisting tasks across various industries. Buyers often prioritize durability, safety, and ease of handling, all of which our webbing slings deliver. Made to endure heavy-duty use, these slings ensure secure lifting while maintaining flexibility for different applications. As a trading company, Qingdao H&amp;F provides distinct advantages, including one-on-one customer service, a fast delivery cycle, and comprehensive quality inspection reports, ensuring that every purchase meets rigorous safety and quality standards.\" \/>\n<meta property=\"og:url\" content=\"https:\/\/qingdaohf.com\/sv\/produkt\/bandstropp-1-ton\/\" \/>\n<meta property=\"og:site_name\" content=\"Concrete Form &amp; Rigging Hardware Supplier\" \/>\n<meta property=\"article:publisher\" content=\"https:\/\/www.facebook.com\/qingdaohf\" \/>\n<meta property=\"article:modified_time\" content=\"2025-11-13T01:02:54+00:00\" \/>\n<meta property=\"og:image\" content=\"https:\/\/qingdaohf.com\/wp-content\/uploads\/2024\/10\/1ton_1.webp\" \/>\n\t<meta property=\"og:image:width\" content=\"1000\" \/>\n\t<meta property=\"og:image:height\" content=\"1000\" \/>\n\t<meta property=\"og:image:type\" content=\"image\/webp\" \/>\n<meta name=\"twitter:card\" content=\"summary_large_image\" \/>\n<meta name=\"twitter:label1\" content=\"Ber\u00e4knad l\u00e4stid\" \/>\n\t<meta name=\"twitter:data1\" content=\"4 minuter\" \/>\n<script type=\"application\/ld+json\" class=\"yoast-schema-graph\">{\"@context\":\"https:\/\/schema.org\",\"@graph\":[{\"@type\":\"WebPage\",\"@id\":\"https:\/\/qingdaohf.com\/product\/webbing-sling-1-ton\/\",\"url\":\"https:\/\/qingdaohf.com\/product\/webbing-sling-1-ton\/\",\"name\":\"Flat Webbing Sling 1 Ton Polyester Double Duplex\",\"isPartOf\":{\"@id\":\"https:\/\/qingdaohf.com\/bg\/#website\"},\"primaryImageOfPage\":{\"@id\":\"https:\/\/qingdaohf.com\/product\/webbing-sling-1-ton\/#primaryimage\"},\"image\":{\"@id\":\"https:\/\/qingdaohf.com\/product\/webbing-sling-1-ton\/#primaryimage\"},\"thumbnailUrl\":\"https:\/\/qingdaohf.com\/wp-content\/uploads\/2024\/10\/1ton_1.webp\",\"datePublished\":\"2024-11-05T05:59:31+00:00\",\"dateModified\":\"2025-11-13T01:02:54+00:00\",\"breadcrumb\":{\"@id\":\"https:\/\/qingdaohf.com\/product\/webbing-sling-1-ton\/#breadcrumb\"},\"inLanguage\":\"sv-SE\",\"potentialAction\":[{\"@type\":\"ReadAction\",\"target\":[\"https:\/\/qingdaohf.com\/product\/webbing-sling-1-ton\/\"]}]},{\"@type\":\"ImageObject\",\"inLanguage\":\"sv-SE\",\"@id\":\"https:\/\/qingdaohf.com\/product\/webbing-sling-1-ton\/#primaryimage\",\"url\":\"https:\/\/qingdaohf.com\/wp-content\/uploads\/2024\/10\/1ton_1.webp\",\"contentUrl\":\"https:\/\/qingdaohf.com\/wp-content\/uploads\/2024\/10\/1ton_1.webp\",\"width\":1000,\"height\":1000},{\"@type\":\"BreadcrumbList\",\"@id\":\"https:\/\/qingdaohf.com\/product\/webbing-sling-1-ton\/#breadcrumb\",\"itemListElement\":[{\"@type\":\"ListItem\",\"position\":1,\"name\":\"Home\",\"item\":\"https:\/\/qingdaohf.com\/\"},{\"@type\":\"ListItem\",\"position\":2,\"name\":\"Concrete Forming Accessories and Rigging Hardware\",\"item\":\"https:\/\/qingdaohf.com\/bg\/?page_id=944\"},{\"@type\":\"ListItem\",\"position\":3,\"name\":\"Flat Webbing Sling 1 Ton Polyester Double Duplex\"}]},{\"@type\":\"WebSite\",\"@id\":\"https:\/\/qingdaohf.com\/bg\/#website\",\"url\":\"https:\/\/qingdaohf.com\/bg\/\",\"name\":\"Concrete Form & Rigging Hardware Supplier\",\"description\":\"\",\"publisher\":{\"@id\":\"https:\/\/qingdaohf.com\/bg\/#organization\"},\"potentialAction\":[{\"@type\":\"SearchAction\",\"target\":{\"@type\":\"EntryPoint\",\"urlTemplate\":\"https:\/\/qingdaohf.com\/bg\/?s={search_term_string}\"},\"query-input\":{\"@type\":\"PropertyValueSpecification\",\"valueRequired\":true,\"valueName\":\"search_term_string\"}}],\"inLanguage\":\"sv-SE\"},{\"@type\":\"Organization\",\"@id\":\"https:\/\/qingdaohf.com\/bg\/#organization\",\"name\":\"Qingdao H&F\",\"url\":\"https:\/\/qingdaohf.com\/bg\/\",\"logo\":{\"@type\":\"ImageObject\",\"inLanguage\":\"sv-SE\",\"@id\":\"https:\/\/qingdaohf.com\/bg\/#\/schema\/logo\/image\/\",\"url\":\"https:\/\/qingdaohf.com\/wp-content\/uploads\/2022\/12\/cropped-HF-LOGO.png\",\"contentUrl\":\"https:\/\/qingdaohf.com\/wp-content\/uploads\/2022\/12\/cropped-HF-LOGO.png\",\"width\":391,\"height\":249,\"caption\":\"Qingdao H&F\"},\"image\":{\"@id\":\"https:\/\/qingdaohf.com\/bg\/#\/schema\/logo\/image\/\"},\"sameAs\":[\"https:\/\/www.facebook.com\/qingdaohf\"]}]}<\/script>\n<!-- \/ Yoast SEO plugin. -->","yoast_head_json":{"title":"Flat Webbing Sling 1 Ton Polyester Double Duplex","robots":{"index":"index","follow":"follow","max-snippet":"max-snippet:-1","max-image-preview":"max-image-preview:large","max-video-preview":"max-video-preview:-1"},"canonical":"https:\/\/qingdaohf.com\/sv\/produkt\/bandstropp-1-ton\/","og_locale":"sv_SE","og_type":"article","og_title":"Flat Webbing Sling 1 Ton Polyester Double Duplex","og_description":"Our 1-ton webbing sling combines strength and versatility for lifting and hoisting tasks across various industries. Buyers often prioritize durability, safety, and ease of handling, all of which our webbing slings deliver. Made to endure heavy-duty use, these slings ensure secure lifting while maintaining flexibility for different applications. As a trading company, Qingdao H&amp;F provides distinct advantages, including one-on-one customer service, a fast delivery cycle, and comprehensive quality inspection reports, ensuring that every purchase meets rigorous safety and quality standards.","og_url":"https:\/\/qingdaohf.com\/sv\/produkt\/bandstropp-1-ton\/","og_site_name":"Concrete Form &amp; Rigging Hardware Supplier","article_publisher":"https:\/\/www.facebook.com\/qingdaohf","article_modified_time":"2025-11-13T01:02:54+00:00","og_image":[{"width":1000,"height":1000,"url":"https:\/\/qingdaohf.com\/wp-content\/uploads\/2024\/10\/1ton_1.webp","type":"image\/webp"}],"twitter_card":"summary_large_image","twitter_misc":{"Ber\u00e4knad l\u00e4stid":"4 minuter"},"schema":{"@context":"https:\/\/schema.org","@graph":[{"@type":"WebPage","@id":"https:\/\/qingdaohf.com\/product\/webbing-sling-1-ton\/","url":"https:\/\/qingdaohf.com\/product\/webbing-sling-1-ton\/","name":"Flat Webbing Sling 1 Ton Polyester Double Duplex","isPartOf":{"@id":"https:\/\/qingdaohf.com\/bg\/#website"},"primaryImageOfPage":{"@id":"https:\/\/qingdaohf.com\/product\/webbing-sling-1-ton\/#primaryimage"},"image":{"@id":"https:\/\/qingdaohf.com\/product\/webbing-sling-1-ton\/#primaryimage"},"thumbnailUrl":"https:\/\/qingdaohf.com\/wp-content\/uploads\/2024\/10\/1ton_1.webp","datePublished":"2024-11-05T05:59:31+00:00","dateModified":"2025-11-13T01:02:54+00:00","breadcrumb":{"@id":"https:\/\/qingdaohf.com\/product\/webbing-sling-1-ton\/#breadcrumb"},"inLanguage":"sv-SE","potentialAction":[{"@type":"ReadAction","target":["https:\/\/qingdaohf.com\/product\/webbing-sling-1-ton\/"]}]},{"@type":"ImageObject","inLanguage":"sv-SE","@id":"https:\/\/qingdaohf.com\/product\/webbing-sling-1-ton\/#primaryimage","url":"https:\/\/qingdaohf.com\/wp-content\/uploads\/2024\/10\/1ton_1.webp","contentUrl":"https:\/\/qingdaohf.com\/wp-content\/uploads\/2024\/10\/1ton_1.webp","width":1000,"height":1000},{"@type":"BreadcrumbList","@id":"https:\/\/qingdaohf.com\/product\/webbing-sling-1-ton\/#breadcrumb","itemListElement":[{"@type":"ListItem","position":1,"name":"Home","item":"https:\/\/qingdaohf.com\/"},{"@type":"ListItem","position":2,"name":"Concrete Forming Accessories and Rigging Hardware","item":"https:\/\/qingdaohf.com\/bg\/?page_id=944"},{"@type":"ListItem","position":3,"name":"Flat Webbing Sling 1 Ton Polyester Double Duplex"}]},{"@type":"WebSite","@id":"https:\/\/qingdaohf.com\/bg\/#website","url":"https:\/\/qingdaohf.com\/bg\/","name":"Concrete Form & Rigging Hardware Supplier","description":"","publisher":{"@id":"https:\/\/qingdaohf.com\/bg\/#organization"},"potentialAction":[{"@type":"SearchAction","target":{"@type":"EntryPoint","urlTemplate":"https:\/\/qingdaohf.com\/bg\/?s={search_term_string}"},"query-input":{"@type":"PropertyValueSpecification","valueRequired":true,"valueName":"search_term_string"}}],"inLanguage":"sv-SE"},{"@type":"Organization","@id":"https:\/\/qingdaohf.com\/bg\/#organization","name":"Qingdao H&F","url":"https:\/\/qingdaohf.com\/bg\/","logo":{"@type":"ImageObject","inLanguage":"sv-SE","@id":"https:\/\/qingdaohf.com\/bg\/#\/schema\/logo\/image\/","url":"https:\/\/qingdaohf.com\/wp-content\/uploads\/2022\/12\/cropped-HF-LOGO.png","contentUrl":"https:\/\/qingdaohf.com\/wp-content\/uploads\/2022\/12\/cropped-HF-LOGO.png","width":391,"height":249,"caption":"Qingdao H&F"},"image":{"@id":"https:\/\/qingdaohf.com\/bg\/#\/schema\/logo\/image\/"},"sameAs":["https:\/\/www.facebook.com\/qingdaohf"]}]}},"_links":{"self":[{"href":"https:\/\/qingdaohf.com\/sv\/wp-json\/wp\/v2\/product\/8189","targetHints":{"allow":["GET"]}}],"collection":[{"href":"https:\/\/qingdaohf.com\/sv\/wp-json\/wp\/v2\/product"}],"about":[{"href":"https:\/\/qingdaohf.com\/sv\/wp-json\/wp\/v2\/types\/product"}],"replies":[{"embeddable":true,"href":"https:\/\/qingdaohf.com\/sv\/wp-json\/wp\/v2\/comments?post=8189"}],"version-history":[{"count":2,"href":"https:\/\/qingdaohf.com\/sv\/wp-json\/wp\/v2\/product\/8189\/revisions"}],"predecessor-version":[{"id":8340,"href":"https:\/\/qingdaohf.com\/sv\/wp-json\/wp\/v2\/product\/8189\/revisions\/8340"}],"wp:featuredmedia":[{"embeddable":true,"href":"https:\/\/qingdaohf.com\/sv\/wp-json\/wp\/v2\/media\/8190"}],"wp:attachment":[{"href":"https:\/\/qingdaohf.com\/sv\/wp-json\/wp\/v2\/media?parent=8189"}],"wp:term":[{"taxonomy":"product_brand","embeddable":true,"href":"https:\/\/qingdaohf.com\/sv\/wp-json\/wp\/v2\/product_brand?post=8189"},{"taxonomy":"product_cat","embeddable":true,"href":"https:\/\/qingdaohf.com\/sv\/wp-json\/wp\/v2\/product_cat?post=8189"},{"taxonomy":"product_tag","embeddable":true,"href":"https:\/\/qingdaohf.com\/sv\/wp-json\/wp\/v2\/product_tag?post=8189"}],"curies":[{"name":"wp","href":"https:\/\/api.w.org\/{rel}","templated":true}]}}