{"id":8277,"date":"2024-11-05T14:01:41","date_gmt":"2024-11-05T06:01:41","guid":{"rendered":"http:\/\/qingdaohf.com\/?post_type=product&#038;p=8277"},"modified":"2025-11-13T09:02:53","modified_gmt":"2025-11-13T01:02:53","slug":"webbing-sling-2-ton","status":"publish","type":"product","link":"https:\/\/qingdaohf.com\/sv\/produkt\/bandstropp-2-ton\/","title":{"rendered":"Flat Webbing Sling 2 Ton Polyester Dubbel Duplex"},"content":{"rendered":"<div class=\"flex max-w-full flex-col flex-grow\">\n<div class=\"min-h-8 text-message flex w-full flex-col items-end gap-2 whitespace-normal break-words [.text-message+&amp;]:mt-5\" dir=\"auto\" data-message-author-role=\"assistant\" data-message-id=\"df1a8cb9-4730-4671-a7fd-4bac8c133d3f\" data-message-model-slug=\"gpt-4o\">\n<div class=\"flex w-full flex-col gap-1 empty:hidden first:pt-[3px]\">\n<div class=\"markdown prose w-full break-words dark:prose-invert light\">\n<h3><strong>M\u00e5ngsidiga 2-tons lyftselar med v\u00e4vband f\u00f6r robusta lyftl\u00f6sningar<\/strong><\/h3>\n<p>2-tons bandslinget \u00e4r ett viktigt verktyg f\u00f6r att s\u00e4kert lyfta och hantera tunga laster i olika branscher. Selen \u00e4r tillverkad av h\u00f6gkvalitativa syntetfibrer och \u00e4r b\u00e5de stark och flexibel och kombinerar den h\u00e5llbarhet som kr\u00e4vs f\u00f6r utmanande f\u00f6rh\u00e5llanden med anv\u00e4ndarv\u00e4nlighet. Kapaciteten p\u00e5 2 ton \u00e4r l\u00e4mplig f\u00f6r medelstora laster, vilket g\u00f6r den mycket m\u00e5ngsidig inom sektorer som konstruktion, lagerh\u00e5llning, sj\u00f6fart och tillverkning. Qingdao H&amp;F:s 2-tons bandsling \u00e4r en tillf\u00f6rlitlig l\u00f6sning som uppfyller de krav p\u00e5 prestanda och s\u00e4kerhet som st\u00e4lls av yrkesverksamma inom olika omr\u00e5den.<\/p>\n<p>I branscher d\u00e4r tunga lyft \u00e4r en integrerad del \u00e4r det av st\u00f6rsta vikt att s\u00e4kerst\u00e4lla utrustningens s\u00e4kerhet och tillf\u00f6rlitlighet. Den 2 ton tunga bandslingan fr\u00e5n Qingdao H&amp;F \u00e4r speciellt konstruerad f\u00f6r att erbjuda optimal styrka utan att kompromissa med flexibiliteten, vilket m\u00f6jligg\u00f6r s\u00e4ker och effektiv lasthantering. K\u00f6pare letar efter en kombination av h\u00f6g b\u00e4rf\u00f6rm\u00e5ga, h\u00e5llbarhet och slitstyrka, alla funktioner som \u00e4r noggrant integrerade i utformningen av denna sling. Med sin syntetiska konstruktion \u00e4r 2-tonsslinget l\u00e4ttare och mer l\u00e4tthanterligt \u00e4n metallalternativ, vilket minskar sannolikheten f\u00f6r tr\u00f6tthet hos operat\u00f6ren och \u00f6kar den \u00f6vergripande s\u00e4kerheten.<\/p>\n<p>Qingdao H&amp;F kompletterar den \u00f6verl\u00e4gsna kvaliteten p\u00e5 sina bandslingor med kundfokuserade tj\u00e4nster. Varje produkt genomg\u00e5r rigor\u00f6s inspektion och \u00e5tf\u00f6ljs av omfattande kvalitetsrapporter f\u00f6r att s\u00e4kerst\u00e4lla att k\u00f6parna har fullt f\u00f6rtroende f\u00f6r sitt k\u00f6p. V\u00e5r personliga kundservice s\u00e4kerst\u00e4ller att varje k\u00f6pares unika behov tillgodoses, och v\u00e5r effektiva leveransprocess garanterar ankomst i r\u00e4tt tid f\u00f6r oavbrutna projektarbetsfl\u00f6den.<\/p>\n<h3><strong>Konstruktion och materialkvalitet f\u00f6r l\u00e5ng livsl\u00e4ngd<\/strong><\/h3>\n<p>Materialet i en 2-tons bandstropp \u00e4r en av de viktigaste egenskaperna och har valts f\u00f6r att klara upprepad anv\u00e4ndning under kr\u00e4vande f\u00f6rh\u00e5llanden. De \u00e4r vanligtvis tillverkade av polyester eller nylon, och varje material har sina specifika f\u00f6rdelar. Polyestersling \u00e4r t.ex. motst\u00e5ndskraftiga mot fukt och UV-str\u00e5lar, vilket g\u00f6r dem idealiska f\u00f6r utomhusbruk och l\u00e5ngtidsanv\u00e4ndning. Nylonslingor, som \u00e4r k\u00e4nda f\u00f6r sin elasticitet, ger utm\u00e4rkt st\u00f6td\u00e4mpning, vilket \u00e4r v\u00e4rdefullt vid hantering av dynamiska belastningar. Oavsett material genomg\u00e5r varje lyftsele noggranna tester f\u00f6r att bekr\u00e4fta att den kan b\u00e4ra upp till 2 ton p\u00e5 ett s\u00e4kert s\u00e4tt.<\/p>\n<p>Produktionsprocesserna \u00e4r noggrant kontrollerade f\u00f6r att s\u00e4kerst\u00e4lla enhetlighet och tillf\u00f6rlitlighet. Fr\u00e5n fiberval till slutlig v\u00e4vning g\u00f6rs varje steg med h\u00e5llbarhet i \u00e5tanke, vilket s\u00e4kerst\u00e4ller att lyftselen f\u00f6rblir stark \u00f6ver tid. F\u00f6rst\u00e4rkta \u00f6glor och n\u00f6tningsbest\u00e4ndiga ytbehandlingar f\u00f6rl\u00e4nger produktens livsl\u00e4ngd ytterligare och ger v\u00e4rde till k\u00f6pare som s\u00f6ker h\u00f6gpresterande och kostnadseffektiva lyftl\u00f6sningar. Med varje sling erbjuder Qingdao H&amp;F en produkt som \u00e4r testad f\u00f6r s\u00e4kerhet, tillf\u00f6rlitlighet och livsl\u00e4ngd och som uppfyller de h\u00f6ga kraven fr\u00e5n industrier som \u00e4r beroende av p\u00e5litlig lyftutrustning.<\/p>\n<h3><strong>Till\u00e4mpningar inom olika branscher<\/strong><\/h3>\n<p>2-tons bandstroppens anpassningsf\u00f6rm\u00e5ga g\u00f6r den v\u00e4rdefull inom olika omr\u00e5den, inklusive logistik, konstruktion och industriellt underh\u00e5ll. Inom byggbranschen \u00e4r detta kapacitetsomr\u00e5de till exempel l\u00e4mpligt f\u00f6r att positionera balkar, s\u00e4kra tunga maskiner eller flytta viktiga byggmaterial. Den l\u00e4tta men robusta konstruktionen hos bandsling f\u00f6renklar lasthanteringen i dessa situationer, och till skillnad fr\u00e5n st\u00e5lkedjor minimerar det syntetiska materialet risken f\u00f6r ytskador. Inom logistik och lagerh\u00e5llning rymmer 2-tonskapaciteten transporter och material med medelh\u00f6g vikt, vilket \u00e4r perfekt f\u00f6r situationer som kr\u00e4ver b\u00e5de laststabilitet och noggrann hantering.<\/p>\n<p>Ut\u00f6ver styrka och h\u00e5llbarhet v\u00e4rdes\u00e4tter k\u00f6parna ofta den flexibilitet som bandsling erbjuder j\u00e4mf\u00f6rt med traditionella lyftkedjor eller rep. Det syntetiska materialet g\u00f6r det l\u00e4ttare att man\u00f6vrera, vilket g\u00f6r det praktiskt f\u00f6r lyftoperationer i tr\u00e5nga utrymmen eller under unika lastkonfigurationer. Dessutom m\u00f6jligg\u00f6r 2-tons bandstroppens design s\u00e4krare och stabilare lyft, vilket \u00f6kar operat\u00f6rens f\u00f6rtroende och minskar risken f\u00f6r olyckor eller materiella skador. Qingdao H&amp;F:s fokus p\u00e5 kvalitet och prestanda g\u00f6r att varje lyftsele \u00e4r en praktisk, s\u00e4ker och m\u00e5ngsidig l\u00f6sning som passar olika branscher.<\/p>\n<h3><strong>Qingdao H&amp;F:s engagemang f\u00f6r service och kvalitetss\u00e4kring<\/strong><\/h3>\n<p>Qingdao H&amp;F tillhandah\u00e5ller inte bara h\u00f6gkvalitativa produkter utan fokuserar ocks\u00e5 p\u00e5 att leverera en exceptionell k\u00f6pupplevelse. Den 2 ton tunga bandslingan levereras med en omfattande inspektionsrapport, vilket s\u00e4kerst\u00e4ller transparens i produktkvalitet och efterlevnad av industristandarder. Varje rapport beskriver kritiska prestandam\u00e4tv\u00e4rden, vilket ger k\u00f6parna f\u00f6rtroende f\u00f6r sin investering. Genom att verifiera lastkapaciteten och bekr\u00e4fta produktens h\u00e5llbarhet erbjuder dessa rapporter viktiga insikter f\u00f6r f\u00f6retag som prioriterar s\u00e4kra och effektiva lyftl\u00f6sningar.<\/p>\n<p>Qingdao H&amp;F:s engagemang f\u00f6r kundservice \u00f6kar dessutom v\u00e4rdet p\u00e5 v\u00e5ra bandsling. Med personlig support hj\u00e4lper v\u00e5rt team kunderna att v\u00e4lja produkter som \u00e4r skr\u00e4ddarsydda f\u00f6r deras operativa behov. Denna personliga service forts\u00e4tter efter k\u00f6pet och ger v\u00e4gledning om underh\u00e5llsmetoder som f\u00f6rl\u00e4nger produktens livsl\u00e4ngd. Dessutom \u00e4r v\u00e5ra snabba leveranscykler anpassade till v\u00e5ra kunders tidsk\u00e4nsliga krav, vilket s\u00e4kerst\u00e4ller att de f\u00e5r sina sling snabbt f\u00f6r att undvika f\u00f6rseningar i verksamheten.<\/p>\n<p>F\u00f6r k\u00f6pare som fokuserar p\u00e5 kvalitet, tillf\u00f6rlitlighet och effektiv service erbjuder Qingdao H&amp;F en helt\u00e4ckande l\u00f6sning med sin 2-tons bandslinga. Denna produkt f\u00f6rkroppsligar styrka och flexibilitet, i kombination med ett engagemang f\u00f6r att m\u00f6ta kundernas logistiska och s\u00e4kerhetsbehov. Med varje bandstropp f\u00e5r k\u00f6paren inte bara ett lyftverktyg i toppklass utan ocks\u00e5 st\u00f6d och f\u00f6rs\u00e4kran fr\u00e5n ett f\u00f6retag som str\u00e4var efter excellens.<\/p>\n<\/div>\n<\/div>\n<\/div>\n<\/div>\n<div class=\"mb-2 flex gap-3 empty:hidden -ml-2\">\n<div class=\"items-center justify-start rounded-xl p-1 flex\">\n<div class=\"flex items-center\"><\/div>\n<\/div>\n<\/div>","protected":false},"excerpt":{"rendered":"<p>2-tons bandslinget fr\u00e5n Qingdao H&amp;F \u00e4r en p\u00e5litlig l\u00f6sning med h\u00f6g kapacitet f\u00f6r olika lyftapplikationer. K\u00f6pare prioriterar ofta faktorer som lasts\u00e4kerhet, h\u00e5llbarhet och enkel hantering, vilket denna bandsling ger. Den \u00e4r tillverkad av starka syntetfibrer och t\u00e5l kr\u00e4vande f\u00f6rh\u00e5llanden och erbjuder tillf\u00f6rlitlig prestanda. Som handelsf\u00f6retag levererar Qingdao H&amp;F betydande f\u00f6rdelar, inklusive en-till-en kundservice, snabba leveranscykler och detaljerade kvalitetsinspektionsrapporter, vilket s\u00e4kerst\u00e4ller att varje produkt uppfyller strikta standarder och k\u00f6parens f\u00f6rv\u00e4ntningar.<\/p>","protected":false},"featured_media":8196,"comment_status":"open","ping_status":"closed","template":"","meta":{"site-sidebar-layout":"default","site-content-layout":"","ast-site-content-layout":"default","site-content-style":"default","site-sidebar-style":"default","ast-global-header-display":"","ast-banner-title-visibility":"","ast-main-header-display":"","ast-hfb-above-header-display":"","ast-hfb-below-header-display":"","ast-hfb-mobile-header-display":"","site-post-title":"","ast-breadcrumbs-content":"","ast-featured-img":"","footer-sml-layout":"","theme-transparent-header-meta":"default","adv-header-id-meta":"","stick-header-meta":"default","header-above-stick-meta":"","header-main-stick-meta":"","header-below-stick-meta":"","astra-migrate-meta-layouts":"set","ast-page-background-enabled":"default","ast-page-background-meta":{"desktop":{"background-color":"","background-image":"","background-repeat":"repeat","background-position":"center center","background-size":"auto","background-attachment":"scroll","background-type":"","background-media":"","overlay-type":"","overlay-color":"","overlay-opacity":"","overlay-gradient":""},"tablet":{"background-color":"","background-image":"","background-repeat":"repeat","background-position":"center center","background-size":"auto","background-attachment":"scroll","background-type":"","background-media":"","overlay-type":"","overlay-color":"","overlay-opacity":"","overlay-gradient":""},"mobile":{"background-color":"","background-image":"","background-repeat":"repeat","background-position":"center center","background-size":"auto","background-attachment":"scroll","background-type":"","background-media":"","overlay-type":"","overlay-color":"","overlay-opacity":"","overlay-gradient":""}},"ast-content-background-meta":{"desktop":{"background-color":"var(--ast-global-color-5)","background-image":"","background-repeat":"repeat","background-position":"center center","background-size":"auto","background-attachment":"scroll","background-type":"","background-media":"","overlay-type":"","overlay-color":"","overlay-opacity":"","overlay-gradient":""},"tablet":{"background-color":"var(--ast-global-color-5)","background-image":"","background-repeat":"repeat","background-position":"center center","background-size":"auto","background-attachment":"scroll","background-type":"","background-media":"","overlay-type":"","overlay-color":"","overlay-opacity":"","overlay-gradient":""},"mobile":{"background-color":"var(--ast-global-color-5)","background-image":"","background-repeat":"repeat","background-position":"center center","background-size":"auto","background-attachment":"scroll","background-type":"","background-media":"","overlay-type":"","overlay-color":"","overlay-opacity":"","overlay-gradient":""}}},"product_brand":[],"product_cat":[39],"product_tag":[],"class_list":{"0":"post-8277","1":"product","2":"type-product","3":"status-publish","4":"has-post-thumbnail","6":"product_cat-webbing-sling","7":"desktop-align-left","8":"tablet-align-left","9":"mobile-align-left","10":"ast-product-gallery-layout-horizontal-slider","11":"ast-product-gallery-with-no-image","12":"ast-product-tabs-layout-horizontal","14":"first","15":"instock","16":"shipping-taxable","17":"purchasable","18":"product-type-simple"},"yoast_head":"<!-- This site is optimized with the Yoast SEO plugin v25.2 - https:\/\/yoast.com\/wordpress\/plugins\/seo\/ -->\n<title>Flat Webbing Sling 2 Ton Polyester Double Duplex<\/title>\n<meta name=\"robots\" content=\"index, follow, max-snippet:-1, max-image-preview:large, max-video-preview:-1\" \/>\n<link rel=\"canonical\" href=\"https:\/\/qingdaohf.com\/sv\/produkt\/bandstropp-2-ton\/\" \/>\n<meta property=\"og:locale\" content=\"sv_SE\" \/>\n<meta property=\"og:type\" content=\"article\" \/>\n<meta property=\"og:title\" content=\"Flat Webbing Sling 2 Ton Polyester Double Duplex\" \/>\n<meta property=\"og:description\" content=\"The 2-ton webbing sling from Qingdao H&amp;F is a dependable, high-capacity solution for various lifting applications. Buyers often prioritize factors like load security, durability, and ease of handling, all of which this webbing sling provides. Crafted with strong synthetic fibers, it withstands demanding conditions, offering reliable performance. As a trading company, Qingdao H&amp;F delivers significant benefits, including one-to-one customer service, rapid delivery cycles, and detailed quality inspection reports, ensuring each product meets rigorous standards and buyer expectations.\" \/>\n<meta property=\"og:url\" content=\"https:\/\/qingdaohf.com\/sv\/produkt\/bandstropp-2-ton\/\" \/>\n<meta property=\"og:site_name\" content=\"Concrete Form &amp; Rigging Hardware Supplier\" \/>\n<meta property=\"article:publisher\" content=\"https:\/\/www.facebook.com\/qingdaohf\" \/>\n<meta property=\"article:modified_time\" content=\"2025-11-13T01:02:53+00:00\" \/>\n<meta property=\"og:image\" content=\"https:\/\/qingdaohf.com\/wp-content\/uploads\/2024\/10\/2-ton_1.webp\" \/>\n\t<meta property=\"og:image:width\" content=\"1000\" \/>\n\t<meta property=\"og:image:height\" content=\"1000\" \/>\n\t<meta property=\"og:image:type\" content=\"image\/webp\" \/>\n<meta name=\"twitter:card\" content=\"summary_large_image\" \/>\n<meta name=\"twitter:label1\" content=\"Ber\u00e4knad l\u00e4stid\" \/>\n\t<meta name=\"twitter:data1\" content=\"4 minuter\" \/>\n<script type=\"application\/ld+json\" class=\"yoast-schema-graph\">{\"@context\":\"https:\/\/schema.org\",\"@graph\":[{\"@type\":\"WebPage\",\"@id\":\"https:\/\/qingdaohf.com\/product\/webbing-sling-2-ton\/\",\"url\":\"https:\/\/qingdaohf.com\/product\/webbing-sling-2-ton\/\",\"name\":\"Flat Webbing Sling 2 Ton Polyester Double Duplex\",\"isPartOf\":{\"@id\":\"https:\/\/qingdaohf.com\/bg\/#website\"},\"primaryImageOfPage\":{\"@id\":\"https:\/\/qingdaohf.com\/product\/webbing-sling-2-ton\/#primaryimage\"},\"image\":{\"@id\":\"https:\/\/qingdaohf.com\/product\/webbing-sling-2-ton\/#primaryimage\"},\"thumbnailUrl\":\"https:\/\/qingdaohf.com\/wp-content\/uploads\/2024\/10\/2-ton_1.webp\",\"datePublished\":\"2024-11-05T06:01:41+00:00\",\"dateModified\":\"2025-11-13T01:02:53+00:00\",\"breadcrumb\":{\"@id\":\"https:\/\/qingdaohf.com\/product\/webbing-sling-2-ton\/#breadcrumb\"},\"inLanguage\":\"sv-SE\",\"potentialAction\":[{\"@type\":\"ReadAction\",\"target\":[\"https:\/\/qingdaohf.com\/product\/webbing-sling-2-ton\/\"]}]},{\"@type\":\"ImageObject\",\"inLanguage\":\"sv-SE\",\"@id\":\"https:\/\/qingdaohf.com\/product\/webbing-sling-2-ton\/#primaryimage\",\"url\":\"https:\/\/qingdaohf.com\/wp-content\/uploads\/2024\/10\/2-ton_1.webp\",\"contentUrl\":\"https:\/\/qingdaohf.com\/wp-content\/uploads\/2024\/10\/2-ton_1.webp\",\"width\":1000,\"height\":1000,\"caption\":\"webbing sling 2 ton\"},{\"@type\":\"BreadcrumbList\",\"@id\":\"https:\/\/qingdaohf.com\/product\/webbing-sling-2-ton\/#breadcrumb\",\"itemListElement\":[{\"@type\":\"ListItem\",\"position\":1,\"name\":\"Home\",\"item\":\"https:\/\/qingdaohf.com\/\"},{\"@type\":\"ListItem\",\"position\":2,\"name\":\"Concrete Forming Accessories and Rigging Hardware\",\"item\":\"https:\/\/qingdaohf.com\/bg\/?page_id=944\"},{\"@type\":\"ListItem\",\"position\":3,\"name\":\"Flat Webbing Sling 2 Ton Polyester Double Duplex\"}]},{\"@type\":\"WebSite\",\"@id\":\"https:\/\/qingdaohf.com\/bg\/#website\",\"url\":\"https:\/\/qingdaohf.com\/bg\/\",\"name\":\"Concrete Form & Rigging Hardware Supplier\",\"description\":\"\",\"publisher\":{\"@id\":\"https:\/\/qingdaohf.com\/bg\/#organization\"},\"potentialAction\":[{\"@type\":\"SearchAction\",\"target\":{\"@type\":\"EntryPoint\",\"urlTemplate\":\"https:\/\/qingdaohf.com\/bg\/?s={search_term_string}\"},\"query-input\":{\"@type\":\"PropertyValueSpecification\",\"valueRequired\":true,\"valueName\":\"search_term_string\"}}],\"inLanguage\":\"sv-SE\"},{\"@type\":\"Organization\",\"@id\":\"https:\/\/qingdaohf.com\/bg\/#organization\",\"name\":\"Qingdao H&F\",\"url\":\"https:\/\/qingdaohf.com\/bg\/\",\"logo\":{\"@type\":\"ImageObject\",\"inLanguage\":\"sv-SE\",\"@id\":\"https:\/\/qingdaohf.com\/bg\/#\/schema\/logo\/image\/\",\"url\":\"https:\/\/qingdaohf.com\/wp-content\/uploads\/2022\/12\/cropped-HF-LOGO.png\",\"contentUrl\":\"https:\/\/qingdaohf.com\/wp-content\/uploads\/2022\/12\/cropped-HF-LOGO.png\",\"width\":391,\"height\":249,\"caption\":\"Qingdao H&F\"},\"image\":{\"@id\":\"https:\/\/qingdaohf.com\/bg\/#\/schema\/logo\/image\/\"},\"sameAs\":[\"https:\/\/www.facebook.com\/qingdaohf\"]}]}<\/script>\n<!-- \/ Yoast SEO plugin. -->","yoast_head_json":{"title":"Flat Webbing Sling 2 Ton Polyester Double Duplex","robots":{"index":"index","follow":"follow","max-snippet":"max-snippet:-1","max-image-preview":"max-image-preview:large","max-video-preview":"max-video-preview:-1"},"canonical":"https:\/\/qingdaohf.com\/sv\/produkt\/bandstropp-2-ton\/","og_locale":"sv_SE","og_type":"article","og_title":"Flat Webbing Sling 2 Ton Polyester Double Duplex","og_description":"The 2-ton webbing sling from Qingdao H&amp;F is a dependable, high-capacity solution for various lifting applications. Buyers often prioritize factors like load security, durability, and ease of handling, all of which this webbing sling provides. Crafted with strong synthetic fibers, it withstands demanding conditions, offering reliable performance. As a trading company, Qingdao H&amp;F delivers significant benefits, including one-to-one customer service, rapid delivery cycles, and detailed quality inspection reports, ensuring each product meets rigorous standards and buyer expectations.","og_url":"https:\/\/qingdaohf.com\/sv\/produkt\/bandstropp-2-ton\/","og_site_name":"Concrete Form &amp; Rigging Hardware Supplier","article_publisher":"https:\/\/www.facebook.com\/qingdaohf","article_modified_time":"2025-11-13T01:02:53+00:00","og_image":[{"width":1000,"height":1000,"url":"https:\/\/qingdaohf.com\/wp-content\/uploads\/2024\/10\/2-ton_1.webp","type":"image\/webp"}],"twitter_card":"summary_large_image","twitter_misc":{"Ber\u00e4knad l\u00e4stid":"4 minuter"},"schema":{"@context":"https:\/\/schema.org","@graph":[{"@type":"WebPage","@id":"https:\/\/qingdaohf.com\/product\/webbing-sling-2-ton\/","url":"https:\/\/qingdaohf.com\/product\/webbing-sling-2-ton\/","name":"Flat Webbing Sling 2 Ton Polyester Double Duplex","isPartOf":{"@id":"https:\/\/qingdaohf.com\/bg\/#website"},"primaryImageOfPage":{"@id":"https:\/\/qingdaohf.com\/product\/webbing-sling-2-ton\/#primaryimage"},"image":{"@id":"https:\/\/qingdaohf.com\/product\/webbing-sling-2-ton\/#primaryimage"},"thumbnailUrl":"https:\/\/qingdaohf.com\/wp-content\/uploads\/2024\/10\/2-ton_1.webp","datePublished":"2024-11-05T06:01:41+00:00","dateModified":"2025-11-13T01:02:53+00:00","breadcrumb":{"@id":"https:\/\/qingdaohf.com\/product\/webbing-sling-2-ton\/#breadcrumb"},"inLanguage":"sv-SE","potentialAction":[{"@type":"ReadAction","target":["https:\/\/qingdaohf.com\/product\/webbing-sling-2-ton\/"]}]},{"@type":"ImageObject","inLanguage":"sv-SE","@id":"https:\/\/qingdaohf.com\/product\/webbing-sling-2-ton\/#primaryimage","url":"https:\/\/qingdaohf.com\/wp-content\/uploads\/2024\/10\/2-ton_1.webp","contentUrl":"https:\/\/qingdaohf.com\/wp-content\/uploads\/2024\/10\/2-ton_1.webp","width":1000,"height":1000,"caption":"webbing sling 2 ton"},{"@type":"BreadcrumbList","@id":"https:\/\/qingdaohf.com\/product\/webbing-sling-2-ton\/#breadcrumb","itemListElement":[{"@type":"ListItem","position":1,"name":"Home","item":"https:\/\/qingdaohf.com\/"},{"@type":"ListItem","position":2,"name":"Concrete Forming Accessories and Rigging Hardware","item":"https:\/\/qingdaohf.com\/bg\/?page_id=944"},{"@type":"ListItem","position":3,"name":"Flat Webbing Sling 2 Ton Polyester Double Duplex"}]},{"@type":"WebSite","@id":"https:\/\/qingdaohf.com\/bg\/#website","url":"https:\/\/qingdaohf.com\/bg\/","name":"Concrete Form & Rigging Hardware Supplier","description":"","publisher":{"@id":"https:\/\/qingdaohf.com\/bg\/#organization"},"potentialAction":[{"@type":"SearchAction","target":{"@type":"EntryPoint","urlTemplate":"https:\/\/qingdaohf.com\/bg\/?s={search_term_string}"},"query-input":{"@type":"PropertyValueSpecification","valueRequired":true,"valueName":"search_term_string"}}],"inLanguage":"sv-SE"},{"@type":"Organization","@id":"https:\/\/qingdaohf.com\/bg\/#organization","name":"Qingdao H&F","url":"https:\/\/qingdaohf.com\/bg\/","logo":{"@type":"ImageObject","inLanguage":"sv-SE","@id":"https:\/\/qingdaohf.com\/bg\/#\/schema\/logo\/image\/","url":"https:\/\/qingdaohf.com\/wp-content\/uploads\/2022\/12\/cropped-HF-LOGO.png","contentUrl":"https:\/\/qingdaohf.com\/wp-content\/uploads\/2022\/12\/cropped-HF-LOGO.png","width":391,"height":249,"caption":"Qingdao H&F"},"image":{"@id":"https:\/\/qingdaohf.com\/bg\/#\/schema\/logo\/image\/"},"sameAs":["https:\/\/www.facebook.com\/qingdaohf"]}]}},"_links":{"self":[{"href":"https:\/\/qingdaohf.com\/sv\/wp-json\/wp\/v2\/product\/8277","targetHints":{"allow":["GET"]}}],"collection":[{"href":"https:\/\/qingdaohf.com\/sv\/wp-json\/wp\/v2\/product"}],"about":[{"href":"https:\/\/qingdaohf.com\/sv\/wp-json\/wp\/v2\/types\/product"}],"replies":[{"embeddable":true,"href":"https:\/\/qingdaohf.com\/sv\/wp-json\/wp\/v2\/comments?post=8277"}],"version-history":[{"count":3,"href":"https:\/\/qingdaohf.com\/sv\/wp-json\/wp\/v2\/product\/8277\/revisions"}],"predecessor-version":[{"id":8339,"href":"https:\/\/qingdaohf.com\/sv\/wp-json\/wp\/v2\/product\/8277\/revisions\/8339"}],"wp:featuredmedia":[{"embeddable":true,"href":"https:\/\/qingdaohf.com\/sv\/wp-json\/wp\/v2\/media\/8196"}],"wp:attachment":[{"href":"https:\/\/qingdaohf.com\/sv\/wp-json\/wp\/v2\/media?parent=8277"}],"wp:term":[{"taxonomy":"product_brand","embeddable":true,"href":"https:\/\/qingdaohf.com\/sv\/wp-json\/wp\/v2\/product_brand?post=8277"},{"taxonomy":"product_cat","embeddable":true,"href":"https:\/\/qingdaohf.com\/sv\/wp-json\/wp\/v2\/product_cat?post=8277"},{"taxonomy":"product_tag","embeddable":true,"href":"https:\/\/qingdaohf.com\/sv\/wp-json\/wp\/v2\/product_tag?post=8277"}],"curies":[{"name":"wp","href":"https:\/\/api.w.org\/{rel}","templated":true}]}}