{"id":8280,"date":"2024-11-05T16:43:34","date_gmt":"2024-11-05T08:43:34","guid":{"rendered":"http:\/\/qingdaohf.com\/?post_type=product&#038;p=8280"},"modified":"2025-11-13T09:02:53","modified_gmt":"2025-11-13T01:02:53","slug":"webbing-sling-3-ton","status":"publish","type":"product","link":"https:\/\/qingdaohf.com\/sv\/produkt\/bandstropp-3-ton\/","title":{"rendered":"Flat Webbing Sling 3 Ton Polyester Dubbel Duplex"},"content":{"rendered":"<h3><strong>P\u00e5litlig 3-tons lyftsele med v\u00e4vband f\u00f6r kr\u00e4vande lyftapplikationer<\/strong><\/h3>\n<p>I materialhanteringsv\u00e4rlden framst\u00e5r 3-tons bandslinget som en robust l\u00f6sning f\u00f6r att lyfta och s\u00e4kra tunga laster inom olika branscher. Med en optimal balans mellan styrka, flexibilitet och s\u00e4kerhet \u00e4r denna lyftsele utformad f\u00f6r att uppfylla de str\u00e4nga kraven f\u00f6r uppgifter som str\u00e4cker sig fr\u00e5n konstruktion till logistik. Den 3 ton tunga bandslingan \u00e4r tillverkad av h\u00f6gkvalitativa syntetfibrer och \u00e4r konstruerad f\u00f6r att leverera tillf\u00f6rlitlig prestanda, vilket g\u00f6r den till en viktig tillg\u00e5ng f\u00f6r alla verksamheter som inneb\u00e4r att lyfta betydande vikter.<\/p>\n<p>Den \u00f6kande efterfr\u00e5gan p\u00e5 m\u00e5ngsidiga lyftl\u00f6sningar har lett till en utbredd anv\u00e4ndning av bandsling i kommersiella och industriella milj\u00f6er. Den 3 ton tunga bandslingan \u00e4r s\u00e4rskilt utformad f\u00f6r att hantera medeltunga laster, vilket ger operat\u00f6rerna ett tillf\u00f6rlitligt s\u00e4tt att utf\u00f6ra sina uppgifter p\u00e5 ett effektivt och s\u00e4kert s\u00e4tt. K\u00f6pare uttrycker ofta oro \u00f6ver lasts\u00e4kerhet och h\u00e5llbarhet, vilket \u00e4r av st\u00f6rsta vikt vid val av lyftutrustning. 3-tons bandstroppen tar itu med dessa problem genom att s\u00e4kerst\u00e4lla att den kan motst\u00e5 kr\u00e4vande f\u00f6rh\u00e5llanden samtidigt som den bibeh\u00e5ller sin integritet och prestanda \u00f6ver tid.<\/p>\n<p>En av de utm\u00e4rkande egenskaperna hos 3-tons bandslingan \u00e4r dess konstruktion, som vanligtvis involverar h\u00f6gh\u00e5llfasta polyester- eller nylonfibrer. Dessa material erbjuder flera f\u00f6rdelar, inklusive motst\u00e5ndskraft mot slitage, UV-stabilitet och fuktbest\u00e4ndighet. Kombinationen av dessa egenskaper s\u00e4kerst\u00e4ller att lyftselen kan fungera bra \u00e4ven i utmanande utomhusmilj\u00f6er, vilket g\u00f6r den l\u00e4mplig f\u00f6r en rad olika applikationer.<\/p>\n<p>P\u00e5 Qingdao H&amp;F \u00e4r vi stolta \u00f6ver v\u00e5r f\u00f6rm\u00e5ga att inte bara tillhandah\u00e5lla h\u00f6gkvalitativa produkter utan ocks\u00e5 exceptionell service. V\u00e5rt engagemang f\u00f6r personlig kundservice inneb\u00e4r att varje kund f\u00e5r personlig uppm\u00e4rksamhet som \u00e4r skr\u00e4ddarsydd efter deras specifika behov. Detta tillv\u00e4gag\u00e5ngss\u00e4tt skapar f\u00f6rtroende och s\u00e4kerst\u00e4ller att k\u00f6parna k\u00e4nner sig st\u00f6ttade under hela sin ink\u00f6psresa. Dessutom betonar vi vikten av snabba leveranser, och v\u00e5ra effektiva logistikprocesser garanterar att kunderna f\u00e5r sina sling utan on\u00f6diga f\u00f6rseningar. V\u00e5ra produkter \u00e5tf\u00f6ljs av omfattande kvalitetsinspektionsrapporter och ger k\u00f6parna sinnesfrid genom att s\u00e4kerst\u00e4lla att de uppfyller de s\u00e4kerhets- och prestandastandarder som kr\u00e4vs.<\/p>\n<h3><strong>Byggkvalitet och materialprestanda<\/strong><\/h3>\n<p>Kvaliteten p\u00e5 de material som anv\u00e4nds i en 3-tons bandstropp \u00e4r avg\u00f6rande f\u00f6r dess prestanda och livsl\u00e4ngd. N\u00e4r vi v\u00e4ljer material f\u00f6r produktion fokuserar vi p\u00e5 h\u00e5llbarhet och styrka. Polyester, som \u00e4r k\u00e4nt f\u00f6r sin l\u00e5ga stretch och h\u00f6ga n\u00f6tningsbest\u00e4ndighet, \u00e4r ett popul\u00e4rt val. Denna fiber \u00e4r s\u00e4rskilt effektiv n\u00e4r det g\u00e4ller att uppr\u00e4tth\u00e5lla laststabilitet, vilket \u00e4r viktigt f\u00f6r s\u00e4kra lyftoperationer. \u00c5 andra sidan erbjuder nylon \u00f6verl\u00e4gsen elasticitet, vilket kan absorbera chockbelastningar under lyft, en funktion som kan vara f\u00f6rdelaktig i olika applikationer.<\/p>\n<p>Varje aspekt av tillverkningsprocessen \u00e4r utformad f\u00f6r att uppr\u00e4tth\u00e5lla h\u00f6gsta standard. Fr\u00e5n valet av fibrer till v\u00e4vtekniken genomg\u00e5r varje sling rigor\u00f6sa tester f\u00f6r att bekr\u00e4fta dess kapacitet att s\u00e4kert hantera laster p\u00e5 upp till 3 ton. F\u00f6rst\u00e4rkta s\u00f6mmar och h\u00f6gkvalitativa \u00e4ndbeslag f\u00f6rb\u00e4ttrar lyftslingens h\u00e5llbarhet, minskar risken f\u00f6r slitage och \u00f6kar dess livsl\u00e4ngd. Med dessa egenskaper \u00e4r 3-tons bandslinget en v\u00e4rdefull investering f\u00f6r f\u00f6retag som letar efter tillf\u00f6rlitliga lyftl\u00f6sningar.<\/p>\n<p>Kvalitetss\u00e4kring \u00e4r av st\u00f6rsta vikt f\u00f6r Qingdao H&amp;F, och v\u00e5ra kunder kan f\u00f6rv\u00e4nta sig att varje produkt levereras med en detaljerad inspektionsrapport. Dessa rapporter ger kritisk information om slingets prestandaegenskaper, inklusive brottstyrka och efterlevnad av industristandarder. Genom att s\u00e4kerst\u00e4lla att varje sling uppfyller dessa riktm\u00e4rken hj\u00e4lper vi v\u00e5ra kunder att fatta v\u00e4lgrundade beslut och prioritera s\u00e4kerhet och tillf\u00f6rlitlighet i sina lyftoperationer.<\/p>\n<h3><strong>M\u00e5ngsidiga applikationer och branschf\u00f6rdelar<\/strong><\/h3>\n<p>M\u00e5ngsidigheten hos 3-tons bandslinget g\u00f6r det till ett idealiskt val f\u00f6r ett brett spektrum av applikationer inom olika branscher. Inom byggbranschen kan den h\u00e4r lyftselen t.ex. anv\u00e4ndas f\u00f6r att lyfta och flytta tunga material som st\u00e5lbalkar, betongblock och maskiner. Den l\u00e5ga vikten hos bandsling g\u00f6r dem l\u00e4ttare att hantera \u00e4n traditionella metallkedjor, vilket minimerar tr\u00f6tthet hos operat\u00f6ren och f\u00f6rb\u00e4ttrar den \u00f6vergripande s\u00e4kerheten.<\/p>\n<p>Inom logistik och lagerh\u00e5llning \u00e4r den 3-tons bandstroppen ov\u00e4rderlig f\u00f6r transport av varor och material. Dess f\u00f6rm\u00e5ga att lyfta tunga laster p\u00e5 ett s\u00e4kert s\u00e4tt s\u00e4kerst\u00e4ller att verksamheten l\u00f6per smidigt och effektivt. Slingens flexibilitet g\u00f6r att den kan anv\u00e4ndas i tr\u00e5nga utrymmen d\u00e4r annan lyftutrustning kan f\u00e5 problem. Dessutom inneb\u00e4r bandets oskadliga egenskaper att det s\u00e4kert kan lyfta \u00f6mt\u00e5liga eller f\u00e4rdiga varor utan risk f\u00f6r repor eller bucklor.<\/p>\n<p>En annan viktig f\u00f6rdel med 3-tons bandsling \u00e4r att det \u00e4r l\u00e4tt att underh\u00e5lla. Till skillnad fr\u00e5n kedjor eller andra lyftanordningar av metall kr\u00e4ver bandsling minimalt underh\u00e5ll. Regelbundna inspektioner och korrekt f\u00f6rvaring kan f\u00f6rl\u00e4nga deras livsl\u00e4ngd avsev\u00e4rt, vilket g\u00f6r dem till ett kostnadseffektivt alternativ f\u00f6r f\u00f6retag som fokuserar p\u00e5 operativ effektivitet.<\/p>\n<p>Qingdao H&amp;F k\u00e4nner till de f\u00f6r\u00e4nderliga behoven i olika branscher, och v\u00e5r 3-tons bandslinga \u00e4r utformad f\u00f6r att m\u00f6ta dessa krav direkt. Oavsett om det g\u00e4ller konstruktion, logistik eller tillverkning levererar denna lyftsele den tillf\u00f6rlitlighet och prestanda som f\u00f6retag beh\u00f6ver f\u00f6r att lyckas. M\u00f6jligheten att lyfta stora laster p\u00e5 ett s\u00e4kert och effektivt s\u00e4tt kan f\u00f6rb\u00e4ttra produktiviteten avsev\u00e4rt, s\u00e5 att operat\u00f6rerna kan fokusera p\u00e5 sina k\u00e4rnuppgifter utan att beh\u00f6va oroa sig f\u00f6r att utrustningen ska g\u00e5 s\u00f6nder.<\/p>\n<h3><strong>Qingdao H&amp;F: Din partner i kvalitet och service<\/strong><\/h3>\n<p>Qingdao H&amp;F:s engagemang f\u00f6r kvalitet och kundn\u00f6jdhet g\u00f6r att vi skiljer oss fr\u00e5n m\u00e4ngden i det konkurrensutsatta landskapet f\u00f6r lyftl\u00f6sningar. Den 3 ton tunga bandslingan representerar v\u00e5rt \u00e5tagande att f\u00f6rse kunderna med produkter som inte bara \u00e4r h\u00e5llbara och p\u00e5litliga utan ocks\u00e5 st\u00f6ds av exceptionell service. Med v\u00e5r personliga kundsupport guidar vi kunderna genom urvalsprocessen och ser till att de v\u00e4ljer r\u00e4tt lyftsele f\u00f6r sina specifika behov.<\/p>\n<p>V\u00e5rt fokus p\u00e5 snabba leveranscykler inneb\u00e4r att v\u00e5ra kunder kan lita p\u00e5 att vi ger dem tillg\u00e5ng till deras lyftutrustning i r\u00e4tt tid. Vi f\u00f6rst\u00e5r vikten av att ha r\u00e4tt verktyg vid r\u00e4tt tidpunkt, och v\u00e5rt logistikteam arbetar flitigt f\u00f6r att uppfylla och \u00f6vertr\u00e4ffa dessa f\u00f6rv\u00e4ntningar. Dessutom ger v\u00e5ra omfattande kvalitetsinspektionsrapporter den transparens som kunderna beh\u00f6ver f\u00f6r att k\u00e4nna sig trygga i sitt k\u00f6p, vilket f\u00f6rst\u00e4rker v\u00e5rt engagemang f\u00f6r s\u00e4kerhet och prestanda.<\/p>\n<p>Att v\u00e4lja en 3-tons bandsling fr\u00e5n Qingdao H&amp;F inneb\u00e4r att investera i en h\u00f6gkvalitativ lyftl\u00f6sning som st\u00f6ds av ett f\u00f6retag som v\u00e4rdes\u00e4tter sina kunder och prioriterar deras behov. Genom att tillhandah\u00e5lla p\u00e5litliga produkter och exceptionell service str\u00e4var vi efter att fr\u00e4mja l\u00e5ngsiktiga partnerskap som bygger p\u00e5 f\u00f6rtroende och tillf\u00f6rlitlighet. V\u00e5ra kunder kan vara s\u00e4kra p\u00e5 att n\u00e4r de v\u00e4ljer v\u00e5ra bandsling utrustar de sig med de b\u00e4sta verktygen som finns tillg\u00e4ngliga p\u00e5 marknaden, vilket f\u00f6rb\u00e4ttrar deras operativa effektivitet och s\u00e4kerhetsstandarder.<\/p>","protected":false},"excerpt":{"rendered":"<p>Den 3-tons bandslinga som Qingdao H&amp;F erbjuder \u00e4r ett viktigt verktyg f\u00f6r s\u00e4kra och effektiva lyft i en m\u00e4ngd olika industriella applikationer. K\u00f6pare s\u00f6ker ofta f\u00f6rs\u00e4kran om lasts\u00e4kerhet, h\u00e5llbarhet och anv\u00e4ndarv\u00e4nlighet f\u00f6r lyftutrustning. Den h\u00e4r lyftselen uppfyller dessa behov och har en stark konstruktion som \u00e4r utformad f\u00f6r att hantera tyngre laster p\u00e5 ett tillf\u00f6rlitligt s\u00e4tt. Som handelsf\u00f6retag \u00e4r vi stolta \u00f6ver att leverera exceptionellt v\u00e4rde genom personlig kundservice, snabba leveranscykler och omfattande kvalitetsinspektionsrapporter, vilket s\u00e4kerst\u00e4ller att varje produkt uppfyller de h\u00f6gsta standarderna f\u00f6r s\u00e4kerhet och prestanda.<\/p>","protected":false},"featured_media":8197,"comment_status":"open","ping_status":"closed","template":"","meta":{"site-sidebar-layout":"default","site-content-layout":"","ast-site-content-layout":"default","site-content-style":"default","site-sidebar-style":"default","ast-global-header-display":"","ast-banner-title-visibility":"","ast-main-header-display":"","ast-hfb-above-header-display":"","ast-hfb-below-header-display":"","ast-hfb-mobile-header-display":"","site-post-title":"","ast-breadcrumbs-content":"","ast-featured-img":"","footer-sml-layout":"","theme-transparent-header-meta":"default","adv-header-id-meta":"","stick-header-meta":"default","header-above-stick-meta":"","header-main-stick-meta":"","header-below-stick-meta":"","astra-migrate-meta-layouts":"set","ast-page-background-enabled":"default","ast-page-background-meta":{"desktop":{"background-color":"","background-image":"","background-repeat":"repeat","background-position":"center center","background-size":"auto","background-attachment":"scroll","background-type":"","background-media":"","overlay-type":"","overlay-color":"","overlay-opacity":"","overlay-gradient":""},"tablet":{"background-color":"","background-image":"","background-repeat":"repeat","background-position":"center center","background-size":"auto","background-attachment":"scroll","background-type":"","background-media":"","overlay-type":"","overlay-color":"","overlay-opacity":"","overlay-gradient":""},"mobile":{"background-color":"","background-image":"","background-repeat":"repeat","background-position":"center center","background-size":"auto","background-attachment":"scroll","background-type":"","background-media":"","overlay-type":"","overlay-color":"","overlay-opacity":"","overlay-gradient":""}},"ast-content-background-meta":{"desktop":{"background-color":"var(--ast-global-color-5)","background-image":"","background-repeat":"repeat","background-position":"center center","background-size":"auto","background-attachment":"scroll","background-type":"","background-media":"","overlay-type":"","overlay-color":"","overlay-opacity":"","overlay-gradient":""},"tablet":{"background-color":"var(--ast-global-color-5)","background-image":"","background-repeat":"repeat","background-position":"center center","background-size":"auto","background-attachment":"scroll","background-type":"","background-media":"","overlay-type":"","overlay-color":"","overlay-opacity":"","overlay-gradient":""},"mobile":{"background-color":"var(--ast-global-color-5)","background-image":"","background-repeat":"repeat","background-position":"center center","background-size":"auto","background-attachment":"scroll","background-type":"","background-media":"","overlay-type":"","overlay-color":"","overlay-opacity":"","overlay-gradient":""}}},"product_brand":[],"product_cat":[39],"product_tag":[],"class_list":{"0":"post-8280","1":"product","2":"type-product","3":"status-publish","4":"has-post-thumbnail","6":"product_cat-webbing-sling","7":"desktop-align-left","8":"tablet-align-left","9":"mobile-align-left","10":"ast-product-gallery-layout-horizontal-slider","11":"ast-product-gallery-with-no-image","12":"ast-product-tabs-layout-horizontal","14":"first","15":"instock","16":"shipping-taxable","17":"purchasable","18":"product-type-simple"},"yoast_head":"<!-- This site is optimized with the Yoast SEO plugin v25.2 - https:\/\/yoast.com\/wordpress\/plugins\/seo\/ -->\n<title>Flat Webbing Sling 3 Ton Polyester Double Duplex<\/title>\n<meta name=\"robots\" content=\"index, follow, max-snippet:-1, max-image-preview:large, max-video-preview:-1\" \/>\n<link rel=\"canonical\" href=\"https:\/\/qingdaohf.com\/sv\/produkt\/bandstropp-3-ton\/\" \/>\n<meta property=\"og:locale\" content=\"sv_SE\" \/>\n<meta property=\"og:type\" content=\"article\" \/>\n<meta property=\"og:title\" content=\"Flat Webbing Sling 3 Ton Polyester Double Duplex\" \/>\n<meta property=\"og:description\" content=\"The 3-ton webbing sling offered by Qingdao H&amp;F is an essential tool for safe and effective lifting in a variety of industrial applications. Buyers often seek assurance regarding load security, durability, and the ease of use of lifting equipment. This sling meets those needs, boasting a strong construction designed for handling heavier loads with reliability. As a trading company, we pride ourselves on delivering exceptional value through one-on-one customer service, rapid delivery cycles, and comprehensive quality inspection reports, ensuring that each product is up to the highest standards of safety and performance.\" \/>\n<meta property=\"og:url\" content=\"https:\/\/qingdaohf.com\/sv\/produkt\/bandstropp-3-ton\/\" \/>\n<meta property=\"og:site_name\" content=\"Concrete Form &amp; Rigging Hardware Supplier\" \/>\n<meta property=\"article:publisher\" content=\"https:\/\/www.facebook.com\/qingdaohf\" \/>\n<meta property=\"article:modified_time\" content=\"2025-11-13T01:02:53+00:00\" \/>\n<meta property=\"og:image\" content=\"https:\/\/qingdaohf.com\/wp-content\/uploads\/2024\/10\/3-ton-webbing-sling_1.webp\" \/>\n\t<meta property=\"og:image:width\" content=\"1000\" \/>\n\t<meta property=\"og:image:height\" content=\"1000\" \/>\n\t<meta property=\"og:image:type\" content=\"image\/webp\" \/>\n<meta name=\"twitter:card\" content=\"summary_large_image\" \/>\n<meta name=\"twitter:label1\" content=\"Ber\u00e4knad l\u00e4stid\" \/>\n\t<meta name=\"twitter:data1\" content=\"5 minuter\" \/>\n<script type=\"application\/ld+json\" class=\"yoast-schema-graph\">{\"@context\":\"https:\/\/schema.org\",\"@graph\":[{\"@type\":\"WebPage\",\"@id\":\"https:\/\/qingdaohf.com\/product\/webbing-sling-3-ton\/\",\"url\":\"https:\/\/qingdaohf.com\/product\/webbing-sling-3-ton\/\",\"name\":\"Flat Webbing Sling 3 Ton Polyester Double Duplex\",\"isPartOf\":{\"@id\":\"https:\/\/qingdaohf.com\/bg\/#website\"},\"primaryImageOfPage\":{\"@id\":\"https:\/\/qingdaohf.com\/product\/webbing-sling-3-ton\/#primaryimage\"},\"image\":{\"@id\":\"https:\/\/qingdaohf.com\/product\/webbing-sling-3-ton\/#primaryimage\"},\"thumbnailUrl\":\"https:\/\/qingdaohf.com\/wp-content\/uploads\/2024\/10\/3-ton-webbing-sling_1.webp\",\"datePublished\":\"2024-11-05T08:43:34+00:00\",\"dateModified\":\"2025-11-13T01:02:53+00:00\",\"breadcrumb\":{\"@id\":\"https:\/\/qingdaohf.com\/product\/webbing-sling-3-ton\/#breadcrumb\"},\"inLanguage\":\"sv-SE\",\"potentialAction\":[{\"@type\":\"ReadAction\",\"target\":[\"https:\/\/qingdaohf.com\/product\/webbing-sling-3-ton\/\"]}]},{\"@type\":\"ImageObject\",\"inLanguage\":\"sv-SE\",\"@id\":\"https:\/\/qingdaohf.com\/product\/webbing-sling-3-ton\/#primaryimage\",\"url\":\"https:\/\/qingdaohf.com\/wp-content\/uploads\/2024\/10\/3-ton-webbing-sling_1.webp\",\"contentUrl\":\"https:\/\/qingdaohf.com\/wp-content\/uploads\/2024\/10\/3-ton-webbing-sling_1.webp\",\"width\":1000,\"height\":1000,\"caption\":\"3 ton webbing sling_1\"},{\"@type\":\"BreadcrumbList\",\"@id\":\"https:\/\/qingdaohf.com\/product\/webbing-sling-3-ton\/#breadcrumb\",\"itemListElement\":[{\"@type\":\"ListItem\",\"position\":1,\"name\":\"Home\",\"item\":\"https:\/\/qingdaohf.com\/\"},{\"@type\":\"ListItem\",\"position\":2,\"name\":\"Concrete Forming Accessories and Rigging Hardware\",\"item\":\"https:\/\/qingdaohf.com\/bg\/?page_id=944\"},{\"@type\":\"ListItem\",\"position\":3,\"name\":\"Flat Webbing Sling 3 Ton Polyester Double Duplex\"}]},{\"@type\":\"WebSite\",\"@id\":\"https:\/\/qingdaohf.com\/bg\/#website\",\"url\":\"https:\/\/qingdaohf.com\/bg\/\",\"name\":\"Concrete Form & Rigging Hardware Supplier\",\"description\":\"\",\"publisher\":{\"@id\":\"https:\/\/qingdaohf.com\/bg\/#organization\"},\"potentialAction\":[{\"@type\":\"SearchAction\",\"target\":{\"@type\":\"EntryPoint\",\"urlTemplate\":\"https:\/\/qingdaohf.com\/bg\/?s={search_term_string}\"},\"query-input\":{\"@type\":\"PropertyValueSpecification\",\"valueRequired\":true,\"valueName\":\"search_term_string\"}}],\"inLanguage\":\"sv-SE\"},{\"@type\":\"Organization\",\"@id\":\"https:\/\/qingdaohf.com\/bg\/#organization\",\"name\":\"Qingdao H&F\",\"url\":\"https:\/\/qingdaohf.com\/bg\/\",\"logo\":{\"@type\":\"ImageObject\",\"inLanguage\":\"sv-SE\",\"@id\":\"https:\/\/qingdaohf.com\/bg\/#\/schema\/logo\/image\/\",\"url\":\"https:\/\/qingdaohf.com\/wp-content\/uploads\/2022\/12\/cropped-HF-LOGO.png\",\"contentUrl\":\"https:\/\/qingdaohf.com\/wp-content\/uploads\/2022\/12\/cropped-HF-LOGO.png\",\"width\":391,\"height\":249,\"caption\":\"Qingdao H&F\"},\"image\":{\"@id\":\"https:\/\/qingdaohf.com\/bg\/#\/schema\/logo\/image\/\"},\"sameAs\":[\"https:\/\/www.facebook.com\/qingdaohf\"]}]}<\/script>\n<!-- \/ Yoast SEO plugin. -->","yoast_head_json":{"title":"Flat Webbing Sling 3 Ton Polyester Double Duplex","robots":{"index":"index","follow":"follow","max-snippet":"max-snippet:-1","max-image-preview":"max-image-preview:large","max-video-preview":"max-video-preview:-1"},"canonical":"https:\/\/qingdaohf.com\/sv\/produkt\/bandstropp-3-ton\/","og_locale":"sv_SE","og_type":"article","og_title":"Flat Webbing Sling 3 Ton Polyester Double Duplex","og_description":"The 3-ton webbing sling offered by Qingdao H&amp;F is an essential tool for safe and effective lifting in a variety of industrial applications. Buyers often seek assurance regarding load security, durability, and the ease of use of lifting equipment. This sling meets those needs, boasting a strong construction designed for handling heavier loads with reliability. As a trading company, we pride ourselves on delivering exceptional value through one-on-one customer service, rapid delivery cycles, and comprehensive quality inspection reports, ensuring that each product is up to the highest standards of safety and performance.","og_url":"https:\/\/qingdaohf.com\/sv\/produkt\/bandstropp-3-ton\/","og_site_name":"Concrete Form &amp; Rigging Hardware Supplier","article_publisher":"https:\/\/www.facebook.com\/qingdaohf","article_modified_time":"2025-11-13T01:02:53+00:00","og_image":[{"width":1000,"height":1000,"url":"https:\/\/qingdaohf.com\/wp-content\/uploads\/2024\/10\/3-ton-webbing-sling_1.webp","type":"image\/webp"}],"twitter_card":"summary_large_image","twitter_misc":{"Ber\u00e4knad l\u00e4stid":"5 minuter"},"schema":{"@context":"https:\/\/schema.org","@graph":[{"@type":"WebPage","@id":"https:\/\/qingdaohf.com\/product\/webbing-sling-3-ton\/","url":"https:\/\/qingdaohf.com\/product\/webbing-sling-3-ton\/","name":"Flat Webbing Sling 3 Ton Polyester Double Duplex","isPartOf":{"@id":"https:\/\/qingdaohf.com\/bg\/#website"},"primaryImageOfPage":{"@id":"https:\/\/qingdaohf.com\/product\/webbing-sling-3-ton\/#primaryimage"},"image":{"@id":"https:\/\/qingdaohf.com\/product\/webbing-sling-3-ton\/#primaryimage"},"thumbnailUrl":"https:\/\/qingdaohf.com\/wp-content\/uploads\/2024\/10\/3-ton-webbing-sling_1.webp","datePublished":"2024-11-05T08:43:34+00:00","dateModified":"2025-11-13T01:02:53+00:00","breadcrumb":{"@id":"https:\/\/qingdaohf.com\/product\/webbing-sling-3-ton\/#breadcrumb"},"inLanguage":"sv-SE","potentialAction":[{"@type":"ReadAction","target":["https:\/\/qingdaohf.com\/product\/webbing-sling-3-ton\/"]}]},{"@type":"ImageObject","inLanguage":"sv-SE","@id":"https:\/\/qingdaohf.com\/product\/webbing-sling-3-ton\/#primaryimage","url":"https:\/\/qingdaohf.com\/wp-content\/uploads\/2024\/10\/3-ton-webbing-sling_1.webp","contentUrl":"https:\/\/qingdaohf.com\/wp-content\/uploads\/2024\/10\/3-ton-webbing-sling_1.webp","width":1000,"height":1000,"caption":"3 ton webbing sling_1"},{"@type":"BreadcrumbList","@id":"https:\/\/qingdaohf.com\/product\/webbing-sling-3-ton\/#breadcrumb","itemListElement":[{"@type":"ListItem","position":1,"name":"Home","item":"https:\/\/qingdaohf.com\/"},{"@type":"ListItem","position":2,"name":"Concrete Forming Accessories and Rigging Hardware","item":"https:\/\/qingdaohf.com\/bg\/?page_id=944"},{"@type":"ListItem","position":3,"name":"Flat Webbing Sling 3 Ton Polyester Double Duplex"}]},{"@type":"WebSite","@id":"https:\/\/qingdaohf.com\/bg\/#website","url":"https:\/\/qingdaohf.com\/bg\/","name":"Concrete Form & Rigging Hardware Supplier","description":"","publisher":{"@id":"https:\/\/qingdaohf.com\/bg\/#organization"},"potentialAction":[{"@type":"SearchAction","target":{"@type":"EntryPoint","urlTemplate":"https:\/\/qingdaohf.com\/bg\/?s={search_term_string}"},"query-input":{"@type":"PropertyValueSpecification","valueRequired":true,"valueName":"search_term_string"}}],"inLanguage":"sv-SE"},{"@type":"Organization","@id":"https:\/\/qingdaohf.com\/bg\/#organization","name":"Qingdao H&F","url":"https:\/\/qingdaohf.com\/bg\/","logo":{"@type":"ImageObject","inLanguage":"sv-SE","@id":"https:\/\/qingdaohf.com\/bg\/#\/schema\/logo\/image\/","url":"https:\/\/qingdaohf.com\/wp-content\/uploads\/2022\/12\/cropped-HF-LOGO.png","contentUrl":"https:\/\/qingdaohf.com\/wp-content\/uploads\/2022\/12\/cropped-HF-LOGO.png","width":391,"height":249,"caption":"Qingdao H&F"},"image":{"@id":"https:\/\/qingdaohf.com\/bg\/#\/schema\/logo\/image\/"},"sameAs":["https:\/\/www.facebook.com\/qingdaohf"]}]}},"_links":{"self":[{"href":"https:\/\/qingdaohf.com\/sv\/wp-json\/wp\/v2\/product\/8280","targetHints":{"allow":["GET"]}}],"collection":[{"href":"https:\/\/qingdaohf.com\/sv\/wp-json\/wp\/v2\/product"}],"about":[{"href":"https:\/\/qingdaohf.com\/sv\/wp-json\/wp\/v2\/types\/product"}],"replies":[{"embeddable":true,"href":"https:\/\/qingdaohf.com\/sv\/wp-json\/wp\/v2\/comments?post=8280"}],"version-history":[{"count":2,"href":"https:\/\/qingdaohf.com\/sv\/wp-json\/wp\/v2\/product\/8280\/revisions"}],"predecessor-version":[{"id":8338,"href":"https:\/\/qingdaohf.com\/sv\/wp-json\/wp\/v2\/product\/8280\/revisions\/8338"}],"wp:featuredmedia":[{"embeddable":true,"href":"https:\/\/qingdaohf.com\/sv\/wp-json\/wp\/v2\/media\/8197"}],"wp:attachment":[{"href":"https:\/\/qingdaohf.com\/sv\/wp-json\/wp\/v2\/media?parent=8280"}],"wp:term":[{"taxonomy":"product_brand","embeddable":true,"href":"https:\/\/qingdaohf.com\/sv\/wp-json\/wp\/v2\/product_brand?post=8280"},{"taxonomy":"product_cat","embeddable":true,"href":"https:\/\/qingdaohf.com\/sv\/wp-json\/wp\/v2\/product_cat?post=8280"},{"taxonomy":"product_tag","embeddable":true,"href":"https:\/\/qingdaohf.com\/sv\/wp-json\/wp\/v2\/product_tag?post=8280"}],"curies":[{"name":"wp","href":"https:\/\/api.w.org\/{rel}","templated":true}]}}