{"id":8283,"date":"2024-11-05T17:52:39","date_gmt":"2024-11-05T09:52:39","guid":{"rendered":"http:\/\/qingdaohf.com\/?post_type=product&#038;p=8283"},"modified":"2025-11-13T09:02:53","modified_gmt":"2025-11-13T01:02:53","slug":"webbing-sling-4-ton","status":"publish","type":"product","link":"https:\/\/qingdaohf.com\/sv\/produkt\/bandstropp-4-ton\/","title":{"rendered":"Flat Webbing Sling 4 Ton Polyester Dubbel Duplex"},"content":{"rendered":"<h4>\u00d6verl\u00e4gsen prestanda och viktiga egenskaper hos 4-Ton Webbing Sling<\/h4>\n<p>N\u00e4r det g\u00e4ller tung lyftutrustning framst\u00e5r tillf\u00f6rlitlighet, s\u00e4kerhet och h\u00e5llbarhet som viktiga faktorer f\u00f6r industriella k\u00f6pare. Qingdao H&amp;Fs 4-Ton Webbing Sling \u00e4r utformad f\u00f6r att betj\u00e4na industrier som kr\u00e4ver s\u00e4kra, p\u00e5litliga l\u00f6sningar f\u00f6r att hantera tunga laster. Slinget \u00e4r tillverkat av h\u00f6gh\u00e5llfasta polyesterfibrer som motst\u00e5r n\u00f6tning och UV-nedbrytning, vilket ger b\u00e5de l\u00e5ng livsl\u00e4ngd och motst\u00e5ndskraft. Denna bandstropp kan lyfta laster p\u00e5 upp till 4 ton och \u00e4r idealisk f\u00f6r en m\u00e4ngd olika till\u00e4mpningar, fr\u00e5n byggarbetsplatser och lager till logistik och transport.<\/p>\n<p>Kvalitet \u00e4r h\u00f6rnstenen i Qingdao H&amp;F:s erbjudande. Varje 4-tons sling genomg\u00e5r rigor\u00f6sa tester och kvalitetsinspektionsrapporter finns tillg\u00e4ngliga f\u00f6r att verifiera att de uppfyller internationella standarder. K\u00f6pare kan k\u00e4nna sig trygga med att veta att varje produkt har inspekterats noggrant, vilket minimerar risken f\u00f6r slitage eller fel under belastning. Anv\u00e4ndningen av h\u00e5llbara material och exakta tillverkningstekniker s\u00e4kerst\u00e4ller att denna bandslinga bibeh\u00e5ller sin styrka och funktionalitet \u00e4ven under utmanande f\u00f6rh\u00e5llanden. Qingdao H&amp;F:s \u00e5tagande att leverera fr\u00e5n lager till lager effektiviserar ocks\u00e5 k\u00f6pprocessen och ger snabb tillg\u00e5ng till viktig utrustning utan f\u00f6rseningar.<\/p>\n<h4>Skr\u00e4ddarsydd f\u00f6r industrins behov: S\u00e4kerhet, effektivitet och tillf\u00f6rlitlighet<\/h4>\n<p>S\u00e4kerhet \u00e4r av st\u00f6rsta vikt vid industriella lyft. Qingdao H&amp;F:s 4-tons bandsling \u00e4r utformat f\u00f6r att uppfylla och \u00f6vertr\u00e4ffa s\u00e4kerhetsstandarderna, vilket s\u00e4kerst\u00e4ller att operat\u00f6rerna kan hantera tunga laster med tillf\u00f6rsikt. Slingens breda yta minskar tryckpunkterna p\u00e5 lasten och f\u00f6rdelar vikten j\u00e4mnt f\u00f6r att f\u00f6rhindra skador. I till\u00e4mpningar d\u00e4r lastens integritet \u00e4r avg\u00f6rande \u00e4r denna konstruktion ov\u00e4rderlig, eftersom den minimerar risken f\u00f6r att lasten glider eller pl\u00f6tsligt f\u00f6rskjuts under hanteringen. Denna omsorg om detaljerna i design och konstruktion understryker Qingdao H&amp;F:s engagemang f\u00f6r att uppfylla branschens krav p\u00e5 s\u00e4ker och effektiv lasthantering.<\/p>\n<p>En av de anm\u00e4rkningsv\u00e4rda aspekterna av Qingdao H&amp;F:s erbjudanden \u00e4r den personliga kundserviceupplevelsen. Detta personliga tillv\u00e4gag\u00e5ngss\u00e4tt g\u00f6r det m\u00f6jligt f\u00f6r k\u00f6pare att diskutera sina specifika behov och f\u00e5 skr\u00e4ddarsydda rekommendationer, vilket g\u00f6r det l\u00e4ttare att v\u00e4lja den b\u00e4sta bandslingan f\u00f6r specifika applikationer. Med en snabb leveranscykel och ett lyh\u00f6rt kundserviceteam s\u00e4kerst\u00e4ller Qingdao H&amp;F att kunderna f\u00e5r snabb support och korrekt produktv\u00e4gledning, vilket ytterligare minskar stillest\u00e5ndstiden och f\u00f6rb\u00e4ttrar den operativa effektiviteten.<\/p>\n<h4>Qingdao H&amp;F:s kundcentrerade arbetss\u00e4tt: S\u00e4kerst\u00e4lla kvalitet och punktlighet<\/h4>\n<p>Qingdao H&amp;F:s rykte om tillf\u00f6rlitlighet str\u00e4cker sig bortom kvaliteten p\u00e5 dess produkter och omfattar hela kundupplevelsen. Som ett B2B-handelsf\u00f6retag med tv\u00e5 decenniers erfarenhet f\u00f6rst\u00e5r Qingdao H&amp;F den kritiska vikten av leveranser i r\u00e4tt tid och kvalitetss\u00e4kring. Varje 4-tons bandslinga finns tillg\u00e4nglig med omfattande kvalitetsinspektionsrapporter, vilket ger transparens och f\u00f6rs\u00e4kran till k\u00f6pare. Dessa rapporter validerar att produkten har utsatts f\u00f6r str\u00e4nga tester, vilket bekr\u00e4ftar dess kapacitet, h\u00e5llbarhet och efterlevnad av s\u00e4kerhetsbest\u00e4mmelser.<\/p>\n<p>F\u00f6rutom produktkvalitet l\u00e4gger Qingdao H&amp;F stor vikt vid att leverera en optimal k\u00f6pupplevelse. F\u00f6retagets str\u00f6mlinjeformade logistik och lager-till-lager-service s\u00e4kerst\u00e4ller att k\u00f6parna kan f\u00e5 sina best\u00e4llningar med minimala v\u00e4ntetider, en viktig funktion f\u00f6r f\u00f6retag som arbetar med sn\u00e4va tidsscheman. Qingdao H&amp;F:s engagerade kundtj\u00e4nst tillf\u00f6r dessutom ett betydande merv\u00e4rde genom att hj\u00e4lpa kunderna att navigera i produktsortimentet och f\u00e5 insikter som \u00e4r skr\u00e4ddarsydda f\u00f6r deras lyftbehov.<\/p>","protected":false},"excerpt":{"rendered":"<p>4 Ton Webbing Sling \u00e4r utformad f\u00f6r att uppfylla de viktigaste kraven fr\u00e5n industriella ink\u00f6pare och kombinerar styrka och tillf\u00f6rlitlighet f\u00f6r tunga lyft. Denna bandsling garanterar s\u00e4kra och effektiva lyft f\u00f6r laster p\u00e5 upp till 4 ton och tillgodoser k\u00f6parens \u00f6nskem\u00e5l om h\u00e5llbarhet, materialkvalitet och efterlevnad av s\u00e4kerhetsstandarder. Som en p\u00e5litlig handelspartner med 20 \u00e5rs erfarenhet erbjuder Qingdao H&amp;F personlig kundsupport, en snabb leveranscykel och omfattande kvalitetsinspektionsrapporter f\u00f6r att s\u00e4kerst\u00e4lla produktintegritet. Detta serviceinriktade tillv\u00e4gag\u00e5ngss\u00e4tt tillf\u00f6r v\u00e4rde genom att fr\u00e4mja f\u00f6rtroende och tillf\u00f6rlitlighet i varje k\u00f6p.<\/p>","protected":false},"featured_media":8195,"comment_status":"open","ping_status":"closed","template":"","meta":{"site-sidebar-layout":"default","site-content-layout":"","ast-site-content-layout":"default","site-content-style":"default","site-sidebar-style":"default","ast-global-header-display":"","ast-banner-title-visibility":"","ast-main-header-display":"","ast-hfb-above-header-display":"","ast-hfb-below-header-display":"","ast-hfb-mobile-header-display":"","site-post-title":"","ast-breadcrumbs-content":"","ast-featured-img":"","footer-sml-layout":"","theme-transparent-header-meta":"default","adv-header-id-meta":"","stick-header-meta":"default","header-above-stick-meta":"","header-main-stick-meta":"","header-below-stick-meta":"","astra-migrate-meta-layouts":"set","ast-page-background-enabled":"default","ast-page-background-meta":{"desktop":{"background-color":"","background-image":"","background-repeat":"repeat","background-position":"center center","background-size":"auto","background-attachment":"scroll","background-type":"","background-media":"","overlay-type":"","overlay-color":"","overlay-opacity":"","overlay-gradient":""},"tablet":{"background-color":"","background-image":"","background-repeat":"repeat","background-position":"center center","background-size":"auto","background-attachment":"scroll","background-type":"","background-media":"","overlay-type":"","overlay-color":"","overlay-opacity":"","overlay-gradient":""},"mobile":{"background-color":"","background-image":"","background-repeat":"repeat","background-position":"center center","background-size":"auto","background-attachment":"scroll","background-type":"","background-media":"","overlay-type":"","overlay-color":"","overlay-opacity":"","overlay-gradient":""}},"ast-content-background-meta":{"desktop":{"background-color":"var(--ast-global-color-5)","background-image":"","background-repeat":"repeat","background-position":"center center","background-size":"auto","background-attachment":"scroll","background-type":"","background-media":"","overlay-type":"","overlay-color":"","overlay-opacity":"","overlay-gradient":""},"tablet":{"background-color":"var(--ast-global-color-5)","background-image":"","background-repeat":"repeat","background-position":"center center","background-size":"auto","background-attachment":"scroll","background-type":"","background-media":"","overlay-type":"","overlay-color":"","overlay-opacity":"","overlay-gradient":""},"mobile":{"background-color":"var(--ast-global-color-5)","background-image":"","background-repeat":"repeat","background-position":"center center","background-size":"auto","background-attachment":"scroll","background-type":"","background-media":"","overlay-type":"","overlay-color":"","overlay-opacity":"","overlay-gradient":""}}},"product_brand":[],"product_cat":[39],"product_tag":[],"class_list":{"0":"post-8283","1":"product","2":"type-product","3":"status-publish","4":"has-post-thumbnail","6":"product_cat-webbing-sling","7":"desktop-align-left","8":"tablet-align-left","9":"mobile-align-left","10":"ast-product-gallery-layout-horizontal-slider","11":"ast-product-gallery-with-no-image","12":"ast-product-tabs-layout-horizontal","14":"first","15":"instock","16":"shipping-taxable","17":"purchasable","18":"product-type-simple"},"yoast_head":"<!-- This site is optimized with the Yoast SEO plugin v25.2 - https:\/\/yoast.com\/wordpress\/plugins\/seo\/ -->\n<title>Flat Webbing Sling 4 Ton Polyester Double Duplex<\/title>\n<meta name=\"robots\" content=\"index, follow, max-snippet:-1, max-image-preview:large, max-video-preview:-1\" \/>\n<link rel=\"canonical\" href=\"https:\/\/qingdaohf.com\/sv\/produkt\/bandstropp-4-ton\/\" \/>\n<meta property=\"og:locale\" content=\"sv_SE\" \/>\n<meta property=\"og:type\" content=\"article\" \/>\n<meta property=\"og:title\" content=\"Flat Webbing Sling 4 Ton Polyester Double Duplex\" \/>\n<meta property=\"og:description\" content=\"4 Ton Webbing Sling is designed to meet the key demands of industrial buyers, combining strength and reliability for heavy-duty lifting operations. This webbing sling assures secure and efficient lifting for loads up to 4 tons, addressing buyer concerns such as durability, material quality, and compliance with safety standards. As a trusted trading partner with 20 years of experience, Qingdao H&amp;F provides one-on-one customer support, a fast delivery cycle, and comprehensive quality inspection reports to ensure product integrity. This service-oriented approach adds value by fostering confidence and reliability in every purchase.\" \/>\n<meta property=\"og:url\" content=\"https:\/\/qingdaohf.com\/sv\/produkt\/bandstropp-4-ton\/\" \/>\n<meta property=\"og:site_name\" content=\"Concrete Form &amp; Rigging Hardware Supplier\" \/>\n<meta property=\"article:publisher\" content=\"https:\/\/www.facebook.com\/qingdaohf\" \/>\n<meta property=\"article:modified_time\" content=\"2025-11-13T01:02:53+00:00\" \/>\n<meta property=\"og:image\" content=\"https:\/\/qingdaohf.com\/wp-content\/uploads\/2024\/10\/4ton-sling_1.webp\" \/>\n\t<meta property=\"og:image:width\" content=\"1000\" \/>\n\t<meta property=\"og:image:height\" content=\"1000\" \/>\n\t<meta property=\"og:image:type\" content=\"image\/webp\" \/>\n<meta name=\"twitter:card\" content=\"summary_large_image\" \/>\n<meta name=\"twitter:label1\" content=\"Ber\u00e4knad l\u00e4stid\" \/>\n\t<meta name=\"twitter:data1\" content=\"3 minuter\" \/>\n<script type=\"application\/ld+json\" class=\"yoast-schema-graph\">{\"@context\":\"https:\/\/schema.org\",\"@graph\":[{\"@type\":\"WebPage\",\"@id\":\"https:\/\/qingdaohf.com\/product\/webbing-sling-4-ton\/\",\"url\":\"https:\/\/qingdaohf.com\/product\/webbing-sling-4-ton\/\",\"name\":\"Flat Webbing Sling 4 Ton Polyester Double Duplex\",\"isPartOf\":{\"@id\":\"https:\/\/qingdaohf.com\/bg\/#website\"},\"primaryImageOfPage\":{\"@id\":\"https:\/\/qingdaohf.com\/product\/webbing-sling-4-ton\/#primaryimage\"},\"image\":{\"@id\":\"https:\/\/qingdaohf.com\/product\/webbing-sling-4-ton\/#primaryimage\"},\"thumbnailUrl\":\"https:\/\/qingdaohf.com\/wp-content\/uploads\/2024\/10\/4ton-sling_1.webp\",\"datePublished\":\"2024-11-05T09:52:39+00:00\",\"dateModified\":\"2025-11-13T01:02:53+00:00\",\"breadcrumb\":{\"@id\":\"https:\/\/qingdaohf.com\/product\/webbing-sling-4-ton\/#breadcrumb\"},\"inLanguage\":\"sv-SE\",\"potentialAction\":[{\"@type\":\"ReadAction\",\"target\":[\"https:\/\/qingdaohf.com\/product\/webbing-sling-4-ton\/\"]}]},{\"@type\":\"ImageObject\",\"inLanguage\":\"sv-SE\",\"@id\":\"https:\/\/qingdaohf.com\/product\/webbing-sling-4-ton\/#primaryimage\",\"url\":\"https:\/\/qingdaohf.com\/wp-content\/uploads\/2024\/10\/4ton-sling_1.webp\",\"contentUrl\":\"https:\/\/qingdaohf.com\/wp-content\/uploads\/2024\/10\/4ton-sling_1.webp\",\"width\":1000,\"height\":1000,\"caption\":\"Webbing Sling 4 Ton\"},{\"@type\":\"BreadcrumbList\",\"@id\":\"https:\/\/qingdaohf.com\/product\/webbing-sling-4-ton\/#breadcrumb\",\"itemListElement\":[{\"@type\":\"ListItem\",\"position\":1,\"name\":\"Home\",\"item\":\"https:\/\/qingdaohf.com\/\"},{\"@type\":\"ListItem\",\"position\":2,\"name\":\"Concrete Forming Accessories and Rigging Hardware\",\"item\":\"https:\/\/qingdaohf.com\/bg\/?page_id=944\"},{\"@type\":\"ListItem\",\"position\":3,\"name\":\"Flat Webbing Sling 4 Ton Polyester Double Duplex\"}]},{\"@type\":\"WebSite\",\"@id\":\"https:\/\/qingdaohf.com\/bg\/#website\",\"url\":\"https:\/\/qingdaohf.com\/bg\/\",\"name\":\"Concrete Form & Rigging Hardware Supplier\",\"description\":\"\",\"publisher\":{\"@id\":\"https:\/\/qingdaohf.com\/bg\/#organization\"},\"potentialAction\":[{\"@type\":\"SearchAction\",\"target\":{\"@type\":\"EntryPoint\",\"urlTemplate\":\"https:\/\/qingdaohf.com\/bg\/?s={search_term_string}\"},\"query-input\":{\"@type\":\"PropertyValueSpecification\",\"valueRequired\":true,\"valueName\":\"search_term_string\"}}],\"inLanguage\":\"sv-SE\"},{\"@type\":\"Organization\",\"@id\":\"https:\/\/qingdaohf.com\/bg\/#organization\",\"name\":\"Qingdao H&F\",\"url\":\"https:\/\/qingdaohf.com\/bg\/\",\"logo\":{\"@type\":\"ImageObject\",\"inLanguage\":\"sv-SE\",\"@id\":\"https:\/\/qingdaohf.com\/bg\/#\/schema\/logo\/image\/\",\"url\":\"https:\/\/qingdaohf.com\/wp-content\/uploads\/2022\/12\/cropped-HF-LOGO.png\",\"contentUrl\":\"https:\/\/qingdaohf.com\/wp-content\/uploads\/2022\/12\/cropped-HF-LOGO.png\",\"width\":391,\"height\":249,\"caption\":\"Qingdao H&F\"},\"image\":{\"@id\":\"https:\/\/qingdaohf.com\/bg\/#\/schema\/logo\/image\/\"},\"sameAs\":[\"https:\/\/www.facebook.com\/qingdaohf\"]}]}<\/script>\n<!-- \/ Yoast SEO plugin. -->","yoast_head_json":{"title":"Flat Webbing Sling 4 Ton Polyester Double Duplex","robots":{"index":"index","follow":"follow","max-snippet":"max-snippet:-1","max-image-preview":"max-image-preview:large","max-video-preview":"max-video-preview:-1"},"canonical":"https:\/\/qingdaohf.com\/sv\/produkt\/bandstropp-4-ton\/","og_locale":"sv_SE","og_type":"article","og_title":"Flat Webbing Sling 4 Ton Polyester Double Duplex","og_description":"4 Ton Webbing Sling is designed to meet the key demands of industrial buyers, combining strength and reliability for heavy-duty lifting operations. This webbing sling assures secure and efficient lifting for loads up to 4 tons, addressing buyer concerns such as durability, material quality, and compliance with safety standards. As a trusted trading partner with 20 years of experience, Qingdao H&amp;F provides one-on-one customer support, a fast delivery cycle, and comprehensive quality inspection reports to ensure product integrity. This service-oriented approach adds value by fostering confidence and reliability in every purchase.","og_url":"https:\/\/qingdaohf.com\/sv\/produkt\/bandstropp-4-ton\/","og_site_name":"Concrete Form &amp; Rigging Hardware Supplier","article_publisher":"https:\/\/www.facebook.com\/qingdaohf","article_modified_time":"2025-11-13T01:02:53+00:00","og_image":[{"width":1000,"height":1000,"url":"https:\/\/qingdaohf.com\/wp-content\/uploads\/2024\/10\/4ton-sling_1.webp","type":"image\/webp"}],"twitter_card":"summary_large_image","twitter_misc":{"Ber\u00e4knad l\u00e4stid":"3 minuter"},"schema":{"@context":"https:\/\/schema.org","@graph":[{"@type":"WebPage","@id":"https:\/\/qingdaohf.com\/product\/webbing-sling-4-ton\/","url":"https:\/\/qingdaohf.com\/product\/webbing-sling-4-ton\/","name":"Flat Webbing Sling 4 Ton Polyester Double Duplex","isPartOf":{"@id":"https:\/\/qingdaohf.com\/bg\/#website"},"primaryImageOfPage":{"@id":"https:\/\/qingdaohf.com\/product\/webbing-sling-4-ton\/#primaryimage"},"image":{"@id":"https:\/\/qingdaohf.com\/product\/webbing-sling-4-ton\/#primaryimage"},"thumbnailUrl":"https:\/\/qingdaohf.com\/wp-content\/uploads\/2024\/10\/4ton-sling_1.webp","datePublished":"2024-11-05T09:52:39+00:00","dateModified":"2025-11-13T01:02:53+00:00","breadcrumb":{"@id":"https:\/\/qingdaohf.com\/product\/webbing-sling-4-ton\/#breadcrumb"},"inLanguage":"sv-SE","potentialAction":[{"@type":"ReadAction","target":["https:\/\/qingdaohf.com\/product\/webbing-sling-4-ton\/"]}]},{"@type":"ImageObject","inLanguage":"sv-SE","@id":"https:\/\/qingdaohf.com\/product\/webbing-sling-4-ton\/#primaryimage","url":"https:\/\/qingdaohf.com\/wp-content\/uploads\/2024\/10\/4ton-sling_1.webp","contentUrl":"https:\/\/qingdaohf.com\/wp-content\/uploads\/2024\/10\/4ton-sling_1.webp","width":1000,"height":1000,"caption":"Webbing Sling 4 Ton"},{"@type":"BreadcrumbList","@id":"https:\/\/qingdaohf.com\/product\/webbing-sling-4-ton\/#breadcrumb","itemListElement":[{"@type":"ListItem","position":1,"name":"Home","item":"https:\/\/qingdaohf.com\/"},{"@type":"ListItem","position":2,"name":"Concrete Forming Accessories and Rigging Hardware","item":"https:\/\/qingdaohf.com\/bg\/?page_id=944"},{"@type":"ListItem","position":3,"name":"Flat Webbing Sling 4 Ton Polyester Double Duplex"}]},{"@type":"WebSite","@id":"https:\/\/qingdaohf.com\/bg\/#website","url":"https:\/\/qingdaohf.com\/bg\/","name":"Concrete Form & Rigging Hardware Supplier","description":"","publisher":{"@id":"https:\/\/qingdaohf.com\/bg\/#organization"},"potentialAction":[{"@type":"SearchAction","target":{"@type":"EntryPoint","urlTemplate":"https:\/\/qingdaohf.com\/bg\/?s={search_term_string}"},"query-input":{"@type":"PropertyValueSpecification","valueRequired":true,"valueName":"search_term_string"}}],"inLanguage":"sv-SE"},{"@type":"Organization","@id":"https:\/\/qingdaohf.com\/bg\/#organization","name":"Qingdao H&F","url":"https:\/\/qingdaohf.com\/bg\/","logo":{"@type":"ImageObject","inLanguage":"sv-SE","@id":"https:\/\/qingdaohf.com\/bg\/#\/schema\/logo\/image\/","url":"https:\/\/qingdaohf.com\/wp-content\/uploads\/2022\/12\/cropped-HF-LOGO.png","contentUrl":"https:\/\/qingdaohf.com\/wp-content\/uploads\/2022\/12\/cropped-HF-LOGO.png","width":391,"height":249,"caption":"Qingdao H&F"},"image":{"@id":"https:\/\/qingdaohf.com\/bg\/#\/schema\/logo\/image\/"},"sameAs":["https:\/\/www.facebook.com\/qingdaohf"]}]}},"_links":{"self":[{"href":"https:\/\/qingdaohf.com\/sv\/wp-json\/wp\/v2\/product\/8283","targetHints":{"allow":["GET"]}}],"collection":[{"href":"https:\/\/qingdaohf.com\/sv\/wp-json\/wp\/v2\/product"}],"about":[{"href":"https:\/\/qingdaohf.com\/sv\/wp-json\/wp\/v2\/types\/product"}],"replies":[{"embeddable":true,"href":"https:\/\/qingdaohf.com\/sv\/wp-json\/wp\/v2\/comments?post=8283"}],"version-history":[{"count":2,"href":"https:\/\/qingdaohf.com\/sv\/wp-json\/wp\/v2\/product\/8283\/revisions"}],"predecessor-version":[{"id":8337,"href":"https:\/\/qingdaohf.com\/sv\/wp-json\/wp\/v2\/product\/8283\/revisions\/8337"}],"wp:featuredmedia":[{"embeddable":true,"href":"https:\/\/qingdaohf.com\/sv\/wp-json\/wp\/v2\/media\/8195"}],"wp:attachment":[{"href":"https:\/\/qingdaohf.com\/sv\/wp-json\/wp\/v2\/media?parent=8283"}],"wp:term":[{"taxonomy":"product_brand","embeddable":true,"href":"https:\/\/qingdaohf.com\/sv\/wp-json\/wp\/v2\/product_brand?post=8283"},{"taxonomy":"product_cat","embeddable":true,"href":"https:\/\/qingdaohf.com\/sv\/wp-json\/wp\/v2\/product_cat?post=8283"},{"taxonomy":"product_tag","embeddable":true,"href":"https:\/\/qingdaohf.com\/sv\/wp-json\/wp\/v2\/product_tag?post=8283"}],"curies":[{"name":"wp","href":"https:\/\/api.w.org\/{rel}","templated":true}]}}