{"id":8285,"date":"2024-11-05T17:54:41","date_gmt":"2024-11-05T09:54:41","guid":{"rendered":"http:\/\/qingdaohf.com\/?post_type=product&#038;p=8285"},"modified":"2025-11-13T09:02:53","modified_gmt":"2025-11-13T01:02:53","slug":"webbing-sling-5-ton","status":"publish","type":"product","link":"https:\/\/qingdaohf.com\/sv\/produkt\/bandstropp-5-ton\/","title":{"rendered":"Flat Webbing Sling 5 Ton Polyester Dubbel Duplex"},"content":{"rendered":"<h4>Viktiga egenskaper hos en 5-tons v\u00e4vbandssele: H\u00e5llbarhet, s\u00e4kerhet och prestanda<\/h4>\n<p>5-Ton Webbing Sling fr\u00e5n Qingdao H&amp;F \u00e4r utformad f\u00f6r att hantera kr\u00e4vande lyftapplikationer d\u00e4r styrka och s\u00e4kerhet \u00e4r h\u00f6gsta prioritet. Denna lyftsele \u00e4r tillverkad av h\u00f6gkvalitativ polyester och ger exceptionell motst\u00e5ndskraft mot slitage, UV-str\u00e5lar och n\u00f6tning, vilket g\u00f6r den till en h\u00e5llbar l\u00f6sning f\u00f6r repetitiva tunga lyftuppgifter. Kapaciteten p\u00e5 5 ton ger flexibilitet f\u00f6r olika branscher, fr\u00e5n bygg och logistik till sj\u00f6fart och tillverkning, d\u00e4r tillf\u00f6rlitlighet \u00e4r avg\u00f6rande.<\/p>\n<p>K\u00f6pare som \u00e4r bekymrade \u00f6ver produktens h\u00e5llbarhet kommer att hitta f\u00f6rs\u00e4kran i Qingdao H&amp;Fs kvalitets\u00e5tagande. Varje 5-tons bandsling genomg\u00e5r noggranna kvalitetskontroller, med tillh\u00f6rande inspektionsrapporter tillg\u00e4ngliga f\u00f6r att verifiera att produkten uppfyller industristandarderna. Slingens konstruktion st\u00f6der lastens stabilitet och f\u00f6rhindrar f\u00f6rskjutning, vilket minskar sannolikheten f\u00f6r olyckor under lyftoperationer. Qingdao H&amp;F:s strategi f\u00f6r snabba leveranser och lyh\u00f6rd kundservice s\u00e4kerst\u00e4ller dessutom att k\u00f6parna f\u00e5r snabb hj\u00e4lp och kan skaffa tillf\u00f6rlitlig utrustning utan dr\u00f6jsm\u00e5l, vilket underl\u00e4ttar smidig drift och minimerar stillest\u00e5ndstiden.<\/p>\n<h4>Uppfyller industrins krav med robusta s\u00e4kerhetsfunktioner<\/h4>\n<p>S\u00e4kerhet \u00e4r en kritisk faktor vid val av lyftutrustning. Konstruktionen av Qingdao H&amp;F:s 5-tons bandstropp prioriterar s\u00e4kerhet genom materialval, konstruktion och lastf\u00f6rdelningsmekanismer. Genom att anv\u00e4nda en bred, flexibel bandstruktur sprider denna lyftsele vikten \u00f6ver en st\u00f6rre yta, vilket f\u00f6rhindrar tryckpunkter som kan skada b\u00e5de lasten och sj\u00e4lva lyftselen. Den h\u00e4r egenskapen f\u00f6rb\u00e4ttrar stabiliteten under lyft, minskar risken f\u00f6r pl\u00f6tsliga lastf\u00f6rskjutningar och s\u00e4kerst\u00e4ller ett kontrollerat och s\u00e4kert lyft.<\/p>\n<p>Qingdao H&amp;F:s 5-tons bandsling \u00e4r tillverkat f\u00f6r att uppfylla internationella lyftstandarder f\u00f6r industrier som kr\u00e4ver str\u00e4nga s\u00e4kerhetskrav. Detta s\u00e4kerst\u00e4ller att lyftselen klarar kr\u00e4vande f\u00f6rh\u00e5llanden, oavsett om den anv\u00e4nds p\u00e5 tuffa byggarbetsplatser, hektiska logistiknav eller industriella lager. Material- och konstruktionsvalen betonar h\u00e5llbarhet utan att g\u00f6ra avkall p\u00e5 enkel hantering, vilket g\u00f6r att operat\u00f6rerna kan arbeta med tillf\u00f6rsikt och effektivitet. Med s\u00e4kerheten i fokus \u00e4r den h\u00e4r bandslingan en p\u00e5litlig l\u00f6sning f\u00f6r lyftuppgifter med h\u00f6ga insatser.<\/p>\n<h4>Qingdao H&amp;F: Tillf\u00f6rlitlig service och kvalitetss\u00e4kring<\/h4>\n<p>Qingdao H&amp;F:s rykte som B2B-handelsf\u00f6retag bygger p\u00e5 20 \u00e5rs expertis n\u00e4r det g\u00e4ller att tillhandah\u00e5lla industriella lyftl\u00f6sningar som uppfyller f\u00f6retagens praktiska behov. Varje 5-tons bandsling levereras med detaljerade kvalitetsinspektionsrapporter, vilket belyser Qingdao H&amp;Fs engagemang f\u00f6r transparens och produktintegritet. Dessa rapporter g\u00f6r det m\u00f6jligt f\u00f6r k\u00f6pare att granska produktens testresultat, vilket s\u00e4kerst\u00e4ller \u00f6verensst\u00e4mmelse med s\u00e4kerhets- och prestandastandarder. Genom att tillhandah\u00e5lla verifierbar dokumentation ger Qingdao H&amp;F k\u00f6parna f\u00f6rtroende f\u00f6r sitt k\u00f6p, vilket \u00f6kar f\u00f6rtroendet och tillf\u00f6rlitligheten.<\/p>\n<p>F\u00f6rutom h\u00f6gkvalitativa produkter l\u00e4gger Qingdao H&amp;F stor vikt vid kundupplevelsen. Den personliga servicemodellen g\u00f6r det m\u00f6jligt f\u00f6r kunderna att arbeta direkt med kunniga representanter som f\u00f6rst\u00e5r deras unika krav och erbjuder skr\u00e4ddarsydda r\u00e5d om de b\u00e4sta alternativen f\u00f6r bandstroppar. Denna service, i kombination med en snabb och effektiv leveranscykel, visar Qingdao H&amp;F:s engagemang f\u00f6r att st\u00f6dja kunderna i varje steg av ink\u00f6psprocessen. K\u00f6parna f\u00e5r en str\u00f6mlinjeformad upplevelse som minimerar v\u00e4ntetiderna och maximerar tillg\u00e5ngen till viktig utrustning, vilket g\u00f6r att f\u00f6retagen kan uppr\u00e4tth\u00e5lla effektiviteten i verksamheten.<\/p>\n<p>Genom en kombination av h\u00f6gpresterande bandsling, noggranna kvalitetskontroller och uppm\u00e4rksam service f\u00f6rblir Qingdao H&amp;F en p\u00e5litlig leverant\u00f6r p\u00e5 marknaden f\u00f6r industriella lyft. Den 5 ton tunga bandslingan \u00e4r ett exempel p\u00e5 detta engagemang och erbjuder en robust och tillf\u00f6rlitlig l\u00f6sning som uppfyller de str\u00e4nga kraven i dagens industriella milj\u00f6er.<\/p>","protected":false},"excerpt":{"rendered":"<p>5-Ton Webbing Sling kombinerar h\u00f6g styrka och motst\u00e5ndskraft f\u00f6r att s\u00e4kert lyfta tunga laster, vilket tillgodoser k\u00f6parnas oro f\u00f6r h\u00e5llbarhet, s\u00e4kerhet och effektivitet. Tillverkad enligt rigor\u00f6sa standarder, hanterar denna bandstropp p\u00e5litligt upp till 5 ton samtidigt som den bibeh\u00e5ller flexibilitet f\u00f6r enkel anv\u00e4ndning. Som ett etablerat handelsf\u00f6retag med 20 \u00e5rs erfarenhet s\u00e4kerst\u00e4ller Qingdao H&amp;F att k\u00f6pare drar nytta av en-till-en-kundservice, en snabb leveranscykel och detaljerade kvalitetsinspektionsrapporter. Detta tillv\u00e4gag\u00e5ngss\u00e4tt betonar v\u00e5rt engagemang f\u00f6r kvalitet, snabb leverans och omfattande support, vilket ger en s\u00f6ml\u00f6s k\u00f6pupplevelse.<\/p>","protected":false},"featured_media":8191,"comment_status":"open","ping_status":"closed","template":"","meta":{"site-sidebar-layout":"default","site-content-layout":"","ast-site-content-layout":"default","site-content-style":"default","site-sidebar-style":"default","ast-global-header-display":"","ast-banner-title-visibility":"","ast-main-header-display":"","ast-hfb-above-header-display":"","ast-hfb-below-header-display":"","ast-hfb-mobile-header-display":"","site-post-title":"","ast-breadcrumbs-content":"","ast-featured-img":"","footer-sml-layout":"","theme-transparent-header-meta":"default","adv-header-id-meta":"","stick-header-meta":"default","header-above-stick-meta":"","header-main-stick-meta":"","header-below-stick-meta":"","astra-migrate-meta-layouts":"set","ast-page-background-enabled":"default","ast-page-background-meta":{"desktop":{"background-color":"","background-image":"","background-repeat":"repeat","background-position":"center center","background-size":"auto","background-attachment":"scroll","background-type":"","background-media":"","overlay-type":"","overlay-color":"","overlay-opacity":"","overlay-gradient":""},"tablet":{"background-color":"","background-image":"","background-repeat":"repeat","background-position":"center center","background-size":"auto","background-attachment":"scroll","background-type":"","background-media":"","overlay-type":"","overlay-color":"","overlay-opacity":"","overlay-gradient":""},"mobile":{"background-color":"","background-image":"","background-repeat":"repeat","background-position":"center center","background-size":"auto","background-attachment":"scroll","background-type":"","background-media":"","overlay-type":"","overlay-color":"","overlay-opacity":"","overlay-gradient":""}},"ast-content-background-meta":{"desktop":{"background-color":"var(--ast-global-color-5)","background-image":"","background-repeat":"repeat","background-position":"center center","background-size":"auto","background-attachment":"scroll","background-type":"","background-media":"","overlay-type":"","overlay-color":"","overlay-opacity":"","overlay-gradient":""},"tablet":{"background-color":"var(--ast-global-color-5)","background-image":"","background-repeat":"repeat","background-position":"center center","background-size":"auto","background-attachment":"scroll","background-type":"","background-media":"","overlay-type":"","overlay-color":"","overlay-opacity":"","overlay-gradient":""},"mobile":{"background-color":"var(--ast-global-color-5)","background-image":"","background-repeat":"repeat","background-position":"center center","background-size":"auto","background-attachment":"scroll","background-type":"","background-media":"","overlay-type":"","overlay-color":"","overlay-opacity":"","overlay-gradient":""}}},"product_brand":[],"product_cat":[39],"product_tag":[],"class_list":{"0":"post-8285","1":"product","2":"type-product","3":"status-publish","4":"has-post-thumbnail","6":"product_cat-webbing-sling","7":"desktop-align-left","8":"tablet-align-left","9":"mobile-align-left","10":"ast-product-gallery-layout-horizontal-slider","11":"ast-product-gallery-with-no-image","12":"ast-product-tabs-layout-horizontal","14":"first","15":"instock","16":"shipping-taxable","17":"purchasable","18":"product-type-simple"},"yoast_head":"<!-- This site is optimized with the Yoast SEO plugin v25.2 - https:\/\/yoast.com\/wordpress\/plugins\/seo\/ -->\n<title>Flat Webbing Sling 5 Ton Polyester Double Duplex<\/title>\n<meta name=\"robots\" content=\"index, follow, max-snippet:-1, max-image-preview:large, max-video-preview:-1\" \/>\n<link rel=\"canonical\" href=\"https:\/\/qingdaohf.com\/sv\/produkt\/bandstropp-5-ton\/\" \/>\n<meta property=\"og:locale\" content=\"sv_SE\" \/>\n<meta property=\"og:type\" content=\"article\" \/>\n<meta property=\"og:title\" content=\"Flat Webbing Sling 5 Ton Polyester Double Duplex\" \/>\n<meta property=\"og:description\" content=\"5-Ton Webbing Sling combines high strength and resilience to safely lift heavy loads, addressing buyers&#039; concerns about durability, safety, and efficiency. Manufactured to rigorous standards, this webbing sling reliably handles up to 5 tons while maintaining flexibility for ease of use. As an established trading company with 20 years of experience, Qingdao H&amp;F ensures that buyers benefit from one-on-one customer service, a fast delivery cycle, and detailed quality inspection reports. This approach emphasizes our commitment to quality, timely delivery, and comprehensive support, providing a seamless purchasing experience.\" \/>\n<meta property=\"og:url\" content=\"https:\/\/qingdaohf.com\/sv\/produkt\/bandstropp-5-ton\/\" \/>\n<meta property=\"og:site_name\" content=\"Concrete Form &amp; Rigging Hardware Supplier\" \/>\n<meta property=\"article:publisher\" content=\"https:\/\/www.facebook.com\/qingdaohf\" \/>\n<meta property=\"article:modified_time\" content=\"2025-11-13T01:02:53+00:00\" \/>\n<meta property=\"og:image\" content=\"https:\/\/qingdaohf.com\/wp-content\/uploads\/2024\/10\/Heavy-Duty-5-ton-webbing-sling_1.webp\" \/>\n\t<meta property=\"og:image:width\" content=\"1000\" \/>\n\t<meta property=\"og:image:height\" content=\"1000\" \/>\n\t<meta property=\"og:image:type\" content=\"image\/webp\" \/>\n<meta name=\"twitter:card\" content=\"summary_large_image\" \/>\n<meta name=\"twitter:label1\" content=\"Ber\u00e4knad l\u00e4stid\" \/>\n\t<meta name=\"twitter:data1\" content=\"3 minuter\" \/>\n<script type=\"application\/ld+json\" class=\"yoast-schema-graph\">{\"@context\":\"https:\/\/schema.org\",\"@graph\":[{\"@type\":\"WebPage\",\"@id\":\"https:\/\/qingdaohf.com\/product\/webbing-sling-5-ton\/\",\"url\":\"https:\/\/qingdaohf.com\/product\/webbing-sling-5-ton\/\",\"name\":\"Flat Webbing Sling 5 Ton Polyester Double Duplex\",\"isPartOf\":{\"@id\":\"https:\/\/qingdaohf.com\/bg\/#website\"},\"primaryImageOfPage\":{\"@id\":\"https:\/\/qingdaohf.com\/product\/webbing-sling-5-ton\/#primaryimage\"},\"image\":{\"@id\":\"https:\/\/qingdaohf.com\/product\/webbing-sling-5-ton\/#primaryimage\"},\"thumbnailUrl\":\"https:\/\/qingdaohf.com\/wp-content\/uploads\/2024\/10\/Heavy-Duty-5-ton-webbing-sling_1.webp\",\"datePublished\":\"2024-11-05T09:54:41+00:00\",\"dateModified\":\"2025-11-13T01:02:53+00:00\",\"breadcrumb\":{\"@id\":\"https:\/\/qingdaohf.com\/product\/webbing-sling-5-ton\/#breadcrumb\"},\"inLanguage\":\"sv-SE\",\"potentialAction\":[{\"@type\":\"ReadAction\",\"target\":[\"https:\/\/qingdaohf.com\/product\/webbing-sling-5-ton\/\"]}]},{\"@type\":\"ImageObject\",\"inLanguage\":\"sv-SE\",\"@id\":\"https:\/\/qingdaohf.com\/product\/webbing-sling-5-ton\/#primaryimage\",\"url\":\"https:\/\/qingdaohf.com\/wp-content\/uploads\/2024\/10\/Heavy-Duty-5-ton-webbing-sling_1.webp\",\"contentUrl\":\"https:\/\/qingdaohf.com\/wp-content\/uploads\/2024\/10\/Heavy-Duty-5-ton-webbing-sling_1.webp\",\"width\":1000,\"height\":1000,\"caption\":\"webbing sling 5 ton\"},{\"@type\":\"BreadcrumbList\",\"@id\":\"https:\/\/qingdaohf.com\/product\/webbing-sling-5-ton\/#breadcrumb\",\"itemListElement\":[{\"@type\":\"ListItem\",\"position\":1,\"name\":\"Home\",\"item\":\"https:\/\/qingdaohf.com\/\"},{\"@type\":\"ListItem\",\"position\":2,\"name\":\"Concrete Forming Accessories and Rigging Hardware\",\"item\":\"https:\/\/qingdaohf.com\/bg\/?page_id=944\"},{\"@type\":\"ListItem\",\"position\":3,\"name\":\"Flat Webbing Sling 5 Ton Polyester Double Duplex\"}]},{\"@type\":\"WebSite\",\"@id\":\"https:\/\/qingdaohf.com\/bg\/#website\",\"url\":\"https:\/\/qingdaohf.com\/bg\/\",\"name\":\"Concrete Form & Rigging Hardware Supplier\",\"description\":\"\",\"publisher\":{\"@id\":\"https:\/\/qingdaohf.com\/bg\/#organization\"},\"potentialAction\":[{\"@type\":\"SearchAction\",\"target\":{\"@type\":\"EntryPoint\",\"urlTemplate\":\"https:\/\/qingdaohf.com\/bg\/?s={search_term_string}\"},\"query-input\":{\"@type\":\"PropertyValueSpecification\",\"valueRequired\":true,\"valueName\":\"search_term_string\"}}],\"inLanguage\":\"sv-SE\"},{\"@type\":\"Organization\",\"@id\":\"https:\/\/qingdaohf.com\/bg\/#organization\",\"name\":\"Qingdao H&F\",\"url\":\"https:\/\/qingdaohf.com\/bg\/\",\"logo\":{\"@type\":\"ImageObject\",\"inLanguage\":\"sv-SE\",\"@id\":\"https:\/\/qingdaohf.com\/bg\/#\/schema\/logo\/image\/\",\"url\":\"https:\/\/qingdaohf.com\/wp-content\/uploads\/2022\/12\/cropped-HF-LOGO.png\",\"contentUrl\":\"https:\/\/qingdaohf.com\/wp-content\/uploads\/2022\/12\/cropped-HF-LOGO.png\",\"width\":391,\"height\":249,\"caption\":\"Qingdao H&F\"},\"image\":{\"@id\":\"https:\/\/qingdaohf.com\/bg\/#\/schema\/logo\/image\/\"},\"sameAs\":[\"https:\/\/www.facebook.com\/qingdaohf\"]}]}<\/script>\n<!-- \/ Yoast SEO plugin. -->","yoast_head_json":{"title":"Flat Webbing Sling 5 Ton Polyester Double Duplex","robots":{"index":"index","follow":"follow","max-snippet":"max-snippet:-1","max-image-preview":"max-image-preview:large","max-video-preview":"max-video-preview:-1"},"canonical":"https:\/\/qingdaohf.com\/sv\/produkt\/bandstropp-5-ton\/","og_locale":"sv_SE","og_type":"article","og_title":"Flat Webbing Sling 5 Ton Polyester Double Duplex","og_description":"5-Ton Webbing Sling combines high strength and resilience to safely lift heavy loads, addressing buyers' concerns about durability, safety, and efficiency. Manufactured to rigorous standards, this webbing sling reliably handles up to 5 tons while maintaining flexibility for ease of use. As an established trading company with 20 years of experience, Qingdao H&amp;F ensures that buyers benefit from one-on-one customer service, a fast delivery cycle, and detailed quality inspection reports. This approach emphasizes our commitment to quality, timely delivery, and comprehensive support, providing a seamless purchasing experience.","og_url":"https:\/\/qingdaohf.com\/sv\/produkt\/bandstropp-5-ton\/","og_site_name":"Concrete Form &amp; Rigging Hardware Supplier","article_publisher":"https:\/\/www.facebook.com\/qingdaohf","article_modified_time":"2025-11-13T01:02:53+00:00","og_image":[{"width":1000,"height":1000,"url":"https:\/\/qingdaohf.com\/wp-content\/uploads\/2024\/10\/Heavy-Duty-5-ton-webbing-sling_1.webp","type":"image\/webp"}],"twitter_card":"summary_large_image","twitter_misc":{"Ber\u00e4knad l\u00e4stid":"3 minuter"},"schema":{"@context":"https:\/\/schema.org","@graph":[{"@type":"WebPage","@id":"https:\/\/qingdaohf.com\/product\/webbing-sling-5-ton\/","url":"https:\/\/qingdaohf.com\/product\/webbing-sling-5-ton\/","name":"Flat Webbing Sling 5 Ton Polyester Double Duplex","isPartOf":{"@id":"https:\/\/qingdaohf.com\/bg\/#website"},"primaryImageOfPage":{"@id":"https:\/\/qingdaohf.com\/product\/webbing-sling-5-ton\/#primaryimage"},"image":{"@id":"https:\/\/qingdaohf.com\/product\/webbing-sling-5-ton\/#primaryimage"},"thumbnailUrl":"https:\/\/qingdaohf.com\/wp-content\/uploads\/2024\/10\/Heavy-Duty-5-ton-webbing-sling_1.webp","datePublished":"2024-11-05T09:54:41+00:00","dateModified":"2025-11-13T01:02:53+00:00","breadcrumb":{"@id":"https:\/\/qingdaohf.com\/product\/webbing-sling-5-ton\/#breadcrumb"},"inLanguage":"sv-SE","potentialAction":[{"@type":"ReadAction","target":["https:\/\/qingdaohf.com\/product\/webbing-sling-5-ton\/"]}]},{"@type":"ImageObject","inLanguage":"sv-SE","@id":"https:\/\/qingdaohf.com\/product\/webbing-sling-5-ton\/#primaryimage","url":"https:\/\/qingdaohf.com\/wp-content\/uploads\/2024\/10\/Heavy-Duty-5-ton-webbing-sling_1.webp","contentUrl":"https:\/\/qingdaohf.com\/wp-content\/uploads\/2024\/10\/Heavy-Duty-5-ton-webbing-sling_1.webp","width":1000,"height":1000,"caption":"webbing sling 5 ton"},{"@type":"BreadcrumbList","@id":"https:\/\/qingdaohf.com\/product\/webbing-sling-5-ton\/#breadcrumb","itemListElement":[{"@type":"ListItem","position":1,"name":"Home","item":"https:\/\/qingdaohf.com\/"},{"@type":"ListItem","position":2,"name":"Concrete Forming Accessories and Rigging Hardware","item":"https:\/\/qingdaohf.com\/bg\/?page_id=944"},{"@type":"ListItem","position":3,"name":"Flat Webbing Sling 5 Ton Polyester Double Duplex"}]},{"@type":"WebSite","@id":"https:\/\/qingdaohf.com\/bg\/#website","url":"https:\/\/qingdaohf.com\/bg\/","name":"Concrete Form & Rigging Hardware Supplier","description":"","publisher":{"@id":"https:\/\/qingdaohf.com\/bg\/#organization"},"potentialAction":[{"@type":"SearchAction","target":{"@type":"EntryPoint","urlTemplate":"https:\/\/qingdaohf.com\/bg\/?s={search_term_string}"},"query-input":{"@type":"PropertyValueSpecification","valueRequired":true,"valueName":"search_term_string"}}],"inLanguage":"sv-SE"},{"@type":"Organization","@id":"https:\/\/qingdaohf.com\/bg\/#organization","name":"Qingdao H&F","url":"https:\/\/qingdaohf.com\/bg\/","logo":{"@type":"ImageObject","inLanguage":"sv-SE","@id":"https:\/\/qingdaohf.com\/bg\/#\/schema\/logo\/image\/","url":"https:\/\/qingdaohf.com\/wp-content\/uploads\/2022\/12\/cropped-HF-LOGO.png","contentUrl":"https:\/\/qingdaohf.com\/wp-content\/uploads\/2022\/12\/cropped-HF-LOGO.png","width":391,"height":249,"caption":"Qingdao H&F"},"image":{"@id":"https:\/\/qingdaohf.com\/bg\/#\/schema\/logo\/image\/"},"sameAs":["https:\/\/www.facebook.com\/qingdaohf"]}]}},"_links":{"self":[{"href":"https:\/\/qingdaohf.com\/sv\/wp-json\/wp\/v2\/product\/8285","targetHints":{"allow":["GET"]}}],"collection":[{"href":"https:\/\/qingdaohf.com\/sv\/wp-json\/wp\/v2\/product"}],"about":[{"href":"https:\/\/qingdaohf.com\/sv\/wp-json\/wp\/v2\/types\/product"}],"replies":[{"embeddable":true,"href":"https:\/\/qingdaohf.com\/sv\/wp-json\/wp\/v2\/comments?post=8285"}],"version-history":[{"count":2,"href":"https:\/\/qingdaohf.com\/sv\/wp-json\/wp\/v2\/product\/8285\/revisions"}],"predecessor-version":[{"id":8336,"href":"https:\/\/qingdaohf.com\/sv\/wp-json\/wp\/v2\/product\/8285\/revisions\/8336"}],"wp:featuredmedia":[{"embeddable":true,"href":"https:\/\/qingdaohf.com\/sv\/wp-json\/wp\/v2\/media\/8191"}],"wp:attachment":[{"href":"https:\/\/qingdaohf.com\/sv\/wp-json\/wp\/v2\/media?parent=8285"}],"wp:term":[{"taxonomy":"product_brand","embeddable":true,"href":"https:\/\/qingdaohf.com\/sv\/wp-json\/wp\/v2\/product_brand?post=8285"},{"taxonomy":"product_cat","embeddable":true,"href":"https:\/\/qingdaohf.com\/sv\/wp-json\/wp\/v2\/product_cat?post=8285"},{"taxonomy":"product_tag","embeddable":true,"href":"https:\/\/qingdaohf.com\/sv\/wp-json\/wp\/v2\/product_tag?post=8285"}],"curies":[{"name":"wp","href":"https:\/\/api.w.org\/{rel}","templated":true}]}}