{"id":8287,"date":"2024-11-05T17:56:32","date_gmt":"2024-11-05T09:56:32","guid":{"rendered":"http:\/\/qingdaohf.com\/?post_type=product&#038;p=8287"},"modified":"2025-11-13T09:02:53","modified_gmt":"2025-11-13T01:02:53","slug":"webbing-sling-6-ton","status":"publish","type":"product","link":"https:\/\/qingdaohf.com\/sv\/produkt\/bandstropp-6-ton\/","title":{"rendered":"Flat Webbing Sling 6 Ton Polyester Dubbel Duplex"},"content":{"rendered":"<div class=\"flex max-w-full flex-col flex-grow\">\n<div class=\"min-h-8 text-message flex w-full flex-col items-end gap-2 whitespace-normal break-words [.text-message+&amp;]:mt-5\" dir=\"auto\" data-message-author-role=\"assistant\" data-message-id=\"c70e5c25-1016-4fd4-95f4-df6f87317104\" data-message-model-slug=\"gpt-4o\">\n<div class=\"flex w-full flex-col gap-1 empty:hidden first:pt-[3px]\">\n<div class=\"markdown prose w-full break-words dark:prose-invert light\">\n<h4>Exceptionell lastb\u00e4rande kapacitet och konstruktion av 6-tons lyftsele med v\u00e4vband<\/h4>\n<p>Qingdao H&amp;F 6-Ton Webbing Sling \u00e4r konstruerad f\u00f6r applikationer d\u00e4r styrka, stabilitet och h\u00e5llbarhet \u00e4r avg\u00f6rande. Denna bandstropp \u00e4r tillverkad av h\u00f6gh\u00e5llfast polyester och ger exceptionell b\u00e4rf\u00f6rm\u00e5ga samtidigt som den st\u00e5r emot milj\u00f6utmaningar som UV-exponering, n\u00f6tning och vanligt slitage. Dess kapacitet p\u00e5 6 ton g\u00f6r den l\u00e4mplig f\u00f6r en rad kr\u00e4vande branscher, inklusive bygg, logistik och industriell tillverkning, d\u00e4r tillf\u00f6rlitlig lyftutrustning \u00e4r en n\u00f6dv\u00e4ndighet.<\/p>\n<p>Qingdao H&amp;F s\u00e4kerst\u00e4ller att varje 6-tons bandstropp uppfyller str\u00e4nga kvalitetskrav. Slinget genomg\u00e5r rigor\u00f6sa tester och levereras med en kvalitetsinspektionsrapport, vilket ger k\u00f6parna f\u00f6rtroende f\u00f6r att den uppfyller internationella s\u00e4kerhetsstandarder. F\u00f6r industrier d\u00e4r tillf\u00f6rlitlighet inte \u00e4r f\u00f6rhandlingsbar, etablerar kvalitetss\u00e4kringen fr\u00e5n Qingdao H&amp;F denna sling som ett p\u00e5litligt val. Qingdao H&amp;F:s snabba leveranscykel g\u00f6r det dessutom m\u00f6jligt f\u00f6r f\u00f6retag att s\u00e4kra viktig utrustning i tid, vilket minskar stillest\u00e5ndstiden och s\u00e4kerst\u00e4ller en effektiv verksamhet.<\/p>\n<h4>S\u00e4kerhetsstandarder och laststabilitet i lyftapplikationer<\/h4>\n<p>S\u00e4kerhet \u00e4r av yttersta vikt vid lyftoperationer och designen av Qingdao H&amp;F 6-tons bandsling betonar b\u00e5de lasts\u00e4kerhet och driftsstabilitet. Slinget \u00e4r tillverkat av ett brett bandtyg och f\u00f6rdelar vikten effektivt, vilket minskar belastningen p\u00e5 lasten och minimerar risken f\u00f6r skador. Denna konstruktionsegenskap \u00e4r avg\u00f6rande f\u00f6r att s\u00e4kerst\u00e4lla smidiga och s\u00e4kra lyft, s\u00e4rskilt vid hantering av \u00f6mt\u00e5liga eller skrymmande f\u00f6rem\u00e5l. Qingdao H&amp;Fs engagemang f\u00f6r s\u00e4kerhet visar sig ocks\u00e5 i de material som anv\u00e4nds, d\u00e4r varje sling \u00e4r tillverkat f\u00f6r att uppfylla eller \u00f6vertr\u00e4ffa industriella s\u00e4kerhetsstandarder, vilket bidrar till en s\u00e4ker arbetsmilj\u00f6.<\/p>\n<p>I applikationer som kr\u00e4ver att strikta s\u00e4kerhetsprotokoll f\u00f6ljs, t.ex. inom bygg och logistik, ger 6-tons bandstroppen stabilitet och kontroll, vilket \u00f6kar operat\u00f6rens f\u00f6rtroende. Qingdao H&amp;Fs engagemang f\u00f6r s\u00e4kerhet \u00f6verensst\u00e4mmer med branschkraven, och varje bandstropp testas f\u00f6r att bekr\u00e4fta dess kapacitet och prestanda. Med f\u00f6rs\u00e4kran om s\u00e4kerhets\u00f6verensst\u00e4mmelse kan k\u00f6pare f\u00f6rlita sig p\u00e5 produktens f\u00f6rm\u00e5ga att hantera tunga laster utan att kompromissa med tillf\u00f6rlitligheten. De kvalitetskontroll\u00e5tg\u00e4rder som Qingdao H&amp;F har genomf\u00f6rt bekr\u00e4ftar ytterligare dess l\u00e4mplighet f\u00f6r kritiska lyftuppgifter.<\/p>\n<h4>Qingdao H&amp;F: En p\u00e5litlig partner inom lyftl\u00f6sningar f\u00f6r B2B<\/h4>\n<p>Som ett B2B-handelsf\u00f6retag med \u00f6ver tv\u00e5 decenniers erfarenhet f\u00f6rst\u00e5r Qingdao H&amp;F vikten av p\u00e5litliga, h\u00f6gkvalitativa lyftl\u00f6sningar f\u00f6r f\u00f6retag i olika branscher. Den 6 ton tunga bandslingan \u00e5tf\u00f6ljs av detaljerade inspektionsrapporter, s\u00e5 att k\u00f6pare kan verifiera produktkvalitet och efterlevnad. Dessa rapporter understryker Qingdao H&amp;Fs engagemang f\u00f6r transparens, vilket ger kunderna sinnesfrid att varje sling har testats noggrant och \u00e4r redo att fungera under verkliga f\u00f6rh\u00e5llanden.<\/p>\n<p>Ut\u00f6ver produktkvaliteten betonar Qingdao H&amp;F ett kundcentrerat tillv\u00e4gag\u00e5ngss\u00e4tt med personlig service, personliga rekommendationer och snabb support. Denna kundfokuserade servicemodell f\u00f6rst\u00e4rks av en snabb och tillf\u00f6rlitlig leveranscykel som g\u00f6r det m\u00f6jligt f\u00f6r f\u00f6retag att f\u00e5 tillg\u00e5ng till den utrustning de beh\u00f6ver utan on\u00f6diga f\u00f6rseningar. Med leverans fr\u00e5n lager till lager effektiviserar Qingdao H&amp;F upphandlingsprocessen och ser till att k\u00f6parna f\u00e5r sina produkter snabbt och effektivt.<\/p>\n<p>Den 6 ton tunga bandslingan fr\u00e5n Qingdao H&amp;F representerar f\u00f6retagets engagemang f\u00f6r kvalitet, s\u00e4kerhet och service. Denna produkt ger k\u00f6parna en lyftl\u00f6sning som uppfyller de h\u00f6ga kraven i dagens industriella milj\u00f6er och erbjuder ett p\u00e5litligt alternativ f\u00f6r tunga applikationer. Qingdao H&amp;F:s engagemang f\u00f6r b\u00e5de kvalitet och kundn\u00f6jdhet f\u00f6rst\u00e4rker f\u00f6retagets position som en p\u00e5litlig partner inom industriella lyftl\u00f6sningar.<\/p>\n<\/div>\n<\/div>\n<\/div>\n<\/div>","protected":false},"excerpt":{"rendered":"<p>6-Ton Webbing Sling erbjuder \u00f6verl\u00e4gsen styrka och h\u00e5llbarhet och tillgodoser behoven hos industrier som kr\u00e4ver s\u00e4kra, tunga lyftl\u00f6sningar. Denna bandsling \u00e4r utformad f\u00f6r att uppfylla de h\u00f6gsta standarderna och hanterar laster upp till 6 ton med konsekvent tillf\u00f6rlitlighet. Qingdao H&amp;F f\u00f6rst\u00e5r k\u00f6parnas oro f\u00f6r produktens livsl\u00e4ngd, s\u00e4kerhet och efterlevnad, och som ett B2B-handelsf\u00f6retag med 20 \u00e5rs erfarenhet erbjuder vi en-till-en-kundservice, en snabb leveranscykel och detaljerade kvalitetsinspektionsrapporter. Detta \u00e5tagande s\u00e4kerst\u00e4ller att kunderna f\u00e5r p\u00e5litliga produkter med grundlig support och transparent kvalitetss\u00e4kring.<\/p>","protected":false},"featured_media":8194,"comment_status":"open","ping_status":"closed","template":"","meta":{"site-sidebar-layout":"default","site-content-layout":"","ast-site-content-layout":"default","site-content-style":"default","site-sidebar-style":"default","ast-global-header-display":"","ast-banner-title-visibility":"","ast-main-header-display":"","ast-hfb-above-header-display":"","ast-hfb-below-header-display":"","ast-hfb-mobile-header-display":"","site-post-title":"","ast-breadcrumbs-content":"","ast-featured-img":"","footer-sml-layout":"","theme-transparent-header-meta":"default","adv-header-id-meta":"","stick-header-meta":"default","header-above-stick-meta":"","header-main-stick-meta":"","header-below-stick-meta":"","astra-migrate-meta-layouts":"set","ast-page-background-enabled":"default","ast-page-background-meta":{"desktop":{"background-color":"","background-image":"","background-repeat":"repeat","background-position":"center center","background-size":"auto","background-attachment":"scroll","background-type":"","background-media":"","overlay-type":"","overlay-color":"","overlay-opacity":"","overlay-gradient":""},"tablet":{"background-color":"","background-image":"","background-repeat":"repeat","background-position":"center center","background-size":"auto","background-attachment":"scroll","background-type":"","background-media":"","overlay-type":"","overlay-color":"","overlay-opacity":"","overlay-gradient":""},"mobile":{"background-color":"","background-image":"","background-repeat":"repeat","background-position":"center center","background-size":"auto","background-attachment":"scroll","background-type":"","background-media":"","overlay-type":"","overlay-color":"","overlay-opacity":"","overlay-gradient":""}},"ast-content-background-meta":{"desktop":{"background-color":"var(--ast-global-color-5)","background-image":"","background-repeat":"repeat","background-position":"center center","background-size":"auto","background-attachment":"scroll","background-type":"","background-media":"","overlay-type":"","overlay-color":"","overlay-opacity":"","overlay-gradient":""},"tablet":{"background-color":"var(--ast-global-color-5)","background-image":"","background-repeat":"repeat","background-position":"center center","background-size":"auto","background-attachment":"scroll","background-type":"","background-media":"","overlay-type":"","overlay-color":"","overlay-opacity":"","overlay-gradient":""},"mobile":{"background-color":"var(--ast-global-color-5)","background-image":"","background-repeat":"repeat","background-position":"center center","background-size":"auto","background-attachment":"scroll","background-type":"","background-media":"","overlay-type":"","overlay-color":"","overlay-opacity":"","overlay-gradient":""}}},"product_brand":[],"product_cat":[39],"product_tag":[],"class_list":{"0":"post-8287","1":"product","2":"type-product","3":"status-publish","4":"has-post-thumbnail","6":"product_cat-webbing-sling","7":"desktop-align-left","8":"tablet-align-left","9":"mobile-align-left","10":"ast-product-gallery-layout-horizontal-slider","11":"ast-product-gallery-with-no-image","12":"ast-product-tabs-layout-horizontal","14":"first","15":"instock","16":"shipping-taxable","17":"purchasable","18":"product-type-simple"},"yoast_head":"<!-- This site is optimized with the Yoast SEO plugin v25.2 - https:\/\/yoast.com\/wordpress\/plugins\/seo\/ -->\n<title>Flat Webbing Sling 6 Ton Polyester Double Duplex<\/title>\n<meta name=\"robots\" content=\"index, follow, max-snippet:-1, max-image-preview:large, max-video-preview:-1\" \/>\n<link rel=\"canonical\" href=\"https:\/\/qingdaohf.com\/sv\/produkt\/bandstropp-6-ton\/\" \/>\n<meta property=\"og:locale\" content=\"sv_SE\" \/>\n<meta property=\"og:type\" content=\"article\" \/>\n<meta property=\"og:title\" content=\"Flat Webbing Sling 6 Ton Polyester Double Duplex\" \/>\n<meta property=\"og:description\" content=\"6-Ton Webbing Sling offers superior strength and durability, catering to the needs of industries requiring secure, heavy-duty lifting solutions. Designed to meet the highest standards, this webbing sling handles loads up to 6 tons with consistent reliability. Qingdao H&amp;F understands buyers\u2019 concerns about product longevity, safety, and compliance, and as a B2B trading company with 20 years of experience, we offer one-on-one customer service, a fast delivery cycle, and detailed quality inspection reports. This commitment ensures clients receive dependable products with thorough support and transparent quality assurance.\" \/>\n<meta property=\"og:url\" content=\"https:\/\/qingdaohf.com\/sv\/produkt\/bandstropp-6-ton\/\" \/>\n<meta property=\"og:site_name\" content=\"Concrete Form &amp; Rigging Hardware Supplier\" \/>\n<meta property=\"article:publisher\" content=\"https:\/\/www.facebook.com\/qingdaohf\" \/>\n<meta property=\"article:modified_time\" content=\"2025-11-13T01:02:53+00:00\" \/>\n<meta property=\"og:image\" content=\"https:\/\/qingdaohf.com\/wp-content\/uploads\/2024\/10\/6-ton-webbing-sling_1.webp\" \/>\n\t<meta property=\"og:image:width\" content=\"1000\" \/>\n\t<meta property=\"og:image:height\" content=\"1000\" \/>\n\t<meta property=\"og:image:type\" content=\"image\/webp\" \/>\n<meta name=\"twitter:card\" content=\"summary_large_image\" \/>\n<meta name=\"twitter:label1\" content=\"Ber\u00e4knad l\u00e4stid\" \/>\n\t<meta name=\"twitter:data1\" content=\"3 minuter\" \/>\n<script type=\"application\/ld+json\" class=\"yoast-schema-graph\">{\"@context\":\"https:\/\/schema.org\",\"@graph\":[{\"@type\":\"WebPage\",\"@id\":\"https:\/\/qingdaohf.com\/product\/webbing-sling-6-ton\/\",\"url\":\"https:\/\/qingdaohf.com\/product\/webbing-sling-6-ton\/\",\"name\":\"Flat Webbing Sling 6 Ton Polyester Double Duplex\",\"isPartOf\":{\"@id\":\"https:\/\/qingdaohf.com\/bg\/#website\"},\"primaryImageOfPage\":{\"@id\":\"https:\/\/qingdaohf.com\/product\/webbing-sling-6-ton\/#primaryimage\"},\"image\":{\"@id\":\"https:\/\/qingdaohf.com\/product\/webbing-sling-6-ton\/#primaryimage\"},\"thumbnailUrl\":\"https:\/\/qingdaohf.com\/wp-content\/uploads\/2024\/10\/6-ton-webbing-sling_1.webp\",\"datePublished\":\"2024-11-05T09:56:32+00:00\",\"dateModified\":\"2025-11-13T01:02:53+00:00\",\"breadcrumb\":{\"@id\":\"https:\/\/qingdaohf.com\/product\/webbing-sling-6-ton\/#breadcrumb\"},\"inLanguage\":\"sv-SE\",\"potentialAction\":[{\"@type\":\"ReadAction\",\"target\":[\"https:\/\/qingdaohf.com\/product\/webbing-sling-6-ton\/\"]}]},{\"@type\":\"ImageObject\",\"inLanguage\":\"sv-SE\",\"@id\":\"https:\/\/qingdaohf.com\/product\/webbing-sling-6-ton\/#primaryimage\",\"url\":\"https:\/\/qingdaohf.com\/wp-content\/uploads\/2024\/10\/6-ton-webbing-sling_1.webp\",\"contentUrl\":\"https:\/\/qingdaohf.com\/wp-content\/uploads\/2024\/10\/6-ton-webbing-sling_1.webp\",\"width\":1000,\"height\":1000,\"caption\":\"6 ton webbing sling\"},{\"@type\":\"BreadcrumbList\",\"@id\":\"https:\/\/qingdaohf.com\/product\/webbing-sling-6-ton\/#breadcrumb\",\"itemListElement\":[{\"@type\":\"ListItem\",\"position\":1,\"name\":\"Home\",\"item\":\"https:\/\/qingdaohf.com\/\"},{\"@type\":\"ListItem\",\"position\":2,\"name\":\"Concrete Forming Accessories and Rigging Hardware\",\"item\":\"https:\/\/qingdaohf.com\/bg\/?page_id=944\"},{\"@type\":\"ListItem\",\"position\":3,\"name\":\"Flat Webbing Sling 6 Ton Polyester Double Duplex\"}]},{\"@type\":\"WebSite\",\"@id\":\"https:\/\/qingdaohf.com\/bg\/#website\",\"url\":\"https:\/\/qingdaohf.com\/bg\/\",\"name\":\"Concrete Form & Rigging Hardware Supplier\",\"description\":\"\",\"publisher\":{\"@id\":\"https:\/\/qingdaohf.com\/bg\/#organization\"},\"potentialAction\":[{\"@type\":\"SearchAction\",\"target\":{\"@type\":\"EntryPoint\",\"urlTemplate\":\"https:\/\/qingdaohf.com\/bg\/?s={search_term_string}\"},\"query-input\":{\"@type\":\"PropertyValueSpecification\",\"valueRequired\":true,\"valueName\":\"search_term_string\"}}],\"inLanguage\":\"sv-SE\"},{\"@type\":\"Organization\",\"@id\":\"https:\/\/qingdaohf.com\/bg\/#organization\",\"name\":\"Qingdao H&F\",\"url\":\"https:\/\/qingdaohf.com\/bg\/\",\"logo\":{\"@type\":\"ImageObject\",\"inLanguage\":\"sv-SE\",\"@id\":\"https:\/\/qingdaohf.com\/bg\/#\/schema\/logo\/image\/\",\"url\":\"https:\/\/qingdaohf.com\/wp-content\/uploads\/2022\/12\/cropped-HF-LOGO.png\",\"contentUrl\":\"https:\/\/qingdaohf.com\/wp-content\/uploads\/2022\/12\/cropped-HF-LOGO.png\",\"width\":391,\"height\":249,\"caption\":\"Qingdao H&F\"},\"image\":{\"@id\":\"https:\/\/qingdaohf.com\/bg\/#\/schema\/logo\/image\/\"},\"sameAs\":[\"https:\/\/www.facebook.com\/qingdaohf\"]}]}<\/script>\n<!-- \/ Yoast SEO plugin. -->","yoast_head_json":{"title":"Flat Webbing Sling 6 Ton Polyester Double Duplex","robots":{"index":"index","follow":"follow","max-snippet":"max-snippet:-1","max-image-preview":"max-image-preview:large","max-video-preview":"max-video-preview:-1"},"canonical":"https:\/\/qingdaohf.com\/sv\/produkt\/bandstropp-6-ton\/","og_locale":"sv_SE","og_type":"article","og_title":"Flat Webbing Sling 6 Ton Polyester Double Duplex","og_description":"6-Ton Webbing Sling offers superior strength and durability, catering to the needs of industries requiring secure, heavy-duty lifting solutions. Designed to meet the highest standards, this webbing sling handles loads up to 6 tons with consistent reliability. Qingdao H&amp;F understands buyers\u2019 concerns about product longevity, safety, and compliance, and as a B2B trading company with 20 years of experience, we offer one-on-one customer service, a fast delivery cycle, and detailed quality inspection reports. This commitment ensures clients receive dependable products with thorough support and transparent quality assurance.","og_url":"https:\/\/qingdaohf.com\/sv\/produkt\/bandstropp-6-ton\/","og_site_name":"Concrete Form &amp; Rigging Hardware Supplier","article_publisher":"https:\/\/www.facebook.com\/qingdaohf","article_modified_time":"2025-11-13T01:02:53+00:00","og_image":[{"width":1000,"height":1000,"url":"https:\/\/qingdaohf.com\/wp-content\/uploads\/2024\/10\/6-ton-webbing-sling_1.webp","type":"image\/webp"}],"twitter_card":"summary_large_image","twitter_misc":{"Ber\u00e4knad l\u00e4stid":"3 minuter"},"schema":{"@context":"https:\/\/schema.org","@graph":[{"@type":"WebPage","@id":"https:\/\/qingdaohf.com\/product\/webbing-sling-6-ton\/","url":"https:\/\/qingdaohf.com\/product\/webbing-sling-6-ton\/","name":"Flat Webbing Sling 6 Ton Polyester Double Duplex","isPartOf":{"@id":"https:\/\/qingdaohf.com\/bg\/#website"},"primaryImageOfPage":{"@id":"https:\/\/qingdaohf.com\/product\/webbing-sling-6-ton\/#primaryimage"},"image":{"@id":"https:\/\/qingdaohf.com\/product\/webbing-sling-6-ton\/#primaryimage"},"thumbnailUrl":"https:\/\/qingdaohf.com\/wp-content\/uploads\/2024\/10\/6-ton-webbing-sling_1.webp","datePublished":"2024-11-05T09:56:32+00:00","dateModified":"2025-11-13T01:02:53+00:00","breadcrumb":{"@id":"https:\/\/qingdaohf.com\/product\/webbing-sling-6-ton\/#breadcrumb"},"inLanguage":"sv-SE","potentialAction":[{"@type":"ReadAction","target":["https:\/\/qingdaohf.com\/product\/webbing-sling-6-ton\/"]}]},{"@type":"ImageObject","inLanguage":"sv-SE","@id":"https:\/\/qingdaohf.com\/product\/webbing-sling-6-ton\/#primaryimage","url":"https:\/\/qingdaohf.com\/wp-content\/uploads\/2024\/10\/6-ton-webbing-sling_1.webp","contentUrl":"https:\/\/qingdaohf.com\/wp-content\/uploads\/2024\/10\/6-ton-webbing-sling_1.webp","width":1000,"height":1000,"caption":"6 ton webbing sling"},{"@type":"BreadcrumbList","@id":"https:\/\/qingdaohf.com\/product\/webbing-sling-6-ton\/#breadcrumb","itemListElement":[{"@type":"ListItem","position":1,"name":"Home","item":"https:\/\/qingdaohf.com\/"},{"@type":"ListItem","position":2,"name":"Concrete Forming Accessories and Rigging Hardware","item":"https:\/\/qingdaohf.com\/bg\/?page_id=944"},{"@type":"ListItem","position":3,"name":"Flat Webbing Sling 6 Ton Polyester Double Duplex"}]},{"@type":"WebSite","@id":"https:\/\/qingdaohf.com\/bg\/#website","url":"https:\/\/qingdaohf.com\/bg\/","name":"Concrete Form & Rigging Hardware Supplier","description":"","publisher":{"@id":"https:\/\/qingdaohf.com\/bg\/#organization"},"potentialAction":[{"@type":"SearchAction","target":{"@type":"EntryPoint","urlTemplate":"https:\/\/qingdaohf.com\/bg\/?s={search_term_string}"},"query-input":{"@type":"PropertyValueSpecification","valueRequired":true,"valueName":"search_term_string"}}],"inLanguage":"sv-SE"},{"@type":"Organization","@id":"https:\/\/qingdaohf.com\/bg\/#organization","name":"Qingdao H&F","url":"https:\/\/qingdaohf.com\/bg\/","logo":{"@type":"ImageObject","inLanguage":"sv-SE","@id":"https:\/\/qingdaohf.com\/bg\/#\/schema\/logo\/image\/","url":"https:\/\/qingdaohf.com\/wp-content\/uploads\/2022\/12\/cropped-HF-LOGO.png","contentUrl":"https:\/\/qingdaohf.com\/wp-content\/uploads\/2022\/12\/cropped-HF-LOGO.png","width":391,"height":249,"caption":"Qingdao H&F"},"image":{"@id":"https:\/\/qingdaohf.com\/bg\/#\/schema\/logo\/image\/"},"sameAs":["https:\/\/www.facebook.com\/qingdaohf"]}]}},"_links":{"self":[{"href":"https:\/\/qingdaohf.com\/sv\/wp-json\/wp\/v2\/product\/8287","targetHints":{"allow":["GET"]}}],"collection":[{"href":"https:\/\/qingdaohf.com\/sv\/wp-json\/wp\/v2\/product"}],"about":[{"href":"https:\/\/qingdaohf.com\/sv\/wp-json\/wp\/v2\/types\/product"}],"replies":[{"embeddable":true,"href":"https:\/\/qingdaohf.com\/sv\/wp-json\/wp\/v2\/comments?post=8287"}],"version-history":[{"count":2,"href":"https:\/\/qingdaohf.com\/sv\/wp-json\/wp\/v2\/product\/8287\/revisions"}],"predecessor-version":[{"id":8335,"href":"https:\/\/qingdaohf.com\/sv\/wp-json\/wp\/v2\/product\/8287\/revisions\/8335"}],"wp:featuredmedia":[{"embeddable":true,"href":"https:\/\/qingdaohf.com\/sv\/wp-json\/wp\/v2\/media\/8194"}],"wp:attachment":[{"href":"https:\/\/qingdaohf.com\/sv\/wp-json\/wp\/v2\/media?parent=8287"}],"wp:term":[{"taxonomy":"product_brand","embeddable":true,"href":"https:\/\/qingdaohf.com\/sv\/wp-json\/wp\/v2\/product_brand?post=8287"},{"taxonomy":"product_cat","embeddable":true,"href":"https:\/\/qingdaohf.com\/sv\/wp-json\/wp\/v2\/product_cat?post=8287"},{"taxonomy":"product_tag","embeddable":true,"href":"https:\/\/qingdaohf.com\/sv\/wp-json\/wp\/v2\/product_tag?post=8287"}],"curies":[{"name":"wp","href":"https:\/\/api.w.org\/{rel}","templated":true}]}}