{"id":8289,"date":"2024-11-05T17:58:14","date_gmt":"2024-11-05T09:58:14","guid":{"rendered":"http:\/\/qingdaohf.com\/?post_type=product&#038;p=8289"},"modified":"2025-11-13T09:02:52","modified_gmt":"2025-11-13T01:02:52","slug":"webbing-sling-8-ton","status":"publish","type":"product","link":"https:\/\/qingdaohf.com\/sv\/produkt\/bandstropp-8-ton\/","title":{"rendered":"Flat Webbing Sling 8 Ton Polyester Dubbel Duplex"},"content":{"rendered":"<h4>Styrka och h\u00e5llbarhet: Viktiga egenskaper hos 8-Ton Webbing Sling<\/h4>\n<p>Qingdao H&amp;F 8-Ton Webbing Sling \u00e4r konstruerad f\u00f6r industrier d\u00e4r s\u00e4kra och tillf\u00f6rlitliga lyftl\u00f6sningar \u00e4r avg\u00f6rande. Slinget \u00e4r tillverkat av h\u00f6gkvalitativ polyester och har en robust styrka som g\u00f6r att det kan hantera laster p\u00e5 upp till 8 ton utan att kompromissa med prestandan. Den slitstarka konstruktionen s\u00e4kerst\u00e4ller en l\u00e5ng livsl\u00e4ngd, \u00e4ven vid frekvent anv\u00e4ndning i utmanande milj\u00f6er, vilket g\u00f6r den till ett v\u00e4rdefullt verktyg f\u00f6r branscher som bygg, logistik och tillverkning.<\/p>\n<p>Varje 8-tons sling genomg\u00e5r noggranna kvalitetstester f\u00f6r att bekr\u00e4fta dess b\u00e4rf\u00f6rm\u00e5ga och \u00f6verensst\u00e4mmelse med s\u00e4kerhetsbest\u00e4mmelserna. Qingdao H&amp;F tillhandah\u00e5ller detaljerade kvalitetsinspektionsrapporter, vilket g\u00f6r det m\u00f6jligt f\u00f6r k\u00f6pare att granska produktens s\u00e4kerhets- och prestandadata. Qingdao H&amp;F har ett rykte om sig att vara p\u00e5litliga och transparenta och \u00e4r dedikerade till att leverera utrustning som st\u00f6der kraven i dagens industriella verksamhet. Den snabba leveranscykeln vi erbjuder s\u00e4kerst\u00e4ller att k\u00f6pare snabbt kan f\u00e5 tillg\u00e5ng till viktig lyftutrustning, vilket h\u00e5ller projekten p\u00e5 schema.<\/p>\n<h4>S\u00e4kerhetsdriven design och s\u00e4kra lyftprestanda<\/h4>\n<p>S\u00e4kerhet \u00e4r en viktig faktor vid alla lyft, s\u00e4rskilt vid hantering av tunga laster. Qingdao H&amp;Fs 8-tons bandstropp \u00e4r konstruerad med breda, flexibla band som f\u00f6rdelar vikten j\u00e4mnt \u00f6ver lasten. Denna konstruktion minimerar tryckpunkterna och minskar risken f\u00f6r skador p\u00e5 b\u00e5de lyftsele och last. Med laststabilitet som en prioritet bidrar denna lyftsele till att s\u00e4kerst\u00e4lla s\u00e4kra lyft, \u00e4ven f\u00f6r skrymmande eller \u00f6mt\u00e5liga f\u00f6rem\u00e5l, s\u00e5 att operat\u00f6rerna kan hantera tunga laster med sj\u00e4lvf\u00f6rtroende.<\/p>\n<p>Denna bandsling \u00e4r tillverkad f\u00f6r att uppfylla str\u00e4nga s\u00e4kerhetsstandarder och \u00e4r v\u00e4l l\u00e4mpad f\u00f6r industrier med strikta driftsprotokoll. Oavsett om den anv\u00e4nds p\u00e5 industriomr\u00e5den, lager eller skeppsvarv, g\u00f6r den 8-tons bandstroppens motst\u00e5ndskraftiga konstruktion och p\u00e5litliga prestanda den till ett idealiskt val. Qingdao H&amp;F:s fokus p\u00e5 kvalitetskontroll och s\u00e4kerhets\u00f6verensst\u00e4mmelse ger k\u00f6parna sinnesfrid, eftersom de vet att varje sling har genomg\u00e5tt en rad kvalitetskontroller f\u00f6r att s\u00e4kerst\u00e4lla att de uppfyller kraven p\u00e5 b\u00e4righet. De kvalitetsinspektionsrapporter som finns tillg\u00e4ngliga f\u00f6r varje produkt ger tydliga bevis p\u00e5 detta \u00e5tagande f\u00f6r s\u00e4kerhet och tillf\u00f6rlitlighet.<\/p>\n<h4>Qingdao H&amp;F: Samarbete med kunder f\u00f6r tillf\u00f6rlitliga och effektiva l\u00f6sningar<\/h4>\n<p>Med 20 \u00e5rs erfarenhet som B2B-handelsf\u00f6retag har Qingdao H&amp;F byggt upp ett rykte om sig att leverera tillf\u00f6rlitliga lyftl\u00f6sningar som uppfyller de unika behoven hos industriella k\u00f6pare. Den 8 ton tunga bandslingan \u00e4r en del av ett brett produktsortiment, d\u00e4r varje artikel \u00e5tf\u00f6ljs av kvalitetsinspektionsdokumentation f\u00f6r att verifiera att den uppfyller branschstandarder. Denna transparens f\u00f6rst\u00e4rker Qingdao H&amp;F:s engagemang f\u00f6r att tillhandah\u00e5lla p\u00e5litliga produkter som k\u00f6pare kan lita p\u00e5 f\u00f6r kr\u00e4vande applikationer.<\/p>\n<p>F\u00f6rutom kvalitetsprodukter \u00e4r Qingdao H&amp;F engagerat i att erbjuda en smidig, kundcentrerad k\u00f6pupplevelse. V\u00e5r kundservicemodell g\u00f6r det m\u00f6jligt f\u00f6r k\u00f6pare att f\u00e5 direktkontakt med kunniga representanter som f\u00f6rst\u00e5r deras krav och ger personliga rekommendationer f\u00f6r att hj\u00e4lpa kunderna att v\u00e4lja den b\u00e4sta lyftutrustningen f\u00f6r sina applikationer. I kombination med en snabb leveranscykel s\u00e4kerst\u00e4ller Qingdao H&amp;F att kunderna kan f\u00e5 viktig utrustning utan dr\u00f6jsm\u00e5l, vilket st\u00f6der projekteffektiviteten och minimerar stillest\u00e5ndstiden.<\/p>\n<p>Genom att leverera h\u00f6gpresterande bandstroppar, s\u00e4kerst\u00e4lla noggrann kvalitetskontroll och prioritera kundservice har Qingdao H&amp;F blivit en p\u00e5litlig partner f\u00f6r industriella lyftl\u00f6sningar. Den 8 ton tunga bandslingan \u00e5terspeglar detta engagemang och erbjuder den styrka, s\u00e4kerhet och tillf\u00f6rlitlighet som dagens industriella milj\u00f6er kr\u00e4ver. Med varje sling erbjuder Qingdao H&amp;F en s\u00e4ker och p\u00e5litlig lyftl\u00f6sning som backas upp av det st\u00f6d och den transparens som kunderna f\u00f6rv\u00e4ntar sig.<\/p>","protected":false},"excerpt":{"rendered":"<p>8-Ton Webbing Sling \u00e4r utformad f\u00f6r att hantera stora lyftkrav och erbjuder enast\u00e5ende styrka och tillf\u00f6rlitlighet f\u00f6r industriella applikationer. Denna sling \u00e4r utformad f\u00f6r att tillgodose k\u00f6parens oro f\u00f6r lasts\u00e4kerhet, h\u00e5llbarhet och efterlevnad av s\u00e4kerhetsstandarder och st\u00f6der upp till 8 ton med l\u00e4tthet. Som ett etablerat B2B-handelsf\u00f6retag med 20 \u00e5rs erfarenhet tillhandah\u00e5ller Qingdao H&amp;F en-till-en-kundservice, en snabb leveranscykel och omfattande kvalitetsinspektionsrapporter. Dessa f\u00f6rdelar understryker v\u00e5rt engagemang f\u00f6r kvalitet och kundn\u00f6jdhet, vilket s\u00e4kerst\u00e4ller en s\u00f6ml\u00f6s k\u00f6pupplevelse.<\/p>","protected":false},"featured_media":8193,"comment_status":"open","ping_status":"closed","template":"","meta":{"site-sidebar-layout":"default","site-content-layout":"","ast-site-content-layout":"default","site-content-style":"default","site-sidebar-style":"default","ast-global-header-display":"","ast-banner-title-visibility":"","ast-main-header-display":"","ast-hfb-above-header-display":"","ast-hfb-below-header-display":"","ast-hfb-mobile-header-display":"","site-post-title":"","ast-breadcrumbs-content":"","ast-featured-img":"","footer-sml-layout":"","theme-transparent-header-meta":"default","adv-header-id-meta":"","stick-header-meta":"default","header-above-stick-meta":"","header-main-stick-meta":"","header-below-stick-meta":"","astra-migrate-meta-layouts":"set","ast-page-background-enabled":"default","ast-page-background-meta":{"desktop":{"background-color":"","background-image":"","background-repeat":"repeat","background-position":"center center","background-size":"auto","background-attachment":"scroll","background-type":"","background-media":"","overlay-type":"","overlay-color":"","overlay-opacity":"","overlay-gradient":""},"tablet":{"background-color":"","background-image":"","background-repeat":"repeat","background-position":"center center","background-size":"auto","background-attachment":"scroll","background-type":"","background-media":"","overlay-type":"","overlay-color":"","overlay-opacity":"","overlay-gradient":""},"mobile":{"background-color":"","background-image":"","background-repeat":"repeat","background-position":"center center","background-size":"auto","background-attachment":"scroll","background-type":"","background-media":"","overlay-type":"","overlay-color":"","overlay-opacity":"","overlay-gradient":""}},"ast-content-background-meta":{"desktop":{"background-color":"var(--ast-global-color-5)","background-image":"","background-repeat":"repeat","background-position":"center center","background-size":"auto","background-attachment":"scroll","background-type":"","background-media":"","overlay-type":"","overlay-color":"","overlay-opacity":"","overlay-gradient":""},"tablet":{"background-color":"var(--ast-global-color-5)","background-image":"","background-repeat":"repeat","background-position":"center center","background-size":"auto","background-attachment":"scroll","background-type":"","background-media":"","overlay-type":"","overlay-color":"","overlay-opacity":"","overlay-gradient":""},"mobile":{"background-color":"var(--ast-global-color-5)","background-image":"","background-repeat":"repeat","background-position":"center center","background-size":"auto","background-attachment":"scroll","background-type":"","background-media":"","overlay-type":"","overlay-color":"","overlay-opacity":"","overlay-gradient":""}}},"product_brand":[],"product_cat":[39],"product_tag":[],"class_list":{"0":"post-8289","1":"product","2":"type-product","3":"status-publish","4":"has-post-thumbnail","6":"product_cat-webbing-sling","7":"desktop-align-left","8":"tablet-align-left","9":"mobile-align-left","10":"ast-product-gallery-layout-horizontal-slider","11":"ast-product-gallery-with-no-image","12":"ast-product-tabs-layout-horizontal","14":"first","15":"instock","16":"shipping-taxable","17":"purchasable","18":"product-type-simple"},"yoast_head":"<!-- This site is optimized with the Yoast SEO plugin v25.2 - https:\/\/yoast.com\/wordpress\/plugins\/seo\/ -->\n<title>Flat Webbing Sling 8 Ton Polyester Double Duplex<\/title>\n<meta name=\"robots\" content=\"index, follow, max-snippet:-1, max-image-preview:large, max-video-preview:-1\" \/>\n<link rel=\"canonical\" href=\"https:\/\/qingdaohf.com\/sv\/produkt\/bandstropp-8-ton\/\" \/>\n<meta property=\"og:locale\" content=\"sv_SE\" \/>\n<meta property=\"og:type\" content=\"article\" \/>\n<meta property=\"og:title\" content=\"Flat Webbing Sling 8 Ton Polyester Double Duplex\" \/>\n<meta property=\"og:description\" content=\"8-Ton Webbing Sling is crafted to handle substantial lifting demands, offering outstanding strength and reliability for industrial applications. Designed to address buyer concerns about load security, durability, and compliance with safety standards, this sling supports up to 8 tons with ease. As an established B2B trading company with 20 years of experience, Qingdao H&amp;F provides one-on-one customer service, a fast delivery cycle, and comprehensive quality inspection reports. These advantages underscore our commitment to quality and customer satisfaction, ensuring a seamless purchasing experience.\" \/>\n<meta property=\"og:url\" content=\"https:\/\/qingdaohf.com\/sv\/produkt\/bandstropp-8-ton\/\" \/>\n<meta property=\"og:site_name\" content=\"Concrete Form &amp; Rigging Hardware Supplier\" \/>\n<meta property=\"article:publisher\" content=\"https:\/\/www.facebook.com\/qingdaohf\" \/>\n<meta property=\"article:modified_time\" content=\"2025-11-13T01:02:52+00:00\" \/>\n<meta property=\"og:image\" content=\"https:\/\/qingdaohf.com\/wp-content\/uploads\/2024\/10\/8ton-sling_1.webp\" \/>\n\t<meta property=\"og:image:width\" content=\"1000\" \/>\n\t<meta property=\"og:image:height\" content=\"1000\" \/>\n\t<meta property=\"og:image:type\" content=\"image\/webp\" \/>\n<meta name=\"twitter:card\" content=\"summary_large_image\" \/>\n<meta name=\"twitter:label1\" content=\"Ber\u00e4knad l\u00e4stid\" \/>\n\t<meta name=\"twitter:data1\" content=\"3 minuter\" \/>\n<script type=\"application\/ld+json\" class=\"yoast-schema-graph\">{\"@context\":\"https:\/\/schema.org\",\"@graph\":[{\"@type\":\"WebPage\",\"@id\":\"https:\/\/qingdaohf.com\/product\/webbing-sling-8-ton\/\",\"url\":\"https:\/\/qingdaohf.com\/product\/webbing-sling-8-ton\/\",\"name\":\"Flat Webbing Sling 8 Ton Polyester Double Duplex\",\"isPartOf\":{\"@id\":\"https:\/\/qingdaohf.com\/bg\/#website\"},\"primaryImageOfPage\":{\"@id\":\"https:\/\/qingdaohf.com\/product\/webbing-sling-8-ton\/#primaryimage\"},\"image\":{\"@id\":\"https:\/\/qingdaohf.com\/product\/webbing-sling-8-ton\/#primaryimage\"},\"thumbnailUrl\":\"https:\/\/qingdaohf.com\/wp-content\/uploads\/2024\/10\/8ton-sling_1.webp\",\"datePublished\":\"2024-11-05T09:58:14+00:00\",\"dateModified\":\"2025-11-13T01:02:52+00:00\",\"breadcrumb\":{\"@id\":\"https:\/\/qingdaohf.com\/product\/webbing-sling-8-ton\/#breadcrumb\"},\"inLanguage\":\"sv-SE\",\"potentialAction\":[{\"@type\":\"ReadAction\",\"target\":[\"https:\/\/qingdaohf.com\/product\/webbing-sling-8-ton\/\"]}]},{\"@type\":\"ImageObject\",\"inLanguage\":\"sv-SE\",\"@id\":\"https:\/\/qingdaohf.com\/product\/webbing-sling-8-ton\/#primaryimage\",\"url\":\"https:\/\/qingdaohf.com\/wp-content\/uploads\/2024\/10\/8ton-sling_1.webp\",\"contentUrl\":\"https:\/\/qingdaohf.com\/wp-content\/uploads\/2024\/10\/8ton-sling_1.webp\",\"width\":1000,\"height\":1000,\"caption\":\"8ton sling\"},{\"@type\":\"BreadcrumbList\",\"@id\":\"https:\/\/qingdaohf.com\/product\/webbing-sling-8-ton\/#breadcrumb\",\"itemListElement\":[{\"@type\":\"ListItem\",\"position\":1,\"name\":\"Home\",\"item\":\"https:\/\/qingdaohf.com\/\"},{\"@type\":\"ListItem\",\"position\":2,\"name\":\"Concrete Forming Accessories and Rigging Hardware\",\"item\":\"https:\/\/qingdaohf.com\/bg\/?page_id=944\"},{\"@type\":\"ListItem\",\"position\":3,\"name\":\"Flat Webbing Sling 8 Ton Polyester Double Duplex\"}]},{\"@type\":\"WebSite\",\"@id\":\"https:\/\/qingdaohf.com\/bg\/#website\",\"url\":\"https:\/\/qingdaohf.com\/bg\/\",\"name\":\"Concrete Form & Rigging Hardware Supplier\",\"description\":\"\",\"publisher\":{\"@id\":\"https:\/\/qingdaohf.com\/bg\/#organization\"},\"potentialAction\":[{\"@type\":\"SearchAction\",\"target\":{\"@type\":\"EntryPoint\",\"urlTemplate\":\"https:\/\/qingdaohf.com\/bg\/?s={search_term_string}\"},\"query-input\":{\"@type\":\"PropertyValueSpecification\",\"valueRequired\":true,\"valueName\":\"search_term_string\"}}],\"inLanguage\":\"sv-SE\"},{\"@type\":\"Organization\",\"@id\":\"https:\/\/qingdaohf.com\/bg\/#organization\",\"name\":\"Qingdao H&F\",\"url\":\"https:\/\/qingdaohf.com\/bg\/\",\"logo\":{\"@type\":\"ImageObject\",\"inLanguage\":\"sv-SE\",\"@id\":\"https:\/\/qingdaohf.com\/bg\/#\/schema\/logo\/image\/\",\"url\":\"https:\/\/qingdaohf.com\/wp-content\/uploads\/2022\/12\/cropped-HF-LOGO.png\",\"contentUrl\":\"https:\/\/qingdaohf.com\/wp-content\/uploads\/2022\/12\/cropped-HF-LOGO.png\",\"width\":391,\"height\":249,\"caption\":\"Qingdao H&F\"},\"image\":{\"@id\":\"https:\/\/qingdaohf.com\/bg\/#\/schema\/logo\/image\/\"},\"sameAs\":[\"https:\/\/www.facebook.com\/qingdaohf\"]}]}<\/script>\n<!-- \/ Yoast SEO plugin. -->","yoast_head_json":{"title":"Flat Webbing Sling 8 Ton Polyester Double Duplex","robots":{"index":"index","follow":"follow","max-snippet":"max-snippet:-1","max-image-preview":"max-image-preview:large","max-video-preview":"max-video-preview:-1"},"canonical":"https:\/\/qingdaohf.com\/sv\/produkt\/bandstropp-8-ton\/","og_locale":"sv_SE","og_type":"article","og_title":"Flat Webbing Sling 8 Ton Polyester Double Duplex","og_description":"8-Ton Webbing Sling is crafted to handle substantial lifting demands, offering outstanding strength and reliability for industrial applications. Designed to address buyer concerns about load security, durability, and compliance with safety standards, this sling supports up to 8 tons with ease. As an established B2B trading company with 20 years of experience, Qingdao H&amp;F provides one-on-one customer service, a fast delivery cycle, and comprehensive quality inspection reports. These advantages underscore our commitment to quality and customer satisfaction, ensuring a seamless purchasing experience.","og_url":"https:\/\/qingdaohf.com\/sv\/produkt\/bandstropp-8-ton\/","og_site_name":"Concrete Form &amp; Rigging Hardware Supplier","article_publisher":"https:\/\/www.facebook.com\/qingdaohf","article_modified_time":"2025-11-13T01:02:52+00:00","og_image":[{"width":1000,"height":1000,"url":"https:\/\/qingdaohf.com\/wp-content\/uploads\/2024\/10\/8ton-sling_1.webp","type":"image\/webp"}],"twitter_card":"summary_large_image","twitter_misc":{"Ber\u00e4knad l\u00e4stid":"3 minuter"},"schema":{"@context":"https:\/\/schema.org","@graph":[{"@type":"WebPage","@id":"https:\/\/qingdaohf.com\/product\/webbing-sling-8-ton\/","url":"https:\/\/qingdaohf.com\/product\/webbing-sling-8-ton\/","name":"Flat Webbing Sling 8 Ton Polyester Double Duplex","isPartOf":{"@id":"https:\/\/qingdaohf.com\/bg\/#website"},"primaryImageOfPage":{"@id":"https:\/\/qingdaohf.com\/product\/webbing-sling-8-ton\/#primaryimage"},"image":{"@id":"https:\/\/qingdaohf.com\/product\/webbing-sling-8-ton\/#primaryimage"},"thumbnailUrl":"https:\/\/qingdaohf.com\/wp-content\/uploads\/2024\/10\/8ton-sling_1.webp","datePublished":"2024-11-05T09:58:14+00:00","dateModified":"2025-11-13T01:02:52+00:00","breadcrumb":{"@id":"https:\/\/qingdaohf.com\/product\/webbing-sling-8-ton\/#breadcrumb"},"inLanguage":"sv-SE","potentialAction":[{"@type":"ReadAction","target":["https:\/\/qingdaohf.com\/product\/webbing-sling-8-ton\/"]}]},{"@type":"ImageObject","inLanguage":"sv-SE","@id":"https:\/\/qingdaohf.com\/product\/webbing-sling-8-ton\/#primaryimage","url":"https:\/\/qingdaohf.com\/wp-content\/uploads\/2024\/10\/8ton-sling_1.webp","contentUrl":"https:\/\/qingdaohf.com\/wp-content\/uploads\/2024\/10\/8ton-sling_1.webp","width":1000,"height":1000,"caption":"8ton sling"},{"@type":"BreadcrumbList","@id":"https:\/\/qingdaohf.com\/product\/webbing-sling-8-ton\/#breadcrumb","itemListElement":[{"@type":"ListItem","position":1,"name":"Home","item":"https:\/\/qingdaohf.com\/"},{"@type":"ListItem","position":2,"name":"Concrete Forming Accessories and Rigging Hardware","item":"https:\/\/qingdaohf.com\/bg\/?page_id=944"},{"@type":"ListItem","position":3,"name":"Flat Webbing Sling 8 Ton Polyester Double Duplex"}]},{"@type":"WebSite","@id":"https:\/\/qingdaohf.com\/bg\/#website","url":"https:\/\/qingdaohf.com\/bg\/","name":"Concrete Form & Rigging Hardware Supplier","description":"","publisher":{"@id":"https:\/\/qingdaohf.com\/bg\/#organization"},"potentialAction":[{"@type":"SearchAction","target":{"@type":"EntryPoint","urlTemplate":"https:\/\/qingdaohf.com\/bg\/?s={search_term_string}"},"query-input":{"@type":"PropertyValueSpecification","valueRequired":true,"valueName":"search_term_string"}}],"inLanguage":"sv-SE"},{"@type":"Organization","@id":"https:\/\/qingdaohf.com\/bg\/#organization","name":"Qingdao H&F","url":"https:\/\/qingdaohf.com\/bg\/","logo":{"@type":"ImageObject","inLanguage":"sv-SE","@id":"https:\/\/qingdaohf.com\/bg\/#\/schema\/logo\/image\/","url":"https:\/\/qingdaohf.com\/wp-content\/uploads\/2022\/12\/cropped-HF-LOGO.png","contentUrl":"https:\/\/qingdaohf.com\/wp-content\/uploads\/2022\/12\/cropped-HF-LOGO.png","width":391,"height":249,"caption":"Qingdao H&F"},"image":{"@id":"https:\/\/qingdaohf.com\/bg\/#\/schema\/logo\/image\/"},"sameAs":["https:\/\/www.facebook.com\/qingdaohf"]}]}},"_links":{"self":[{"href":"https:\/\/qingdaohf.com\/sv\/wp-json\/wp\/v2\/product\/8289","targetHints":{"allow":["GET"]}}],"collection":[{"href":"https:\/\/qingdaohf.com\/sv\/wp-json\/wp\/v2\/product"}],"about":[{"href":"https:\/\/qingdaohf.com\/sv\/wp-json\/wp\/v2\/types\/product"}],"replies":[{"embeddable":true,"href":"https:\/\/qingdaohf.com\/sv\/wp-json\/wp\/v2\/comments?post=8289"}],"version-history":[{"count":2,"href":"https:\/\/qingdaohf.com\/sv\/wp-json\/wp\/v2\/product\/8289\/revisions"}],"predecessor-version":[{"id":8334,"href":"https:\/\/qingdaohf.com\/sv\/wp-json\/wp\/v2\/product\/8289\/revisions\/8334"}],"wp:featuredmedia":[{"embeddable":true,"href":"https:\/\/qingdaohf.com\/sv\/wp-json\/wp\/v2\/media\/8193"}],"wp:attachment":[{"href":"https:\/\/qingdaohf.com\/sv\/wp-json\/wp\/v2\/media?parent=8289"}],"wp:term":[{"taxonomy":"product_brand","embeddable":true,"href":"https:\/\/qingdaohf.com\/sv\/wp-json\/wp\/v2\/product_brand?post=8289"},{"taxonomy":"product_cat","embeddable":true,"href":"https:\/\/qingdaohf.com\/sv\/wp-json\/wp\/v2\/product_cat?post=8289"},{"taxonomy":"product_tag","embeddable":true,"href":"https:\/\/qingdaohf.com\/sv\/wp-json\/wp\/v2\/product_tag?post=8289"}],"curies":[{"name":"wp","href":"https:\/\/api.w.org\/{rel}","templated":true}]}}