{"id":8291,"date":"2024-11-05T17:59:58","date_gmt":"2024-11-05T09:59:58","guid":{"rendered":"http:\/\/qingdaohf.com\/?post_type=product&#038;p=8291"},"modified":"2025-11-13T09:02:52","modified_gmt":"2025-11-13T01:02:52","slug":"webbing-sling-10-ton","status":"publish","type":"product","link":"https:\/\/qingdaohf.com\/sv\/produkt\/bandstropp-10-ton\/","title":{"rendered":"Flat Webbing Sling 10 Ton Polyester Dubbel Duplex"},"content":{"rendered":"<h4>Lyftl\u00f6sningar med h\u00f6g kapacitet: H\u00e5llbarhet och styrka hos en 10-tons lyftsele med v\u00e4vband<\/h4>\n<p>F\u00f6r industriella lyftuppgifter d\u00e4r s\u00e4kert st\u00f6d med h\u00f6g kapacitet \u00e4r n\u00f6dv\u00e4ndigt erbjuder Qingdao H&amp;Fs 10-tons bandsling en optimal l\u00f6sning. Denna lyftsele \u00e4r tillverkad av h\u00f6gh\u00e5llfast polyester och hanterar vikter upp till 10 ton, vilket g\u00f6r den idealisk f\u00f6r branscher som bygg, logistik och tillverkning. 10-tons bandslingets elasticitet s\u00e4kerst\u00e4ller att det bibeh\u00e5ller sin integritet \u00e4ven under repetitiva, tunga belastningar i utmanande milj\u00f6er, vilket ger f\u00f6retag en h\u00e5llbar, kostnadseffektiv l\u00f6sning f\u00f6r deras lyftbehov.<\/p>\n<p>F\u00f6r att s\u00e4kerst\u00e4lla h\u00f6gsta m\u00f6jliga tillf\u00f6rlitlighet och s\u00e4kerhet genomg\u00e5r varje 10-tons sling rigor\u00f6sa tester och k\u00f6parna f\u00e5r en kvalitetsinspektionsrapport som verifierar att den uppfyller internationella s\u00e4kerhets- och prestandastandarder. Qingdao H&amp;Fs engagemang f\u00f6r transparens f\u00f6rs\u00e4krar k\u00f6parna om att de investerar i en produkt som uppfyller alla lagstadgade krav. Den snabba leveranscykeln som erbjuds av Qingdao H&amp;F g\u00f6r det m\u00f6jligt f\u00f6r kunderna att snabbt f\u00e5 tillg\u00e5ng till n\u00f6dv\u00e4ndig utrustning, vilket minimerar f\u00f6rseningar i verksamheten och f\u00f6rb\u00e4ttrar den totala effektiviteten.<\/p>\n<h4>S\u00e4kerhet och stabilitet i tunga lyftapplikationer<\/h4>\n<p>I industriella milj\u00f6er d\u00e4r mycket st\u00e5r p\u00e5 spel \u00e4r lyftutrustningens stabilitet och s\u00e4kerhet avg\u00f6rande f\u00f6r b\u00e5de s\u00e4kerhet och produktivitet. Qingdao H&amp;F:s 10-tons bandsling \u00e4r konstruerat f\u00f6r att ge enast\u00e5ende laststabilitet, vilket bidrar till att f\u00f6rdela vikten j\u00e4mnt \u00f6ver lasten. Denna konstruktion minskar tryckpunkterna och minimerar risken f\u00f6r att lasten skadas eller f\u00f6rskjuts under lyftoperationer, vilket ger operat\u00f6rerna sinnesfrid. Det breda, slitstarka polyesterbandet motst\u00e5r slitage, n\u00f6tning och UV-exponering och bibeh\u00e5ller sin styrka under kr\u00e4vande f\u00f6rh\u00e5llanden.<\/p>\n<p>Qingdao H&amp;F:s noggranna tillverkningsstandarder \u00f6kar s\u00e4kerheten vid lyftoperationer. Varje sling uppfyller eller \u00f6vertr\u00e4ffar internationella branschregler, vilket g\u00f6r den l\u00e4mplig f\u00f6r en m\u00e4ngd olika applikationer d\u00e4r strikta s\u00e4kerhetsprotokoll finns p\u00e5 plats. Med rigor\u00f6s kvalitetskontroll i varje produktionssteg s\u00e4kerst\u00e4ller Qingdao H&amp;F att den 10 ton tunga bandslingan ger tillf\u00f6rlitligt st\u00f6d i de mest utmanande milj\u00f6erna. De detaljerade kvalitetsinspektionsrapporterna som finns tillg\u00e4ngliga med varje sling \u00e4r ett bevis p\u00e5 detta \u00e5tagande och hj\u00e4lper f\u00f6retag att uppr\u00e4tth\u00e5lla s\u00e4kerhets- och efterlevnadsstandarder med tillf\u00f6rsikt.<\/p>\n<h4>Qingdao H&amp;F: En p\u00e5litlig partner f\u00f6r h\u00f6gpresterande lyftl\u00f6sningar<\/h4>\n<p>Som ett erfaret B2B-handelsf\u00f6retag med tv\u00e5 decenniers erfarenhet har Qingdao H&amp;F \u00e5tagit sig att st\u00f6dja f\u00f6retag genom att erbjuda produkter som kombinerar kvalitet, s\u00e4kerhet och service. Den 10 ton tunga bandslingan exemplifierar Qingdao H&amp;F:s strategi att tillhandah\u00e5lla p\u00e5litlig, h\u00f6gpresterande utrustning som uppfyller de praktiska behoven hos industriella k\u00f6pare. Varje sling levereras med en kvalitetsinspektionsrapport, vilket ger k\u00f6parna en tydlig bild av produktens specifikationer och s\u00e4kerst\u00e4ller fullst\u00e4ndig transparens n\u00e4r det g\u00e4ller dess prestanda.<\/p>\n<p>Qingdao H&amp;Fs kundservicemodell g\u00f6r det m\u00f6jligt f\u00f6r k\u00f6pare att f\u00e5 personlig support fr\u00e5n kunniga representanter som hj\u00e4lper dem att v\u00e4lja den perfekta lyftutrustningen f\u00f6r deras specifika krav. Detta uppm\u00e4rksamma tillv\u00e4gag\u00e5ngss\u00e4tt, tillsammans med en snabb och effektiv leveranscykel, visar Qingdao H&amp;F:s engagemang f\u00f6r att underl\u00e4tta en s\u00f6ml\u00f6s ink\u00f6psprocess som anpassar sig till kundernas operativa tidslinjer. Qingdao H&amp;F:s fokus p\u00e5 kundn\u00f6jdhet och kvalitetskontroll har etablerat f\u00f6retaget som ett p\u00e5litligt namn p\u00e5 marknaden f\u00f6r industriella lyft.<\/p>\n<p>Den 10 ton tunga bandslingan fr\u00e5n Qingdao H&amp;F \u00e4r mer \u00e4n bara en lyftl\u00f6sning - det \u00e4r en p\u00e5litlig partner f\u00f6r f\u00f6retag som str\u00e4var efter s\u00e4kerhet, effektivitet och h\u00f6g prestanda. Med varje sling levererar Qingdao H&amp;F en produkt som uppr\u00e4tth\u00e5ller industristandarder samtidigt som den ger ett s\u00e4kert och effektivt alternativ f\u00f6r tunga lyftapplikationer.<\/p>","protected":false},"excerpt":{"rendered":"<p>10-Ton Webbing Sling \u00e4r byggd f\u00f6r tunga lyft, utformad f\u00f6r att uppfylla de str\u00e4nga kraven i branscher d\u00e4r s\u00e4kra lyft med h\u00f6g kapacitet \u00e4r avg\u00f6rande. Denna h\u00e5llbara slinga hanterar upp till 10 ton och tar itu med k\u00f6parnas prim\u00e4ra oro f\u00f6r styrka, s\u00e4kerhet och tillf\u00f6rlitlighet. Som ett erfaret B2B-handelsf\u00f6retag tillhandah\u00e5ller Qingdao H&amp;F en-mot-en-kundsupport, snabb leverans och omfattande kvalitetsinspektionsrapporter, vilket s\u00e4kerst\u00e4ller en smidig k\u00f6pupplevelse som prioriterar transparens och kundn\u00f6jdhet.<\/p>","protected":false},"featured_media":8192,"comment_status":"open","ping_status":"closed","template":"","meta":{"site-sidebar-layout":"default","site-content-layout":"","ast-site-content-layout":"default","site-content-style":"default","site-sidebar-style":"default","ast-global-header-display":"","ast-banner-title-visibility":"","ast-main-header-display":"","ast-hfb-above-header-display":"","ast-hfb-below-header-display":"","ast-hfb-mobile-header-display":"","site-post-title":"","ast-breadcrumbs-content":"","ast-featured-img":"","footer-sml-layout":"","theme-transparent-header-meta":"default","adv-header-id-meta":"","stick-header-meta":"default","header-above-stick-meta":"","header-main-stick-meta":"","header-below-stick-meta":"","astra-migrate-meta-layouts":"set","ast-page-background-enabled":"default","ast-page-background-meta":{"desktop":{"background-color":"","background-image":"","background-repeat":"repeat","background-position":"center center","background-size":"auto","background-attachment":"scroll","background-type":"","background-media":"","overlay-type":"","overlay-color":"","overlay-opacity":"","overlay-gradient":""},"tablet":{"background-color":"","background-image":"","background-repeat":"repeat","background-position":"center center","background-size":"auto","background-attachment":"scroll","background-type":"","background-media":"","overlay-type":"","overlay-color":"","overlay-opacity":"","overlay-gradient":""},"mobile":{"background-color":"","background-image":"","background-repeat":"repeat","background-position":"center center","background-size":"auto","background-attachment":"scroll","background-type":"","background-media":"","overlay-type":"","overlay-color":"","overlay-opacity":"","overlay-gradient":""}},"ast-content-background-meta":{"desktop":{"background-color":"var(--ast-global-color-5)","background-image":"","background-repeat":"repeat","background-position":"center center","background-size":"auto","background-attachment":"scroll","background-type":"","background-media":"","overlay-type":"","overlay-color":"","overlay-opacity":"","overlay-gradient":""},"tablet":{"background-color":"var(--ast-global-color-5)","background-image":"","background-repeat":"repeat","background-position":"center center","background-size":"auto","background-attachment":"scroll","background-type":"","background-media":"","overlay-type":"","overlay-color":"","overlay-opacity":"","overlay-gradient":""},"mobile":{"background-color":"var(--ast-global-color-5)","background-image":"","background-repeat":"repeat","background-position":"center center","background-size":"auto","background-attachment":"scroll","background-type":"","background-media":"","overlay-type":"","overlay-color":"","overlay-opacity":"","overlay-gradient":""}}},"product_brand":[],"product_cat":[39],"product_tag":[],"class_list":{"0":"post-8291","1":"product","2":"type-product","3":"status-publish","4":"has-post-thumbnail","6":"product_cat-webbing-sling","7":"desktop-align-left","8":"tablet-align-left","9":"mobile-align-left","10":"ast-product-gallery-layout-horizontal-slider","11":"ast-product-gallery-with-no-image","12":"ast-product-tabs-layout-horizontal","14":"first","15":"instock","16":"shipping-taxable","17":"purchasable","18":"product-type-simple"},"yoast_head":"<!-- This site is optimized with the Yoast SEO plugin v25.2 - https:\/\/yoast.com\/wordpress\/plugins\/seo\/ -->\n<title>Flat Webbing Sling 10 Ton Polyester Double Duplex<\/title>\n<meta name=\"robots\" content=\"index, follow, max-snippet:-1, max-image-preview:large, max-video-preview:-1\" \/>\n<link rel=\"canonical\" href=\"https:\/\/qingdaohf.com\/sv\/produkt\/bandstropp-10-ton\/\" \/>\n<meta property=\"og:locale\" content=\"sv_SE\" \/>\n<meta property=\"og:type\" content=\"article\" \/>\n<meta property=\"og:title\" content=\"Flat Webbing Sling 10 Ton Polyester Double Duplex\" \/>\n<meta property=\"og:description\" content=\"10-Ton Webbing Sling is built for heavy-duty lifting, designed to meet the stringent demands of industries where secure, high-capacity lifting is essential. This durable sling handles up to 10 tons, addressing buyers&#039; primary concerns about strength, safety, and reliability. As an experienced B2B trading company, Qingdao H&amp;F provides one-on-one customer support, fast delivery, and comprehensive quality inspection reports, ensuring a smooth buying experience that prioritizes transparency and customer satisfaction.\" \/>\n<meta property=\"og:url\" content=\"https:\/\/qingdaohf.com\/sv\/produkt\/bandstropp-10-ton\/\" \/>\n<meta property=\"og:site_name\" content=\"Concrete Form &amp; Rigging Hardware Supplier\" \/>\n<meta property=\"article:publisher\" content=\"https:\/\/www.facebook.com\/qingdaohf\" \/>\n<meta property=\"article:modified_time\" content=\"2025-11-13T01:02:52+00:00\" \/>\n<meta property=\"og:image\" content=\"https:\/\/qingdaohf.com\/wp-content\/uploads\/2024\/10\/10-tons_1.webp\" \/>\n\t<meta property=\"og:image:width\" content=\"1000\" \/>\n\t<meta property=\"og:image:height\" content=\"1000\" \/>\n\t<meta property=\"og:image:type\" content=\"image\/webp\" \/>\n<meta name=\"twitter:card\" content=\"summary_large_image\" \/>\n<meta name=\"twitter:label1\" content=\"Ber\u00e4knad l\u00e4stid\" \/>\n\t<meta name=\"twitter:data1\" content=\"3 minuter\" \/>\n<script type=\"application\/ld+json\" class=\"yoast-schema-graph\">{\"@context\":\"https:\/\/schema.org\",\"@graph\":[{\"@type\":\"WebPage\",\"@id\":\"https:\/\/qingdaohf.com\/product\/webbing-sling-10-ton\/\",\"url\":\"https:\/\/qingdaohf.com\/product\/webbing-sling-10-ton\/\",\"name\":\"Flat Webbing Sling 10 Ton Polyester Double Duplex\",\"isPartOf\":{\"@id\":\"https:\/\/qingdaohf.com\/bg\/#website\"},\"primaryImageOfPage\":{\"@id\":\"https:\/\/qingdaohf.com\/product\/webbing-sling-10-ton\/#primaryimage\"},\"image\":{\"@id\":\"https:\/\/qingdaohf.com\/product\/webbing-sling-10-ton\/#primaryimage\"},\"thumbnailUrl\":\"https:\/\/qingdaohf.com\/wp-content\/uploads\/2024\/10\/10-tons_1.webp\",\"datePublished\":\"2024-11-05T09:59:58+00:00\",\"dateModified\":\"2025-11-13T01:02:52+00:00\",\"breadcrumb\":{\"@id\":\"https:\/\/qingdaohf.com\/product\/webbing-sling-10-ton\/#breadcrumb\"},\"inLanguage\":\"sv-SE\",\"potentialAction\":[{\"@type\":\"ReadAction\",\"target\":[\"https:\/\/qingdaohf.com\/product\/webbing-sling-10-ton\/\"]}]},{\"@type\":\"ImageObject\",\"inLanguage\":\"sv-SE\",\"@id\":\"https:\/\/qingdaohf.com\/product\/webbing-sling-10-ton\/#primaryimage\",\"url\":\"https:\/\/qingdaohf.com\/wp-content\/uploads\/2024\/10\/10-tons_1.webp\",\"contentUrl\":\"https:\/\/qingdaohf.com\/wp-content\/uploads\/2024\/10\/10-tons_1.webp\",\"width\":1000,\"height\":1000,\"caption\":\"Webbing Sling 10 Ton\"},{\"@type\":\"BreadcrumbList\",\"@id\":\"https:\/\/qingdaohf.com\/product\/webbing-sling-10-ton\/#breadcrumb\",\"itemListElement\":[{\"@type\":\"ListItem\",\"position\":1,\"name\":\"Home\",\"item\":\"https:\/\/qingdaohf.com\/\"},{\"@type\":\"ListItem\",\"position\":2,\"name\":\"Concrete Forming Accessories and Rigging Hardware\",\"item\":\"https:\/\/qingdaohf.com\/bg\/?page_id=944\"},{\"@type\":\"ListItem\",\"position\":3,\"name\":\"Flat Webbing Sling 10 Ton Polyester Double Duplex\"}]},{\"@type\":\"WebSite\",\"@id\":\"https:\/\/qingdaohf.com\/bg\/#website\",\"url\":\"https:\/\/qingdaohf.com\/bg\/\",\"name\":\"Concrete Form & Rigging Hardware Supplier\",\"description\":\"\",\"publisher\":{\"@id\":\"https:\/\/qingdaohf.com\/bg\/#organization\"},\"potentialAction\":[{\"@type\":\"SearchAction\",\"target\":{\"@type\":\"EntryPoint\",\"urlTemplate\":\"https:\/\/qingdaohf.com\/bg\/?s={search_term_string}\"},\"query-input\":{\"@type\":\"PropertyValueSpecification\",\"valueRequired\":true,\"valueName\":\"search_term_string\"}}],\"inLanguage\":\"sv-SE\"},{\"@type\":\"Organization\",\"@id\":\"https:\/\/qingdaohf.com\/bg\/#organization\",\"name\":\"Qingdao H&F\",\"url\":\"https:\/\/qingdaohf.com\/bg\/\",\"logo\":{\"@type\":\"ImageObject\",\"inLanguage\":\"sv-SE\",\"@id\":\"https:\/\/qingdaohf.com\/bg\/#\/schema\/logo\/image\/\",\"url\":\"https:\/\/qingdaohf.com\/wp-content\/uploads\/2022\/12\/cropped-HF-LOGO.png\",\"contentUrl\":\"https:\/\/qingdaohf.com\/wp-content\/uploads\/2022\/12\/cropped-HF-LOGO.png\",\"width\":391,\"height\":249,\"caption\":\"Qingdao H&F\"},\"image\":{\"@id\":\"https:\/\/qingdaohf.com\/bg\/#\/schema\/logo\/image\/\"},\"sameAs\":[\"https:\/\/www.facebook.com\/qingdaohf\"]}]}<\/script>\n<!-- \/ Yoast SEO plugin. -->","yoast_head_json":{"title":"Flat Webbing Sling 10 Ton Polyester Double Duplex","robots":{"index":"index","follow":"follow","max-snippet":"max-snippet:-1","max-image-preview":"max-image-preview:large","max-video-preview":"max-video-preview:-1"},"canonical":"https:\/\/qingdaohf.com\/sv\/produkt\/bandstropp-10-ton\/","og_locale":"sv_SE","og_type":"article","og_title":"Flat Webbing Sling 10 Ton Polyester Double Duplex","og_description":"10-Ton Webbing Sling is built for heavy-duty lifting, designed to meet the stringent demands of industries where secure, high-capacity lifting is essential. This durable sling handles up to 10 tons, addressing buyers' primary concerns about strength, safety, and reliability. As an experienced B2B trading company, Qingdao H&amp;F provides one-on-one customer support, fast delivery, and comprehensive quality inspection reports, ensuring a smooth buying experience that prioritizes transparency and customer satisfaction.","og_url":"https:\/\/qingdaohf.com\/sv\/produkt\/bandstropp-10-ton\/","og_site_name":"Concrete Form &amp; Rigging Hardware Supplier","article_publisher":"https:\/\/www.facebook.com\/qingdaohf","article_modified_time":"2025-11-13T01:02:52+00:00","og_image":[{"width":1000,"height":1000,"url":"https:\/\/qingdaohf.com\/wp-content\/uploads\/2024\/10\/10-tons_1.webp","type":"image\/webp"}],"twitter_card":"summary_large_image","twitter_misc":{"Ber\u00e4knad l\u00e4stid":"3 minuter"},"schema":{"@context":"https:\/\/schema.org","@graph":[{"@type":"WebPage","@id":"https:\/\/qingdaohf.com\/product\/webbing-sling-10-ton\/","url":"https:\/\/qingdaohf.com\/product\/webbing-sling-10-ton\/","name":"Flat Webbing Sling 10 Ton Polyester Double Duplex","isPartOf":{"@id":"https:\/\/qingdaohf.com\/bg\/#website"},"primaryImageOfPage":{"@id":"https:\/\/qingdaohf.com\/product\/webbing-sling-10-ton\/#primaryimage"},"image":{"@id":"https:\/\/qingdaohf.com\/product\/webbing-sling-10-ton\/#primaryimage"},"thumbnailUrl":"https:\/\/qingdaohf.com\/wp-content\/uploads\/2024\/10\/10-tons_1.webp","datePublished":"2024-11-05T09:59:58+00:00","dateModified":"2025-11-13T01:02:52+00:00","breadcrumb":{"@id":"https:\/\/qingdaohf.com\/product\/webbing-sling-10-ton\/#breadcrumb"},"inLanguage":"sv-SE","potentialAction":[{"@type":"ReadAction","target":["https:\/\/qingdaohf.com\/product\/webbing-sling-10-ton\/"]}]},{"@type":"ImageObject","inLanguage":"sv-SE","@id":"https:\/\/qingdaohf.com\/product\/webbing-sling-10-ton\/#primaryimage","url":"https:\/\/qingdaohf.com\/wp-content\/uploads\/2024\/10\/10-tons_1.webp","contentUrl":"https:\/\/qingdaohf.com\/wp-content\/uploads\/2024\/10\/10-tons_1.webp","width":1000,"height":1000,"caption":"Webbing Sling 10 Ton"},{"@type":"BreadcrumbList","@id":"https:\/\/qingdaohf.com\/product\/webbing-sling-10-ton\/#breadcrumb","itemListElement":[{"@type":"ListItem","position":1,"name":"Home","item":"https:\/\/qingdaohf.com\/"},{"@type":"ListItem","position":2,"name":"Concrete Forming Accessories and Rigging Hardware","item":"https:\/\/qingdaohf.com\/bg\/?page_id=944"},{"@type":"ListItem","position":3,"name":"Flat Webbing Sling 10 Ton Polyester Double Duplex"}]},{"@type":"WebSite","@id":"https:\/\/qingdaohf.com\/bg\/#website","url":"https:\/\/qingdaohf.com\/bg\/","name":"Concrete Form & Rigging Hardware Supplier","description":"","publisher":{"@id":"https:\/\/qingdaohf.com\/bg\/#organization"},"potentialAction":[{"@type":"SearchAction","target":{"@type":"EntryPoint","urlTemplate":"https:\/\/qingdaohf.com\/bg\/?s={search_term_string}"},"query-input":{"@type":"PropertyValueSpecification","valueRequired":true,"valueName":"search_term_string"}}],"inLanguage":"sv-SE"},{"@type":"Organization","@id":"https:\/\/qingdaohf.com\/bg\/#organization","name":"Qingdao H&F","url":"https:\/\/qingdaohf.com\/bg\/","logo":{"@type":"ImageObject","inLanguage":"sv-SE","@id":"https:\/\/qingdaohf.com\/bg\/#\/schema\/logo\/image\/","url":"https:\/\/qingdaohf.com\/wp-content\/uploads\/2022\/12\/cropped-HF-LOGO.png","contentUrl":"https:\/\/qingdaohf.com\/wp-content\/uploads\/2022\/12\/cropped-HF-LOGO.png","width":391,"height":249,"caption":"Qingdao H&F"},"image":{"@id":"https:\/\/qingdaohf.com\/bg\/#\/schema\/logo\/image\/"},"sameAs":["https:\/\/www.facebook.com\/qingdaohf"]}]}},"_links":{"self":[{"href":"https:\/\/qingdaohf.com\/sv\/wp-json\/wp\/v2\/product\/8291","targetHints":{"allow":["GET"]}}],"collection":[{"href":"https:\/\/qingdaohf.com\/sv\/wp-json\/wp\/v2\/product"}],"about":[{"href":"https:\/\/qingdaohf.com\/sv\/wp-json\/wp\/v2\/types\/product"}],"replies":[{"embeddable":true,"href":"https:\/\/qingdaohf.com\/sv\/wp-json\/wp\/v2\/comments?post=8291"}],"version-history":[{"count":2,"href":"https:\/\/qingdaohf.com\/sv\/wp-json\/wp\/v2\/product\/8291\/revisions"}],"predecessor-version":[{"id":8333,"href":"https:\/\/qingdaohf.com\/sv\/wp-json\/wp\/v2\/product\/8291\/revisions\/8333"}],"wp:featuredmedia":[{"embeddable":true,"href":"https:\/\/qingdaohf.com\/sv\/wp-json\/wp\/v2\/media\/8192"}],"wp:attachment":[{"href":"https:\/\/qingdaohf.com\/sv\/wp-json\/wp\/v2\/media?parent=8291"}],"wp:term":[{"taxonomy":"product_brand","embeddable":true,"href":"https:\/\/qingdaohf.com\/sv\/wp-json\/wp\/v2\/product_brand?post=8291"},{"taxonomy":"product_cat","embeddable":true,"href":"https:\/\/qingdaohf.com\/sv\/wp-json\/wp\/v2\/product_cat?post=8291"},{"taxonomy":"product_tag","embeddable":true,"href":"https:\/\/qingdaohf.com\/sv\/wp-json\/wp\/v2\/product_tag?post=8291"}],"curies":[{"name":"wp","href":"https:\/\/api.w.org\/{rel}","templated":true}]}}