{"id":8310,"date":"2024-11-07T14:33:56","date_gmt":"2024-11-07T06:33:56","guid":{"rendered":"http:\/\/qingdaohf.com\/?post_type=product&#038;p=8310"},"modified":"2025-11-13T09:02:52","modified_gmt":"2025-11-13T01:02:52","slug":"spek-anchor-stockless-anchor","status":"publish","type":"product","link":"https:\/\/qingdaohf.com\/sv\/produkt\/spek-ankare-stocklost-ankare\/","title":{"rendered":"Spek Anchor Stockless Anchor"},"content":{"rendered":"<h3>\u00d6versikt och unik design av Spek Anchors<\/h3>\n<p>Spek Anchor \u00e4r en allm\u00e4nt f\u00f6redragen ankartyp som anv\u00e4nds inom marin- och offshoreindustrin, utvald f\u00f6r sin distinkta design som betonar stabilitet och h\u00e5llbarhet. Som en av de mer traditionella ankarstilarna har Spek Anchor etablerat ett rykte om effektivitet i en m\u00e4ngd olika havsf\u00f6rh\u00e5llanden, fr\u00e4mst p\u00e5 grund av dess f\u00f6rm\u00e5ga att snabbt gr\u00e4va sig ner i olika havsbottnar. J\u00e4mf\u00f6rt med andra ankare m\u00f6jligg\u00f6r Spek Anchor en snabb f\u00f6rankring vid utplacering, en egenskap som \u00e4r mycket \u00f6nskv\u00e4rd f\u00f6r fartyg som beh\u00f6ver tillf\u00f6rlitlig h\u00e5llkraft utan l\u00e4ngre f\u00f6rankringsprocedurer.<\/p>\n<p>Den h\u00e4r ankartypen har en specialdesignad fluga och skaft som b\u00e5da \u00e4r optimerade f\u00f6r att motst\u00e5 rotationskrafter som orsakas av f\u00f6r\u00e4ndringar i vattenr\u00f6relser. Den unika formen minimerar inte bara sl\u00e4p utan bibeh\u00e5ller ocks\u00e5 stabiliteten vid pl\u00f6tsliga str\u00f6mf\u00f6r\u00e4ndringar, vilket ger sinnesfrid f\u00f6r fartygsoperat\u00f6rer som \u00e4r beroende av en j\u00e4mn h\u00e5llkraft. Spek Anchor har en bred flukvinkel och ett viktat skaft, vilket bidrar till att bibeh\u00e5lla en gynnsam ing\u00e5ngsvinkel i havsbotten. Denna egenskap g\u00f6r att ankaret snabbt kan s\u00e4tta sig och f\u00e4stas i sandiga eller leriga underlag, vilket g\u00f6r det m\u00e5ngsidigt i olika marina milj\u00f6er.<\/p>\n<p>P\u00e5 Qingdao H&amp;F levererar vi Spek-ankare som uppfyller dessa kritiska prestandastandarder samtidigt som vi f\u00f6rb\u00e4ttrar kundernas bekv\u00e4mlighet genom ytterligare support och kvalitetss\u00e4kring. Vi tillhandah\u00e5ller en rad kvalitetsinspektionsrapporter f\u00f6r att validera den strukturella integriteten och prestandan hos varje ankare, vilket s\u00e4kerst\u00e4ller efterlevnad av str\u00e4nga marina s\u00e4kerhetsbest\u00e4mmelser. Genom att erbjuda personlig kundsupport hj\u00e4lper vi k\u00f6parna att v\u00e4lja den optimala storleken och typen av ankare f\u00f6r deras specifika applikationer. V\u00e5r tillf\u00f6rlitliga och snabba leveransprocess s\u00e4kerst\u00e4ller dessutom att kunderna f\u00e5r sina produkter i tid, vilket minskar potentiella f\u00f6rseningar i verksamheten.<\/p>\n<p><img fetchpriority=\"high\" decoding=\"async\" class=\"alignnone wp-image-8317 size-full\" src=\"http:\/\/qingdaohf.com\/wp-content\/uploads\/2024\/11\/spek-anchor-1.jpg\" alt=\"\" width=\"640\" height=\"640\" srcset=\"https:\/\/qingdaohf.com\/wp-content\/uploads\/2024\/11\/spek-anchor-1.jpg 640w, https:\/\/qingdaohf.com\/wp-content\/uploads\/2024\/11\/spek-anchor-1-300x300.jpg 300w, https:\/\/qingdaohf.com\/wp-content\/uploads\/2024\/11\/spek-anchor-1-150x150.jpg 150w, https:\/\/qingdaohf.com\/wp-content\/uploads\/2024\/11\/spek-anchor-1-12x12.jpg 12w, https:\/\/qingdaohf.com\/wp-content\/uploads\/2024\/11\/spek-anchor-1-500x500.jpg 500w, https:\/\/qingdaohf.com\/wp-content\/uploads\/2024\/11\/spek-anchor-1-100x100.jpg 100w\" sizes=\"(max-width: 640px) 100vw, 640px\" \/> <img decoding=\"async\" class=\"alignnone wp-image-8318 size-full\" src=\"http:\/\/qingdaohf.com\/wp-content\/uploads\/2024\/11\/spek-anchor-1.png\" alt=\"\" width=\"598\" height=\"727\" srcset=\"https:\/\/qingdaohf.com\/wp-content\/uploads\/2024\/11\/spek-anchor-1.png 598w, https:\/\/qingdaohf.com\/wp-content\/uploads\/2024\/11\/spek-anchor-1-247x300.png 247w, https:\/\/qingdaohf.com\/wp-content\/uploads\/2024\/11\/spek-anchor-1-10x12.png 10w\" sizes=\"(max-width: 598px) 100vw, 598px\" \/><\/p>\n<h3>Spekankare - anv\u00e4ndningsomr\u00e5den och m\u00e5ngsidighet i olika marina milj\u00f6er<\/h3>\n<p>Spek-ankaret v\u00e4ljs ofta till handelsfartyg, offshore-riggar och andra st\u00f6rre fartyg tack vare sin imponerande h\u00e5llfasthet och anpassningsf\u00f6rm\u00e5ga. Ankaret \u00e4r s\u00e4rskilt effektivt f\u00f6r st\u00f6rre fartyg d\u00e4r s\u00e4ker f\u00f6rt\u00f6jning \u00e4r avg\u00f6rande f\u00f6r att uppr\u00e4tth\u00e5lla stabiliteten under l\u00e4ngre vistelser. Vid m\u00e5ttliga till kraftiga sj\u00f6f\u00f6rh\u00e5llanden ger Spek Anchor en f\u00f6rdel tack vare sitt motst\u00e5nd mot r\u00f6relser i sidled och sin f\u00f6rm\u00e5ga att h\u00e5lla fast \u00e4ven i skiftande str\u00f6mmar. Dessa egenskaper g\u00f6r det till ett f\u00f6rstahandsval i situationer d\u00e4r s\u00e4ker f\u00f6rankring kr\u00e4vs trots of\u00f6ruts\u00e4gbara milj\u00f6f\u00f6rh\u00e5llanden.<\/p>\n<p>F\u00f6r ink\u00f6pare inom marin- och offshoresektorn \u00e4r h\u00e5llbarhet, enkel anv\u00e4ndning och kostnadseffektivitet viktiga faktorer. Spek Anchor \u00e4r inte bara enkelt att anv\u00e4nda, utan minskar ocks\u00e5 slitaget p\u00e5 ankark\u00e4ttingen och tillh\u00f6rande utrustning genom att minimera pl\u00f6tsliga ryck eller drag som kan uppst\u00e5 med mindre stabila ankartyper. Fartyg som navigerar i omr\u00e5den med sandiga, leriga eller till och med steniga havsbottnar drar nytta av Spek Anchor's snabba och tillf\u00f6rlitliga inst\u00e4llning, eftersom det anpassar sig v\u00e4l till olika typer av ytor.<\/p>\n<p>P\u00e5 Qingdao H&amp;F l\u00e4gger vi stor vikt vid att tillhandah\u00e5lla produkter som uppfyller dessa operativa behov samtidigt som vi erbjuder f\u00f6rdelar som f\u00f6rb\u00e4ttrar k\u00f6pupplevelsen. V\u00e5rt engagemang f\u00f6r snabba leveranscykler s\u00e4kerst\u00e4ller att kunderna snabbt kan integrera ny utrustning utan l\u00e5nga v\u00e4ntetider. Dessutom utf\u00f6r vi noggranna tester f\u00f6r varje Spek Anchor och tillhandah\u00e5ller detaljerade inspektionsrapporter f\u00f6r att certifiera ankarets h\u00e5llbarhet, vikt och prestandaparametrar. Denna niv\u00e5 av kvalitetskontroll \u00e4r s\u00e4rskilt viktig f\u00f6r k\u00f6pare som m\u00e5ste f\u00f6lja sj\u00f6s\u00e4kerhetsstandarder och kr\u00e4ver tydlig dokumentation f\u00f6r att verifiera utrustningens tillf\u00f6rlitlighet.<\/p>\n<h3>F\u00f6rdelar med att v\u00e4lja Spek-ankare fr\u00e5n Qingdao H&amp;F<\/h3>\n<p>Att v\u00e4lja ett Spek Anchor fr\u00e5n Qingdao H&amp;F inneb\u00e4r att investera i mer \u00e4n bara en produkt; det inneb\u00e4r att f\u00e5 en p\u00e5litlig partner i upphandling av marin utrustning. Med \u00f6ver 20 \u00e5rs erfarenhet av internationell handel har Qingdao H&amp;F f\u00f6rtj\u00e4nat ett rykte om tillf\u00f6rlitlighet och engagemang f\u00f6r kundn\u00f6jdhet. Vi f\u00f6rst\u00e5r de operativa kraven inom sj\u00f6fartsindustrin och str\u00e4var efter att m\u00f6ta dessa genom att s\u00e4kerst\u00e4lla att varje ankare inte bara uppfyller rigor\u00f6sa kvalitetsstandarder utan ocks\u00e5 anpassas till v\u00e5ra kunders specifika applikationskrav.<\/p>\n<p>V\u00e5r kundservicemodell skiljer oss fr\u00e5n andra leverant\u00f6rer genom att fr\u00e4mja ett personligt f\u00f6rh\u00e5llningss\u00e4tt till varje transaktion. Fr\u00e5n f\u00f6rsta f\u00f6rfr\u00e5gan till leverans f\u00e5r kunderna hj\u00e4lp av v\u00e5r kunniga personal, som ger v\u00e4gledning utifr\u00e5n branschstandarder och applikationsspecifika krav. Vi ger till exempel r\u00e5d om hur man v\u00e4ljer l\u00e4mplig vikt och storlek p\u00e5 Spek Anchor utifr\u00e5n fartygstyp och typiska sj\u00f6f\u00f6rh\u00e5llanden, s\u00e5 att kunderna kan fatta v\u00e4lgrundade beslut som \u00f6kar s\u00e4kerheten och effektiviteten i verksamheten.<\/p>\n<p>V\u00e5rt engagemang f\u00f6r transparens understryks ytterligare av v\u00e5r omfattande kvalitetss\u00e4kringsprocess. Varje Spek Anchor genomg\u00e5r omfattande tester f\u00f6r att verifiera faktorer som dragh\u00e5llfasthet, viktkonsistens och korrosionsbest\u00e4ndighet. Dessa testprocesser dokumenteras i detaljerade inspektionsrapporter som vi delar med oss av till kunderna, vilket ger dem f\u00f6rtroende f\u00f6r produktens h\u00e5llbarhet och prestanda. Dessutom m\u00f6jligg\u00f6r v\u00e5r effektiva logistik och v\u00e5ra leveransalternativ fr\u00e5n lager till lager att produkterna anl\u00e4nder i r\u00e4tt tid, vilket bidrar till att minimera avbrott i kundernas verksamhet och maximera bekv\u00e4mligheten.<\/p>\n<p>Qingdao H&amp;F:s fokus p\u00e5 service och produktkvalitet g\u00f6r oss till ett idealiskt val f\u00f6r k\u00f6pare som inte bara s\u00f6ker robusta, p\u00e5litliga ankare utan ocks\u00e5 en smidig k\u00f6pupplevelse.<\/p>","protected":false},"excerpt":{"rendered":"<p>Spek Anchor, som \u00e4r en stapelvara i marina applikationer, \u00e4r mycket uppskattat av k\u00f6pare som s\u00f6ker en balans mellan tillf\u00f6rlitlighet och effektiv prestanda i olika havsf\u00f6rh\u00e5llanden. Spek-ankaret \u00e4r k\u00e4nt f\u00f6r sin robusta h\u00e5llkraft och stabilitet och \u00e4r s\u00e4rskilt v\u00e4l l\u00e4mpat f\u00f6r fartyg i m\u00e5ttlig till grov sj\u00f6. P\u00e5 Qingdao H&amp;F g\u00e5r vi ett steg l\u00e4ngre genom att erbjuda personlig kundservice f\u00f6r att s\u00e4kerst\u00e4lla att varje kund f\u00e5r v\u00e4gledning som \u00e4r skr\u00e4ddarsydd efter deras specifika krav. V\u00e5r snabba leveranscykel minskar stillest\u00e5ndstiden, medan v\u00e5rt utbud av kvalitetsinspektionsrapporter ger k\u00f6parna \u00f6kat f\u00f6rtroende f\u00f6r produktens tillf\u00f6rlitlighet och h\u00e5llbarhet. F\u00f6r yrkesverksamma inom marinindustrin s\u00e4kerst\u00e4ller v\u00e5rt fokus p\u00e5 exceptionell service och str\u00f6mlinjeformade processer en s\u00f6ml\u00f6s ink\u00f6psupplevelse.<\/p>","protected":false},"featured_media":8311,"comment_status":"open","ping_status":"closed","template":"","meta":{"site-sidebar-layout":"default","site-content-layout":"","ast-site-content-layout":"default","site-content-style":"default","site-sidebar-style":"default","ast-global-header-display":"","ast-banner-title-visibility":"","ast-main-header-display":"","ast-hfb-above-header-display":"","ast-hfb-below-header-display":"","ast-hfb-mobile-header-display":"","site-post-title":"","ast-breadcrumbs-content":"","ast-featured-img":"","footer-sml-layout":"","theme-transparent-header-meta":"default","adv-header-id-meta":"","stick-header-meta":"default","header-above-stick-meta":"","header-main-stick-meta":"","header-below-stick-meta":"","astra-migrate-meta-layouts":"set","ast-page-background-enabled":"default","ast-page-background-meta":{"desktop":{"background-color":"","background-image":"","background-repeat":"repeat","background-position":"center center","background-size":"auto","background-attachment":"scroll","background-type":"","background-media":"","overlay-type":"","overlay-color":"","overlay-opacity":"","overlay-gradient":""},"tablet":{"background-color":"","background-image":"","background-repeat":"repeat","background-position":"center center","background-size":"auto","background-attachment":"scroll","background-type":"","background-media":"","overlay-type":"","overlay-color":"","overlay-opacity":"","overlay-gradient":""},"mobile":{"background-color":"","background-image":"","background-repeat":"repeat","background-position":"center center","background-size":"auto","background-attachment":"scroll","background-type":"","background-media":"","overlay-type":"","overlay-color":"","overlay-opacity":"","overlay-gradient":""}},"ast-content-background-meta":{"desktop":{"background-color":"var(--ast-global-color-5)","background-image":"","background-repeat":"repeat","background-position":"center center","background-size":"auto","background-attachment":"scroll","background-type":"","background-media":"","overlay-type":"","overlay-color":"","overlay-opacity":"","overlay-gradient":""},"tablet":{"background-color":"var(--ast-global-color-5)","background-image":"","background-repeat":"repeat","background-position":"center center","background-size":"auto","background-attachment":"scroll","background-type":"","background-media":"","overlay-type":"","overlay-color":"","overlay-opacity":"","overlay-gradient":""},"mobile":{"background-color":"var(--ast-global-color-5)","background-image":"","background-repeat":"repeat","background-position":"center center","background-size":"auto","background-attachment":"scroll","background-type":"","background-media":"","overlay-type":"","overlay-color":"","overlay-opacity":"","overlay-gradient":""}}},"product_brand":[],"product_cat":[74],"product_tag":[],"class_list":{"0":"post-8310","1":"product","2":"type-product","3":"status-publish","4":"has-post-thumbnail","6":"product_cat-boat-anchor","7":"desktop-align-left","8":"tablet-align-left","9":"mobile-align-left","10":"ast-product-gallery-layout-horizontal-slider","11":"ast-product-tabs-layout-horizontal","13":"first","14":"instock","15":"shipping-taxable","16":"purchasable","17":"product-type-simple"},"yoast_head":"<!-- This site is optimized with the Yoast SEO plugin v25.2 - https:\/\/yoast.com\/wordpress\/plugins\/seo\/ -->\n<title>Spek Anchor Stockless Anchor<\/title>\n<meta name=\"robots\" content=\"index, follow, max-snippet:-1, max-image-preview:large, max-video-preview:-1\" \/>\n<link rel=\"canonical\" href=\"https:\/\/qingdaohf.com\/sv\/produkt\/spek-ankare-stocklost-ankare\/\" \/>\n<meta property=\"og:locale\" content=\"sv_SE\" \/>\n<meta property=\"og:type\" content=\"article\" \/>\n<meta property=\"og:title\" content=\"Spek Anchor Stockless Anchor\" \/>\n<meta property=\"og:description\" content=\"The Spek Anchor, a staple in marine applications, is highly valued by buyers seeking a balance of reliability and efficient performance in diverse ocean conditions. Known for its robust holding power and stability, the Spek Anchor is particularly well-suited for vessels in moderate to rough seas. At Qingdao H&amp;F, we go a step further by providing one-on-one customer service to ensure each client receives guidance tailored to their specific requirements. Our fast delivery cycle reduces downtime, while our range of quality inspection reports offers buyers added confidence in product reliability and durability. For marine industry professionals, our focus on exceptional service and streamlined processes ensures a seamless purchasing experience.\" \/>\n<meta property=\"og:url\" content=\"https:\/\/qingdaohf.com\/sv\/produkt\/spek-ankare-stocklost-ankare\/\" \/>\n<meta property=\"og:site_name\" content=\"Concrete Form &amp; Rigging Hardware Supplier\" \/>\n<meta property=\"article:publisher\" content=\"https:\/\/www.facebook.com\/qingdaohf\" \/>\n<meta property=\"article:modified_time\" content=\"2025-11-13T01:02:52+00:00\" \/>\n<meta property=\"og:image\" content=\"https:\/\/qingdaohf.com\/wp-content\/uploads\/2024\/11\/spek-anchor.jpg\" \/>\n\t<meta property=\"og:image:width\" content=\"1000\" \/>\n\t<meta property=\"og:image:height\" content=\"1000\" \/>\n\t<meta property=\"og:image:type\" content=\"image\/jpeg\" \/>\n<meta name=\"twitter:card\" content=\"summary_large_image\" \/>\n<meta name=\"twitter:label1\" content=\"Ber\u00e4knad l\u00e4stid\" \/>\n\t<meta name=\"twitter:data1\" content=\"5 minuter\" \/>\n<script type=\"application\/ld+json\" class=\"yoast-schema-graph\">{\"@context\":\"https:\/\/schema.org\",\"@graph\":[{\"@type\":\"WebPage\",\"@id\":\"https:\/\/qingdaohf.com\/product\/spek-anchor-stockless-anchor\/\",\"url\":\"https:\/\/qingdaohf.com\/product\/spek-anchor-stockless-anchor\/\",\"name\":\"Spek Anchor Stockless Anchor\",\"isPartOf\":{\"@id\":\"https:\/\/qingdaohf.com\/bg\/#website\"},\"primaryImageOfPage\":{\"@id\":\"https:\/\/qingdaohf.com\/product\/spek-anchor-stockless-anchor\/#primaryimage\"},\"image\":{\"@id\":\"https:\/\/qingdaohf.com\/product\/spek-anchor-stockless-anchor\/#primaryimage\"},\"thumbnailUrl\":\"https:\/\/qingdaohf.com\/wp-content\/uploads\/2024\/11\/spek-anchor.jpg\",\"datePublished\":\"2024-11-07T06:33:56+00:00\",\"dateModified\":\"2025-11-13T01:02:52+00:00\",\"breadcrumb\":{\"@id\":\"https:\/\/qingdaohf.com\/product\/spek-anchor-stockless-anchor\/#breadcrumb\"},\"inLanguage\":\"sv-SE\",\"potentialAction\":[{\"@type\":\"ReadAction\",\"target\":[\"https:\/\/qingdaohf.com\/product\/spek-anchor-stockless-anchor\/\"]}]},{\"@type\":\"ImageObject\",\"inLanguage\":\"sv-SE\",\"@id\":\"https:\/\/qingdaohf.com\/product\/spek-anchor-stockless-anchor\/#primaryimage\",\"url\":\"https:\/\/qingdaohf.com\/wp-content\/uploads\/2024\/11\/spek-anchor.jpg\",\"contentUrl\":\"https:\/\/qingdaohf.com\/wp-content\/uploads\/2024\/11\/spek-anchor.jpg\",\"width\":1000,\"height\":1000,\"caption\":\"spek anchor\"},{\"@type\":\"BreadcrumbList\",\"@id\":\"https:\/\/qingdaohf.com\/product\/spek-anchor-stockless-anchor\/#breadcrumb\",\"itemListElement\":[{\"@type\":\"ListItem\",\"position\":1,\"name\":\"Home\",\"item\":\"https:\/\/qingdaohf.com\/\"},{\"@type\":\"ListItem\",\"position\":2,\"name\":\"Concrete Forming Accessories and Rigging Hardware\",\"item\":\"https:\/\/qingdaohf.com\/bg\/?page_id=944\"},{\"@type\":\"ListItem\",\"position\":3,\"name\":\"Spek Anchor Stockless Anchor\"}]},{\"@type\":\"WebSite\",\"@id\":\"https:\/\/qingdaohf.com\/bg\/#website\",\"url\":\"https:\/\/qingdaohf.com\/bg\/\",\"name\":\"Concrete Form & Rigging Hardware Supplier\",\"description\":\"\",\"publisher\":{\"@id\":\"https:\/\/qingdaohf.com\/bg\/#organization\"},\"potentialAction\":[{\"@type\":\"SearchAction\",\"target\":{\"@type\":\"EntryPoint\",\"urlTemplate\":\"https:\/\/qingdaohf.com\/bg\/?s={search_term_string}\"},\"query-input\":{\"@type\":\"PropertyValueSpecification\",\"valueRequired\":true,\"valueName\":\"search_term_string\"}}],\"inLanguage\":\"sv-SE\"},{\"@type\":\"Organization\",\"@id\":\"https:\/\/qingdaohf.com\/bg\/#organization\",\"name\":\"Qingdao H&F\",\"url\":\"https:\/\/qingdaohf.com\/bg\/\",\"logo\":{\"@type\":\"ImageObject\",\"inLanguage\":\"sv-SE\",\"@id\":\"https:\/\/qingdaohf.com\/bg\/#\/schema\/logo\/image\/\",\"url\":\"https:\/\/qingdaohf.com\/wp-content\/uploads\/2022\/12\/cropped-HF-LOGO.png\",\"contentUrl\":\"https:\/\/qingdaohf.com\/wp-content\/uploads\/2022\/12\/cropped-HF-LOGO.png\",\"width\":391,\"height\":249,\"caption\":\"Qingdao H&F\"},\"image\":{\"@id\":\"https:\/\/qingdaohf.com\/bg\/#\/schema\/logo\/image\/\"},\"sameAs\":[\"https:\/\/www.facebook.com\/qingdaohf\"]}]}<\/script>\n<!-- \/ Yoast SEO plugin. -->","yoast_head_json":{"title":"Spek Anchor Stockless Anchor","robots":{"index":"index","follow":"follow","max-snippet":"max-snippet:-1","max-image-preview":"max-image-preview:large","max-video-preview":"max-video-preview:-1"},"canonical":"https:\/\/qingdaohf.com\/sv\/produkt\/spek-ankare-stocklost-ankare\/","og_locale":"sv_SE","og_type":"article","og_title":"Spek Anchor Stockless Anchor","og_description":"The Spek Anchor, a staple in marine applications, is highly valued by buyers seeking a balance of reliability and efficient performance in diverse ocean conditions. Known for its robust holding power and stability, the Spek Anchor is particularly well-suited for vessels in moderate to rough seas. At Qingdao H&amp;F, we go a step further by providing one-on-one customer service to ensure each client receives guidance tailored to their specific requirements. Our fast delivery cycle reduces downtime, while our range of quality inspection reports offers buyers added confidence in product reliability and durability. For marine industry professionals, our focus on exceptional service and streamlined processes ensures a seamless purchasing experience.","og_url":"https:\/\/qingdaohf.com\/sv\/produkt\/spek-ankare-stocklost-ankare\/","og_site_name":"Concrete Form &amp; Rigging Hardware Supplier","article_publisher":"https:\/\/www.facebook.com\/qingdaohf","article_modified_time":"2025-11-13T01:02:52+00:00","og_image":[{"width":1000,"height":1000,"url":"https:\/\/qingdaohf.com\/wp-content\/uploads\/2024\/11\/spek-anchor.jpg","type":"image\/jpeg"}],"twitter_card":"summary_large_image","twitter_misc":{"Ber\u00e4knad l\u00e4stid":"5 minuter"},"schema":{"@context":"https:\/\/schema.org","@graph":[{"@type":"WebPage","@id":"https:\/\/qingdaohf.com\/product\/spek-anchor-stockless-anchor\/","url":"https:\/\/qingdaohf.com\/product\/spek-anchor-stockless-anchor\/","name":"Spek Anchor Stockless Anchor","isPartOf":{"@id":"https:\/\/qingdaohf.com\/bg\/#website"},"primaryImageOfPage":{"@id":"https:\/\/qingdaohf.com\/product\/spek-anchor-stockless-anchor\/#primaryimage"},"image":{"@id":"https:\/\/qingdaohf.com\/product\/spek-anchor-stockless-anchor\/#primaryimage"},"thumbnailUrl":"https:\/\/qingdaohf.com\/wp-content\/uploads\/2024\/11\/spek-anchor.jpg","datePublished":"2024-11-07T06:33:56+00:00","dateModified":"2025-11-13T01:02:52+00:00","breadcrumb":{"@id":"https:\/\/qingdaohf.com\/product\/spek-anchor-stockless-anchor\/#breadcrumb"},"inLanguage":"sv-SE","potentialAction":[{"@type":"ReadAction","target":["https:\/\/qingdaohf.com\/product\/spek-anchor-stockless-anchor\/"]}]},{"@type":"ImageObject","inLanguage":"sv-SE","@id":"https:\/\/qingdaohf.com\/product\/spek-anchor-stockless-anchor\/#primaryimage","url":"https:\/\/qingdaohf.com\/wp-content\/uploads\/2024\/11\/spek-anchor.jpg","contentUrl":"https:\/\/qingdaohf.com\/wp-content\/uploads\/2024\/11\/spek-anchor.jpg","width":1000,"height":1000,"caption":"spek anchor"},{"@type":"BreadcrumbList","@id":"https:\/\/qingdaohf.com\/product\/spek-anchor-stockless-anchor\/#breadcrumb","itemListElement":[{"@type":"ListItem","position":1,"name":"Home","item":"https:\/\/qingdaohf.com\/"},{"@type":"ListItem","position":2,"name":"Concrete Forming Accessories and Rigging Hardware","item":"https:\/\/qingdaohf.com\/bg\/?page_id=944"},{"@type":"ListItem","position":3,"name":"Spek Anchor Stockless Anchor"}]},{"@type":"WebSite","@id":"https:\/\/qingdaohf.com\/bg\/#website","url":"https:\/\/qingdaohf.com\/bg\/","name":"Concrete Form & Rigging Hardware Supplier","description":"","publisher":{"@id":"https:\/\/qingdaohf.com\/bg\/#organization"},"potentialAction":[{"@type":"SearchAction","target":{"@type":"EntryPoint","urlTemplate":"https:\/\/qingdaohf.com\/bg\/?s={search_term_string}"},"query-input":{"@type":"PropertyValueSpecification","valueRequired":true,"valueName":"search_term_string"}}],"inLanguage":"sv-SE"},{"@type":"Organization","@id":"https:\/\/qingdaohf.com\/bg\/#organization","name":"Qingdao H&F","url":"https:\/\/qingdaohf.com\/bg\/","logo":{"@type":"ImageObject","inLanguage":"sv-SE","@id":"https:\/\/qingdaohf.com\/bg\/#\/schema\/logo\/image\/","url":"https:\/\/qingdaohf.com\/wp-content\/uploads\/2022\/12\/cropped-HF-LOGO.png","contentUrl":"https:\/\/qingdaohf.com\/wp-content\/uploads\/2022\/12\/cropped-HF-LOGO.png","width":391,"height":249,"caption":"Qingdao H&F"},"image":{"@id":"https:\/\/qingdaohf.com\/bg\/#\/schema\/logo\/image\/"},"sameAs":["https:\/\/www.facebook.com\/qingdaohf"]}]}},"_links":{"self":[{"href":"https:\/\/qingdaohf.com\/sv\/wp-json\/wp\/v2\/product\/8310","targetHints":{"allow":["GET"]}}],"collection":[{"href":"https:\/\/qingdaohf.com\/sv\/wp-json\/wp\/v2\/product"}],"about":[{"href":"https:\/\/qingdaohf.com\/sv\/wp-json\/wp\/v2\/types\/product"}],"replies":[{"embeddable":true,"href":"https:\/\/qingdaohf.com\/sv\/wp-json\/wp\/v2\/comments?post=8310"}],"version-history":[{"count":1,"href":"https:\/\/qingdaohf.com\/sv\/wp-json\/wp\/v2\/product\/8310\/revisions"}],"predecessor-version":[{"id":8319,"href":"https:\/\/qingdaohf.com\/sv\/wp-json\/wp\/v2\/product\/8310\/revisions\/8319"}],"wp:featuredmedia":[{"embeddable":true,"href":"https:\/\/qingdaohf.com\/sv\/wp-json\/wp\/v2\/media\/8311"}],"wp:attachment":[{"href":"https:\/\/qingdaohf.com\/sv\/wp-json\/wp\/v2\/media?parent=8310"}],"wp:term":[{"taxonomy":"product_brand","embeddable":true,"href":"https:\/\/qingdaohf.com\/sv\/wp-json\/wp\/v2\/product_brand?post=8310"},{"taxonomy":"product_cat","embeddable":true,"href":"https:\/\/qingdaohf.com\/sv\/wp-json\/wp\/v2\/product_cat?post=8310"},{"taxonomy":"product_tag","embeddable":true,"href":"https:\/\/qingdaohf.com\/sv\/wp-json\/wp\/v2\/product_tag?post=8310"}],"curies":[{"name":"wp","href":"https:\/\/api.w.org\/{rel}","templated":true}]}}