{"id":8418,"date":"2024-11-29T16:19:54","date_gmt":"2024-11-29T08:19:54","guid":{"rendered":"http:\/\/qingdaohf.com\/?post_type=product&#038;p=8418"},"modified":"2025-11-13T09:02:52","modified_gmt":"2025-11-13T01:02:52","slug":"boat-ladder","status":"publish","type":"product","link":"https:\/\/qingdaohf.com\/sv\/produkt\/batstege\/","title":{"rendered":"B\u00e5tstege"},"content":{"rendered":"<h3>B\u00e5tstegarnas roll f\u00f6r marin s\u00e4kerhet och komfort<\/h3>\n<p>B\u00e5tstegar \u00e4r ett viktigt tillbeh\u00f6r till vattenskotrar f\u00f6r att s\u00e4kerst\u00e4lla enkel och s\u00e4ker \u00e5tkomst till ett fartyg under alla f\u00f6rh\u00e5llanden. Oavsett om det g\u00e4ller fritidsb\u00e5tar, professionell dykning eller sportfiske \u00f6verbryggar dessa stegar klyftan mellan vattnet och d\u00e4cket. Deras design m\u00e5ste ta h\u00e4nsyn till b\u00e5de stabilitet och l\u00e4ttviktskonstruktion eftersom de m\u00e5ste uts\u00e4ttas f\u00f6r h\u00f6g exponering f\u00f6r fukt, UV-str\u00e5lar och ibland mycket tuffa marina milj\u00f6er. Valet av b\u00e5tstege kan i h\u00f6g grad p\u00e5verka den totala b\u00e5tupplevelsen; f\u00f6rstklassig design s\u00e4kerst\u00e4ller anv\u00e4ndarv\u00e4nlighet och varaktig prestanda.<\/p>\n<p>Qingdao H&amp;F f\u00f6rst\u00e5r vikten av funktionalitet och h\u00e5llbarhet i b\u00e5tstegar. Med ett stort handelsn\u00e4tverk och ett strikt kvalitetskontrollsystem ser vi till att v\u00e5ra produkter h\u00e5ller h\u00f6gsta m\u00f6jliga standard. V\u00e5rt m\u00e5ngsidiga utbud tillgodoser olika typer av fartyg och anv\u00e4ndarkrav, vilket ger en tillf\u00f6rlitlig l\u00f6sning f\u00f6r professionella och fritidsapplikationer inom den marina sektorn.<\/p>\n<h3>Utforska olika varianter av b\u00e5tstegar<\/h3>\n<p>F\u00f6r varje specifikt \u00e4ndam\u00e5l finns det b\u00e5tstegar som \u00e4r utformade p\u00e5 olika s\u00e4tt f\u00f6r att passa olika maritima aktiviteter. F\u00e4llbara stegar \u00e4r t.ex. en utm\u00e4rkt platsbesparande l\u00f6sning f\u00f6r mindre fartyg. Deras kompakta design kompromissar inte med funktionaliteten och erbjuder robusta steg och halkskydd f\u00f6r s\u00e4ker ombordstigning. \u00c5 andra sidan har teleskopstegar blivit mycket omtalade f\u00f6r sin flexibilitet, eftersom de kan f\u00f6rl\u00e4ngas till \u00f6nskad l\u00e4ngd och \u00e4nd\u00e5 dras tillbaka p\u00e5 ett snyggt s\u00e4tt n\u00e4r de inte anv\u00e4nds. Fasta stegar \u00e4r visserligen mindre m\u00e5ngsidiga, men erbjuder o\u00f6vertr\u00e4ffad stabilitet f\u00f6r st\u00f6rre fartyg d\u00e4r permanenta installationer \u00e4r m\u00f6jliga.<\/p>\n<p>Materialvalet blir h\u00e4r avg\u00f6rande och rostfritt st\u00e5l \u00e4r framtr\u00e4dande p\u00e5 grund av sina motst\u00e5ndskraftiga egenskaper mot korrosion och slitage. Stegen har en halkfri textur som \u00f6kar greppet och minskar risken f\u00f6r att halka n\u00e4r stegen blir v\u00e5ta. De flesta k\u00f6pare letar efter stegar som kan f\u00f6rena innovativ design och funktionalitet, vilket s\u00e4kerst\u00e4ller att de uppfyller de estetiska och funktionella behoven hos deras fartyg. H\u00e4r p\u00e5 Qingdao H&amp;F \u00e4r vi stolta \u00f6ver att f\u00f6rst\u00e5 dessa prioriteringar och erbjuda en rad h\u00e5llbara och effektiva b\u00e5tstegar.<\/p>\n<h3>Varf\u00f6r v\u00e4lja Qingdao H&amp;F f\u00f6r b\u00e5tstegar<\/h3>\n<p>V\u00e5rt handelsf\u00f6retag skiljer sig fr\u00e5n m\u00e4ngden och betonar kvalitet och kundn\u00f6jdhet i varje interaktion. Fr\u00e5n det f\u00f6rsta samr\u00e5det till support efter k\u00f6pet erbjuder vi skr\u00e4ddarsydd en-till-en-service f\u00f6r att se till att k\u00f6parna hittar det som passar b\u00e4st f\u00f6r deras marina krav. Alla stegar testas strikt och detaljerade kvalitetsinspektionsrapporter tillhandah\u00e5lls f\u00f6r att f\u00f6rs\u00e4kra v\u00e5ra kunder om v\u00e5rt engagemang f\u00f6r excellens.<\/p>\n<p>Det andra k\u00e4nnetecknet f\u00f6r Qingdao H&amp;F:s service \u00e4r den snabba leveranscykeln. I en bransch d\u00e4r timing kan p\u00e5verka projektscheman och rekreationsplaner ser vi till att produkterna n\u00e5r kunderna snabbt. Ut\u00f6ver logistisk effektivitet ligger v\u00e5rt fokus p\u00e5 att bygga upp varaktiga partnerskap med kunderna baserat p\u00e5 f\u00f6rtroende, \u00f6ppenhet och skr\u00e4ddarsydda l\u00f6sningar.<\/p>\n<p>B\u00e5tstegar \u00e4r inte bara ett tillbeh\u00f6r; de \u00e4r en del av det som definierar b\u00e5de s\u00e4kerhet och tillg\u00e4nglighet p\u00e5 vattnet. En kombination av funktionell design, starka material och tillf\u00f6rlitlig prestanda har resulterat i en produktlinje som passar alla typer av behov i den marina v\u00e4rlden. Samarbeta med oss och du kan vara s\u00e4ker p\u00e5 att f\u00e5 den b\u00e4sta produkten och en o\u00f6vertr\u00e4ffad k\u00f6pupplevelse, med snabb service och p\u00e5litlig kvalitet.<\/p>","protected":false},"excerpt":{"rendered":"<div class=\"InputContainer_userInputWrapper__WcJ_k\">\n<div class=\"ParaphraseButton_wrapper__7guiI InputContainer_paraphraseButton__Z9w4R\">\n<div class=\"ParaphraseButton_paraphraseContainer__OxC0W\"><span class=\"Editor_t__not_edited__WuRP8\" style=\"font-size: 16px;\">B\u00e5tstegar \u00e4r <\/span><span class=\"Editor_t__added__LtuNJ\" style=\"font-size: 16px;\">viktig<\/span><span class=\"Editor_t__not_edited__WuRP8\" style=\"font-size: 16px;\">\u00a0f\u00f6r\u00a0<\/span><span class=\"Editor_t__added__LtuNJ\" style=\"font-size: 16px;\">l\u00e4tt<\/span><span class=\"Editor_t__not_edited__WuRP8\" style=\"font-size: 16px;\">\u00a0<\/span><span class=\"Editor_t__added__LtuNJ\" style=\"font-size: 16px;\">ombordstigning<\/span><span class=\"Editor_t__not_edited__WuRP8\" style=\"font-size: 16px;\">\u00a0och\u00a0<\/span><span class=\"Editor_t__added__LtuNJ\" style=\"font-size: 16px;\">landstigning<\/span><span class=\"Editor_t__not_edited_long__JuNNx\" style=\"font-size: 16px;\">och erbjuder b\u00e5de s\u00e4kerhet och bekv\u00e4mlighet f\u00f6r marina entusiaster.\u00a0<\/span><span class=\"Editor_t__added__LtuNJ\" style=\"font-size: 16px;\">Bland de egenskaper som\u00a0<\/span><span class=\"Editor_t__not_edited__WuRP8\" style=\"font-size: 16px;\">K\u00f6pare\u00a0<\/span><span class=\"Editor_t__added__LtuNJ\" style=\"font-size: 16px;\">normalt<\/span><span class=\"Editor_t__not_edited__WuRP8\" style=\"font-size: 16px;\">\u00a0<\/span><span class=\"Editor_t__added__LtuNJ\" style=\"font-size: 16px;\">titta<\/span><span class=\"Editor_t__not_edited__WuRP8\" style=\"font-size: 16px;\">\u00a0<\/span><span class=\"Editor_t__added__LtuNJ\" style=\"font-size: 16px;\">f\u00f6r<\/span><span class=\"Editor_t__not_edited__WuRP8\" style=\"font-size: 16px;\">\u00a0<\/span><span class=\"Editor_t__added__LtuNJ\" style=\"font-size: 16px;\">i en produkt \u00e4r h\u00e5llbarhet<\/span><span class=\"Editor_t__not_edited__WuRP8\" style=\"font-size: 16px;\">, halkskydd\u00a0<\/span><span class=\"Editor_t__added__LtuNJ\" style=\"font-size: 16px;\">design<\/span><span class=\"Editor_t__not_edited__WuRP8\" style=\"font-size: 16px;\">, och enkel f\u00f6rvaring<\/span><span class=\"Editor_t__added__LtuNJ\" style=\"font-size: 16px;\">,<\/span><span class=\"Editor_t__not_edited__WuRP8\" style=\"font-size: 16px;\">\u00a0<\/span><span class=\"Editor_t__added__LtuNJ\" style=\"font-size: 16px;\">givet<\/span><span class=\"Editor_t__not_edited__WuRP8\" style=\"font-size: 16px;\">\u00a0<\/span><span class=\"Editor_t__not_edited_long__JuNNx\" style=\"font-size: 16px;\">utmaningarna med saltvattenexponering och begr\u00e4nsat d\u00e4ckutrymme. Qingdao H&amp;F\u00a0<\/span><span class=\"Editor_t__added__LtuNJ\" style=\"font-size: 16px;\">verk<\/span><span class=\"Editor_t__not_edited__WuRP8\" style=\"font-size: 16px;\">\u00a0<\/span><span class=\"Editor_t__added__LtuNJ\" style=\"font-size: 16px;\">f\u00f6r att s\u00e4kerst\u00e4lla att\u00a0<\/span><span class=\"Editor_t__not_edited__WuRP8\" style=\"font-size: 16px;\">dessa\u00a0<\/span><span class=\"Editor_t__added__LtuNJ\" style=\"font-size: 16px;\">krav<\/span><span class=\"Editor_t__not_edited__WuRP8\" style=\"font-size: 16px;\">\u00a0\u00e4r\u00a0<\/span><span class=\"Editor_t__added__LtuNJ\" style=\"font-size: 16px;\">n\u00f6jd<\/span><span class=\"Editor_t__not_edited__WuRP8\" style=\"font-size: 16px;\">\u00a0av\u00a0<\/span><span class=\"Editor_t__added__LtuNJ\" style=\"font-size: 16px;\">tillhandah\u00e5lla<\/span><span class=\"Editor_t__not_edited__WuRP8\" style=\"font-size: 16px;\">\u00a0<\/span><span class=\"Editor_t__added__LtuNJ\" style=\"font-size: 16px;\">kunder med\u00a0<\/span><span class=\"Editor_t__not_edited__WuRP8\" style=\"font-size: 16px;\">B\u00e5tstegar av h\u00f6g kvalitet\u00a0<\/span><span class=\"Editor_t__added__LtuNJ\" style=\"font-size: 16px;\">st\u00f6ds<\/span><span class=\"Editor_t__not_edited_long__JuNNx\" style=\"font-size: 16px;\">\u00a0genom omfattande kvalitetsinspektionsrapporter.\u00a0<\/span><span class=\"Editor_t__added__LtuNJ\" style=\"font-size: 16px;\">Med<\/span><span class=\"Editor_t__not_edited__WuRP8\" style=\"font-size: 16px;\">\u00a0kundservice p\u00e5 tu man hand<\/span><span class=\"Editor_t__added__LtuNJ\" style=\"font-size: 16px;\">,<\/span><span class=\"Editor_t__not_edited__WuRP8\" style=\"font-size: 16px;\">\u00a0<\/span><span class=\"Editor_t__not_edited__WuRP8\" style=\"font-size: 16px;\">L\u00f6sningar<\/span><span class=\"Editor_t__not_edited__WuRP8\" style=\"font-size: 16px;\">\u00a0<\/span><span class=\"Editor_t__added__LtuNJ\" style=\"font-size: 16px;\">\u00e4r<\/span><span class=\"Editor_t__not_edited__WuRP8\" style=\"font-size: 16px;\">\u00a0<\/span><span class=\"Editor_t__added__LtuNJ\" style=\"font-size: 16px;\">skr\u00e4ddarsydd;<\/span><span class=\"Editor_t__not_edited__WuRP8\" style=\"font-size: 16px;\">\u00a0snabb leverans\u00a0<\/span><span class=\"Editor_t__added__LtuNJ\" style=\"font-size: 16px;\">cykler<\/span><span class=\"Editor_t__not_edited__WuRP8\" style=\"font-size: 16px;\">\u00a0<\/span><span class=\"Editor_t__added__LtuNJ\" style=\"font-size: 16px;\">medelv\u00e4rde<\/span><span class=\"Editor_t__not_edited__WuRP8\" style=\"font-size: 16px;\">\u00a0Stillest\u00e5ndstid<\/span><span class=\"Editor_t__added__LtuNJ\" style=\"font-size: 16px;\">\u00a0\u00e4r minimal<\/span><span class=\"Editor_t__not_edited__WuRP8\" style=\"font-size: 16px;\">,\u00a0<\/span><span class=\"Editor_t__added__LtuNJ\" style=\"font-size: 16px;\">s\u00e5<\/span><span class=\"Editor_t__not_edited__WuRP8\" style=\"font-size: 16px;\">\u00a0varje k\u00f6p\u00a0<\/span><span class=\"Editor_t__added__LtuNJ\" style=\"font-size: 16px;\">f\u00e5r<\/span><span class=\"Editor_t__not_edited__WuRP8\" style=\"font-size: 16px;\">\u00a0<\/span><span class=\"Editor_t__added__LtuNJ\" style=\"font-size: 16px;\">v\u00e5r<\/span><span class=\"Editor_t__not_edited__WuRP8\" style=\"font-size: 16px;\">\u00a0<\/span><span class=\"Editor_t__added__LtuNJ\" style=\"font-size: 16px;\">kund ett\u00a0<\/span><span class=\"Editor_t__not_edited__WuRP8\" style=\"font-size: 16px;\">steg\u00a0<\/span><span class=\"Editor_t__added__LtuNJ\" style=\"font-size: 16px;\">n\u00e4rmare<\/span><span class=\"Editor_t__not_edited__WuRP8\" style=\"font-size: 16px;\">\u00a0<\/span><span class=\"Editor_t__added__LtuNJ\" style=\"font-size: 16px;\">till<\/span><span class=\"Editor_t__not_edited__WuRP8\" style=\"font-size: 16px;\">\u00a0<\/span><span class=\"Editor_t__added__LtuNJ\" style=\"font-size: 16px;\">b\u00e4ttre\u00a0<\/span><span class=\"Editor_t__not_edited__WuRP8\" style=\"font-size: 16px;\">maritima upplevelser.<\/span><\/div>\n<\/div>\n<\/div>","protected":false},"featured_media":8425,"comment_status":"open","ping_status":"closed","template":"","meta":{"site-sidebar-layout":"default","site-content-layout":"","ast-site-content-layout":"default","site-content-style":"default","site-sidebar-style":"default","ast-global-header-display":"","ast-banner-title-visibility":"","ast-main-header-display":"","ast-hfb-above-header-display":"","ast-hfb-below-header-display":"","ast-hfb-mobile-header-display":"","site-post-title":"","ast-breadcrumbs-content":"","ast-featured-img":"","footer-sml-layout":"","theme-transparent-header-meta":"default","adv-header-id-meta":"","stick-header-meta":"default","header-above-stick-meta":"","header-main-stick-meta":"","header-below-stick-meta":"","astra-migrate-meta-layouts":"set","ast-page-background-enabled":"default","ast-page-background-meta":{"desktop":{"background-color":"","background-image":"","background-repeat":"repeat","background-position":"center center","background-size":"auto","background-attachment":"scroll","background-type":"","background-media":"","overlay-type":"","overlay-color":"","overlay-opacity":"","overlay-gradient":""},"tablet":{"background-color":"","background-image":"","background-repeat":"repeat","background-position":"center center","background-size":"auto","background-attachment":"scroll","background-type":"","background-media":"","overlay-type":"","overlay-color":"","overlay-opacity":"","overlay-gradient":""},"mobile":{"background-color":"","background-image":"","background-repeat":"repeat","background-position":"center center","background-size":"auto","background-attachment":"scroll","background-type":"","background-media":"","overlay-type":"","overlay-color":"","overlay-opacity":"","overlay-gradient":""}},"ast-content-background-meta":{"desktop":{"background-color":"var(--ast-global-color-5)","background-image":"","background-repeat":"repeat","background-position":"center center","background-size":"auto","background-attachment":"scroll","background-type":"","background-media":"","overlay-type":"","overlay-color":"","overlay-opacity":"","overlay-gradient":""},"tablet":{"background-color":"var(--ast-global-color-5)","background-image":"","background-repeat":"repeat","background-position":"center center","background-size":"auto","background-attachment":"scroll","background-type":"","background-media":"","overlay-type":"","overlay-color":"","overlay-opacity":"","overlay-gradient":""},"mobile":{"background-color":"var(--ast-global-color-5)","background-image":"","background-repeat":"repeat","background-position":"center center","background-size":"auto","background-attachment":"scroll","background-type":"","background-media":"","overlay-type":"","overlay-color":"","overlay-opacity":"","overlay-gradient":""}}},"product_brand":[],"product_cat":[44],"product_tag":[],"class_list":{"0":"post-8418","1":"product","2":"type-product","3":"status-publish","4":"has-post-thumbnail","6":"product_cat-stainless-steel-poduct","7":"desktop-align-left","8":"tablet-align-left","9":"mobile-align-left","10":"ast-product-gallery-layout-horizontal-slider","11":"ast-product-tabs-layout-horizontal","13":"first","14":"instock","15":"shipping-taxable","16":"purchasable","17":"product-type-simple"},"yoast_head":"<!-- This site is optimized with the Yoast SEO plugin v25.2 - https:\/\/yoast.com\/wordpress\/plugins\/seo\/ -->\n<title>Boat Ladder<\/title>\n<meta name=\"description\" content=\"Boat ladders are important\u00a0for\u00a0easy\u00a0embarkation\u00a0and\u00a0disembarkation, offering both safety and convenience to marine enthusiasts.\u00a0\" \/>\n<meta name=\"robots\" content=\"index, follow, max-snippet:-1, max-image-preview:large, max-video-preview:-1\" \/>\n<link rel=\"canonical\" href=\"https:\/\/qingdaohf.com\/sv\/produkt\/batstege\/\" \/>\n<meta property=\"og:locale\" content=\"sv_SE\" \/>\n<meta property=\"og:type\" content=\"article\" \/>\n<meta property=\"og:title\" content=\"Boat Ladder\" \/>\n<meta property=\"og:description\" content=\"Boat ladders are important\u00a0for\u00a0easy\u00a0embarkation\u00a0and\u00a0disembarkation, offering both safety and convenience to marine enthusiasts.\u00a0\" \/>\n<meta property=\"og:url\" content=\"https:\/\/qingdaohf.com\/sv\/produkt\/batstege\/\" \/>\n<meta property=\"og:site_name\" content=\"Concrete Form &amp; Rigging Hardware Supplier\" \/>\n<meta property=\"article:publisher\" content=\"https:\/\/www.facebook.com\/qingdaohf\" \/>\n<meta property=\"article:modified_time\" content=\"2025-11-13T01:02:52+00:00\" \/>\n<meta property=\"og:image\" content=\"https:\/\/qingdaohf.com\/wp-content\/uploads\/2024\/11\/boat-ladder-1.jpg\" \/>\n\t<meta property=\"og:image:width\" content=\"1000\" \/>\n\t<meta property=\"og:image:height\" content=\"1000\" \/>\n\t<meta property=\"og:image:type\" content=\"image\/jpeg\" \/>\n<meta name=\"twitter:card\" content=\"summary_large_image\" \/>\n<meta name=\"twitter:label1\" content=\"Ber\u00e4knad l\u00e4stid\" \/>\n\t<meta name=\"twitter:data1\" content=\"3 minuter\" \/>\n<script type=\"application\/ld+json\" class=\"yoast-schema-graph\">{\"@context\":\"https:\/\/schema.org\",\"@graph\":[{\"@type\":\"WebPage\",\"@id\":\"https:\/\/qingdaohf.com\/product\/boat-ladder\/\",\"url\":\"https:\/\/qingdaohf.com\/product\/boat-ladder\/\",\"name\":\"Boat Ladder\",\"isPartOf\":{\"@id\":\"https:\/\/qingdaohf.com\/bg\/#website\"},\"primaryImageOfPage\":{\"@id\":\"https:\/\/qingdaohf.com\/product\/boat-ladder\/#primaryimage\"},\"image\":{\"@id\":\"https:\/\/qingdaohf.com\/product\/boat-ladder\/#primaryimage\"},\"thumbnailUrl\":\"https:\/\/qingdaohf.com\/wp-content\/uploads\/2024\/11\/boat-ladder-1.jpg\",\"datePublished\":\"2024-11-29T08:19:54+00:00\",\"dateModified\":\"2025-11-13T01:02:52+00:00\",\"description\":\"Boat ladders are important\u00a0for\u00a0easy\u00a0embarkation\u00a0and\u00a0disembarkation, offering both safety and convenience to marine enthusiasts.\u00a0\",\"breadcrumb\":{\"@id\":\"https:\/\/qingdaohf.com\/product\/boat-ladder\/#breadcrumb\"},\"inLanguage\":\"sv-SE\",\"potentialAction\":[{\"@type\":\"ReadAction\",\"target\":[\"https:\/\/qingdaohf.com\/product\/boat-ladder\/\"]}]},{\"@type\":\"ImageObject\",\"inLanguage\":\"sv-SE\",\"@id\":\"https:\/\/qingdaohf.com\/product\/boat-ladder\/#primaryimage\",\"url\":\"https:\/\/qingdaohf.com\/wp-content\/uploads\/2024\/11\/boat-ladder-1.jpg\",\"contentUrl\":\"https:\/\/qingdaohf.com\/wp-content\/uploads\/2024\/11\/boat-ladder-1.jpg\",\"width\":1000,\"height\":1000,\"caption\":\"boat ladder\"},{\"@type\":\"BreadcrumbList\",\"@id\":\"https:\/\/qingdaohf.com\/product\/boat-ladder\/#breadcrumb\",\"itemListElement\":[{\"@type\":\"ListItem\",\"position\":1,\"name\":\"Home\",\"item\":\"https:\/\/qingdaohf.com\/\"},{\"@type\":\"ListItem\",\"position\":2,\"name\":\"Concrete Forming Accessories and Rigging Hardware\",\"item\":\"https:\/\/qingdaohf.com\/bg\/?page_id=944\"},{\"@type\":\"ListItem\",\"position\":3,\"name\":\"Boat Ladder\"}]},{\"@type\":\"WebSite\",\"@id\":\"https:\/\/qingdaohf.com\/bg\/#website\",\"url\":\"https:\/\/qingdaohf.com\/bg\/\",\"name\":\"Concrete Form & Rigging Hardware Supplier\",\"description\":\"\",\"publisher\":{\"@id\":\"https:\/\/qingdaohf.com\/bg\/#organization\"},\"potentialAction\":[{\"@type\":\"SearchAction\",\"target\":{\"@type\":\"EntryPoint\",\"urlTemplate\":\"https:\/\/qingdaohf.com\/bg\/?s={search_term_string}\"},\"query-input\":{\"@type\":\"PropertyValueSpecification\",\"valueRequired\":true,\"valueName\":\"search_term_string\"}}],\"inLanguage\":\"sv-SE\"},{\"@type\":\"Organization\",\"@id\":\"https:\/\/qingdaohf.com\/bg\/#organization\",\"name\":\"Qingdao H&F\",\"url\":\"https:\/\/qingdaohf.com\/bg\/\",\"logo\":{\"@type\":\"ImageObject\",\"inLanguage\":\"sv-SE\",\"@id\":\"https:\/\/qingdaohf.com\/bg\/#\/schema\/logo\/image\/\",\"url\":\"https:\/\/qingdaohf.com\/wp-content\/uploads\/2022\/12\/cropped-HF-LOGO.png\",\"contentUrl\":\"https:\/\/qingdaohf.com\/wp-content\/uploads\/2022\/12\/cropped-HF-LOGO.png\",\"width\":391,\"height\":249,\"caption\":\"Qingdao H&F\"},\"image\":{\"@id\":\"https:\/\/qingdaohf.com\/bg\/#\/schema\/logo\/image\/\"},\"sameAs\":[\"https:\/\/www.facebook.com\/qingdaohf\"]}]}<\/script>\n<!-- \/ Yoast SEO plugin. -->","yoast_head_json":{"title":"Boat Ladder","description":"Boat ladders are important\u00a0for\u00a0easy\u00a0embarkation\u00a0and\u00a0disembarkation, offering both safety and convenience to marine enthusiasts.\u00a0","robots":{"index":"index","follow":"follow","max-snippet":"max-snippet:-1","max-image-preview":"max-image-preview:large","max-video-preview":"max-video-preview:-1"},"canonical":"https:\/\/qingdaohf.com\/sv\/produkt\/batstege\/","og_locale":"sv_SE","og_type":"article","og_title":"Boat Ladder","og_description":"Boat ladders are important\u00a0for\u00a0easy\u00a0embarkation\u00a0and\u00a0disembarkation, offering both safety and convenience to marine enthusiasts.\u00a0","og_url":"https:\/\/qingdaohf.com\/sv\/produkt\/batstege\/","og_site_name":"Concrete Form &amp; Rigging Hardware Supplier","article_publisher":"https:\/\/www.facebook.com\/qingdaohf","article_modified_time":"2025-11-13T01:02:52+00:00","og_image":[{"width":1000,"height":1000,"url":"https:\/\/qingdaohf.com\/wp-content\/uploads\/2024\/11\/boat-ladder-1.jpg","type":"image\/jpeg"}],"twitter_card":"summary_large_image","twitter_misc":{"Ber\u00e4knad l\u00e4stid":"3 minuter"},"schema":{"@context":"https:\/\/schema.org","@graph":[{"@type":"WebPage","@id":"https:\/\/qingdaohf.com\/product\/boat-ladder\/","url":"https:\/\/qingdaohf.com\/product\/boat-ladder\/","name":"Boat Ladder","isPartOf":{"@id":"https:\/\/qingdaohf.com\/bg\/#website"},"primaryImageOfPage":{"@id":"https:\/\/qingdaohf.com\/product\/boat-ladder\/#primaryimage"},"image":{"@id":"https:\/\/qingdaohf.com\/product\/boat-ladder\/#primaryimage"},"thumbnailUrl":"https:\/\/qingdaohf.com\/wp-content\/uploads\/2024\/11\/boat-ladder-1.jpg","datePublished":"2024-11-29T08:19:54+00:00","dateModified":"2025-11-13T01:02:52+00:00","description":"Boat ladders are important\u00a0for\u00a0easy\u00a0embarkation\u00a0and\u00a0disembarkation, offering both safety and convenience to marine enthusiasts.\u00a0","breadcrumb":{"@id":"https:\/\/qingdaohf.com\/product\/boat-ladder\/#breadcrumb"},"inLanguage":"sv-SE","potentialAction":[{"@type":"ReadAction","target":["https:\/\/qingdaohf.com\/product\/boat-ladder\/"]}]},{"@type":"ImageObject","inLanguage":"sv-SE","@id":"https:\/\/qingdaohf.com\/product\/boat-ladder\/#primaryimage","url":"https:\/\/qingdaohf.com\/wp-content\/uploads\/2024\/11\/boat-ladder-1.jpg","contentUrl":"https:\/\/qingdaohf.com\/wp-content\/uploads\/2024\/11\/boat-ladder-1.jpg","width":1000,"height":1000,"caption":"boat ladder"},{"@type":"BreadcrumbList","@id":"https:\/\/qingdaohf.com\/product\/boat-ladder\/#breadcrumb","itemListElement":[{"@type":"ListItem","position":1,"name":"Home","item":"https:\/\/qingdaohf.com\/"},{"@type":"ListItem","position":2,"name":"Concrete Forming Accessories and Rigging Hardware","item":"https:\/\/qingdaohf.com\/bg\/?page_id=944"},{"@type":"ListItem","position":3,"name":"Boat Ladder"}]},{"@type":"WebSite","@id":"https:\/\/qingdaohf.com\/bg\/#website","url":"https:\/\/qingdaohf.com\/bg\/","name":"Concrete Form & Rigging Hardware Supplier","description":"","publisher":{"@id":"https:\/\/qingdaohf.com\/bg\/#organization"},"potentialAction":[{"@type":"SearchAction","target":{"@type":"EntryPoint","urlTemplate":"https:\/\/qingdaohf.com\/bg\/?s={search_term_string}"},"query-input":{"@type":"PropertyValueSpecification","valueRequired":true,"valueName":"search_term_string"}}],"inLanguage":"sv-SE"},{"@type":"Organization","@id":"https:\/\/qingdaohf.com\/bg\/#organization","name":"Qingdao H&F","url":"https:\/\/qingdaohf.com\/bg\/","logo":{"@type":"ImageObject","inLanguage":"sv-SE","@id":"https:\/\/qingdaohf.com\/bg\/#\/schema\/logo\/image\/","url":"https:\/\/qingdaohf.com\/wp-content\/uploads\/2022\/12\/cropped-HF-LOGO.png","contentUrl":"https:\/\/qingdaohf.com\/wp-content\/uploads\/2022\/12\/cropped-HF-LOGO.png","width":391,"height":249,"caption":"Qingdao H&F"},"image":{"@id":"https:\/\/qingdaohf.com\/bg\/#\/schema\/logo\/image\/"},"sameAs":["https:\/\/www.facebook.com\/qingdaohf"]}]}},"_links":{"self":[{"href":"https:\/\/qingdaohf.com\/sv\/wp-json\/wp\/v2\/product\/8418","targetHints":{"allow":["GET"]}}],"collection":[{"href":"https:\/\/qingdaohf.com\/sv\/wp-json\/wp\/v2\/product"}],"about":[{"href":"https:\/\/qingdaohf.com\/sv\/wp-json\/wp\/v2\/types\/product"}],"replies":[{"embeddable":true,"href":"https:\/\/qingdaohf.com\/sv\/wp-json\/wp\/v2\/comments?post=8418"}],"version-history":[{"count":1,"href":"https:\/\/qingdaohf.com\/sv\/wp-json\/wp\/v2\/product\/8418\/revisions"}],"predecessor-version":[{"id":8426,"href":"https:\/\/qingdaohf.com\/sv\/wp-json\/wp\/v2\/product\/8418\/revisions\/8426"}],"wp:featuredmedia":[{"embeddable":true,"href":"https:\/\/qingdaohf.com\/sv\/wp-json\/wp\/v2\/media\/8425"}],"wp:attachment":[{"href":"https:\/\/qingdaohf.com\/sv\/wp-json\/wp\/v2\/media?parent=8418"}],"wp:term":[{"taxonomy":"product_brand","embeddable":true,"href":"https:\/\/qingdaohf.com\/sv\/wp-json\/wp\/v2\/product_brand?post=8418"},{"taxonomy":"product_cat","embeddable":true,"href":"https:\/\/qingdaohf.com\/sv\/wp-json\/wp\/v2\/product_cat?post=8418"},{"taxonomy":"product_tag","embeddable":true,"href":"https:\/\/qingdaohf.com\/sv\/wp-json\/wp\/v2\/product_tag?post=8418"}],"curies":[{"name":"wp","href":"https:\/\/api.w.org\/{rel}","templated":true}]}}