{"id":8428,"date":"2024-11-29T16:45:52","date_gmt":"2024-11-29T08:45:52","guid":{"rendered":"http:\/\/qingdaohf.com\/?post_type=product&#038;p=8428"},"modified":"2025-11-13T09:02:51","modified_gmt":"2025-11-13T01:02:51","slug":"boat-steering-wheel","status":"publish","type":"product","link":"https:\/\/qingdaohf.com\/sv\/produkt\/ratt-for-bat\/","title":{"rendered":"Ratt f\u00f6r b\u00e5t"},"content":{"rendered":"<h4>Betydelsen av en p\u00e5litlig b\u00e5tstyrratt<\/h4>\n<p>Ratten \u00e4r mer \u00e4n en enkel kontrollmekanism f\u00f6r en b\u00e5t; den \u00e4r hj\u00e4rtat i navigeringen och man\u00f6vrerbarheten. Dess utformning och funktion har en direkt inverkan p\u00e5 f\u00f6rarens f\u00f6rm\u00e5ga att hantera fartyget i olika vattenf\u00f6rh\u00e5llanden. Oavsett om du kryssar lugnt eller navigerar i utmanande str\u00f6mmar s\u00e4kerst\u00e4ller en h\u00f6gkvalitativ ratt exakt kontroll, vilket bidrar till s\u00e4kerhet och effektivitet.<\/p>\n<p>N\u00e4r b\u00e5t\u00e4gare v\u00e4ljer ratt prioriterar de ofta material som t\u00e5l marina milj\u00f6er, inklusive exponering f\u00f6r saltvatten, fukt och UV-str\u00e5lar. Vanliga material som rostfritt st\u00e5l, aluminium och plast av marin kvalitet erbjuder varierande niv\u00e5er av h\u00e5llbarhet och korrosionsbest\u00e4ndighet. Ergonomi \u00e4r en annan viktig faktor, eftersom rattens form, grepp och storlek kan p\u00e5verka komforten vid l\u00e5ngvarig anv\u00e4ndning. Att v\u00e4lja r\u00e4tt ratt \u00e4r viktigt inte bara f\u00f6r prestandan utan ocks\u00e5 f\u00f6r att f\u00f6rb\u00e4ttra den totala b\u00e5tupplevelsen.<\/p>\n<h4>Typer av b\u00e5tstyrhjul<\/h4>\n<p>Det finns olika typer av b\u00e5trattar, var och en l\u00e4mpad f\u00f6r specifika fartygskategorier och anv\u00e4ndarpreferenser. Klassiska rattar i rostfritt st\u00e5l \u00e4r fortfarande en favorit bland b\u00e5t\u00e4gare p\u00e5 grund av deras tidl\u00f6sa design, exceptionella styrka och motst\u00e5ndskraft mot h\u00e5rda marina element. Dessa rattar har ofta en polerad yta som ger en k\u00e4nsla av sofistikering vid rodret.<\/p>\n<p>F\u00f6r dem som s\u00f6ker l\u00e4ttviktsalternativ erbjuder hjul tillverkade av aluminium eller kompositmaterial utm\u00e4rkt prestanda. Aluminiummodeller uppskattas f\u00f6r sin balans mellan styrka och vikt, vilket g\u00f6r dem l\u00e4mpliga f\u00f6r mindre b\u00e5tar eller fritidsb\u00e5tar. Komposithjul \u00e4r \u00e5 andra sidan idealiska f\u00f6r moderna b\u00e5tf\u00f6rare som prioriterar kostnadseffektivitet utan att kompromissa med h\u00e5llbarheten.<\/p>\n<p>Tr\u00e4rattar passar entusiaster som uppskattar traditionell estetik och hantverkskunnande. Tr\u00e4rattar \u00e4r ofta kopplade till vintage- eller lyxb\u00e5tar och utstr\u00e5lar en klassisk charm, \u00e4ven om de kr\u00e4ver mer underh\u00e5ll j\u00e4mf\u00f6rt med sina motsvarigheter i metall eller plast. Varje typ har unika syften, vilket g\u00f6r att b\u00e5t\u00e4gare kan v\u00e4lja utifr\u00e5n funktionella behov och stilistiska preferenser.<\/p>\n<h4>Varf\u00f6r v\u00e4lja v\u00e5ra b\u00e5tstyrhjul<\/h4>\n<p>Att v\u00e4lja r\u00e4tt leverant\u00f6r f\u00f6r b\u00e5trattar \u00e4r lika viktigt som att v\u00e4lja sj\u00e4lva produkten. P\u00e5 v\u00e5rt handelsf\u00f6retag prioriterar vi att leverera v\u00e4rde och tillf\u00f6rlitlighet genom v\u00e5rt omfattande utbud av marina tillbeh\u00f6r. V\u00e5ra rattar genomg\u00e5r rigor\u00f6sa kvalitetskontroller, vilket s\u00e4kerst\u00e4ller att de uppfyller industristandarder och ger v\u00e5ra kunder sinnesfrid.<\/p>\n<p>V\u00e5r personliga kundservice g\u00f6r att vi skiljer ut oss p\u00e5 marknaden, eftersom vi arbetar n\u00e4ra kunderna f\u00f6r att f\u00f6rst\u00e5 deras unika behov. Detta personliga tillv\u00e4gag\u00e5ngss\u00e4tt hj\u00e4lper oss att rekommendera rattar som \u00e4r skr\u00e4ddarsydda f\u00f6r deras fartygstyp, driftsf\u00f6rh\u00e5llanden och budget. Dessutom s\u00e4kerst\u00e4ller v\u00e5r str\u00f6mlinjeformade logistik en snabb leveranscykel, vilket minimerar stillest\u00e5ndstiden f\u00f6r b\u00e5de b\u00e5t\u00e4gare och distribut\u00f6rer.<\/p>\n<p>H\u00e5llbarheten hos v\u00e5ra rattar \u00e4r ett bevis p\u00e5 v\u00e5rt engagemang f\u00f6r excellens. De tillverkas av f\u00f6rstklassiga material och \u00e4r utformade f\u00f6r att t\u00e5la l\u00e5ngvarig exponering i marina milj\u00f6er samtidigt som de bibeh\u00e5ller optimal prestanda. Genom att erbjuda en kombination av estetik, funktionalitet och tillf\u00f6rlitlighet uppfyller v\u00e5ra produkter f\u00f6rv\u00e4ntningarna hos b\u00e5de fritids- och professionella anv\u00e4ndare.<\/p>\n<h4>Innovationens roll i utformningen av rattar<\/h4>\n<p>Den moderna utvecklingen av b\u00e5trattar har inf\u00f6rt funktioner som f\u00f6rb\u00e4ttrar anv\u00e4ndbarheten och bekv\u00e4mligheten. M\u00e5nga modeller har nu halkfria grepp, vilket f\u00f6rb\u00e4ttrar kontrollen \u00e4ven i v\u00e5ta f\u00f6rh\u00e5llanden. Dessutom ger rattar med justerbara lutningsfunktioner flexibilitet och passar f\u00f6rare med olika l\u00e4ngd och preferenser.<\/p>\n<p>Innovativa material spelar ocks\u00e5 en viktig roll n\u00e4r det g\u00e4ller att f\u00f6rb\u00e4ttra rattarnas motst\u00e5ndskraft och livsl\u00e4ngd. Marinklassat rostfritt st\u00e5l med extra bel\u00e4ggningar ger \u00f6verl\u00e4gset motst\u00e5nd mot gropfr\u00e4tning och rost, medan UV-stabiliserad plast f\u00f6rhindrar blekning och sprickbildning vid exponering f\u00f6r solljus. Dessa framsteg s\u00e4kerst\u00e4ller inte bara produktens livsl\u00e4ngd utan bidrar ocks\u00e5 till f\u00f6rarens s\u00e4kerhet och komfort.<\/p>\n<p>En annan viktig innovation \u00e4r integrationen av multifunktionella reglage direkt i ratten. Med en s\u00e5dan design kan f\u00f6raren komma \u00e5t kritiska funktioner som gasreglage eller elektroniska displayer utan att beh\u00f6va ta h\u00e4nderna fr\u00e5n ratten. Dessa funktioner effektiviserar b\u00e5tupplevelsen, g\u00f6r navigeringen mer intuitiv och minskar sannolikheten f\u00f6r tr\u00f6tthet hos f\u00f6raren.<\/p>\n<h4>S\u00e4kerst\u00e4lla l\u00e5ngsiktigt v\u00e4rde<\/h4>\n<p>Att investera i en h\u00f6gkvalitativ b\u00e5tratt \u00e4r ett beslut som l\u00f6nar sig i det l\u00e5nga loppet. Ut\u00f6ver den omedelbara funktionaliteten h\u00f6jer dessa produkter fartygets totala v\u00e4rde, s\u00e4rskilt n\u00e4r de kombineras med en v\u00e4lrenommerad leverant\u00f6r. V\u00e5ra rattar \u00e4r utformade med l\u00e5ng livsl\u00e4ngd i \u00e5tanke och ger en optimal balans mellan prestanda, h\u00e5llbarhet och estetik.<\/p>\n<p>Kunderna kan lita p\u00e5 att v\u00e5rt f\u00f6retag inte bara levererar exceptionella produkter utan ocks\u00e5 omfattande support under hela ink\u00f6psprocessen. Fr\u00e5n inledande konsultationer till service efter f\u00f6rs\u00e4ljning str\u00e4var vi efter att bygga upp varaktiga relationer med v\u00e5ra kunder. Denna str\u00e4van efter excellens har gjort oss till en p\u00e5litlig partner p\u00e5 marknaden f\u00f6r marina tillbeh\u00f6r.<\/p>\n<p>Genom att prioritera kvalitet, innovation och kundn\u00f6jdhet str\u00e4var vi efter att \u00f6vertr\u00e4ffa v\u00e5ra kunders f\u00f6rv\u00e4ntningar. Oavsett om du \u00e4r b\u00e5tentusiast eller professionell sj\u00f6farare, representerar v\u00e5ra b\u00e5trattar en fusion av funktionalitet och stil, vilket garanterar \u00f6verl\u00e4gsen prestanda p\u00e5 vattnet.<\/p>","protected":false},"excerpt":{"rendered":"<p>B\u00e5trattar spelar en central roll f\u00f6r att s\u00e4kerst\u00e4lla smidig navigering och kontroll p\u00e5 vattnet, vilket g\u00f6r dem till en kritisk komponent f\u00f6r alla fartyg. K\u00f6pare prioriterar ofta faktorer som materialets h\u00e5llbarhet, ergonomisk design, kompatibilitet med olika marina system och korrosionsbest\u00e4ndighet n\u00e4r de v\u00e4ljer en ratt. V\u00e5rt handelsf\u00f6retag erbjuder h\u00f6gkvalitativa b\u00e5trattar som tar itu med dessa problem, i kombination med en-till-en kundservice, vilket garanterar skr\u00e4ddarsydda rekommendationer. Dessutom garanterar vi en snabb leveranscykel och tillhandah\u00e5ller grundliga kvalitetsinspektionsrapporter f\u00f6r att erbjuda sinnesfrid vid varje k\u00f6p.<\/p>","protected":false},"featured_media":8429,"comment_status":"open","ping_status":"closed","template":"","meta":{"site-sidebar-layout":"default","site-content-layout":"","ast-site-content-layout":"default","site-content-style":"default","site-sidebar-style":"default","ast-global-header-display":"","ast-banner-title-visibility":"","ast-main-header-display":"","ast-hfb-above-header-display":"","ast-hfb-below-header-display":"","ast-hfb-mobile-header-display":"","site-post-title":"","ast-breadcrumbs-content":"","ast-featured-img":"","footer-sml-layout":"","theme-transparent-header-meta":"default","adv-header-id-meta":"","stick-header-meta":"default","header-above-stick-meta":"","header-main-stick-meta":"","header-below-stick-meta":"","astra-migrate-meta-layouts":"set","ast-page-background-enabled":"default","ast-page-background-meta":{"desktop":{"background-color":"","background-image":"","background-repeat":"repeat","background-position":"center center","background-size":"auto","background-attachment":"scroll","background-type":"","background-media":"","overlay-type":"","overlay-color":"","overlay-opacity":"","overlay-gradient":""},"tablet":{"background-color":"","background-image":"","background-repeat":"repeat","background-position":"center center","background-size":"auto","background-attachment":"scroll","background-type":"","background-media":"","overlay-type":"","overlay-color":"","overlay-opacity":"","overlay-gradient":""},"mobile":{"background-color":"","background-image":"","background-repeat":"repeat","background-position":"center center","background-size":"auto","background-attachment":"scroll","background-type":"","background-media":"","overlay-type":"","overlay-color":"","overlay-opacity":"","overlay-gradient":""}},"ast-content-background-meta":{"desktop":{"background-color":"var(--ast-global-color-5)","background-image":"","background-repeat":"repeat","background-position":"center center","background-size":"auto","background-attachment":"scroll","background-type":"","background-media":"","overlay-type":"","overlay-color":"","overlay-opacity":"","overlay-gradient":""},"tablet":{"background-color":"var(--ast-global-color-5)","background-image":"","background-repeat":"repeat","background-position":"center center","background-size":"auto","background-attachment":"scroll","background-type":"","background-media":"","overlay-type":"","overlay-color":"","overlay-opacity":"","overlay-gradient":""},"mobile":{"background-color":"var(--ast-global-color-5)","background-image":"","background-repeat":"repeat","background-position":"center center","background-size":"auto","background-attachment":"scroll","background-type":"","background-media":"","overlay-type":"","overlay-color":"","overlay-opacity":"","overlay-gradient":""}}},"product_brand":[],"product_cat":[44],"product_tag":[],"class_list":{"0":"post-8428","1":"product","2":"type-product","3":"status-publish","4":"has-post-thumbnail","6":"product_cat-stainless-steel-poduct","7":"desktop-align-left","8":"tablet-align-left","9":"mobile-align-left","10":"ast-product-gallery-layout-horizontal-slider","11":"ast-product-tabs-layout-horizontal","13":"first","14":"instock","15":"shipping-taxable","16":"purchasable","17":"product-type-simple"},"yoast_head":"<!-- This site is optimized with the Yoast SEO plugin v25.2 - https:\/\/yoast.com\/wordpress\/plugins\/seo\/ -->\n<title>Boat Steering Wheel<\/title>\n<meta name=\"robots\" content=\"index, follow, max-snippet:-1, max-image-preview:large, max-video-preview:-1\" \/>\n<link rel=\"canonical\" href=\"https:\/\/qingdaohf.com\/sv\/produkt\/ratt-for-bat\/\" \/>\n<meta property=\"og:locale\" content=\"sv_SE\" \/>\n<meta property=\"og:type\" content=\"article\" \/>\n<meta property=\"og:title\" content=\"Boat Steering Wheel\" \/>\n<meta property=\"og:description\" content=\"Boat steering wheels play a pivotal role in ensuring smooth navigation and control on water, making them a critical component for any vessel. Buyers often prioritize factors such as material durability, ergonomic design, compatibility with various marine systems, and corrosion resistance when selecting a steering wheel. Our trading company offers high-quality boat steering wheels that address these concerns, coupled with one-to-one customer service, ensuring tailored recommendations. Additionally, we guarantee a fast delivery cycle and provide thorough quality inspection reports to offer peace of mind with every purchase.\" \/>\n<meta property=\"og:url\" content=\"https:\/\/qingdaohf.com\/sv\/produkt\/ratt-for-bat\/\" \/>\n<meta property=\"og:site_name\" content=\"Concrete Form &amp; Rigging Hardware Supplier\" \/>\n<meta property=\"article:publisher\" content=\"https:\/\/www.facebook.com\/qingdaohf\" \/>\n<meta property=\"article:modified_time\" content=\"2025-11-13T01:02:51+00:00\" \/>\n<meta property=\"og:image\" content=\"https:\/\/qingdaohf.com\/wp-content\/uploads\/2024\/11\/boat-steering-wheel-5.jpg\" \/>\n\t<meta property=\"og:image:width\" content=\"1000\" \/>\n\t<meta property=\"og:image:height\" content=\"1000\" \/>\n\t<meta property=\"og:image:type\" content=\"image\/jpeg\" \/>\n<meta name=\"twitter:card\" content=\"summary_large_image\" \/>\n<meta name=\"twitter:label1\" content=\"Ber\u00e4knad l\u00e4stid\" \/>\n\t<meta name=\"twitter:data1\" content=\"4 minuter\" \/>\n<script type=\"application\/ld+json\" class=\"yoast-schema-graph\">{\"@context\":\"https:\/\/schema.org\",\"@graph\":[{\"@type\":\"WebPage\",\"@id\":\"https:\/\/qingdaohf.com\/product\/boat-steering-wheel\/\",\"url\":\"https:\/\/qingdaohf.com\/product\/boat-steering-wheel\/\",\"name\":\"Boat Steering Wheel\",\"isPartOf\":{\"@id\":\"https:\/\/qingdaohf.com\/bg\/#website\"},\"primaryImageOfPage\":{\"@id\":\"https:\/\/qingdaohf.com\/product\/boat-steering-wheel\/#primaryimage\"},\"image\":{\"@id\":\"https:\/\/qingdaohf.com\/product\/boat-steering-wheel\/#primaryimage\"},\"thumbnailUrl\":\"https:\/\/qingdaohf.com\/wp-content\/uploads\/2024\/11\/boat-steering-wheel-5.jpg\",\"datePublished\":\"2024-11-29T08:45:52+00:00\",\"dateModified\":\"2025-11-13T01:02:51+00:00\",\"breadcrumb\":{\"@id\":\"https:\/\/qingdaohf.com\/product\/boat-steering-wheel\/#breadcrumb\"},\"inLanguage\":\"sv-SE\",\"potentialAction\":[{\"@type\":\"ReadAction\",\"target\":[\"https:\/\/qingdaohf.com\/product\/boat-steering-wheel\/\"]}]},{\"@type\":\"ImageObject\",\"inLanguage\":\"sv-SE\",\"@id\":\"https:\/\/qingdaohf.com\/product\/boat-steering-wheel\/#primaryimage\",\"url\":\"https:\/\/qingdaohf.com\/wp-content\/uploads\/2024\/11\/boat-steering-wheel-5.jpg\",\"contentUrl\":\"https:\/\/qingdaohf.com\/wp-content\/uploads\/2024\/11\/boat-steering-wheel-5.jpg\",\"width\":1000,\"height\":1000,\"caption\":\"boat steering wheel\"},{\"@type\":\"BreadcrumbList\",\"@id\":\"https:\/\/qingdaohf.com\/product\/boat-steering-wheel\/#breadcrumb\",\"itemListElement\":[{\"@type\":\"ListItem\",\"position\":1,\"name\":\"Home\",\"item\":\"https:\/\/qingdaohf.com\/\"},{\"@type\":\"ListItem\",\"position\":2,\"name\":\"Concrete Forming Accessories and Rigging Hardware\",\"item\":\"https:\/\/qingdaohf.com\/bg\/?page_id=944\"},{\"@type\":\"ListItem\",\"position\":3,\"name\":\"Boat Steering Wheel\"}]},{\"@type\":\"WebSite\",\"@id\":\"https:\/\/qingdaohf.com\/bg\/#website\",\"url\":\"https:\/\/qingdaohf.com\/bg\/\",\"name\":\"Concrete Form & Rigging Hardware Supplier\",\"description\":\"\",\"publisher\":{\"@id\":\"https:\/\/qingdaohf.com\/bg\/#organization\"},\"potentialAction\":[{\"@type\":\"SearchAction\",\"target\":{\"@type\":\"EntryPoint\",\"urlTemplate\":\"https:\/\/qingdaohf.com\/bg\/?s={search_term_string}\"},\"query-input\":{\"@type\":\"PropertyValueSpecification\",\"valueRequired\":true,\"valueName\":\"search_term_string\"}}],\"inLanguage\":\"sv-SE\"},{\"@type\":\"Organization\",\"@id\":\"https:\/\/qingdaohf.com\/bg\/#organization\",\"name\":\"Qingdao H&F\",\"url\":\"https:\/\/qingdaohf.com\/bg\/\",\"logo\":{\"@type\":\"ImageObject\",\"inLanguage\":\"sv-SE\",\"@id\":\"https:\/\/qingdaohf.com\/bg\/#\/schema\/logo\/image\/\",\"url\":\"https:\/\/qingdaohf.com\/wp-content\/uploads\/2022\/12\/cropped-HF-LOGO.png\",\"contentUrl\":\"https:\/\/qingdaohf.com\/wp-content\/uploads\/2022\/12\/cropped-HF-LOGO.png\",\"width\":391,\"height\":249,\"caption\":\"Qingdao H&F\"},\"image\":{\"@id\":\"https:\/\/qingdaohf.com\/bg\/#\/schema\/logo\/image\/\"},\"sameAs\":[\"https:\/\/www.facebook.com\/qingdaohf\"]}]}<\/script>\n<!-- \/ Yoast SEO plugin. -->","yoast_head_json":{"title":"Boat Steering Wheel","robots":{"index":"index","follow":"follow","max-snippet":"max-snippet:-1","max-image-preview":"max-image-preview:large","max-video-preview":"max-video-preview:-1"},"canonical":"https:\/\/qingdaohf.com\/sv\/produkt\/ratt-for-bat\/","og_locale":"sv_SE","og_type":"article","og_title":"Boat Steering Wheel","og_description":"Boat steering wheels play a pivotal role in ensuring smooth navigation and control on water, making them a critical component for any vessel. Buyers often prioritize factors such as material durability, ergonomic design, compatibility with various marine systems, and corrosion resistance when selecting a steering wheel. Our trading company offers high-quality boat steering wheels that address these concerns, coupled with one-to-one customer service, ensuring tailored recommendations. Additionally, we guarantee a fast delivery cycle and provide thorough quality inspection reports to offer peace of mind with every purchase.","og_url":"https:\/\/qingdaohf.com\/sv\/produkt\/ratt-for-bat\/","og_site_name":"Concrete Form &amp; Rigging Hardware Supplier","article_publisher":"https:\/\/www.facebook.com\/qingdaohf","article_modified_time":"2025-11-13T01:02:51+00:00","og_image":[{"width":1000,"height":1000,"url":"https:\/\/qingdaohf.com\/wp-content\/uploads\/2024\/11\/boat-steering-wheel-5.jpg","type":"image\/jpeg"}],"twitter_card":"summary_large_image","twitter_misc":{"Ber\u00e4knad l\u00e4stid":"4 minuter"},"schema":{"@context":"https:\/\/schema.org","@graph":[{"@type":"WebPage","@id":"https:\/\/qingdaohf.com\/product\/boat-steering-wheel\/","url":"https:\/\/qingdaohf.com\/product\/boat-steering-wheel\/","name":"Boat Steering Wheel","isPartOf":{"@id":"https:\/\/qingdaohf.com\/bg\/#website"},"primaryImageOfPage":{"@id":"https:\/\/qingdaohf.com\/product\/boat-steering-wheel\/#primaryimage"},"image":{"@id":"https:\/\/qingdaohf.com\/product\/boat-steering-wheel\/#primaryimage"},"thumbnailUrl":"https:\/\/qingdaohf.com\/wp-content\/uploads\/2024\/11\/boat-steering-wheel-5.jpg","datePublished":"2024-11-29T08:45:52+00:00","dateModified":"2025-11-13T01:02:51+00:00","breadcrumb":{"@id":"https:\/\/qingdaohf.com\/product\/boat-steering-wheel\/#breadcrumb"},"inLanguage":"sv-SE","potentialAction":[{"@type":"ReadAction","target":["https:\/\/qingdaohf.com\/product\/boat-steering-wheel\/"]}]},{"@type":"ImageObject","inLanguage":"sv-SE","@id":"https:\/\/qingdaohf.com\/product\/boat-steering-wheel\/#primaryimage","url":"https:\/\/qingdaohf.com\/wp-content\/uploads\/2024\/11\/boat-steering-wheel-5.jpg","contentUrl":"https:\/\/qingdaohf.com\/wp-content\/uploads\/2024\/11\/boat-steering-wheel-5.jpg","width":1000,"height":1000,"caption":"boat steering wheel"},{"@type":"BreadcrumbList","@id":"https:\/\/qingdaohf.com\/product\/boat-steering-wheel\/#breadcrumb","itemListElement":[{"@type":"ListItem","position":1,"name":"Home","item":"https:\/\/qingdaohf.com\/"},{"@type":"ListItem","position":2,"name":"Concrete Forming Accessories and Rigging Hardware","item":"https:\/\/qingdaohf.com\/bg\/?page_id=944"},{"@type":"ListItem","position":3,"name":"Boat Steering Wheel"}]},{"@type":"WebSite","@id":"https:\/\/qingdaohf.com\/bg\/#website","url":"https:\/\/qingdaohf.com\/bg\/","name":"Concrete Form & Rigging Hardware Supplier","description":"","publisher":{"@id":"https:\/\/qingdaohf.com\/bg\/#organization"},"potentialAction":[{"@type":"SearchAction","target":{"@type":"EntryPoint","urlTemplate":"https:\/\/qingdaohf.com\/bg\/?s={search_term_string}"},"query-input":{"@type":"PropertyValueSpecification","valueRequired":true,"valueName":"search_term_string"}}],"inLanguage":"sv-SE"},{"@type":"Organization","@id":"https:\/\/qingdaohf.com\/bg\/#organization","name":"Qingdao H&F","url":"https:\/\/qingdaohf.com\/bg\/","logo":{"@type":"ImageObject","inLanguage":"sv-SE","@id":"https:\/\/qingdaohf.com\/bg\/#\/schema\/logo\/image\/","url":"https:\/\/qingdaohf.com\/wp-content\/uploads\/2022\/12\/cropped-HF-LOGO.png","contentUrl":"https:\/\/qingdaohf.com\/wp-content\/uploads\/2022\/12\/cropped-HF-LOGO.png","width":391,"height":249,"caption":"Qingdao H&F"},"image":{"@id":"https:\/\/qingdaohf.com\/bg\/#\/schema\/logo\/image\/"},"sameAs":["https:\/\/www.facebook.com\/qingdaohf"]}]}},"_links":{"self":[{"href":"https:\/\/qingdaohf.com\/sv\/wp-json\/wp\/v2\/product\/8428","targetHints":{"allow":["GET"]}}],"collection":[{"href":"https:\/\/qingdaohf.com\/sv\/wp-json\/wp\/v2\/product"}],"about":[{"href":"https:\/\/qingdaohf.com\/sv\/wp-json\/wp\/v2\/types\/product"}],"replies":[{"embeddable":true,"href":"https:\/\/qingdaohf.com\/sv\/wp-json\/wp\/v2\/comments?post=8428"}],"version-history":[{"count":1,"href":"https:\/\/qingdaohf.com\/sv\/wp-json\/wp\/v2\/product\/8428\/revisions"}],"predecessor-version":[{"id":8436,"href":"https:\/\/qingdaohf.com\/sv\/wp-json\/wp\/v2\/product\/8428\/revisions\/8436"}],"wp:featuredmedia":[{"embeddable":true,"href":"https:\/\/qingdaohf.com\/sv\/wp-json\/wp\/v2\/media\/8429"}],"wp:attachment":[{"href":"https:\/\/qingdaohf.com\/sv\/wp-json\/wp\/v2\/media?parent=8428"}],"wp:term":[{"taxonomy":"product_brand","embeddable":true,"href":"https:\/\/qingdaohf.com\/sv\/wp-json\/wp\/v2\/product_brand?post=8428"},{"taxonomy":"product_cat","embeddable":true,"href":"https:\/\/qingdaohf.com\/sv\/wp-json\/wp\/v2\/product_cat?post=8428"},{"taxonomy":"product_tag","embeddable":true,"href":"https:\/\/qingdaohf.com\/sv\/wp-json\/wp\/v2\/product_tag?post=8428"}],"curies":[{"name":"wp","href":"https:\/\/api.w.org\/{rel}","templated":true}]}}