{"id":8601,"date":"2024-12-27T17:18:28","date_gmt":"2024-12-27T09:18:28","guid":{"rendered":"http:\/\/qingdaohf.com\/?post_type=product&#038;p=8601"},"modified":"2025-11-13T09:02:22","modified_gmt":"2025-11-13T01:02:22","slug":"formwork-water-stop","status":"publish","type":"product","link":"https:\/\/qingdaohf.com\/sv\/produkt\/formsattning-vattenstopp\/","title":{"rendered":"Formning Vattenstopp"},"content":{"rendered":"<p class=\"whitespace-pre-wrap break-words\">Produkter f\u00f6r vattenstopp i formar \u00e4r viktiga f\u00f6r vattent\u00e4tning och f\u00f6r att uppr\u00e4tth\u00e5lla strukturell integritet i betongkonstruktioner. Dessa komponenter arbetar tillsammans med formtillbeh\u00f6r som dragst\u00e4nger och vingmuttrar f\u00f6r att f\u00f6rhindra vattenl\u00e4ckage och skydda betongkonstruktioner. L\u00e5t oss utforska hur dessa element fungerar tillsammans och varf\u00f6r de \u00e4r viktiga f\u00f6r dina byggprojekt.<\/p>\n<h2 class=\"font-600 text-xl font-bold\">F\u00f6rst\u00e5else f\u00f6r vattenstopp i forms\u00e4ttning<\/h2>\n<p class=\"whitespace-pre-wrap break-words\">N\u00e4r du bygger med betong kommer du oundvikligen att st\u00f6ta p\u00e5 fogar mellan olika sektioner - dessa uppst\u00e5r p\u00e5 grund av praktiska n\u00f6dv\u00e4ndigheter som byggpauser eller anv\u00e4ndning av separata formsektioner. Eftersom betong \u00e4r naturligt por\u00f6s kan dessa fogar bli svaga punkter d\u00e4r vatten kan tr\u00e4nga in. Det \u00e4r d\u00e4r vattenstopp kommer in i bilden.<\/p>\n<p class=\"whitespace-pre-wrap break-words\">Vattenstopp tillverkas av material som kan b\u00f6jas och r\u00f6ra sig med betongen - vanligtvis PVC, gummi eller speciella hydrofila f\u00f6reningar. Det viktiga \u00e4r att v\u00e4lja n\u00e5got som bibeh\u00e5ller sin effektivitet n\u00e4r betongen s\u00e4tter sig och reagerar p\u00e5 milj\u00f6f\u00f6r\u00e4ndringar. Du m\u00e5ste installera dessa innan du gjuter betongen, vilket skapar en fysisk barri\u00e4r mot vatteninfiltration. Detta \u00e4r s\u00e4rskilt viktigt f\u00f6r konstruktioner som k\u00e4llare, tunnlar och dammar d\u00e4r vattentrycket \u00e4r ett st\u00e4ndigt problem.<\/p>\n<h2 class=\"font-600 text-xl font-bold\">Dragst\u00e4ngernas roll i formningsapplikationer<\/h2>\n<p><img fetchpriority=\"high\" decoding=\"async\" class=\"alignnone wp-image-8579 size-full\" src=\"http:\/\/qingdaohf.com\/wp-content\/uploads\/2024\/12\/tie-rod-92.webp\" alt=\"dragst\u00e5ngssystem\" width=\"1000\" height=\"1000\" srcset=\"https:\/\/qingdaohf.com\/wp-content\/uploads\/2024\/12\/tie-rod-92.webp 1000w, https:\/\/qingdaohf.com\/wp-content\/uploads\/2024\/12\/tie-rod-92-300x300.webp 300w, https:\/\/qingdaohf.com\/wp-content\/uploads\/2024\/12\/tie-rod-92-150x150.webp 150w, https:\/\/qingdaohf.com\/wp-content\/uploads\/2024\/12\/tie-rod-92-768x768.webp 768w, https:\/\/qingdaohf.com\/wp-content\/uploads\/2024\/12\/tie-rod-92-12x12.webp 12w, https:\/\/qingdaohf.com\/wp-content\/uploads\/2024\/12\/tie-rod-92-500x500.webp 500w, https:\/\/qingdaohf.com\/wp-content\/uploads\/2024\/12\/tie-rod-92-100x100.webp 100w\" sizes=\"(max-width: 1000px) 100vw, 1000px\" \/><\/p>\n<p class=\"whitespace-pre-wrap break-words\">Dragst\u00e4nger (eller formst\u00e4nger) \u00e4r betongbyggandets obesjungna hj\u00e4ltar. Dessa st\u00e5lkomponenter h\u00e5ller formv\u00e4ggarna stadiga medan betongen gjuts och h\u00e4rdas. Genom att tr\u00e4s genom panelerna och f\u00e4stas med vingmuttrar i varje \u00e4nde ger de den sp\u00e4nning som beh\u00f6vs f\u00f6r att h\u00e5lla allt stabilt under det enorma trycket fr\u00e5n v\u00e5t betong.<\/p>\n<p class=\"whitespace-pre-wrap break-words\">F\u00f6rh\u00e5llandet mellan vattenstopp och dragst\u00e4nger \u00e4r avg\u00f6rande - de m\u00e5ste fungera s\u00f6ml\u00f6st tillsammans. Medan dragst\u00e4ngerna uppr\u00e4tth\u00e5ller formens position s\u00e4kerst\u00e4ller vattenstoppen att fogen \u00e4r t\u00e4t. R\u00e4tt kombination f\u00f6rhindrar vatteninfiltration och kostsamma framtida reparationer. N\u00e4r betongen har h\u00e4rdat tar arbetarna bort dragst\u00e4ngerna och vingmuttrarna och l\u00e4mnar efter sig ordentligt vattent\u00e4ta fogar.<\/p>\n<h2 class=\"font-600 text-xl font-bold\">Betydelsen av vingmuttrar vid konstruktion av formar<\/h2>\n<p class=\"whitespace-pre-wrap break-words\">Vingmuttrar kan verka enkla, men de \u00e4r viktiga f\u00f6r att finjustera installationen av formar. Deras konstruktion g\u00f6r det m\u00f6jligt f\u00f6r arbetarna att justera dragst\u00e5ngens sp\u00e4nning f\u00f6r hand, vilket g\u00f6r det enkelt att uppr\u00e4tth\u00e5lla korrekt panelinriktning under betonggjutningen. Denna exakta kontroll hj\u00e4lper till att f\u00f6rhindra panelr\u00f6relser som kan \u00e4ventyra den slutliga strukturen.<\/p>\n<p class=\"whitespace-pre-wrap break-words\">Dessa komponenter spelar ocks\u00e5 en viktig roll f\u00f6r vattenstoppets effektivitet. N\u00e4r dragst\u00e4ngerna \u00e4r ordentligt sp\u00e4nda med vingmuttrar h\u00e5ller de formv\u00e4ggar och vattenstopp exakt d\u00e4r de beh\u00f6ver vara. Utan korrekt justering av vingmuttrarna kan r\u00f6relser under gjutningen skapa luckor som g\u00f6r att vatten kan tr\u00e4nga in.<\/p>\n<h2 class=\"font-600 text-xl font-bold\">F\u00f6rdelar med vattenstopp i forms\u00e4ttning vid vattent\u00e4tning av betong<\/h2>\n<p class=\"whitespace-pre-wrap break-words\">F\u00f6r konstruktioner som uts\u00e4tts f\u00f6r konstant fuktp\u00e5verkan - som fundament och underjordiska tunnlar - \u00e4r korrekt vattent\u00e4tning inte f\u00f6rhandlingsbart. Vattenstopp erbjuder flera viktiga f\u00f6rdelar:<\/p>\n<p class=\"whitespace-pre-wrap break-words\">Strukturellt skydd: Genom att f\u00f6rhindra vatteninfiltration vid skarvar hj\u00e4lper vattenstopp till att undvika vanliga problem som armeringskorrosion och betongnedbrytning som kan hota den strukturella integriteten.<\/p>\n<p class=\"whitespace-pre-wrap break-words\">Kostnadsf\u00f6rdelar: \u00c4ven om den initiala investeringen i vattenstopp av h\u00f6g kvalitet kan verka betydande, \u00e4r den mycket billigare \u00e4n att hantera reparationer av vattenskador senare. Om vattent\u00e4tningen g\u00f6rs p\u00e5 r\u00e4tt s\u00e4tt under byggtiden elimineras behovet av kostsamma reparationer l\u00e4ngre fram.<\/p>\n<p class=\"whitespace-pre-wrap break-words\">F\u00f6rb\u00e4ttrad livsl\u00e4ngd: Konstruktioner med korrekt installation av vattenstopp h\u00e5ller vanligtvis l\u00e4ngre, s\u00e4rskilt i utmanande milj\u00f6er med h\u00f6gt vattentryck eller korrosiva f\u00f6rh\u00e5llanden.<\/p>\n<p class=\"whitespace-pre-wrap break-words\">Efterlevnad av regelverk: M\u00e5nga byggnormer f\u00f6reskriver anv\u00e4ndning av vattenstopp, s\u00e4rskilt f\u00f6r kritisk infrastruktur. Genom att anv\u00e4nda dem kan du s\u00e4kerst\u00e4lla att ditt projekt uppfyller alla n\u00f6dv\u00e4ndiga s\u00e4kerhets- och tillf\u00f6rlitlighetsstandarder.<\/p>\n<p class=\"whitespace-pre-wrap break-words\">Ansvar f\u00f6r milj\u00f6n: Effektiva t\u00e4tskikt skyddar inte bara konstruktionen utan \u00e4ven den omgivande milj\u00f6n fr\u00e5n potentiell kontaminering genom l\u00e4ckage.<\/p>\n<h2 class=\"font-600 text-xl font-bold\">Varf\u00f6r v\u00e4lja oss f\u00f6r dina behov av forms\u00e4ttningsvattenstopp?<\/h2>\n<p class=\"whitespace-pre-wrap break-words\">V\u00e5rt f\u00f6retag \u00e4r specialiserat p\u00e5 att f\u00f6rse yrkesverksamma inom byggbranschen med h\u00f6gkvalitativa forml\u00f6sningar. Vi f\u00f6rst\u00e5r att varje projekt har unika utmaningar, och d\u00e4rf\u00f6r erbjuder vi personlig support f\u00f6r att hj\u00e4lpa dig att v\u00e4lja r\u00e4tt produkter.<\/p>\n<p class=\"whitespace-pre-wrap break-words\">Vi \u00e4r stolta \u00f6ver v\u00e5ra snabba leveranstider och v\u00e5r omfattande dokumentation av kvalitetsinspektioner. Oavsett om du leder ett stort infrastrukturprojekt eller en mindre exploatering ger v\u00e5rt team dig den expertis och det st\u00f6d du beh\u00f6ver under hela projektet.<\/p>\n<h2 class=\"font-600 text-xl font-bold\">Slutsats<\/h2>\n<p class=\"whitespace-pre-wrap break-words\">F\u00f6r att lyckas med betongkonstruktioner \u00e4r det ofta viktigt att detaljerna blir r\u00e4tt - s\u00e4rskilt n\u00e4r det g\u00e4ller vattent\u00e4tning. Effektiv anv\u00e4ndning av vattenstopp, tillsammans med korrekt installerade dragst\u00e4nger och vingmuttrar, bidrar till att s\u00e4kerst\u00e4lla att dina konstruktioner f\u00f6rblir vattent\u00e4ta och h\u00e5llbara. Genom att samarbeta med en p\u00e5litlig leverant\u00f6r som oss f\u00e5r du de kvalitetsprodukter och det st\u00f6d som beh\u00f6vs f\u00f6r att slutf\u00f6ra dina projekt p\u00e5 ett framg\u00e5ngsrikt s\u00e4tt.<\/p>","protected":false},"excerpt":{"rendered":"<p>Vattenstoppsprodukter f\u00f6r forms\u00e4ttning \u00e4r viktiga f\u00f6r att skapa vattent\u00e4ta barri\u00e4rer i betongkonstruktioner och f\u00f6rhindra vattenl\u00e4ckage genom fogar i betongkonstruktioner. Dessa produkter \u00e4r utformade f\u00f6r att anv\u00e4ndas tillsammans med andra formtillbeh\u00f6r som dragst\u00e4nger och vingmuttrar f\u00f6r att s\u00e4kerst\u00e4lla en s\u00f6ml\u00f6s och h\u00e5llbar byggprocess. Som handelsf\u00f6retag erbjuder vi personlig kundservice, snabba leveranscykler och tillhandah\u00e5ller olika kvalitetsinspektionsrapporter f\u00f6r att s\u00e4kerst\u00e4lla h\u00f6gsta standard f\u00f6r v\u00e5ra kunder. Oavsett om du beh\u00f6ver r\u00e5d om produktspecifikationer eller snabb leverans \u00e4r vi fast beslutna att tillgodose dina behov med effektivitet och tillf\u00f6rlitlighet.<\/p>","protected":false},"featured_media":8599,"comment_status":"open","ping_status":"closed","template":"","meta":{"site-sidebar-layout":"default","site-content-layout":"","ast-site-content-layout":"default","site-content-style":"default","site-sidebar-style":"default","ast-global-header-display":"","ast-banner-title-visibility":"","ast-main-header-display":"","ast-hfb-above-header-display":"","ast-hfb-below-header-display":"","ast-hfb-mobile-header-display":"","site-post-title":"","ast-breadcrumbs-content":"","ast-featured-img":"","footer-sml-layout":"","theme-transparent-header-meta":"default","adv-header-id-meta":"","stick-header-meta":"default","header-above-stick-meta":"","header-main-stick-meta":"","header-below-stick-meta":"","astra-migrate-meta-layouts":"set","ast-page-background-enabled":"default","ast-page-background-meta":{"desktop":{"background-color":"","background-image":"","background-repeat":"repeat","background-position":"center center","background-size":"auto","background-attachment":"scroll","background-type":"","background-media":"","overlay-type":"","overlay-color":"","overlay-opacity":"","overlay-gradient":""},"tablet":{"background-color":"","background-image":"","background-repeat":"repeat","background-position":"center center","background-size":"auto","background-attachment":"scroll","background-type":"","background-media":"","overlay-type":"","overlay-color":"","overlay-opacity":"","overlay-gradient":""},"mobile":{"background-color":"","background-image":"","background-repeat":"repeat","background-position":"center center","background-size":"auto","background-attachment":"scroll","background-type":"","background-media":"","overlay-type":"","overlay-color":"","overlay-opacity":"","overlay-gradient":""}},"ast-content-background-meta":{"desktop":{"background-color":"var(--ast-global-color-5)","background-image":"","background-repeat":"repeat","background-position":"center center","background-size":"auto","background-attachment":"scroll","background-type":"","background-media":"","overlay-type":"","overlay-color":"","overlay-opacity":"","overlay-gradient":""},"tablet":{"background-color":"var(--ast-global-color-5)","background-image":"","background-repeat":"repeat","background-position":"center center","background-size":"auto","background-attachment":"scroll","background-type":"","background-media":"","overlay-type":"","overlay-color":"","overlay-opacity":"","overlay-gradient":""},"mobile":{"background-color":"var(--ast-global-color-5)","background-image":"","background-repeat":"repeat","background-position":"center center","background-size":"auto","background-attachment":"scroll","background-type":"","background-media":"","overlay-type":"","overlay-color":"","overlay-opacity":"","overlay-gradient":""}}},"product_brand":[],"product_cat":[79],"product_tag":[],"class_list":{"0":"post-8601","1":"product","2":"type-product","3":"status-publish","4":"has-post-thumbnail","6":"product_cat-tie-rod-system","7":"desktop-align-left","8":"tablet-align-left","9":"mobile-align-left","10":"ast-product-gallery-layout-horizontal-slider","11":"ast-product-tabs-layout-horizontal","13":"first","14":"instock","15":"shipping-taxable","16":"purchasable","17":"product-type-simple"},"yoast_head":"<!-- This site is optimized with the Yoast SEO plugin v25.2 - https:\/\/yoast.com\/wordpress\/plugins\/seo\/ -->\n<title>Formwork Water Stop<\/title>\n<meta name=\"description\" content=\"Formwork water stop products are essential for creating waterproof barriers in concrete construction, preventing water leakage through joints in concrete structures.\" \/>\n<meta name=\"robots\" content=\"index, follow, max-snippet:-1, max-image-preview:large, max-video-preview:-1\" \/>\n<link rel=\"canonical\" href=\"https:\/\/qingdaohf.com\/sv\/produkt\/formsattning-vattenstopp\/\" \/>\n<meta property=\"og:locale\" content=\"sv_SE\" \/>\n<meta property=\"og:type\" content=\"article\" \/>\n<meta property=\"og:title\" content=\"Formwork Water Stop\" \/>\n<meta property=\"og:description\" content=\"Formwork water stop products are essential for creating waterproof barriers in concrete construction, preventing water leakage through joints in concrete structures.\" \/>\n<meta property=\"og:url\" content=\"https:\/\/qingdaohf.com\/sv\/produkt\/formsattning-vattenstopp\/\" \/>\n<meta property=\"og:site_name\" content=\"Concrete Form &amp; Rigging Hardware Supplier\" \/>\n<meta property=\"article:publisher\" content=\"https:\/\/www.facebook.com\/qingdaohf\" \/>\n<meta property=\"article:modified_time\" content=\"2025-11-13T01:02:22+00:00\" \/>\n<meta property=\"og:image\" content=\"https:\/\/qingdaohf.com\/wp-content\/uploads\/2024\/12\/tie-rod-water-stop-9.jpg\" \/>\n\t<meta property=\"og:image:width\" content=\"1000\" \/>\n\t<meta property=\"og:image:height\" content=\"1000\" \/>\n\t<meta property=\"og:image:type\" content=\"image\/jpeg\" \/>\n<meta name=\"twitter:card\" content=\"summary_large_image\" \/>\n<meta name=\"twitter:label1\" content=\"Ber\u00e4knad l\u00e4stid\" \/>\n\t<meta name=\"twitter:data1\" content=\"4 minuter\" \/>\n<script type=\"application\/ld+json\" class=\"yoast-schema-graph\">{\"@context\":\"https:\/\/schema.org\",\"@graph\":[{\"@type\":\"WebPage\",\"@id\":\"https:\/\/qingdaohf.com\/product\/formwork-water-stop\/\",\"url\":\"https:\/\/qingdaohf.com\/product\/formwork-water-stop\/\",\"name\":\"Formwork Water Stop\",\"isPartOf\":{\"@id\":\"https:\/\/qingdaohf.com\/bg\/#website\"},\"primaryImageOfPage\":{\"@id\":\"https:\/\/qingdaohf.com\/product\/formwork-water-stop\/#primaryimage\"},\"image\":{\"@id\":\"https:\/\/qingdaohf.com\/product\/formwork-water-stop\/#primaryimage\"},\"thumbnailUrl\":\"https:\/\/qingdaohf.com\/wp-content\/uploads\/2024\/12\/tie-rod-water-stop-9.jpg\",\"datePublished\":\"2024-12-27T09:18:28+00:00\",\"dateModified\":\"2025-11-13T01:02:22+00:00\",\"description\":\"Formwork water stop products are essential for creating waterproof barriers in concrete construction, preventing water leakage through joints in concrete structures.\",\"breadcrumb\":{\"@id\":\"https:\/\/qingdaohf.com\/product\/formwork-water-stop\/#breadcrumb\"},\"inLanguage\":\"sv-SE\",\"potentialAction\":[{\"@type\":\"ReadAction\",\"target\":[\"https:\/\/qingdaohf.com\/product\/formwork-water-stop\/\"]}]},{\"@type\":\"ImageObject\",\"inLanguage\":\"sv-SE\",\"@id\":\"https:\/\/qingdaohf.com\/product\/formwork-water-stop\/#primaryimage\",\"url\":\"https:\/\/qingdaohf.com\/wp-content\/uploads\/2024\/12\/tie-rod-water-stop-9.jpg\",\"contentUrl\":\"https:\/\/qingdaohf.com\/wp-content\/uploads\/2024\/12\/tie-rod-water-stop-9.jpg\",\"width\":1000,\"height\":1000},{\"@type\":\"BreadcrumbList\",\"@id\":\"https:\/\/qingdaohf.com\/product\/formwork-water-stop\/#breadcrumb\",\"itemListElement\":[{\"@type\":\"ListItem\",\"position\":1,\"name\":\"Home\",\"item\":\"https:\/\/qingdaohf.com\/\"},{\"@type\":\"ListItem\",\"position\":2,\"name\":\"Concrete Forming Accessories and Rigging Hardware\",\"item\":\"https:\/\/qingdaohf.com\/bg\/?page_id=944\"},{\"@type\":\"ListItem\",\"position\":3,\"name\":\"Formwork Water Stop\"}]},{\"@type\":\"WebSite\",\"@id\":\"https:\/\/qingdaohf.com\/bg\/#website\",\"url\":\"https:\/\/qingdaohf.com\/bg\/\",\"name\":\"Concrete Form & Rigging Hardware Supplier\",\"description\":\"\",\"publisher\":{\"@id\":\"https:\/\/qingdaohf.com\/bg\/#organization\"},\"potentialAction\":[{\"@type\":\"SearchAction\",\"target\":{\"@type\":\"EntryPoint\",\"urlTemplate\":\"https:\/\/qingdaohf.com\/bg\/?s={search_term_string}\"},\"query-input\":{\"@type\":\"PropertyValueSpecification\",\"valueRequired\":true,\"valueName\":\"search_term_string\"}}],\"inLanguage\":\"sv-SE\"},{\"@type\":\"Organization\",\"@id\":\"https:\/\/qingdaohf.com\/bg\/#organization\",\"name\":\"Qingdao H&F\",\"url\":\"https:\/\/qingdaohf.com\/bg\/\",\"logo\":{\"@type\":\"ImageObject\",\"inLanguage\":\"sv-SE\",\"@id\":\"https:\/\/qingdaohf.com\/bg\/#\/schema\/logo\/image\/\",\"url\":\"https:\/\/qingdaohf.com\/wp-content\/uploads\/2022\/12\/cropped-HF-LOGO.png\",\"contentUrl\":\"https:\/\/qingdaohf.com\/wp-content\/uploads\/2022\/12\/cropped-HF-LOGO.png\",\"width\":391,\"height\":249,\"caption\":\"Qingdao H&F\"},\"image\":{\"@id\":\"https:\/\/qingdaohf.com\/bg\/#\/schema\/logo\/image\/\"},\"sameAs\":[\"https:\/\/www.facebook.com\/qingdaohf\"]}]}<\/script>\n<!-- \/ Yoast SEO plugin. -->","yoast_head_json":{"title":"Formwork Water Stop","description":"Formwork water stop products are essential for creating waterproof barriers in concrete construction, preventing water leakage through joints in concrete structures.","robots":{"index":"index","follow":"follow","max-snippet":"max-snippet:-1","max-image-preview":"max-image-preview:large","max-video-preview":"max-video-preview:-1"},"canonical":"https:\/\/qingdaohf.com\/sv\/produkt\/formsattning-vattenstopp\/","og_locale":"sv_SE","og_type":"article","og_title":"Formwork Water Stop","og_description":"Formwork water stop products are essential for creating waterproof barriers in concrete construction, preventing water leakage through joints in concrete structures.","og_url":"https:\/\/qingdaohf.com\/sv\/produkt\/formsattning-vattenstopp\/","og_site_name":"Concrete Form &amp; Rigging Hardware Supplier","article_publisher":"https:\/\/www.facebook.com\/qingdaohf","article_modified_time":"2025-11-13T01:02:22+00:00","og_image":[{"width":1000,"height":1000,"url":"https:\/\/qingdaohf.com\/wp-content\/uploads\/2024\/12\/tie-rod-water-stop-9.jpg","type":"image\/jpeg"}],"twitter_card":"summary_large_image","twitter_misc":{"Ber\u00e4knad l\u00e4stid":"4 minuter"},"schema":{"@context":"https:\/\/schema.org","@graph":[{"@type":"WebPage","@id":"https:\/\/qingdaohf.com\/product\/formwork-water-stop\/","url":"https:\/\/qingdaohf.com\/product\/formwork-water-stop\/","name":"Formwork Water Stop","isPartOf":{"@id":"https:\/\/qingdaohf.com\/bg\/#website"},"primaryImageOfPage":{"@id":"https:\/\/qingdaohf.com\/product\/formwork-water-stop\/#primaryimage"},"image":{"@id":"https:\/\/qingdaohf.com\/product\/formwork-water-stop\/#primaryimage"},"thumbnailUrl":"https:\/\/qingdaohf.com\/wp-content\/uploads\/2024\/12\/tie-rod-water-stop-9.jpg","datePublished":"2024-12-27T09:18:28+00:00","dateModified":"2025-11-13T01:02:22+00:00","description":"Formwork water stop products are essential for creating waterproof barriers in concrete construction, preventing water leakage through joints in concrete structures.","breadcrumb":{"@id":"https:\/\/qingdaohf.com\/product\/formwork-water-stop\/#breadcrumb"},"inLanguage":"sv-SE","potentialAction":[{"@type":"ReadAction","target":["https:\/\/qingdaohf.com\/product\/formwork-water-stop\/"]}]},{"@type":"ImageObject","inLanguage":"sv-SE","@id":"https:\/\/qingdaohf.com\/product\/formwork-water-stop\/#primaryimage","url":"https:\/\/qingdaohf.com\/wp-content\/uploads\/2024\/12\/tie-rod-water-stop-9.jpg","contentUrl":"https:\/\/qingdaohf.com\/wp-content\/uploads\/2024\/12\/tie-rod-water-stop-9.jpg","width":1000,"height":1000},{"@type":"BreadcrumbList","@id":"https:\/\/qingdaohf.com\/product\/formwork-water-stop\/#breadcrumb","itemListElement":[{"@type":"ListItem","position":1,"name":"Home","item":"https:\/\/qingdaohf.com\/"},{"@type":"ListItem","position":2,"name":"Concrete Forming Accessories and Rigging Hardware","item":"https:\/\/qingdaohf.com\/bg\/?page_id=944"},{"@type":"ListItem","position":3,"name":"Formwork Water Stop"}]},{"@type":"WebSite","@id":"https:\/\/qingdaohf.com\/bg\/#website","url":"https:\/\/qingdaohf.com\/bg\/","name":"Concrete Form & Rigging Hardware Supplier","description":"","publisher":{"@id":"https:\/\/qingdaohf.com\/bg\/#organization"},"potentialAction":[{"@type":"SearchAction","target":{"@type":"EntryPoint","urlTemplate":"https:\/\/qingdaohf.com\/bg\/?s={search_term_string}"},"query-input":{"@type":"PropertyValueSpecification","valueRequired":true,"valueName":"search_term_string"}}],"inLanguage":"sv-SE"},{"@type":"Organization","@id":"https:\/\/qingdaohf.com\/bg\/#organization","name":"Qingdao H&F","url":"https:\/\/qingdaohf.com\/bg\/","logo":{"@type":"ImageObject","inLanguage":"sv-SE","@id":"https:\/\/qingdaohf.com\/bg\/#\/schema\/logo\/image\/","url":"https:\/\/qingdaohf.com\/wp-content\/uploads\/2022\/12\/cropped-HF-LOGO.png","contentUrl":"https:\/\/qingdaohf.com\/wp-content\/uploads\/2022\/12\/cropped-HF-LOGO.png","width":391,"height":249,"caption":"Qingdao H&F"},"image":{"@id":"https:\/\/qingdaohf.com\/bg\/#\/schema\/logo\/image\/"},"sameAs":["https:\/\/www.facebook.com\/qingdaohf"]}]}},"_links":{"self":[{"href":"https:\/\/qingdaohf.com\/sv\/wp-json\/wp\/v2\/product\/8601","targetHints":{"allow":["GET"]}}],"collection":[{"href":"https:\/\/qingdaohf.com\/sv\/wp-json\/wp\/v2\/product"}],"about":[{"href":"https:\/\/qingdaohf.com\/sv\/wp-json\/wp\/v2\/types\/product"}],"replies":[{"embeddable":true,"href":"https:\/\/qingdaohf.com\/sv\/wp-json\/wp\/v2\/comments?post=8601"}],"version-history":[{"count":1,"href":"https:\/\/qingdaohf.com\/sv\/wp-json\/wp\/v2\/product\/8601\/revisions"}],"predecessor-version":[{"id":8602,"href":"https:\/\/qingdaohf.com\/sv\/wp-json\/wp\/v2\/product\/8601\/revisions\/8602"}],"wp:featuredmedia":[{"embeddable":true,"href":"https:\/\/qingdaohf.com\/sv\/wp-json\/wp\/v2\/media\/8599"}],"wp:attachment":[{"href":"https:\/\/qingdaohf.com\/sv\/wp-json\/wp\/v2\/media?parent=8601"}],"wp:term":[{"taxonomy":"product_brand","embeddable":true,"href":"https:\/\/qingdaohf.com\/sv\/wp-json\/wp\/v2\/product_brand?post=8601"},{"taxonomy":"product_cat","embeddable":true,"href":"https:\/\/qingdaohf.com\/sv\/wp-json\/wp\/v2\/product_cat?post=8601"},{"taxonomy":"product_tag","embeddable":true,"href":"https:\/\/qingdaohf.com\/sv\/wp-json\/wp\/v2\/product_tag?post=8601"}],"curies":[{"name":"wp","href":"https:\/\/api.w.org\/{rel}","templated":true}]}}