{"id":8618,"date":"2024-12-31T17:02:10","date_gmt":"2024-12-31T09:02:10","guid":{"rendered":"http:\/\/qingdaohf.com\/?post_type=product&#038;p=8618"},"modified":"2025-11-13T09:02:21","modified_gmt":"2025-11-13T01:02:21","slug":"formwork-hex-nut-connection","status":"publish","type":"product","link":"https:\/\/qingdaohf.com\/sv\/produkt\/formsattning-sexkantsmutter\/","title":{"rendered":"Formning Sexkantsmutter Anslutning"},"content":{"rendered":"<h2 class=\"font-600 text-2xl font-bold\">Rollen f\u00f6r sexkantsmuttrar f\u00f6r forms\u00e4ttning i byggbranschen<\/h2>\n<p class=\"whitespace-pre-wrap break-words\">Inom byggbranschen \u00e4r sexkantsmuttrar f\u00f6r forms\u00e4ttning viktiga komponenter som s\u00e4kerst\u00e4ller stabiliteten hos forms\u00e4ttningssystem. Muttrarna, som \u00e4r tillverkade av h\u00f6gkvalitativa material, ger den styrka som beh\u00f6vs f\u00f6r att h\u00e5lla byggelementen s\u00e4kra. De \u00e4r s\u00e4rskilt viktiga i dragst\u00e5ngssystem, d\u00e4r de hj\u00e4lper till att uppr\u00e4tth\u00e5lla korrekt formriktning under gjutning och h\u00e4rdning av betong.<\/p>\n<h2 class=\"font-600 text-2xl font-bold\">F\u00f6rst\u00e5else av dragst\u00e5ngssystemet<\/h2>\n<p class=\"whitespace-pre-wrap break-words\">Moderna forms\u00e4ttningar \u00e4r starkt beroende av dragst\u00e5ngssystem, d\u00e4r flera komponenter arbetar tillsammans f\u00f6r att ge strukturellt st\u00f6d. Sj\u00e4lva dragst\u00e5ngen fungerar som det huvudsakliga sp\u00e4nningselementet och sprider laster \u00f6ver formkonstruktionen. Vid sidan av den arbetar vattenstopp som hindrar fukt fr\u00e5n att sippra genom konstruktionsfogar. Formsexmuttern sammanf\u00f6r dessa element och skapar ett tillf\u00f6rlitligt och effektivt system.<\/p>\n<h2 class=\"font-600 text-2xl font-bold\">Kompatibilitet med st\u00f6djande komponenter<\/h2>\n<p class=\"whitespace-pre-wrap break-words\">Som f\u00e4stelement l\u00e5ser formens sexkantsmutter dragst\u00e4ngerna i l\u00e4ge samtidigt som justeringsm\u00f6jligheterna bibeh\u00e5lls. Den fungerar bra tillsammans med flera andra delar, bland annat Super Plate, Combi Nut, Tie Rod Plate Washer och vattenstopp. Super Plate passar perfekt ihop med sexkantsmuttern f\u00f6r att sprida laster \u00f6ver ett st\u00f6rre omr\u00e5de, vilket minskar trycket p\u00e5 forms\u00e4ttningspanelerna. P\u00e5 samma s\u00e4tt bidrar b\u00e5de kombimuttern och f\u00e4stst\u00e5ngsbrickan till att f\u00f6rdela krafterna j\u00e4mnt och skydda mot deformation under tryck.<\/p>\n<h2 class=\"font-600 text-2xl font-bold\">Viktiga funktioner och f\u00f6rdelar<\/h2>\n<p class=\"whitespace-pre-wrap break-words\">Styrkan hos sexkantsmuttrar f\u00f6r forms\u00e4ttning kommer fr\u00e5n deras robusta konstruktion. De \u00e4r tillverkade av st\u00e5l eller legerade material och klarar de intensiva krafter som f\u00f6rekommer under byggnadsarbeten. Den sexsidiga designen g\u00f6r dem l\u00e4tta att greppa och dra \u00e5t, \u00e4ven under tuffa f\u00f6rh\u00e5llanden p\u00e5 byggarbetsplatsen. De flesta versioner \u00e4r galvaniserade eller rostskyddsbehandlade f\u00f6r att klara tuffa v\u00e4der- och milj\u00f6f\u00f6rh\u00e5llanden.<\/p>\n<p class=\"whitespace-pre-wrap break-words\">Dessa muttrar bidrar v\u00e4sentligt till effektiviteten i byggandet. Genom att h\u00e5lla dragst\u00e5ngssystemen stabila minskar de uppriktningsproblemen, vilket sparar v\u00e4rdefull tid och pengar. Den praktiska utformningen g\u00f6r att arbetarna snabbt kan installera och ta bort dem, vilket p\u00e5skyndar arbetet p\u00e5 plats.<\/p>\n<h2 class=\"font-600 text-2xl font-bold\">V\u00e5rt \u00e5tagande f\u00f6r kvalitet och service<\/h2>\n<p class=\"whitespace-pre-wrap break-words\">Att v\u00e4lja r\u00e4tt sexkantsmutter f\u00f6r forms\u00e4ttning handlar om mer \u00e4n bara produktspecifikationer. Vi \u00e4r medvetna om detta genom att erbjuda omfattande support ut\u00f6ver ren h\u00e5rdvaruf\u00f6rs\u00e4ljning. V\u00e5r personliga kundservice s\u00e4kerst\u00e4ller att varje kund f\u00e5r den uppm\u00e4rksamhet de beh\u00f6ver, med l\u00f6sningar som \u00e4r skr\u00e4ddarsydda efter deras specifika krav. Detta bygger starka kundrelationer baserade p\u00e5 f\u00f6rtroende och tillfredsst\u00e4llelse.<\/p>\n<p class=\"whitespace-pre-wrap break-words\">Vi f\u00f6rst\u00e5r att tidsramarna f\u00f6r byggprojekt \u00e4r kritiska och det \u00e4r d\u00e4rf\u00f6r vi prioriterar snabba leveranser. V\u00e5r snabba leveransf\u00f6rm\u00e5ga kan g\u00f6ra en verklig skillnad f\u00f6r projektscheman, oavsett om det g\u00e4ller stora byggprojekt eller mindre jobb.<\/p>\n<p class=\"whitespace-pre-wrap break-words\">Kvalitet f\u00f6rblir k\u00e4rnan i v\u00e5r verksamhet. Varje sexkantsmutter f\u00f6r forms\u00e4ttning genomg\u00e5r noggranna tester, fr\u00e5n h\u00e5llfasthetsbed\u00f6mningar till storleksverifiering. Vi tillhandah\u00e5ller detaljerad inspektionsdokumentation, vilket ger v\u00e5ra kunder fullt f\u00f6rtroende f\u00f6r sina ink\u00f6p.<\/p>\n<h2 class=\"font-600 text-2xl font-bold\">Integrerade l\u00f6sningar f\u00f6r olika applikationer<\/h2>\n<p class=\"whitespace-pre-wrap break-words\">Det verkliga v\u00e4rdet av sexkantsmuttrar f\u00f6r forms\u00e4ttning framtr\u00e4der n\u00e4r de arbetar tillsammans med dragst\u00e4nger, vattenstopp och plattbrickor. Denna kombination skapar ett p\u00e5litligt system som kan anpassas till olika byggbehov. I vattent\u00e4tningskritiska projekt kan man till exempel anv\u00e4nda ett vattenstopp i dragst\u00e5ngssystemet f\u00f6r att s\u00e4kerst\u00e4lla vattent\u00e4ta fogar och skydda byggnadens strukturella integritet.<\/p>\n<p class=\"whitespace-pre-wrap break-words\">Dessa sexkantsmuttrar fungerar lika bra f\u00f6r olika typer av formar. Fr\u00e5n traditionella tr\u00e4formar till moderna modul\u00e4ra system, de bibeh\u00e5ller konsekvent prestanda. Denna anpassningsf\u00f6rm\u00e5ga, i kombination med enkel installation, g\u00f6r dem v\u00e4rdefulla f\u00f6r effektivt och kostnadseffektivt byggande.<\/p>\n<h2 class=\"font-600 text-2xl font-bold\">Slutsats<\/h2>\n<p class=\"whitespace-pre-wrap break-words\">Sexkantsmuttrar f\u00f6r forms\u00e4ttning \u00e4r viktiga element i modern konstruktion, inte bara som grundl\u00e4ggande h\u00e5rdvara. Deras viktiga roll i dragst\u00e5ngssystem, tillsammans med deras kompatibilitet med Super Plates, Combi Nuts och vattenstopp, g\u00f6r dem otroligt m\u00e5ngsidiga. Med st\u00f6d av v\u00e5rt omfattande servicepaket - inklusive dedikerad support, snabb leverans och rigor\u00f6sa kvalitetskontroller - blir dessa sexkantsmuttrar oumb\u00e4rliga f\u00f6r byggproffs. V\u00e4lj tillf\u00f6rlitligheten och effektiviteten hos v\u00e5ra sexkantsmuttrar f\u00f6r forms\u00e4ttning i ditt n\u00e4sta projekt.<\/p>","protected":false},"excerpt":{"rendered":"<p>Formwork Hex Nut har en p\u00e5litlig funktion i modern konstruktion p\u00e5 grund av b\u00e4sta kompatibilitet med dragst\u00e5ngssystemet och kan g\u00f6ra f\u00e4stet s\u00e4kert, l\u00e5ngvarigt f\u00f6r rigor\u00f6st formningsarbete. Som ett professionellt handelsf\u00f6retag \u00e4r f\u00f6rs\u00e4ljningsargumenten en-till-en-kundupplevelse, snabb leveranscykel och fullst\u00e4ndiga kvalitetsinspektionsrapporter. S\u00e5 mycket omsorg kommer definitivt att s\u00e4kerst\u00e4lla att de b\u00e4sta produkterna ges till dig f\u00f6r garanterad effektivitet och s\u00e4kerhet p\u00e5 plats.<\/p>","protected":false},"featured_media":8620,"comment_status":"open","ping_status":"closed","template":"","meta":{"site-sidebar-layout":"default","site-content-layout":"","ast-site-content-layout":"default","site-content-style":"default","site-sidebar-style":"default","ast-global-header-display":"","ast-banner-title-visibility":"","ast-main-header-display":"","ast-hfb-above-header-display":"","ast-hfb-below-header-display":"","ast-hfb-mobile-header-display":"","site-post-title":"","ast-breadcrumbs-content":"","ast-featured-img":"","footer-sml-layout":"","theme-transparent-header-meta":"default","adv-header-id-meta":"","stick-header-meta":"default","header-above-stick-meta":"","header-main-stick-meta":"","header-below-stick-meta":"","astra-migrate-meta-layouts":"set","ast-page-background-enabled":"default","ast-page-background-meta":{"desktop":{"background-color":"","background-image":"","background-repeat":"repeat","background-position":"center center","background-size":"auto","background-attachment":"scroll","background-type":"","background-media":"","overlay-type":"","overlay-color":"","overlay-opacity":"","overlay-gradient":""},"tablet":{"background-color":"","background-image":"","background-repeat":"repeat","background-position":"center center","background-size":"auto","background-attachment":"scroll","background-type":"","background-media":"","overlay-type":"","overlay-color":"","overlay-opacity":"","overlay-gradient":""},"mobile":{"background-color":"","background-image":"","background-repeat":"repeat","background-position":"center center","background-size":"auto","background-attachment":"scroll","background-type":"","background-media":"","overlay-type":"","overlay-color":"","overlay-opacity":"","overlay-gradient":""}},"ast-content-background-meta":{"desktop":{"background-color":"var(--ast-global-color-5)","background-image":"","background-repeat":"repeat","background-position":"center center","background-size":"auto","background-attachment":"scroll","background-type":"","background-media":"","overlay-type":"","overlay-color":"","overlay-opacity":"","overlay-gradient":""},"tablet":{"background-color":"var(--ast-global-color-5)","background-image":"","background-repeat":"repeat","background-position":"center center","background-size":"auto","background-attachment":"scroll","background-type":"","background-media":"","overlay-type":"","overlay-color":"","overlay-opacity":"","overlay-gradient":""},"mobile":{"background-color":"var(--ast-global-color-5)","background-image":"","background-repeat":"repeat","background-position":"center center","background-size":"auto","background-attachment":"scroll","background-type":"","background-media":"","overlay-type":"","overlay-color":"","overlay-opacity":"","overlay-gradient":""}}},"product_brand":[],"product_cat":[79],"product_tag":[],"class_list":{"0":"post-8618","1":"product","2":"type-product","3":"status-publish","4":"has-post-thumbnail","6":"product_cat-tie-rod-system","7":"desktop-align-left","8":"tablet-align-left","9":"mobile-align-left","10":"ast-product-gallery-layout-horizontal-slider","11":"ast-product-gallery-with-no-image","12":"ast-product-tabs-layout-horizontal","14":"first","15":"instock","16":"shipping-taxable","17":"purchasable","18":"product-type-simple"},"yoast_head":"<!-- This site is optimized with the Yoast SEO plugin v25.2 - https:\/\/yoast.com\/wordpress\/plugins\/seo\/ -->\n<title>Formwork Hex Nut Connection<\/title>\n<meta name=\"robots\" content=\"index, follow, max-snippet:-1, max-image-preview:large, max-video-preview:-1\" \/>\n<link rel=\"canonical\" href=\"https:\/\/qingdaohf.com\/sv\/produkt\/formsattning-sexkantsmutter\/\" \/>\n<meta property=\"og:locale\" content=\"sv_SE\" \/>\n<meta property=\"og:type\" content=\"article\" \/>\n<meta property=\"og:title\" content=\"Formwork Hex Nut Connection\" \/>\n<meta property=\"og:description\" content=\"Formwork Hex Nut has a reliable feature in modern construction due to best compatibility with the tie rod system and can make fastening secure, long-lasting for rigorous formwork work. Being one professional trading company, the selling points are one-to-one customer experience, quick delivery cycle and complete quality inspection reports. That much of care will definitely assure giving the best products to be given to you for assured on-site efficiency and safety.\" \/>\n<meta property=\"og:url\" content=\"https:\/\/qingdaohf.com\/sv\/produkt\/formsattning-sexkantsmutter\/\" \/>\n<meta property=\"og:site_name\" content=\"Concrete Form &amp; Rigging Hardware Supplier\" \/>\n<meta property=\"article:publisher\" content=\"https:\/\/www.facebook.com\/qingdaohf\" \/>\n<meta property=\"article:modified_time\" content=\"2025-11-13T01:02:21+00:00\" \/>\n<meta property=\"og:image\" content=\"https:\/\/qingdaohf.com\/wp-content\/uploads\/2024\/12\/Formwork-Hex-Nut-2.jpg\" \/>\n\t<meta property=\"og:image:width\" content=\"1000\" \/>\n\t<meta property=\"og:image:height\" content=\"1000\" \/>\n\t<meta property=\"og:image:type\" content=\"image\/jpeg\" \/>\n<meta name=\"twitter:card\" content=\"summary_large_image\" \/>\n<meta name=\"twitter:label1\" content=\"Ber\u00e4knad l\u00e4stid\" \/>\n\t<meta name=\"twitter:data1\" content=\"3 minuter\" \/>\n<script type=\"application\/ld+json\" class=\"yoast-schema-graph\">{\"@context\":\"https:\/\/schema.org\",\"@graph\":[{\"@type\":\"WebPage\",\"@id\":\"https:\/\/qingdaohf.com\/product\/formwork-hex-nut-connection\/\",\"url\":\"https:\/\/qingdaohf.com\/product\/formwork-hex-nut-connection\/\",\"name\":\"Formwork Hex Nut Connection\",\"isPartOf\":{\"@id\":\"https:\/\/qingdaohf.com\/bg\/#website\"},\"primaryImageOfPage\":{\"@id\":\"https:\/\/qingdaohf.com\/product\/formwork-hex-nut-connection\/#primaryimage\"},\"image\":{\"@id\":\"https:\/\/qingdaohf.com\/product\/formwork-hex-nut-connection\/#primaryimage\"},\"thumbnailUrl\":\"https:\/\/qingdaohf.com\/wp-content\/uploads\/2024\/12\/Formwork-Hex-Nut-2.jpg\",\"datePublished\":\"2024-12-31T09:02:10+00:00\",\"dateModified\":\"2025-11-13T01:02:21+00:00\",\"breadcrumb\":{\"@id\":\"https:\/\/qingdaohf.com\/product\/formwork-hex-nut-connection\/#breadcrumb\"},\"inLanguage\":\"sv-SE\",\"potentialAction\":[{\"@type\":\"ReadAction\",\"target\":[\"https:\/\/qingdaohf.com\/product\/formwork-hex-nut-connection\/\"]}]},{\"@type\":\"ImageObject\",\"inLanguage\":\"sv-SE\",\"@id\":\"https:\/\/qingdaohf.com\/product\/formwork-hex-nut-connection\/#primaryimage\",\"url\":\"https:\/\/qingdaohf.com\/wp-content\/uploads\/2024\/12\/Formwork-Hex-Nut-2.jpg\",\"contentUrl\":\"https:\/\/qingdaohf.com\/wp-content\/uploads\/2024\/12\/Formwork-Hex-Nut-2.jpg\",\"width\":1000,\"height\":1000,\"caption\":\"Formwork Hex Nut\"},{\"@type\":\"BreadcrumbList\",\"@id\":\"https:\/\/qingdaohf.com\/product\/formwork-hex-nut-connection\/#breadcrumb\",\"itemListElement\":[{\"@type\":\"ListItem\",\"position\":1,\"name\":\"Home\",\"item\":\"https:\/\/qingdaohf.com\/\"},{\"@type\":\"ListItem\",\"position\":2,\"name\":\"Concrete Forming Accessories and Rigging Hardware\",\"item\":\"https:\/\/qingdaohf.com\/bg\/?page_id=944\"},{\"@type\":\"ListItem\",\"position\":3,\"name\":\"Formwork Hex Nut Connection\"}]},{\"@type\":\"WebSite\",\"@id\":\"https:\/\/qingdaohf.com\/bg\/#website\",\"url\":\"https:\/\/qingdaohf.com\/bg\/\",\"name\":\"Concrete Form & Rigging Hardware Supplier\",\"description\":\"\",\"publisher\":{\"@id\":\"https:\/\/qingdaohf.com\/bg\/#organization\"},\"potentialAction\":[{\"@type\":\"SearchAction\",\"target\":{\"@type\":\"EntryPoint\",\"urlTemplate\":\"https:\/\/qingdaohf.com\/bg\/?s={search_term_string}\"},\"query-input\":{\"@type\":\"PropertyValueSpecification\",\"valueRequired\":true,\"valueName\":\"search_term_string\"}}],\"inLanguage\":\"sv-SE\"},{\"@type\":\"Organization\",\"@id\":\"https:\/\/qingdaohf.com\/bg\/#organization\",\"name\":\"Qingdao H&F\",\"url\":\"https:\/\/qingdaohf.com\/bg\/\",\"logo\":{\"@type\":\"ImageObject\",\"inLanguage\":\"sv-SE\",\"@id\":\"https:\/\/qingdaohf.com\/bg\/#\/schema\/logo\/image\/\",\"url\":\"https:\/\/qingdaohf.com\/wp-content\/uploads\/2022\/12\/cropped-HF-LOGO.png\",\"contentUrl\":\"https:\/\/qingdaohf.com\/wp-content\/uploads\/2022\/12\/cropped-HF-LOGO.png\",\"width\":391,\"height\":249,\"caption\":\"Qingdao H&F\"},\"image\":{\"@id\":\"https:\/\/qingdaohf.com\/bg\/#\/schema\/logo\/image\/\"},\"sameAs\":[\"https:\/\/www.facebook.com\/qingdaohf\"]}]}<\/script>\n<!-- \/ Yoast SEO plugin. -->","yoast_head_json":{"title":"Formwork Hex Nut Connection","robots":{"index":"index","follow":"follow","max-snippet":"max-snippet:-1","max-image-preview":"max-image-preview:large","max-video-preview":"max-video-preview:-1"},"canonical":"https:\/\/qingdaohf.com\/sv\/produkt\/formsattning-sexkantsmutter\/","og_locale":"sv_SE","og_type":"article","og_title":"Formwork Hex Nut Connection","og_description":"Formwork Hex Nut has a reliable feature in modern construction due to best compatibility with the tie rod system and can make fastening secure, long-lasting for rigorous formwork work. Being one professional trading company, the selling points are one-to-one customer experience, quick delivery cycle and complete quality inspection reports. That much of care will definitely assure giving the best products to be given to you for assured on-site efficiency and safety.","og_url":"https:\/\/qingdaohf.com\/sv\/produkt\/formsattning-sexkantsmutter\/","og_site_name":"Concrete Form &amp; Rigging Hardware Supplier","article_publisher":"https:\/\/www.facebook.com\/qingdaohf","article_modified_time":"2025-11-13T01:02:21+00:00","og_image":[{"width":1000,"height":1000,"url":"https:\/\/qingdaohf.com\/wp-content\/uploads\/2024\/12\/Formwork-Hex-Nut-2.jpg","type":"image\/jpeg"}],"twitter_card":"summary_large_image","twitter_misc":{"Ber\u00e4knad l\u00e4stid":"3 minuter"},"schema":{"@context":"https:\/\/schema.org","@graph":[{"@type":"WebPage","@id":"https:\/\/qingdaohf.com\/product\/formwork-hex-nut-connection\/","url":"https:\/\/qingdaohf.com\/product\/formwork-hex-nut-connection\/","name":"Formwork Hex Nut Connection","isPartOf":{"@id":"https:\/\/qingdaohf.com\/bg\/#website"},"primaryImageOfPage":{"@id":"https:\/\/qingdaohf.com\/product\/formwork-hex-nut-connection\/#primaryimage"},"image":{"@id":"https:\/\/qingdaohf.com\/product\/formwork-hex-nut-connection\/#primaryimage"},"thumbnailUrl":"https:\/\/qingdaohf.com\/wp-content\/uploads\/2024\/12\/Formwork-Hex-Nut-2.jpg","datePublished":"2024-12-31T09:02:10+00:00","dateModified":"2025-11-13T01:02:21+00:00","breadcrumb":{"@id":"https:\/\/qingdaohf.com\/product\/formwork-hex-nut-connection\/#breadcrumb"},"inLanguage":"sv-SE","potentialAction":[{"@type":"ReadAction","target":["https:\/\/qingdaohf.com\/product\/formwork-hex-nut-connection\/"]}]},{"@type":"ImageObject","inLanguage":"sv-SE","@id":"https:\/\/qingdaohf.com\/product\/formwork-hex-nut-connection\/#primaryimage","url":"https:\/\/qingdaohf.com\/wp-content\/uploads\/2024\/12\/Formwork-Hex-Nut-2.jpg","contentUrl":"https:\/\/qingdaohf.com\/wp-content\/uploads\/2024\/12\/Formwork-Hex-Nut-2.jpg","width":1000,"height":1000,"caption":"Formwork Hex Nut"},{"@type":"BreadcrumbList","@id":"https:\/\/qingdaohf.com\/product\/formwork-hex-nut-connection\/#breadcrumb","itemListElement":[{"@type":"ListItem","position":1,"name":"Home","item":"https:\/\/qingdaohf.com\/"},{"@type":"ListItem","position":2,"name":"Concrete Forming Accessories and Rigging Hardware","item":"https:\/\/qingdaohf.com\/bg\/?page_id=944"},{"@type":"ListItem","position":3,"name":"Formwork Hex Nut Connection"}]},{"@type":"WebSite","@id":"https:\/\/qingdaohf.com\/bg\/#website","url":"https:\/\/qingdaohf.com\/bg\/","name":"Concrete Form & Rigging Hardware Supplier","description":"","publisher":{"@id":"https:\/\/qingdaohf.com\/bg\/#organization"},"potentialAction":[{"@type":"SearchAction","target":{"@type":"EntryPoint","urlTemplate":"https:\/\/qingdaohf.com\/bg\/?s={search_term_string}"},"query-input":{"@type":"PropertyValueSpecification","valueRequired":true,"valueName":"search_term_string"}}],"inLanguage":"sv-SE"},{"@type":"Organization","@id":"https:\/\/qingdaohf.com\/bg\/#organization","name":"Qingdao H&F","url":"https:\/\/qingdaohf.com\/bg\/","logo":{"@type":"ImageObject","inLanguage":"sv-SE","@id":"https:\/\/qingdaohf.com\/bg\/#\/schema\/logo\/image\/","url":"https:\/\/qingdaohf.com\/wp-content\/uploads\/2022\/12\/cropped-HF-LOGO.png","contentUrl":"https:\/\/qingdaohf.com\/wp-content\/uploads\/2022\/12\/cropped-HF-LOGO.png","width":391,"height":249,"caption":"Qingdao H&F"},"image":{"@id":"https:\/\/qingdaohf.com\/bg\/#\/schema\/logo\/image\/"},"sameAs":["https:\/\/www.facebook.com\/qingdaohf"]}]}},"_links":{"self":[{"href":"https:\/\/qingdaohf.com\/sv\/wp-json\/wp\/v2\/product\/8618","targetHints":{"allow":["GET"]}}],"collection":[{"href":"https:\/\/qingdaohf.com\/sv\/wp-json\/wp\/v2\/product"}],"about":[{"href":"https:\/\/qingdaohf.com\/sv\/wp-json\/wp\/v2\/types\/product"}],"replies":[{"embeddable":true,"href":"https:\/\/qingdaohf.com\/sv\/wp-json\/wp\/v2\/comments?post=8618"}],"version-history":[{"count":2,"href":"https:\/\/qingdaohf.com\/sv\/wp-json\/wp\/v2\/product\/8618\/revisions"}],"predecessor-version":[{"id":8737,"href":"https:\/\/qingdaohf.com\/sv\/wp-json\/wp\/v2\/product\/8618\/revisions\/8737"}],"wp:featuredmedia":[{"embeddable":true,"href":"https:\/\/qingdaohf.com\/sv\/wp-json\/wp\/v2\/media\/8620"}],"wp:attachment":[{"href":"https:\/\/qingdaohf.com\/sv\/wp-json\/wp\/v2\/media?parent=8618"}],"wp:term":[{"taxonomy":"product_brand","embeddable":true,"href":"https:\/\/qingdaohf.com\/sv\/wp-json\/wp\/v2\/product_brand?post=8618"},{"taxonomy":"product_cat","embeddable":true,"href":"https:\/\/qingdaohf.com\/sv\/wp-json\/wp\/v2\/product_cat?post=8618"},{"taxonomy":"product_tag","embeddable":true,"href":"https:\/\/qingdaohf.com\/sv\/wp-json\/wp\/v2\/product_tag?post=8618"}],"curies":[{"name":"wp","href":"https:\/\/api.w.org\/{rel}","templated":true}]}}