{"id":8624,"date":"2025-01-02T15:50:36","date_gmt":"2025-01-02T07:50:36","guid":{"rendered":"http:\/\/qingdaohf.com\/?post_type=product&#038;p=8624"},"modified":"2025-11-13T09:02:21","modified_gmt":"2025-11-13T01:02:21","slug":"steel-tie-rod-cone","status":"publish","type":"product","link":"https:\/\/qingdaohf.com\/sv\/produkt\/dragstang-av-stal-kona\/","title":{"rendered":"Dragst\u00e5ngskon av st\u00e5l"},"content":{"rendered":"<h2 class=\"whitespace-pre-wrap break-words\">F\u00f6rst\u00e5else f\u00f6r dragst\u00e5ngskon av st\u00e5l och dess roll i byggbranschen<\/h2>\n<p class=\"whitespace-pre-wrap break-words\">Dragst\u00e5ngskoner av st\u00e5l spelar en viktig roll i modern byggnation, s\u00e4rskilt vid montering av formar. Dessa enkla men viktiga komponenter t\u00e4cker dragst\u00e5ngs\u00e4ndarna och skapar ett viktigt gr\u00e4nssnitt mellan formar och betongkonstruktioner. Ut\u00f6ver att bara vara anslutningselement fungerar de som vattenstopp och s\u00e4kerst\u00e4ller exakta avst\u00e5nd, vilket hj\u00e4lper byggteam att uppr\u00e4tth\u00e5lla h\u00f6ga standarder utan att ge avkall p\u00e5 byggkvalitet eller hastighet.<\/p>\n<p class=\"whitespace-pre-wrap break-words\">Vid betonggjutning f\u00f6rhindrar dragst\u00e5ngskonen direktkontakt mellan dragst\u00e4ngerna och den v\u00e5ta betongen, vilket skyddar formens strukturella h\u00e5llfasthet. Konstruktionen g\u00f6r det ocks\u00e5 mycket enklare att ta bort formen efter att betongen har h\u00e4rdat - en viktig egenskap f\u00f6r tillf\u00e4lliga system som anv\u00e4nds i allt fr\u00e5n broar till skyskrapor och industribyggnader.<\/p>\n<h2 class=\"font-600 text-xl font-bold\">Tie Rod-systemet: Ett n\u00e4tverk f\u00f6r samarbete<\/h2>\n<p class=\"whitespace-pre-wrap break-words\">Dragst\u00e5ngskoner fungerar inte ensamma - de \u00e4r en del av ett integrerat system som omfattar vattenstopp, dragst\u00e4nger, superpl\u00e5tkombimuttrar och plattbrickor. Dessa komponenter arbetar tillsammans som en v\u00e4loljad maskin f\u00f6r att hantera det intensiva trycket i byggnadsarbetet.<\/p>\n<p class=\"whitespace-pre-wrap break-words\">I hj\u00e4rtat av det hela finns dragst\u00e5ngen, som ger den dragh\u00e5llfasthet som kr\u00e4vs f\u00f6r att h\u00e5lla kvar v\u00e5t betong under gjutning och h\u00e4rdning. Vattenstopp skapar viktiga t\u00e4tningar mot fukt - s\u00e4rskilt viktigt f\u00f6r underjordiska konstruktioner eller annat som beh\u00f6ver h\u00e5lla vatten. Dragst\u00e5ngskon av st\u00e5l f\u00f6rst\u00e4rker detta system genom att f\u00f6rb\u00e4ttra b\u00e5de hur l\u00e4nge konstruktionen h\u00e5ller och hur v\u00e4l den fungerar.<\/p>\n<p class=\"whitespace-pre-wrap break-words\">Superplattans kombimutter l\u00e5ser fast allt ordentligt p\u00e5 plats, uppr\u00e4tth\u00e5ller en j\u00e4mn sp\u00e4nning i hela systemet och f\u00f6rhindrar att formen flyttas ur linje. Samtidigt f\u00f6rdelar dragst\u00e5ngens plattbrickor lasten j\u00e4mnt \u00f6ver formytan, vilket eliminerar svaga punkter som kan leda till problem l\u00e4ngre fram.<\/p>\n<h2 class=\"font-600 text-xl font-bold\">F\u00f6rdelar med att anv\u00e4nda dragst\u00e5ngskonor av st\u00e5l i projekt<\/h2>\n<p class=\"whitespace-pre-wrap break-words\">Dragst\u00e5ngskonor av st\u00e5l ger flera viktiga f\u00f6rdelar p\u00e5 byggarbetsplatser. Deras precisionsavst\u00e5nd s\u00e4kerst\u00e4ller att v\u00e4ggtjockleken f\u00f6rblir enhetlig och att arkitektoniska specifikationer uppfylls exakt. De passar ocks\u00e5 perfekt ihop med andra komponenter i dragst\u00e5ngssystemet, vilket effektiviserar installationen och s\u00e4nker arbetskostnaderna.<\/p>\n<p class=\"whitespace-pre-wrap break-words\">Dessa koner \u00e4r byggda f\u00f6r att h\u00e5lla, tillverkade av h\u00f6gkvalitativt st\u00e5l som klarar tunga laster och tuffa v\u00e4derf\u00f6rh\u00e5llanden. H\u00e5llbarheten inneb\u00e4r att byggteam kan \u00e5teranv\u00e4nda dem flera g\u00e5nger, vilket sparar pengar och minskar avfallet i byggprocessen.<\/p>\n<p class=\"whitespace-pre-wrap break-words\">P\u00e5 Qingdao H&amp;F genomg\u00e5r varje kon rigor\u00f6sa tester f\u00f6r styrka och m\u00e5ttnoggrannhet. Vi tillhandah\u00e5ller detaljerade kvalitetsinspektionsrapporter med varje leverans, vilket ger v\u00e5ra kunder f\u00f6rtroende f\u00f6r att deras material kommer att uppfylla alla s\u00e4kerhets- och lagstadgade krav. V\u00e5r personliga kundservice hj\u00e4lper k\u00f6parna att hitta exakt r\u00e4tt dragst\u00e5ngssysteml\u00f6sning f\u00f6r deras specifika projekt.<\/p>\n<h2 class=\"font-600 text-xl font-bold\">Integration och prestanda: Att f\u00e5 ihop det hela<\/h2>\n<p class=\"whitespace-pre-wrap break-words\">Det s\u00e4tt p\u00e5 vilket dessa komponenter fungerar tillsammans visar hur viktigt det \u00e4r med god teknik och kvalitetsmaterial. N\u00e4r det \u00e4r korrekt installerat skapar det kompletta systemet med dragst\u00e5ngskoner, vattenstopp, dragst\u00e4nger, muttrar och brickor en tillf\u00f6rlitlig grund f\u00f6r byggnadsarbetet.<\/p>\n<p class=\"whitespace-pre-wrap break-words\">Genom att rikta in allt korrekt h\u00e5lls formen stabil medan betongen h\u00e4rdar, vilket f\u00f6rhindrar l\u00e4ckage, strukturella problem och projektf\u00f6rseningar. Systemets modul\u00e4ra design g\u00f6r det tillr\u00e4ckligt m\u00e5ngsidigt f\u00f6r alla typer av projekt, fr\u00e5n enkla st\u00f6dmurar till stora infrastrukturarbeten.<\/p>\n<p class=\"whitespace-pre-wrap break-words\">Att v\u00e4lja Qingdao H&amp;F inneb\u00e4r att du f\u00e5r b\u00e5de produkter av h\u00f6gsta kvalitet och djup expertis inom formsystem. Vi \u00e4r stolta \u00f6ver snabba leveranser och personlig service och st\u00f6der dina projekt fr\u00e5n b\u00f6rjan till slut. Oavsett om du beh\u00f6ver dragst\u00e5ngskoner f\u00f6r ett enda jobb eller vill ha en p\u00e5litlig l\u00e5ngsiktig leverant\u00f6r, levererar vi exceptionellt v\u00e4rde och tillf\u00f6rlitlighet.<\/p>","protected":false},"excerpt":{"rendered":"<p data-pm-slice=\"1 1 []\">Dragst\u00e5ngskoner i st\u00e5l spelar en avg\u00f6rande roll vid formning av betongkonstruktioner genom att s\u00e4kerst\u00e4lla exakt inriktning och h\u00e5llbarhet i konstruktionen. K\u00f6pare prioriterar ofta kompatibilitet med olika dragst\u00e5ngssystem, vattenbest\u00e4ndighet och robust materialstyrka n\u00e4r de utv\u00e4rderar dessa produkter. P\u00e5 Qingdao H&amp;F tar vi itu med dessa problem genom en dedikerad en-till-en-kundtj\u00e4nststrategi, snabba leveranscykler och omfattande kvalitetsinspektionsrapporter. Med v\u00e5r expertis inom utrikeshandel och en djup f\u00f6rst\u00e5else f\u00f6r byggbehov levererar vi produkter som \u00f6vertr\u00e4ffar f\u00f6rv\u00e4ntningarna.<\/p>","protected":false},"featured_media":8625,"comment_status":"open","ping_status":"closed","template":"","meta":{"site-sidebar-layout":"default","site-content-layout":"","ast-site-content-layout":"default","site-content-style":"default","site-sidebar-style":"default","ast-global-header-display":"","ast-banner-title-visibility":"","ast-main-header-display":"","ast-hfb-above-header-display":"","ast-hfb-below-header-display":"","ast-hfb-mobile-header-display":"","site-post-title":"","ast-breadcrumbs-content":"","ast-featured-img":"","footer-sml-layout":"","theme-transparent-header-meta":"default","adv-header-id-meta":"","stick-header-meta":"default","header-above-stick-meta":"","header-main-stick-meta":"","header-below-stick-meta":"","astra-migrate-meta-layouts":"set","ast-page-background-enabled":"default","ast-page-background-meta":{"desktop":{"background-color":"","background-image":"","background-repeat":"repeat","background-position":"center center","background-size":"auto","background-attachment":"scroll","background-type":"","background-media":"","overlay-type":"","overlay-color":"","overlay-opacity":"","overlay-gradient":""},"tablet":{"background-color":"","background-image":"","background-repeat":"repeat","background-position":"center center","background-size":"auto","background-attachment":"scroll","background-type":"","background-media":"","overlay-type":"","overlay-color":"","overlay-opacity":"","overlay-gradient":""},"mobile":{"background-color":"","background-image":"","background-repeat":"repeat","background-position":"center center","background-size":"auto","background-attachment":"scroll","background-type":"","background-media":"","overlay-type":"","overlay-color":"","overlay-opacity":"","overlay-gradient":""}},"ast-content-background-meta":{"desktop":{"background-color":"var(--ast-global-color-5)","background-image":"","background-repeat":"repeat","background-position":"center center","background-size":"auto","background-attachment":"scroll","background-type":"","background-media":"","overlay-type":"","overlay-color":"","overlay-opacity":"","overlay-gradient":""},"tablet":{"background-color":"var(--ast-global-color-5)","background-image":"","background-repeat":"repeat","background-position":"center center","background-size":"auto","background-attachment":"scroll","background-type":"","background-media":"","overlay-type":"","overlay-color":"","overlay-opacity":"","overlay-gradient":""},"mobile":{"background-color":"var(--ast-global-color-5)","background-image":"","background-repeat":"repeat","background-position":"center center","background-size":"auto","background-attachment":"scroll","background-type":"","background-media":"","overlay-type":"","overlay-color":"","overlay-opacity":"","overlay-gradient":""}}},"product_brand":[],"product_cat":[79],"product_tag":[],"class_list":{"0":"post-8624","1":"product","2":"type-product","3":"status-publish","4":"has-post-thumbnail","6":"product_cat-tie-rod-system","7":"desktop-align-left","8":"tablet-align-left","9":"mobile-align-left","10":"ast-product-gallery-layout-horizontal-slider","11":"ast-product-gallery-with-no-image","12":"ast-product-tabs-layout-horizontal","14":"first","15":"instock","16":"shipping-taxable","17":"purchasable","18":"product-type-simple"},"yoast_head":"<!-- This site is optimized with the Yoast SEO plugin v25.2 - https:\/\/yoast.com\/wordpress\/plugins\/seo\/ -->\n<title>Steel Tie Rod Cone<\/title>\n<meta name=\"description\" content=\"Steel Tie Rod Cones play a critical role in forming concrete structures by ensuring precise alignment and durability in construction.\" \/>\n<meta name=\"robots\" content=\"index, follow, max-snippet:-1, max-image-preview:large, max-video-preview:-1\" \/>\n<link rel=\"canonical\" href=\"https:\/\/qingdaohf.com\/sv\/produkt\/dragstang-av-stal-kona\/\" \/>\n<meta property=\"og:locale\" content=\"sv_SE\" \/>\n<meta property=\"og:type\" content=\"article\" \/>\n<meta property=\"og:title\" content=\"Steel Tie Rod Cone\" \/>\n<meta property=\"og:description\" content=\"Steel Tie Rod Cones play a critical role in forming concrete structures by ensuring precise alignment and durability in construction.\" \/>\n<meta property=\"og:url\" content=\"https:\/\/qingdaohf.com\/sv\/produkt\/dragstang-av-stal-kona\/\" \/>\n<meta property=\"og:site_name\" content=\"Concrete Form &amp; Rigging Hardware Supplier\" \/>\n<meta property=\"article:publisher\" content=\"https:\/\/www.facebook.com\/qingdaohf\" \/>\n<meta property=\"article:modified_time\" content=\"2025-11-13T01:02:21+00:00\" \/>\n<meta property=\"og:image\" content=\"https:\/\/qingdaohf.com\/wp-content\/uploads\/2025\/01\/steel-cone-tie-rod.webp\" \/>\n\t<meta property=\"og:image:width\" content=\"1000\" \/>\n\t<meta property=\"og:image:height\" content=\"1000\" \/>\n\t<meta property=\"og:image:type\" content=\"image\/webp\" \/>\n<meta name=\"twitter:card\" content=\"summary_large_image\" \/>\n<meta name=\"twitter:label1\" content=\"Ber\u00e4knad l\u00e4stid\" \/>\n\t<meta name=\"twitter:data1\" content=\"3 minuter\" \/>\n<script type=\"application\/ld+json\" class=\"yoast-schema-graph\">{\"@context\":\"https:\/\/schema.org\",\"@graph\":[{\"@type\":\"WebPage\",\"@id\":\"https:\/\/qingdaohf.com\/product\/steel-tie-rod-cone\/\",\"url\":\"https:\/\/qingdaohf.com\/product\/steel-tie-rod-cone\/\",\"name\":\"Steel Tie Rod Cone\",\"isPartOf\":{\"@id\":\"https:\/\/qingdaohf.com\/bg\/#website\"},\"primaryImageOfPage\":{\"@id\":\"https:\/\/qingdaohf.com\/product\/steel-tie-rod-cone\/#primaryimage\"},\"image\":{\"@id\":\"https:\/\/qingdaohf.com\/product\/steel-tie-rod-cone\/#primaryimage\"},\"thumbnailUrl\":\"https:\/\/qingdaohf.com\/wp-content\/uploads\/2025\/01\/steel-cone-tie-rod.webp\",\"datePublished\":\"2025-01-02T07:50:36+00:00\",\"dateModified\":\"2025-11-13T01:02:21+00:00\",\"description\":\"Steel Tie Rod Cones play a critical role in forming concrete structures by ensuring precise alignment and durability in construction.\",\"breadcrumb\":{\"@id\":\"https:\/\/qingdaohf.com\/product\/steel-tie-rod-cone\/#breadcrumb\"},\"inLanguage\":\"sv-SE\",\"potentialAction\":[{\"@type\":\"ReadAction\",\"target\":[\"https:\/\/qingdaohf.com\/product\/steel-tie-rod-cone\/\"]}]},{\"@type\":\"ImageObject\",\"inLanguage\":\"sv-SE\",\"@id\":\"https:\/\/qingdaohf.com\/product\/steel-tie-rod-cone\/#primaryimage\",\"url\":\"https:\/\/qingdaohf.com\/wp-content\/uploads\/2025\/01\/steel-cone-tie-rod.webp\",\"contentUrl\":\"https:\/\/qingdaohf.com\/wp-content\/uploads\/2025\/01\/steel-cone-tie-rod.webp\",\"width\":1000,\"height\":1000,\"caption\":\"steel cone tie rod\"},{\"@type\":\"BreadcrumbList\",\"@id\":\"https:\/\/qingdaohf.com\/product\/steel-tie-rod-cone\/#breadcrumb\",\"itemListElement\":[{\"@type\":\"ListItem\",\"position\":1,\"name\":\"Home\",\"item\":\"https:\/\/qingdaohf.com\/\"},{\"@type\":\"ListItem\",\"position\":2,\"name\":\"Concrete Forming Accessories and Rigging Hardware\",\"item\":\"https:\/\/qingdaohf.com\/bg\/?page_id=944\"},{\"@type\":\"ListItem\",\"position\":3,\"name\":\"Steel Tie Rod Cone\"}]},{\"@type\":\"WebSite\",\"@id\":\"https:\/\/qingdaohf.com\/bg\/#website\",\"url\":\"https:\/\/qingdaohf.com\/bg\/\",\"name\":\"Concrete Form & Rigging Hardware Supplier\",\"description\":\"\",\"publisher\":{\"@id\":\"https:\/\/qingdaohf.com\/bg\/#organization\"},\"potentialAction\":[{\"@type\":\"SearchAction\",\"target\":{\"@type\":\"EntryPoint\",\"urlTemplate\":\"https:\/\/qingdaohf.com\/bg\/?s={search_term_string}\"},\"query-input\":{\"@type\":\"PropertyValueSpecification\",\"valueRequired\":true,\"valueName\":\"search_term_string\"}}],\"inLanguage\":\"sv-SE\"},{\"@type\":\"Organization\",\"@id\":\"https:\/\/qingdaohf.com\/bg\/#organization\",\"name\":\"Qingdao H&F\",\"url\":\"https:\/\/qingdaohf.com\/bg\/\",\"logo\":{\"@type\":\"ImageObject\",\"inLanguage\":\"sv-SE\",\"@id\":\"https:\/\/qingdaohf.com\/bg\/#\/schema\/logo\/image\/\",\"url\":\"https:\/\/qingdaohf.com\/wp-content\/uploads\/2022\/12\/cropped-HF-LOGO.png\",\"contentUrl\":\"https:\/\/qingdaohf.com\/wp-content\/uploads\/2022\/12\/cropped-HF-LOGO.png\",\"width\":391,\"height\":249,\"caption\":\"Qingdao H&F\"},\"image\":{\"@id\":\"https:\/\/qingdaohf.com\/bg\/#\/schema\/logo\/image\/\"},\"sameAs\":[\"https:\/\/www.facebook.com\/qingdaohf\"]}]}<\/script>\n<!-- \/ Yoast SEO plugin. -->","yoast_head_json":{"title":"Steel Tie Rod Cone","description":"Steel Tie Rod Cones play a critical role in forming concrete structures by ensuring precise alignment and durability in construction.","robots":{"index":"index","follow":"follow","max-snippet":"max-snippet:-1","max-image-preview":"max-image-preview:large","max-video-preview":"max-video-preview:-1"},"canonical":"https:\/\/qingdaohf.com\/sv\/produkt\/dragstang-av-stal-kona\/","og_locale":"sv_SE","og_type":"article","og_title":"Steel Tie Rod Cone","og_description":"Steel Tie Rod Cones play a critical role in forming concrete structures by ensuring precise alignment and durability in construction.","og_url":"https:\/\/qingdaohf.com\/sv\/produkt\/dragstang-av-stal-kona\/","og_site_name":"Concrete Form &amp; Rigging Hardware Supplier","article_publisher":"https:\/\/www.facebook.com\/qingdaohf","article_modified_time":"2025-11-13T01:02:21+00:00","og_image":[{"width":1000,"height":1000,"url":"https:\/\/qingdaohf.com\/wp-content\/uploads\/2025\/01\/steel-cone-tie-rod.webp","type":"image\/webp"}],"twitter_card":"summary_large_image","twitter_misc":{"Ber\u00e4knad l\u00e4stid":"3 minuter"},"schema":{"@context":"https:\/\/schema.org","@graph":[{"@type":"WebPage","@id":"https:\/\/qingdaohf.com\/product\/steel-tie-rod-cone\/","url":"https:\/\/qingdaohf.com\/product\/steel-tie-rod-cone\/","name":"Steel Tie Rod Cone","isPartOf":{"@id":"https:\/\/qingdaohf.com\/bg\/#website"},"primaryImageOfPage":{"@id":"https:\/\/qingdaohf.com\/product\/steel-tie-rod-cone\/#primaryimage"},"image":{"@id":"https:\/\/qingdaohf.com\/product\/steel-tie-rod-cone\/#primaryimage"},"thumbnailUrl":"https:\/\/qingdaohf.com\/wp-content\/uploads\/2025\/01\/steel-cone-tie-rod.webp","datePublished":"2025-01-02T07:50:36+00:00","dateModified":"2025-11-13T01:02:21+00:00","description":"Steel Tie Rod Cones play a critical role in forming concrete structures by ensuring precise alignment and durability in construction.","breadcrumb":{"@id":"https:\/\/qingdaohf.com\/product\/steel-tie-rod-cone\/#breadcrumb"},"inLanguage":"sv-SE","potentialAction":[{"@type":"ReadAction","target":["https:\/\/qingdaohf.com\/product\/steel-tie-rod-cone\/"]}]},{"@type":"ImageObject","inLanguage":"sv-SE","@id":"https:\/\/qingdaohf.com\/product\/steel-tie-rod-cone\/#primaryimage","url":"https:\/\/qingdaohf.com\/wp-content\/uploads\/2025\/01\/steel-cone-tie-rod.webp","contentUrl":"https:\/\/qingdaohf.com\/wp-content\/uploads\/2025\/01\/steel-cone-tie-rod.webp","width":1000,"height":1000,"caption":"steel cone tie rod"},{"@type":"BreadcrumbList","@id":"https:\/\/qingdaohf.com\/product\/steel-tie-rod-cone\/#breadcrumb","itemListElement":[{"@type":"ListItem","position":1,"name":"Home","item":"https:\/\/qingdaohf.com\/"},{"@type":"ListItem","position":2,"name":"Concrete Forming Accessories and Rigging Hardware","item":"https:\/\/qingdaohf.com\/bg\/?page_id=944"},{"@type":"ListItem","position":3,"name":"Steel Tie Rod Cone"}]},{"@type":"WebSite","@id":"https:\/\/qingdaohf.com\/bg\/#website","url":"https:\/\/qingdaohf.com\/bg\/","name":"Concrete Form & Rigging Hardware Supplier","description":"","publisher":{"@id":"https:\/\/qingdaohf.com\/bg\/#organization"},"potentialAction":[{"@type":"SearchAction","target":{"@type":"EntryPoint","urlTemplate":"https:\/\/qingdaohf.com\/bg\/?s={search_term_string}"},"query-input":{"@type":"PropertyValueSpecification","valueRequired":true,"valueName":"search_term_string"}}],"inLanguage":"sv-SE"},{"@type":"Organization","@id":"https:\/\/qingdaohf.com\/bg\/#organization","name":"Qingdao H&F","url":"https:\/\/qingdaohf.com\/bg\/","logo":{"@type":"ImageObject","inLanguage":"sv-SE","@id":"https:\/\/qingdaohf.com\/bg\/#\/schema\/logo\/image\/","url":"https:\/\/qingdaohf.com\/wp-content\/uploads\/2022\/12\/cropped-HF-LOGO.png","contentUrl":"https:\/\/qingdaohf.com\/wp-content\/uploads\/2022\/12\/cropped-HF-LOGO.png","width":391,"height":249,"caption":"Qingdao H&F"},"image":{"@id":"https:\/\/qingdaohf.com\/bg\/#\/schema\/logo\/image\/"},"sameAs":["https:\/\/www.facebook.com\/qingdaohf"]}]}},"_links":{"self":[{"href":"https:\/\/qingdaohf.com\/sv\/wp-json\/wp\/v2\/product\/8624","targetHints":{"allow":["GET"]}}],"collection":[{"href":"https:\/\/qingdaohf.com\/sv\/wp-json\/wp\/v2\/product"}],"about":[{"href":"https:\/\/qingdaohf.com\/sv\/wp-json\/wp\/v2\/types\/product"}],"replies":[{"embeddable":true,"href":"https:\/\/qingdaohf.com\/sv\/wp-json\/wp\/v2\/comments?post=8624"}],"version-history":[{"count":1,"href":"https:\/\/qingdaohf.com\/sv\/wp-json\/wp\/v2\/product\/8624\/revisions"}],"predecessor-version":[{"id":8626,"href":"https:\/\/qingdaohf.com\/sv\/wp-json\/wp\/v2\/product\/8624\/revisions\/8626"}],"wp:featuredmedia":[{"embeddable":true,"href":"https:\/\/qingdaohf.com\/sv\/wp-json\/wp\/v2\/media\/8625"}],"wp:attachment":[{"href":"https:\/\/qingdaohf.com\/sv\/wp-json\/wp\/v2\/media?parent=8624"}],"wp:term":[{"taxonomy":"product_brand","embeddable":true,"href":"https:\/\/qingdaohf.com\/sv\/wp-json\/wp\/v2\/product_brand?post=8624"},{"taxonomy":"product_cat","embeddable":true,"href":"https:\/\/qingdaohf.com\/sv\/wp-json\/wp\/v2\/product_cat?post=8624"},{"taxonomy":"product_tag","embeddable":true,"href":"https:\/\/qingdaohf.com\/sv\/wp-json\/wp\/v2\/product_tag?post=8624"}],"curies":[{"name":"wp","href":"https:\/\/api.w.org\/{rel}","templated":true}]}}