{"id":8837,"date":"2025-01-18T10:11:43","date_gmt":"2025-01-18T02:11:43","guid":{"rendered":"http:\/\/qingdaohf.com\/?post_type=product&#038;p=8837"},"modified":"2025-11-13T09:02:20","modified_gmt":"2025-11-13T01:02:20","slug":"concrete-turnbuckle","status":"publish","type":"product","link":"https:\/\/qingdaohf.com\/sv\/produkt\/vantskruv-i-betong\/","title":{"rendered":"Vridbock i betong"},"content":{"rendered":"<h2 class=\"text-xl font-bold text-text-200 mt-1 -mb-0.5\">F\u00f6rst\u00e5else av vantskruvar f\u00f6r betong<\/h2>\n<p class=\"whitespace-pre-wrap break-words\">N\u00e4r det g\u00e4ller byggprojekt spelar vantskruvar f\u00f6r betong en avg\u00f6rande roll f\u00f6r att uppr\u00e4tth\u00e5lla stabilitet och precision. Dessa viktiga komponenter g\u00f6r det m\u00f6jligt f\u00f6r entrepren\u00f6rer att justera sp\u00e4nningen i formen, vilket g\u00f6r det m\u00f6jligt att uppn\u00e5 exakt inriktning under betonggjutningen. P\u00e5 H&amp;F vet vi hur viktiga dessa till synes enkla anordningar \u00e4r - de kan avg\u00f6ra om ett projekt blir framg\u00e5ngsrikt eller inte.<\/p>\n<p class=\"whitespace-pre-wrap break-words\">Inom byggbranschen anv\u00e4nds fr\u00e4mst tv\u00e5 olika typer av vantskruvar f\u00f6r betong: bockad pl\u00e5t och platt pl\u00e5t. Var och en har sina egna f\u00f6rdelar, vilket g\u00f6r dem l\u00e4mpliga f\u00f6r olika typer av projekt och till\u00e4mpningar.<\/p>\n<div class=\"ast-oembed-container\" style=\"height: 100%;\"><iframe title=\"Formriktare f\u00f6r betongskruvbockar\" width=\"500\" height=\"281\" src=\"https:\/\/www.youtube.com\/embed\/1guP_DQRF1o?feature=oembed\" frameborder=\"0\" allow=\"accelerometer; autoplay; clipboard-write; encrypted-media; gyroscope; picture-in-picture; web-share\" referrerpolicy=\"strict-origin-when-cross-origin\" allowfullscreen><\/iframe><\/div>\n<h2 class=\"text-xl font-bold text-text-200 mt-1 -mb-0.5\">Vridbockar med b\u00f6jd platta<\/h2>\n<p><img fetchpriority=\"high\" decoding=\"async\" class=\"alignnone size-medium wp-image-8806\" src=\"http:\/\/qingdaohf.com\/wp-content\/uploads\/2025\/01\/bent-plate-turnbuckle-9-300x300.jpg\" alt=\"bockad pl\u00e5t vantskruv\" width=\"300\" height=\"300\" srcset=\"https:\/\/qingdaohf.com\/wp-content\/uploads\/2025\/01\/bent-plate-turnbuckle-9-300x300.jpg 300w, https:\/\/qingdaohf.com\/wp-content\/uploads\/2025\/01\/bent-plate-turnbuckle-9-150x150.jpg 150w, https:\/\/qingdaohf.com\/wp-content\/uploads\/2025\/01\/bent-plate-turnbuckle-9-768x768.jpg 768w, https:\/\/qingdaohf.com\/wp-content\/uploads\/2025\/01\/bent-plate-turnbuckle-9-12x12.jpg 12w, https:\/\/qingdaohf.com\/wp-content\/uploads\/2025\/01\/bent-plate-turnbuckle-9-500x500.jpg 500w, https:\/\/qingdaohf.com\/wp-content\/uploads\/2025\/01\/bent-plate-turnbuckle-9-100x100.jpg 100w, https:\/\/qingdaohf.com\/wp-content\/uploads\/2025\/01\/bent-plate-turnbuckle-9.jpg 1000w\" sizes=\"(max-width: 300px) 100vw, 300px\" \/><\/p>\n<p class=\"whitespace-pre-wrap break-words\">Vridstycken med b\u00f6jd platta har en distinkt b\u00f6jd design som ger dem en f\u00f6rdel i vissa applikationer. Formen \u00e4r inte bara till f\u00f6r syns skull - den hj\u00e4lper till att f\u00f6rdela kraften j\u00e4mnare, vilket g\u00f6r dem s\u00e4rskilt v\u00e4rdefulla n\u00e4r man har att g\u00f6ra med skiftande laster eller ovanliga belastningsm\u00f6nster. Byggteam f\u00f6redrar ofta dessa modeller n\u00e4r de beh\u00f6ver g\u00f6ra frekventa justeringar eftersom de vanligtvis \u00e4r enklare att hantera och justera i farten.<\/p>\n<p class=\"whitespace-pre-wrap break-words\">Vi p\u00e5 H&amp;F tillverkar v\u00e5ra vantskruvar av bockad pl\u00e5t av f\u00f6rstklassiga material och l\u00e5ter varje enhet genomg\u00e5 rigor\u00f6sa tester. Varje vantskruv levereras med detaljerade kvalitetsrapporter, s\u00e5 att du vet exakt vad du f\u00e5r.<\/p>\n<h2 class=\"text-xl font-bold text-text-200 mt-1 -mb-0.5\">Platta vantskruvar<\/h2>\n<p><img decoding=\"async\" class=\"alignnone size-medium wp-image-8772\" src=\"http:\/\/qingdaohf.com\/wp-content\/uploads\/2025\/01\/flat-plate-turnbuckle-17-300x300.jpg\" alt=\"Platta vantskruv \" width=\"300\" height=\"300\" srcset=\"https:\/\/qingdaohf.com\/wp-content\/uploads\/2025\/01\/flat-plate-turnbuckle-17-300x300.jpg 300w, https:\/\/qingdaohf.com\/wp-content\/uploads\/2025\/01\/flat-plate-turnbuckle-17-150x150.jpg 150w, https:\/\/qingdaohf.com\/wp-content\/uploads\/2025\/01\/flat-plate-turnbuckle-17-768x768.jpg 768w, https:\/\/qingdaohf.com\/wp-content\/uploads\/2025\/01\/flat-plate-turnbuckle-17-12x12.jpg 12w, https:\/\/qingdaohf.com\/wp-content\/uploads\/2025\/01\/flat-plate-turnbuckle-17-500x500.jpg 500w, https:\/\/qingdaohf.com\/wp-content\/uploads\/2025\/01\/flat-plate-turnbuckle-17-100x100.jpg 100w, https:\/\/qingdaohf.com\/wp-content\/uploads\/2025\/01\/flat-plate-turnbuckle-17.jpg 1000w\" sizes=\"(max-width: 300px) 100vw, 300px\" \/><\/p>\n<p class=\"whitespace-pre-wrap break-words\">Om du letar efter n\u00e5got mer okomplicerat kan platta vantskruvar vara det b\u00e4sta alternativet. Deras enkla design g\u00f6r dem l\u00e4tta att installera och de integreras smidigt med de flesta formsystem. M\u00e5nga entrepren\u00f6rer v\u00e4ljer dessa modeller n\u00e4r de beh\u00f6ver tillf\u00f6rlitlig prestanda utan att det ska kosta skjortan.<\/p>\n<p class=\"whitespace-pre-wrap break-words\">V\u00e5ra vantskruvar av plan pl\u00e5t tillverkas med samma omsorg om detaljerna som kusinerna av bockad pl\u00e5t. Vi arbetar direkt med v\u00e5ra kunder f\u00f6r att f\u00f6rst\u00e5 deras specifika krav och s\u00e4kerst\u00e4lla att de f\u00e5r exakt vad deras projekt beh\u00f6ver.<\/p>\n<h2 class=\"text-xl font-bold text-text-200 mt-1 -mb-0.5\">Varf\u00f6r v\u00e4lja H&amp;F f\u00f6r dina vantskruvar f\u00f6r betong?<\/h2>\n<p class=\"whitespace-pre-wrap break-words\">Att v\u00e4lja r\u00e4tt leverant\u00f6r \u00e4r lika viktigt som att v\u00e4lja r\u00e4tt produkt. P\u00e5 H&amp;F g\u00e5r vi l\u00e4ngre \u00e4n att bara s\u00e4lja vantskruvar - vi bygger partnerskap. V\u00e5rt personliga tillv\u00e4gag\u00e5ngss\u00e4tt inneb\u00e4r att du kommer att arbeta med en dedikerad representant som f\u00f6rst\u00e5r ditt projekts unika utmaningar och krav.<\/p>\n<p class=\"whitespace-pre-wrap break-words\">Vi vet att tidsramarna f\u00f6r byggprojekt \u00e4r sn\u00e4va, och d\u00e4rf\u00f6r har vi effektiviserat v\u00e5r leveransprocess s\u00e5 att du f\u00e5r det du beh\u00f6ver n\u00e4r du beh\u00f6ver det. F\u00f6rseningar kostar pengar, och vi \u00e4r fast beslutna att h\u00e5lla ditt projekt p\u00e5 r\u00e4tt sp\u00e5r.<\/p>\n<p class=\"whitespace-pre-wrap break-words\">Kvalitet \u00e4r inte bara ett modeord f\u00f6r oss - det \u00e4r inbyggt i allt vi g\u00f6r. Varje vantskruv genomg\u00e5r omfattande tester innan den l\u00e4mnar v\u00e5r anl\u00e4ggning. Vi tillhandah\u00e5ller detaljerad inspektionsdokumentation s\u00e5 att du kan verifiera att varje produkt uppfyller eller \u00f6vertr\u00e4ffar branschstandarderna.<\/p>\n<p class=\"whitespace-pre-wrap break-words\">Oavsett om du beh\u00f6ver vantskruvar med bockad pl\u00e5t eller platt pl\u00e5t erbjuder vi olika storlekar och konfigurationer f\u00f6r att matcha din specifika applikation. V\u00e5rt team \u00e4r alltid redo att hj\u00e4lpa dig att v\u00e4lja r\u00e4tt alternativ eller ta fram en anpassad l\u00f6sning f\u00f6r dina unika utmaningar. Vi f\u00f6rst\u00e5r att inget byggprojekt \u00e4r det andra likt, och vi finns h\u00e4r f\u00f6r att tillhandah\u00e5lla vantskruvar som fungerar f\u00f6r just din situation.<\/p>","protected":false},"excerpt":{"rendered":"<p>Concrete turnbuckles have been a mainstay in the construction industry for quite some time and ensure accuracy in tensioning and alignment during formwork. Most buyers of such turnbuckles consider the aspects of durability, ease of operation, and optimum performance. From H&amp;F, we cater to diverse projects by offering different products: bent plate and flat plate varieties, with assured one-to-one customer service that allows tailoring in terms of products, fast delivery cycles, and complete quality inspection reports, which give assurance at the end.<\/p>","protected":false},"featured_media":9146,"comment_status":"open","ping_status":"closed","template":"","meta":{"site-sidebar-layout":"default","site-content-layout":"","ast-site-content-layout":"default","site-content-style":"default","site-sidebar-style":"default","ast-global-header-display":"","ast-banner-title-visibility":"","ast-main-header-display":"","ast-hfb-above-header-display":"","ast-hfb-below-header-display":"","ast-hfb-mobile-header-display":"","site-post-title":"","ast-breadcrumbs-content":"","ast-featured-img":"","footer-sml-layout":"","theme-transparent-header-meta":"default","adv-header-id-meta":"","stick-header-meta":"default","header-above-stick-meta":"","header-main-stick-meta":"","header-below-stick-meta":"","astra-migrate-meta-layouts":"set","ast-page-background-enabled":"default","ast-page-background-meta":{"desktop":{"background-color":"","background-image":"","background-repeat":"repeat","background-position":"center center","background-size":"auto","background-attachment":"scroll","background-type":"","background-media":"","overlay-type":"","overlay-color":"","overlay-opacity":"","overlay-gradient":""},"tablet":{"background-color":"","background-image":"","background-repeat":"repeat","background-position":"center center","background-size":"auto","background-attachment":"scroll","background-type":"","background-media":"","overlay-type":"","overlay-color":"","overlay-opacity":"","overlay-gradient":""},"mobile":{"background-color":"","background-image":"","background-repeat":"repeat","background-position":"center center","background-size":"auto","background-attachment":"scroll","background-type":"","background-media":"","overlay-type":"","overlay-color":"","overlay-opacity":"","overlay-gradient":""}},"ast-content-background-meta":{"desktop":{"background-color":"var(--ast-global-color-5)","background-image":"","background-repeat":"repeat","background-position":"center center","background-size":"auto","background-attachment":"scroll","background-type":"","background-media":"","overlay-type":"","overlay-color":"","overlay-opacity":"","overlay-gradient":""},"tablet":{"background-color":"var(--ast-global-color-5)","background-image":"","background-repeat":"repeat","background-position":"center center","background-size":"auto","background-attachment":"scroll","background-type":"","background-media":"","overlay-type":"","overlay-color":"","overlay-opacity":"","overlay-gradient":""},"mobile":{"background-color":"var(--ast-global-color-5)","background-image":"","background-repeat":"repeat","background-position":"center center","background-size":"auto","background-attachment":"scroll","background-type":"","background-media":"","overlay-type":"","overlay-color":"","overlay-opacity":"","overlay-gradient":""}}},"product_brand":[],"product_cat":[28],"product_tag":[],"class_list":{"0":"post-8837","1":"product","2":"type-product","3":"status-publish","4":"has-post-thumbnail","6":"product_cat-concrete-forming","7":"desktop-align-left","8":"tablet-align-left","9":"mobile-align-left","10":"ast-product-gallery-layout-horizontal-slider","11":"ast-product-tabs-layout-horizontal","13":"first","14":"instock","15":"shipping-taxable","16":"purchasable","17":"product-type-simple"},"yoast_head":"<!-- This site is optimized with the Yoast SEO plugin v25.2 - https:\/\/yoast.com\/wordpress\/plugins\/seo\/ -->\n<title>Concrete Turnbuckle<\/title>\n<meta name=\"description\" content=\"Concrete turnbuckles have been a mainstay in the construction industry for quite some time and ensure accuracy in tensioning and alignment during formwork.\" \/>\n<meta name=\"robots\" content=\"index, follow, max-snippet:-1, max-image-preview:large, max-video-preview:-1\" \/>\n<link rel=\"canonical\" href=\"https:\/\/qingdaohf.com\/sv\/produkt\/vantskruv-i-betong\/\" \/>\n<meta property=\"og:locale\" content=\"sv_SE\" \/>\n<meta property=\"og:type\" content=\"article\" \/>\n<meta property=\"og:title\" content=\"Concrete Turnbuckle\" \/>\n<meta property=\"og:description\" content=\"Concrete turnbuckles have been a mainstay in the construction industry for quite some time and ensure accuracy in tensioning and alignment during formwork.\" \/>\n<meta property=\"og:url\" content=\"https:\/\/qingdaohf.com\/sv\/produkt\/vantskruv-i-betong\/\" \/>\n<meta property=\"og:site_name\" content=\"Concrete Form &amp; Rigging Hardware Supplier\" \/>\n<meta property=\"article:publisher\" content=\"https:\/\/www.facebook.com\/qingdaohf\" \/>\n<meta property=\"article:modified_time\" content=\"2025-11-13T01:02:20+00:00\" \/>\n<meta property=\"og:image\" content=\"https:\/\/qingdaohf.com\/wp-content\/uploads\/2025\/01\/turnbuckle-form-aligner.jpg\" \/>\n\t<meta property=\"og:image:width\" content=\"1000\" \/>\n\t<meta property=\"og:image:height\" content=\"1000\" \/>\n\t<meta property=\"og:image:type\" content=\"image\/jpeg\" \/>\n<meta name=\"twitter:card\" content=\"summary_large_image\" \/>\n<meta name=\"twitter:label1\" content=\"Ber\u00e4knad l\u00e4stid\" \/>\n\t<meta name=\"twitter:data1\" content=\"3 minuter\" \/>\n<script type=\"application\/ld+json\" class=\"yoast-schema-graph\">{\"@context\":\"https:\/\/schema.org\",\"@graph\":[{\"@type\":\"WebPage\",\"@id\":\"https:\/\/qingdaohf.com\/product\/concrete-turnbuckle\/\",\"url\":\"https:\/\/qingdaohf.com\/product\/concrete-turnbuckle\/\",\"name\":\"Concrete Turnbuckle\",\"isPartOf\":{\"@id\":\"https:\/\/qingdaohf.com\/bg\/#website\"},\"primaryImageOfPage\":{\"@id\":\"https:\/\/qingdaohf.com\/product\/concrete-turnbuckle\/#primaryimage\"},\"image\":{\"@id\":\"https:\/\/qingdaohf.com\/product\/concrete-turnbuckle\/#primaryimage\"},\"thumbnailUrl\":\"https:\/\/qingdaohf.com\/wp-content\/uploads\/2025\/01\/turnbuckle-form-aligner.jpg\",\"datePublished\":\"2025-01-18T02:11:43+00:00\",\"dateModified\":\"2025-11-13T01:02:20+00:00\",\"description\":\"Concrete turnbuckles have been a mainstay in the construction industry for quite some time and ensure accuracy in tensioning and alignment during formwork.\",\"breadcrumb\":{\"@id\":\"https:\/\/qingdaohf.com\/product\/concrete-turnbuckle\/#breadcrumb\"},\"inLanguage\":\"sv-SE\",\"potentialAction\":[{\"@type\":\"ReadAction\",\"target\":[\"https:\/\/qingdaohf.com\/product\/concrete-turnbuckle\/\"]}]},{\"@type\":\"ImageObject\",\"inLanguage\":\"sv-SE\",\"@id\":\"https:\/\/qingdaohf.com\/product\/concrete-turnbuckle\/#primaryimage\",\"url\":\"https:\/\/qingdaohf.com\/wp-content\/uploads\/2025\/01\/turnbuckle-form-aligner.jpg\",\"contentUrl\":\"https:\/\/qingdaohf.com\/wp-content\/uploads\/2025\/01\/turnbuckle-form-aligner.jpg\",\"width\":1000,\"height\":1000,\"caption\":\"turnbuckle form aligner\"},{\"@type\":\"BreadcrumbList\",\"@id\":\"https:\/\/qingdaohf.com\/product\/concrete-turnbuckle\/#breadcrumb\",\"itemListElement\":[{\"@type\":\"ListItem\",\"position\":1,\"name\":\"Home\",\"item\":\"https:\/\/qingdaohf.com\/\"},{\"@type\":\"ListItem\",\"position\":2,\"name\":\"Concrete Forming Accessories and Rigging Hardware\",\"item\":\"https:\/\/qingdaohf.com\/bg\/?page_id=944\"},{\"@type\":\"ListItem\",\"position\":3,\"name\":\"Concrete Turnbuckle\"}]},{\"@type\":\"WebSite\",\"@id\":\"https:\/\/qingdaohf.com\/bg\/#website\",\"url\":\"https:\/\/qingdaohf.com\/bg\/\",\"name\":\"Concrete Form & Rigging Hardware Supplier\",\"description\":\"\",\"publisher\":{\"@id\":\"https:\/\/qingdaohf.com\/bg\/#organization\"},\"potentialAction\":[{\"@type\":\"SearchAction\",\"target\":{\"@type\":\"EntryPoint\",\"urlTemplate\":\"https:\/\/qingdaohf.com\/bg\/?s={search_term_string}\"},\"query-input\":{\"@type\":\"PropertyValueSpecification\",\"valueRequired\":true,\"valueName\":\"search_term_string\"}}],\"inLanguage\":\"sv-SE\"},{\"@type\":\"Organization\",\"@id\":\"https:\/\/qingdaohf.com\/bg\/#organization\",\"name\":\"Qingdao H&F\",\"url\":\"https:\/\/qingdaohf.com\/bg\/\",\"logo\":{\"@type\":\"ImageObject\",\"inLanguage\":\"sv-SE\",\"@id\":\"https:\/\/qingdaohf.com\/bg\/#\/schema\/logo\/image\/\",\"url\":\"https:\/\/qingdaohf.com\/wp-content\/uploads\/2022\/12\/cropped-HF-LOGO.png\",\"contentUrl\":\"https:\/\/qingdaohf.com\/wp-content\/uploads\/2022\/12\/cropped-HF-LOGO.png\",\"width\":391,\"height\":249,\"caption\":\"Qingdao H&F\"},\"image\":{\"@id\":\"https:\/\/qingdaohf.com\/bg\/#\/schema\/logo\/image\/\"},\"sameAs\":[\"https:\/\/www.facebook.com\/qingdaohf\"]}]}<\/script>\n<!-- \/ Yoast SEO plugin. -->","yoast_head_json":{"title":"Concrete Turnbuckle","description":"Concrete turnbuckles have been a mainstay in the construction industry for quite some time and ensure accuracy in tensioning and alignment during formwork.","robots":{"index":"index","follow":"follow","max-snippet":"max-snippet:-1","max-image-preview":"max-image-preview:large","max-video-preview":"max-video-preview:-1"},"canonical":"https:\/\/qingdaohf.com\/sv\/produkt\/vantskruv-i-betong\/","og_locale":"sv_SE","og_type":"article","og_title":"Concrete Turnbuckle","og_description":"Concrete turnbuckles have been a mainstay in the construction industry for quite some time and ensure accuracy in tensioning and alignment during formwork.","og_url":"https:\/\/qingdaohf.com\/sv\/produkt\/vantskruv-i-betong\/","og_site_name":"Concrete Form &amp; Rigging Hardware Supplier","article_publisher":"https:\/\/www.facebook.com\/qingdaohf","article_modified_time":"2025-11-13T01:02:20+00:00","og_image":[{"width":1000,"height":1000,"url":"https:\/\/qingdaohf.com\/wp-content\/uploads\/2025\/01\/turnbuckle-form-aligner.jpg","type":"image\/jpeg"}],"twitter_card":"summary_large_image","twitter_misc":{"Ber\u00e4knad l\u00e4stid":"3 minuter"},"schema":{"@context":"https:\/\/schema.org","@graph":[{"@type":"WebPage","@id":"https:\/\/qingdaohf.com\/product\/concrete-turnbuckle\/","url":"https:\/\/qingdaohf.com\/product\/concrete-turnbuckle\/","name":"Concrete Turnbuckle","isPartOf":{"@id":"https:\/\/qingdaohf.com\/bg\/#website"},"primaryImageOfPage":{"@id":"https:\/\/qingdaohf.com\/product\/concrete-turnbuckle\/#primaryimage"},"image":{"@id":"https:\/\/qingdaohf.com\/product\/concrete-turnbuckle\/#primaryimage"},"thumbnailUrl":"https:\/\/qingdaohf.com\/wp-content\/uploads\/2025\/01\/turnbuckle-form-aligner.jpg","datePublished":"2025-01-18T02:11:43+00:00","dateModified":"2025-11-13T01:02:20+00:00","description":"Concrete turnbuckles have been a mainstay in the construction industry for quite some time and ensure accuracy in tensioning and alignment during formwork.","breadcrumb":{"@id":"https:\/\/qingdaohf.com\/product\/concrete-turnbuckle\/#breadcrumb"},"inLanguage":"sv-SE","potentialAction":[{"@type":"ReadAction","target":["https:\/\/qingdaohf.com\/product\/concrete-turnbuckle\/"]}]},{"@type":"ImageObject","inLanguage":"sv-SE","@id":"https:\/\/qingdaohf.com\/product\/concrete-turnbuckle\/#primaryimage","url":"https:\/\/qingdaohf.com\/wp-content\/uploads\/2025\/01\/turnbuckle-form-aligner.jpg","contentUrl":"https:\/\/qingdaohf.com\/wp-content\/uploads\/2025\/01\/turnbuckle-form-aligner.jpg","width":1000,"height":1000,"caption":"turnbuckle form aligner"},{"@type":"BreadcrumbList","@id":"https:\/\/qingdaohf.com\/product\/concrete-turnbuckle\/#breadcrumb","itemListElement":[{"@type":"ListItem","position":1,"name":"Home","item":"https:\/\/qingdaohf.com\/"},{"@type":"ListItem","position":2,"name":"Concrete Forming Accessories and Rigging Hardware","item":"https:\/\/qingdaohf.com\/bg\/?page_id=944"},{"@type":"ListItem","position":3,"name":"Concrete Turnbuckle"}]},{"@type":"WebSite","@id":"https:\/\/qingdaohf.com\/bg\/#website","url":"https:\/\/qingdaohf.com\/bg\/","name":"Concrete Form & Rigging Hardware Supplier","description":"","publisher":{"@id":"https:\/\/qingdaohf.com\/bg\/#organization"},"potentialAction":[{"@type":"SearchAction","target":{"@type":"EntryPoint","urlTemplate":"https:\/\/qingdaohf.com\/bg\/?s={search_term_string}"},"query-input":{"@type":"PropertyValueSpecification","valueRequired":true,"valueName":"search_term_string"}}],"inLanguage":"sv-SE"},{"@type":"Organization","@id":"https:\/\/qingdaohf.com\/bg\/#organization","name":"Qingdao H&F","url":"https:\/\/qingdaohf.com\/bg\/","logo":{"@type":"ImageObject","inLanguage":"sv-SE","@id":"https:\/\/qingdaohf.com\/bg\/#\/schema\/logo\/image\/","url":"https:\/\/qingdaohf.com\/wp-content\/uploads\/2022\/12\/cropped-HF-LOGO.png","contentUrl":"https:\/\/qingdaohf.com\/wp-content\/uploads\/2022\/12\/cropped-HF-LOGO.png","width":391,"height":249,"caption":"Qingdao H&F"},"image":{"@id":"https:\/\/qingdaohf.com\/bg\/#\/schema\/logo\/image\/"},"sameAs":["https:\/\/www.facebook.com\/qingdaohf"]}]}},"_links":{"self":[{"href":"https:\/\/qingdaohf.com\/sv\/wp-json\/wp\/v2\/product\/8837","targetHints":{"allow":["GET"]}}],"collection":[{"href":"https:\/\/qingdaohf.com\/sv\/wp-json\/wp\/v2\/product"}],"about":[{"href":"https:\/\/qingdaohf.com\/sv\/wp-json\/wp\/v2\/types\/product"}],"replies":[{"embeddable":true,"href":"https:\/\/qingdaohf.com\/sv\/wp-json\/wp\/v2\/comments?post=8837"}],"version-history":[{"count":4,"href":"https:\/\/qingdaohf.com\/sv\/wp-json\/wp\/v2\/product\/8837\/revisions"}],"predecessor-version":[{"id":9147,"href":"https:\/\/qingdaohf.com\/sv\/wp-json\/wp\/v2\/product\/8837\/revisions\/9147"}],"wp:featuredmedia":[{"embeddable":true,"href":"https:\/\/qingdaohf.com\/sv\/wp-json\/wp\/v2\/media\/9146"}],"wp:attachment":[{"href":"https:\/\/qingdaohf.com\/sv\/wp-json\/wp\/v2\/media?parent=8837"}],"wp:term":[{"taxonomy":"product_brand","embeddable":true,"href":"https:\/\/qingdaohf.com\/sv\/wp-json\/wp\/v2\/product_brand?post=8837"},{"taxonomy":"product_cat","embeddable":true,"href":"https:\/\/qingdaohf.com\/sv\/wp-json\/wp\/v2\/product_cat?post=8837"},{"taxonomy":"product_tag","embeddable":true,"href":"https:\/\/qingdaohf.com\/sv\/wp-json\/wp\/v2\/product_tag?post=8837"}],"curies":[{"name":"wp","href":"https:\/\/api.w.org\/{rel}","templated":true}]}}