{"id":1402,"date":"2022-12-30T14:53:12","date_gmt":"2022-12-30T06:53:12","guid":{"rendered":"http:\/\/qingdaohf.com\/?page_id=1402"},"modified":"2022-12-30T15:09:27","modified_gmt":"2022-12-30T07:09:27","slug":"factory","status":"publish","type":"page","link":"https:\/\/qingdaohf.com\/tr\/fabrika\/","title":{"rendered":"Fabrikam\u0131z"},"content":{"rendered":"<div data-elementor-type=\"wp-page\" data-elementor-id=\"1402\" class=\"elementor elementor-1402\" data-elementor-post-type=\"page\">\n\t\t\t\t\t\t<section class=\"elementor-section elementor-top-section elementor-element elementor-element-ba2cdab elementor-section-boxed elementor-section-height-default elementor-section-height-default\" data-id=\"ba2cdab\" data-element_type=\"section\">\n\t\t\t\t\t\t<div class=\"elementor-container elementor-column-gap-default\">\n\t\t\t\t\t<div class=\"elementor-column elementor-col-100 elementor-top-column elementor-element elementor-element-a947236\" data-id=\"a947236\" data-element_type=\"column\">\n\t\t\t<div class=\"elementor-widget-wrap elementor-element-populated\">\n\t\t\t\t\t\t<div class=\"elementor-element elementor-element-350fe39 elementor-widget elementor-widget-heading\" data-id=\"350fe39\" data-element_type=\"widget\" data-widget_type=\"heading.default\">\n\t\t\t\t<div class=\"elementor-widget-container\">\n\t\t\t\t\t<h1 class=\"elementor-heading-title elementor-size-default\">Bizim Factroy<\/h1>\t\t\t\t<\/div>\n\t\t\t\t<\/div>\n\t\t\t\t<div class=\"elementor-element elementor-element-46d8558 elementor-widget elementor-widget-text-editor\" data-id=\"46d8558\" data-element_type=\"widget\" data-widget_type=\"text-editor.default\">\n\t\t\t\t<div class=\"elementor-widget-container\">\n\t\t\t\t\t\t\t\t\t<p>1.20 y\u0131ll\u0131k qdhf, Beton formlar\u0131, her t\u00fcrl\u00fc prekast ve kald\u0131rma aksesuarlar\u0131, arma donan\u0131m\u0131, plastik \u00fcr\u00fcnler, numune ve \u00e7izimler olarak \u00f6zel \u00fcr\u00fcnler \u00fcretimine odaklan\u0131yoruz<br \/>2. \u00dcr\u00fcn kalitesini sa\u011flamak i\u00e7in hammaddeden nihai \u00fcretime kadar t\u00fcm s\u00fcreci s\u0131k\u0131 bir \u015fekilde kontrol ediyoruz<br \/>3. Mekanik performans ve y\u00fcksek hassasiyetli sertlik testi i\u00e7in geli\u015fmi\u015f test ekipmanlar\u0131na sahibiz<br \/>4. Hassas d\u00f6vme ve damgalama \u00fcr\u00fcnleri i\u00e7in profesyonel tasar\u0131mlar sa\u011flayabiliriz.<br \/>5. 24 saat hizmet, \u00fccretsiz numune \/ teslimat garantisi \/ 360 fabrika \u00e7evrimi\u00e7i ziyareti \/ denetimin canl\u0131 yay\u0131n\u0131n\u0131 sa\u011fl\u0131yoruz.<\/p>\t\t\t\t\t\t\t\t<\/div>\n\t\t\t\t<\/div>\n\t\t\t\t<section class=\"elementor-section elementor-inner-section elementor-element elementor-element-af2de72 elementor-section-boxed elementor-section-height-default elementor-section-height-default\" data-id=\"af2de72\" data-element_type=\"section\">\n\t\t\t\t\t\t<div class=\"elementor-container elementor-column-gap-default\">\n\t\t\t\t\t<div class=\"elementor-column elementor-col-50 elementor-inner-column elementor-element elementor-element-2b99389\" data-id=\"2b99389\" data-element_type=\"column\">\n\t\t\t<div class=\"elementor-widget-wrap elementor-element-populated\">\n\t\t\t\t\t\t<div class=\"elementor-element elementor-element-f43ce72 elementor-widget elementor-widget-image\" data-id=\"f43ce72\" data-element_type=\"widget\" data-widget_type=\"image.default\">\n\t\t\t\t<div class=\"elementor-widget-container\">\n\t\t\t\t\t\t\t\t\t\t\t\t\t\t\t<img fetchpriority=\"high\" decoding=\"async\" width=\"800\" height=\"855\" src=\"https:\/\/qingdaohf.com\/wp-content\/uploads\/2022\/12\/HF-factory-1.jpg\" class=\"attachment-large size-large wp-image-1405\" alt=\"HF fabrikas\u0131\" srcset=\"https:\/\/qingdaohf.com\/wp-content\/uploads\/2022\/12\/HF-factory-1.jpg 800w, https:\/\/qingdaohf.com\/wp-content\/uploads\/2022\/12\/HF-factory-1-281x300.jpg 281w, https:\/\/qingdaohf.com\/wp-content\/uploads\/2022\/12\/HF-factory-1-768x821.jpg 768w, https:\/\/qingdaohf.com\/wp-content\/uploads\/2022\/12\/HF-factory-1-600x641.jpg 600w\" sizes=\"(max-width: 800px) 100vw, 800px\" \/>\t\t\t\t\t\t\t\t\t\t\t\t\t\t\t<\/div>\n\t\t\t\t<\/div>\n\t\t\t\t\t<\/div>\n\t\t<\/div>\n\t\t\t\t<div class=\"elementor-column elementor-col-50 elementor-inner-column elementor-element elementor-element-85d1195\" data-id=\"85d1195\" data-element_type=\"column\">\n\t\t\t<div class=\"elementor-widget-wrap elementor-element-populated\">\n\t\t\t\t\t\t<div class=\"elementor-element elementor-element-90c3dec elementor-widget elementor-widget-image\" data-id=\"90c3dec\" data-element_type=\"widget\" data-widget_type=\"image.default\">\n\t\t\t\t<div class=\"elementor-widget-container\">\n\t\t\t\t\t\t\t\t\t\t\t\t\t\t\t<img decoding=\"async\" width=\"800\" height=\"855\" src=\"https:\/\/qingdaohf.com\/wp-content\/uploads\/2022\/12\/HF-factory-2.jpg\" class=\"attachment-large size-large wp-image-1406\" alt=\"\" srcset=\"https:\/\/qingdaohf.com\/wp-content\/uploads\/2022\/12\/HF-factory-2.jpg 800w, https:\/\/qingdaohf.com\/wp-content\/uploads\/2022\/12\/HF-factory-2-281x300.jpg 281w, https:\/\/qingdaohf.com\/wp-content\/uploads\/2022\/12\/HF-factory-2-768x821.jpg 768w, https:\/\/qingdaohf.com\/wp-content\/uploads\/2022\/12\/HF-factory-2-600x641.jpg 600w\" sizes=\"(max-width: 800px) 100vw, 800px\" \/>\t\t\t\t\t\t\t\t\t\t\t\t\t\t\t<\/div>\n\t\t\t\t<\/div>\n\t\t\t\t\t<\/div>\n\t\t<\/div>\n\t\t\t\t\t<\/div>\n\t\t<\/section>\n\t\t\t\t\t<\/div>\n\t\t<\/div>\n\t\t\t\t\t<\/div>\n\t\t<\/section>\n\t\t\t\t<\/div>","protected":false},"excerpt":{"rendered":"<p>Our Factroy 1.20 years of qdhf we focus on production of Concrete forms ,all kinds of precast and lifting accessories, rigging hardware , plastic products, the special products as the samples and drawings 2.We strictly control the whole process from raw material to final production to ensure the product quality 3.We have advanced testing equipment [&hellip;]<\/p>","protected":false},"author":1,"featured_media":0,"parent":0,"menu_order":0,"comment_status":"closed","ping_status":"closed","template":"","meta":{"site-sidebar-layout":"no-sidebar","site-content-layout":"page-builder","ast-site-content-layout":"","site-content-style":"default","site-sidebar-style":"default","ast-global-header-display":"","ast-banner-title-visibility":"","ast-main-header-display":"","ast-hfb-above-header-display":"","ast-hfb-below-header-display":"","ast-hfb-mobile-header-display":"","site-post-title":"disabled","ast-breadcrumbs-content":"","ast-featured-img":"disabled","footer-sml-layout":"","theme-transparent-header-meta":"","adv-header-id-meta":"","stick-header-meta":"","header-above-stick-meta":"","header-main-stick-meta":"","header-below-stick-meta":"","astra-migrate-meta-layouts":"default","ast-page-background-enabled":"default","ast-page-background-meta":{"desktop":{"background-color":"","background-image":"","background-repeat":"repeat","background-position":"center center","background-size":"auto","background-attachment":"scroll","background-type":"","background-media":"","overlay-type":"","overlay-color":"","overlay-opacity":"","overlay-gradient":""},"tablet":{"background-color":"","background-image":"","background-repeat":"repeat","background-position":"center center","background-size":"auto","background-attachment":"scroll","background-type":"","background-media":"","overlay-type":"","overlay-color":"","overlay-opacity":"","overlay-gradient":""},"mobile":{"background-color":"","background-image":"","background-repeat":"repeat","background-position":"center center","background-size":"auto","background-attachment":"scroll","background-type":"","background-media":"","overlay-type":"","overlay-color":"","overlay-opacity":"","overlay-gradient":""}},"ast-content-background-meta":{"desktop":{"background-color":"var(--ast-global-color-5)","background-image":"","background-repeat":"repeat","background-position":"center center","background-size":"auto","background-attachment":"scroll","background-type":"","background-media":"","overlay-type":"","overlay-color":"","overlay-opacity":"","overlay-gradient":""},"tablet":{"background-color":"var(--ast-global-color-5)","background-image":"","background-repeat":"repeat","background-position":"center center","background-size":"auto","background-attachment":"scroll","background-type":"","background-media":"","overlay-type":"","overlay-color":"","overlay-opacity":"","overlay-gradient":""},"mobile":{"background-color":"var(--ast-global-color-5)","background-image":"","background-repeat":"repeat","background-position":"center center","background-size":"auto","background-attachment":"scroll","background-type":"","background-media":"","overlay-type":"","overlay-color":"","overlay-opacity":"","overlay-gradient":""}},"footnotes":""},"class_list":["post-1402","page","type-page","status-publish","hentry"],"yoast_head":"<!-- This site is optimized with the Yoast SEO plugin v25.2 - https:\/\/yoast.com\/wordpress\/plugins\/seo\/ -->\n<title>Our Factory<\/title>\n<meta name=\"description\" content=\"QINGDAOH&amp;F CORP is growing a swiftly as a market-oriented company. With a firm foundation built almost 20 years of experience. We offers an extensive line of concrete forming &amp; scaffolding systems and also with several others accessories for your needs.\" \/>\n<meta name=\"robots\" content=\"index, follow, max-snippet:-1, max-image-preview:large, max-video-preview:-1\" \/>\n<link rel=\"canonical\" href=\"https:\/\/qingdaohf.com\/tr\/\u0437\u0430\u0432\u043e\u0434\/\" \/>\n<meta property=\"og:locale\" content=\"tr_TR\" \/>\n<meta property=\"og:type\" content=\"article\" \/>\n<meta property=\"og:title\" content=\"Our Factory\" \/>\n<meta property=\"og:description\" content=\"QINGDAOH&amp;F CORP is growing a swiftly as a market-oriented company. With a firm foundation built almost 20 years of experience. We offers an extensive line of concrete forming &amp; scaffolding systems and also with several others accessories for your needs.\" \/>\n<meta property=\"og:url\" content=\"https:\/\/qingdaohf.com\/tr\/\u0437\u0430\u0432\u043e\u0434\/\" \/>\n<meta property=\"og:site_name\" content=\"Concrete Form &amp; Rigging Hardware Supplier\" \/>\n<meta property=\"article:publisher\" content=\"https:\/\/www.facebook.com\/qingdaohf\" \/>\n<meta property=\"article:modified_time\" content=\"2022-12-30T07:09:27+00:00\" \/>\n<meta property=\"og:image\" content=\"http:\/\/qingdaohf.com\/wp-content\/uploads\/2022\/12\/HF-factory-1.jpg\" \/>\n<meta name=\"twitter:card\" content=\"summary_large_image\" \/>\n<meta name=\"twitter:label1\" content=\"Tahmini okuma s\u00fcresi\" \/>\n\t<meta name=\"twitter:data1\" content=\"1 dakika\" \/>\n<script type=\"application\/ld+json\" class=\"yoast-schema-graph\">{\"@context\":\"https:\/\/schema.org\",\"@graph\":[{\"@type\":\"WebPage\",\"@id\":\"https:\/\/qingdaohf.com\/uk\/\u0437\u0430\u0432\u043e\u0434\/\",\"url\":\"https:\/\/qingdaohf.com\/uk\/\u0437\u0430\u0432\u043e\u0434\/\",\"name\":\"Our Factory\",\"isPartOf\":{\"@id\":\"https:\/\/qingdaohf.com\/bg\/#website\"},\"primaryImageOfPage\":{\"@id\":\"https:\/\/qingdaohf.com\/uk\/\u0437\u0430\u0432\u043e\u0434\/#primaryimage\"},\"image\":{\"@id\":\"https:\/\/qingdaohf.com\/uk\/\u0437\u0430\u0432\u043e\u0434\/#primaryimage\"},\"thumbnailUrl\":\"http:\/\/qingdaohf.com\/wp-content\/uploads\/2022\/12\/HF-factory-1.jpg\",\"datePublished\":\"2022-12-30T06:53:12+00:00\",\"dateModified\":\"2022-12-30T07:09:27+00:00\",\"description\":\"QINGDAOH&F CORP is growing a swiftly as a market-oriented company. With a firm foundation built almost 20 years of experience. We offers an extensive line of concrete forming & scaffolding systems and also with several others accessories for your needs.\",\"breadcrumb\":{\"@id\":\"https:\/\/qingdaohf.com\/uk\/\u0437\u0430\u0432\u043e\u0434\/#breadcrumb\"},\"inLanguage\":\"tr\",\"potentialAction\":[{\"@type\":\"ReadAction\",\"target\":[\"https:\/\/qingdaohf.com\/uk\/\u0437\u0430\u0432\u043e\u0434\/\"]}]},{\"@type\":\"ImageObject\",\"inLanguage\":\"tr\",\"@id\":\"https:\/\/qingdaohf.com\/uk\/\u0437\u0430\u0432\u043e\u0434\/#primaryimage\",\"url\":\"http:\/\/qingdaohf.com\/wp-content\/uploads\/2022\/12\/HF-factory-1.jpg\",\"contentUrl\":\"http:\/\/qingdaohf.com\/wp-content\/uploads\/2022\/12\/HF-factory-1.jpg\"},{\"@type\":\"BreadcrumbList\",\"@id\":\"https:\/\/qingdaohf.com\/uk\/\u0437\u0430\u0432\u043e\u0434\/#breadcrumb\",\"itemListElement\":[{\"@type\":\"ListItem\",\"position\":1,\"name\":\"Home\",\"item\":\"https:\/\/qingdaohf.com\/\"},{\"@type\":\"ListItem\",\"position\":2,\"name\":\"Our Factory\"}]},{\"@type\":\"WebSite\",\"@id\":\"https:\/\/qingdaohf.com\/bg\/#website\",\"url\":\"https:\/\/qingdaohf.com\/bg\/\",\"name\":\"Concrete Form & Rigging Hardware Supplier\",\"description\":\"\",\"publisher\":{\"@id\":\"https:\/\/qingdaohf.com\/bg\/#organization\"},\"potentialAction\":[{\"@type\":\"SearchAction\",\"target\":{\"@type\":\"EntryPoint\",\"urlTemplate\":\"https:\/\/qingdaohf.com\/bg\/?s={search_term_string}\"},\"query-input\":{\"@type\":\"PropertyValueSpecification\",\"valueRequired\":true,\"valueName\":\"search_term_string\"}}],\"inLanguage\":\"tr\"},{\"@type\":\"Organization\",\"@id\":\"https:\/\/qingdaohf.com\/bg\/#organization\",\"name\":\"Qingdao H&F\",\"url\":\"https:\/\/qingdaohf.com\/bg\/\",\"logo\":{\"@type\":\"ImageObject\",\"inLanguage\":\"tr\",\"@id\":\"https:\/\/qingdaohf.com\/bg\/#\/schema\/logo\/image\/\",\"url\":\"https:\/\/qingdaohf.com\/wp-content\/uploads\/2022\/12\/cropped-HF-LOGO.png\",\"contentUrl\":\"https:\/\/qingdaohf.com\/wp-content\/uploads\/2022\/12\/cropped-HF-LOGO.png\",\"width\":391,\"height\":249,\"caption\":\"Qingdao H&F\"},\"image\":{\"@id\":\"https:\/\/qingdaohf.com\/bg\/#\/schema\/logo\/image\/\"},\"sameAs\":[\"https:\/\/www.facebook.com\/qingdaohf\"]}]}<\/script>\n<!-- \/ Yoast SEO plugin. -->","yoast_head_json":{"title":"Our Factory","description":"QINGDAOH&F CORP is growing a swiftly as a market-oriented company. With a firm foundation built almost 20 years of experience. We offers an extensive line of concrete forming & scaffolding systems and also with several others accessories for your needs.","robots":{"index":"index","follow":"follow","max-snippet":"max-snippet:-1","max-image-preview":"max-image-preview:large","max-video-preview":"max-video-preview:-1"},"canonical":"https:\/\/qingdaohf.com\/tr\/\u0437\u0430\u0432\u043e\u0434\/","og_locale":"tr_TR","og_type":"article","og_title":"Our Factory","og_description":"QINGDAOH&F CORP is growing a swiftly as a market-oriented company. With a firm foundation built almost 20 years of experience. We offers an extensive line of concrete forming & scaffolding systems and also with several others accessories for your needs.","og_url":"https:\/\/qingdaohf.com\/tr\/\u0437\u0430\u0432\u043e\u0434\/","og_site_name":"Concrete Form &amp; Rigging Hardware Supplier","article_publisher":"https:\/\/www.facebook.com\/qingdaohf","article_modified_time":"2022-12-30T07:09:27+00:00","og_image":[{"url":"http:\/\/qingdaohf.com\/wp-content\/uploads\/2022\/12\/HF-factory-1.jpg","type":"","width":"","height":""}],"twitter_card":"summary_large_image","twitter_misc":{"Tahmini okuma s\u00fcresi":"1 dakika"},"schema":{"@context":"https:\/\/schema.org","@graph":[{"@type":"WebPage","@id":"https:\/\/qingdaohf.com\/uk\/\u0437\u0430\u0432\u043e\u0434\/","url":"https:\/\/qingdaohf.com\/uk\/\u0437\u0430\u0432\u043e\u0434\/","name":"Our Factory","isPartOf":{"@id":"https:\/\/qingdaohf.com\/bg\/#website"},"primaryImageOfPage":{"@id":"https:\/\/qingdaohf.com\/uk\/\u0437\u0430\u0432\u043e\u0434\/#primaryimage"},"image":{"@id":"https:\/\/qingdaohf.com\/uk\/\u0437\u0430\u0432\u043e\u0434\/#primaryimage"},"thumbnailUrl":"http:\/\/qingdaohf.com\/wp-content\/uploads\/2022\/12\/HF-factory-1.jpg","datePublished":"2022-12-30T06:53:12+00:00","dateModified":"2022-12-30T07:09:27+00:00","description":"QINGDAOH&F CORP is growing a swiftly as a market-oriented company. With a firm foundation built almost 20 years of experience. We offers an extensive line of concrete forming & scaffolding systems and also with several others accessories for your needs.","breadcrumb":{"@id":"https:\/\/qingdaohf.com\/uk\/\u0437\u0430\u0432\u043e\u0434\/#breadcrumb"},"inLanguage":"tr","potentialAction":[{"@type":"ReadAction","target":["https:\/\/qingdaohf.com\/uk\/\u0437\u0430\u0432\u043e\u0434\/"]}]},{"@type":"ImageObject","inLanguage":"tr","@id":"https:\/\/qingdaohf.com\/uk\/\u0437\u0430\u0432\u043e\u0434\/#primaryimage","url":"http:\/\/qingdaohf.com\/wp-content\/uploads\/2022\/12\/HF-factory-1.jpg","contentUrl":"http:\/\/qingdaohf.com\/wp-content\/uploads\/2022\/12\/HF-factory-1.jpg"},{"@type":"BreadcrumbList","@id":"https:\/\/qingdaohf.com\/uk\/\u0437\u0430\u0432\u043e\u0434\/#breadcrumb","itemListElement":[{"@type":"ListItem","position":1,"name":"Home","item":"https:\/\/qingdaohf.com\/"},{"@type":"ListItem","position":2,"name":"Our Factory"}]},{"@type":"WebSite","@id":"https:\/\/qingdaohf.com\/bg\/#website","url":"https:\/\/qingdaohf.com\/bg\/","name":"Concrete Form & Rigging Hardware Supplier","description":"","publisher":{"@id":"https:\/\/qingdaohf.com\/bg\/#organization"},"potentialAction":[{"@type":"SearchAction","target":{"@type":"EntryPoint","urlTemplate":"https:\/\/qingdaohf.com\/bg\/?s={search_term_string}"},"query-input":{"@type":"PropertyValueSpecification","valueRequired":true,"valueName":"search_term_string"}}],"inLanguage":"tr"},{"@type":"Organization","@id":"https:\/\/qingdaohf.com\/bg\/#organization","name":"Qingdao H&F","url":"https:\/\/qingdaohf.com\/bg\/","logo":{"@type":"ImageObject","inLanguage":"tr","@id":"https:\/\/qingdaohf.com\/bg\/#\/schema\/logo\/image\/","url":"https:\/\/qingdaohf.com\/wp-content\/uploads\/2022\/12\/cropped-HF-LOGO.png","contentUrl":"https:\/\/qingdaohf.com\/wp-content\/uploads\/2022\/12\/cropped-HF-LOGO.png","width":391,"height":249,"caption":"Qingdao H&F"},"image":{"@id":"https:\/\/qingdaohf.com\/bg\/#\/schema\/logo\/image\/"},"sameAs":["https:\/\/www.facebook.com\/qingdaohf"]}]}},"_links":{"self":[{"href":"https:\/\/qingdaohf.com\/tr\/wp-json\/wp\/v2\/pages\/1402","targetHints":{"allow":["GET"]}}],"collection":[{"href":"https:\/\/qingdaohf.com\/tr\/wp-json\/wp\/v2\/pages"}],"about":[{"href":"https:\/\/qingdaohf.com\/tr\/wp-json\/wp\/v2\/types\/page"}],"author":[{"embeddable":true,"href":"https:\/\/qingdaohf.com\/tr\/wp-json\/wp\/v2\/users\/1"}],"replies":[{"embeddable":true,"href":"https:\/\/qingdaohf.com\/tr\/wp-json\/wp\/v2\/comments?post=1402"}],"version-history":[{"count":7,"href":"https:\/\/qingdaohf.com\/tr\/wp-json\/wp\/v2\/pages\/1402\/revisions"}],"predecessor-version":[{"id":6869,"href":"https:\/\/qingdaohf.com\/tr\/wp-json\/wp\/v2\/pages\/1402\/revisions\/6869"}],"wp:attachment":[{"href":"https:\/\/qingdaohf.com\/tr\/wp-json\/wp\/v2\/media?parent=1402"}],"curies":[{"name":"wp","href":"https:\/\/api.w.org\/{rel}","templated":true}]}}