{"id":3,"date":"2022-12-14T08:05:12","date_gmt":"2022-12-14T08:05:12","guid":{"rendered":"http:\/\/qingdaohf.com\/?page_id=3"},"modified":"2025-01-13T11:43:47","modified_gmt":"2025-01-13T03:43:47","slug":"privacy-policy","status":"publish","type":"page","link":"https:\/\/qingdaohf.com\/tr\/gizlilik-politikasi\/","title":{"rendered":"Gizlilik Politikas\u0131"},"content":{"rendered":"<p>Qingdao H&amp;F olarak, gizlili\u011finize sayg\u0131 duymay\u0131 ve korumay\u0131 taahh\u00fct ediyoruz. Bu Gizlilik Politikas\u0131, web sitemizi ziyaret etti\u011finizde ki\u015fisel bilgilerinizi nas\u0131l toplad\u0131\u011f\u0131m\u0131z\u0131, kulland\u0131\u011f\u0131m\u0131z\u0131 ve korudu\u011fumuzu \u00f6zetlemektedir, <a href=\"https:\/\/qingdaohf.com\/tr\/\">qingdaohf.com<\/a>ve uygulamalar\u0131m\u0131z\u0131n ge\u00e7erli gizlilik d\u00fczenlemeleriyle nas\u0131l uyumlu oldu\u011fu.<\/p><h4 class=\"wp-block-heading\">Biz Kimiz<\/h4><p>Web sitemiz, <a href=\"https:\/\/qingdaohf.com\/tr\/\">qingdaohf.com<\/a>Qingdao H&amp;F taraf\u0131ndan i\u015fletilmektedir. Qingdao, Shandong, \u00c7in merkezli lider bir end\u00fcstriyel ve ticari \u00e7\u00f6z\u00fcmler sa\u011flay\u0131c\u0131s\u0131y\u0131z. Bizimle ileti\u015fime ge\u00e7ebilirsiniz:<\/p><p><strong>E-posta:<\/strong> <a>info@qingdaohf.com<\/a><br><strong>Telefon:<\/strong> +86 17853296888<br><strong>Adres:<\/strong> Oda 20-B, Huaren Uluslararas\u0131 Binas\u0131, No. 2 Shandong Yolu, Shinan B\u00f6lgesi, Qingdao \u015eehri, Shandong Eyaleti<\/p><h4 class=\"wp-block-heading\">Hangi Ki\u015fisel Verileri Neden Topluyoruz?<\/h4><p>A\u015fa\u011f\u0131daki ki\u015fisel veri t\u00fcrlerini toplar\u0131z:<\/p><ul class=\"wp-block-list\"><li><strong>Ki\u015fisel Bilgiler:<\/strong> Ad\u0131n\u0131z, e-posta adresiniz, telefon numaran\u0131z ve g\u00f6nderdi\u011finiz di\u011fer ayr\u0131nt\u0131lar gibi ileti\u015fim formlar\u0131 veya sorular arac\u0131l\u0131\u011f\u0131yla g\u00f6n\u00fcll\u00fc olarak sa\u011flanan bilgiler.<\/li>\n\n<li><strong>Teknik Bilgiler:<\/strong> IP adresiniz, taray\u0131c\u0131 t\u00fcr\u00fcn\u00fcz ve sitemizde ziyaret etti\u011finiz sayfalar gibi \u00e7erezler ve benzer teknolojiler arac\u0131l\u0131\u011f\u0131yla otomatik olarak toplan\u0131r.<\/li>\n\n<li><strong>\u0130\u015flemsel Veriler:<\/strong> Sat\u0131n alma sorgular\u0131 i\u00e7in bu, fatura veya g\u00f6nderim ayr\u0131nt\u0131lar\u0131n\u0131 i\u00e7erebilir.<\/li>\n\n<li><strong>Hassas Veriler:<\/strong> Hassas ki\u015fisel verileri kas\u0131tl\u0131 olarak toplam\u0131yoruz. Bu t\u00fcr veriler g\u00f6nderilirse, y\u00fcksek g\u00fcvenlik ve gizlilikle ele al\u0131n\u0131r.<\/li><\/ul><p><strong>Neden Veri Topluyoruz?<\/strong><\/p><p>Bu verileri hizmetlerimizi sa\u011flamak ve geli\u015ftirmek, kullan\u0131c\u0131 deneyimini ki\u015fiselle\u015ftirmek, yasal y\u00fck\u00fcml\u00fcl\u00fcklere uymak ve site performans\u0131n\u0131 analiz etmek i\u00e7in toplar\u0131z. Veri toplama, aktif kullan\u0131c\u0131 iznine veya me\u015fru i\u015f ama\u00e7lar\u0131na dayanmaktad\u0131r.<\/p><h4 class=\"wp-block-heading\">Yorumlar<\/h4><p>Web sitemiz kullan\u0131c\u0131lar\u0131n yorum b\u0131rakmas\u0131na izin verebilir. Yorumlar g\u00f6nderildi\u011finde, spam tespitine yard\u0131mc\u0131 olmak i\u00e7in yorum formunda g\u00f6sterilen verilerin yan\u0131 s\u0131ra kullan\u0131c\u0131n\u0131n IP adresini ve taray\u0131c\u0131 kullan\u0131c\u0131 arac\u0131s\u0131 dizesini toplar\u0131z.<\/p><h4 class=\"wp-block-heading\">Medya<\/h4><p>Kullan\u0131c\u0131lar resim veya dosya y\u00fcklerse, bunlar herkesin eri\u015fimine a\u00e7\u0131k olabilir. Kullan\u0131c\u0131lar\u0131n g\u00f6m\u00fcl\u00fc konum verileri (EXIF GPS) i\u00e7eren medya y\u00fcklememeleri tavsiye edilir.<\/p><h4 class=\"wp-block-heading\">\u0130leti\u015fim Formlar\u0131<\/h4><p>Kullan\u0131c\u0131lar ileti\u015fim formlar\u0131 g\u00f6nderdi\u011finde, sa\u011flanan verileri m\u00fc\u015fteri hizmetleri amac\u0131yla toplar\u0131z. Bu veriler alt\u0131 ay boyunca saklan\u0131r ve a\u00e7\u0131k r\u0131za olmadan pazarlama i\u00e7in kullan\u0131lmaz.<\/p><h4 class=\"wp-block-heading\">\u00c7erezler<\/h4><p>Web sitemiz kullan\u0131c\u0131 deneyimini geli\u015ftirmek i\u00e7in \u00e7erezler kullanmaktad\u0131r. \u00c7erezler \u015funlar\u0131 i\u00e7erebilir:<\/p><ul class=\"wp-block-list\"><li><strong>Oturum \u00c7erezleri:<\/strong> Kullan\u0131c\u0131 oturumlar\u0131n\u0131 s\u00fcrd\u00fcrmek i\u00e7in.<\/li>\n\n<li><strong>Analitik \u00c7erezler:<\/strong> Web sitesi kullan\u0131m e\u011filimlerini analiz etmek.<\/li>\n\n<li><strong>Onay Y\u00f6netimi \u00c7erezleri:<\/strong> Gizlilik tercihlerinizi saklamak i\u00e7in.<\/li><\/ul><p>\u00c7erez ayarlar\u0131n\u0131 taray\u0131c\u0131n\u0131z veya onay y\u00f6netimi arac\u0131m\u0131z arac\u0131l\u0131\u011f\u0131yla yapabilirsiniz.<\/p><h4 class=\"wp-block-heading\">Analitik<\/h4><p>Kullan\u0131c\u0131 davran\u0131\u015f\u0131n\u0131 anlamak ve web sitemizi geli\u015ftirmek i\u00e7in Google Analytics kullan\u0131yoruz. Toplanan veriler anonimle\u015ftirilir ve bir araya getirilir. Kullan\u0131c\u0131lar, taray\u0131c\u0131 ayarlar\u0131 arac\u0131l\u0131\u011f\u0131yla veya Google'\u0131n gizlilik politikas\u0131n\u0131 ziyaret ederek analitik izlemeyi devre d\u0131\u015f\u0131 b\u0131rakabilir.<\/p><h4 class=\"wp-block-heading\">Verilerinizi Kiminle Payla\u015f\u0131yoruz<\/h4><p>Verilerinizi yaln\u0131zca gerekti\u011finde g\u00fcvenilir \u00fc\u00e7\u00fcnc\u00fc taraflarla payla\u015f\u0131yoruz, \u00f6rne\u011fin:<\/p><ul class=\"wp-block-list\"><li>Web sitesi i\u015fletimi i\u00e7in bar\u0131nd\u0131rma sa\u011flay\u0131c\u0131lar\u0131.<\/li>\n\n<li>\u0130\u015flem hizmetleri i\u00e7in \u00f6deme i\u015flemcileri.<\/li>\n\n<li>Performans i\u00e7g\u00f6r\u00fcleri i\u00e7in analitik sa\u011flay\u0131c\u0131lar.<\/li><\/ul><p>T\u00fcm \u00fc\u00e7\u00fcnc\u00fc taraf sa\u011flay\u0131c\u0131lar kat\u0131 veri koruma standartlar\u0131na ba\u011fl\u0131d\u0131r. Gizlilik politikalar\u0131n\u0131n ba\u011flant\u0131lar\u0131 talep \u00fczerine mevcuttur.<\/p><h4 class=\"wp-block-heading\">Verilerinizi Ne Kadar S\u00fcre Sakl\u0131yoruz<\/h4><p>Verilerinizi amac\u0131na uygun olarak saklar\u0131z:<\/p><ul class=\"wp-block-list\"><li>\u0130leti\u015fim formu g\u00f6nderimleri: 6 ay.<\/li>\n\n<li>Analitik veriler: 1 y\u0131l.<\/li>\n\n<li>\u0130\u015flem kay\u0131tlar\u0131: Yasal ve denetim ama\u00e7lar\u0131 i\u00e7in 10 y\u0131l.<\/li><\/ul><h4 class=\"wp-block-heading\">Verileriniz \u00dczerindeki Haklar\u0131n\u0131z<\/h4><p>Kullan\u0131c\u0131lar \u015fu haklara sahiptir:<\/p><ul class=\"wp-block-list\"><li>Verilerine eri\u015fin ve d\u00fczeltin.<\/li>\n\n<li>Verilerin silinmesini talep etme (saklaman\u0131n yasal olarak gerekli oldu\u011fu durumlar hari\u00e7).<\/li>\n\n<li>Belirli veri i\u015flemeye itiraz edin.<\/li>\n\n<li>Verileri ta\u015f\u0131nabilir bir formatta al\u0131n.<\/li><\/ul><p>Bu haklar\u0131 kullanmak i\u00e7in l\u00fctfen bizimle \u015fu adresten ileti\u015fime ge\u00e7in <a>info@qingdaohf.com<\/a>.<\/p><h4 class=\"wp-block-heading\">Verilerinizin G\u00f6nderildi\u011fi Yerler<\/h4><p>Veriler Avrupa Birli\u011fi d\u0131\u015f\u0131na aktar\u0131labilir. Bu t\u00fcr aktar\u0131mlar, Gizlilik Kalkan\u0131 gibi mekanizmalar veya s\u00f6zle\u015fmeye dayal\u0131 anla\u015fmalar yoluyla Avrupa veri koruma standartlar\u0131na uygundur.<\/p><h4 class=\"wp-block-heading\">Verilerinizi Nas\u0131l Koruyoruz<\/h4><p>A\u015fa\u011f\u0131dakiler de dahil olmak \u00fczere sa\u011flam g\u00fcvenlik \u00f6nlemleri uyguluyoruz:<\/p><ul class=\"wp-block-list\"><li>Hassas verilerin \u015fifrelenmesi.<\/li>\n\n<li>Sistemlerimizin d\u00fczenli olarak denetlenmesi.<\/li>\n\n<li>Veri koruma konusunda personel e\u011fitimi.<\/li><\/ul><h4 class=\"wp-block-heading\">Veri \u0130hlali Prosed\u00fcrleri<\/h4><p>Bir veri ihlali durumunda, a\u015fa\u011f\u0131dakiler i\u00e7in prosed\u00fcrlerimiz vard\u0131r:<\/p><ul class=\"wp-block-list\"><li>Acil i\u00e7 raporlama.<\/li>\n\n<li>Etkilenen kullan\u0131c\u0131lara bildirim.<\/li>\n\n<li>Gerekti\u011finde yetkili makamlarla koordinasyon.<\/li><\/ul><h4 class=\"wp-block-heading\">\u00dc\u00e7\u00fcnc\u00fc Taraf Veri Kaynaklar\u0131<\/h4><p>Hizmetleri iyile\u015ftirmek i\u00e7in reklamc\u0131lardan veya analiz sa\u011flay\u0131c\u0131lar\u0131ndan anonimle\u015ftirilmi\u015f veriler alabiliriz. Bu veriler tan\u0131mlanabilir bireylerle ba\u011flant\u0131l\u0131 de\u011fildir.<\/p><h4 class=\"wp-block-heading\">Otomatik Karar Verme<\/h4><p>Web sitemiz, kullan\u0131c\u0131 haklar\u0131n\u0131 veya \u00f6zg\u00fcrl\u00fcklerini etkileyen otomatik karar verme veya profil olu\u015fturma sistemleri kullanmaz.<\/p><h4 class=\"wp-block-heading\">D\u00fczenleyici A\u00e7\u0131klama Gereklilikleri<\/h4><p>Qingdao H&amp;F, Avrupal\u0131 kullan\u0131c\u0131lar i\u00e7in GDPR dahil olmak \u00fczere y\u00fcr\u00fcrl\u00fckteki t\u00fcm gizlilik ve veri koruma yasalar\u0131na ba\u011fl\u0131d\u0131r.<\/p><h4 class=\"wp-block-heading\">\u0130leti\u015fim Bilgileri<\/h4><p>Gizlilikle ilgili endi\u015feleriniz i\u00e7in l\u00fctfen ileti\u015fime ge\u00e7in:<\/p><p><strong>E-posta:<\/strong> <a>info@qingdaohf.com<\/a><br><strong>Telefon:<\/strong>+86 17853296888<br><strong>Adres:<\/strong> Oda 20-B, Huaren Uluslararas\u0131 Binas\u0131, No. 2 Shandong Yolu, Shinan B\u00f6lgesi, Qingdao \u015eehri, Shandong Eyaleti<\/p><h4 class=\"wp-block-heading\">Politika G\u00fcncellemeleri<\/h4><p>Uygulamalardaki veya yasal gerekliliklerdeki de\u011fi\u015fiklikleri yans\u0131tmak i\u00e7in bu Gizlilik Politikas\u0131n\u0131 g\u00fcncelleme hakk\u0131m\u0131z\u0131 sakl\u0131 tutar\u0131z. En son s\u00fcr\u00fcm her zaman bu sayfada mevcut olacakt\u0131r.<\/p>","protected":false},"excerpt":{"rendered":"<p>At Qingdao H&amp;F, we are committed to respecting and protecting your privacy. This Privacy Policy outlines how we collect, use, and safeguard your personal information when you visit our website, qingdaohf.com, and how our practices comply with applicable privacy regulations. Who We Are Our website, qingdaohf.com, is operated by Qingdao H&amp;F. We are a leading [&hellip;]<\/p>","protected":false},"author":1,"featured_media":0,"parent":0,"menu_order":0,"comment_status":"closed","ping_status":"open","template":"","meta":{"site-sidebar-layout":"default","site-content-layout":"","ast-site-content-layout":"default","site-content-style":"default","site-sidebar-style":"default","ast-global-header-display":"","ast-banner-title-visibility":"","ast-main-header-display":"","ast-hfb-above-header-display":"","ast-hfb-below-header-display":"","ast-hfb-mobile-header-display":"","site-post-title":"","ast-breadcrumbs-content":"","ast-featured-img":"","footer-sml-layout":"","theme-transparent-header-meta":"","adv-header-id-meta":"","stick-header-meta":"","header-above-stick-meta":"","header-main-stick-meta":"","header-below-stick-meta":"","astra-migrate-meta-layouts":"set","ast-page-background-enabled":"default","ast-page-background-meta":{"desktop":{"background-color":"","background-image":"","background-repeat":"repeat","background-position":"center center","background-size":"auto","background-attachment":"scroll","background-type":"","background-media":"","overlay-type":"","overlay-color":"","overlay-opacity":"","overlay-gradient":""},"tablet":{"background-color":"","background-image":"","background-repeat":"repeat","background-position":"center center","background-size":"auto","background-attachment":"scroll","background-type":"","background-media":"","overlay-type":"","overlay-color":"","overlay-opacity":"","overlay-gradient":""},"mobile":{"background-color":"","background-image":"","background-repeat":"repeat","background-position":"center center","background-size":"auto","background-attachment":"scroll","background-type":"","background-media":"","overlay-type":"","overlay-color":"","overlay-opacity":"","overlay-gradient":""}},"ast-content-background-meta":{"desktop":{"background-color":"var(--ast-global-color-5)","background-image":"","background-repeat":"repeat","background-position":"center center","background-size":"auto","background-attachment":"scroll","background-type":"","background-media":"","overlay-type":"","overlay-color":"","overlay-opacity":"","overlay-gradient":""},"tablet":{"background-color":"var(--ast-global-color-5)","background-image":"","background-repeat":"repeat","background-position":"center center","background-size":"auto","background-attachment":"scroll","background-type":"","background-media":"","overlay-type":"","overlay-color":"","overlay-opacity":"","overlay-gradient":""},"mobile":{"background-color":"var(--ast-global-color-5)","background-image":"","background-repeat":"repeat","background-position":"center center","background-size":"auto","background-attachment":"scroll","background-type":"","background-media":"","overlay-type":"","overlay-color":"","overlay-opacity":"","overlay-gradient":""}},"footnotes":""},"class_list":["post-3","page","type-page","status-publish","hentry"],"yoast_head":"<!-- This site is optimized with the Yoast SEO plugin v25.2 - https:\/\/yoast.com\/wordpress\/plugins\/seo\/ -->\n<title>Privacy Policy<\/title>\n<meta name=\"description\" content=\"This Privacy Policy outlines how we collect, use, and safeguard your personal information when you visit our website\" \/>\n<meta name=\"robots\" content=\"index, follow, max-snippet:-1, max-image-preview:large, max-video-preview:-1\" \/>\n<link rel=\"canonical\" href=\"https:\/\/qingdaohf.com\/tr\/informativa-sulla-privacy\/\" \/>\n<meta property=\"og:locale\" content=\"tr_TR\" \/>\n<meta property=\"og:type\" content=\"article\" \/>\n<meta property=\"og:title\" content=\"Privacy Policy\" \/>\n<meta property=\"og:description\" content=\"This Privacy Policy outlines how we collect, use, and safeguard your personal information when you visit our website\" \/>\n<meta property=\"og:url\" content=\"https:\/\/qingdaohf.com\/tr\/informativa-sulla-privacy\/\" \/>\n<meta property=\"og:site_name\" content=\"Concrete Form &amp; Rigging Hardware Supplier\" \/>\n<meta property=\"article:publisher\" content=\"https:\/\/www.facebook.com\/qingdaohf\" \/>\n<meta property=\"article:modified_time\" content=\"2025-01-13T03:43:47+00:00\" \/>\n<meta name=\"twitter:card\" content=\"summary_large_image\" \/>\n<meta name=\"twitter:label1\" content=\"Tahmini okuma s\u00fcresi\" \/>\n\t<meta name=\"twitter:data1\" content=\"4 dakika\" \/>\n<script type=\"application\/ld+json\" class=\"yoast-schema-graph\">{\"@context\":\"https:\/\/schema.org\",\"@graph\":[{\"@type\":\"WebPage\",\"@id\":\"https:\/\/qingdaohf.com\/it\/informativa-sulla-privacy\/\",\"url\":\"https:\/\/qingdaohf.com\/it\/informativa-sulla-privacy\/\",\"name\":\"Privacy Policy\",\"isPartOf\":{\"@id\":\"https:\/\/qingdaohf.com\/bg\/#website\"},\"datePublished\":\"2022-12-14T08:05:12+00:00\",\"dateModified\":\"2025-01-13T03:43:47+00:00\",\"description\":\"This Privacy Policy outlines how we collect, use, and safeguard your personal information when you visit our website\",\"breadcrumb\":{\"@id\":\"https:\/\/qingdaohf.com\/it\/informativa-sulla-privacy\/#breadcrumb\"},\"inLanguage\":\"tr\",\"potentialAction\":[{\"@type\":\"ReadAction\",\"target\":[\"https:\/\/qingdaohf.com\/it\/informativa-sulla-privacy\/\"]}]},{\"@type\":\"BreadcrumbList\",\"@id\":\"https:\/\/qingdaohf.com\/it\/informativa-sulla-privacy\/#breadcrumb\",\"itemListElement\":[{\"@type\":\"ListItem\",\"position\":1,\"name\":\"Home\",\"item\":\"https:\/\/qingdaohf.com\/\"},{\"@type\":\"ListItem\",\"position\":2,\"name\":\"Privacy Policy\"}]},{\"@type\":\"WebSite\",\"@id\":\"https:\/\/qingdaohf.com\/bg\/#website\",\"url\":\"https:\/\/qingdaohf.com\/bg\/\",\"name\":\"Concrete Form & Rigging Hardware Supplier\",\"description\":\"\",\"publisher\":{\"@id\":\"https:\/\/qingdaohf.com\/bg\/#organization\"},\"potentialAction\":[{\"@type\":\"SearchAction\",\"target\":{\"@type\":\"EntryPoint\",\"urlTemplate\":\"https:\/\/qingdaohf.com\/bg\/?s={search_term_string}\"},\"query-input\":{\"@type\":\"PropertyValueSpecification\",\"valueRequired\":true,\"valueName\":\"search_term_string\"}}],\"inLanguage\":\"tr\"},{\"@type\":\"Organization\",\"@id\":\"https:\/\/qingdaohf.com\/bg\/#organization\",\"name\":\"Qingdao H&F\",\"url\":\"https:\/\/qingdaohf.com\/bg\/\",\"logo\":{\"@type\":\"ImageObject\",\"inLanguage\":\"tr\",\"@id\":\"https:\/\/qingdaohf.com\/bg\/#\/schema\/logo\/image\/\",\"url\":\"https:\/\/qingdaohf.com\/wp-content\/uploads\/2022\/12\/cropped-HF-LOGO.png\",\"contentUrl\":\"https:\/\/qingdaohf.com\/wp-content\/uploads\/2022\/12\/cropped-HF-LOGO.png\",\"width\":391,\"height\":249,\"caption\":\"Qingdao H&F\"},\"image\":{\"@id\":\"https:\/\/qingdaohf.com\/bg\/#\/schema\/logo\/image\/\"},\"sameAs\":[\"https:\/\/www.facebook.com\/qingdaohf\"]}]}<\/script>\n<!-- \/ Yoast SEO plugin. -->","yoast_head_json":{"title":"Privacy Policy","description":"This Privacy Policy outlines how we collect, use, and safeguard your personal information when you visit our website","robots":{"index":"index","follow":"follow","max-snippet":"max-snippet:-1","max-image-preview":"max-image-preview:large","max-video-preview":"max-video-preview:-1"},"canonical":"https:\/\/qingdaohf.com\/tr\/informativa-sulla-privacy\/","og_locale":"tr_TR","og_type":"article","og_title":"Privacy Policy","og_description":"This Privacy Policy outlines how we collect, use, and safeguard your personal information when you visit our website","og_url":"https:\/\/qingdaohf.com\/tr\/informativa-sulla-privacy\/","og_site_name":"Concrete Form &amp; Rigging Hardware Supplier","article_publisher":"https:\/\/www.facebook.com\/qingdaohf","article_modified_time":"2025-01-13T03:43:47+00:00","twitter_card":"summary_large_image","twitter_misc":{"Tahmini okuma s\u00fcresi":"4 dakika"},"schema":{"@context":"https:\/\/schema.org","@graph":[{"@type":"WebPage","@id":"https:\/\/qingdaohf.com\/it\/informativa-sulla-privacy\/","url":"https:\/\/qingdaohf.com\/it\/informativa-sulla-privacy\/","name":"Privacy Policy","isPartOf":{"@id":"https:\/\/qingdaohf.com\/bg\/#website"},"datePublished":"2022-12-14T08:05:12+00:00","dateModified":"2025-01-13T03:43:47+00:00","description":"This Privacy Policy outlines how we collect, use, and safeguard your personal information when you visit our website","breadcrumb":{"@id":"https:\/\/qingdaohf.com\/it\/informativa-sulla-privacy\/#breadcrumb"},"inLanguage":"tr","potentialAction":[{"@type":"ReadAction","target":["https:\/\/qingdaohf.com\/it\/informativa-sulla-privacy\/"]}]},{"@type":"BreadcrumbList","@id":"https:\/\/qingdaohf.com\/it\/informativa-sulla-privacy\/#breadcrumb","itemListElement":[{"@type":"ListItem","position":1,"name":"Home","item":"https:\/\/qingdaohf.com\/"},{"@type":"ListItem","position":2,"name":"Privacy Policy"}]},{"@type":"WebSite","@id":"https:\/\/qingdaohf.com\/bg\/#website","url":"https:\/\/qingdaohf.com\/bg\/","name":"Concrete Form & Rigging Hardware Supplier","description":"","publisher":{"@id":"https:\/\/qingdaohf.com\/bg\/#organization"},"potentialAction":[{"@type":"SearchAction","target":{"@type":"EntryPoint","urlTemplate":"https:\/\/qingdaohf.com\/bg\/?s={search_term_string}"},"query-input":{"@type":"PropertyValueSpecification","valueRequired":true,"valueName":"search_term_string"}}],"inLanguage":"tr"},{"@type":"Organization","@id":"https:\/\/qingdaohf.com\/bg\/#organization","name":"Qingdao H&F","url":"https:\/\/qingdaohf.com\/bg\/","logo":{"@type":"ImageObject","inLanguage":"tr","@id":"https:\/\/qingdaohf.com\/bg\/#\/schema\/logo\/image\/","url":"https:\/\/qingdaohf.com\/wp-content\/uploads\/2022\/12\/cropped-HF-LOGO.png","contentUrl":"https:\/\/qingdaohf.com\/wp-content\/uploads\/2022\/12\/cropped-HF-LOGO.png","width":391,"height":249,"caption":"Qingdao H&F"},"image":{"@id":"https:\/\/qingdaohf.com\/bg\/#\/schema\/logo\/image\/"},"sameAs":["https:\/\/www.facebook.com\/qingdaohf"]}]}},"_links":{"self":[{"href":"https:\/\/qingdaohf.com\/tr\/wp-json\/wp\/v2\/pages\/3","targetHints":{"allow":["GET"]}}],"collection":[{"href":"https:\/\/qingdaohf.com\/tr\/wp-json\/wp\/v2\/pages"}],"about":[{"href":"https:\/\/qingdaohf.com\/tr\/wp-json\/wp\/v2\/types\/page"}],"author":[{"embeddable":true,"href":"https:\/\/qingdaohf.com\/tr\/wp-json\/wp\/v2\/users\/1"}],"replies":[{"embeddable":true,"href":"https:\/\/qingdaohf.com\/tr\/wp-json\/wp\/v2\/comments?post=3"}],"version-history":[{"count":5,"href":"https:\/\/qingdaohf.com\/tr\/wp-json\/wp\/v2\/pages\/3\/revisions"}],"predecessor-version":[{"id":8720,"href":"https:\/\/qingdaohf.com\/tr\/wp-json\/wp\/v2\/pages\/3\/revisions\/8720"}],"wp:attachment":[{"href":"https:\/\/qingdaohf.com\/tr\/wp-json\/wp\/v2\/media?parent=3"}],"curies":[{"name":"wp","href":"https:\/\/api.w.org\/{rel}","templated":true}]}}