{"id":1664,"date":"2023-01-11T17:57:31","date_gmt":"2023-01-11T09:57:31","guid":{"rendered":"http:\/\/qingdaohf.com\/?post_type=product&#038;p=1664"},"modified":"2025-11-13T09:06:58","modified_gmt":"2025-11-13T01:06:58","slug":"coil-nails","status":"publish","type":"product","link":"https:\/\/qingdaohf.com\/tr\/urun\/bobin-civileri\/","title":{"rendered":"Yuvarlak Ba\u015fl\u0131 Galvanizli Bobin \u00c7at\u0131 \u00c7ivileri"},"content":{"rendered":"<table class=\"all magic-5\">\n<tbody>\n<tr>\n<td colspan=\"2\" rowspan=\"1\">\n<div class=\"magic-6\"><span class=\"magic-7\"><b class=\"magic-8\" data-spm-anchor-id=\"a2700.pc-decorate.0.i105.54f63333wFyEq8\">\u00dcr\u00fcn Ad\u0131<\/b><\/span><\/div>\n<\/td>\n<td colspan=\"3\" rowspan=\"1\">\n<div class=\"magic-11\"><span class=\"magic-7\">CRN Bobin \u00c7at\u0131 \u00c7ivisi<\/span><\/div>\n<\/td>\n<\/tr>\n<tr>\n<td colspan=\"2\" rowspan=\"1\">\n<div class=\"magic-14\"><span class=\"magic-7\"><b data-spm-anchor-id=\"a2700.pc-decorate.0.i126.5c413333tS4c02\">Uzunluk<\/b><\/span><\/div>\n<\/td>\n<td colspan=\"3\" rowspan=\"1\">\n<div class=\"magic-16\"><span class=\"magic-7\">3\/4\u2033 ila 2\u2033<\/span><\/div>\n<\/td>\n<\/tr>\n<tr>\n<td colspan=\"2\" rowspan=\"1\">\n<div class=\"magic-14\"><span class=\"magic-7\"><b>\u015eaft \u00c7ap\u0131<\/b><\/span><\/div>\n<\/td>\n<td colspan=\"3\" rowspan=\"1\">\n<div class=\"magic-16\"><span class=\"magic-7\">2.95mm-3.05mm 0.12\u2033<\/span><\/div>\n<\/td>\n<\/tr>\n<tr>\n<td colspan=\"2\" rowspan=\"1\">\n<div class=\"magic-6\"><span class=\"magic-7\"><b data-spm-anchor-id=\"a2700.pc-decorate.0.i130.5c413333tS4c02\">Malzeme\u00a0<\/b><\/span><\/div>\n<\/td>\n<td colspan=\"3\" rowspan=\"1\">\n<div class=\"magic-11\"><span class=\"magic-7\">Q195 \u00e7elik filma\u015fin<\/span><\/div>\n<\/td>\n<\/tr>\n<tr>\n<td colspan=\"2\" rowspan=\"1\">\n<div class=\"magic-14\"><span class=\"magic-7\"><b>Nokta<\/b><\/span><\/div>\n<\/td>\n<td colspan=\"3\" rowspan=\"1\">\n<div class=\"magic-16\"><span class=\"magic-7\">elmas nokta<\/span><\/div>\n<\/td>\n<\/tr>\n<tr>\n<td colspan=\"2\" rowspan=\"1\">\n<div class=\"magic-14\"><span class=\"magic-7\"><b>Y\u00fczey i\u015fleme<\/b><\/span><\/div>\n<\/td>\n<td colspan=\"3\" rowspan=\"1\">\n<div class=\"magic-16\"><span class=\"magic-7\">elektro galvaniz, s\u0131cak dald\u0131rma galvaniz<\/span><\/div>\n<\/td>\n<\/tr>\n<tr>\n<td colspan=\"2\" rowspan=\"1\">\n<div class=\"magic-14\"><span class=\"magic-7\"><b>\u015eaft tipi<\/b><\/span><\/div>\n<\/td>\n<td colspan=\"3\" rowspan=\"1\">\n<div class=\"magic-16\" data-spm-anchor-id=\"a2700.details.0.i88.15e27bf9PjMKFX\"><span class=\"magic-7\">d\u00fcz \u015faft, halka \u015faft<\/span><\/div>\n<\/td>\n<\/tr>\n<tr>\n<td colspan=\"2\" rowspan=\"1\">\n<div class=\"magic-14\"><b><span class=\"magic-7\">Paket<\/span><\/b><\/div>\n<\/td>\n<td colspan=\"3\" rowspan=\"1\">\n<div class=\"magic-16\" data-spm-anchor-id=\"a2700.details.0.i93.15e27bf9PjMKFX\"><span class=\"magic-7\">120 adet\/bobin, 60 bobin\/karton<\/span><\/div>\n<\/td>\n<\/tr>\n<\/tbody>\n<\/table>\n<p>Yuvarlak Ba\u015fl\u0131: \u00c7iviler, daha iyi tutma g\u00fcc\u00fc sunan ve \u00e7ivilerin \u00e7at\u0131 kaplama malzemelerinden \u00e7ekilmesini \u00f6nleyen yuvarlak ba\u015fl\u0131 bir tasar\u0131ma sahiptir.<\/p>\n<p>Galvanizli: \u00c7iviler, korozyon ve pastan korumak i\u00e7in bir \u00e7inko tabakas\u0131 ile kaplanm\u0131\u015ft\u0131r, bu da onlar\u0131 son derece dayan\u0131kl\u0131 ve d\u0131\u015f mekan uygulamalar\u0131 i\u00e7in uygun hale getirir.<\/p>\n<p>Bobin Formu: \u00c7iviler, daha kolay ve daha verimli kullan\u0131m sa\u011flayan ve \u00e7at\u0131 kaplama projeleri s\u0131ras\u0131nda s\u0131k s\u0131k yeniden y\u00fckleme ihtiyac\u0131n\u0131 azaltan bir bobin formunda sa\u011flan\u0131r.<\/p>\n<p>\u00c7oklu Boyutlar: \u00dcr\u00fcn seriniz muhtemelen farkl\u0131 \u00e7at\u0131 kaplama malzemeleri ve proje gereksinimlerini kar\u015f\u0131lamak i\u00e7in \u00e7e\u015fitli uzunluklarda ve \u00f6l\u00e7\u00fclerde \u00e7at\u0131 kaplama \u00e7ivileri i\u00e7erir.<\/p>\n<p>Y\u00fcksek Kaliteli Malzemeler: \u00c7at\u0131 \u00e7ivileriniz y\u00fcksek kaliteli malzemeler kullan\u0131larak \u00fcretilir, g\u00fcvenilirliklerini ve uzun \u00f6m\u00fcrl\u00fc performanslar\u0131n\u0131 garanti eder.<\/p>\n<p><img fetchpriority=\"high\" decoding=\"async\" class=\"alignnone size-full wp-image-2811\" src=\"http:\/\/qingdaohf.com\/wp-content\/uploads\/2023\/01\/coil-nail-9.jpg\" alt=\"bobin \u00e7ivisi\" width=\"1200\" height=\"1164\" srcset=\"https:\/\/qingdaohf.com\/wp-content\/uploads\/2023\/01\/coil-nail-9.jpg 1200w, https:\/\/qingdaohf.com\/wp-content\/uploads\/2023\/01\/coil-nail-9-300x291.jpg 300w, https:\/\/qingdaohf.com\/wp-content\/uploads\/2023\/01\/coil-nail-9-1024x993.jpg 1024w, https:\/\/qingdaohf.com\/wp-content\/uploads\/2023\/01\/coil-nail-9-768x745.jpg 768w, https:\/\/qingdaohf.com\/wp-content\/uploads\/2023\/01\/coil-nail-9-1000x970.jpg 1000w\" sizes=\"(max-width: 1200px) 100vw, 1200px\" \/><\/p>\n<p>Avantajlar\u0131m\u0131z:<\/p>\n<p>Deneyim ve Uzun \u00d6m\u00fcrl\u00fcl\u00fck: Sekt\u00f6rde 20 y\u0131ll\u0131k deneyime sahip olan \u015firketiniz, g\u00fc\u00e7l\u00fc bir itibar kazanm\u0131\u015f ve m\u00fc\u015fteri ihtiya\u00e7lar\u0131 ve tercihleri konusunda derin bir anlay\u0131\u015fa sahip olmu\u015ftur. Bu deneyim, daha iyi \u00fcr\u00fcn kalitesi ve m\u00fc\u015fteri hizmeti anlam\u0131na gelir.<\/p>\n<p>Kapsaml\u0131 Hizmetler: Arma ve \u00e7at\u0131 \u00e7ivisi ihtiya\u00e7lar\u0131 i\u00e7in tek durak noktas\u0131 olan \u015firketiniz, m\u00fc\u015fterileriniz i\u00e7in kolayl\u0131k ve verimlilik sa\u011flayan \u00fcretim, da\u011f\u0131t\u0131m ve toptan sat\u0131\u015f dahil olmak \u00fczere kapsaml\u0131 hizmetler sunar.<\/p>\n<p>Bire Bir M\u00fc\u015fteri Hizmetleri: Bire bir m\u00fc\u015fteri hizmetlerine verdi\u011finiz \u00f6nem sizi rakiplerinizden ay\u0131r\u0131r. Bu ki\u015fiselle\u015ftirilmi\u015f yakla\u015f\u0131m, m\u00fc\u015fterilerinizin gereksinimlerini daha iyi anlaman\u0131za ve \u00f6zel \u00e7\u00f6z\u00fcmler sunman\u0131za olanak tan\u0131r.<\/p>\n<p>En \u0130yi Sat\u0131\u015f Sonras\u0131 Hizmet: Sat\u0131\u015f sonras\u0131 hizmete \u00f6ncelik vererek, \u015firketiniz m\u00fc\u015fterilerin sat\u0131n alma i\u015fleminden sonra bile yard\u0131m, destek ve \u00e7\u00f6z\u00fcm almas\u0131n\u0131 sa\u011flar. M\u00fc\u015fteri memnuniyetine y\u00f6nelik bu taahh\u00fct, sadakati ve g\u00fcveni te\u015fvik eder.<\/p>\n<p>Rekabet\u00e7i Fiyatland\u0131rma: \u00dcr\u00fcn kalitesini korurken, \u015firketiniz al\u0131c\u0131lara daha fazla kar marj\u0131 b\u0131rakmaya \u00e7al\u0131\u015f\u0131r. Bu rekabet\u00e7i fiyatland\u0131rma stratejisi, \u00fcr\u00fcnlerinizin m\u00fckemmelli\u011finden \u00f6d\u00fcn vermeden maliyet bilincine sahip m\u00fc\u015fterilere hitap eder.<\/p>\n<p>\u00c7at\u0131 \u00c7ivilerinde Uzmanl\u0131k: Yuvarlak Ba\u015fl\u0131 Galvanizli Bobin \u00c7at\u0131 \u00c7ivilerinde uzmanla\u015fmak, \u015firketinizin bu \u00f6zel \u00fcr\u00fcn alan\u0131ndaki uzmanl\u0131\u011f\u0131n\u0131 g\u00f6sterir. M\u00fc\u015fterilerin, bu alanda odaklanm\u0131\u015f bilgi ve deneyime sahip bir tedarik\u00e7iye g\u00fcvenme olas\u0131l\u0131\u011f\u0131 daha y\u00fcksektir.<\/p>\n<p>Y\u00fcksek Kaliteli Galvaniz Kaplama: \u00c7at\u0131 \u00e7ivilerinizde galvaniz kaplama kullan\u0131lmas\u0131, dayan\u0131kl\u0131l\u0131k ve uzun \u00f6m\u00fcrl\u00fcl\u00fc\u011fe olan ba\u011fl\u0131l\u0131\u011f\u0131n\u0131z\u0131 vurgulayarak \u00fcr\u00fcnlerinizin zorlu hava ko\u015fullar\u0131na ve uzun s\u00fcre elementlere maruz kalmaya dayanabilmesini sa\u011flar.<\/p>\n<div class=\"ast-oembed-container\" style=\"height: 100%;\"><iframe title=\"tel bobin \u00e7ivileri 1-1\/4 in\u00e7 p\u00fcr\u00fczs\u00fcz galvanizli bobin \u00e7at\u0131 \u00e7ivileri\" width=\"500\" height=\"375\" src=\"https:\/\/www.youtube.com\/embed\/47fOopwDCJY?feature=oembed\" frameborder=\"0\" allow=\"accelerometer; autoplay; clipboard-write; encrypted-media; gyroscope; picture-in-picture; web-share\" referrerpolicy=\"strict-origin-when-cross-origin\" allowfullscreen><\/iframe><\/div>","protected":false},"excerpt":{"rendered":"<p>Bu Bobin \u00c7er\u00e7eveleme \u00e7ivileri t\u00fcm \u00c7er\u00e7eveleme ve mantolama uygulamalar\u0131 i\u00e7in idealdir. Kaliteli \u00fcretim s\u00fcre\u00e7leri d\u00fczg\u00fcn besleme sa\u011flar.<\/p>\n<p>3\/4\u2033-2\u2033 Yuvarlak Ba\u015fl\u0131 Galvanizli Bobin \u00c7at\u0131 \u00c7ivileri.<\/p>","protected":false},"featured_media":2504,"comment_status":"open","ping_status":"closed","template":"","meta":{"site-sidebar-layout":"default","site-content-layout":"default","ast-site-content-layout":"default","site-content-style":"default","site-sidebar-style":"default","ast-global-header-display":"","ast-banner-title-visibility":"","ast-main-header-display":"","ast-hfb-above-header-display":"","ast-hfb-below-header-display":"","ast-hfb-mobile-header-display":"","site-post-title":"","ast-breadcrumbs-content":"","ast-featured-img":"","footer-sml-layout":"","theme-transparent-header-meta":"default","adv-header-id-meta":"","stick-header-meta":"default","header-above-stick-meta":"","header-main-stick-meta":"","header-below-stick-meta":"","astra-migrate-meta-layouts":"set","ast-page-background-enabled":"default","ast-page-background-meta":{"desktop":{"background-color":"","background-image":"","background-repeat":"repeat","background-position":"center center","background-size":"auto","background-attachment":"scroll","background-type":"","background-media":"","overlay-type":"","overlay-color":"","overlay-opacity":"","overlay-gradient":""},"tablet":{"background-color":"","background-image":"","background-repeat":"repeat","background-position":"center center","background-size":"auto","background-attachment":"scroll","background-type":"","background-media":"","overlay-type":"","overlay-color":"","overlay-opacity":"","overlay-gradient":""},"mobile":{"background-color":"","background-image":"","background-repeat":"repeat","background-position":"center center","background-size":"auto","background-attachment":"scroll","background-type":"","background-media":"","overlay-type":"","overlay-color":"","overlay-opacity":"","overlay-gradient":""}},"ast-content-background-meta":{"desktop":{"background-color":"var(--ast-global-color-5)","background-image":"","background-repeat":"repeat","background-position":"center center","background-size":"auto","background-attachment":"scroll","background-type":"","background-media":"","overlay-type":"","overlay-color":"","overlay-opacity":"","overlay-gradient":""},"tablet":{"background-color":"var(--ast-global-color-5)","background-image":"","background-repeat":"repeat","background-position":"center center","background-size":"auto","background-attachment":"scroll","background-type":"","background-media":"","overlay-type":"","overlay-color":"","overlay-opacity":"","overlay-gradient":""},"mobile":{"background-color":"var(--ast-global-color-5)","background-image":"","background-repeat":"repeat","background-position":"center center","background-size":"auto","background-attachment":"scroll","background-type":"","background-media":"","overlay-type":"","overlay-color":"","overlay-opacity":"","overlay-gradient":""}}},"product_brand":[],"product_cat":[34],"product_tag":[],"class_list":{"0":"post-1664","1":"product","2":"type-product","3":"status-publish","4":"has-post-thumbnail","6":"product_cat-nail","7":"desktop-align-left","8":"tablet-align-left","9":"mobile-align-left","10":"ast-product-gallery-layout-horizontal-slider","11":"ast-product-tabs-layout-horizontal","13":"first","14":"instock","15":"shipping-taxable","16":"purchasable","17":"product-type-simple"},"yoast_head":"<!-- This site is optimized with the Yoast SEO plugin v25.2 - https:\/\/yoast.com\/wordpress\/plugins\/seo\/ -->\n<title>Round Head Galvanized Coil Roofing Nails<\/title>\n<meta name=\"description\" content=\"These Coil Framing nails are ideal for all Framing and sheathing applications. Quality manufacturing processes ensure proper feeding.\" \/>\n<meta name=\"robots\" content=\"index, follow, max-snippet:-1, max-image-preview:large, max-video-preview:-1\" \/>\n<link rel=\"canonical\" href=\"https:\/\/qingdaohf.com\/tr\/urun\/bobin-civileri\/\" \/>\n<meta property=\"og:locale\" content=\"tr_TR\" \/>\n<meta property=\"og:type\" content=\"article\" \/>\n<meta property=\"og:title\" content=\"Round Head Galvanized Coil Roofing Nails\" \/>\n<meta property=\"og:description\" content=\"These Coil Framing nails are ideal for all Framing and sheathing applications. Quality manufacturing processes ensure proper feeding.\" \/>\n<meta property=\"og:url\" content=\"https:\/\/qingdaohf.com\/tr\/urun\/bobin-civileri\/\" \/>\n<meta property=\"og:site_name\" content=\"Concrete Form &amp; Rigging Hardware Supplier\" \/>\n<meta property=\"article:publisher\" content=\"https:\/\/www.facebook.com\/qingdaohf\" \/>\n<meta property=\"article:modified_time\" content=\"2025-11-13T01:06:58+00:00\" \/>\n<meta property=\"og:image\" content=\"https:\/\/qingdaohf.com\/wp-content\/uploads\/2023\/01\/coil-nail-6.jpg\" \/>\n\t<meta property=\"og:image:width\" content=\"1000\" \/>\n\t<meta property=\"og:image:height\" content=\"1000\" \/>\n\t<meta property=\"og:image:type\" content=\"image\/jpeg\" \/>\n<meta name=\"twitter:card\" content=\"summary_large_image\" \/>\n<meta name=\"twitter:label1\" content=\"Tahmini okuma s\u00fcresi\" \/>\n\t<meta name=\"twitter:data1\" content=\"2 dakika\" \/>\n<script type=\"application\/ld+json\" class=\"yoast-schema-graph\">{\"@context\":\"https:\/\/schema.org\",\"@graph\":[{\"@type\":\"WebPage\",\"@id\":\"https:\/\/qingdaohf.com\/product\/coil-nails\/\",\"url\":\"https:\/\/qingdaohf.com\/product\/coil-nails\/\",\"name\":\"Round Head Galvanized Coil Roofing Nails\",\"isPartOf\":{\"@id\":\"https:\/\/qingdaohf.com\/bg\/#website\"},\"primaryImageOfPage\":{\"@id\":\"https:\/\/qingdaohf.com\/product\/coil-nails\/#primaryimage\"},\"image\":{\"@id\":\"https:\/\/qingdaohf.com\/product\/coil-nails\/#primaryimage\"},\"thumbnailUrl\":\"https:\/\/qingdaohf.com\/wp-content\/uploads\/2023\/01\/coil-nail-6.jpg\",\"datePublished\":\"2023-01-11T09:57:31+00:00\",\"dateModified\":\"2025-11-13T01:06:58+00:00\",\"description\":\"These Coil Framing nails are ideal for all Framing and sheathing applications. Quality manufacturing processes ensure proper feeding.\",\"breadcrumb\":{\"@id\":\"https:\/\/qingdaohf.com\/product\/coil-nails\/#breadcrumb\"},\"inLanguage\":\"tr\",\"potentialAction\":[{\"@type\":\"ReadAction\",\"target\":[\"https:\/\/qingdaohf.com\/product\/coil-nails\/\"]}]},{\"@type\":\"ImageObject\",\"inLanguage\":\"tr\",\"@id\":\"https:\/\/qingdaohf.com\/product\/coil-nails\/#primaryimage\",\"url\":\"https:\/\/qingdaohf.com\/wp-content\/uploads\/2023\/01\/coil-nail-6.jpg\",\"contentUrl\":\"https:\/\/qingdaohf.com\/wp-content\/uploads\/2023\/01\/coil-nail-6.jpg\",\"width\":1000,\"height\":1000,\"caption\":\"coil nail\"},{\"@type\":\"BreadcrumbList\",\"@id\":\"https:\/\/qingdaohf.com\/product\/coil-nails\/#breadcrumb\",\"itemListElement\":[{\"@type\":\"ListItem\",\"position\":1,\"name\":\"Home\",\"item\":\"https:\/\/qingdaohf.com\/\"},{\"@type\":\"ListItem\",\"position\":2,\"name\":\"Concrete Forming Accessories and Rigging Hardware\",\"item\":\"https:\/\/qingdaohf.com\/bg\/?page_id=944\"},{\"@type\":\"ListItem\",\"position\":3,\"name\":\"Round Head Galvanized Coil Roofing Nails\"}]},{\"@type\":\"WebSite\",\"@id\":\"https:\/\/qingdaohf.com\/bg\/#website\",\"url\":\"https:\/\/qingdaohf.com\/bg\/\",\"name\":\"Concrete Form & Rigging Hardware Supplier\",\"description\":\"\",\"publisher\":{\"@id\":\"https:\/\/qingdaohf.com\/bg\/#organization\"},\"potentialAction\":[{\"@type\":\"SearchAction\",\"target\":{\"@type\":\"EntryPoint\",\"urlTemplate\":\"https:\/\/qingdaohf.com\/bg\/?s={search_term_string}\"},\"query-input\":{\"@type\":\"PropertyValueSpecification\",\"valueRequired\":true,\"valueName\":\"search_term_string\"}}],\"inLanguage\":\"tr\"},{\"@type\":\"Organization\",\"@id\":\"https:\/\/qingdaohf.com\/bg\/#organization\",\"name\":\"Qingdao H&F\",\"url\":\"https:\/\/qingdaohf.com\/bg\/\",\"logo\":{\"@type\":\"ImageObject\",\"inLanguage\":\"tr\",\"@id\":\"https:\/\/qingdaohf.com\/bg\/#\/schema\/logo\/image\/\",\"url\":\"https:\/\/qingdaohf.com\/wp-content\/uploads\/2022\/12\/cropped-HF-LOGO.png\",\"contentUrl\":\"https:\/\/qingdaohf.com\/wp-content\/uploads\/2022\/12\/cropped-HF-LOGO.png\",\"width\":391,\"height\":249,\"caption\":\"Qingdao H&F\"},\"image\":{\"@id\":\"https:\/\/qingdaohf.com\/bg\/#\/schema\/logo\/image\/\"},\"sameAs\":[\"https:\/\/www.facebook.com\/qingdaohf\"]}]}<\/script>\n<!-- \/ Yoast SEO plugin. -->","yoast_head_json":{"title":"Round Head Galvanized Coil Roofing Nails","description":"These Coil Framing nails are ideal for all Framing and sheathing applications. Quality manufacturing processes ensure proper feeding.","robots":{"index":"index","follow":"follow","max-snippet":"max-snippet:-1","max-image-preview":"max-image-preview:large","max-video-preview":"max-video-preview:-1"},"canonical":"https:\/\/qingdaohf.com\/tr\/urun\/bobin-civileri\/","og_locale":"tr_TR","og_type":"article","og_title":"Round Head Galvanized Coil Roofing Nails","og_description":"These Coil Framing nails are ideal for all Framing and sheathing applications. Quality manufacturing processes ensure proper feeding.","og_url":"https:\/\/qingdaohf.com\/tr\/urun\/bobin-civileri\/","og_site_name":"Concrete Form &amp; Rigging Hardware Supplier","article_publisher":"https:\/\/www.facebook.com\/qingdaohf","article_modified_time":"2025-11-13T01:06:58+00:00","og_image":[{"width":1000,"height":1000,"url":"https:\/\/qingdaohf.com\/wp-content\/uploads\/2023\/01\/coil-nail-6.jpg","type":"image\/jpeg"}],"twitter_card":"summary_large_image","twitter_misc":{"Tahmini okuma s\u00fcresi":"2 dakika"},"schema":{"@context":"https:\/\/schema.org","@graph":[{"@type":"WebPage","@id":"https:\/\/qingdaohf.com\/product\/coil-nails\/","url":"https:\/\/qingdaohf.com\/product\/coil-nails\/","name":"Round Head Galvanized Coil Roofing Nails","isPartOf":{"@id":"https:\/\/qingdaohf.com\/bg\/#website"},"primaryImageOfPage":{"@id":"https:\/\/qingdaohf.com\/product\/coil-nails\/#primaryimage"},"image":{"@id":"https:\/\/qingdaohf.com\/product\/coil-nails\/#primaryimage"},"thumbnailUrl":"https:\/\/qingdaohf.com\/wp-content\/uploads\/2023\/01\/coil-nail-6.jpg","datePublished":"2023-01-11T09:57:31+00:00","dateModified":"2025-11-13T01:06:58+00:00","description":"These Coil Framing nails are ideal for all Framing and sheathing applications. Quality manufacturing processes ensure proper feeding.","breadcrumb":{"@id":"https:\/\/qingdaohf.com\/product\/coil-nails\/#breadcrumb"},"inLanguage":"tr","potentialAction":[{"@type":"ReadAction","target":["https:\/\/qingdaohf.com\/product\/coil-nails\/"]}]},{"@type":"ImageObject","inLanguage":"tr","@id":"https:\/\/qingdaohf.com\/product\/coil-nails\/#primaryimage","url":"https:\/\/qingdaohf.com\/wp-content\/uploads\/2023\/01\/coil-nail-6.jpg","contentUrl":"https:\/\/qingdaohf.com\/wp-content\/uploads\/2023\/01\/coil-nail-6.jpg","width":1000,"height":1000,"caption":"coil nail"},{"@type":"BreadcrumbList","@id":"https:\/\/qingdaohf.com\/product\/coil-nails\/#breadcrumb","itemListElement":[{"@type":"ListItem","position":1,"name":"Home","item":"https:\/\/qingdaohf.com\/"},{"@type":"ListItem","position":2,"name":"Concrete Forming Accessories and Rigging Hardware","item":"https:\/\/qingdaohf.com\/bg\/?page_id=944"},{"@type":"ListItem","position":3,"name":"Round Head Galvanized Coil Roofing Nails"}]},{"@type":"WebSite","@id":"https:\/\/qingdaohf.com\/bg\/#website","url":"https:\/\/qingdaohf.com\/bg\/","name":"Concrete Form & Rigging Hardware Supplier","description":"","publisher":{"@id":"https:\/\/qingdaohf.com\/bg\/#organization"},"potentialAction":[{"@type":"SearchAction","target":{"@type":"EntryPoint","urlTemplate":"https:\/\/qingdaohf.com\/bg\/?s={search_term_string}"},"query-input":{"@type":"PropertyValueSpecification","valueRequired":true,"valueName":"search_term_string"}}],"inLanguage":"tr"},{"@type":"Organization","@id":"https:\/\/qingdaohf.com\/bg\/#organization","name":"Qingdao H&F","url":"https:\/\/qingdaohf.com\/bg\/","logo":{"@type":"ImageObject","inLanguage":"tr","@id":"https:\/\/qingdaohf.com\/bg\/#\/schema\/logo\/image\/","url":"https:\/\/qingdaohf.com\/wp-content\/uploads\/2022\/12\/cropped-HF-LOGO.png","contentUrl":"https:\/\/qingdaohf.com\/wp-content\/uploads\/2022\/12\/cropped-HF-LOGO.png","width":391,"height":249,"caption":"Qingdao H&F"},"image":{"@id":"https:\/\/qingdaohf.com\/bg\/#\/schema\/logo\/image\/"},"sameAs":["https:\/\/www.facebook.com\/qingdaohf"]}]}},"_links":{"self":[{"href":"https:\/\/qingdaohf.com\/tr\/wp-json\/wp\/v2\/product\/1664","targetHints":{"allow":["GET"]}}],"collection":[{"href":"https:\/\/qingdaohf.com\/tr\/wp-json\/wp\/v2\/product"}],"about":[{"href":"https:\/\/qingdaohf.com\/tr\/wp-json\/wp\/v2\/types\/product"}],"replies":[{"embeddable":true,"href":"https:\/\/qingdaohf.com\/tr\/wp-json\/wp\/v2\/comments?post=1664"}],"version-history":[{"count":5,"href":"https:\/\/qingdaohf.com\/tr\/wp-json\/wp\/v2\/product\/1664\/revisions"}],"predecessor-version":[{"id":6011,"href":"https:\/\/qingdaohf.com\/tr\/wp-json\/wp\/v2\/product\/1664\/revisions\/6011"}],"wp:featuredmedia":[{"embeddable":true,"href":"https:\/\/qingdaohf.com\/tr\/wp-json\/wp\/v2\/media\/2504"}],"wp:attachment":[{"href":"https:\/\/qingdaohf.com\/tr\/wp-json\/wp\/v2\/media?parent=1664"}],"wp:term":[{"taxonomy":"product_brand","embeddable":true,"href":"https:\/\/qingdaohf.com\/tr\/wp-json\/wp\/v2\/product_brand?post=1664"},{"taxonomy":"product_cat","embeddable":true,"href":"https:\/\/qingdaohf.com\/tr\/wp-json\/wp\/v2\/product_cat?post=1664"},{"taxonomy":"product_tag","embeddable":true,"href":"https:\/\/qingdaohf.com\/tr\/wp-json\/wp\/v2\/product_tag?post=1664"}],"curies":[{"name":"wp","href":"https:\/\/api.w.org\/{rel}","templated":true}]}}