{"id":1708,"date":"2023-01-14T15:15:32","date_gmt":"2023-01-14T07:15:32","guid":{"rendered":"http:\/\/qingdaohf.com\/?post_type=product&#038;p=1708"},"modified":"2025-11-13T09:06:57","modified_gmt":"2025-11-13T01:06:57","slug":"snap-tie-wedge","status":"publish","type":"product","link":"https:\/\/qingdaohf.com\/tr\/urun\/citcitli-kama\/","title":{"rendered":"\u00c7\u0131t\u00e7\u0131tl\u0131 Kravat Kama"},"content":{"rendered":"<p>\u00c7\u0131t\u00e7\u0131t takozu, beton \u015fekillendirmede \u00e7\u0131t\u00e7\u0131t ba\u011f\u0131n\u0131 kal\u0131ba sabitlemek i\u00e7in kullan\u0131lan bir bile\u015fendir. \u00c7\u0131t\u00e7\u0131t, kal\u0131b\u0131n iki taraf\u0131n\u0131 bir arada tutmak i\u00e7in kal\u0131ptan ge\u00e7en b\u00fck\u00fclm\u00fc\u015f u\u00e7lar\u0131 olan metal bir \u00e7ubuktur. \u00c7\u0131t\u00e7\u0131t takozu, kal\u0131ptan ge\u00e7irildikten sonra \u00e7\u0131t\u00e7\u0131t\u0131n ucuna yerle\u015ftirilen k\u00fc\u00e7\u00fck bir plastik veya metal takozdur.<\/p>\n<p>\u00c7\u0131t\u00e7\u0131t takozu, \u00e7\u0131t\u00e7\u0131tl\u0131 ba\u011f\u0131 s\u0131k\u0131ca kavramak ve beton d\u00f6k\u00fcl\u00fcrken ve sertle\u015firken kal\u0131ptan kaymas\u0131n\u0131 \u00f6nlemek i\u00e7in tasarlanm\u0131\u015ft\u0131r. Ayr\u0131ca, beton y\u00fczeyde istenen \u015fekli ve biti\u015fi olu\u015fturmak i\u00e7in \u00e7\u0131t\u00e7\u0131t\u0131n d\u00fczg\u00fcn bir \u015fekilde hizalanmas\u0131n\u0131 ve aral\u0131kland\u0131r\u0131lmas\u0131n\u0131 sa\u011flamak i\u00e7in kullan\u0131l\u0131r.<\/p>\n<p>\u00c7\u0131t\u00e7\u0131t takozu tipik olarak plastik veya metal gibi dayan\u0131kl\u0131 ve yeniden kullan\u0131labilir bir malzemeden yap\u0131l\u0131r ve farkl\u0131 tipteki \u00e7\u0131t\u00e7\u0131t ba\u011flar\u0131na ve kal\u0131p konfig\u00fcrasyonlar\u0131na uyacak \u015fekilde \u00e7e\u015fitli boyutlarda ve \u015fekillerde mevcuttur. Beton \u015fekillendirme s\u00fcrecinde \u00f6nemli bir bile\u015fendir ve do\u011fru kullan\u0131m\u0131 ve yerle\u015ftirilmesi projenin ba\u015far\u0131s\u0131 i\u00e7in kritik \u00f6neme sahiptir.<\/p>\n<p><img fetchpriority=\"high\" decoding=\"async\" class=\"alignnone wp-image-8654 size-full\" src=\"http:\/\/qingdaohf.com\/wp-content\/uploads\/2025\/01\/snap-tie-wedge.webp\" alt=\"\u00e7\u0131t\u00e7\u0131tl\u0131 kama\" width=\"1000\" height=\"1000\" srcset=\"https:\/\/qingdaohf.com\/wp-content\/uploads\/2025\/01\/snap-tie-wedge.webp 1000w, https:\/\/qingdaohf.com\/wp-content\/uploads\/2025\/01\/snap-tie-wedge-300x300.webp 300w, https:\/\/qingdaohf.com\/wp-content\/uploads\/2025\/01\/snap-tie-wedge-150x150.webp 150w, https:\/\/qingdaohf.com\/wp-content\/uploads\/2025\/01\/snap-tie-wedge-768x768.webp 768w, https:\/\/qingdaohf.com\/wp-content\/uploads\/2025\/01\/snap-tie-wedge-12x12.webp 12w, https:\/\/qingdaohf.com\/wp-content\/uploads\/2025\/01\/snap-tie-wedge-500x500.webp 500w, https:\/\/qingdaohf.com\/wp-content\/uploads\/2025\/01\/snap-tie-wedge-100x100.webp 100w\" sizes=\"(max-width: 1000px) 100vw, 1000px\" \/><\/p>\n<h2><a href=\"https:\/\/qingdaohf.com\/tr\/urun\/citcitli-kravat\/\">Beton Snpa Ba\u011f\u0131<\/a><\/h2>\n<p>\u2460 4-3\/4\" Plastik konili ve alt\u0131gen ba\u015fl\u0131 u\u00e7 * duvar boyutu 6\" ila 72\"<\/p>\n<p>\u2461 8-1\/4\" Plastik konili ve alt\u0131gen ba\u015fl\u0131 u\u00e7 * duvar boyutu 6\" ila 72\"<\/p>\n<p><img decoding=\"async\" src=\"http:\/\/qingdaohf.com\/wp-content\/uploads\/2023\/07\/Snap-Tie-with-Steel-Washer-4.jpg\" sizes=\"(max-width: 1000px) 100vw, 1000px\" srcset=\"http:\/\/qingdaohf.com\/wp-content\/uploads\/2023\/07\/Snap-Tie-with-Steel-Washer-4.jpg 1000w, http:\/\/qingdaohf.com\/wp-content\/uploads\/2023\/07\/Snap-Tie-with-Steel-Washer-4-300x300.jpg 300w, http:\/\/qingdaohf.com\/wp-content\/uploads\/2023\/07\/Snap-Tie-with-Steel-Washer-4-150x150.jpg 150w, http:\/\/qingdaohf.com\/wp-content\/uploads\/2023\/07\/Snap-Tie-with-Steel-Washer-4-768x768.jpg 768w, http:\/\/qingdaohf.com\/wp-content\/uploads\/2023\/07\/Snap-Tie-with-Steel-Washer-4-500x500.jpg 500w, http:\/\/qingdaohf.com\/wp-content\/uploads\/2023\/07\/Snap-Tie-with-Steel-Washer-4-100x100.jpg 100w\" alt=\"\" width=\"1000\" height=\"1000\" \/><br \/>\n<img decoding=\"async\" src=\"http:\/\/qingdaohf.com\/wp-content\/uploads\/2023\/01\/snap.jpg\" sizes=\"(max-width: 1000px) 100vw, 1000px\" srcset=\"http:\/\/qingdaohf.com\/wp-content\/uploads\/2023\/01\/snap.jpg 1000w, http:\/\/qingdaohf.com\/wp-content\/uploads\/2023\/01\/snap-300x300.jpg 300w, http:\/\/qingdaohf.com\/wp-content\/uploads\/2023\/01\/snap-150x150.jpg 150w, http:\/\/qingdaohf.com\/wp-content\/uploads\/2023\/01\/snap-768x768.jpg 768w, http:\/\/qingdaohf.com\/wp-content\/uploads\/2023\/01\/snap-500x500.jpg 500w, http:\/\/qingdaohf.com\/wp-content\/uploads\/2023\/01\/snap-100x100.jpg 100w\" alt=\"\u00e7\u0131t\u00e7\u0131tl\u0131 kravat\" width=\"1000\" height=\"1000\" \/><\/p>\n<h2>\u00c7\u0131t\u00e7\u0131tl\u0131 Kama ve Jahn A braketi Jahn C Braketi<\/h2>\n<p><span style=\"font-size: 16px;\">\u00c7\u0131t\u00e7\u0131tl\u0131 ba\u011flar genellikle duvarlar, kolonlar ve kiri\u015fler gibi dikey kal\u0131p uygulamalar\u0131nda kullan\u0131l\u0131r. Kal\u0131b\u0131 sabitlemek i\u00e7in h\u0131zl\u0131 ve etkili bir ara\u00e7 sa\u011flarlar ve beton k\u00fcrlendikten sonra kolayca \u00e7\u0131kar\u0131labilirler. Ancak, beton y\u00fczeyin zarar g\u00f6rmesini \u00f6nlemek i\u00e7in ba\u011flar\u0131 \u00e7\u0131kar\u0131rken dikkatli olunmal\u0131d\u0131r.<\/span><\/p>","protected":false},"excerpt":{"rendered":"<p>Bu y\u00fcksek mukavemetli, galvanizli \u00e7elik \u00e7\u0131t\u00e7\u0131tl\u0131 ba\u011flama takozlar\u0131 ile beton kal\u0131p ve duvarlar\u0131n kurulumunu her zamankinden daha kolay ve verimli hale getirin.<\/p>\n<p>Korozyona kar\u015f\u0131 dayan\u0131kl\u0131 olacak ve her boyuttaki i\u015f i\u00e7in hem standart hem de a\u011f\u0131r \u00e7\u0131t\u00e7\u0131tl\u0131 ba\u011flara dayanacak \u015fekilde tasarlanan bu takozlar, ticari veya konut projeleri i\u00e7in m\u00fckemmeldir ve performans kayb\u0131 olmadan defalarca tekrar kullan\u0131labilir.<\/p>\n<p>&nbsp;<\/p>","protected":false},"featured_media":5017,"comment_status":"open","ping_status":"closed","template":"","meta":{"site-sidebar-layout":"default","site-content-layout":"default","ast-site-content-layout":"default","site-content-style":"default","site-sidebar-style":"default","ast-global-header-display":"","ast-banner-title-visibility":"","ast-main-header-display":"","ast-hfb-above-header-display":"","ast-hfb-below-header-display":"","ast-hfb-mobile-header-display":"","site-post-title":"","ast-breadcrumbs-content":"","ast-featured-img":"","footer-sml-layout":"","theme-transparent-header-meta":"default","adv-header-id-meta":"","stick-header-meta":"default","header-above-stick-meta":"","header-main-stick-meta":"","header-below-stick-meta":"","astra-migrate-meta-layouts":"set","ast-page-background-enabled":"default","ast-page-background-meta":{"desktop":{"background-color":"","background-image":"","background-repeat":"repeat","background-position":"center center","background-size":"auto","background-attachment":"scroll","background-type":"","background-media":"","overlay-type":"","overlay-color":"","overlay-opacity":"","overlay-gradient":""},"tablet":{"background-color":"","background-image":"","background-repeat":"repeat","background-position":"center center","background-size":"auto","background-attachment":"scroll","background-type":"","background-media":"","overlay-type":"","overlay-color":"","overlay-opacity":"","overlay-gradient":""},"mobile":{"background-color":"","background-image":"","background-repeat":"repeat","background-position":"center center","background-size":"auto","background-attachment":"scroll","background-type":"","background-media":"","overlay-type":"","overlay-color":"","overlay-opacity":"","overlay-gradient":""}},"ast-content-background-meta":{"desktop":{"background-color":"var(--ast-global-color-5)","background-image":"","background-repeat":"repeat","background-position":"center center","background-size":"auto","background-attachment":"scroll","background-type":"","background-media":"","overlay-type":"","overlay-color":"","overlay-opacity":"","overlay-gradient":""},"tablet":{"background-color":"var(--ast-global-color-5)","background-image":"","background-repeat":"repeat","background-position":"center center","background-size":"auto","background-attachment":"scroll","background-type":"","background-media":"","overlay-type":"","overlay-color":"","overlay-opacity":"","overlay-gradient":""},"mobile":{"background-color":"var(--ast-global-color-5)","background-image":"","background-repeat":"repeat","background-position":"center center","background-size":"auto","background-attachment":"scroll","background-type":"","background-media":"","overlay-type":"","overlay-color":"","overlay-opacity":"","overlay-gradient":""}}},"product_brand":[],"product_cat":[50,20,63,28],"product_tag":[],"class_list":{"0":"post-1708","1":"product","2":"type-product","3":"status-publish","4":"has-post-thumbnail","6":"product_cat-concrete-form-accessories","7":"product_cat-concrete-wall-tie","8":"product_cat-concrete-snap-tie","9":"product_cat-concrete-forming","10":"desktop-align-left","11":"tablet-align-left","12":"mobile-align-left","13":"ast-product-gallery-layout-horizontal-slider","14":"ast-product-tabs-layout-horizontal","16":"first","17":"instock","18":"featured","19":"shipping-taxable","20":"purchasable","21":"product-type-simple"},"yoast_head":"<!-- This site is optimized with the Yoast SEO plugin v25.2 - https:\/\/yoast.com\/wordpress\/plugins\/seo\/ -->\n<title>Snap Tie Wedge<\/title>\n<meta name=\"description\" content=\"Snap Tie Wedge make the installation of concrete formwork and walls easier and more efficient than ever with this high-strength snap tie wedges.\" \/>\n<meta name=\"robots\" content=\"index, follow, max-snippet:-1, max-image-preview:large, max-video-preview:-1\" \/>\n<link rel=\"canonical\" href=\"https:\/\/qingdaohf.com\/tr\/urun\/citcitli-kama\/\" \/>\n<meta property=\"og:locale\" content=\"tr_TR\" \/>\n<meta property=\"og:type\" content=\"article\" \/>\n<meta property=\"og:title\" content=\"Snap Tie Wedge\" \/>\n<meta property=\"og:description\" content=\"Snap Tie Wedge make the installation of concrete formwork and walls easier and more efficient than ever with this high-strength, galvanized steel snap tie wedges.\" \/>\n<meta property=\"og:url\" content=\"https:\/\/qingdaohf.com\/tr\/urun\/citcitli-kama\/\" \/>\n<meta property=\"og:site_name\" content=\"Concrete Form &amp; Rigging Hardware Supplier\" \/>\n<meta property=\"article:publisher\" content=\"https:\/\/www.facebook.com\/qingdaohf\" \/>\n<meta property=\"article:modified_time\" content=\"2025-11-13T01:06:57+00:00\" \/>\n<meta property=\"og:image\" content=\"https:\/\/qingdaohf.com\/wp-content\/uploads\/2023\/01\/snap-tie-wedge-8.jpg\" \/>\n\t<meta property=\"og:image:width\" content=\"1000\" \/>\n\t<meta property=\"og:image:height\" content=\"1000\" \/>\n\t<meta property=\"og:image:type\" content=\"image\/jpeg\" \/>\n<meta name=\"twitter:card\" content=\"summary_large_image\" \/>\n<meta name=\"twitter:label1\" content=\"Tahmini okuma s\u00fcresi\" \/>\n\t<meta name=\"twitter:data1\" content=\"3 dakika\" \/>\n<script type=\"application\/ld+json\" class=\"yoast-schema-graph\">{\"@context\":\"https:\/\/schema.org\",\"@graph\":[{\"@type\":\"WebPage\",\"@id\":\"https:\/\/qingdaohf.com\/product\/snap-tie-wedge\/\",\"url\":\"https:\/\/qingdaohf.com\/product\/snap-tie-wedge\/\",\"name\":\"Snap Tie Wedge\",\"isPartOf\":{\"@id\":\"https:\/\/qingdaohf.com\/bg\/#website\"},\"primaryImageOfPage\":{\"@id\":\"https:\/\/qingdaohf.com\/product\/snap-tie-wedge\/#primaryimage\"},\"image\":{\"@id\":\"https:\/\/qingdaohf.com\/product\/snap-tie-wedge\/#primaryimage\"},\"thumbnailUrl\":\"https:\/\/qingdaohf.com\/wp-content\/uploads\/2023\/01\/snap-tie-wedge-8.jpg\",\"datePublished\":\"2023-01-14T07:15:32+00:00\",\"dateModified\":\"2025-11-13T01:06:57+00:00\",\"description\":\"Snap Tie Wedge make the installation of concrete formwork and walls easier and more efficient than ever with this high-strength snap tie wedges.\",\"breadcrumb\":{\"@id\":\"https:\/\/qingdaohf.com\/product\/snap-tie-wedge\/#breadcrumb\"},\"inLanguage\":\"tr\",\"potentialAction\":[{\"@type\":\"ReadAction\",\"target\":[\"https:\/\/qingdaohf.com\/product\/snap-tie-wedge\/\"]}]},{\"@type\":\"ImageObject\",\"inLanguage\":\"tr\",\"@id\":\"https:\/\/qingdaohf.com\/product\/snap-tie-wedge\/#primaryimage\",\"url\":\"https:\/\/qingdaohf.com\/wp-content\/uploads\/2023\/01\/snap-tie-wedge-8.jpg\",\"contentUrl\":\"https:\/\/qingdaohf.com\/wp-content\/uploads\/2023\/01\/snap-tie-wedge-8.jpg\",\"width\":1000,\"height\":1000,\"caption\":\"snap tie wedge\"},{\"@type\":\"BreadcrumbList\",\"@id\":\"https:\/\/qingdaohf.com\/product\/snap-tie-wedge\/#breadcrumb\",\"itemListElement\":[{\"@type\":\"ListItem\",\"position\":1,\"name\":\"Home\",\"item\":\"https:\/\/qingdaohf.com\/\"},{\"@type\":\"ListItem\",\"position\":2,\"name\":\"Concrete Forming Accessories and Rigging Hardware\",\"item\":\"https:\/\/qingdaohf.com\/bg\/?page_id=944\"},{\"@type\":\"ListItem\",\"position\":3,\"name\":\"Snap Tie Wedge\"}]},{\"@type\":\"WebSite\",\"@id\":\"https:\/\/qingdaohf.com\/bg\/#website\",\"url\":\"https:\/\/qingdaohf.com\/bg\/\",\"name\":\"Concrete Form & Rigging Hardware Supplier\",\"description\":\"\",\"publisher\":{\"@id\":\"https:\/\/qingdaohf.com\/bg\/#organization\"},\"potentialAction\":[{\"@type\":\"SearchAction\",\"target\":{\"@type\":\"EntryPoint\",\"urlTemplate\":\"https:\/\/qingdaohf.com\/bg\/?s={search_term_string}\"},\"query-input\":{\"@type\":\"PropertyValueSpecification\",\"valueRequired\":true,\"valueName\":\"search_term_string\"}}],\"inLanguage\":\"tr\"},{\"@type\":\"Organization\",\"@id\":\"https:\/\/qingdaohf.com\/bg\/#organization\",\"name\":\"Qingdao H&F\",\"url\":\"https:\/\/qingdaohf.com\/bg\/\",\"logo\":{\"@type\":\"ImageObject\",\"inLanguage\":\"tr\",\"@id\":\"https:\/\/qingdaohf.com\/bg\/#\/schema\/logo\/image\/\",\"url\":\"https:\/\/qingdaohf.com\/wp-content\/uploads\/2022\/12\/cropped-HF-LOGO.png\",\"contentUrl\":\"https:\/\/qingdaohf.com\/wp-content\/uploads\/2022\/12\/cropped-HF-LOGO.png\",\"width\":391,\"height\":249,\"caption\":\"Qingdao H&F\"},\"image\":{\"@id\":\"https:\/\/qingdaohf.com\/bg\/#\/schema\/logo\/image\/\"},\"sameAs\":[\"https:\/\/www.facebook.com\/qingdaohf\"]}]}<\/script>\n<!-- \/ Yoast SEO plugin. -->","yoast_head_json":{"title":"Snap Tie Wedge","description":"Snap Tie Wedge make the installation of concrete formwork and walls easier and more efficient than ever with this high-strength snap tie wedges.","robots":{"index":"index","follow":"follow","max-snippet":"max-snippet:-1","max-image-preview":"max-image-preview:large","max-video-preview":"max-video-preview:-1"},"canonical":"https:\/\/qingdaohf.com\/tr\/urun\/citcitli-kama\/","og_locale":"tr_TR","og_type":"article","og_title":"Snap Tie Wedge","og_description":"Snap Tie Wedge make the installation of concrete formwork and walls easier and more efficient than ever with this high-strength, galvanized steel snap tie wedges.","og_url":"https:\/\/qingdaohf.com\/tr\/urun\/citcitli-kama\/","og_site_name":"Concrete Form &amp; Rigging Hardware Supplier","article_publisher":"https:\/\/www.facebook.com\/qingdaohf","article_modified_time":"2025-11-13T01:06:57+00:00","og_image":[{"width":1000,"height":1000,"url":"https:\/\/qingdaohf.com\/wp-content\/uploads\/2023\/01\/snap-tie-wedge-8.jpg","type":"image\/jpeg"}],"twitter_card":"summary_large_image","twitter_misc":{"Tahmini okuma s\u00fcresi":"3 dakika"},"schema":{"@context":"https:\/\/schema.org","@graph":[{"@type":"WebPage","@id":"https:\/\/qingdaohf.com\/product\/snap-tie-wedge\/","url":"https:\/\/qingdaohf.com\/product\/snap-tie-wedge\/","name":"Snap Tie Wedge","isPartOf":{"@id":"https:\/\/qingdaohf.com\/bg\/#website"},"primaryImageOfPage":{"@id":"https:\/\/qingdaohf.com\/product\/snap-tie-wedge\/#primaryimage"},"image":{"@id":"https:\/\/qingdaohf.com\/product\/snap-tie-wedge\/#primaryimage"},"thumbnailUrl":"https:\/\/qingdaohf.com\/wp-content\/uploads\/2023\/01\/snap-tie-wedge-8.jpg","datePublished":"2023-01-14T07:15:32+00:00","dateModified":"2025-11-13T01:06:57+00:00","description":"Snap Tie Wedge make the installation of concrete formwork and walls easier and more efficient than ever with this high-strength snap tie wedges.","breadcrumb":{"@id":"https:\/\/qingdaohf.com\/product\/snap-tie-wedge\/#breadcrumb"},"inLanguage":"tr","potentialAction":[{"@type":"ReadAction","target":["https:\/\/qingdaohf.com\/product\/snap-tie-wedge\/"]}]},{"@type":"ImageObject","inLanguage":"tr","@id":"https:\/\/qingdaohf.com\/product\/snap-tie-wedge\/#primaryimage","url":"https:\/\/qingdaohf.com\/wp-content\/uploads\/2023\/01\/snap-tie-wedge-8.jpg","contentUrl":"https:\/\/qingdaohf.com\/wp-content\/uploads\/2023\/01\/snap-tie-wedge-8.jpg","width":1000,"height":1000,"caption":"snap tie wedge"},{"@type":"BreadcrumbList","@id":"https:\/\/qingdaohf.com\/product\/snap-tie-wedge\/#breadcrumb","itemListElement":[{"@type":"ListItem","position":1,"name":"Home","item":"https:\/\/qingdaohf.com\/"},{"@type":"ListItem","position":2,"name":"Concrete Forming Accessories and Rigging Hardware","item":"https:\/\/qingdaohf.com\/bg\/?page_id=944"},{"@type":"ListItem","position":3,"name":"Snap Tie Wedge"}]},{"@type":"WebSite","@id":"https:\/\/qingdaohf.com\/bg\/#website","url":"https:\/\/qingdaohf.com\/bg\/","name":"Concrete Form & Rigging Hardware Supplier","description":"","publisher":{"@id":"https:\/\/qingdaohf.com\/bg\/#organization"},"potentialAction":[{"@type":"SearchAction","target":{"@type":"EntryPoint","urlTemplate":"https:\/\/qingdaohf.com\/bg\/?s={search_term_string}"},"query-input":{"@type":"PropertyValueSpecification","valueRequired":true,"valueName":"search_term_string"}}],"inLanguage":"tr"},{"@type":"Organization","@id":"https:\/\/qingdaohf.com\/bg\/#organization","name":"Qingdao H&F","url":"https:\/\/qingdaohf.com\/bg\/","logo":{"@type":"ImageObject","inLanguage":"tr","@id":"https:\/\/qingdaohf.com\/bg\/#\/schema\/logo\/image\/","url":"https:\/\/qingdaohf.com\/wp-content\/uploads\/2022\/12\/cropped-HF-LOGO.png","contentUrl":"https:\/\/qingdaohf.com\/wp-content\/uploads\/2022\/12\/cropped-HF-LOGO.png","width":391,"height":249,"caption":"Qingdao H&F"},"image":{"@id":"https:\/\/qingdaohf.com\/bg\/#\/schema\/logo\/image\/"},"sameAs":["https:\/\/www.facebook.com\/qingdaohf"]}]}},"_links":{"self":[{"href":"https:\/\/qingdaohf.com\/tr\/wp-json\/wp\/v2\/product\/1708","targetHints":{"allow":["GET"]}}],"collection":[{"href":"https:\/\/qingdaohf.com\/tr\/wp-json\/wp\/v2\/product"}],"about":[{"href":"https:\/\/qingdaohf.com\/tr\/wp-json\/wp\/v2\/types\/product"}],"replies":[{"embeddable":true,"href":"https:\/\/qingdaohf.com\/tr\/wp-json\/wp\/v2\/comments?post=1708"}],"version-history":[{"count":39,"href":"https:\/\/qingdaohf.com\/tr\/wp-json\/wp\/v2\/product\/1708\/revisions"}],"predecessor-version":[{"id":10242,"href":"https:\/\/qingdaohf.com\/tr\/wp-json\/wp\/v2\/product\/1708\/revisions\/10242"}],"wp:featuredmedia":[{"embeddable":true,"href":"https:\/\/qingdaohf.com\/tr\/wp-json\/wp\/v2\/media\/5017"}],"wp:attachment":[{"href":"https:\/\/qingdaohf.com\/tr\/wp-json\/wp\/v2\/media?parent=1708"}],"wp:term":[{"taxonomy":"product_brand","embeddable":true,"href":"https:\/\/qingdaohf.com\/tr\/wp-json\/wp\/v2\/product_brand?post=1708"},{"taxonomy":"product_cat","embeddable":true,"href":"https:\/\/qingdaohf.com\/tr\/wp-json\/wp\/v2\/product_cat?post=1708"},{"taxonomy":"product_tag","embeddable":true,"href":"https:\/\/qingdaohf.com\/tr\/wp-json\/wp\/v2\/product_tag?post=1708"}],"curies":[{"name":"wp","href":"https:\/\/api.w.org\/{rel}","templated":true}]}}