{"id":1710,"date":"2023-01-14T15:32:43","date_gmt":"2023-01-14T07:32:43","guid":{"rendered":"http:\/\/qingdaohf.com\/?post_type=product&#038;p=1710"},"modified":"2025-11-13T09:06:56","modified_gmt":"2025-11-13T01:06:56","slug":"loop-tie","status":"publish","type":"product","link":"https:\/\/qingdaohf.com\/tr\/urun\/ilmek-bagi\/","title":{"rendered":"Standart D\u00f6ng\u00fc Ba\u011f\u0131 A\u011f\u0131r Hizmet D\u00f6ng\u00fc Ba\u011f\u0131 Waler Ba\u011f\u0131"},"content":{"rendered":"<p><img fetchpriority=\"high\" decoding=\"async\" class=\"alignnone size-full wp-image-2868\" src=\"http:\/\/qingdaohf.com\/wp-content\/uploads\/2023\/01\/loop-tie-data-3.jpg\" alt=\"\" width=\"1200\" height=\"540\" srcset=\"https:\/\/qingdaohf.com\/wp-content\/uploads\/2023\/01\/loop-tie-data-3.jpg 1200w, https:\/\/qingdaohf.com\/wp-content\/uploads\/2023\/01\/loop-tie-data-3-300x135.jpg 300w, https:\/\/qingdaohf.com\/wp-content\/uploads\/2023\/01\/loop-tie-data-3-1024x461.jpg 1024w, https:\/\/qingdaohf.com\/wp-content\/uploads\/2023\/01\/loop-tie-data-3-768x346.jpg 768w, https:\/\/qingdaohf.com\/wp-content\/uploads\/2023\/01\/loop-tie-data-3-1000x450.jpg 1000w\" sizes=\"(max-width: 1200px) 100vw, 1200px\" \/> <img decoding=\"async\" class=\"alignnone size-full wp-image-2867\" src=\"http:\/\/qingdaohf.com\/wp-content\/uploads\/2023\/01\/loop-tie-data-2.jpg\" alt=\"d\u00f6ng\u00fc kravat listesi\" width=\"1200\" height=\"228\" srcset=\"https:\/\/qingdaohf.com\/wp-content\/uploads\/2023\/01\/loop-tie-data-2.jpg 1200w, https:\/\/qingdaohf.com\/wp-content\/uploads\/2023\/01\/loop-tie-data-2-300x57.jpg 300w, https:\/\/qingdaohf.com\/wp-content\/uploads\/2023\/01\/loop-tie-data-2-1024x195.jpg 1024w, https:\/\/qingdaohf.com\/wp-content\/uploads\/2023\/01\/loop-tie-data-2-768x146.jpg 768w, https:\/\/qingdaohf.com\/wp-content\/uploads\/2023\/01\/loop-tie-data-2-1000x190.jpg 1000w\" sizes=\"(max-width: 1200px) 100vw, 1200px\" \/> <img decoding=\"async\" class=\"alignnone size-full wp-image-2866\" src=\"http:\/\/qingdaohf.com\/wp-content\/uploads\/2023\/01\/loop-tie-data-1.jpg\" alt=\"d\u00f6ng\u00fc kravat listesi\" width=\"1200\" height=\"484\" srcset=\"https:\/\/qingdaohf.com\/wp-content\/uploads\/2023\/01\/loop-tie-data-1.jpg 1200w, https:\/\/qingdaohf.com\/wp-content\/uploads\/2023\/01\/loop-tie-data-1-300x121.jpg 300w, https:\/\/qingdaohf.com\/wp-content\/uploads\/2023\/01\/loop-tie-data-1-1024x413.jpg 1024w, https:\/\/qingdaohf.com\/wp-content\/uploads\/2023\/01\/loop-tie-data-1-768x310.jpg 768w, https:\/\/qingdaohf.com\/wp-content\/uploads\/2023\/01\/loop-tie-data-1-1000x403.jpg 1000w\" sizes=\"(max-width: 1200px) 100vw, 1200px\" \/><\/p>\n<p>Standart D\u00f6ng\u00fc Ba\u011f\u0131: Bu, kal\u0131ptaki k\u00fc\u00e7\u00fck bir delikten ve takviye \u00e7ubu\u011funun etraf\u0131ndan sokulan ilmekli bir telden olu\u015fan basit bir ba\u011fd\u0131r. Telin u\u00e7lar\u0131 daha sonra ba\u011f\u0131 yerine sabitlemek i\u00e7in birlikte b\u00fck\u00fcl\u00fcr. Standart ilmekli ba\u011flar genellikle daha hafif beton y\u00fckleri i\u00e7in kullan\u0131l\u0131r ve tak\u0131lmas\u0131 ve \u00e7\u0131kar\u0131lmas\u0131 kolayd\u0131r.<\/p>\n<p>A\u011f\u0131r Hizmet Tipi D\u00f6ng\u00fc Ba\u011f\u0131: Bu ba\u011f standart d\u00f6ng\u00fc ba\u011f\u0131na benzer ancak daha kal\u0131n ve daha g\u00fc\u00e7l\u00fcd\u00fcr. Daha a\u011f\u0131r beton y\u00fckleri i\u00e7in veya ek mukavemet gerekti\u011finde kullan\u0131l\u0131r. A\u011f\u0131r hizmet tipi ilmek ba\u011flar\u0131 da kal\u0131ptaki k\u00fc\u00e7\u00fck deliklerden ve takviye \u00e7ubu\u011funun etraf\u0131ndan ge\u00e7irilir, ancak u\u00e7lar ekstra g\u00fc\u00e7 sa\u011flamak i\u00e7in tipik olarak \u00f6zel bir aletle birbirine k\u0131vr\u0131l\u0131r.<\/p>\n<p>Waler Ba\u011f\u0131: Bu ba\u011f, kal\u0131b\u0131 yatay olarak sabitlemek i\u00e7in kullan\u0131l\u0131r ve yatay bir elemanla (ah\u015fap veya \u00e7elik bir waler) ba\u011flanan iki veya daha fazla dikey elemandan (genellikle \u00e7elik borular) olu\u015fur. Dikey elemanlar kal\u0131b\u0131n i\u00e7ine yerle\u015ftirilir ve takviye \u00e7ubuklar\u0131na sabitlenir ve daha sonra kal\u0131b\u0131 g\u00fcvenli bir \u015fekilde tutmak i\u00e7in waler c\u0131vatalan\u0131r veya yerine kelep\u00e7elenir. Kal\u0131p ba\u011flar\u0131, kal\u0131b\u0131n betonun a\u011f\u0131rl\u0131\u011f\u0131 alt\u0131nda b\u00fck\u00fclmesini veya burkulmas\u0131n\u0131 \u00f6nlemek i\u00e7in ek yatay destek gerekti\u011finde kullan\u0131l\u0131r.<\/p>\n<p>&nbsp;<\/p>\n<p>&nbsp;<\/p>","protected":false},"excerpt":{"rendered":"<p>Standart, A\u011f\u0131r Hizmet Tipi D\u00f6ng\u00fc Ba\u011flar\u0131 Y\u00fcksek mukavemetli \u00e7elikten \u00fcretilmi\u015ftir. Mod\u00fcler tip formlar\u0131 sabitlemek ve aralar\u0131n\u0131 a\u00e7mak i\u00e7in tasarlanm\u0131\u015ft\u0131r.<\/p>","protected":false},"featured_media":2864,"comment_status":"open","ping_status":"closed","template":"","meta":{"site-sidebar-layout":"default","site-content-layout":"default","ast-site-content-layout":"","site-content-style":"default","site-sidebar-style":"default","ast-global-header-display":"","ast-banner-title-visibility":"","ast-main-header-display":"","ast-hfb-above-header-display":"","ast-hfb-below-header-display":"","ast-hfb-mobile-header-display":"","site-post-title":"","ast-breadcrumbs-content":"","ast-featured-img":"","footer-sml-layout":"","theme-transparent-header-meta":"default","adv-header-id-meta":"","stick-header-meta":"default","header-above-stick-meta":"","header-main-stick-meta":"","header-below-stick-meta":"","astra-migrate-meta-layouts":"default","ast-page-background-enabled":"default","ast-page-background-meta":{"desktop":{"background-color":"","background-image":"","background-repeat":"repeat","background-position":"center center","background-size":"auto","background-attachment":"scroll","background-type":"","background-media":"","overlay-type":"","overlay-color":"","overlay-opacity":"","overlay-gradient":""},"tablet":{"background-color":"","background-image":"","background-repeat":"repeat","background-position":"center center","background-size":"auto","background-attachment":"scroll","background-type":"","background-media":"","overlay-type":"","overlay-color":"","overlay-opacity":"","overlay-gradient":""},"mobile":{"background-color":"","background-image":"","background-repeat":"repeat","background-position":"center center","background-size":"auto","background-attachment":"scroll","background-type":"","background-media":"","overlay-type":"","overlay-color":"","overlay-opacity":"","overlay-gradient":""}},"ast-content-background-meta":{"desktop":{"background-color":"var(--ast-global-color-5)","background-image":"","background-repeat":"repeat","background-position":"center center","background-size":"auto","background-attachment":"scroll","background-type":"","background-media":"","overlay-type":"","overlay-color":"","overlay-opacity":"","overlay-gradient":""},"tablet":{"background-color":"var(--ast-global-color-5)","background-image":"","background-repeat":"repeat","background-position":"center center","background-size":"auto","background-attachment":"scroll","background-type":"","background-media":"","overlay-type":"","overlay-color":"","overlay-opacity":"","overlay-gradient":""},"mobile":{"background-color":"var(--ast-global-color-5)","background-image":"","background-repeat":"repeat","background-position":"center center","background-size":"auto","background-attachment":"scroll","background-type":"","background-media":"","overlay-type":"","overlay-color":"","overlay-opacity":"","overlay-gradient":""}}},"product_brand":[],"product_cat":[20],"product_tag":[],"class_list":{"0":"post-1710","1":"product","2":"type-product","3":"status-publish","4":"has-post-thumbnail","6":"product_cat-concrete-wall-tie","7":"desktop-align-left","8":"tablet-align-left","9":"mobile-align-left","10":"ast-product-gallery-layout-horizontal-slider","11":"ast-product-tabs-layout-horizontal","13":"first","14":"instock","15":"shipping-taxable","16":"purchasable","17":"product-type-simple"},"yoast_head":"<!-- This site is optimized with the Yoast SEO plugin v25.2 - https:\/\/yoast.com\/wordpress\/plugins\/seo\/ -->\n<title>Standard Loop Tie Heave Duty Loop Tie Waler Tie<\/title>\n<meta name=\"description\" content=\"Standard,Heavy Duty Loop Ties Manufactured from high strength steel. Is designed for securing and spacing modular type forms.\" \/>\n<meta name=\"robots\" content=\"index, follow, max-snippet:-1, max-image-preview:large, max-video-preview:-1\" \/>\n<link rel=\"canonical\" href=\"https:\/\/qingdaohf.com\/tr\/urun\/ilmek-bagi\/\" \/>\n<meta property=\"og:locale\" content=\"tr_TR\" \/>\n<meta property=\"og:type\" content=\"article\" \/>\n<meta property=\"og:title\" content=\"Standard Loop Tie Heave Duty Loop Tie Waler Tie\" \/>\n<meta property=\"og:description\" content=\"Standard,Heavy Duty Loop Ties Manufactured from high strength steel. Is designed for securing and spacing modular type forms.\" \/>\n<meta property=\"og:url\" content=\"https:\/\/qingdaohf.com\/tr\/urun\/ilmek-bagi\/\" \/>\n<meta property=\"og:site_name\" content=\"Concrete Form &amp; Rigging Hardware Supplier\" \/>\n<meta property=\"article:publisher\" content=\"https:\/\/www.facebook.com\/qingdaohf\" \/>\n<meta property=\"article:modified_time\" content=\"2025-11-13T01:06:56+00:00\" \/>\n<meta property=\"og:image\" content=\"https:\/\/qingdaohf.com\/wp-content\/uploads\/2023\/01\/loop-tie-4.jpg\" \/>\n\t<meta property=\"og:image:width\" content=\"1000\" \/>\n\t<meta property=\"og:image:height\" content=\"1000\" \/>\n\t<meta property=\"og:image:type\" content=\"image\/jpeg\" \/>\n<meta name=\"twitter:card\" content=\"summary_large_image\" \/>\n<meta name=\"twitter:label1\" content=\"Tahmini okuma s\u00fcresi\" \/>\n\t<meta name=\"twitter:data1\" content=\"2 dakika\" \/>\n<script type=\"application\/ld+json\" class=\"yoast-schema-graph\">{\"@context\":\"https:\/\/schema.org\",\"@graph\":[{\"@type\":\"WebPage\",\"@id\":\"https:\/\/qingdaohf.com\/product\/loop-tie\/\",\"url\":\"https:\/\/qingdaohf.com\/product\/loop-tie\/\",\"name\":\"Standard Loop Tie Heave Duty Loop Tie Waler Tie\",\"isPartOf\":{\"@id\":\"https:\/\/qingdaohf.com\/bg\/#website\"},\"primaryImageOfPage\":{\"@id\":\"https:\/\/qingdaohf.com\/product\/loop-tie\/#primaryimage\"},\"image\":{\"@id\":\"https:\/\/qingdaohf.com\/product\/loop-tie\/#primaryimage\"},\"thumbnailUrl\":\"https:\/\/qingdaohf.com\/wp-content\/uploads\/2023\/01\/loop-tie-4.jpg\",\"datePublished\":\"2023-01-14T07:32:43+00:00\",\"dateModified\":\"2025-11-13T01:06:56+00:00\",\"description\":\"Standard,Heavy Duty Loop Ties Manufactured from high strength steel. Is designed for securing and spacing modular type forms.\",\"breadcrumb\":{\"@id\":\"https:\/\/qingdaohf.com\/product\/loop-tie\/#breadcrumb\"},\"inLanguage\":\"tr\",\"potentialAction\":[{\"@type\":\"ReadAction\",\"target\":[\"https:\/\/qingdaohf.com\/product\/loop-tie\/\"]}]},{\"@type\":\"ImageObject\",\"inLanguage\":\"tr\",\"@id\":\"https:\/\/qingdaohf.com\/product\/loop-tie\/#primaryimage\",\"url\":\"https:\/\/qingdaohf.com\/wp-content\/uploads\/2023\/01\/loop-tie-4.jpg\",\"contentUrl\":\"https:\/\/qingdaohf.com\/wp-content\/uploads\/2023\/01\/loop-tie-4.jpg\",\"width\":1000,\"height\":1000,\"caption\":\"loop tie\"},{\"@type\":\"BreadcrumbList\",\"@id\":\"https:\/\/qingdaohf.com\/product\/loop-tie\/#breadcrumb\",\"itemListElement\":[{\"@type\":\"ListItem\",\"position\":1,\"name\":\"Home\",\"item\":\"https:\/\/qingdaohf.com\/\"},{\"@type\":\"ListItem\",\"position\":2,\"name\":\"Concrete Forming Accessories and Rigging Hardware\",\"item\":\"https:\/\/qingdaohf.com\/bg\/?page_id=944\"},{\"@type\":\"ListItem\",\"position\":3,\"name\":\"Standard Loop Tie Heave Duty Loop Tie Waler Tie\"}]},{\"@type\":\"WebSite\",\"@id\":\"https:\/\/qingdaohf.com\/bg\/#website\",\"url\":\"https:\/\/qingdaohf.com\/bg\/\",\"name\":\"Concrete Form & Rigging Hardware Supplier\",\"description\":\"\",\"publisher\":{\"@id\":\"https:\/\/qingdaohf.com\/bg\/#organization\"},\"potentialAction\":[{\"@type\":\"SearchAction\",\"target\":{\"@type\":\"EntryPoint\",\"urlTemplate\":\"https:\/\/qingdaohf.com\/bg\/?s={search_term_string}\"},\"query-input\":{\"@type\":\"PropertyValueSpecification\",\"valueRequired\":true,\"valueName\":\"search_term_string\"}}],\"inLanguage\":\"tr\"},{\"@type\":\"Organization\",\"@id\":\"https:\/\/qingdaohf.com\/bg\/#organization\",\"name\":\"Qingdao H&F\",\"url\":\"https:\/\/qingdaohf.com\/bg\/\",\"logo\":{\"@type\":\"ImageObject\",\"inLanguage\":\"tr\",\"@id\":\"https:\/\/qingdaohf.com\/bg\/#\/schema\/logo\/image\/\",\"url\":\"https:\/\/qingdaohf.com\/wp-content\/uploads\/2022\/12\/cropped-HF-LOGO.png\",\"contentUrl\":\"https:\/\/qingdaohf.com\/wp-content\/uploads\/2022\/12\/cropped-HF-LOGO.png\",\"width\":391,\"height\":249,\"caption\":\"Qingdao H&F\"},\"image\":{\"@id\":\"https:\/\/qingdaohf.com\/bg\/#\/schema\/logo\/image\/\"},\"sameAs\":[\"https:\/\/www.facebook.com\/qingdaohf\"]}]}<\/script>\n<!-- \/ Yoast SEO plugin. -->","yoast_head_json":{"title":"Standard Loop Tie Heave Duty Loop Tie Waler Tie","description":"Standard,Heavy Duty Loop Ties Manufactured from high strength steel. Is designed for securing and spacing modular type forms.","robots":{"index":"index","follow":"follow","max-snippet":"max-snippet:-1","max-image-preview":"max-image-preview:large","max-video-preview":"max-video-preview:-1"},"canonical":"https:\/\/qingdaohf.com\/tr\/urun\/ilmek-bagi\/","og_locale":"tr_TR","og_type":"article","og_title":"Standard Loop Tie Heave Duty Loop Tie Waler Tie","og_description":"Standard,Heavy Duty Loop Ties Manufactured from high strength steel. Is designed for securing and spacing modular type forms.","og_url":"https:\/\/qingdaohf.com\/tr\/urun\/ilmek-bagi\/","og_site_name":"Concrete Form &amp; Rigging Hardware Supplier","article_publisher":"https:\/\/www.facebook.com\/qingdaohf","article_modified_time":"2025-11-13T01:06:56+00:00","og_image":[{"width":1000,"height":1000,"url":"https:\/\/qingdaohf.com\/wp-content\/uploads\/2023\/01\/loop-tie-4.jpg","type":"image\/jpeg"}],"twitter_card":"summary_large_image","twitter_misc":{"Tahmini okuma s\u00fcresi":"2 dakika"},"schema":{"@context":"https:\/\/schema.org","@graph":[{"@type":"WebPage","@id":"https:\/\/qingdaohf.com\/product\/loop-tie\/","url":"https:\/\/qingdaohf.com\/product\/loop-tie\/","name":"Standard Loop Tie Heave Duty Loop Tie Waler Tie","isPartOf":{"@id":"https:\/\/qingdaohf.com\/bg\/#website"},"primaryImageOfPage":{"@id":"https:\/\/qingdaohf.com\/product\/loop-tie\/#primaryimage"},"image":{"@id":"https:\/\/qingdaohf.com\/product\/loop-tie\/#primaryimage"},"thumbnailUrl":"https:\/\/qingdaohf.com\/wp-content\/uploads\/2023\/01\/loop-tie-4.jpg","datePublished":"2023-01-14T07:32:43+00:00","dateModified":"2025-11-13T01:06:56+00:00","description":"Standard,Heavy Duty Loop Ties Manufactured from high strength steel. Is designed for securing and spacing modular type forms.","breadcrumb":{"@id":"https:\/\/qingdaohf.com\/product\/loop-tie\/#breadcrumb"},"inLanguage":"tr","potentialAction":[{"@type":"ReadAction","target":["https:\/\/qingdaohf.com\/product\/loop-tie\/"]}]},{"@type":"ImageObject","inLanguage":"tr","@id":"https:\/\/qingdaohf.com\/product\/loop-tie\/#primaryimage","url":"https:\/\/qingdaohf.com\/wp-content\/uploads\/2023\/01\/loop-tie-4.jpg","contentUrl":"https:\/\/qingdaohf.com\/wp-content\/uploads\/2023\/01\/loop-tie-4.jpg","width":1000,"height":1000,"caption":"loop tie"},{"@type":"BreadcrumbList","@id":"https:\/\/qingdaohf.com\/product\/loop-tie\/#breadcrumb","itemListElement":[{"@type":"ListItem","position":1,"name":"Home","item":"https:\/\/qingdaohf.com\/"},{"@type":"ListItem","position":2,"name":"Concrete Forming Accessories and Rigging Hardware","item":"https:\/\/qingdaohf.com\/bg\/?page_id=944"},{"@type":"ListItem","position":3,"name":"Standard Loop Tie Heave Duty Loop Tie Waler Tie"}]},{"@type":"WebSite","@id":"https:\/\/qingdaohf.com\/bg\/#website","url":"https:\/\/qingdaohf.com\/bg\/","name":"Concrete Form & Rigging Hardware Supplier","description":"","publisher":{"@id":"https:\/\/qingdaohf.com\/bg\/#organization"},"potentialAction":[{"@type":"SearchAction","target":{"@type":"EntryPoint","urlTemplate":"https:\/\/qingdaohf.com\/bg\/?s={search_term_string}"},"query-input":{"@type":"PropertyValueSpecification","valueRequired":true,"valueName":"search_term_string"}}],"inLanguage":"tr"},{"@type":"Organization","@id":"https:\/\/qingdaohf.com\/bg\/#organization","name":"Qingdao H&F","url":"https:\/\/qingdaohf.com\/bg\/","logo":{"@type":"ImageObject","inLanguage":"tr","@id":"https:\/\/qingdaohf.com\/bg\/#\/schema\/logo\/image\/","url":"https:\/\/qingdaohf.com\/wp-content\/uploads\/2022\/12\/cropped-HF-LOGO.png","contentUrl":"https:\/\/qingdaohf.com\/wp-content\/uploads\/2022\/12\/cropped-HF-LOGO.png","width":391,"height":249,"caption":"Qingdao H&F"},"image":{"@id":"https:\/\/qingdaohf.com\/bg\/#\/schema\/logo\/image\/"},"sameAs":["https:\/\/www.facebook.com\/qingdaohf"]}]}},"_links":{"self":[{"href":"https:\/\/qingdaohf.com\/tr\/wp-json\/wp\/v2\/product\/1710","targetHints":{"allow":["GET"]}}],"collection":[{"href":"https:\/\/qingdaohf.com\/tr\/wp-json\/wp\/v2\/product"}],"about":[{"href":"https:\/\/qingdaohf.com\/tr\/wp-json\/wp\/v2\/types\/product"}],"replies":[{"embeddable":true,"href":"https:\/\/qingdaohf.com\/tr\/wp-json\/wp\/v2\/comments?post=1710"}],"version-history":[{"count":2,"href":"https:\/\/qingdaohf.com\/tr\/wp-json\/wp\/v2\/product\/1710\/revisions"}],"predecessor-version":[{"id":10470,"href":"https:\/\/qingdaohf.com\/tr\/wp-json\/wp\/v2\/product\/1710\/revisions\/10470"}],"wp:featuredmedia":[{"embeddable":true,"href":"https:\/\/qingdaohf.com\/tr\/wp-json\/wp\/v2\/media\/2864"}],"wp:attachment":[{"href":"https:\/\/qingdaohf.com\/tr\/wp-json\/wp\/v2\/media?parent=1710"}],"wp:term":[{"taxonomy":"product_brand","embeddable":true,"href":"https:\/\/qingdaohf.com\/tr\/wp-json\/wp\/v2\/product_brand?post=1710"},{"taxonomy":"product_cat","embeddable":true,"href":"https:\/\/qingdaohf.com\/tr\/wp-json\/wp\/v2\/product_cat?post=1710"},{"taxonomy":"product_tag","embeddable":true,"href":"https:\/\/qingdaohf.com\/tr\/wp-json\/wp\/v2\/product_tag?post=1710"}],"curies":[{"name":"wp","href":"https:\/\/api.w.org\/{rel}","templated":true}]}}