{"id":1731,"date":"2024-06-24T14:06:56","date_gmt":"2024-06-24T06:06:56","guid":{"rendered":"http:\/\/qingdaohf.com\/?post_type=product&#038;p=1731"},"modified":"2025-11-13T09:03:15","modified_gmt":"2025-11-13T01:03:15","slug":"spreader-cleats","status":"publish","type":"product","link":"https:\/\/qingdaohf.com\/tr\/urun\/kat-ara-parcasi\/","title":{"rendered":"Beton Kat Aralay\u0131c\u0131 Serpme Kramponlar\u0131"},"content":{"rendered":"<h2 data-pm-slice=\"1 1 []\">\u0130n\u015faatta Beton Kat Ay\u0131r\u0131c\u0131 Serpme Kramponlar\u0131n\u0131n \u00d6nemi<\/h2>\n<p>Beton in\u015faat\u0131n\u0131n zorlu d\u00fcnyas\u0131nda, y\u00fcksek kaliteli sonu\u00e7lar elde etmek i\u00e7in hassasiyet ve stabilite kritik \u00f6neme sahiptir. Beton Kat Ay\u0131r\u0131c\u0131 Serpme Kelep\u00e7eleri, kal\u0131p panelleri aras\u0131nda e\u015fit aral\u0131klar\u0131n korunmas\u0131nda \u00e7ok \u00f6nemli bir rol oynar ve nihai yap\u0131n\u0131n gerekli boyutlar\u0131 ve mukavemet standartlar\u0131n\u0131 kar\u015f\u0131lamas\u0131n\u0131 sa\u011flar. Bu kelep\u00e7eler, kontrplak kal\u0131b\u0131 yerinde sabitleyerek, deformasyonu \u00f6nleyerek ve e\u015fit bir beton d\u00f6k\u00fcm\u00fc sa\u011flayarak temel destek sa\u011flar. \u0130ster b\u00fcy\u00fck \u00f6l\u00e7ekli altyap\u0131 projelerinde ister daha k\u00fc\u00e7\u00fck konut in\u015faatlar\u0131nda kullan\u0131ls\u0131n, do\u011fru yay\u0131c\u0131 kelep\u00e7eler beton y\u00fczeylerin dayan\u0131kl\u0131l\u0131\u011f\u0131n\u0131 ve y\u00fczey kalitesini \u00f6nemli \u00f6l\u00e7\u00fcde art\u0131rabilir.<\/p>\n<p>Qingdao H&amp;F'de, in\u015faat profesyonellerinin kar\u015f\u0131la\u015ft\u0131\u011f\u0131 zorluklar\u0131 anl\u0131yoruz, bu nedenle en zorlu proje taleplerini kar\u015f\u0131lamak i\u00e7in tasarlanm\u0131\u015f bir dizi y\u00fcksek performansl\u0131 serpme kelep\u00e7esi sunuyoruz. Kaliteye olan ba\u011fl\u0131l\u0131\u011f\u0131m\u0131z, h\u0131zl\u0131 teslimat d\u00f6ng\u00fclerimiz ve \u00f6zel m\u00fc\u015fteri hizmetlerimizle, in\u015faat ihtiya\u00e7lar\u0131n\u0131z i\u00e7in rakipsiz bir g\u00fcvenilirlik ve verimlilik kombinasyonu sa\u011fl\u0131yoruz.<\/p>\n<p><img fetchpriority=\"high\" decoding=\"async\" class=\"alignnone wp-image-1732 size-full\" src=\"http:\/\/qingdaohf.com\/wp-content\/uploads\/2023\/01\/PLY-SPACER.png\" alt=\"PLY ARALAYICI\" width=\"650\" height=\"458\" srcset=\"https:\/\/qingdaohf.com\/wp-content\/uploads\/2023\/01\/PLY-SPACER.png 650w, https:\/\/qingdaohf.com\/wp-content\/uploads\/2023\/01\/PLY-SPACER-300x211.png 300w, https:\/\/qingdaohf.com\/wp-content\/uploads\/2023\/01\/PLY-SPACER-600x423.png 600w\" sizes=\"(max-width: 650px) 100vw, 650px\" \/><\/p>\n<h2>Beton Kat Aralay\u0131c\u0131 Serpme Kelep\u00e7elerinin \u00d6zellikleri ve Faydalar\u0131<\/h2>\n<p>Kal\u0131p verimlili\u011fini optimize etmek ve kusursuz bir beton fini\u015fi sa\u011flamak i\u00e7in do\u011fru serpme kelep\u00e7elerini se\u00e7mek \u00e7ok \u00f6nemlidir. Beton Kat Ay\u0131r\u0131c\u0131 Serpme Kelep\u00e7elerimiz, onlar\u0131 modern in\u015faat projeleri i\u00e7in vazge\u00e7ilmez k\u0131lan \u00e7e\u015fitli \u00f6zelliklerle birlikte gelir.<\/p>\n<p>Dayan\u0131kl\u0131l\u0131k, kramponlar\u0131m\u0131z\u0131n en \u00f6nemli \u00f6zelliklerinden biridir. Galvanizli \u00e7elik veya g\u00fc\u00e7lendirilmi\u015f plastik gibi y\u00fcksek mukavemetli malzemeler kullan\u0131larak \u00fcretildiklerinden korozyona, deformasyona ve beton i\u015flerinin zorlu ko\u015fullar\u0131na kar\u015f\u0131 dayan\u0131kl\u0131d\u0131rlar. Bu, uzun \u00f6m\u00fcrl\u00fcl\u00fck ve birden fazla kullan\u0131mda tutarl\u0131 performans sa\u011flayarak onlar\u0131 y\u00fckleniciler i\u00e7in uygun maliyetli bir \u00e7\u00f6z\u00fcm haline getirir.<\/p>\n<p>Bir di\u011fer \u00f6nemli avantaj da sa\u011flad\u0131klar\u0131 hassas aral\u0131klard\u0131r. D\u00fczensiz veya yanl\u0131\u015f hizalanm\u0131\u015f kal\u0131plar yap\u0131sal zay\u0131fl\u0131klara ve bitmi\u015f betonda k\u00f6t\u00fc esteti\u011fe yol a\u00e7abilir. Serpme kelep\u00e7elerimiz, kal\u0131p panelleri aras\u0131nda e\u015fit bir ayr\u0131m sa\u011flayarak varyasyonlar\u0131 ortadan kald\u0131r\u0131r ve p\u00fcr\u00fczs\u00fcz, tutarl\u0131 y\u00fczeyler sa\u011flar.<\/p>\n<p>Kurulum kolayl\u0131\u011f\u0131 da kayda de\u011fer bir avantajd\u0131r. H\u0131zl\u0131 ve sorunsuz uygulama i\u00e7in tasarlanan kelep\u00e7elerimiz, i\u015f\u00e7ilerin minimum \u00e7abayla kal\u0131p kurmas\u0131n\u0131 sa\u011flayarak i\u015f\u00e7ilik s\u00fcresini ve maliyetlerini azalt\u0131r. Kullan\u0131c\u0131 dostu tasar\u0131mlar\u0131, daha az deneyimli i\u015f\u00e7ilerin bile \u00f6zel alet veya ekipmana ihtiya\u00e7 duymadan profesyonel sonu\u00e7lar elde edebilmesini sa\u011flar.<\/p>\n<h2>Projeniz i\u00e7in Do\u011fru Serpme Kelep\u00e7elerini Se\u00e7me<\/h2>\n<p>\u00c7e\u015fitli boyutlar ve malzemeler mevcut oldu\u011fundan, uygun serici kelep\u00e7elerin se\u00e7ilmesi projenizin \u00f6zel gereksinimlerine ba\u011fl\u0131d\u0131r. K\u00f6pr\u00fc veya y\u00fcksek katl\u0131 in\u015faatlar gibi a\u011f\u0131r hizmet uygulamalar\u0131 i\u00e7in, ola\u011fan\u00fcst\u00fc y\u00fck ta\u015f\u0131ma kapasiteleri ve a\u015f\u0131nmaya kar\u015f\u0131 diren\u00e7leri nedeniyle genellikle \u00e7elik kelep\u00e7eler tercih edilir. \u00d6te yandan, plastik kelep\u00e7eler a\u015f\u0131r\u0131 g\u00fc\u00e7 gerektirmeyen projeler i\u00e7in hafif ve uygun maliyetli bir alternatif sunar.<\/p>\n<p>Kal\u0131nl\u0131k ve geni\u015flik \u00f6zellikleri de \u00f6nemli hususlard\u0131r. Farkl\u0131 kontrplak tipleri ve beton kal\u0131nl\u0131klar\u0131 ile uyumlulu\u011fu sa\u011flamak \u00fczere \u00e7e\u015fitli kal\u0131p kurulumlar\u0131na uyum sa\u011flamak i\u00e7in farkl\u0131 boyutlarda yay\u0131c\u0131 kelep\u00e7elerimiz mevcuttur. Qingdao H&amp;F'deki ekibimiz, benzersiz in\u015faat ihtiya\u00e7lar\u0131n\u0131z i\u00e7in en iyi kelep\u00e7eleri belirlemenize yard\u0131mc\u0131 olmak i\u00e7in uzman rehberli\u011fi sa\u011flar.<\/p>\n<p>Ayr\u0131ca, end\u00fcstri standartlar\u0131na uygunluk kritik bir fakt\u00f6rd\u00fcr. T\u00fcm Beton Kat Ay\u0131r\u0131c\u0131 Serpme Kelep\u00e7elerimiz titiz kalite testlerinden ge\u00e7irilir ve ayr\u0131nt\u0131l\u0131 denetim raporlar\u0131yla birlikte gelir. Bu, g\u00fcvenlik d\u00fczenlemelerini kar\u015f\u0131layan ve tutarl\u0131 performans sunan \u00fcr\u00fcnler alman\u0131z\u0131 sa\u011flayarak kal\u0131p ar\u0131zalar\u0131 ve in\u015faat gecikmeleri riskini azalt\u0131r.<\/p>\n<h2>Beton Kal\u0131p Aksesuarlar\u0131n\u0131z i\u00e7in Neden Qingdao H&amp;F'yi Se\u00e7melisiniz?<\/h2>\n<p>Qingdao H&amp;F olarak, sadece in\u015faat malzemeleri tedarik etmenin \u00f6tesine ge\u00e7erek, projelerinize de\u011fer katan \u00e7\u00f6z\u00fcmler sunmaya kendimizi adad\u0131k. Bire bir m\u00fc\u015fteri hizmetlerimiz, \u00fcr\u00fcn se\u00e7iminden sat\u0131\u015f sonras\u0131 deste\u011fe kadar sat\u0131n alma s\u00fcreci boyunca ki\u015fiselle\u015ftirilmi\u015f yard\u0131m alman\u0131z\u0131 sa\u011flar. Kalite yerine hacme \u00f6ncelik veren di\u011fer tedarik\u00e7ilerin aksine, biz s\u0131k\u0131 kalite standartlar\u0131n\u0131 kar\u015f\u0131layan \u00fcr\u00fcnler sunmaya odaklan\u0131yoruz.<\/p>\n<p>H\u0131z, sundu\u011fumuz bir di\u011fer avantajd\u0131r. \u0130n\u015faatta zaman\u0131n kritik bir fakt\u00f6r oldu\u011funu ve gecikmelerin maliyetlerin artmas\u0131na yol a\u00e7abilece\u011fini biliyoruz. Bu nedenle h\u0131zl\u0131 teslimat d\u00f6ng\u00fclerini garanti ederek serpme kelep\u00e7elerinizi tam ihtiyac\u0131n\u0131z oldu\u011funda alman\u0131z\u0131 sa\u011fl\u0131yoruz. G\u00fcvenilir lojistik a\u011f\u0131m\u0131z, sipari\u015fleri verimli bir \u015fekilde yerine getirmemizi, aksama s\u00fcresini en aza indirmemizi ve projelerinizi programa uygun tutmam\u0131z\u0131 sa\u011flar.<\/p>\n<p>Ayr\u0131ca, \u015feffafl\u0131k ve g\u00fcvene olan ba\u011fl\u0131l\u0131\u011f\u0131m\u0131z bizi di\u011ferlerinden ay\u0131rmaktad\u0131r. Her Beton Kat Ay\u0131r\u0131c\u0131 Serpme Kelep\u00e7esi partisine kapsaml\u0131 kalite kontrol raporlar\u0131 e\u015flik eder ve kulland\u0131\u011f\u0131n\u0131z malzemelere tam g\u00fcven duyman\u0131z\u0131 sa\u011flar. Bu hesap verebilirlik d\u00fczeyi, \u00fcr\u00fcn performans\u0131yla ilgili endi\u015feleriniz olmadan proje \u015fartnamelerini kar\u015f\u0131layabilmenizi sa\u011flar.<\/p>\n<h2>Sonu\u00e7<\/h2>\n<p>Beton Kat Ay\u0131r\u0131c\u0131 Serpme Kelep\u00e7eleri, beton kal\u0131plar\u0131nda hassasiyet ve stabilite sa\u011flamak i\u00e7in vazge\u00e7ilmez bile\u015fenlerdir. E\u015fit aral\u0131klar\u0131 koruyarak, kal\u0131p deformasyonunu \u00f6nleyerek ve d\u00fczg\u00fcn bir beton d\u00f6k\u00fclmesini kolayla\u015ft\u0131rarak projelerin yap\u0131sal b\u00fct\u00fcnl\u00fc\u011f\u00fcn\u00fc geli\u015ftirirler. Qingdao H&amp;F'den y\u00fcksek kaliteli serpme kelep\u00e7eleri se\u00e7mek, dayan\u0131kl\u0131l\u0131k, kurulum kolayl\u0131\u011f\u0131 ve end\u00fcstri uyumlulu\u011fundan yararlanmak anlam\u0131na gelir.<\/p>\n<p>Kaliteye, h\u0131zl\u0131 teslimatlara ve ki\u015fiselle\u015ftirilmi\u015f hizmete olan ba\u011fl\u0131l\u0131\u011f\u0131m\u0131z, bizi in\u015faat malzemesi ihtiya\u00e7lar\u0131n\u0131z i\u00e7in ideal bir ortak haline getiriyor. \u0130ster standart boyutlara ister \u00f6zel spesifikasyonlara ihtiyac\u0131n\u0131z olsun, taleplerinizi kar\u015f\u0131layacak uzmanl\u0131\u011fa ve kaynaklara sahibiz. Beton Kat Ay\u0131r\u0131c\u0131 Serpme Kelep\u00e7eleri yelpazemiz ve bunlar\u0131n in\u015faat projelerinizin verimlili\u011fini ve g\u00fcvenilirli\u011fini nas\u0131l art\u0131rabilece\u011fi hakk\u0131nda daha fazla bilgi edinmek i\u00e7in bug\u00fcn bize ula\u015f\u0131n.<\/p>\n<div class=\"ast-oembed-container\" style=\"height: 100%;\"><iframe title=\"HF Beton Duvar Ba\u011flama Sistemi\" width=\"500\" height=\"281\" src=\"https:\/\/www.youtube.com\/embed\/KNe3GjndsAs?feature=oembed\" frameborder=\"0\" allow=\"accelerometer; autoplay; clipboard-write; encrypted-media; gyroscope; picture-in-picture; web-share\" referrerpolicy=\"strict-origin-when-cross-origin\" allowfullscreen><\/iframe><\/div>\n<p>&nbsp;<\/p>","protected":false},"excerpt":{"rendered":"<p>Beton Kat Ay\u0131r\u0131c\u0131 Serpme Kelep\u00e7eleri, \u00f6zellikle beton yap\u0131 projelerinde kal\u0131p sistemleri i\u00e7inde do\u011fru hizalama ve stabilitenin desteklenmesinde \u00f6nemli bir rol oynar. Kelep\u00e7eler, kontrpla\u011f\u0131n d\u00f6kme s\u0131ras\u0131nda e\u011filmesini veya hareket etmesini \u00f6nleyerek yap\u0131sal olarak sa\u011flam ve d\u00fcz beton y\u00fczeyler elde edilmesini sa\u011flayan etkili ara par\u00e7alard\u0131r. Qingdao H&amp;F'de, \u00e7e\u015fitli proje \u00f6zelliklerine uyacak \u015fekilde \u00e7e\u015fitli malzeme ve boyutlarda y\u00fcksek kaliteli yay\u0131c\u0131 kelep\u00e7eler tedarik ediyoruz. Ki\u015fiselle\u015ftirilmi\u015f m\u00fc\u015fteri hizmetlerimiz, uygun fiyatlar\u0131m\u0131z ve teslim s\u00fcresi taahh\u00fctlerimiz, ihtiya\u00e7lar\u0131n\u0131za uygun en iyi \u00e7\u00f6z\u00fcm\u00fc garanti eder. Ayr\u0131ca, \u00fcr\u00fcnlerimiz i\u00e7in kapsaml\u0131 bir kalite kontrol raporu sunarak her sevkiyatta size g\u00fcven veriyoruz.<\/p>","protected":false},"featured_media":2918,"comment_status":"open","ping_status":"closed","template":"","meta":{"site-sidebar-layout":"default","site-content-layout":"default","ast-site-content-layout":"default","site-content-style":"default","site-sidebar-style":"default","ast-global-header-display":"","ast-banner-title-visibility":"","ast-main-header-display":"","ast-hfb-above-header-display":"","ast-hfb-below-header-display":"","ast-hfb-mobile-header-display":"","site-post-title":"","ast-breadcrumbs-content":"","ast-featured-img":"","footer-sml-layout":"","theme-transparent-header-meta":"default","adv-header-id-meta":"","stick-header-meta":"default","header-above-stick-meta":"","header-main-stick-meta":"","header-below-stick-meta":"","astra-migrate-meta-layouts":"set","ast-page-background-enabled":"default","ast-page-background-meta":{"desktop":{"background-color":"","background-image":"","background-repeat":"repeat","background-position":"center center","background-size":"auto","background-attachment":"scroll","background-type":"","background-media":"","overlay-type":"","overlay-color":"","overlay-opacity":"","overlay-gradient":""},"tablet":{"background-color":"","background-image":"","background-repeat":"repeat","background-position":"center center","background-size":"auto","background-attachment":"scroll","background-type":"","background-media":"","overlay-type":"","overlay-color":"","overlay-opacity":"","overlay-gradient":""},"mobile":{"background-color":"","background-image":"","background-repeat":"repeat","background-position":"center center","background-size":"auto","background-attachment":"scroll","background-type":"","background-media":"","overlay-type":"","overlay-color":"","overlay-opacity":"","overlay-gradient":""}},"ast-content-background-meta":{"desktop":{"background-color":"var(--ast-global-color-5)","background-image":"","background-repeat":"repeat","background-position":"center center","background-size":"auto","background-attachment":"scroll","background-type":"","background-media":"","overlay-type":"","overlay-color":"","overlay-opacity":"","overlay-gradient":""},"tablet":{"background-color":"var(--ast-global-color-5)","background-image":"","background-repeat":"repeat","background-position":"center center","background-size":"auto","background-attachment":"scroll","background-type":"","background-media":"","overlay-type":"","overlay-color":"","overlay-opacity":"","overlay-gradient":""},"mobile":{"background-color":"var(--ast-global-color-5)","background-image":"","background-repeat":"repeat","background-position":"center center","background-size":"auto","background-attachment":"scroll","background-type":"","background-media":"","overlay-type":"","overlay-color":"","overlay-opacity":"","overlay-gradient":""}}},"product_brand":[],"product_cat":[28],"product_tag":[],"class_list":{"0":"post-1731","1":"product","2":"type-product","3":"status-publish","4":"has-post-thumbnail","6":"product_cat-concrete-forming","7":"desktop-align-left","8":"tablet-align-left","9":"mobile-align-left","10":"ast-product-gallery-layout-horizontal-slider","11":"ast-product-tabs-layout-horizontal","13":"first","14":"instock","15":"shipping-taxable","16":"purchasable","17":"product-type-simple"},"yoast_head":"<!-- This site is optimized with the Yoast SEO plugin v25.2 - https:\/\/yoast.com\/wordpress\/plugins\/seo\/ -->\n<title>Concrete Ply Spacer Spreader Cleats<\/title>\n<meta name=\"description\" content=\"Plywood form concrete ply spacer.3\/4&quot; ply spacer,1-1\/8&quot; ply spacer.\" \/>\n<meta name=\"robots\" content=\"index, follow, max-snippet:-1, max-image-preview:large, max-video-preview:-1\" \/>\n<link rel=\"canonical\" href=\"https:\/\/qingdaohf.com\/tr\/urun\/kat-ara-parcasi\/\" \/>\n<meta property=\"og:locale\" content=\"tr_TR\" \/>\n<meta property=\"og:type\" content=\"article\" \/>\n<meta property=\"og:title\" content=\"Concrete Ply Spacer Spreader Cleats\" \/>\n<meta property=\"og:description\" content=\"Plywood form concrete ply spacer.3\/4&quot; ply spacer,1-1\/8&quot; ply spacer.\" \/>\n<meta property=\"og:url\" content=\"https:\/\/qingdaohf.com\/tr\/urun\/kat-ara-parcasi\/\" \/>\n<meta property=\"og:site_name\" content=\"Concrete Form &amp; Rigging Hardware Supplier\" \/>\n<meta property=\"article:publisher\" content=\"https:\/\/www.facebook.com\/qingdaohf\" \/>\n<meta property=\"article:modified_time\" content=\"2025-11-13T01:03:15+00:00\" \/>\n<meta property=\"og:image\" content=\"https:\/\/qingdaohf.com\/wp-content\/uploads\/2023\/01\/PLY-SPACER-3.jpg\" \/>\n\t<meta property=\"og:image:width\" content=\"1000\" \/>\n\t<meta property=\"og:image:height\" content=\"1000\" \/>\n\t<meta property=\"og:image:type\" content=\"image\/jpeg\" \/>\n<meta name=\"twitter:card\" content=\"summary_large_image\" \/>\n<meta name=\"twitter:label1\" content=\"Tahmini okuma s\u00fcresi\" \/>\n\t<meta name=\"twitter:data1\" content=\"4 dakika\" \/>\n<script type=\"application\/ld+json\" class=\"yoast-schema-graph\">{\"@context\":\"https:\/\/schema.org\",\"@graph\":[{\"@type\":\"WebPage\",\"@id\":\"https:\/\/qingdaohf.com\/product\/spreader-cleats\/\",\"url\":\"https:\/\/qingdaohf.com\/product\/spreader-cleats\/\",\"name\":\"Concrete Ply Spacer Spreader Cleats\",\"isPartOf\":{\"@id\":\"https:\/\/qingdaohf.com\/bg\/#website\"},\"primaryImageOfPage\":{\"@id\":\"https:\/\/qingdaohf.com\/product\/spreader-cleats\/#primaryimage\"},\"image\":{\"@id\":\"https:\/\/qingdaohf.com\/product\/spreader-cleats\/#primaryimage\"},\"thumbnailUrl\":\"https:\/\/qingdaohf.com\/wp-content\/uploads\/2023\/01\/PLY-SPACER-3.jpg\",\"datePublished\":\"2024-06-24T06:06:56+00:00\",\"dateModified\":\"2025-11-13T01:03:15+00:00\",\"description\":\"Plywood form concrete ply spacer.3\/4\\\" ply spacer,1-1\/8\\\" ply spacer.\",\"breadcrumb\":{\"@id\":\"https:\/\/qingdaohf.com\/product\/spreader-cleats\/#breadcrumb\"},\"inLanguage\":\"tr\",\"potentialAction\":[{\"@type\":\"ReadAction\",\"target\":[\"https:\/\/qingdaohf.com\/product\/spreader-cleats\/\"]}]},{\"@type\":\"ImageObject\",\"inLanguage\":\"tr\",\"@id\":\"https:\/\/qingdaohf.com\/product\/spreader-cleats\/#primaryimage\",\"url\":\"https:\/\/qingdaohf.com\/wp-content\/uploads\/2023\/01\/PLY-SPACER-3.jpg\",\"contentUrl\":\"https:\/\/qingdaohf.com\/wp-content\/uploads\/2023\/01\/PLY-SPACER-3.jpg\",\"width\":1000,\"height\":1000,\"caption\":\"PLY SPACER\"},{\"@type\":\"BreadcrumbList\",\"@id\":\"https:\/\/qingdaohf.com\/product\/spreader-cleats\/#breadcrumb\",\"itemListElement\":[{\"@type\":\"ListItem\",\"position\":1,\"name\":\"Home\",\"item\":\"https:\/\/qingdaohf.com\/\"},{\"@type\":\"ListItem\",\"position\":2,\"name\":\"Concrete Forming Accessories and Rigging Hardware\",\"item\":\"https:\/\/qingdaohf.com\/bg\/?page_id=944\"},{\"@type\":\"ListItem\",\"position\":3,\"name\":\"Concrete Ply Spacer Spreader Cleats\"}]},{\"@type\":\"WebSite\",\"@id\":\"https:\/\/qingdaohf.com\/bg\/#website\",\"url\":\"https:\/\/qingdaohf.com\/bg\/\",\"name\":\"Concrete Form & Rigging Hardware Supplier\",\"description\":\"\",\"publisher\":{\"@id\":\"https:\/\/qingdaohf.com\/bg\/#organization\"},\"potentialAction\":[{\"@type\":\"SearchAction\",\"target\":{\"@type\":\"EntryPoint\",\"urlTemplate\":\"https:\/\/qingdaohf.com\/bg\/?s={search_term_string}\"},\"query-input\":{\"@type\":\"PropertyValueSpecification\",\"valueRequired\":true,\"valueName\":\"search_term_string\"}}],\"inLanguage\":\"tr\"},{\"@type\":\"Organization\",\"@id\":\"https:\/\/qingdaohf.com\/bg\/#organization\",\"name\":\"Qingdao H&F\",\"url\":\"https:\/\/qingdaohf.com\/bg\/\",\"logo\":{\"@type\":\"ImageObject\",\"inLanguage\":\"tr\",\"@id\":\"https:\/\/qingdaohf.com\/bg\/#\/schema\/logo\/image\/\",\"url\":\"https:\/\/qingdaohf.com\/wp-content\/uploads\/2022\/12\/cropped-HF-LOGO.png\",\"contentUrl\":\"https:\/\/qingdaohf.com\/wp-content\/uploads\/2022\/12\/cropped-HF-LOGO.png\",\"width\":391,\"height\":249,\"caption\":\"Qingdao H&F\"},\"image\":{\"@id\":\"https:\/\/qingdaohf.com\/bg\/#\/schema\/logo\/image\/\"},\"sameAs\":[\"https:\/\/www.facebook.com\/qingdaohf\"]}]}<\/script>\n<!-- \/ Yoast SEO plugin. -->","yoast_head_json":{"title":"Concrete Ply Spacer Spreader Cleats","description":"Plywood form concrete ply spacer.3\/4\" ply spacer,1-1\/8\" ply spacer.","robots":{"index":"index","follow":"follow","max-snippet":"max-snippet:-1","max-image-preview":"max-image-preview:large","max-video-preview":"max-video-preview:-1"},"canonical":"https:\/\/qingdaohf.com\/tr\/urun\/kat-ara-parcasi\/","og_locale":"tr_TR","og_type":"article","og_title":"Concrete Ply Spacer Spreader Cleats","og_description":"Plywood form concrete ply spacer.3\/4\" ply spacer,1-1\/8\" ply spacer.","og_url":"https:\/\/qingdaohf.com\/tr\/urun\/kat-ara-parcasi\/","og_site_name":"Concrete Form &amp; Rigging Hardware Supplier","article_publisher":"https:\/\/www.facebook.com\/qingdaohf","article_modified_time":"2025-11-13T01:03:15+00:00","og_image":[{"width":1000,"height":1000,"url":"https:\/\/qingdaohf.com\/wp-content\/uploads\/2023\/01\/PLY-SPACER-3.jpg","type":"image\/jpeg"}],"twitter_card":"summary_large_image","twitter_misc":{"Tahmini okuma s\u00fcresi":"4 dakika"},"schema":{"@context":"https:\/\/schema.org","@graph":[{"@type":"WebPage","@id":"https:\/\/qingdaohf.com\/product\/spreader-cleats\/","url":"https:\/\/qingdaohf.com\/product\/spreader-cleats\/","name":"Concrete Ply Spacer Spreader Cleats","isPartOf":{"@id":"https:\/\/qingdaohf.com\/bg\/#website"},"primaryImageOfPage":{"@id":"https:\/\/qingdaohf.com\/product\/spreader-cleats\/#primaryimage"},"image":{"@id":"https:\/\/qingdaohf.com\/product\/spreader-cleats\/#primaryimage"},"thumbnailUrl":"https:\/\/qingdaohf.com\/wp-content\/uploads\/2023\/01\/PLY-SPACER-3.jpg","datePublished":"2024-06-24T06:06:56+00:00","dateModified":"2025-11-13T01:03:15+00:00","description":"Plywood form concrete ply spacer.3\/4\" ply spacer,1-1\/8\" ply spacer.","breadcrumb":{"@id":"https:\/\/qingdaohf.com\/product\/spreader-cleats\/#breadcrumb"},"inLanguage":"tr","potentialAction":[{"@type":"ReadAction","target":["https:\/\/qingdaohf.com\/product\/spreader-cleats\/"]}]},{"@type":"ImageObject","inLanguage":"tr","@id":"https:\/\/qingdaohf.com\/product\/spreader-cleats\/#primaryimage","url":"https:\/\/qingdaohf.com\/wp-content\/uploads\/2023\/01\/PLY-SPACER-3.jpg","contentUrl":"https:\/\/qingdaohf.com\/wp-content\/uploads\/2023\/01\/PLY-SPACER-3.jpg","width":1000,"height":1000,"caption":"PLY SPACER"},{"@type":"BreadcrumbList","@id":"https:\/\/qingdaohf.com\/product\/spreader-cleats\/#breadcrumb","itemListElement":[{"@type":"ListItem","position":1,"name":"Home","item":"https:\/\/qingdaohf.com\/"},{"@type":"ListItem","position":2,"name":"Concrete Forming Accessories and Rigging Hardware","item":"https:\/\/qingdaohf.com\/bg\/?page_id=944"},{"@type":"ListItem","position":3,"name":"Concrete Ply Spacer Spreader Cleats"}]},{"@type":"WebSite","@id":"https:\/\/qingdaohf.com\/bg\/#website","url":"https:\/\/qingdaohf.com\/bg\/","name":"Concrete Form & Rigging Hardware Supplier","description":"","publisher":{"@id":"https:\/\/qingdaohf.com\/bg\/#organization"},"potentialAction":[{"@type":"SearchAction","target":{"@type":"EntryPoint","urlTemplate":"https:\/\/qingdaohf.com\/bg\/?s={search_term_string}"},"query-input":{"@type":"PropertyValueSpecification","valueRequired":true,"valueName":"search_term_string"}}],"inLanguage":"tr"},{"@type":"Organization","@id":"https:\/\/qingdaohf.com\/bg\/#organization","name":"Qingdao H&F","url":"https:\/\/qingdaohf.com\/bg\/","logo":{"@type":"ImageObject","inLanguage":"tr","@id":"https:\/\/qingdaohf.com\/bg\/#\/schema\/logo\/image\/","url":"https:\/\/qingdaohf.com\/wp-content\/uploads\/2022\/12\/cropped-HF-LOGO.png","contentUrl":"https:\/\/qingdaohf.com\/wp-content\/uploads\/2022\/12\/cropped-HF-LOGO.png","width":391,"height":249,"caption":"Qingdao H&F"},"image":{"@id":"https:\/\/qingdaohf.com\/bg\/#\/schema\/logo\/image\/"},"sameAs":["https:\/\/www.facebook.com\/qingdaohf"]}]}},"_links":{"self":[{"href":"https:\/\/qingdaohf.com\/tr\/wp-json\/wp\/v2\/product\/1731","targetHints":{"allow":["GET"]}}],"collection":[{"href":"https:\/\/qingdaohf.com\/tr\/wp-json\/wp\/v2\/product"}],"about":[{"href":"https:\/\/qingdaohf.com\/tr\/wp-json\/wp\/v2\/types\/product"}],"replies":[{"embeddable":true,"href":"https:\/\/qingdaohf.com\/tr\/wp-json\/wp\/v2\/comments?post=1731"}],"version-history":[{"count":5,"href":"https:\/\/qingdaohf.com\/tr\/wp-json\/wp\/v2\/product\/1731\/revisions"}],"predecessor-version":[{"id":9012,"href":"https:\/\/qingdaohf.com\/tr\/wp-json\/wp\/v2\/product\/1731\/revisions\/9012"}],"wp:featuredmedia":[{"embeddable":true,"href":"https:\/\/qingdaohf.com\/tr\/wp-json\/wp\/v2\/media\/2918"}],"wp:attachment":[{"href":"https:\/\/qingdaohf.com\/tr\/wp-json\/wp\/v2\/media?parent=1731"}],"wp:term":[{"taxonomy":"product_brand","embeddable":true,"href":"https:\/\/qingdaohf.com\/tr\/wp-json\/wp\/v2\/product_brand?post=1731"},{"taxonomy":"product_cat","embeddable":true,"href":"https:\/\/qingdaohf.com\/tr\/wp-json\/wp\/v2\/product_cat?post=1731"},{"taxonomy":"product_tag","embeddable":true,"href":"https:\/\/qingdaohf.com\/tr\/wp-json\/wp\/v2\/product_tag?post=1731"}],"curies":[{"name":"wp","href":"https:\/\/api.w.org\/{rel}","templated":true}]}}