{"id":1896,"date":"2023-01-31T18:03:38","date_gmt":"2023-01-31T10:03:38","guid":{"rendered":"http:\/\/qingdaohf.com\/?post_type=product&#038;p=1896"},"modified":"2025-11-13T09:06:39","modified_gmt":"2025-11-13T01:06:39","slug":"waler-bracket","status":"publish","type":"product","link":"https:\/\/qingdaohf.com\/tr\/urun\/waler-braketi\/","title":{"rendered":"Beton Form Tek Waler Kama Braketi"},"content":{"rendered":"<p>Tekli waler braketi, beton kal\u0131p sistemlerinde yatay walerleri veya kiri\u015fleri desteklemek i\u00e7in kullan\u0131lan bir bile\u015fendir. Genellikle \u00e7elik veya al\u00fcminyumdan yap\u0131l\u0131r ve c\u0131vatalar veya pimler arac\u0131l\u0131\u011f\u0131yla direkler veya k\u0131y\u0131lar gibi dikey kal\u0131p desteklerine tak\u0131lmak \u00fczere tasarlanm\u0131\u015ft\u0131r.<\/p>\n<p>Tekli waler braketinin amac\u0131, beton kal\u0131p sisteminin a\u011f\u0131rl\u0131\u011f\u0131n\u0131 ve i\u00e7ine d\u00f6k\u00fclen \u0131slak betonu desteklemek i\u00e7in kullan\u0131lan yatay walerlar i\u00e7in g\u00fcvenli bir ba\u011flant\u0131 noktas\u0131 sa\u011flamakt\u0131r. Y\u00fckleniciler, tekli waler braketlerini kullanarak, beton d\u00f6k\u00fcm\u00fcn\u00fcn \u00f6zel gereksinimlerine uyacak \u015fekilde yatay walerlerin yerle\u015fimini h\u0131zl\u0131 ve kolay bir \u015fekilde ayarlayabilirler.<\/p>\n<p>Tekli waler braketleri duvarlar, kolonlar ve kiri\u015fler gibi beton in\u015faat projelerinde yayg\u0131n olarak kullan\u0131l\u0131r. Kurulumu kolay oldu\u011fu ve yatay duvarlar i\u00e7in g\u00fc\u00e7l\u00fc, sa\u011flam bir destek sa\u011flad\u0131\u011f\u0131 i\u00e7in genellikle di\u011fer duvar braketi t\u00fcrlerine g\u00f6re tercih edilirler. Ek olarak, tek kanatla \u00e7al\u0131\u015fmak \u00fczere tasarland\u0131klar\u0131ndan, iki kanat gerektiren \u00e7ift kanat braketlerine k\u0131yasla daha hafif ve uygun maliyetlidirler.<\/p>","protected":false},"excerpt":{"rendered":"<p data-spm-anchor-id=\"a2700.details.0.i12.75f2381aHLU4ol\">Beton Kal\u0131p \u0130n\u015faat Yap\u0131 Formlar\u0131 Aksesuarlar\u0131 \u00c7elik Simli Tek Waler Kama Braketi<\/p>","protected":false},"featured_media":2997,"comment_status":"open","ping_status":"closed","template":"","meta":{"site-sidebar-layout":"default","site-content-layout":"default","ast-site-content-layout":"","site-content-style":"default","site-sidebar-style":"default","ast-global-header-display":"","ast-banner-title-visibility":"","ast-main-header-display":"","ast-hfb-above-header-display":"","ast-hfb-below-header-display":"","ast-hfb-mobile-header-display":"","site-post-title":"","ast-breadcrumbs-content":"","ast-featured-img":"","footer-sml-layout":"","theme-transparent-header-meta":"default","adv-header-id-meta":"","stick-header-meta":"default","header-above-stick-meta":"","header-main-stick-meta":"","header-below-stick-meta":"","astra-migrate-meta-layouts":"default","ast-page-background-enabled":"default","ast-page-background-meta":{"desktop":{"background-color":"","background-image":"","background-repeat":"repeat","background-position":"center center","background-size":"auto","background-attachment":"scroll","background-type":"","background-media":"","overlay-type":"","overlay-color":"","overlay-opacity":"","overlay-gradient":""},"tablet":{"background-color":"","background-image":"","background-repeat":"repeat","background-position":"center center","background-size":"auto","background-attachment":"scroll","background-type":"","background-media":"","overlay-type":"","overlay-color":"","overlay-opacity":"","overlay-gradient":""},"mobile":{"background-color":"","background-image":"","background-repeat":"repeat","background-position":"center center","background-size":"auto","background-attachment":"scroll","background-type":"","background-media":"","overlay-type":"","overlay-color":"","overlay-opacity":"","overlay-gradient":""}},"ast-content-background-meta":{"desktop":{"background-color":"var(--ast-global-color-5)","background-image":"","background-repeat":"repeat","background-position":"center center","background-size":"auto","background-attachment":"scroll","background-type":"","background-media":"","overlay-type":"","overlay-color":"","overlay-opacity":"","overlay-gradient":""},"tablet":{"background-color":"var(--ast-global-color-5)","background-image":"","background-repeat":"repeat","background-position":"center center","background-size":"auto","background-attachment":"scroll","background-type":"","background-media":"","overlay-type":"","overlay-color":"","overlay-opacity":"","overlay-gradient":""},"mobile":{"background-color":"var(--ast-global-color-5)","background-image":"","background-repeat":"repeat","background-position":"center center","background-size":"auto","background-attachment":"scroll","background-type":"","background-media":"","overlay-type":"","overlay-color":"","overlay-opacity":"","overlay-gradient":""}}},"product_brand":[],"product_cat":[28],"product_tag":[],"class_list":{"0":"post-1896","1":"product","2":"type-product","3":"status-publish","4":"has-post-thumbnail","6":"product_cat-concrete-forming","7":"desktop-align-left","8":"tablet-align-left","9":"mobile-align-left","10":"ast-product-gallery-layout-horizontal-slider","11":"ast-product-tabs-layout-horizontal","13":"first","14":"instock","15":"shipping-taxable","16":"purchasable","17":"product-type-simple"},"yoast_head":"<!-- This site is optimized with the Yoast SEO plugin v25.2 - https:\/\/yoast.com\/wordpress\/plugins\/seo\/ -->\n<title>Concrete Form Single Waler Wedge Bracket<\/title>\n<meta name=\"description\" content=\"Concrete Formwork Construction Building Forms Accessories Steel Silvery Single Waler Wedge Bracket\" \/>\n<meta name=\"robots\" content=\"index, follow, max-snippet:-1, max-image-preview:large, max-video-preview:-1\" \/>\n<link rel=\"canonical\" href=\"https:\/\/qingdaohf.com\/tr\/urun\/waler-braketi\/\" \/>\n<meta property=\"og:locale\" content=\"tr_TR\" \/>\n<meta property=\"og:type\" content=\"article\" \/>\n<meta property=\"og:title\" content=\"Concrete Form Single Waler Wedge Bracket\" \/>\n<meta property=\"og:description\" content=\"Concrete Formwork Construction Building Forms Accessories Steel Silvery Single Waler Wedge Bracket\" \/>\n<meta property=\"og:url\" content=\"https:\/\/qingdaohf.com\/tr\/urun\/waler-braketi\/\" \/>\n<meta property=\"og:site_name\" content=\"Concrete Form &amp; Rigging Hardware Supplier\" \/>\n<meta property=\"article:publisher\" content=\"https:\/\/www.facebook.com\/qingdaohf\" \/>\n<meta property=\"article:modified_time\" content=\"2025-11-13T01:06:39+00:00\" \/>\n<meta property=\"og:image\" content=\"https:\/\/qingdaohf.com\/wp-content\/uploads\/2023\/01\/BURKE-BRACKET-1.jpg\" \/>\n\t<meta property=\"og:image:width\" content=\"1000\" \/>\n\t<meta property=\"og:image:height\" content=\"1000\" \/>\n\t<meta property=\"og:image:type\" content=\"image\/jpeg\" \/>\n<meta name=\"twitter:card\" content=\"summary_large_image\" \/>\n<meta name=\"twitter:label1\" content=\"Tahmini okuma s\u00fcresi\" \/>\n\t<meta name=\"twitter:data1\" content=\"1 dakika\" \/>\n<script type=\"application\/ld+json\" class=\"yoast-schema-graph\">{\"@context\":\"https:\/\/schema.org\",\"@graph\":[{\"@type\":\"WebPage\",\"@id\":\"https:\/\/qingdaohf.com\/product\/waler-bracket\/\",\"url\":\"https:\/\/qingdaohf.com\/product\/waler-bracket\/\",\"name\":\"Concrete Form Single Waler Wedge Bracket\",\"isPartOf\":{\"@id\":\"https:\/\/qingdaohf.com\/bg\/#website\"},\"primaryImageOfPage\":{\"@id\":\"https:\/\/qingdaohf.com\/product\/waler-bracket\/#primaryimage\"},\"image\":{\"@id\":\"https:\/\/qingdaohf.com\/product\/waler-bracket\/#primaryimage\"},\"thumbnailUrl\":\"https:\/\/qingdaohf.com\/wp-content\/uploads\/2023\/01\/BURKE-BRACKET-1.jpg\",\"datePublished\":\"2023-01-31T10:03:38+00:00\",\"dateModified\":\"2025-11-13T01:06:39+00:00\",\"description\":\"Concrete Formwork Construction Building Forms Accessories Steel Silvery Single Waler Wedge Bracket\",\"breadcrumb\":{\"@id\":\"https:\/\/qingdaohf.com\/product\/waler-bracket\/#breadcrumb\"},\"inLanguage\":\"tr\",\"potentialAction\":[{\"@type\":\"ReadAction\",\"target\":[\"https:\/\/qingdaohf.com\/product\/waler-bracket\/\"]}]},{\"@type\":\"ImageObject\",\"inLanguage\":\"tr\",\"@id\":\"https:\/\/qingdaohf.com\/product\/waler-bracket\/#primaryimage\",\"url\":\"https:\/\/qingdaohf.com\/wp-content\/uploads\/2023\/01\/BURKE-BRACKET-1.jpg\",\"contentUrl\":\"https:\/\/qingdaohf.com\/wp-content\/uploads\/2023\/01\/BURKE-BRACKET-1.jpg\",\"width\":1000,\"height\":1000,\"caption\":\"WALER BRACKET\"},{\"@type\":\"BreadcrumbList\",\"@id\":\"https:\/\/qingdaohf.com\/product\/waler-bracket\/#breadcrumb\",\"itemListElement\":[{\"@type\":\"ListItem\",\"position\":1,\"name\":\"Home\",\"item\":\"https:\/\/qingdaohf.com\/\"},{\"@type\":\"ListItem\",\"position\":2,\"name\":\"Concrete Forming Accessories and Rigging Hardware\",\"item\":\"https:\/\/qingdaohf.com\/bg\/?page_id=944\"},{\"@type\":\"ListItem\",\"position\":3,\"name\":\"Concrete Form Single Waler Wedge Bracket\"}]},{\"@type\":\"WebSite\",\"@id\":\"https:\/\/qingdaohf.com\/bg\/#website\",\"url\":\"https:\/\/qingdaohf.com\/bg\/\",\"name\":\"Concrete Form & Rigging Hardware Supplier\",\"description\":\"\",\"publisher\":{\"@id\":\"https:\/\/qingdaohf.com\/bg\/#organization\"},\"potentialAction\":[{\"@type\":\"SearchAction\",\"target\":{\"@type\":\"EntryPoint\",\"urlTemplate\":\"https:\/\/qingdaohf.com\/bg\/?s={search_term_string}\"},\"query-input\":{\"@type\":\"PropertyValueSpecification\",\"valueRequired\":true,\"valueName\":\"search_term_string\"}}],\"inLanguage\":\"tr\"},{\"@type\":\"Organization\",\"@id\":\"https:\/\/qingdaohf.com\/bg\/#organization\",\"name\":\"Qingdao H&F\",\"url\":\"https:\/\/qingdaohf.com\/bg\/\",\"logo\":{\"@type\":\"ImageObject\",\"inLanguage\":\"tr\",\"@id\":\"https:\/\/qingdaohf.com\/bg\/#\/schema\/logo\/image\/\",\"url\":\"https:\/\/qingdaohf.com\/wp-content\/uploads\/2022\/12\/cropped-HF-LOGO.png\",\"contentUrl\":\"https:\/\/qingdaohf.com\/wp-content\/uploads\/2022\/12\/cropped-HF-LOGO.png\",\"width\":391,\"height\":249,\"caption\":\"Qingdao H&F\"},\"image\":{\"@id\":\"https:\/\/qingdaohf.com\/bg\/#\/schema\/logo\/image\/\"},\"sameAs\":[\"https:\/\/www.facebook.com\/qingdaohf\"]}]}<\/script>\n<!-- \/ Yoast SEO plugin. -->","yoast_head_json":{"title":"Concrete Form Single Waler Wedge Bracket","description":"Concrete Formwork Construction Building Forms Accessories Steel Silvery Single Waler Wedge Bracket","robots":{"index":"index","follow":"follow","max-snippet":"max-snippet:-1","max-image-preview":"max-image-preview:large","max-video-preview":"max-video-preview:-1"},"canonical":"https:\/\/qingdaohf.com\/tr\/urun\/waler-braketi\/","og_locale":"tr_TR","og_type":"article","og_title":"Concrete Form Single Waler Wedge Bracket","og_description":"Concrete Formwork Construction Building Forms Accessories Steel Silvery Single Waler Wedge Bracket","og_url":"https:\/\/qingdaohf.com\/tr\/urun\/waler-braketi\/","og_site_name":"Concrete Form &amp; Rigging Hardware Supplier","article_publisher":"https:\/\/www.facebook.com\/qingdaohf","article_modified_time":"2025-11-13T01:06:39+00:00","og_image":[{"width":1000,"height":1000,"url":"https:\/\/qingdaohf.com\/wp-content\/uploads\/2023\/01\/BURKE-BRACKET-1.jpg","type":"image\/jpeg"}],"twitter_card":"summary_large_image","twitter_misc":{"Tahmini okuma s\u00fcresi":"1 dakika"},"schema":{"@context":"https:\/\/schema.org","@graph":[{"@type":"WebPage","@id":"https:\/\/qingdaohf.com\/product\/waler-bracket\/","url":"https:\/\/qingdaohf.com\/product\/waler-bracket\/","name":"Concrete Form Single Waler Wedge Bracket","isPartOf":{"@id":"https:\/\/qingdaohf.com\/bg\/#website"},"primaryImageOfPage":{"@id":"https:\/\/qingdaohf.com\/product\/waler-bracket\/#primaryimage"},"image":{"@id":"https:\/\/qingdaohf.com\/product\/waler-bracket\/#primaryimage"},"thumbnailUrl":"https:\/\/qingdaohf.com\/wp-content\/uploads\/2023\/01\/BURKE-BRACKET-1.jpg","datePublished":"2023-01-31T10:03:38+00:00","dateModified":"2025-11-13T01:06:39+00:00","description":"Concrete Formwork Construction Building Forms Accessories Steel Silvery Single Waler Wedge Bracket","breadcrumb":{"@id":"https:\/\/qingdaohf.com\/product\/waler-bracket\/#breadcrumb"},"inLanguage":"tr","potentialAction":[{"@type":"ReadAction","target":["https:\/\/qingdaohf.com\/product\/waler-bracket\/"]}]},{"@type":"ImageObject","inLanguage":"tr","@id":"https:\/\/qingdaohf.com\/product\/waler-bracket\/#primaryimage","url":"https:\/\/qingdaohf.com\/wp-content\/uploads\/2023\/01\/BURKE-BRACKET-1.jpg","contentUrl":"https:\/\/qingdaohf.com\/wp-content\/uploads\/2023\/01\/BURKE-BRACKET-1.jpg","width":1000,"height":1000,"caption":"WALER BRACKET"},{"@type":"BreadcrumbList","@id":"https:\/\/qingdaohf.com\/product\/waler-bracket\/#breadcrumb","itemListElement":[{"@type":"ListItem","position":1,"name":"Home","item":"https:\/\/qingdaohf.com\/"},{"@type":"ListItem","position":2,"name":"Concrete Forming Accessories and Rigging Hardware","item":"https:\/\/qingdaohf.com\/bg\/?page_id=944"},{"@type":"ListItem","position":3,"name":"Concrete Form Single Waler Wedge Bracket"}]},{"@type":"WebSite","@id":"https:\/\/qingdaohf.com\/bg\/#website","url":"https:\/\/qingdaohf.com\/bg\/","name":"Concrete Form & Rigging Hardware Supplier","description":"","publisher":{"@id":"https:\/\/qingdaohf.com\/bg\/#organization"},"potentialAction":[{"@type":"SearchAction","target":{"@type":"EntryPoint","urlTemplate":"https:\/\/qingdaohf.com\/bg\/?s={search_term_string}"},"query-input":{"@type":"PropertyValueSpecification","valueRequired":true,"valueName":"search_term_string"}}],"inLanguage":"tr"},{"@type":"Organization","@id":"https:\/\/qingdaohf.com\/bg\/#organization","name":"Qingdao H&F","url":"https:\/\/qingdaohf.com\/bg\/","logo":{"@type":"ImageObject","inLanguage":"tr","@id":"https:\/\/qingdaohf.com\/bg\/#\/schema\/logo\/image\/","url":"https:\/\/qingdaohf.com\/wp-content\/uploads\/2022\/12\/cropped-HF-LOGO.png","contentUrl":"https:\/\/qingdaohf.com\/wp-content\/uploads\/2022\/12\/cropped-HF-LOGO.png","width":391,"height":249,"caption":"Qingdao H&F"},"image":{"@id":"https:\/\/qingdaohf.com\/bg\/#\/schema\/logo\/image\/"},"sameAs":["https:\/\/www.facebook.com\/qingdaohf"]}]}},"_links":{"self":[{"href":"https:\/\/qingdaohf.com\/tr\/wp-json\/wp\/v2\/product\/1896","targetHints":{"allow":["GET"]}}],"collection":[{"href":"https:\/\/qingdaohf.com\/tr\/wp-json\/wp\/v2\/product"}],"about":[{"href":"https:\/\/qingdaohf.com\/tr\/wp-json\/wp\/v2\/types\/product"}],"replies":[{"embeddable":true,"href":"https:\/\/qingdaohf.com\/tr\/wp-json\/wp\/v2\/comments?post=1896"}],"version-history":[{"count":2,"href":"https:\/\/qingdaohf.com\/tr\/wp-json\/wp\/v2\/product\/1896\/revisions"}],"predecessor-version":[{"id":10468,"href":"https:\/\/qingdaohf.com\/tr\/wp-json\/wp\/v2\/product\/1896\/revisions\/10468"}],"wp:featuredmedia":[{"embeddable":true,"href":"https:\/\/qingdaohf.com\/tr\/wp-json\/wp\/v2\/media\/2997"}],"wp:attachment":[{"href":"https:\/\/qingdaohf.com\/tr\/wp-json\/wp\/v2\/media?parent=1896"}],"wp:term":[{"taxonomy":"product_brand","embeddable":true,"href":"https:\/\/qingdaohf.com\/tr\/wp-json\/wp\/v2\/product_brand?post=1896"},{"taxonomy":"product_cat","embeddable":true,"href":"https:\/\/qingdaohf.com\/tr\/wp-json\/wp\/v2\/product_cat?post=1896"},{"taxonomy":"product_tag","embeddable":true,"href":"https:\/\/qingdaohf.com\/tr\/wp-json\/wp\/v2\/product_tag?post=1896"}],"curies":[{"name":"wp","href":"https:\/\/api.w.org\/{rel}","templated":true}]}}