{"id":1909,"date":"2023-11-24T16:40:58","date_gmt":"2023-11-24T08:40:58","guid":{"rendered":"http:\/\/qingdaohf.com\/?post_type=product&#038;p=1909"},"modified":"2025-11-13T09:04:01","modified_gmt":"2025-11-13T01:04:01","slug":"aluminum-form-tie","status":"publish","type":"product","link":"https:\/\/qingdaohf.com\/tr\/urun\/aluminyum-form-bagi\/","title":{"rendered":"Al\u00fcminyum Form Ba\u011f\u0131 Tam Duvar Ba\u011f\u0131 Nominal Ba\u011f"},"content":{"rendered":"<h2>Al\u00fcminyum Form Ba\u011flar\u0131n\u0131 Anlamak<\/h2>\n<p>Al\u00fcminyum kal\u0131p ba\u011flar\u0131, hassasiyet ve mukavemetin \u00e7ok \u00f6nemli oldu\u011fu beton \u015fekillendirme uygulamalar\u0131nda vazge\u00e7ilmezdir. H&amp;F, sa\u011flam dayan\u0131kl\u0131l\u0131\u011f\u0131 b\u00fct\u00e7enizi sarsmayacak pratik \u00f6zelliklerle birle\u015ftirerek sahada sizi yar\u0131 yolda b\u0131rakmayacak kal\u0131p ba\u011flar\u0131 \u00fcretir.<\/p>\n<h3>Al\u00fcminyum Form Ba\u011flar\u0131n\u0131n Temel \u00d6zellikleri<\/h3>\n<h4>G\u00fc\u00e7 ve Dayan\u0131kl\u0131l\u0131k<\/h4>\n<p>Bu ba\u011flar g\u00fc\u00e7 s\u00f6z konusu oldu\u011funda oyalanmazlar - beton yap\u0131lar\u0131n\u0131z\u0131 kaya gibi sa\u011flam tutmak i\u00e7in tank gibi in\u015fa edilmi\u015flerdir. Hava ko\u015fullar\u0131na maruz b\u0131rak\u0131n, \u00e7al\u0131\u015ft\u0131r\u0131n, elementlere maruz b\u0131rak\u0131n - her g\u00fcn performans g\u00f6stermeye devam edeceklerdir.<\/p>\n<h4>Hafif ve Kolay Kullan\u0131m<\/h4>\n<p>T\u00fcm bu kas g\u00fcc\u00fcn\u00fcn ekstra a\u011f\u0131rl\u0131kla birlikte gelmesini bekleyebilirsiniz, ancak bu kravatlar \u015fa\u015f\u0131rt\u0131c\u0131 derecede hafif kal\u0131r. Ekipleriniz kendilerini y\u0131pratmadan daha h\u0131zl\u0131 ve daha uzun s\u00fcre \u00e7al\u0131\u015fabilir.<\/p>\n<h3>Al\u00fcminyum Form Ba\u011flar\u0131 \u00c7e\u015fitleri<\/h3>\n<h4>Tam Ba\u011flar<\/h4>\n<p>Tam ba\u011flar, sars\u0131lmaz destek ve performans gerektiren ciddi kal\u0131plarla u\u011fra\u015f\u0131rken ba\u015fvuraca\u011f\u0131n\u0131z se\u00e7enektir.<\/p>\n<h5>Tam Ba\u011f Uygulamalar\u0131<\/h5>\n<p>Bu y\u00fck beygirleri, kal\u0131b\u0131n b\u00fcy\u00fck y\u00fckleri sars\u0131lmadan ta\u015f\u0131mas\u0131 gereken b\u00fcy\u00fck projelerde ortaya \u00e7\u0131kar.<\/p>\n<h5>Tam Ba\u011flar\u0131n Avantajlar\u0131<\/h5>\n<p>K\u00fcrleme s\u00fcreci boyunca her \u015feyi yerinde sabit tutarken \u015fampiyonlar gibi gerilime direnecek tam ba\u011flara g\u00fcvenin.<\/p>\n<h4>Nominal Ba\u011flar<\/h4>\n<p>G\u00fc\u00e7 ve manevra kabiliyeti aras\u0131nda m\u00fckemmel bir dengeye ihtiya\u00e7 duydu\u011funuzda nominal ba\u011flar \u00f6ne \u00e7\u0131kar.<\/p>\n<h5>Nominal Ba\u011flar\u0131n Kullan\u0131m Alanlar\u0131<\/h5>\n<p>Daha k\u00fc\u00e7\u00fck projeler veya g\u00fcvenilirlikten \u00f6d\u00fcn vermeden a\u011f\u0131rl\u0131k tasarrufunun \u00f6nemli oldu\u011fu her yer i\u00e7in m\u00fckemmeldir.<\/p>\n<h5>Nominal Ba\u011flar\u0131n Faydalar\u0131<\/h5>\n<p>Bu ba\u011flar, sahada sa\u011flam bir performans sunmak i\u00e7in a\u015f\u0131r\u0131 hacme ihtiyac\u0131n\u0131z olmad\u0131\u011f\u0131n\u0131 kan\u0131tl\u0131yor.<\/p>\n<p><img fetchpriority=\"high\" decoding=\"async\" class=\"alignnone wp-image-7054 size-full\" src=\"http:\/\/qingdaohf.com\/wp-content\/uploads\/2023\/11\/aluminum-form-tie.jpg\" alt=\"al\u00fcminyum form ba\u011f\u0131\" width=\"1005\" height=\"383\" srcset=\"https:\/\/qingdaohf.com\/wp-content\/uploads\/2023\/11\/aluminum-form-tie.jpg 1005w, https:\/\/qingdaohf.com\/wp-content\/uploads\/2023\/11\/aluminum-form-tie-300x114.jpg 300w, https:\/\/qingdaohf.com\/wp-content\/uploads\/2023\/11\/aluminum-form-tie-768x293.jpg 768w, https:\/\/qingdaohf.com\/wp-content\/uploads\/2023\/11\/aluminum-form-tie-18x7.jpg 18w, https:\/\/qingdaohf.com\/wp-content\/uploads\/2023\/11\/aluminum-form-tie-1000x381.jpg 1000w\" sizes=\"(max-width: 1005px) 100vw, 1005px\" \/><\/p>\n<h3>Temel Faydalar ve Kalite G\u00fcvencesi<\/h3>\n<h4>Korozyon Direnci ve Verimlilik<\/h4>\n<p>Do\u011fa ana bu ba\u011flara ne yaparsa yaps\u0131n, do\u011fal korozyon direnci sayesinde zorlu ko\u015fullarda bile performanslar\u0131n\u0131 koruyacaklard\u0131r. Hafif tasar\u0131m sadece kolayl\u0131k sa\u011flamakla kalmaz, yap\u0131sal b\u00fct\u00fcnl\u00fckten \u00f6d\u00fcn vermeden ger\u00e7ek verimlilik kazan\u0131mlar\u0131 sa\u011flar.<\/p>\n<h4>Kalite Kontrol \u00d6nlemleri<\/h4>\n<p>H&amp;F'de kalite konusunda tak\u0131nt\u0131l\u0131y\u0131z. Her kravat, en \u00e7ok ihtiya\u00e7 duydu\u011funuz anda tam olarak s\u00f6z verildi\u011fi gibi performans g\u00f6sterece\u011finden emin olmak i\u00e7in bir dizi testten ge\u00e7er.<\/p>\n<h4>M\u00fc\u015fteri Hizmetlerinde M\u00fckemmellik<\/h4>\n<p>\u0130n\u015faat\u0131n i\u00e7ini ve d\u0131\u015f\u0131n\u0131 biliyoruz ve ekibimiz, \u00f6zel proje taleplerine uyan kal\u0131p ba\u011flar\u0131yla e\u015fle\u015ftirmek i\u00e7in do\u011frudan al\u0131c\u0131larla birlikte \u00e7al\u0131\u015f\u0131yor.<\/p>\n<h4>\u00d6zelle\u015ftirme Se\u00e7enekleri<\/h4>\n<p>Her i\u015fin kendine has \u00f6zellikleri vard\u0131r - bu nedenle mevcut kal\u0131p sistemlerinizle sorunsuz bir \u015fekilde \u00e7al\u0131\u015fmak i\u00e7in \u00e7e\u015fitli uzunluklarda ve \u00e7aplarda ba\u011flar sunuyoruz.<\/p>\n<h4>Kalite Denetim Raporlar\u0131<\/h4>\n<p>S\u00fcrpriz yok - her parti, gerilme mukavemetinden uzamaya ve y\u00fczey kalitesine kadar her \u015feyi kapsayan kapsaml\u0131 test verileriyle birlikte g\u00f6nderilir.<\/p>\n<h3>Verimlilik ve Maliyet Etkililik<\/h3>\n<p>\u0130n\u015faat tamamen karl\u0131l\u0131kla ilgilidir. Al\u00fcminyum ba\u011flar\u0131m\u0131z, ak\u0131ll\u0131 ve modern tasar\u0131m sayesinde i\u015f\u00e7ilik maliyetlerini ve kurulum s\u00fcresini k\u0131saltarak bunu sa\u011flar.<\/p>\n<h2>Pimler ve Takozlar<\/h2>\n<p>\u0130n\u015faat uygulamalar\u0131nda, al\u00fcminyum kal\u0131p ba\u011flar\u0131 g\u00fcvenilir bir kal\u0131p sistemi olu\u015fturmak i\u00e7in genellikle pimler ve takozlarla e\u015fle\u015ftirilir. Farkl\u0131 proje ihtiya\u00e7lar\u0131n\u0131 kar\u015f\u0131lamak i\u00e7in \u00e7e\u015fitli tipler sunuyoruz.<\/p>\n<h3>D\u00fcz ba\u015fl\u0131 pim:<\/h3>\n<p>D\u00fcz beton kaplamal\u0131 g\u00fcvenli bir kal\u0131p sistemi sa\u011flar.<\/p>\n<h3>Yuvarlak ba\u015fl\u0131 pim:<\/h3>\n<p>Kal\u0131p ile g\u00fc\u00e7l\u00fc bir ba\u011flant\u0131 olu\u015fturur.<\/p>\n<h3>Combo pin:<\/h3>\n<p>D\u00fcz ve yuvarlak ba\u015fl\u0131 pimlerin avantajlar\u0131n\u0131 harmanl\u0131yor.<\/p>\n<p><img decoding=\"async\" class=\"alignnone size-full wp-image-7055\" src=\"http:\/\/qingdaohf.com\/wp-content\/uploads\/2023\/11\/head-pin.jpg\" alt=\"ba\u015f pimi\" width=\"1005\" height=\"660\" srcset=\"https:\/\/qingdaohf.com\/wp-content\/uploads\/2023\/11\/head-pin.jpg 1005w, https:\/\/qingdaohf.com\/wp-content\/uploads\/2023\/11\/head-pin-300x197.jpg 300w, https:\/\/qingdaohf.com\/wp-content\/uploads\/2023\/11\/head-pin-768x504.jpg 768w, https:\/\/qingdaohf.com\/wp-content\/uploads\/2023\/11\/head-pin-18x12.jpg 18w, https:\/\/qingdaohf.com\/wp-content\/uploads\/2023\/11\/head-pin-1000x657.jpg 1000w\" sizes=\"(max-width: 1005px) 100vw, 1005px\" \/><\/p>\n<h3>D\u00fcz kama:<\/h3>\n<p>\u00c7o\u011fu kal\u0131p kurulumu i\u00e7in tercih edilir.<\/p>\n<h3>Kavisli kama:<\/h3>\n<p>Kavisli veya a\u00e7\u0131l\u0131 kal\u0131p konfig\u00fcrasyonlar\u0131 i\u00e7in \u00f6zel olarak tasarlanm\u0131\u015ft\u0131r.<\/p>\n<p><img decoding=\"async\" class=\"alignnone size-full wp-image-7056\" src=\"http:\/\/qingdaohf.com\/wp-content\/uploads\/2023\/11\/wall-tie-wedge.jpg\" alt=\"duvar ba\u011flama takozu\" width=\"1005\" height=\"370\" srcset=\"https:\/\/qingdaohf.com\/wp-content\/uploads\/2023\/11\/wall-tie-wedge.jpg 1005w, https:\/\/qingdaohf.com\/wp-content\/uploads\/2023\/11\/wall-tie-wedge-300x110.jpg 300w, https:\/\/qingdaohf.com\/wp-content\/uploads\/2023\/11\/wall-tie-wedge-768x283.jpg 768w, https:\/\/qingdaohf.com\/wp-content\/uploads\/2023\/11\/wall-tie-wedge-18x7.jpg 18w, https:\/\/qingdaohf.com\/wp-content\/uploads\/2023\/11\/wall-tie-wedge-1000x368.jpg 1000w\" sizes=\"(max-width: 1005px) 100vw, 1005px\" \/><\/p>\n<div class=\"table\"><span style=\"font-size: 1.7em; font-weight: bold;\">Gerilim Testi<\/span><\/div>\n<div>\n<div class=\"ast-oembed-container\" style=\"height: 100%;\"><iframe title=\"Tam ba\u011f gerginli\u011fi testi\" width=\"500\" height=\"281\" src=\"https:\/\/www.youtube.com\/embed\/2m8mtNqa2r8?feature=oembed\" frameborder=\"0\" allow=\"accelerometer; autoplay; clipboard-write; encrypted-media; gyroscope; picture-in-picture; web-share\" referrerpolicy=\"strict-origin-when-cross-origin\" allowfullscreen><\/iframe><\/div>\n<\/div>\n<div>\n<p>\u00d6nde gelen bir \u00fcretici ve fabrika tedarik\u00e7isi olarak Qingdao H&amp;F, en kaliteli Beton \u015eekillendirme Aksesuarlar\u0131 ve Arma Donan\u0131m\u0131 i\u00e7in g\u00fcvenilir sat\u0131c\u0131n\u0131z ve toptanc\u0131n\u0131zd\u0131r. Bu sekt\u00f6rdeki 20 y\u0131ll\u0131k ge\u00e7mi\u015fimiz ve uzmanl\u0131\u011f\u0131m\u0131zla, beton \u015fekillendirme tam ba\u011flar\u0131 ve nominal ba\u011flar dahil olmak \u00fczere geni\u015f bir \u00fcr\u00fcn yelpazesi sunmaktan gurur duyuyoruz.<\/p>\n<p>Kaynak bulma zorluklar\u0131n\u0131z\u0131 \u00e7\u00f6zmek i\u00e7in Qingdao H&amp;F'den ba\u015fkas\u0131na bakmay\u0131n. Sekt\u00f6rdeki yirmi y\u0131ll\u0131k deneyimimizle desteklenen kapsaml\u0131 bir beton \u015fekillendirme aksesuarlar\u0131 ve donan\u0131m donan\u0131m\u0131 yelpazesi sunuyoruz. \u0130ster tam ba\u011flara, ister nominal ba\u011flara veya katalo\u011fumuzdaki di\u011fer \u00fcr\u00fcnlere ihtiyac\u0131n\u0131z olsun, sizi teminat alt\u0131na ald\u0131k.<\/p>\n<p><img loading=\"lazy\" decoding=\"async\" class=\"alignnone wp-image-4629\" src=\"http:\/\/qingdaohf.com\/wp-content\/uploads\/2023\/07\/wall-tie.jpg\" alt=\"duvar ba\u011f\u0131\" width=\"1200\" height=\"600\" srcset=\"https:\/\/qingdaohf.com\/wp-content\/uploads\/2023\/07\/wall-tie.jpg 800w, https:\/\/qingdaohf.com\/wp-content\/uploads\/2023\/07\/wall-tie-300x150.jpg 300w, https:\/\/qingdaohf.com\/wp-content\/uploads\/2023\/07\/wall-tie-768x384.jpg 768w\" sizes=\"(max-width: 1200px) 100vw, 1200px\" \/><\/p>\n<h2>Al\u00fcminyum Form Ba\u011flar\u0131 i\u00e7in Neden H&amp;F'yi Se\u00e7melisiniz?<\/h2>\n<p>G\u00fcvenilir bir tedarik\u00e7i bulmak, do\u011fru \u00fcr\u00fcn\u00fc se\u00e7mek kadar \u00f6nemlidir. D\u0131\u015f ticarette ge\u00e7irdi\u011fimiz yirmi y\u0131l bize in\u015faat profesyonellerinin ba\u015far\u0131l\u0131 olmak i\u00e7in neye ihtiyac\u0131 oldu\u011funu \u00f6\u011fretti.<\/p>\n<h3>M\u00fckemmellik Taahh\u00fcd\u00fc<\/h3>\n<p>Derin pazar bilgimizi, kalite ve hizmete olan sars\u0131lmaz oda\u011f\u0131m\u0131zla birle\u015ftiriyoruz. Bu nedenle in\u015faat profesyonelleri, temel atmadan tamamlamaya kadar performans g\u00f6steren \u00e7\u00f6z\u00fcmler sunma konusunda bize g\u00fcveniyor.<\/p>\n<h2>Sonu\u00e7<\/h2>\n<p>B\u00fcy\u00fck altyap\u0131 projelerinden m\u00fctevaz\u0131 ticari yap\u0131lara kadar, al\u00fcminyum kal\u0131p ba\u011flar\u0131 beton yap\u0131lar\u0131 sessizce g\u00fc\u00e7l\u00fc bir \u015fekilde ayakta tutar. H&amp;F, beklentileri a\u015fan ba\u011flar sunmaktan gurur duyuyor - yirmi y\u0131ld\u0131r itibar\u0131m\u0131z\u0131 bu \u015fekilde in\u015fa ettik ve devam ediyoruz.<\/p>\n<\/div>","protected":false},"excerpt":{"rendered":"<p>Tam ba\u011flar, kal\u0131b\u0131n kar\u015f\u0131l\u0131kl\u0131 kenarlar\u0131n\u0131 ba\u011flamak i\u00e7in kullan\u0131l\u0131r. Betonun t\u00fcm kal\u0131nl\u0131\u011f\u0131 boyunca uzanarak iki taraf aras\u0131nda kesintisiz bir ba\u011flant\u0131 olu\u015ftururlar. Tam ba\u011flar, kal\u0131b\u0131n beton d\u00f6k\u00fcl\u00fcrken ve k\u00fcrlenirken betonun bas\u0131nc\u0131na dayanabilmesini sa\u011flamak i\u00e7in gereklidir. Tipik olarak \u00e7elikten yap\u0131l\u0131rlar ve beton sertle\u015ftikten sonra kolayca \u00e7\u0131kar\u0131labilecek \u015fekilde tasarlan\u0131rlar.<\/p>\n<p>Nominal ba\u011flar, betona n\u00fcfuz etmeden kal\u0131b\u0131n iki taraf\u0131n\u0131 bir arada tutmak i\u00e7in kullan\u0131l\u0131r. Tipik olarak plastik veya di\u011fer metalik olmayan malzemelerden yap\u0131l\u0131rlar ve betonun tamamen g\u00fc\u00e7lendirilmesinin gerekmedi\u011fi durumlarda kullan\u0131l\u0131rlar. Nominal ba\u011flar, kal\u0131p \u00fczerindeki y\u00fck\u00fcn nispeten d\u00fc\u015f\u00fck oldu\u011fu duvarlar veya kald\u0131r\u0131mlar gibi daha k\u00fc\u00e7\u00fck beton projeleri i\u00e7in kullan\u0131l\u0131r.<\/p>","protected":false},"featured_media":2804,"comment_status":"open","ping_status":"closed","template":"","meta":{"site-sidebar-layout":"default","site-content-layout":"default","ast-site-content-layout":"default","site-content-style":"default","site-sidebar-style":"default","ast-global-header-display":"","ast-banner-title-visibility":"","ast-main-header-display":"","ast-hfb-above-header-display":"","ast-hfb-below-header-display":"","ast-hfb-mobile-header-display":"","site-post-title":"","ast-breadcrumbs-content":"","ast-featured-img":"","footer-sml-layout":"","theme-transparent-header-meta":"default","adv-header-id-meta":"","stick-header-meta":"default","header-above-stick-meta":"","header-main-stick-meta":"","header-below-stick-meta":"","astra-migrate-meta-layouts":"set","ast-page-background-enabled":"default","ast-page-background-meta":{"desktop":{"background-color":"","background-image":"","background-repeat":"repeat","background-position":"center center","background-size":"auto","background-attachment":"scroll","background-type":"","background-media":"","overlay-type":"","overlay-color":"","overlay-opacity":"","overlay-gradient":""},"tablet":{"background-color":"","background-image":"","background-repeat":"repeat","background-position":"center center","background-size":"auto","background-attachment":"scroll","background-type":"","background-media":"","overlay-type":"","overlay-color":"","overlay-opacity":"","overlay-gradient":""},"mobile":{"background-color":"","background-image":"","background-repeat":"repeat","background-position":"center center","background-size":"auto","background-attachment":"scroll","background-type":"","background-media":"","overlay-type":"","overlay-color":"","overlay-opacity":"","overlay-gradient":""}},"ast-content-background-meta":{"desktop":{"background-color":"var(--ast-global-color-5)","background-image":"","background-repeat":"repeat","background-position":"center center","background-size":"auto","background-attachment":"scroll","background-type":"","background-media":"","overlay-type":"","overlay-color":"","overlay-opacity":"","overlay-gradient":""},"tablet":{"background-color":"var(--ast-global-color-5)","background-image":"","background-repeat":"repeat","background-position":"center center","background-size":"auto","background-attachment":"scroll","background-type":"","background-media":"","overlay-type":"","overlay-color":"","overlay-opacity":"","overlay-gradient":""},"mobile":{"background-color":"var(--ast-global-color-5)","background-image":"","background-repeat":"repeat","background-position":"center center","background-size":"auto","background-attachment":"scroll","background-type":"","background-media":"","overlay-type":"","overlay-color":"","overlay-opacity":"","overlay-gradient":""}}},"product_brand":[],"product_cat":[20,65],"product_tag":[],"class_list":{"0":"post-1909","1":"product","2":"type-product","3":"status-publish","4":"has-post-thumbnail","6":"product_cat-concrete-wall-tie","7":"product_cat-aluminum-form-tie","8":"desktop-align-left","9":"tablet-align-left","10":"mobile-align-left","11":"ast-product-gallery-layout-horizontal-slider","12":"ast-product-tabs-layout-horizontal","14":"first","15":"instock","16":"shipping-taxable","17":"purchasable","18":"product-type-simple"},"yoast_head":"<!-- This site is optimized with the Yoast SEO plugin v25.2 - https:\/\/yoast.com\/wordpress\/plugins\/seo\/ -->\n<title>Aluminum Form Tie Full Wall Tie Nominal Tie<\/title>\n<meta name=\"description\" content=\"Aluminum form ties are indispensable tools in concrete construction, ensuring secure placement of aluminum formwork for precise wall formation.\" \/>\n<meta name=\"robots\" content=\"index, follow, max-snippet:-1, max-image-preview:large, max-video-preview:-1\" \/>\n<link rel=\"canonical\" href=\"https:\/\/qingdaohf.com\/tr\/urun\/aluminyum-form-bagi\/\" \/>\n<meta property=\"og:locale\" content=\"tr_TR\" \/>\n<meta property=\"og:type\" content=\"article\" \/>\n<meta property=\"og:title\" content=\"Aluminum Form Tie Full Wall Tie Nominal Tie\" \/>\n<meta property=\"og:description\" content=\"Aluminum form ties are indispensable tools in concrete construction, ensuring secure placement of aluminum formwork for precise wall formation.\" \/>\n<meta property=\"og:url\" content=\"https:\/\/qingdaohf.com\/tr\/urun\/aluminyum-form-bagi\/\" \/>\n<meta property=\"og:site_name\" content=\"Concrete Form &amp; Rigging Hardware Supplier\" \/>\n<meta property=\"article:publisher\" content=\"https:\/\/www.facebook.com\/qingdaohf\" \/>\n<meta property=\"article:modified_time\" content=\"2025-11-13T01:04:01+00:00\" \/>\n<meta property=\"og:image\" content=\"https:\/\/qingdaohf.com\/wp-content\/uploads\/2023\/02\/FULL-TIE-3.jpg\" \/>\n\t<meta property=\"og:image:width\" content=\"1000\" \/>\n\t<meta property=\"og:image:height\" content=\"1000\" \/>\n\t<meta property=\"og:image:type\" content=\"image\/jpeg\" \/>\n<meta name=\"twitter:card\" content=\"summary_large_image\" \/>\n<meta name=\"twitter:label1\" content=\"Tahmini okuma s\u00fcresi\" \/>\n\t<meta name=\"twitter:data1\" content=\"5 dakika\" \/>\n<script type=\"application\/ld+json\" class=\"yoast-schema-graph\">{\"@context\":\"https:\/\/schema.org\",\"@graph\":[{\"@type\":\"WebPage\",\"@id\":\"https:\/\/qingdaohf.com\/product\/aluminum-form-tie\/\",\"url\":\"https:\/\/qingdaohf.com\/product\/aluminum-form-tie\/\",\"name\":\"Aluminum Form Tie Full Wall Tie Nominal Tie\",\"isPartOf\":{\"@id\":\"https:\/\/qingdaohf.com\/bg\/#website\"},\"primaryImageOfPage\":{\"@id\":\"https:\/\/qingdaohf.com\/product\/aluminum-form-tie\/#primaryimage\"},\"image\":{\"@id\":\"https:\/\/qingdaohf.com\/product\/aluminum-form-tie\/#primaryimage\"},\"thumbnailUrl\":\"https:\/\/qingdaohf.com\/wp-content\/uploads\/2023\/02\/FULL-TIE-3.jpg\",\"datePublished\":\"2023-11-24T08:40:58+00:00\",\"dateModified\":\"2025-11-13T01:04:01+00:00\",\"description\":\"Aluminum form ties are indispensable tools in concrete construction, ensuring secure placement of aluminum formwork for precise wall formation.\",\"breadcrumb\":{\"@id\":\"https:\/\/qingdaohf.com\/product\/aluminum-form-tie\/#breadcrumb\"},\"inLanguage\":\"tr\",\"potentialAction\":[{\"@type\":\"ReadAction\",\"target\":[\"https:\/\/qingdaohf.com\/product\/aluminum-form-tie\/\"]}]},{\"@type\":\"ImageObject\",\"inLanguage\":\"tr\",\"@id\":\"https:\/\/qingdaohf.com\/product\/aluminum-form-tie\/#primaryimage\",\"url\":\"https:\/\/qingdaohf.com\/wp-content\/uploads\/2023\/02\/FULL-TIE-3.jpg\",\"contentUrl\":\"https:\/\/qingdaohf.com\/wp-content\/uploads\/2023\/02\/FULL-TIE-3.jpg\",\"width\":1000,\"height\":1000,\"caption\":\"FULL TIE\"},{\"@type\":\"BreadcrumbList\",\"@id\":\"https:\/\/qingdaohf.com\/product\/aluminum-form-tie\/#breadcrumb\",\"itemListElement\":[{\"@type\":\"ListItem\",\"position\":1,\"name\":\"Home\",\"item\":\"https:\/\/qingdaohf.com\/\"},{\"@type\":\"ListItem\",\"position\":2,\"name\":\"Concrete Forming Accessories and Rigging Hardware\",\"item\":\"https:\/\/qingdaohf.com\/bg\/?page_id=944\"},{\"@type\":\"ListItem\",\"position\":3,\"name\":\"Aluminum Form Tie Full Wall Tie Nominal Tie\"}]},{\"@type\":\"WebSite\",\"@id\":\"https:\/\/qingdaohf.com\/bg\/#website\",\"url\":\"https:\/\/qingdaohf.com\/bg\/\",\"name\":\"Concrete Form & Rigging Hardware Supplier\",\"description\":\"\",\"publisher\":{\"@id\":\"https:\/\/qingdaohf.com\/bg\/#organization\"},\"potentialAction\":[{\"@type\":\"SearchAction\",\"target\":{\"@type\":\"EntryPoint\",\"urlTemplate\":\"https:\/\/qingdaohf.com\/bg\/?s={search_term_string}\"},\"query-input\":{\"@type\":\"PropertyValueSpecification\",\"valueRequired\":true,\"valueName\":\"search_term_string\"}}],\"inLanguage\":\"tr\"},{\"@type\":\"Organization\",\"@id\":\"https:\/\/qingdaohf.com\/bg\/#organization\",\"name\":\"Qingdao H&F\",\"url\":\"https:\/\/qingdaohf.com\/bg\/\",\"logo\":{\"@type\":\"ImageObject\",\"inLanguage\":\"tr\",\"@id\":\"https:\/\/qingdaohf.com\/bg\/#\/schema\/logo\/image\/\",\"url\":\"https:\/\/qingdaohf.com\/wp-content\/uploads\/2022\/12\/cropped-HF-LOGO.png\",\"contentUrl\":\"https:\/\/qingdaohf.com\/wp-content\/uploads\/2022\/12\/cropped-HF-LOGO.png\",\"width\":391,\"height\":249,\"caption\":\"Qingdao H&F\"},\"image\":{\"@id\":\"https:\/\/qingdaohf.com\/bg\/#\/schema\/logo\/image\/\"},\"sameAs\":[\"https:\/\/www.facebook.com\/qingdaohf\"]}]}<\/script>\n<!-- \/ Yoast SEO plugin. -->","yoast_head_json":{"title":"Aluminum Form Tie Full Wall Tie Nominal Tie","description":"Aluminum form ties are indispensable tools in concrete construction, ensuring secure placement of aluminum formwork for precise wall formation.","robots":{"index":"index","follow":"follow","max-snippet":"max-snippet:-1","max-image-preview":"max-image-preview:large","max-video-preview":"max-video-preview:-1"},"canonical":"https:\/\/qingdaohf.com\/tr\/urun\/aluminyum-form-bagi\/","og_locale":"tr_TR","og_type":"article","og_title":"Aluminum Form Tie Full Wall Tie Nominal Tie","og_description":"Aluminum form ties are indispensable tools in concrete construction, ensuring secure placement of aluminum formwork for precise wall formation.","og_url":"https:\/\/qingdaohf.com\/tr\/urun\/aluminyum-form-bagi\/","og_site_name":"Concrete Form &amp; Rigging Hardware Supplier","article_publisher":"https:\/\/www.facebook.com\/qingdaohf","article_modified_time":"2025-11-13T01:04:01+00:00","og_image":[{"width":1000,"height":1000,"url":"https:\/\/qingdaohf.com\/wp-content\/uploads\/2023\/02\/FULL-TIE-3.jpg","type":"image\/jpeg"}],"twitter_card":"summary_large_image","twitter_misc":{"Tahmini okuma s\u00fcresi":"5 dakika"},"schema":{"@context":"https:\/\/schema.org","@graph":[{"@type":"WebPage","@id":"https:\/\/qingdaohf.com\/product\/aluminum-form-tie\/","url":"https:\/\/qingdaohf.com\/product\/aluminum-form-tie\/","name":"Aluminum Form Tie Full Wall Tie Nominal Tie","isPartOf":{"@id":"https:\/\/qingdaohf.com\/bg\/#website"},"primaryImageOfPage":{"@id":"https:\/\/qingdaohf.com\/product\/aluminum-form-tie\/#primaryimage"},"image":{"@id":"https:\/\/qingdaohf.com\/product\/aluminum-form-tie\/#primaryimage"},"thumbnailUrl":"https:\/\/qingdaohf.com\/wp-content\/uploads\/2023\/02\/FULL-TIE-3.jpg","datePublished":"2023-11-24T08:40:58+00:00","dateModified":"2025-11-13T01:04:01+00:00","description":"Aluminum form ties are indispensable tools in concrete construction, ensuring secure placement of aluminum formwork for precise wall formation.","breadcrumb":{"@id":"https:\/\/qingdaohf.com\/product\/aluminum-form-tie\/#breadcrumb"},"inLanguage":"tr","potentialAction":[{"@type":"ReadAction","target":["https:\/\/qingdaohf.com\/product\/aluminum-form-tie\/"]}]},{"@type":"ImageObject","inLanguage":"tr","@id":"https:\/\/qingdaohf.com\/product\/aluminum-form-tie\/#primaryimage","url":"https:\/\/qingdaohf.com\/wp-content\/uploads\/2023\/02\/FULL-TIE-3.jpg","contentUrl":"https:\/\/qingdaohf.com\/wp-content\/uploads\/2023\/02\/FULL-TIE-3.jpg","width":1000,"height":1000,"caption":"FULL TIE"},{"@type":"BreadcrumbList","@id":"https:\/\/qingdaohf.com\/product\/aluminum-form-tie\/#breadcrumb","itemListElement":[{"@type":"ListItem","position":1,"name":"Home","item":"https:\/\/qingdaohf.com\/"},{"@type":"ListItem","position":2,"name":"Concrete Forming Accessories and Rigging Hardware","item":"https:\/\/qingdaohf.com\/bg\/?page_id=944"},{"@type":"ListItem","position":3,"name":"Aluminum Form Tie Full Wall Tie Nominal Tie"}]},{"@type":"WebSite","@id":"https:\/\/qingdaohf.com\/bg\/#website","url":"https:\/\/qingdaohf.com\/bg\/","name":"Concrete Form & Rigging Hardware Supplier","description":"","publisher":{"@id":"https:\/\/qingdaohf.com\/bg\/#organization"},"potentialAction":[{"@type":"SearchAction","target":{"@type":"EntryPoint","urlTemplate":"https:\/\/qingdaohf.com\/bg\/?s={search_term_string}"},"query-input":{"@type":"PropertyValueSpecification","valueRequired":true,"valueName":"search_term_string"}}],"inLanguage":"tr"},{"@type":"Organization","@id":"https:\/\/qingdaohf.com\/bg\/#organization","name":"Qingdao H&F","url":"https:\/\/qingdaohf.com\/bg\/","logo":{"@type":"ImageObject","inLanguage":"tr","@id":"https:\/\/qingdaohf.com\/bg\/#\/schema\/logo\/image\/","url":"https:\/\/qingdaohf.com\/wp-content\/uploads\/2022\/12\/cropped-HF-LOGO.png","contentUrl":"https:\/\/qingdaohf.com\/wp-content\/uploads\/2022\/12\/cropped-HF-LOGO.png","width":391,"height":249,"caption":"Qingdao H&F"},"image":{"@id":"https:\/\/qingdaohf.com\/bg\/#\/schema\/logo\/image\/"},"sameAs":["https:\/\/www.facebook.com\/qingdaohf"]}]}},"_links":{"self":[{"href":"https:\/\/qingdaohf.com\/tr\/wp-json\/wp\/v2\/product\/1909","targetHints":{"allow":["GET"]}}],"collection":[{"href":"https:\/\/qingdaohf.com\/tr\/wp-json\/wp\/v2\/product"}],"about":[{"href":"https:\/\/qingdaohf.com\/tr\/wp-json\/wp\/v2\/types\/product"}],"replies":[{"embeddable":true,"href":"https:\/\/qingdaohf.com\/tr\/wp-json\/wp\/v2\/comments?post=1909"}],"version-history":[{"count":13,"href":"https:\/\/qingdaohf.com\/tr\/wp-json\/wp\/v2\/product\/1909\/revisions"}],"predecessor-version":[{"id":8879,"href":"https:\/\/qingdaohf.com\/tr\/wp-json\/wp\/v2\/product\/1909\/revisions\/8879"}],"wp:featuredmedia":[{"embeddable":true,"href":"https:\/\/qingdaohf.com\/tr\/wp-json\/wp\/v2\/media\/2804"}],"wp:attachment":[{"href":"https:\/\/qingdaohf.com\/tr\/wp-json\/wp\/v2\/media?parent=1909"}],"wp:term":[{"taxonomy":"product_brand","embeddable":true,"href":"https:\/\/qingdaohf.com\/tr\/wp-json\/wp\/v2\/product_brand?post=1909"},{"taxonomy":"product_cat","embeddable":true,"href":"https:\/\/qingdaohf.com\/tr\/wp-json\/wp\/v2\/product_cat?post=1909"},{"taxonomy":"product_tag","embeddable":true,"href":"https:\/\/qingdaohf.com\/tr\/wp-json\/wp\/v2\/product_tag?post=1909"}],"curies":[{"name":"wp","href":"https:\/\/api.w.org\/{rel}","templated":true}]}}