{"id":2056,"date":"2023-02-07T17:01:21","date_gmt":"2023-02-07T09:01:21","guid":{"rendered":"http:\/\/qingdaohf.com\/?post_type=product&#038;p=2056"},"modified":"2025-11-13T09:06:37","modified_gmt":"2025-11-13T01:06:37","slug":"coil-rods","status":"publish","type":"product","link":"https:\/\/qingdaohf.com\/tr\/urun\/bobin-cubuklari\/","title":{"rendered":"Kal\u0131p Bobin \u00c7ubuklar\u0131"},"content":{"rendered":"<h1 class=\"font-600 text-2xl font-bold\">\u0130n\u015faatta Kal\u0131p Bobin \u00c7ubuklar\u0131n\u0131n Temel Rol\u00fc<\/h1>\n<p class=\"whitespace-pre-wrap break-words\">Bobin \u00e7ubuklar\u0131 hakk\u0131nda konu\u015fal\u0131m - bunlar her sa\u011flam kal\u0131p sisteminin bel kemi\u011fidir. Sert, y\u00fcksek mukavemetli \u00e7elikten \u00fcretilen bu \u00e7ubuklar, \u0131slak betondan gelen b\u00fcy\u00fck bas\u0131nc\u0131n \u00fcstesinden \u015fampiyonlar gibi gelir. \u0130ster g\u00f6kdelenler, k\u00f6pr\u00fcler ister evler in\u015fa ediyor olun, betonunuz sertle\u015firken her \u015feyi sabit ve yerinde tutarlar.<\/p>\n<p class=\"whitespace-pre-wrap break-words\">Bu \u00e7ubuklar, su durdurucular\u0131, rot kollar\u0131 ve kelebek somunlar\u0131 sorunsuz \u00e7al\u0131\u015fan tek bir \u00fcnitede bir araya getiren rot sistemi dedi\u011fimiz sistemin bir par\u00e7as\u0131d\u0131r. Her par\u00e7a kendi i\u015fini yapar, ancak birlikte modern yap\u0131n\u0131n saat gibi \u00e7al\u0131\u015fmas\u0131n\u0131 sa\u011flarlar.<\/p>\n<p class=\"whitespace-pre-wrap break-words\">G\u00f6sterinin y\u0131ld\u0131z\u0131, kurulumu ve s\u00f6kmeyi \u00e7ocuk oyunca\u011f\u0131 haline getiren di\u015fli u\u00e7lar\u0131yla bobin \u00e7ubu\u011funun kendisidir. Farkl\u0131 proje ihtiya\u00e7lar\u0131na uyum sa\u011flaman\u0131z m\u0131 gerekiyor? Sorun de\u011fil - bu \u00e7ubuklar her t\u00fcrl\u00fc aksesuarla uyumludur. Y\u00fckseklere beton d\u00f6kmekten ayr\u0131nt\u0131l\u0131 mimari \u00f6zellikler olu\u015fturmaya kadar, helezon \u00e7ubuklar her seferinde g\u00fcvenilir sonu\u00e7lar verir.<\/p>\n<p><img fetchpriority=\"high\" decoding=\"async\" class=\"alignnone wp-image-8579 size-full\" src=\"http:\/\/qingdaohf.com\/wp-content\/uploads\/2024\/12\/tie-rod-92.webp\" alt=\"rot si\u0307stemi\u0307\" width=\"1000\" height=\"1000\" srcset=\"https:\/\/qingdaohf.com\/wp-content\/uploads\/2024\/12\/tie-rod-92.webp 1000w, https:\/\/qingdaohf.com\/wp-content\/uploads\/2024\/12\/tie-rod-92-300x300.webp 300w, https:\/\/qingdaohf.com\/wp-content\/uploads\/2024\/12\/tie-rod-92-150x150.webp 150w, https:\/\/qingdaohf.com\/wp-content\/uploads\/2024\/12\/tie-rod-92-768x768.webp 768w, https:\/\/qingdaohf.com\/wp-content\/uploads\/2024\/12\/tie-rod-92-12x12.webp 12w, https:\/\/qingdaohf.com\/wp-content\/uploads\/2024\/12\/tie-rod-92-500x500.webp 500w, https:\/\/qingdaohf.com\/wp-content\/uploads\/2024\/12\/tie-rod-92-100x100.webp 100w\" sizes=\"(max-width: 1000px) 100vw, 1000px\" \/><\/p>\n<h1 class=\"font-600 text-2xl font-bold\">Rot Sisteminin Ambalaj\u0131ndan \u00c7\u0131kar\u0131lmas\u0131: Su Durdurucular, Rotlar ve Kanat Somunlar\u0131<\/h1>\n<p class=\"whitespace-pre-wrap break-words\">Rot sistemini in\u015faat zorluklar\u0131 i\u00e7in \u0130svi\u00e7re \u00e7ak\u0131n\u0131z olarak d\u00fc\u015f\u00fcn\u00fcn. \u00d6rne\u011fin su durdurucular\u0131 ele alal\u0131m - bodrumlar ve istinat duvarlar\u0131 gibi kuru kalmas\u0131 gereken \u015feyler in\u015fa ederken \u00e7ok \u00f6nemlidirler. Ba\u011flant\u0131 \u00e7ubu\u011funun etraf\u0131ndaki yolu kapatarak suyu ait oldu\u011fu yerde, yap\u0131n\u0131z\u0131n d\u0131\u015f\u0131nda tutarlar.<\/p>\n<p class=\"whitespace-pre-wrap break-words\">Ba\u011flant\u0131 \u00e7ubuklar\u0131, kal\u0131b\u0131n\u0131z\u0131 s\u0131k\u0131ca kilitlemek i\u00e7in kelebek somunlarla birlikte \u00e7al\u0131\u015f\u0131r. \u00c7ubuklar kal\u0131p panelleriniz boyunca uzanarak onlar\u0131 birbirinden do\u011fru mesafede ve beton bas\u0131nc\u0131na kar\u015f\u0131 g\u00fc\u00e7l\u00fc tutar. Kelebek somunlar, kurulum s\u0131ras\u0131nda m\u00fckemmel uyumu ayarlamay\u0131 ve betonunuz iyice yerle\u015ftikten sonra her \u015feyi ay\u0131rmay\u0131 kolayla\u015ft\u0131r\u0131r.<\/p>\n<p class=\"whitespace-pre-wrap break-words\">Qingdao H&amp;F'de, bobin \u00e7ubuklar\u0131m\u0131zda do\u011fru di\u015f a\u00e7ma konusunda tak\u0131nt\u0131l\u0131y\u0131z. Neden mi? \u00c7\u00fcnk\u00fc m\u00fckemmel di\u015f a\u00e7ma, her \u015feyin sorunsuz bir \u015fekilde birbirine uymas\u0131 anlam\u0131na gelir - su durdurucular\u0131n\u0131z, kelebek somunlar\u0131n\u0131z, i\u015fler. Her bir bile\u015feni ayr\u0131nt\u0131l\u0131 bir \u015fekilde test ediyoruz, b\u00f6ylece ona ne atarsan\u0131z at\u0131n \u00fcstesinden gelece\u011fini biliyorsunuz.<\/p>\n<h1 class=\"font-600 text-2xl font-bold\">Kal\u0131p Bobin \u00c7ubuklar\u0131 i\u00e7in Neden Qingdao H&amp;F'yi Se\u00e7melisiniz?<\/h1>\n<p class=\"whitespace-pre-wrap break-words\">Bobin \u00e7ubuklar\u0131 sat\u0131n al\u0131rken, iyi \u00fcr\u00fcnlerden daha fazlas\u0131na ihtiyac\u0131n\u0131z vard\u0131r - sorunsuz \u00e7al\u0131\u015fmas\u0131 i\u00e7in t\u00fcm pakete ihtiyac\u0131n\u0131z vard\u0131r. \u0130\u015fte biz burada parl\u0131yoruz.<\/p>\n<p class=\"whitespace-pre-wrap break-words\">Her m\u00fc\u015fterimize kendi uzman irtibat ki\u015fisini ayarl\u0131yoruz. \u00d6zel uzunluklara m\u0131 ihtiyac\u0131n\u0131z var? \u00d6zel di\u015fler mi? \u00d6zel aksesuarlar m\u0131? \u00d6zel uzman\u0131n\u0131z bunu ger\u00e7ekle\u015ftirecektir. Tam olarak neye ihtiyac\u0131n\u0131z oldu\u011funu anlayacak ve bunu ald\u0131\u011f\u0131n\u0131zdan emin olacaklar.<\/p>\n<p class=\"whitespace-pre-wrap break-words\">\u0130n\u015faatta zaman nakittir ve biz bunu anl\u0131yoruz. Kimse projesinin malzeme beklemekten gecikmesini istemez. Bu y\u00fczden teslimat sistemimizi h\u0131zl\u0131 ve g\u00fcvenilir olacak \u015fekilde kurduk. Malzemelerinizi olmas\u0131 gereken yere, olmas\u0131 gereken zamanda ula\u015ft\u0131rmak i\u00e7in gerekli ba\u011flant\u0131lara ve sistemlere sahibiz.<\/p>\n<p class=\"whitespace-pre-wrap break-words\">Kalite, u\u011fra\u015ft\u0131\u011f\u0131m\u0131z bir \u015fey de\u011fildir. Her bobin \u00e7ubu\u011fu, tam olarak nas\u0131l performans g\u00f6sterdi\u011fini a\u00e7\u0131klayan ayr\u0131nt\u0131l\u0131 inceleme raporlar\u0131yla birlikte gelir. Ne kadar g\u00fc\u00e7l\u00fc oldu\u011fundan di\u015f a\u00e7man\u0131n ne kadar hassas oldu\u011funa kadar her \u015fey siyah beyaz olarak orada. Her \u015feyi end\u00fcstri standartlar\u0131na g\u00f6re test ediyoruz \u00e7\u00fcnk\u00fc ihtiyac\u0131n\u0131z olan\u0131n bu oldu\u011funu biliyoruz.<\/p>\n<p class=\"whitespace-pre-wrap break-words\">\u0130ster b\u00fcy\u00fck bir altyap\u0131 projesiyle, ister daha k\u00fc\u00e7\u00fck ve \u00f6zel bir \u015feyle u\u011fra\u015f\u0131yor olun, bobin \u00e7ubuklar\u0131m\u0131z bunun \u00fcstesinden gelebilir. M\u00fc\u015fterileri mutlu etmeye odakland\u0131\u011f\u0131m\u0131z\u0131 da eklerseniz, in\u015faat\u00e7\u0131lar\u0131n teslimat konusunda Qingdao H&amp;F'ye neden g\u00fcvendi\u011fini anlayabilirsiniz.<\/p>","protected":false},"excerpt":{"rendered":"<p>Kal\u0131p kangal \u00e7ubuklar\u0131, beton kal\u0131plar\u0131n\u0131n g\u00fcvenli ve verimli bir \u015fekilde monte edilmesini sa\u011flayarak modern in\u015faat\u0131n ayr\u0131lmaz bir par\u00e7as\u0131d\u0131r. Al\u0131c\u0131lar genellikle dayan\u0131kl\u0131l\u0131\u011fa, kal\u0131p sistemleriyle uyumlulu\u011fa ve su durdurma aksesuarlar\u0131n\u0131n kullan\u0131labilirli\u011fine \u00f6ncelik verir. Qingdao H&amp;F olarak bu endi\u015feleri anl\u0131yoruz. Size \u00f6zel bire bir m\u00fc\u015fteri hizmetlerimizle, detayl\u0131 kalite kontrol raporlar\u0131, h\u0131zl\u0131 teslimat d\u00f6ng\u00fcleri ve in\u015faat ihtiya\u00e7lar\u0131n\u0131z i\u00e7in \u00f6zelle\u015ftirilebilir \u00e7\u00f6z\u00fcmler sunuyoruz. \u0130ster b\u00fcy\u00fck \u00f6l\u00e7ekli altyap\u0131 ister daha k\u00fc\u00e7\u00fck projeler i\u00e7in kangal \u00e7ubuk tedarik ediyor olun, g\u00fcvenilirlik ve hassasiyet sunmaya kararl\u0131y\u0131z.<\/p>\n<p>&nbsp;<\/p>","protected":false},"featured_media":2710,"comment_status":"open","ping_status":"closed","template":"","meta":{"site-sidebar-layout":"default","site-content-layout":"default","ast-site-content-layout":"default","site-content-style":"default","site-sidebar-style":"default","ast-global-header-display":"","ast-banner-title-visibility":"","ast-main-header-display":"","ast-hfb-above-header-display":"","ast-hfb-below-header-display":"","ast-hfb-mobile-header-display":"","site-post-title":"","ast-breadcrumbs-content":"","ast-featured-img":"","footer-sml-layout":"","theme-transparent-header-meta":"default","adv-header-id-meta":"","stick-header-meta":"default","header-above-stick-meta":"","header-main-stick-meta":"","header-below-stick-meta":"","astra-migrate-meta-layouts":"set","ast-page-background-enabled":"default","ast-page-background-meta":{"desktop":{"background-color":"","background-image":"","background-repeat":"repeat","background-position":"center center","background-size":"auto","background-attachment":"scroll","background-type":"","background-media":"","overlay-type":"","overlay-color":"","overlay-opacity":"","overlay-gradient":""},"tablet":{"background-color":"","background-image":"","background-repeat":"repeat","background-position":"center center","background-size":"auto","background-attachment":"scroll","background-type":"","background-media":"","overlay-type":"","overlay-color":"","overlay-opacity":"","overlay-gradient":""},"mobile":{"background-color":"","background-image":"","background-repeat":"repeat","background-position":"center center","background-size":"auto","background-attachment":"scroll","background-type":"","background-media":"","overlay-type":"","overlay-color":"","overlay-opacity":"","overlay-gradient":""}},"ast-content-background-meta":{"desktop":{"background-color":"var(--ast-global-color-5)","background-image":"","background-repeat":"repeat","background-position":"center center","background-size":"auto","background-attachment":"scroll","background-type":"","background-media":"","overlay-type":"","overlay-color":"","overlay-opacity":"","overlay-gradient":""},"tablet":{"background-color":"var(--ast-global-color-5)","background-image":"","background-repeat":"repeat","background-position":"center center","background-size":"auto","background-attachment":"scroll","background-type":"","background-media":"","overlay-type":"","overlay-color":"","overlay-opacity":"","overlay-gradient":""},"mobile":{"background-color":"var(--ast-global-color-5)","background-image":"","background-repeat":"repeat","background-position":"center center","background-size":"auto","background-attachment":"scroll","background-type":"","background-media":"","overlay-type":"","overlay-color":"","overlay-opacity":"","overlay-gradient":""}}},"product_brand":[],"product_cat":[79],"product_tag":[],"class_list":{"0":"post-2056","1":"product","2":"type-product","3":"status-publish","4":"has-post-thumbnail","6":"product_cat-tie-rod-system","7":"desktop-align-left","8":"tablet-align-left","9":"mobile-align-left","10":"ast-product-gallery-layout-horizontal-slider","11":"ast-product-tabs-layout-horizontal","13":"first","14":"instock","15":"shipping-taxable","16":"purchasable","17":"product-type-simple"},"yoast_head":"<!-- This site is optimized with the Yoast SEO plugin v25.2 - https:\/\/yoast.com\/wordpress\/plugins\/seo\/ -->\n<title>Formwork Coil Rods<\/title>\n<meta name=\"description\" content=\"Coil rods are used in concrete forming applications. Their loose threads design curtails dust and dirt accumulation.\" \/>\n<meta name=\"robots\" content=\"index, follow, max-snippet:-1, max-image-preview:large, max-video-preview:-1\" \/>\n<link rel=\"canonical\" href=\"https:\/\/qingdaohf.com\/tr\/urun\/bobin-cubuklari\/\" \/>\n<meta property=\"og:locale\" content=\"tr_TR\" \/>\n<meta property=\"og:type\" content=\"article\" \/>\n<meta property=\"og:title\" content=\"Formwork Coil Rods\" \/>\n<meta property=\"og:description\" content=\"Coil rods are used in concrete forming applications. Their loose threads design curtails dust and dirt accumulation.\" \/>\n<meta property=\"og:url\" content=\"https:\/\/qingdaohf.com\/tr\/urun\/bobin-cubuklari\/\" \/>\n<meta property=\"og:site_name\" content=\"Concrete Form &amp; Rigging Hardware Supplier\" \/>\n<meta property=\"article:publisher\" content=\"https:\/\/www.facebook.com\/qingdaohf\" \/>\n<meta property=\"article:modified_time\" content=\"2025-11-13T01:06:37+00:00\" \/>\n<meta property=\"og:image\" content=\"https:\/\/qingdaohf.com\/wp-content\/uploads\/2023\/02\/Coil-Rod-1.jpg\" \/>\n\t<meta property=\"og:image:width\" content=\"1000\" \/>\n\t<meta property=\"og:image:height\" content=\"1000\" \/>\n\t<meta property=\"og:image:type\" content=\"image\/jpeg\" \/>\n<meta name=\"twitter:card\" content=\"summary_large_image\" \/>\n<meta name=\"twitter:label1\" content=\"Tahmini okuma s\u00fcresi\" \/>\n\t<meta name=\"twitter:data1\" content=\"3 dakika\" \/>\n<script type=\"application\/ld+json\" class=\"yoast-schema-graph\">{\"@context\":\"https:\/\/schema.org\",\"@graph\":[{\"@type\":\"WebPage\",\"@id\":\"https:\/\/qingdaohf.com\/product\/coil-rods\/\",\"url\":\"https:\/\/qingdaohf.com\/product\/coil-rods\/\",\"name\":\"Formwork Coil Rods\",\"isPartOf\":{\"@id\":\"https:\/\/qingdaohf.com\/bg\/#website\"},\"primaryImageOfPage\":{\"@id\":\"https:\/\/qingdaohf.com\/product\/coil-rods\/#primaryimage\"},\"image\":{\"@id\":\"https:\/\/qingdaohf.com\/product\/coil-rods\/#primaryimage\"},\"thumbnailUrl\":\"https:\/\/qingdaohf.com\/wp-content\/uploads\/2023\/02\/Coil-Rod-1.jpg\",\"datePublished\":\"2023-02-07T09:01:21+00:00\",\"dateModified\":\"2025-11-13T01:06:37+00:00\",\"description\":\"Coil rods are used in concrete forming applications. Their loose threads design curtails dust and dirt accumulation.\",\"breadcrumb\":{\"@id\":\"https:\/\/qingdaohf.com\/product\/coil-rods\/#breadcrumb\"},\"inLanguage\":\"tr\",\"potentialAction\":[{\"@type\":\"ReadAction\",\"target\":[\"https:\/\/qingdaohf.com\/product\/coil-rods\/\"]}]},{\"@type\":\"ImageObject\",\"inLanguage\":\"tr\",\"@id\":\"https:\/\/qingdaohf.com\/product\/coil-rods\/#primaryimage\",\"url\":\"https:\/\/qingdaohf.com\/wp-content\/uploads\/2023\/02\/Coil-Rod-1.jpg\",\"contentUrl\":\"https:\/\/qingdaohf.com\/wp-content\/uploads\/2023\/02\/Coil-Rod-1.jpg\",\"width\":1000,\"height\":1000,\"caption\":\"Coil Rod\"},{\"@type\":\"BreadcrumbList\",\"@id\":\"https:\/\/qingdaohf.com\/product\/coil-rods\/#breadcrumb\",\"itemListElement\":[{\"@type\":\"ListItem\",\"position\":1,\"name\":\"Home\",\"item\":\"https:\/\/qingdaohf.com\/\"},{\"@type\":\"ListItem\",\"position\":2,\"name\":\"Concrete Forming Accessories and Rigging Hardware\",\"item\":\"https:\/\/qingdaohf.com\/bg\/?page_id=944\"},{\"@type\":\"ListItem\",\"position\":3,\"name\":\"Formwork Coil Rods\"}]},{\"@type\":\"WebSite\",\"@id\":\"https:\/\/qingdaohf.com\/bg\/#website\",\"url\":\"https:\/\/qingdaohf.com\/bg\/\",\"name\":\"Concrete Form & Rigging Hardware Supplier\",\"description\":\"\",\"publisher\":{\"@id\":\"https:\/\/qingdaohf.com\/bg\/#organization\"},\"potentialAction\":[{\"@type\":\"SearchAction\",\"target\":{\"@type\":\"EntryPoint\",\"urlTemplate\":\"https:\/\/qingdaohf.com\/bg\/?s={search_term_string}\"},\"query-input\":{\"@type\":\"PropertyValueSpecification\",\"valueRequired\":true,\"valueName\":\"search_term_string\"}}],\"inLanguage\":\"tr\"},{\"@type\":\"Organization\",\"@id\":\"https:\/\/qingdaohf.com\/bg\/#organization\",\"name\":\"Qingdao H&F\",\"url\":\"https:\/\/qingdaohf.com\/bg\/\",\"logo\":{\"@type\":\"ImageObject\",\"inLanguage\":\"tr\",\"@id\":\"https:\/\/qingdaohf.com\/bg\/#\/schema\/logo\/image\/\",\"url\":\"https:\/\/qingdaohf.com\/wp-content\/uploads\/2022\/12\/cropped-HF-LOGO.png\",\"contentUrl\":\"https:\/\/qingdaohf.com\/wp-content\/uploads\/2022\/12\/cropped-HF-LOGO.png\",\"width\":391,\"height\":249,\"caption\":\"Qingdao H&F\"},\"image\":{\"@id\":\"https:\/\/qingdaohf.com\/bg\/#\/schema\/logo\/image\/\"},\"sameAs\":[\"https:\/\/www.facebook.com\/qingdaohf\"]}]}<\/script>\n<!-- \/ Yoast SEO plugin. -->","yoast_head_json":{"title":"Formwork Coil Rods","description":"Coil rods are used in concrete forming applications. Their loose threads design curtails dust and dirt accumulation.","robots":{"index":"index","follow":"follow","max-snippet":"max-snippet:-1","max-image-preview":"max-image-preview:large","max-video-preview":"max-video-preview:-1"},"canonical":"https:\/\/qingdaohf.com\/tr\/urun\/bobin-cubuklari\/","og_locale":"tr_TR","og_type":"article","og_title":"Formwork Coil Rods","og_description":"Coil rods are used in concrete forming applications. Their loose threads design curtails dust and dirt accumulation.","og_url":"https:\/\/qingdaohf.com\/tr\/urun\/bobin-cubuklari\/","og_site_name":"Concrete Form &amp; Rigging Hardware Supplier","article_publisher":"https:\/\/www.facebook.com\/qingdaohf","article_modified_time":"2025-11-13T01:06:37+00:00","og_image":[{"width":1000,"height":1000,"url":"https:\/\/qingdaohf.com\/wp-content\/uploads\/2023\/02\/Coil-Rod-1.jpg","type":"image\/jpeg"}],"twitter_card":"summary_large_image","twitter_misc":{"Tahmini okuma s\u00fcresi":"3 dakika"},"schema":{"@context":"https:\/\/schema.org","@graph":[{"@type":"WebPage","@id":"https:\/\/qingdaohf.com\/product\/coil-rods\/","url":"https:\/\/qingdaohf.com\/product\/coil-rods\/","name":"Formwork Coil Rods","isPartOf":{"@id":"https:\/\/qingdaohf.com\/bg\/#website"},"primaryImageOfPage":{"@id":"https:\/\/qingdaohf.com\/product\/coil-rods\/#primaryimage"},"image":{"@id":"https:\/\/qingdaohf.com\/product\/coil-rods\/#primaryimage"},"thumbnailUrl":"https:\/\/qingdaohf.com\/wp-content\/uploads\/2023\/02\/Coil-Rod-1.jpg","datePublished":"2023-02-07T09:01:21+00:00","dateModified":"2025-11-13T01:06:37+00:00","description":"Coil rods are used in concrete forming applications. Their loose threads design curtails dust and dirt accumulation.","breadcrumb":{"@id":"https:\/\/qingdaohf.com\/product\/coil-rods\/#breadcrumb"},"inLanguage":"tr","potentialAction":[{"@type":"ReadAction","target":["https:\/\/qingdaohf.com\/product\/coil-rods\/"]}]},{"@type":"ImageObject","inLanguage":"tr","@id":"https:\/\/qingdaohf.com\/product\/coil-rods\/#primaryimage","url":"https:\/\/qingdaohf.com\/wp-content\/uploads\/2023\/02\/Coil-Rod-1.jpg","contentUrl":"https:\/\/qingdaohf.com\/wp-content\/uploads\/2023\/02\/Coil-Rod-1.jpg","width":1000,"height":1000,"caption":"Coil Rod"},{"@type":"BreadcrumbList","@id":"https:\/\/qingdaohf.com\/product\/coil-rods\/#breadcrumb","itemListElement":[{"@type":"ListItem","position":1,"name":"Home","item":"https:\/\/qingdaohf.com\/"},{"@type":"ListItem","position":2,"name":"Concrete Forming Accessories and Rigging Hardware","item":"https:\/\/qingdaohf.com\/bg\/?page_id=944"},{"@type":"ListItem","position":3,"name":"Formwork Coil Rods"}]},{"@type":"WebSite","@id":"https:\/\/qingdaohf.com\/bg\/#website","url":"https:\/\/qingdaohf.com\/bg\/","name":"Concrete Form & Rigging Hardware Supplier","description":"","publisher":{"@id":"https:\/\/qingdaohf.com\/bg\/#organization"},"potentialAction":[{"@type":"SearchAction","target":{"@type":"EntryPoint","urlTemplate":"https:\/\/qingdaohf.com\/bg\/?s={search_term_string}"},"query-input":{"@type":"PropertyValueSpecification","valueRequired":true,"valueName":"search_term_string"}}],"inLanguage":"tr"},{"@type":"Organization","@id":"https:\/\/qingdaohf.com\/bg\/#organization","name":"Qingdao H&F","url":"https:\/\/qingdaohf.com\/bg\/","logo":{"@type":"ImageObject","inLanguage":"tr","@id":"https:\/\/qingdaohf.com\/bg\/#\/schema\/logo\/image\/","url":"https:\/\/qingdaohf.com\/wp-content\/uploads\/2022\/12\/cropped-HF-LOGO.png","contentUrl":"https:\/\/qingdaohf.com\/wp-content\/uploads\/2022\/12\/cropped-HF-LOGO.png","width":391,"height":249,"caption":"Qingdao H&F"},"image":{"@id":"https:\/\/qingdaohf.com\/bg\/#\/schema\/logo\/image\/"},"sameAs":["https:\/\/www.facebook.com\/qingdaohf"]}]}},"_links":{"self":[{"href":"https:\/\/qingdaohf.com\/tr\/wp-json\/wp\/v2\/product\/2056","targetHints":{"allow":["GET"]}}],"collection":[{"href":"https:\/\/qingdaohf.com\/tr\/wp-json\/wp\/v2\/product"}],"about":[{"href":"https:\/\/qingdaohf.com\/tr\/wp-json\/wp\/v2\/types\/product"}],"replies":[{"embeddable":true,"href":"https:\/\/qingdaohf.com\/tr\/wp-json\/wp\/v2\/comments?post=2056"}],"version-history":[{"count":3,"href":"https:\/\/qingdaohf.com\/tr\/wp-json\/wp\/v2\/product\/2056\/revisions"}],"predecessor-version":[{"id":8605,"href":"https:\/\/qingdaohf.com\/tr\/wp-json\/wp\/v2\/product\/2056\/revisions\/8605"}],"wp:featuredmedia":[{"embeddable":true,"href":"https:\/\/qingdaohf.com\/tr\/wp-json\/wp\/v2\/media\/2710"}],"wp:attachment":[{"href":"https:\/\/qingdaohf.com\/tr\/wp-json\/wp\/v2\/media?parent=2056"}],"wp:term":[{"taxonomy":"product_brand","embeddable":true,"href":"https:\/\/qingdaohf.com\/tr\/wp-json\/wp\/v2\/product_brand?post=2056"},{"taxonomy":"product_cat","embeddable":true,"href":"https:\/\/qingdaohf.com\/tr\/wp-json\/wp\/v2\/product_cat?post=2056"},{"taxonomy":"product_tag","embeddable":true,"href":"https:\/\/qingdaohf.com\/tr\/wp-json\/wp\/v2\/product_tag?post=2056"}],"curies":[{"name":"wp","href":"https:\/\/api.w.org\/{rel}","templated":true}]}}