{"id":2073,"date":"2023-02-08T16:02:24","date_gmt":"2023-02-08T08:02:24","guid":{"rendered":"http:\/\/qingdaohf.com\/?post_type=product&#038;p=2073"},"modified":"2025-11-13T09:06:37","modified_gmt":"2025-11-13T01:06:37","slug":"overhang-bracket","status":"publish","type":"product","link":"https:\/\/qingdaohf.com\/tr\/urun\/cikinti-braketi\/","title":{"rendered":"Braidge \u00c7\u0131k\u0131nt\u0131 Braketi"},"content":{"rendered":"<p>\u00c7\u0131k\u0131nt\u0131 braketi, beton \u015fekillendirmede bir d\u00f6\u015feme veya kiri\u015fin kenar\u0131n\u0131n \u00f6tesine uzanan kal\u0131plar\u0131n a\u011f\u0131rl\u0131\u011f\u0131n\u0131 desteklemek i\u00e7in kullan\u0131lan bir bile\u015fendir. Braket tipik olarak \u00e7elikten yap\u0131l\u0131r ve bir saplama veya waler gibi dikey bir kal\u0131p eleman\u0131n\u0131n \u00fcst\u00fcne tak\u0131lacak ve kal\u0131b\u0131n sarkan k\u0131sm\u0131n\u0131 desteklemek i\u00e7in yatay olarak d\u0131\u015far\u0131 do\u011fru uzanacak \u015fekilde tasarlanm\u0131\u015ft\u0131r.<\/p>\n<p>\u00c7\u0131k\u0131nt\u0131 braketleri, farkl\u0131 kal\u0131p t\u00fcrlerine ve beton in\u015faat uygulamalar\u0131na uyum sa\u011flamak i\u00e7in \u00e7e\u015fitli \u015fekil ve boyutlarda gelir. Genellikle beton balkonlar\u0131n, konsollu d\u00f6\u015femelerin ve kal\u0131b\u0131n bir k\u0131sm\u0131n\u0131n bir d\u00f6\u015feme veya kiri\u015fin kenar\u0131n\u0131n \u00f6tesine uzand\u0131\u011f\u0131 di\u011fer yap\u0131lar\u0131n yap\u0131m\u0131nda kullan\u0131l\u0131rlar.<\/p>\n<p>Braket, sarkan kal\u0131b\u0131n ve i\u00e7ine d\u00f6k\u00fclen betonun a\u011f\u0131rl\u0131\u011f\u0131n\u0131 ta\u015f\u0131yacak kadar g\u00fc\u00e7l\u00fc olacak \u015fekilde tasarlanm\u0131\u015ft\u0131r. Ayr\u0131ca, in\u015faat plan\u0131ndaki de\u011fi\u015fikliklere uyum sa\u011flamak i\u00e7in \u00e7\u0131k\u0131nt\u0131n\u0131n y\u00fcksekli\u011finin de\u011fi\u015ftirilebilmesi i\u00e7in kolayca ayarlanabilecek \u015fekilde tasarlanm\u0131\u015ft\u0131r.<\/p>\n<p>\u00c7\u0131k\u0131nt\u0131 braketleri, kal\u0131b\u0131n d\u00fczg\u00fcn bir \u015fekilde desteklenmesini ve betonun g\u00fc\u00e7l\u00fc, sa\u011flam bir yap\u0131 olu\u015fturacak \u015fekilde d\u00f6k\u00fclmesini sa\u011flamaya yard\u0131mc\u0131 olduklar\u0131 i\u00e7in beton kal\u0131b\u0131n\u0131n \u00f6nemli bir bile\u015fenidir.<\/p>\n<p><img fetchpriority=\"high\" decoding=\"async\" class=\"alignnone size-full wp-image-3116\" src=\"http:\/\/qingdaohf.com\/wp-content\/uploads\/2023\/02\/overhang-bracket-8.jpg\" alt=\"\u00e7\u0131k\u0131nt\u0131 braketi\" width=\"1200\" height=\"1200\" srcset=\"https:\/\/qingdaohf.com\/wp-content\/uploads\/2023\/02\/overhang-bracket-8.jpg 1200w, https:\/\/qingdaohf.com\/wp-content\/uploads\/2023\/02\/overhang-bracket-8-300x300.jpg 300w, https:\/\/qingdaohf.com\/wp-content\/uploads\/2023\/02\/overhang-bracket-8-1024x1024.jpg 1024w, https:\/\/qingdaohf.com\/wp-content\/uploads\/2023\/02\/overhang-bracket-8-150x150.jpg 150w, https:\/\/qingdaohf.com\/wp-content\/uploads\/2023\/02\/overhang-bracket-8-768x768.jpg 768w, https:\/\/qingdaohf.com\/wp-content\/uploads\/2023\/02\/overhang-bracket-8-500x500.jpg 500w, https:\/\/qingdaohf.com\/wp-content\/uploads\/2023\/02\/overhang-bracket-8-1000x1000.jpg 1000w, https:\/\/qingdaohf.com\/wp-content\/uploads\/2023\/02\/overhang-bracket-8-100x100.jpg 100w\" sizes=\"(max-width: 1200px) 100vw, 1200px\" \/><\/p>","protected":false},"excerpt":{"rendered":"<p>\u00c7\u0131k\u0131nt\u0131 Braketi, k\u00f6pr\u00fc end\u00fcstrisi i\u00e7in klasik bir tasar\u0131md\u0131r. Bu son teknoloji \u00fcr\u00fcn\u00fc standart K\u00f6pr\u00fc \u00c7\u0131k\u0131nt\u0131 Braketi, \u00e7elik ve beton kiri\u015flerde kullan\u0131lmak \u00fczere tasarlanm\u0131\u015ft\u0131r. Zeminde kolay ve h\u0131zl\u0131 \u00f6n ayar, \u00f6zelliklerden yaln\u0131zca biridir.<\/p>","protected":false},"featured_media":3112,"comment_status":"open","ping_status":"closed","template":"","meta":{"site-sidebar-layout":"default","site-content-layout":"default","ast-site-content-layout":"","site-content-style":"default","site-sidebar-style":"default","ast-global-header-display":"","ast-banner-title-visibility":"","ast-main-header-display":"","ast-hfb-above-header-display":"","ast-hfb-below-header-display":"","ast-hfb-mobile-header-display":"","site-post-title":"","ast-breadcrumbs-content":"","ast-featured-img":"","footer-sml-layout":"","theme-transparent-header-meta":"default","adv-header-id-meta":"","stick-header-meta":"default","header-above-stick-meta":"","header-main-stick-meta":"","header-below-stick-meta":"","astra-migrate-meta-layouts":"default","ast-page-background-enabled":"default","ast-page-background-meta":{"desktop":{"background-color":"","background-image":"","background-repeat":"repeat","background-position":"center center","background-size":"auto","background-attachment":"scroll","background-type":"","background-media":"","overlay-type":"","overlay-color":"","overlay-opacity":"","overlay-gradient":""},"tablet":{"background-color":"","background-image":"","background-repeat":"repeat","background-position":"center center","background-size":"auto","background-attachment":"scroll","background-type":"","background-media":"","overlay-type":"","overlay-color":"","overlay-opacity":"","overlay-gradient":""},"mobile":{"background-color":"","background-image":"","background-repeat":"repeat","background-position":"center center","background-size":"auto","background-attachment":"scroll","background-type":"","background-media":"","overlay-type":"","overlay-color":"","overlay-opacity":"","overlay-gradient":""}},"ast-content-background-meta":{"desktop":{"background-color":"var(--ast-global-color-5)","background-image":"","background-repeat":"repeat","background-position":"center center","background-size":"auto","background-attachment":"scroll","background-type":"","background-media":"","overlay-type":"","overlay-color":"","overlay-opacity":"","overlay-gradient":""},"tablet":{"background-color":"var(--ast-global-color-5)","background-image":"","background-repeat":"repeat","background-position":"center center","background-size":"auto","background-attachment":"scroll","background-type":"","background-media":"","overlay-type":"","overlay-color":"","overlay-opacity":"","overlay-gradient":""},"mobile":{"background-color":"var(--ast-global-color-5)","background-image":"","background-repeat":"repeat","background-position":"center center","background-size":"auto","background-attachment":"scroll","background-type":"","background-media":"","overlay-type":"","overlay-color":"","overlay-opacity":"","overlay-gradient":""}}},"product_brand":[],"product_cat":[29],"product_tag":[],"class_list":{"0":"post-2073","1":"product","2":"type-product","3":"status-publish","4":"has-post-thumbnail","6":"product_cat-formwork-system","7":"desktop-align-left","8":"tablet-align-left","9":"mobile-align-left","10":"ast-product-gallery-layout-horizontal-slider","11":"ast-product-tabs-layout-horizontal","13":"first","14":"instock","15":"shipping-taxable","16":"purchasable","17":"product-type-simple"},"yoast_head":"<!-- This site is optimized with the Yoast SEO plugin v25.2 - https:\/\/yoast.com\/wordpress\/plugins\/seo\/ -->\n<title>Braidge Overhang Bracket<\/title>\n<meta name=\"description\" content=\"Overhang Bracket is a classic design for the bridge industry. This state-of-the-art standard Bridge Overhang Bracket is designed for use on steel and concrete girders. Easy and quick presetting on the ground is only one of the features.\" \/>\n<meta name=\"robots\" content=\"index, follow, max-snippet:-1, max-image-preview:large, max-video-preview:-1\" \/>\n<link rel=\"canonical\" href=\"https:\/\/qingdaohf.com\/tr\/urun\/cikinti-braketi\/\" \/>\n<meta property=\"og:locale\" content=\"tr_TR\" \/>\n<meta property=\"og:type\" content=\"article\" \/>\n<meta property=\"og:title\" content=\"Braidge Overhang Bracket\" \/>\n<meta property=\"og:description\" content=\"Overhang Bracket is a classic design for the bridge industry. This state-of-the-art standard Bridge Overhang Bracket is designed for use on steel and concrete girders. Easy and quick presetting on the ground is only one of the features.\" \/>\n<meta property=\"og:url\" content=\"https:\/\/qingdaohf.com\/tr\/urun\/cikinti-braketi\/\" \/>\n<meta property=\"og:site_name\" content=\"Concrete Form &amp; Rigging Hardware Supplier\" \/>\n<meta property=\"article:publisher\" content=\"https:\/\/www.facebook.com\/qingdaohf\" \/>\n<meta property=\"article:modified_time\" content=\"2025-11-13T01:06:37+00:00\" \/>\n<meta property=\"og:image\" content=\"https:\/\/qingdaohf.com\/wp-content\/uploads\/2023\/02\/overhang-bracket-3.jpg\" \/>\n\t<meta property=\"og:image:width\" content=\"1000\" \/>\n\t<meta property=\"og:image:height\" content=\"1000\" \/>\n\t<meta property=\"og:image:type\" content=\"image\/jpeg\" \/>\n<meta name=\"twitter:card\" content=\"summary_large_image\" \/>\n<meta name=\"twitter:label1\" content=\"Tahmini okuma s\u00fcresi\" \/>\n\t<meta name=\"twitter:data1\" content=\"2 dakika\" \/>\n<script type=\"application\/ld+json\" class=\"yoast-schema-graph\">{\"@context\":\"https:\/\/schema.org\",\"@graph\":[{\"@type\":\"WebPage\",\"@id\":\"https:\/\/qingdaohf.com\/product\/overhang-bracket\/\",\"url\":\"https:\/\/qingdaohf.com\/product\/overhang-bracket\/\",\"name\":\"Braidge Overhang Bracket\",\"isPartOf\":{\"@id\":\"https:\/\/qingdaohf.com\/bg\/#website\"},\"primaryImageOfPage\":{\"@id\":\"https:\/\/qingdaohf.com\/product\/overhang-bracket\/#primaryimage\"},\"image\":{\"@id\":\"https:\/\/qingdaohf.com\/product\/overhang-bracket\/#primaryimage\"},\"thumbnailUrl\":\"https:\/\/qingdaohf.com\/wp-content\/uploads\/2023\/02\/overhang-bracket-3.jpg\",\"datePublished\":\"2023-02-08T08:02:24+00:00\",\"dateModified\":\"2025-11-13T01:06:37+00:00\",\"description\":\"Overhang Bracket is a classic design for the bridge industry. This state-of-the-art standard Bridge Overhang Bracket is designed for use on steel and concrete girders. Easy and quick presetting on the ground is only one of the features.\",\"breadcrumb\":{\"@id\":\"https:\/\/qingdaohf.com\/product\/overhang-bracket\/#breadcrumb\"},\"inLanguage\":\"tr\",\"potentialAction\":[{\"@type\":\"ReadAction\",\"target\":[\"https:\/\/qingdaohf.com\/product\/overhang-bracket\/\"]}]},{\"@type\":\"ImageObject\",\"inLanguage\":\"tr\",\"@id\":\"https:\/\/qingdaohf.com\/product\/overhang-bracket\/#primaryimage\",\"url\":\"https:\/\/qingdaohf.com\/wp-content\/uploads\/2023\/02\/overhang-bracket-3.jpg\",\"contentUrl\":\"https:\/\/qingdaohf.com\/wp-content\/uploads\/2023\/02\/overhang-bracket-3.jpg\",\"width\":1000,\"height\":1000,\"caption\":\"overhang bracket\"},{\"@type\":\"BreadcrumbList\",\"@id\":\"https:\/\/qingdaohf.com\/product\/overhang-bracket\/#breadcrumb\",\"itemListElement\":[{\"@type\":\"ListItem\",\"position\":1,\"name\":\"Home\",\"item\":\"https:\/\/qingdaohf.com\/\"},{\"@type\":\"ListItem\",\"position\":2,\"name\":\"Concrete Forming Accessories and Rigging Hardware\",\"item\":\"https:\/\/qingdaohf.com\/bg\/?page_id=944\"},{\"@type\":\"ListItem\",\"position\":3,\"name\":\"Braidge Overhang Bracket\"}]},{\"@type\":\"WebSite\",\"@id\":\"https:\/\/qingdaohf.com\/bg\/#website\",\"url\":\"https:\/\/qingdaohf.com\/bg\/\",\"name\":\"Concrete Form & Rigging Hardware Supplier\",\"description\":\"\",\"publisher\":{\"@id\":\"https:\/\/qingdaohf.com\/bg\/#organization\"},\"potentialAction\":[{\"@type\":\"SearchAction\",\"target\":{\"@type\":\"EntryPoint\",\"urlTemplate\":\"https:\/\/qingdaohf.com\/bg\/?s={search_term_string}\"},\"query-input\":{\"@type\":\"PropertyValueSpecification\",\"valueRequired\":true,\"valueName\":\"search_term_string\"}}],\"inLanguage\":\"tr\"},{\"@type\":\"Organization\",\"@id\":\"https:\/\/qingdaohf.com\/bg\/#organization\",\"name\":\"Qingdao H&F\",\"url\":\"https:\/\/qingdaohf.com\/bg\/\",\"logo\":{\"@type\":\"ImageObject\",\"inLanguage\":\"tr\",\"@id\":\"https:\/\/qingdaohf.com\/bg\/#\/schema\/logo\/image\/\",\"url\":\"https:\/\/qingdaohf.com\/wp-content\/uploads\/2022\/12\/cropped-HF-LOGO.png\",\"contentUrl\":\"https:\/\/qingdaohf.com\/wp-content\/uploads\/2022\/12\/cropped-HF-LOGO.png\",\"width\":391,\"height\":249,\"caption\":\"Qingdao H&F\"},\"image\":{\"@id\":\"https:\/\/qingdaohf.com\/bg\/#\/schema\/logo\/image\/\"},\"sameAs\":[\"https:\/\/www.facebook.com\/qingdaohf\"]}]}<\/script>\n<!-- \/ Yoast SEO plugin. -->","yoast_head_json":{"title":"Braidge Overhang Bracket","description":"Overhang Bracket is a classic design for the bridge industry. This state-of-the-art standard Bridge Overhang Bracket is designed for use on steel and concrete girders. Easy and quick presetting on the ground is only one of the features.","robots":{"index":"index","follow":"follow","max-snippet":"max-snippet:-1","max-image-preview":"max-image-preview:large","max-video-preview":"max-video-preview:-1"},"canonical":"https:\/\/qingdaohf.com\/tr\/urun\/cikinti-braketi\/","og_locale":"tr_TR","og_type":"article","og_title":"Braidge Overhang Bracket","og_description":"Overhang Bracket is a classic design for the bridge industry. This state-of-the-art standard Bridge Overhang Bracket is designed for use on steel and concrete girders. Easy and quick presetting on the ground is only one of the features.","og_url":"https:\/\/qingdaohf.com\/tr\/urun\/cikinti-braketi\/","og_site_name":"Concrete Form &amp; Rigging Hardware Supplier","article_publisher":"https:\/\/www.facebook.com\/qingdaohf","article_modified_time":"2025-11-13T01:06:37+00:00","og_image":[{"width":1000,"height":1000,"url":"https:\/\/qingdaohf.com\/wp-content\/uploads\/2023\/02\/overhang-bracket-3.jpg","type":"image\/jpeg"}],"twitter_card":"summary_large_image","twitter_misc":{"Tahmini okuma s\u00fcresi":"2 dakika"},"schema":{"@context":"https:\/\/schema.org","@graph":[{"@type":"WebPage","@id":"https:\/\/qingdaohf.com\/product\/overhang-bracket\/","url":"https:\/\/qingdaohf.com\/product\/overhang-bracket\/","name":"Braidge Overhang Bracket","isPartOf":{"@id":"https:\/\/qingdaohf.com\/bg\/#website"},"primaryImageOfPage":{"@id":"https:\/\/qingdaohf.com\/product\/overhang-bracket\/#primaryimage"},"image":{"@id":"https:\/\/qingdaohf.com\/product\/overhang-bracket\/#primaryimage"},"thumbnailUrl":"https:\/\/qingdaohf.com\/wp-content\/uploads\/2023\/02\/overhang-bracket-3.jpg","datePublished":"2023-02-08T08:02:24+00:00","dateModified":"2025-11-13T01:06:37+00:00","description":"Overhang Bracket is a classic design for the bridge industry. This state-of-the-art standard Bridge Overhang Bracket is designed for use on steel and concrete girders. Easy and quick presetting on the ground is only one of the features.","breadcrumb":{"@id":"https:\/\/qingdaohf.com\/product\/overhang-bracket\/#breadcrumb"},"inLanguage":"tr","potentialAction":[{"@type":"ReadAction","target":["https:\/\/qingdaohf.com\/product\/overhang-bracket\/"]}]},{"@type":"ImageObject","inLanguage":"tr","@id":"https:\/\/qingdaohf.com\/product\/overhang-bracket\/#primaryimage","url":"https:\/\/qingdaohf.com\/wp-content\/uploads\/2023\/02\/overhang-bracket-3.jpg","contentUrl":"https:\/\/qingdaohf.com\/wp-content\/uploads\/2023\/02\/overhang-bracket-3.jpg","width":1000,"height":1000,"caption":"overhang bracket"},{"@type":"BreadcrumbList","@id":"https:\/\/qingdaohf.com\/product\/overhang-bracket\/#breadcrumb","itemListElement":[{"@type":"ListItem","position":1,"name":"Home","item":"https:\/\/qingdaohf.com\/"},{"@type":"ListItem","position":2,"name":"Concrete Forming Accessories and Rigging Hardware","item":"https:\/\/qingdaohf.com\/bg\/?page_id=944"},{"@type":"ListItem","position":3,"name":"Braidge Overhang Bracket"}]},{"@type":"WebSite","@id":"https:\/\/qingdaohf.com\/bg\/#website","url":"https:\/\/qingdaohf.com\/bg\/","name":"Concrete Form & Rigging Hardware Supplier","description":"","publisher":{"@id":"https:\/\/qingdaohf.com\/bg\/#organization"},"potentialAction":[{"@type":"SearchAction","target":{"@type":"EntryPoint","urlTemplate":"https:\/\/qingdaohf.com\/bg\/?s={search_term_string}"},"query-input":{"@type":"PropertyValueSpecification","valueRequired":true,"valueName":"search_term_string"}}],"inLanguage":"tr"},{"@type":"Organization","@id":"https:\/\/qingdaohf.com\/bg\/#organization","name":"Qingdao H&F","url":"https:\/\/qingdaohf.com\/bg\/","logo":{"@type":"ImageObject","inLanguage":"tr","@id":"https:\/\/qingdaohf.com\/bg\/#\/schema\/logo\/image\/","url":"https:\/\/qingdaohf.com\/wp-content\/uploads\/2022\/12\/cropped-HF-LOGO.png","contentUrl":"https:\/\/qingdaohf.com\/wp-content\/uploads\/2022\/12\/cropped-HF-LOGO.png","width":391,"height":249,"caption":"Qingdao H&F"},"image":{"@id":"https:\/\/qingdaohf.com\/bg\/#\/schema\/logo\/image\/"},"sameAs":["https:\/\/www.facebook.com\/qingdaohf"]}]}},"_links":{"self":[{"href":"https:\/\/qingdaohf.com\/tr\/wp-json\/wp\/v2\/product\/2073","targetHints":{"allow":["GET"]}}],"collection":[{"href":"https:\/\/qingdaohf.com\/tr\/wp-json\/wp\/v2\/product"}],"about":[{"href":"https:\/\/qingdaohf.com\/tr\/wp-json\/wp\/v2\/types\/product"}],"replies":[{"embeddable":true,"href":"https:\/\/qingdaohf.com\/tr\/wp-json\/wp\/v2\/comments?post=2073"}],"version-history":[{"count":2,"href":"https:\/\/qingdaohf.com\/tr\/wp-json\/wp\/v2\/product\/2073\/revisions"}],"predecessor-version":[{"id":10461,"href":"https:\/\/qingdaohf.com\/tr\/wp-json\/wp\/v2\/product\/2073\/revisions\/10461"}],"wp:featuredmedia":[{"embeddable":true,"href":"https:\/\/qingdaohf.com\/tr\/wp-json\/wp\/v2\/media\/3112"}],"wp:attachment":[{"href":"https:\/\/qingdaohf.com\/tr\/wp-json\/wp\/v2\/media?parent=2073"}],"wp:term":[{"taxonomy":"product_brand","embeddable":true,"href":"https:\/\/qingdaohf.com\/tr\/wp-json\/wp\/v2\/product_brand?post=2073"},{"taxonomy":"product_cat","embeddable":true,"href":"https:\/\/qingdaohf.com\/tr\/wp-json\/wp\/v2\/product_cat?post=2073"},{"taxonomy":"product_tag","embeddable":true,"href":"https:\/\/qingdaohf.com\/tr\/wp-json\/wp\/v2\/product_tag?post=2073"}],"curies":[{"name":"wp","href":"https:\/\/api.w.org\/{rel}","templated":true}]}}