{"id":2076,"date":"2023-02-08T16:18:02","date_gmt":"2023-02-08T08:18:02","guid":{"rendered":"http:\/\/qingdaohf.com\/?post_type=product&#038;p=2076"},"modified":"2025-11-13T09:06:36","modified_gmt":"2025-11-13T01:06:36","slug":"concrete-form-pins","status":"publish","type":"product","link":"https:\/\/qingdaohf.com\/tr\/urun\/beton-kalip-pimleri\/","title":{"rendered":"Beton Kal\u0131p Pimleri"},"content":{"rendered":"<div class=\"ast-oembed-container\" style=\"height: 100%;\"><iframe title=\"Beton \u00c7elik Kaz\u0131k\" width=\"500\" height=\"281\" src=\"https:\/\/www.youtube.com\/embed\/kDArajRbFtQ?feature=oembed\" frameborder=\"0\" allow=\"accelerometer; autoplay; clipboard-write; encrypted-media; gyroscope; picture-in-picture; web-share\" referrerpolicy=\"strict-origin-when-cross-origin\" allowfullscreen><\/iframe><\/div>\n<p>En kaliteli in\u015faat malzemeleri aray\u0131\u015f\u0131n\u0131zda, m\u00fckemmellik ve g\u00fcvenilirlik talep etti\u011finizi anl\u0131yoruz. \u0130\u015fte Qingdao H&amp;F burada devreye giriyor - t\u00fcm in\u015faat ihtiya\u00e7lar\u0131n\u0131z i\u00e7in g\u00fcvenilir orta\u011f\u0131n\u0131z, 20 y\u0131ll\u0131k end\u00fcstri uzmanl\u0131\u011f\u0131m\u0131zla desteklenen en iyi Yuvarlak \u00c7elik \u00c7ivi Kaz\u0131klar\u0131n\u0131 sunuyor.<\/p>\n<p><strong>1. Benzersiz Dayan\u0131kl\u0131l\u0131k ve G\u00fc\u00e7:<\/strong> Yuvarlak \u00e7elik \u00e7ivi kaz\u0131klar s\u00f6z konusu oldu\u011funda, dayan\u0131kl\u0131l\u0131k ve g\u00fcc\u00fcn tart\u0131\u015f\u0131lmaz oldu\u011funun fark\u0131nday\u0131z. Beton \u015eekillendirme Aksesuarlar\u0131 ve Arma Donan\u0131m\u0131 konusunda uzmanla\u015fm\u0131\u015f kooperatif fabrikam\u0131z, bu kaz\u0131klar\u0131 y\u00fcksek kaliteli \u00e7elikten hassas bir \u015fekilde \u00fcretmektedir. Bu, projelerinizin talep etti\u011fi sa\u011flaml\u0131\u011f\u0131 ve esnekli\u011fi garanti eder.<\/p>\n<p><strong>2. G\u00fcvenebilece\u011finiz Tutarl\u0131l\u0131k:<\/strong> Tutarl\u0131l\u0131k ve kalite g\u00fcvencesi her \u015feyden \u00f6nemlidir. Her yuvarlak \u00e7elik \u00e7ivi kaz\u0131\u011f\u0131 titiz bir denetimden ge\u00e7er ve her sipari\u015fle birlikte kapsaml\u0131 bir Kalite Kontrol Denetim Raporu sunar\u0131z. Bu, her seferinde en y\u00fcksek end\u00fcstri standartlar\u0131n\u0131 kar\u015f\u0131layan \u00fcr\u00fcnler alman\u0131z\u0131 sa\u011flar.<\/p>\n<p><strong>3. \u0130htiya\u00e7lar\u0131n\u0131za G\u00f6re Uyarlanm\u0131\u015ft\u0131r:<\/strong> Projeleriniz benzersizdir ve \u00f6zelle\u015ftirme se\u00e7enekleri hayati \u00f6nem ta\u015f\u0131r. Yuvarlak \u00e7elik \u00e7ivi kaz\u0131klar\u0131n\u0131 kesin boyutlar\u0131n\u0131za ve spesifikasyonlar\u0131n\u0131za g\u00f6re \u00f6zelle\u015ftirme esnekli\u011fi sunarak \u00e7al\u0131\u015fmalar\u0131n\u0131za sorunsuz bir \u015fekilde entegre olmalar\u0131n\u0131 sa\u011fl\u0131yoruz.<\/p>\n<p><strong>4. Rekabet\u00e7i Fiyatland\u0131rma:<\/strong> Kalite \u00f6nemli olsa da rekabet\u00e7i fiyatland\u0131rman\u0131n da \u00f6nemli oldu\u011funu biliyoruz. Verimli \u00fcretim s\u00fcre\u00e7lerimiz, kaliteden \u00f6d\u00fcn vermeden b\u00fct\u00e7enize uygun fiyatlarla yuvarlak \u00e7elik \u00e7ivi kaz\u0131klar\u0131 sunmam\u0131z\u0131 sa\u011fl\u0131yor.<\/p>\n<p><strong>5. H\u0131zl\u0131 Ula\u015f\u0131labilirlik ve Kolayl\u0131k:<\/strong> Zaman\u0131n\u0131z \u00e7ok de\u011ferlidir ve haz\u0131r \u00fcr\u00fcnlere sahip olmak \u00e7ok \u00f6nemlidir. Optimum stok seviyelerini koruyarak yuvarlak \u00e7elik \u00e7ivi kaz\u0131klara h\u0131zl\u0131 eri\u015fim sa\u011fl\u0131yor ve projenin aksama s\u00fcresini azalt\u0131yoruz.<\/p>\n<p><strong>6. Adanm\u0131\u015fl\u0131\u011f\u0131m\u0131z\u0131 Deneyimleyin:<\/strong> Qingdao H&amp;F ile fark\u0131 ke\u015ffedin. Yuvarlak \u00e7elik \u00e7ivi kaz\u0131klar\u0131m\u0131zdan \u00fccretsiz numune talep etme f\u0131rsat\u0131 sunarak kalitelerini ilk elden deneyimlemenize olanak tan\u0131yoruz. Ayr\u0131ca, bire bir m\u00fc\u015fteri hizmetlerimiz, sat\u0131n alma yolculu\u011funuz boyunca ihtiya\u00e7 duydu\u011funuz rehberli\u011fi ve deste\u011fi alman\u0131z\u0131 sa\u011flar.<\/p>\n<p>Biz bir tedarik\u00e7i veya toptanc\u0131dan daha fazlas\u0131y\u0131z; y\u00fcksek kaliteli yuvarlak \u00e7elik \u00e7ivi kaz\u0131klar\u0131n\u0131 toplu olarak tedarik etme konusunda \u00f6zel orta\u011f\u0131n\u0131z\u0131z. Uzmanl\u0131\u011f\u0131m\u0131z, rekabet\u00e7i fiyatland\u0131rmam\u0131z ve memnuniyetinize olan sars\u0131lmaz ba\u011fl\u0131l\u0131\u011f\u0131m\u0131zla Qingdao H&amp;F, t\u00fcm in\u015faat ve beton \u015fekillendirme gereksinimleriniz i\u00e7in g\u00fcvenilir kayna\u011f\u0131n\u0131zd\u0131r.<\/p>\n<p>Benzersiz proje taleplerinizle m\u00fckemmel uyum sa\u011flayan kusursuz bir deneyim i\u00e7in bizi se\u00e7in. Yirmi y\u0131ll\u0131k end\u00fcstri m\u00fckemmelli\u011fine sahip sayg\u0131n bir \u015firketle ortakl\u0131k kurman\u0131n avantajlar\u0131n\u0131 ya\u015fay\u0131n. Birinci s\u0131n\u0131f Yuvarlak \u00c7elik \u00c7ivi Kaz\u0131k aray\u0131\u015f\u0131n\u0131z burada sona eriyor - bug\u00fcn bizimle ileti\u015fime ge\u00e7in ve in\u015faat projelerinizi yeni zirvelere ta\u015f\u0131y\u0131n.<\/p>\n<p><img fetchpriority=\"high\" decoding=\"async\" class=\"alignnone wp-image-5536\" src=\"http:\/\/qingdaohf.com\/wp-content\/uploads\/2023\/02\/round-steel-stake-1.jpg\" alt=\"yuvarlak \u00e7elik kaz\u0131k\" width=\"1200\" height=\"1200\" srcset=\"https:\/\/qingdaohf.com\/wp-content\/uploads\/2023\/02\/round-steel-stake-1.jpg 1000w, https:\/\/qingdaohf.com\/wp-content\/uploads\/2023\/02\/round-steel-stake-1-300x300.jpg 300w, https:\/\/qingdaohf.com\/wp-content\/uploads\/2023\/02\/round-steel-stake-1-150x150.jpg 150w, https:\/\/qingdaohf.com\/wp-content\/uploads\/2023\/02\/round-steel-stake-1-768x768.jpg 768w, https:\/\/qingdaohf.com\/wp-content\/uploads\/2023\/02\/round-steel-stake-1-500x500.jpg 500w, https:\/\/qingdaohf.com\/wp-content\/uploads\/2023\/02\/round-steel-stake-1-100x100.jpg 100w\" sizes=\"(max-width: 1200px) 100vw, 1200px\" \/><\/p>\n<p><img decoding=\"async\" class=\"alignnone size-full wp-image-2789\" src=\"http:\/\/qingdaohf.com\/wp-content\/uploads\/2023\/02\/\u672a\u6807\u9898-1.jpg\" alt=\"\" width=\"1200\" height=\"1200\" srcset=\"https:\/\/qingdaohf.com\/wp-content\/uploads\/2023\/02\/\u672a\u6807\u9898-1.jpg 1200w, https:\/\/qingdaohf.com\/wp-content\/uploads\/2023\/02\/\u672a\u6807\u9898-1-500x500.jpg 500w, https:\/\/qingdaohf.com\/wp-content\/uploads\/2023\/02\/\u672a\u6807\u9898-1-100x100.jpg 100w, https:\/\/qingdaohf.com\/wp-content\/uploads\/2023\/02\/\u672a\u6807\u9898-1-1000x1000.jpg 1000w, https:\/\/qingdaohf.com\/wp-content\/uploads\/2023\/02\/\u672a\u6807\u9898-1-300x300.jpg 300w, https:\/\/qingdaohf.com\/wp-content\/uploads\/2023\/02\/\u672a\u6807\u9898-1-1024x1024.jpg 1024w, https:\/\/qingdaohf.com\/wp-content\/uploads\/2023\/02\/\u672a\u6807\u9898-1-150x150.jpg 150w, https:\/\/qingdaohf.com\/wp-content\/uploads\/2023\/02\/\u672a\u6807\u9898-1-768x768.jpg 768w\" sizes=\"(max-width: 1200px) 100vw, 1200px\" \/><\/p>\n<div class=\"flex-1 overflow-hidden\">\n<div class=\"react-scroll-to-bottom--css-kwokg-79elbk h-full dark:bg-gray-800\">\n<div class=\"react-scroll-to-bottom--css-kwokg-1n7m0yu\">\n<div class=\"flex flex-col items-center text-sm dark:bg-gray-800\">\n<div class=\"w-full border-b border-black\/10 dark:border-gray-900\/50 text-gray-800 dark:text-gray-100 group bg-gray-50 dark:bg-[#444654]\">\n<div class=\"text-base gap-4 md:gap-6 m-auto md:max-w-2xl lg:max-w-2xl xl:max-w-3xl p-4 md:py-6 flex lg:px-0\">\n<div class=\"relative flex w-[calc(100%-50px)] flex-col gap-1 md:gap-3 lg:w-[calc(100%-115px)]\">\n<div class=\"flex flex-grow flex-col gap-3\">\n<div class=\"min-h-[20px] flex flex-col items-start gap-4 whitespace-pre-wrap\">\n<div class=\"markdown prose w-full break-words dark:prose-invert light\">\n<p>&nbsp;<\/p>\n<\/div>\n<\/div>\n<\/div>\n<\/div>\n<\/div>\n<\/div>\n<\/div>\n<\/div>\n<\/div>\n<\/div>","protected":false},"excerpt":{"rendered":"<p>Beton formlar i\u00e7in 12 \u2033-48 \u2033 \u00e7elik pimler. Beton \u015fekillendirme kaz\u0131klar\u0131 beton formlar\u0131 yerinde tutar ve h\u0131zl\u0131 \u00e7ivilemeye olanak sa\u011flamak i\u00e7in bir\u00e7ok noktada deliklere sahiptir.<\/p>\n<p>Yuvarlak \u00e7elik kaz\u0131klar, beton \u015fekillendirmede kullan\u0131lan en yayg\u0131n \u00e7elik kaz\u0131k t\u00fcr\u00fcd\u00fcr. Tipik olarak y\u00fcksek mukavemetli \u00e7elikten yap\u0131l\u0131rlar ve \u00e7e\u015fitli \u00e7ap ve uzunluklarda mevcutturlar. Yuvarlak \u00e7elik kaz\u0131klar\u0131n tak\u0131lmas\u0131 ve \u00e7\u0131kar\u0131lmas\u0131 kolayd\u0131r ve kal\u0131p i\u00e7in m\u00fckemmel stabilite ve destek sa\u011flarlar.<\/p>","protected":false},"featured_media":2791,"comment_status":"open","ping_status":"closed","template":"","meta":{"site-sidebar-layout":"default","site-content-layout":"default","ast-site-content-layout":"default","site-content-style":"default","site-sidebar-style":"default","ast-global-header-display":"","ast-banner-title-visibility":"","ast-main-header-display":"","ast-hfb-above-header-display":"","ast-hfb-below-header-display":"","ast-hfb-mobile-header-display":"","site-post-title":"","ast-breadcrumbs-content":"","ast-featured-img":"","footer-sml-layout":"","theme-transparent-header-meta":"default","adv-header-id-meta":"","stick-header-meta":"default","header-above-stick-meta":"","header-main-stick-meta":"","header-below-stick-meta":"","astra-migrate-meta-layouts":"set","ast-page-background-enabled":"default","ast-page-background-meta":{"desktop":{"background-color":"","background-image":"","background-repeat":"repeat","background-position":"center center","background-size":"auto","background-attachment":"scroll","background-type":"","background-media":"","overlay-type":"","overlay-color":"","overlay-opacity":"","overlay-gradient":""},"tablet":{"background-color":"","background-image":"","background-repeat":"repeat","background-position":"center center","background-size":"auto","background-attachment":"scroll","background-type":"","background-media":"","overlay-type":"","overlay-color":"","overlay-opacity":"","overlay-gradient":""},"mobile":{"background-color":"","background-image":"","background-repeat":"repeat","background-position":"center center","background-size":"auto","background-attachment":"scroll","background-type":"","background-media":"","overlay-type":"","overlay-color":"","overlay-opacity":"","overlay-gradient":""}},"ast-content-background-meta":{"desktop":{"background-color":"var(--ast-global-color-5)","background-image":"","background-repeat":"repeat","background-position":"center center","background-size":"auto","background-attachment":"scroll","background-type":"","background-media":"","overlay-type":"","overlay-color":"","overlay-opacity":"","overlay-gradient":""},"tablet":{"background-color":"var(--ast-global-color-5)","background-image":"","background-repeat":"repeat","background-position":"center center","background-size":"auto","background-attachment":"scroll","background-type":"","background-media":"","overlay-type":"","overlay-color":"","overlay-opacity":"","overlay-gradient":""},"mobile":{"background-color":"var(--ast-global-color-5)","background-image":"","background-repeat":"repeat","background-position":"center center","background-size":"auto","background-attachment":"scroll","background-type":"","background-media":"","overlay-type":"","overlay-color":"","overlay-opacity":"","overlay-gradient":""}}},"product_brand":[],"product_cat":[28,53],"product_tag":[],"class_list":{"0":"post-2076","1":"product","2":"type-product","3":"status-publish","4":"has-post-thumbnail","6":"product_cat-concrete-forming","7":"product_cat-steel-stake","8":"desktop-align-left","9":"tablet-align-left","10":"mobile-align-left","11":"ast-product-gallery-layout-horizontal-slider","12":"ast-product-tabs-layout-horizontal","14":"first","15":"instock","16":"shipping-taxable","17":"purchasable","18":"product-type-simple"},"yoast_head":"<!-- This site is optimized with the Yoast SEO plugin v25.2 - https:\/\/yoast.com\/wordpress\/plugins\/seo\/ -->\n<title>Concrete Form Pins<\/title>\n<meta name=\"description\" content=\"12&quot;-48&quot; Round Steel Stake These forming stakes hold concrete forms in place and have holes in many spots to allow for quick nailing.\" \/>\n<meta name=\"robots\" content=\"index, follow, max-snippet:-1, max-image-preview:large, max-video-preview:-1\" \/>\n<link rel=\"canonical\" href=\"https:\/\/qingdaohf.com\/tr\/urun\/beton-kalip-pimleri\/\" \/>\n<meta property=\"og:locale\" content=\"tr_TR\" \/>\n<meta property=\"og:type\" content=\"article\" \/>\n<meta property=\"og:title\" content=\"Concrete Form Pins\" \/>\n<meta property=\"og:description\" content=\"12&quot;-48&quot; Round Steel Stake These forming stakes hold concrete forms in place and have holes in many spots to allow for quick nailing.\" \/>\n<meta property=\"og:url\" content=\"https:\/\/qingdaohf.com\/tr\/urun\/beton-kalip-pimleri\/\" \/>\n<meta property=\"og:site_name\" content=\"Concrete Form &amp; Rigging Hardware Supplier\" \/>\n<meta property=\"article:publisher\" content=\"https:\/\/www.facebook.com\/qingdaohf\" \/>\n<meta property=\"article:modified_time\" content=\"2025-11-13T01:06:36+00:00\" \/>\n<meta property=\"og:image\" content=\"https:\/\/qingdaohf.com\/wp-content\/uploads\/2023\/02\/steel-stake-1-1.jpg\" \/>\n\t<meta property=\"og:image:width\" content=\"1000\" \/>\n\t<meta property=\"og:image:height\" content=\"1000\" \/>\n\t<meta property=\"og:image:type\" content=\"image\/jpeg\" \/>\n<meta name=\"twitter:card\" content=\"summary_large_image\" \/>\n<meta name=\"twitter:label1\" content=\"Tahmini okuma s\u00fcresi\" \/>\n\t<meta name=\"twitter:data1\" content=\"3 dakika\" \/>\n<script type=\"application\/ld+json\" class=\"yoast-schema-graph\">{\"@context\":\"https:\/\/schema.org\",\"@graph\":[{\"@type\":\"WebPage\",\"@id\":\"https:\/\/qingdaohf.com\/product\/concrete-form-pins\/\",\"url\":\"https:\/\/qingdaohf.com\/product\/concrete-form-pins\/\",\"name\":\"Concrete Form Pins\",\"isPartOf\":{\"@id\":\"https:\/\/qingdaohf.com\/bg\/#website\"},\"primaryImageOfPage\":{\"@id\":\"https:\/\/qingdaohf.com\/product\/concrete-form-pins\/#primaryimage\"},\"image\":{\"@id\":\"https:\/\/qingdaohf.com\/product\/concrete-form-pins\/#primaryimage\"},\"thumbnailUrl\":\"https:\/\/qingdaohf.com\/wp-content\/uploads\/2023\/02\/steel-stake-1-1.jpg\",\"datePublished\":\"2023-02-08T08:18:02+00:00\",\"dateModified\":\"2025-11-13T01:06:36+00:00\",\"description\":\"12\\\"-48\\\" Round Steel Stake These forming stakes hold concrete forms in place and have holes in many spots to allow for quick nailing.\",\"breadcrumb\":{\"@id\":\"https:\/\/qingdaohf.com\/product\/concrete-form-pins\/#breadcrumb\"},\"inLanguage\":\"tr\",\"potentialAction\":[{\"@type\":\"ReadAction\",\"target\":[\"https:\/\/qingdaohf.com\/product\/concrete-form-pins\/\"]}]},{\"@type\":\"ImageObject\",\"inLanguage\":\"tr\",\"@id\":\"https:\/\/qingdaohf.com\/product\/concrete-form-pins\/#primaryimage\",\"url\":\"https:\/\/qingdaohf.com\/wp-content\/uploads\/2023\/02\/steel-stake-1-1.jpg\",\"contentUrl\":\"https:\/\/qingdaohf.com\/wp-content\/uploads\/2023\/02\/steel-stake-1-1.jpg\",\"width\":1000,\"height\":1000,\"caption\":\"round steel stake\"},{\"@type\":\"BreadcrumbList\",\"@id\":\"https:\/\/qingdaohf.com\/product\/concrete-form-pins\/#breadcrumb\",\"itemListElement\":[{\"@type\":\"ListItem\",\"position\":1,\"name\":\"Home\",\"item\":\"https:\/\/qingdaohf.com\/\"},{\"@type\":\"ListItem\",\"position\":2,\"name\":\"Concrete Forming Accessories and Rigging Hardware\",\"item\":\"https:\/\/qingdaohf.com\/bg\/?page_id=944\"},{\"@type\":\"ListItem\",\"position\":3,\"name\":\"Concrete Form Pins\"}]},{\"@type\":\"WebSite\",\"@id\":\"https:\/\/qingdaohf.com\/bg\/#website\",\"url\":\"https:\/\/qingdaohf.com\/bg\/\",\"name\":\"Concrete Form & Rigging Hardware Supplier\",\"description\":\"\",\"publisher\":{\"@id\":\"https:\/\/qingdaohf.com\/bg\/#organization\"},\"potentialAction\":[{\"@type\":\"SearchAction\",\"target\":{\"@type\":\"EntryPoint\",\"urlTemplate\":\"https:\/\/qingdaohf.com\/bg\/?s={search_term_string}\"},\"query-input\":{\"@type\":\"PropertyValueSpecification\",\"valueRequired\":true,\"valueName\":\"search_term_string\"}}],\"inLanguage\":\"tr\"},{\"@type\":\"Organization\",\"@id\":\"https:\/\/qingdaohf.com\/bg\/#organization\",\"name\":\"Qingdao H&F\",\"url\":\"https:\/\/qingdaohf.com\/bg\/\",\"logo\":{\"@type\":\"ImageObject\",\"inLanguage\":\"tr\",\"@id\":\"https:\/\/qingdaohf.com\/bg\/#\/schema\/logo\/image\/\",\"url\":\"https:\/\/qingdaohf.com\/wp-content\/uploads\/2022\/12\/cropped-HF-LOGO.png\",\"contentUrl\":\"https:\/\/qingdaohf.com\/wp-content\/uploads\/2022\/12\/cropped-HF-LOGO.png\",\"width\":391,\"height\":249,\"caption\":\"Qingdao H&F\"},\"image\":{\"@id\":\"https:\/\/qingdaohf.com\/bg\/#\/schema\/logo\/image\/\"},\"sameAs\":[\"https:\/\/www.facebook.com\/qingdaohf\"]}]}<\/script>\n<!-- \/ Yoast SEO plugin. -->","yoast_head_json":{"title":"Concrete Form Pins","description":"12\"-48\" Round Steel Stake These forming stakes hold concrete forms in place and have holes in many spots to allow for quick nailing.","robots":{"index":"index","follow":"follow","max-snippet":"max-snippet:-1","max-image-preview":"max-image-preview:large","max-video-preview":"max-video-preview:-1"},"canonical":"https:\/\/qingdaohf.com\/tr\/urun\/beton-kalip-pimleri\/","og_locale":"tr_TR","og_type":"article","og_title":"Concrete Form Pins","og_description":"12\"-48\" Round Steel Stake These forming stakes hold concrete forms in place and have holes in many spots to allow for quick nailing.","og_url":"https:\/\/qingdaohf.com\/tr\/urun\/beton-kalip-pimleri\/","og_site_name":"Concrete Form &amp; Rigging Hardware Supplier","article_publisher":"https:\/\/www.facebook.com\/qingdaohf","article_modified_time":"2025-11-13T01:06:36+00:00","og_image":[{"width":1000,"height":1000,"url":"https:\/\/qingdaohf.com\/wp-content\/uploads\/2023\/02\/steel-stake-1-1.jpg","type":"image\/jpeg"}],"twitter_card":"summary_large_image","twitter_misc":{"Tahmini okuma s\u00fcresi":"3 dakika"},"schema":{"@context":"https:\/\/schema.org","@graph":[{"@type":"WebPage","@id":"https:\/\/qingdaohf.com\/product\/concrete-form-pins\/","url":"https:\/\/qingdaohf.com\/product\/concrete-form-pins\/","name":"Concrete Form Pins","isPartOf":{"@id":"https:\/\/qingdaohf.com\/bg\/#website"},"primaryImageOfPage":{"@id":"https:\/\/qingdaohf.com\/product\/concrete-form-pins\/#primaryimage"},"image":{"@id":"https:\/\/qingdaohf.com\/product\/concrete-form-pins\/#primaryimage"},"thumbnailUrl":"https:\/\/qingdaohf.com\/wp-content\/uploads\/2023\/02\/steel-stake-1-1.jpg","datePublished":"2023-02-08T08:18:02+00:00","dateModified":"2025-11-13T01:06:36+00:00","description":"12\"-48\" Round Steel Stake These forming stakes hold concrete forms in place and have holes in many spots to allow for quick nailing.","breadcrumb":{"@id":"https:\/\/qingdaohf.com\/product\/concrete-form-pins\/#breadcrumb"},"inLanguage":"tr","potentialAction":[{"@type":"ReadAction","target":["https:\/\/qingdaohf.com\/product\/concrete-form-pins\/"]}]},{"@type":"ImageObject","inLanguage":"tr","@id":"https:\/\/qingdaohf.com\/product\/concrete-form-pins\/#primaryimage","url":"https:\/\/qingdaohf.com\/wp-content\/uploads\/2023\/02\/steel-stake-1-1.jpg","contentUrl":"https:\/\/qingdaohf.com\/wp-content\/uploads\/2023\/02\/steel-stake-1-1.jpg","width":1000,"height":1000,"caption":"round steel stake"},{"@type":"BreadcrumbList","@id":"https:\/\/qingdaohf.com\/product\/concrete-form-pins\/#breadcrumb","itemListElement":[{"@type":"ListItem","position":1,"name":"Home","item":"https:\/\/qingdaohf.com\/"},{"@type":"ListItem","position":2,"name":"Concrete Forming Accessories and Rigging Hardware","item":"https:\/\/qingdaohf.com\/bg\/?page_id=944"},{"@type":"ListItem","position":3,"name":"Concrete Form Pins"}]},{"@type":"WebSite","@id":"https:\/\/qingdaohf.com\/bg\/#website","url":"https:\/\/qingdaohf.com\/bg\/","name":"Concrete Form & Rigging Hardware Supplier","description":"","publisher":{"@id":"https:\/\/qingdaohf.com\/bg\/#organization"},"potentialAction":[{"@type":"SearchAction","target":{"@type":"EntryPoint","urlTemplate":"https:\/\/qingdaohf.com\/bg\/?s={search_term_string}"},"query-input":{"@type":"PropertyValueSpecification","valueRequired":true,"valueName":"search_term_string"}}],"inLanguage":"tr"},{"@type":"Organization","@id":"https:\/\/qingdaohf.com\/bg\/#organization","name":"Qingdao H&F","url":"https:\/\/qingdaohf.com\/bg\/","logo":{"@type":"ImageObject","inLanguage":"tr","@id":"https:\/\/qingdaohf.com\/bg\/#\/schema\/logo\/image\/","url":"https:\/\/qingdaohf.com\/wp-content\/uploads\/2022\/12\/cropped-HF-LOGO.png","contentUrl":"https:\/\/qingdaohf.com\/wp-content\/uploads\/2022\/12\/cropped-HF-LOGO.png","width":391,"height":249,"caption":"Qingdao H&F"},"image":{"@id":"https:\/\/qingdaohf.com\/bg\/#\/schema\/logo\/image\/"},"sameAs":["https:\/\/www.facebook.com\/qingdaohf"]}]}},"_links":{"self":[{"href":"https:\/\/qingdaohf.com\/tr\/wp-json\/wp\/v2\/product\/2076","targetHints":{"allow":["GET"]}}],"collection":[{"href":"https:\/\/qingdaohf.com\/tr\/wp-json\/wp\/v2\/product"}],"about":[{"href":"https:\/\/qingdaohf.com\/tr\/wp-json\/wp\/v2\/types\/product"}],"replies":[{"embeddable":true,"href":"https:\/\/qingdaohf.com\/tr\/wp-json\/wp\/v2\/comments?post=2076"}],"version-history":[{"count":16,"href":"https:\/\/qingdaohf.com\/tr\/wp-json\/wp\/v2\/product\/2076\/revisions"}],"predecessor-version":[{"id":9251,"href":"https:\/\/qingdaohf.com\/tr\/wp-json\/wp\/v2\/product\/2076\/revisions\/9251"}],"wp:featuredmedia":[{"embeddable":true,"href":"https:\/\/qingdaohf.com\/tr\/wp-json\/wp\/v2\/media\/2791"}],"wp:attachment":[{"href":"https:\/\/qingdaohf.com\/tr\/wp-json\/wp\/v2\/media?parent=2076"}],"wp:term":[{"taxonomy":"product_brand","embeddable":true,"href":"https:\/\/qingdaohf.com\/tr\/wp-json\/wp\/v2\/product_brand?post=2076"},{"taxonomy":"product_cat","embeddable":true,"href":"https:\/\/qingdaohf.com\/tr\/wp-json\/wp\/v2\/product_cat?post=2076"},{"taxonomy":"product_tag","embeddable":true,"href":"https:\/\/qingdaohf.com\/tr\/wp-json\/wp\/v2\/product_tag?post=2076"}],"curies":[{"name":"wp","href":"https:\/\/api.w.org\/{rel}","templated":true}]}}