{"id":2080,"date":"2023-02-08T17:31:37","date_gmt":"2023-02-08T09:31:37","guid":{"rendered":"http:\/\/qingdaohf.com\/?post_type=product&#038;p=2080"},"modified":"2025-11-13T09:06:36","modified_gmt":"2025-11-13T01:06:36","slug":"flat-steel-stake","status":"publish","type":"product","link":"https:\/\/qingdaohf.com\/tr\/urun\/yassi-celik-kazik\/","title":{"rendered":"Beton \u015eekillendirme i\u00e7in Yass\u0131 \u00c7elik Kaz\u0131k"},"content":{"rendered":"<div class=\"ast-oembed-container\" style=\"height: 100%;\"><iframe title=\"Beton \u00c7elik Kaz\u0131k\" width=\"500\" height=\"281\" src=\"https:\/\/www.youtube.com\/embed\/kDArajRbFtQ?feature=oembed\" frameborder=\"0\" allow=\"accelerometer; autoplay; clipboard-write; encrypted-media; gyroscope; picture-in-picture; web-share\" referrerpolicy=\"strict-origin-when-cross-origin\" allowfullscreen><\/iframe><\/div>\n<p>Beton \u015fekillendirme, \u0131slak betonun d\u00f6k\u00fcld\u00fc\u011f\u00fc ve istenen bir \u015fekil veya yap\u0131ya sertle\u015fmesine izin verilen ge\u00e7ici bir kal\u0131p veya \u00e7er\u00e7eve olu\u015fturma i\u015flemidir. Beton kal\u0131plar\u0131 tipik olarak ah\u015fap, \u00e7elik veya plastikten yap\u0131l\u0131r ve duvarlar, kolonlar, plakalar ve kiri\u015fler gibi \u00e7e\u015fitli beton yap\u0131lar olu\u015fturmak i\u00e7in kullan\u0131l\u0131r.<\/p>\n<p>\u00c7elik kaz\u0131klar, kal\u0131b\u0131 yerinde tutmak ve \u0131slak betonun a\u011f\u0131rl\u0131\u011f\u0131na destek sa\u011flamak i\u00e7in beton \u015fekillendirmede yayg\u0131n olarak kullan\u0131l\u0131r. Beton \u015fekillendirmede kullan\u0131lmak \u00fczere yuvarlak \u00e7elik kaz\u0131klar, kare \u00e7elik kaz\u0131klar, yass\u0131 \u00e7elik kaz\u0131klar ve yass\u0131 I-kiri\u015fli \u00e7elik kaz\u0131klar dahil olmak \u00fczere \u00e7e\u015fitli \u00e7elik kaz\u0131k t\u00fcrleri mevcuttur.<\/p>\n<p>Yuvarlak \u00e7elik kaz\u0131klar, beton \u015fekillendirmede kullan\u0131lan en yayg\u0131n \u00e7elik kaz\u0131k t\u00fcr\u00fcd\u00fcr. Tipik olarak y\u00fcksek mukavemetli \u00e7elikten yap\u0131l\u0131rlar ve \u00e7e\u015fitli \u00e7ap ve uzunluklarda mevcutturlar. Yuvarlak \u00e7elik kaz\u0131klar\u0131n tak\u0131lmas\u0131 ve \u00e7\u0131kar\u0131lmas\u0131 kolayd\u0131r ve kal\u0131p i\u00e7in m\u00fckemmel stabilite ve destek sa\u011flarlar.<\/p>\n\n<table id=\"tablepress-19\" class=\"tablepress tablepress-id-19\">\n<thead>\n<tr class=\"row-1\">\n\t<th class=\"column-1\">A\u00e7\u0131klama<\/th><th class=\"column-2\">Birim<\/th><th class=\"column-3\">Palet<\/th><th class=\"column-4\">A\u011f\u0131rl\u0131k (kg)<\/th>\n<\/tr>\n<\/thead>\n<tbody class=\"row-striping row-hover\">\n<tr class=\"row-2\">\n\t<td class=\"column-1\">3\/4\" x 12\"<\/td><td class=\"column-2\">10 adet\/kutu<\/td><td class=\"column-3\">150 kutu\/palet<\/td><td class=\"column-4\">0.6200<\/td>\n<\/tr>\n<tr class=\"row-3\">\n\t<td class=\"column-1\">3\/4\" x 18\"<\/td><td class=\"column-2\">10 adet\/kutu<\/td><td class=\"column-3\">100 kutu\/palet<\/td><td class=\"column-4\">0.9250<\/td>\n<\/tr>\n<tr class=\"row-4\">\n\t<td class=\"column-1\">3\/4\" x 24\"<\/td><td class=\"column-2\">10 adet\/kutu<\/td><td class=\"column-3\">75 kutu\/palet<\/td><td class=\"column-4\">1.2400<\/td>\n<\/tr>\n<tr class=\"row-5\">\n\t<td class=\"column-1\">3\/4\" x 30\"<\/td><td class=\"column-2\">10 adet\/kutu<\/td><td class=\"column-3\">60 kutu\/palet<\/td><td class=\"column-4\">1.5450<\/td>\n<\/tr>\n<tr class=\"row-6\">\n\t<td class=\"column-1\">3\/4\" x 36\"<\/td><td class=\"column-2\">10 adet\/kutu<\/td><td class=\"column-3\">50 kutu\/palet<\/td><td class=\"column-4\">1.8600<\/td>\n<\/tr>\n<tr class=\"row-7\">\n\t<td class=\"column-1\">3\/4\" x 42\"<\/td><td class=\"column-2\">10 adet\/kutu<\/td><td class=\"column-3\">40 kutu\/palet<\/td><td class=\"column-4\">2.1650<\/td>\n<\/tr>\n<tr class=\"row-8\">\n\t<td class=\"column-1\">3\/4\" x 48\"<\/td><td class=\"column-2\">10 adet\/kutu<\/td><td class=\"column-3\">30 kutu\/palet<\/td><td class=\"column-4\">2.4750<\/td>\n<\/tr>\n<tr class=\"row-9\">\n\t<td class=\"column-1\">7\/8\" x 12\"<\/td><td class=\"column-2\">10 adet\/kutu<\/td><td class=\"column-3\">150 kutu\/palet<\/td><td class=\"column-4\">0.9100<\/td>\n<\/tr>\n<tr class=\"row-10\">\n\t<td class=\"column-1\">7\/8\" x 18\"<\/td><td class=\"column-2\">10 adet\/kutu<\/td><td class=\"column-3\">100 kutu\/palet<\/td><td class=\"column-4\">1.3550<\/td>\n<\/tr>\n<tr class=\"row-11\">\n\t<td class=\"column-1\">7\/8\" x 24\"<\/td><td class=\"column-2\">10 adet\/kutu<\/td><td class=\"column-3\">75 kutu\/palet<\/td><td class=\"column-4\">1.8200<\/td>\n<\/tr>\n<tr class=\"row-12\">\n\t<td class=\"column-1\">7\/8\" x 30\"<\/td><td class=\"column-2\">10 adet\/kutu<\/td><td class=\"column-3\">60 kutu\/palet<\/td><td class=\"column-4\">2.2700<\/td>\n<\/tr>\n<tr class=\"row-13\">\n\t<td class=\"column-1\">7\/8\" x 36\"<\/td><td class=\"column-2\">10 adet\/kutu<\/td><td class=\"column-3\">50 kutu\/palet<\/td><td class=\"column-4\">2.7300<\/td>\n<\/tr>\n<tr class=\"row-14\">\n\t<td class=\"column-1\">7\/8\" x 42\"<\/td><td class=\"column-2\">10 adet\/kutu<\/td><td class=\"column-3\">40 kutu\/palet<\/td><td class=\"column-4\">3.1800<\/td>\n<\/tr>\n<tr class=\"row-15\">\n\t<td class=\"column-1\">7\/8\" x 48\"<\/td><td class=\"column-2\">10 adet\/kutu<\/td><td class=\"column-3\">30 kutu\/palet<\/td><td class=\"column-4\">3.6400<\/td>\n<\/tr>\n<\/tbody>\n<\/table>\n\n<p>Kare \u00e7elik kaz\u0131klar yuvarlak \u00e7elik kaz\u0131klara benzer, ancak dairesel yerine kare bir kesite sahiptirler. Ayr\u0131ca y\u00fcksek mukavemetli \u00e7elikten yap\u0131l\u0131rlar ve \u00e7e\u015fitli boyutlarda mevcutturlar. Kare \u00e7elik kaz\u0131klar genellikle r\u00fczgarl\u0131 veya engebeli ko\u015fullar gibi ek stabilitenin gerekli oldu\u011fu durumlarda kullan\u0131l\u0131r.<\/p>\n\n<table id=\"tablepress-20\" class=\"tablepress tablepress-id-20\">\n<thead>\n<tr class=\"row-1\">\n\t<th class=\"column-1\">A\u00e7\u0131klama<\/th><th class=\"column-2\">Birim<\/th><th class=\"column-3\">Palet<\/th><th class=\"column-4\">A\u011f\u0131rl\u0131k (kg)<\/th>\n<\/tr>\n<\/thead>\n<tbody class=\"row-striping row-hover\">\n<tr class=\"row-2\">\n\t<td class=\"column-1\">5\/8\" x 12\"<\/td><td class=\"column-2\">10 adet\/kutu<\/td><td class=\"column-3\">150 kutu\/palet<\/td><td class=\"column-4\">0.56<\/td>\n<\/tr>\n<tr class=\"row-3\">\n\t<td class=\"column-1\">5\/8\" x 18\"<\/td><td class=\"column-2\">10 adet\/kutu<\/td><td class=\"column-3\">100 kutu\/palet<\/td><td class=\"column-4\">0.81<\/td>\n<\/tr>\n<tr class=\"row-4\">\n\t<td class=\"column-1\">5\/8\" x 24\"<\/td><td class=\"column-2\">10 adet\/kutu<\/td><td class=\"column-3\">75 kutu\/palet<\/td><td class=\"column-4\">1.07<\/td>\n<\/tr>\n<tr class=\"row-5\">\n\t<td class=\"column-1\">5\/8\" x 30\"<\/td><td class=\"column-2\">10 adet\/kutu<\/td><td class=\"column-3\">60 kutu\/palet<\/td><td class=\"column-4\">1.34<\/td>\n<\/tr>\n<tr class=\"row-6\">\n\t<td class=\"column-1\">5\/8\" x 36\"<\/td><td class=\"column-2\">10 adet\/kutu<\/td><td class=\"column-3\">50 kutu\/palet<\/td><td class=\"column-4\">1.61<\/td>\n<\/tr>\n<tr class=\"row-7\">\n\t<td class=\"column-1\">5\/8\" x 42\"<\/td><td class=\"column-2\">10 adet\/kutu<\/td><td class=\"column-3\">40 kutu\/palet<\/td><td class=\"column-4\">1.87<\/td>\n<\/tr>\n<tr class=\"row-8\">\n\t<td class=\"column-1\">5\/8\" x 48\"<\/td><td class=\"column-2\">10 adet\/kutu<\/td><td class=\"column-3\">30 kutu\/palet<\/td><td class=\"column-4\">2.14<\/td>\n<\/tr>\n<\/tbody>\n<\/table>\n<!-- #tablepress-20 from cache -->\n<p>Yass\u0131 \u00e7elik kaz\u0131klar tipik olarak yuvarlak veya kare \u00e7elik kaz\u0131klardan daha ince \u00e7elikten yap\u0131l\u0131r. D\u00fcz bir kesite sahiptirler ve kal\u0131p i\u00e7in ek stabilite sa\u011flamak amac\u0131yla zemine a\u00e7\u0131l\u0131 olarak \u00e7ak\u0131lmak \u00fczere tasarlanm\u0131\u015flard\u0131r. Yass\u0131 \u00e7elik kaz\u0131klar, zorlu ko\u015fullarda ekstra destek sa\u011flamak i\u00e7in genellikle yuvarlak veya kare \u00e7elik kaz\u0131klarla birlikte kullan\u0131l\u0131r.<\/p>\n\n<table id=\"tablepress-21\" class=\"tablepress tablepress-id-21\">\n<thead>\n<tr class=\"row-1\">\n\t<th class=\"column-1\">A\u00e7\u0131klama<\/th><th class=\"column-2\">Birim<\/th><th class=\"column-3\">Palet<\/th><th class=\"column-4\">A\u011f\u0131rl\u0131k (kg)<\/th>\n<\/tr>\n<\/thead>\n<tbody class=\"row-striping row-hover\">\n<tr class=\"row-2\">\n\t<td class=\"column-1\">12\"<\/td><td class=\"column-2\">10 adet\/kutu<\/td><td class=\"column-3\">150 kutu\/palet<\/td><td class=\"column-4\">0.72<\/td>\n<\/tr>\n<tr class=\"row-3\">\n\t<td class=\"column-1\">18\"<\/td><td class=\"column-2\">10 adet\/kutu<\/td><td class=\"column-3\">100 kutu\/palet<\/td><td class=\"column-4\">1.07<\/td>\n<\/tr>\n<tr class=\"row-4\">\n\t<td class=\"column-1\">24\"<\/td><td class=\"column-2\">10 adet\/kutu<\/td><td class=\"column-3\">75 kutu\/palet<\/td><td class=\"column-4\">1.41<\/td>\n<\/tr>\n<tr class=\"row-5\">\n\t<td class=\"column-1\">30\"<\/td><td class=\"column-2\">10 adet\/kutu<\/td><td class=\"column-3\">60 kutu\/palet<\/td><td class=\"column-4\">1.8<\/td>\n<\/tr>\n<tr class=\"row-6\">\n\t<td class=\"column-1\">36\"<\/td><td class=\"column-2\">10 adet\/kutu<\/td><td class=\"column-3\">50 kutu\/palet<\/td><td class=\"column-4\">2.16<\/td>\n<\/tr>\n<tr class=\"row-7\">\n\t<td class=\"column-1\">42\"<\/td><td class=\"column-2\">10 adet\/kutu<\/td><td class=\"column-3\">40 kutu\/palet<\/td><td class=\"column-4\">2.56<\/td>\n<\/tr>\n<tr class=\"row-8\">\n\t<td class=\"column-1\">48\"<\/td><td class=\"column-2\">10 adet\/kutu<\/td><td class=\"column-3\">30 kutu\/palet<\/td><td class=\"column-4\">2.93<\/td>\n<\/tr>\n<\/tbody>\n<\/table>\n\n<p>Yass\u0131 I-kiri\u015fli \u00e7elik kaz\u0131klar yass\u0131 \u00e7elik kaz\u0131klara benzer, ancak \"I\" harfini and\u0131ran bir kesite sahiptirler. Tipik olarak yass\u0131 \u00e7elik kaz\u0131klardan daha kal\u0131n \u00e7elikten yap\u0131l\u0131rlar ve kal\u0131p i\u00e7in daha fazla stabilite ve destek sa\u011flamak \u00fczere tasarlanm\u0131\u015flard\u0131r. Yass\u0131 I-kiri\u015fli \u00e7elik kaz\u0131klar genellikle k\u00f6pr\u00fc in\u015faat\u0131 veya y\u00fcksek katl\u0131 bina in\u015faat\u0131 gibi b\u00fcy\u00fck \u00f6l\u00e7ekli beton \u015fekillendirme projelerinde kullan\u0131l\u0131r.<\/p>\n\n<table id=\"tablepress-22\" class=\"tablepress tablepress-id-22\">\n<thead>\n<tr class=\"row-1\">\n\t<th class=\"column-1\">\u015eartname<\/th><th class=\"column-2\">Adet\/Karton<\/th><th class=\"column-3\">Adet\/Palet<\/th>\n<\/tr>\n<\/thead>\n<tbody class=\"row-striping row-hover\">\n<tr class=\"row-2\">\n\t<td class=\"column-1\">1-1\/2\" x 12\" Delikli D\u00fcz I-Beam Kaz\u0131k<\/td><td class=\"column-2\">10<\/td><td class=\"column-3\">1500<\/td>\n<\/tr>\n<tr class=\"row-3\">\n\t<td class=\"column-1\">1-1\/2\" x 18\" Delikli D\u00fcz I-Beam Kaz\u0131k<\/td><td class=\"column-2\">10<\/td><td class=\"column-3\">1000<\/td>\n<\/tr>\n<tr class=\"row-4\">\n\t<td class=\"column-1\">1-1\/2\" x 24\" Delikli D\u00fcz I-Beam Kaz\u0131k<\/td><td class=\"column-2\">10<\/td><td class=\"column-3\">750<\/td>\n<\/tr>\n<tr class=\"row-5\">\n\t<td class=\"column-1\">1-1\/2\" x 30\" Delikli D\u00fcz I-Beam Kaz\u0131k<\/td><td class=\"column-2\">10<\/td><td class=\"column-3\">600<\/td>\n<\/tr>\n<tr class=\"row-6\">\n\t<td class=\"column-1\">1-1\/2\" x 36\" Delikli D\u00fcz I-Beam Kaz\u0131k<\/td><td class=\"column-2\">10<\/td><td class=\"column-3\">500<\/td>\n<\/tr>\n<\/tbody>\n<\/table>\n<!-- #tablepress-22 from cache -->\n<p><img fetchpriority=\"high\" decoding=\"async\" class=\"alignnone size-full wp-image-2789\" style=\"font-style: inherit; font-weight: inherit;\" src=\"http:\/\/qingdaohf.com\/wp-content\/uploads\/2023\/02\/\u672a\u6807\u9898-1.jpg\" alt=\"\" width=\"1200\" height=\"1200\" srcset=\"https:\/\/qingdaohf.com\/wp-content\/uploads\/2023\/02\/\u672a\u6807\u9898-1.jpg 1200w, https:\/\/qingdaohf.com\/wp-content\/uploads\/2023\/02\/\u672a\u6807\u9898-1-500x500.jpg 500w, https:\/\/qingdaohf.com\/wp-content\/uploads\/2023\/02\/\u672a\u6807\u9898-1-100x100.jpg 100w, https:\/\/qingdaohf.com\/wp-content\/uploads\/2023\/02\/\u672a\u6807\u9898-1-1000x1000.jpg 1000w, https:\/\/qingdaohf.com\/wp-content\/uploads\/2023\/02\/\u672a\u6807\u9898-1-300x300.jpg 300w, https:\/\/qingdaohf.com\/wp-content\/uploads\/2023\/02\/\u672a\u6807\u9898-1-1024x1024.jpg 1024w, https:\/\/qingdaohf.com\/wp-content\/uploads\/2023\/02\/\u672a\u6807\u9898-1-150x150.jpg 150w, https:\/\/qingdaohf.com\/wp-content\/uploads\/2023\/02\/\u672a\u6807\u9898-1-768x768.jpg 768w\" sizes=\"(max-width: 1200px) 100vw, 1200px\" \/><\/p>\n<div class=\"flex-1 overflow-hidden\">\n<div class=\"react-scroll-to-bottom--css-kwokg-79elbk h-full dark:bg-gray-800\">\n<div class=\"react-scroll-to-bottom--css-kwokg-1n7m0yu\">\n<div class=\"flex flex-col items-center text-sm dark:bg-gray-800\">\n<div class=\"w-full border-b border-black\/10 dark:border-gray-900\/50 text-gray-800 dark:text-gray-100 group bg-gray-50 dark:bg-[#444654]\">\n<div class=\"text-base gap-4 md:gap-6 m-auto md:max-w-2xl lg:max-w-2xl xl:max-w-3xl p-4 md:py-6 flex lg:px-0\">\n<div class=\"relative flex w-[calc(100%-50px)] flex-col gap-1 md:gap-3 lg:w-[calc(100%-115px)]\">\n<div class=\"flex flex-grow flex-col gap-3\">\n<div class=\"min-h-[20px] flex flex-col items-start gap-4 whitespace-pre-wrap\">\n<div class=\"markdown prose w-full break-words dark:prose-invert light\">\n<p>&nbsp;<\/p>\n<\/div>\n<\/div>\n<\/div>\n<\/div>\n<\/div>\n<\/div>\n<\/div>\n<\/div>\n<\/div>\n<\/div>","protected":false},"excerpt":{"rendered":"<p>Yass\u0131 \u00e7elik kaz\u0131k, beton uygulamalar\u0131 i\u00e7in ideal olan dayan\u0131kl\u0131 bir \u00e7elik kaz\u0131kt\u0131r. Yuvarlak kaz\u0131k, beton \u015fekillendirme levhalar\u0131n\u0131 g\u00fcvenli bir \u015fekilde tutmak i\u00e7in tasarlanm\u0131\u015ft\u0131r.<\/p>","protected":false},"featured_media":2778,"comment_status":"open","ping_status":"closed","template":"","meta":{"site-sidebar-layout":"default","site-content-layout":"default","ast-site-content-layout":"default","site-content-style":"default","site-sidebar-style":"default","ast-global-header-display":"","ast-banner-title-visibility":"","ast-main-header-display":"","ast-hfb-above-header-display":"","ast-hfb-below-header-display":"","ast-hfb-mobile-header-display":"","site-post-title":"","ast-breadcrumbs-content":"","ast-featured-img":"","footer-sml-layout":"","theme-transparent-header-meta":"default","adv-header-id-meta":"","stick-header-meta":"default","header-above-stick-meta":"","header-main-stick-meta":"","header-below-stick-meta":"","astra-migrate-meta-layouts":"set","ast-page-background-enabled":"default","ast-page-background-meta":{"desktop":{"background-color":"","background-image":"","background-repeat":"repeat","background-position":"center center","background-size":"auto","background-attachment":"scroll","background-type":"","background-media":"","overlay-type":"","overlay-color":"","overlay-opacity":"","overlay-gradient":""},"tablet":{"background-color":"","background-image":"","background-repeat":"repeat","background-position":"center center","background-size":"auto","background-attachment":"scroll","background-type":"","background-media":"","overlay-type":"","overlay-color":"","overlay-opacity":"","overlay-gradient":""},"mobile":{"background-color":"","background-image":"","background-repeat":"repeat","background-position":"center center","background-size":"auto","background-attachment":"scroll","background-type":"","background-media":"","overlay-type":"","overlay-color":"","overlay-opacity":"","overlay-gradient":""}},"ast-content-background-meta":{"desktop":{"background-color":"var(--ast-global-color-5)","background-image":"","background-repeat":"repeat","background-position":"center center","background-size":"auto","background-attachment":"scroll","background-type":"","background-media":"","overlay-type":"","overlay-color":"","overlay-opacity":"","overlay-gradient":""},"tablet":{"background-color":"var(--ast-global-color-5)","background-image":"","background-repeat":"repeat","background-position":"center center","background-size":"auto","background-attachment":"scroll","background-type":"","background-media":"","overlay-type":"","overlay-color":"","overlay-opacity":"","overlay-gradient":""},"mobile":{"background-color":"var(--ast-global-color-5)","background-image":"","background-repeat":"repeat","background-position":"center center","background-size":"auto","background-attachment":"scroll","background-type":"","background-media":"","overlay-type":"","overlay-color":"","overlay-opacity":"","overlay-gradient":""}}},"product_brand":[],"product_cat":[28,53],"product_tag":[],"class_list":{"0":"post-2080","1":"product","2":"type-product","3":"status-publish","4":"has-post-thumbnail","6":"product_cat-concrete-forming","7":"product_cat-steel-stake","8":"desktop-align-left","9":"tablet-align-left","10":"mobile-align-left","11":"ast-product-gallery-layout-horizontal-slider","12":"ast-product-tabs-layout-horizontal","14":"first","15":"instock","16":"shipping-taxable","17":"purchasable","18":"product-type-simple"},"yoast_head":"<!-- This site is optimized with the Yoast SEO plugin v25.2 - https:\/\/yoast.com\/wordpress\/plugins\/seo\/ -->\n<title>Flat Steel Stake for Concrete Forming<\/title>\n<meta name=\"description\" content=\"Flat steel stake is a durable steel stake ideal for concrete applications. The round stake is designed to hold concrete forming boards securely.\" \/>\n<meta name=\"robots\" content=\"index, follow, max-snippet:-1, max-image-preview:large, max-video-preview:-1\" \/>\n<link rel=\"canonical\" href=\"https:\/\/qingdaohf.com\/tr\/urun\/yassi-celik-kazik\/\" \/>\n<meta property=\"og:locale\" content=\"tr_TR\" \/>\n<meta property=\"og:type\" content=\"article\" \/>\n<meta property=\"og:title\" content=\"Flat Steel Stake for Concrete Forming\" \/>\n<meta property=\"og:description\" content=\"Flat steel stake is a durable steel stake ideal for concrete applications. The round stake is designed to hold concrete forming boards securely.\" \/>\n<meta property=\"og:url\" content=\"https:\/\/qingdaohf.com\/tr\/urun\/yassi-celik-kazik\/\" \/>\n<meta property=\"og:site_name\" content=\"Concrete Form &amp; Rigging Hardware Supplier\" \/>\n<meta property=\"article:publisher\" content=\"https:\/\/www.facebook.com\/qingdaohf\" \/>\n<meta property=\"article:modified_time\" content=\"2025-11-13T01:06:36+00:00\" \/>\n<meta property=\"og:image\" content=\"https:\/\/qingdaohf.com\/wp-content\/uploads\/2023\/02\/\u65b0\u56fe.jpg\" \/>\n\t<meta property=\"og:image:width\" content=\"1000\" \/>\n\t<meta property=\"og:image:height\" content=\"1000\" \/>\n\t<meta property=\"og:image:type\" content=\"image\/jpeg\" \/>\n<meta name=\"twitter:card\" content=\"summary_large_image\" \/>\n<meta name=\"twitter:label1\" content=\"Tahmini okuma s\u00fcresi\" \/>\n\t<meta name=\"twitter:data1\" content=\"2 dakika\" \/>\n<script type=\"application\/ld+json\" class=\"yoast-schema-graph\">{\"@context\":\"https:\/\/schema.org\",\"@graph\":[{\"@type\":\"WebPage\",\"@id\":\"https:\/\/qingdaohf.com\/product\/flat-steel-stake\/\",\"url\":\"https:\/\/qingdaohf.com\/product\/flat-steel-stake\/\",\"name\":\"Flat Steel Stake for Concrete Forming\",\"isPartOf\":{\"@id\":\"https:\/\/qingdaohf.com\/bg\/#website\"},\"primaryImageOfPage\":{\"@id\":\"https:\/\/qingdaohf.com\/product\/flat-steel-stake\/#primaryimage\"},\"image\":{\"@id\":\"https:\/\/qingdaohf.com\/product\/flat-steel-stake\/#primaryimage\"},\"thumbnailUrl\":\"https:\/\/qingdaohf.com\/wp-content\/uploads\/2023\/02\/\u65b0\u56fe.jpg\",\"datePublished\":\"2023-02-08T09:31:37+00:00\",\"dateModified\":\"2025-11-13T01:06:36+00:00\",\"description\":\"Flat steel stake is a durable steel stake ideal for concrete applications. The round stake is designed to hold concrete forming boards securely.\",\"breadcrumb\":{\"@id\":\"https:\/\/qingdaohf.com\/product\/flat-steel-stake\/#breadcrumb\"},\"inLanguage\":\"tr\",\"potentialAction\":[{\"@type\":\"ReadAction\",\"target\":[\"https:\/\/qingdaohf.com\/product\/flat-steel-stake\/\"]}]},{\"@type\":\"ImageObject\",\"inLanguage\":\"tr\",\"@id\":\"https:\/\/qingdaohf.com\/product\/flat-steel-stake\/#primaryimage\",\"url\":\"https:\/\/qingdaohf.com\/wp-content\/uploads\/2023\/02\/\u65b0\u56fe.jpg\",\"contentUrl\":\"https:\/\/qingdaohf.com\/wp-content\/uploads\/2023\/02\/\u65b0\u56fe.jpg\",\"width\":1000,\"height\":1000,\"caption\":\"flat steel stake\"},{\"@type\":\"BreadcrumbList\",\"@id\":\"https:\/\/qingdaohf.com\/product\/flat-steel-stake\/#breadcrumb\",\"itemListElement\":[{\"@type\":\"ListItem\",\"position\":1,\"name\":\"Home\",\"item\":\"https:\/\/qingdaohf.com\/\"},{\"@type\":\"ListItem\",\"position\":2,\"name\":\"Concrete Forming Accessories and Rigging Hardware\",\"item\":\"https:\/\/qingdaohf.com\/bg\/?page_id=944\"},{\"@type\":\"ListItem\",\"position\":3,\"name\":\"Flat Steel Stake for Concrete Forming\"}]},{\"@type\":\"WebSite\",\"@id\":\"https:\/\/qingdaohf.com\/bg\/#website\",\"url\":\"https:\/\/qingdaohf.com\/bg\/\",\"name\":\"Concrete Form & Rigging Hardware Supplier\",\"description\":\"\",\"publisher\":{\"@id\":\"https:\/\/qingdaohf.com\/bg\/#organization\"},\"potentialAction\":[{\"@type\":\"SearchAction\",\"target\":{\"@type\":\"EntryPoint\",\"urlTemplate\":\"https:\/\/qingdaohf.com\/bg\/?s={search_term_string}\"},\"query-input\":{\"@type\":\"PropertyValueSpecification\",\"valueRequired\":true,\"valueName\":\"search_term_string\"}}],\"inLanguage\":\"tr\"},{\"@type\":\"Organization\",\"@id\":\"https:\/\/qingdaohf.com\/bg\/#organization\",\"name\":\"Qingdao H&F\",\"url\":\"https:\/\/qingdaohf.com\/bg\/\",\"logo\":{\"@type\":\"ImageObject\",\"inLanguage\":\"tr\",\"@id\":\"https:\/\/qingdaohf.com\/bg\/#\/schema\/logo\/image\/\",\"url\":\"https:\/\/qingdaohf.com\/wp-content\/uploads\/2022\/12\/cropped-HF-LOGO.png\",\"contentUrl\":\"https:\/\/qingdaohf.com\/wp-content\/uploads\/2022\/12\/cropped-HF-LOGO.png\",\"width\":391,\"height\":249,\"caption\":\"Qingdao H&F\"},\"image\":{\"@id\":\"https:\/\/qingdaohf.com\/bg\/#\/schema\/logo\/image\/\"},\"sameAs\":[\"https:\/\/www.facebook.com\/qingdaohf\"]}]}<\/script>\n<!-- \/ Yoast SEO plugin. -->","yoast_head_json":{"title":"Flat Steel Stake for Concrete Forming","description":"Flat steel stake is a durable steel stake ideal for concrete applications. The round stake is designed to hold concrete forming boards securely.","robots":{"index":"index","follow":"follow","max-snippet":"max-snippet:-1","max-image-preview":"max-image-preview:large","max-video-preview":"max-video-preview:-1"},"canonical":"https:\/\/qingdaohf.com\/tr\/urun\/yassi-celik-kazik\/","og_locale":"tr_TR","og_type":"article","og_title":"Flat Steel Stake for Concrete Forming","og_description":"Flat steel stake is a durable steel stake ideal for concrete applications. The round stake is designed to hold concrete forming boards securely.","og_url":"https:\/\/qingdaohf.com\/tr\/urun\/yassi-celik-kazik\/","og_site_name":"Concrete Form &amp; Rigging Hardware Supplier","article_publisher":"https:\/\/www.facebook.com\/qingdaohf","article_modified_time":"2025-11-13T01:06:36+00:00","og_image":[{"width":1000,"height":1000,"url":"https:\/\/qingdaohf.com\/wp-content\/uploads\/2023\/02\/\u65b0\u56fe.jpg","type":"image\/jpeg"}],"twitter_card":"summary_large_image","twitter_misc":{"Tahmini okuma s\u00fcresi":"2 dakika"},"schema":{"@context":"https:\/\/schema.org","@graph":[{"@type":"WebPage","@id":"https:\/\/qingdaohf.com\/product\/flat-steel-stake\/","url":"https:\/\/qingdaohf.com\/product\/flat-steel-stake\/","name":"Flat Steel Stake for Concrete Forming","isPartOf":{"@id":"https:\/\/qingdaohf.com\/bg\/#website"},"primaryImageOfPage":{"@id":"https:\/\/qingdaohf.com\/product\/flat-steel-stake\/#primaryimage"},"image":{"@id":"https:\/\/qingdaohf.com\/product\/flat-steel-stake\/#primaryimage"},"thumbnailUrl":"https:\/\/qingdaohf.com\/wp-content\/uploads\/2023\/02\/\u65b0\u56fe.jpg","datePublished":"2023-02-08T09:31:37+00:00","dateModified":"2025-11-13T01:06:36+00:00","description":"Flat steel stake is a durable steel stake ideal for concrete applications. The round stake is designed to hold concrete forming boards securely.","breadcrumb":{"@id":"https:\/\/qingdaohf.com\/product\/flat-steel-stake\/#breadcrumb"},"inLanguage":"tr","potentialAction":[{"@type":"ReadAction","target":["https:\/\/qingdaohf.com\/product\/flat-steel-stake\/"]}]},{"@type":"ImageObject","inLanguage":"tr","@id":"https:\/\/qingdaohf.com\/product\/flat-steel-stake\/#primaryimage","url":"https:\/\/qingdaohf.com\/wp-content\/uploads\/2023\/02\/\u65b0\u56fe.jpg","contentUrl":"https:\/\/qingdaohf.com\/wp-content\/uploads\/2023\/02\/\u65b0\u56fe.jpg","width":1000,"height":1000,"caption":"flat steel stake"},{"@type":"BreadcrumbList","@id":"https:\/\/qingdaohf.com\/product\/flat-steel-stake\/#breadcrumb","itemListElement":[{"@type":"ListItem","position":1,"name":"Home","item":"https:\/\/qingdaohf.com\/"},{"@type":"ListItem","position":2,"name":"Concrete Forming Accessories and Rigging Hardware","item":"https:\/\/qingdaohf.com\/bg\/?page_id=944"},{"@type":"ListItem","position":3,"name":"Flat Steel Stake for Concrete Forming"}]},{"@type":"WebSite","@id":"https:\/\/qingdaohf.com\/bg\/#website","url":"https:\/\/qingdaohf.com\/bg\/","name":"Concrete Form & Rigging Hardware Supplier","description":"","publisher":{"@id":"https:\/\/qingdaohf.com\/bg\/#organization"},"potentialAction":[{"@type":"SearchAction","target":{"@type":"EntryPoint","urlTemplate":"https:\/\/qingdaohf.com\/bg\/?s={search_term_string}"},"query-input":{"@type":"PropertyValueSpecification","valueRequired":true,"valueName":"search_term_string"}}],"inLanguage":"tr"},{"@type":"Organization","@id":"https:\/\/qingdaohf.com\/bg\/#organization","name":"Qingdao H&F","url":"https:\/\/qingdaohf.com\/bg\/","logo":{"@type":"ImageObject","inLanguage":"tr","@id":"https:\/\/qingdaohf.com\/bg\/#\/schema\/logo\/image\/","url":"https:\/\/qingdaohf.com\/wp-content\/uploads\/2022\/12\/cropped-HF-LOGO.png","contentUrl":"https:\/\/qingdaohf.com\/wp-content\/uploads\/2022\/12\/cropped-HF-LOGO.png","width":391,"height":249,"caption":"Qingdao H&F"},"image":{"@id":"https:\/\/qingdaohf.com\/bg\/#\/schema\/logo\/image\/"},"sameAs":["https:\/\/www.facebook.com\/qingdaohf"]}]}},"_links":{"self":[{"href":"https:\/\/qingdaohf.com\/tr\/wp-json\/wp\/v2\/product\/2080","targetHints":{"allow":["GET"]}}],"collection":[{"href":"https:\/\/qingdaohf.com\/tr\/wp-json\/wp\/v2\/product"}],"about":[{"href":"https:\/\/qingdaohf.com\/tr\/wp-json\/wp\/v2\/types\/product"}],"replies":[{"embeddable":true,"href":"https:\/\/qingdaohf.com\/tr\/wp-json\/wp\/v2\/comments?post=2080"}],"version-history":[{"count":8,"href":"https:\/\/qingdaohf.com\/tr\/wp-json\/wp\/v2\/product\/2080\/revisions"}],"predecessor-version":[{"id":9254,"href":"https:\/\/qingdaohf.com\/tr\/wp-json\/wp\/v2\/product\/2080\/revisions\/9254"}],"wp:featuredmedia":[{"embeddable":true,"href":"https:\/\/qingdaohf.com\/tr\/wp-json\/wp\/v2\/media\/2778"}],"wp:attachment":[{"href":"https:\/\/qingdaohf.com\/tr\/wp-json\/wp\/v2\/media?parent=2080"}],"wp:term":[{"taxonomy":"product_brand","embeddable":true,"href":"https:\/\/qingdaohf.com\/tr\/wp-json\/wp\/v2\/product_brand?post=2080"},{"taxonomy":"product_cat","embeddable":true,"href":"https:\/\/qingdaohf.com\/tr\/wp-json\/wp\/v2\/product_cat?post=2080"},{"taxonomy":"product_tag","embeddable":true,"href":"https:\/\/qingdaohf.com\/tr\/wp-json\/wp\/v2\/product_tag?post=2080"}],"curies":[{"name":"wp","href":"https:\/\/api.w.org\/{rel}","templated":true}]}}